{"id":107691,"date":"2025-07-28T15:10:01","date_gmt":"2025-07-28T13:10:01","guid":{"rendered":"https:\/\/linen.eu\/shipping-payment-terms\/"},"modified":"2026-04-10T11:46:11","modified_gmt":"2026-04-10T09:46:11","slug":"shipping-payment-terms","status":"publish","type":"page","link":"https:\/\/linen.eu\/en\/shipping-payment-terms\/","title":{"rendered":"Shipping &amp; Payment Terms"},"content":{"rendered":"\t\t<div data-elementor-type=\"wp-page\" data-elementor-id=\"107691\" class=\"elementor elementor-107691 elementor-15143\" data-elementor-post-type=\"page\">\n\t\t\t\t<div class=\"elementor-element elementor-element-9dfb342 e-flex e-con-boxed e-con e-parent\" data-id=\"9dfb342\" data-element_type=\"container\" data-e-type=\"container\" data-settings=\"{&quot;background_background&quot;:&quot;classic&quot;}\">\n\t\t\t\t\t<div class=\"e-con-inner\">\n\t\t\t\t<div class=\"elementor-element elementor-element-32a0319 elementor-widget elementor-widget-heading\" data-id=\"32a0319\" data-element_type=\"widget\" data-e-type=\"widget\" data-widget_type=\"heading.default\">\n\t\t\t\t<div class=\"elementor-widget-container\">\n\t\t\t\t\t<h1 class=\"elementor-heading-title elementor-size-default\">Shipping &amp; Payment Terms\n<\/h1>\t\t\t\t<\/div>\n\t\t\t\t<\/div>\n\t\t\t\t\t<\/div>\n\t\t\t\t<\/div>\n\t\t<div class=\"elementor-element elementor-element-32d5d2b e-flex e-con-boxed e-con e-parent\" data-id=\"32d5d2b\" data-element_type=\"container\" data-e-type=\"container\">\n\t\t\t\t\t<div class=\"e-con-inner\">\n\t\t\t\t<div class=\"elementor-element elementor-element-96df3df elementor-widget elementor-widget-heading\" data-id=\"96df3df\" data-element_type=\"widget\" data-e-type=\"widget\" data-widget_type=\"heading.default\">\n\t\t\t\t<div class=\"elementor-widget-container\">\n\t\t\t\t\t<h3 class=\"elementor-heading-title elementor-size-default\">Shipping within Germany:<\/h3>\t\t\t\t<\/div>\n\t\t\t\t<\/div>\n\t\t\t\t<div class=\"elementor-element elementor-element-eed80c9 elementor-widget elementor-widget-text-editor\" data-id=\"eed80c9\" data-element_type=\"widget\" data-e-type=\"widget\" data-widget_type=\"text-editor.default\">\n\t\t\t\t<div class=\"elementor-widget-container\">\n\t\t\t\t\t\t\t\t\t<p>For deliveries within Germany, we charge a shipping fee of 12.00 Euros. <br>Shipping is free for orders over 150.00 Euros.<\/p><p>We ship our packages with UPS. Delivery to a DHL Packstation is also possible. <\/p><p>For partial deliveries, we only charge the shipping cost once. Shopping vouchers are delivered free of shipping charges.<\/p><p><strong>Shipping to Switzerland:<\/strong><\/p><p>Our Swiss customers can now choose from 3 shipping options.<\/p><p>1. Simple Swiss Delivery (DAP). You place an order, and we send you the goods untaxed and without VAT. You are responsible for Swiss VAT and customs duties.  <\/p><p>2. Switzerland to go. Simplified shipping to Switzerland (UPS). We handle Swiss VAT and customs duties for you. The German VAT of 19% is waived for you. Your invoice will then include 7.7% Swiss VAT and 4.5% customs duties. Additionally, there is a 29.60 Euro customs handling fee charged by our delivery service UPS. After payment to us, you will not receive any further invoices from Swiss government agencies. This function is integrated into the payment process.       <\/p><p>3. Schwyz a Schwyz. If you order goods from Christian Fischbacher or Schlossberg, they will be dispatched directly to you from Switzerland, including 7.7 percent VAT. <\/p><p>Shipping to Switzerland costs 40.40 Euros. For orders over 1,200 Euros, we deliver to Switzerland free of charge. <\/p><p>Shipping to <strong>European countries (EU)<\/strong> costs \u20ac32.00 in parcel fees. For orders over \u20ac1,200, we do not charge shipping costs. For countries <strong>outside the EU<\/strong>, please contact us and we will determine the most favorable shipping method for you.  <\/p>\t\t\t\t\t\t\t\t<\/div>\n\t\t\t\t<\/div>\n\t\t\t\t<div class=\"elementor-element elementor-element-b54cf39 elementor-widget-divider--view-line elementor-widget elementor-widget-divider\" data-id=\"b54cf39\" data-element_type=\"widget\" data-e-type=\"widget\" data-widget_type=\"divider.default\">\n\t\t\t\t<div class=\"elementor-widget-container\">\n\t\t\t\t\t\t\t<div class=\"elementor-divider\">\n\t\t\t<span class=\"elementor-divider-separator\">\n\t\t\t\t\t\t<\/span>\n\t\t<\/div>\n\t\t\t\t\t\t<\/div>\n\t\t\t\t<\/div>\n\t\t\t\t<div class=\"elementor-element elementor-element-8d2eb9a elementor-widget elementor-widget-heading\" data-id=\"8d2eb9a\" data-element_type=\"widget\" data-e-type=\"widget\" data-widget_type=\"heading.default\">\n\t\t\t\t<div class=\"elementor-widget-container\">\n\t\t\t\t\t<h3 class=\"elementor-heading-title elementor-size-default\">Payment methods<\/h3>\t\t\t\t<\/div>\n\t\t\t\t<\/div>\n\t\t\t\t<div class=\"elementor-element elementor-element-c66c9df elementor-widget elementor-widget-text-editor\" data-id=\"c66c9df\" data-element_type=\"widget\" data-e-type=\"widget\" data-widget_type=\"text-editor.default\">\n\t\t\t\t<div class=\"elementor-widget-container\">\n\t\t\t\t\t\t\t\t\t<p>You can choose from the following payment options in our shop:<\/p><p><strong>PayPal<\/strong><\/p><p>A PayPal account is required for payment via PayPal. Information and terms can be found at www.paypal.com. <\/p><p><strong>Prepayment<\/strong><\/p><p>The purchase amount plus shipping costs must be paid into the Linen Lounge account before delivery. The account number can be found in the imprint or the order confirmation via email. Order processing will only begin after receipt of the down payment. Linen Lounge reserves the right, in individual cases and within the framework of legal provisions, to exclude certain payment methods or to demand prepayment. The prices stated at the time of the order apply. Errors excepted. Please refer to the &#8216;Delivery and Shipping Costs&#8217; section for any shipping costs.      <\/p><p>The bank details will be displayed after the order process is completed.<\/p><p><strong>On account <\/strong><\/p><p><strong>By credit card (VISA \/ Mastercard)<\/strong><\/p>\t\t\t\t\t\t\t\t<\/div>\n\t\t\t\t<\/div>\n\t\t\t\t\t<\/div>\n\t\t\t\t<\/div>\n\t\t\t\t<\/div>\n\t\t","protected":false},"excerpt":{"rendered":"<p>Shipping &amp; Payment Terms Shipping within Germany: For deliveries within Germany, we charge a shipping fee of 12.00 Euros. Shipping is free for orders over 150.00 Euros. We ship our packages with UPS. Delivery to a DHL Packstation is also possible. For partial deliveries, we only charge the shipping cost once. Shopping vouchers are delivered [&hellip;]<\/p>\n","protected":false},"author":1,"featured_media":0,"parent":0,"menu_order":0,"comment_status":"closed","ping_status":"closed","template":"","meta":{"_acf_changed":false,"footnotes":""},"class_list":["post-107691","page","type-page","status-publish","hentry"],"acf":[],"yoast_head":"<!-- This site is optimized with the Yoast SEO Premium plugin v27.3 (Yoast SEO v27.3) - https:\/\/yoast.com\/product\/yoast-seo-premium-wordpress\/ -->\n<title>Shipping &amp; Payment Terms - Linen.eu<\/title>\n<meta name=\"description\" content=\"Shipping costs, delivery times &amp; payment methods at The Linen Lounge. Free shipping from \u20ac150 in Germany. Delivery to Switzerland, EU &amp; USA.\" \/>\n<meta name=\"robots\" content=\"index, follow, max-snippet:-1, max-image-preview:large, max-video-preview:-1\" \/>\n<link rel=\"canonical\" href=\"https:\/\/linen.eu\/en\/shipping-payment-terms\/\" \/>\n<meta property=\"og:locale\" content=\"en_US\" \/>\n<meta property=\"og:type\" content=\"article\" \/>\n<meta property=\"og:title\" content=\"Shipping &amp; Payment Terms\" \/>\n<meta property=\"og:description\" content=\"Shipping costs, delivery times &amp; payment methods at The Linen Lounge. Free shipping from \u20ac150 in Germany. Delivery to Switzerland, EU &amp; USA.\" \/>\n<meta property=\"og:url\" content=\"https:\/\/linen.eu\/en\/shipping-payment-terms\/\" \/>\n<meta property=\"og:site_name\" content=\"Linen.eu\" \/>\n<meta property=\"article:publisher\" content=\"https:\/\/linen.eu\" \/>\n<meta property=\"article:modified_time\" content=\"2026-04-10T09:46:11+00:00\" \/>\n<meta name=\"twitter:card\" content=\"summary_large_image\" \/>\n<meta name=\"twitter:site\" content=\"@linenlounge\" \/>\n<meta name=\"twitter:label1\" content=\"Est. reading time\" \/>\n\t<meta name=\"twitter:data1\" content=\"2 minutes\" \/>\n<script type=\"application\/ld+json\" class=\"yoast-schema-graph\">{\"@context\":\"https:\\\/\\\/schema.org\",\"@graph\":[{\"@type\":\"WebPage\",\"@id\":\"https:\\\/\\\/linen.eu\\\/en\\\/shipping-payment-terms\\\/\",\"url\":\"https:\\\/\\\/linen.eu\\\/en\\\/shipping-payment-terms\\\/\",\"name\":\"Shipping &amp; Payment Terms - Linen.eu\",\"isPartOf\":{\"@id\":\"https:\\\/\\\/linen.eu\\\/en\\\/#website\"},\"datePublished\":\"2025-07-28T13:10:01+00:00\",\"dateModified\":\"2026-04-10T09:46:11+00:00\",\"description\":\"Shipping costs, delivery times & payment methods at The Linen Lounge. Free shipping from \u20ac150 in Germany. Delivery to Switzerland, EU & USA.\",\"breadcrumb\":{\"@id\":\"https:\\\/\\\/linen.eu\\\/en\\\/shipping-payment-terms\\\/#breadcrumb\"},\"inLanguage\":\"en-US\",\"potentialAction\":[{\"@type\":\"ReadAction\",\"target\":[\"https:\\\/\\\/linen.eu\\\/en\\\/shipping-payment-terms\\\/\"]}]},{\"@type\":\"BreadcrumbList\",\"@id\":\"https:\\\/\\\/linen.eu\\\/en\\\/shipping-payment-terms\\\/#breadcrumb\",\"itemListElement\":[{\"@type\":\"ListItem\",\"position\":1,\"name\":\"Startseite\",\"item\":\"https:\\\/\\\/linen.eu\\\/en\\\/home\\\/\"},{\"@type\":\"ListItem\",\"position\":2,\"name\":\"Shipping &amp; Payment Terms\"}]},{\"@type\":\"WebSite\",\"@id\":\"https:\\\/\\\/linen.eu\\\/en\\\/#website\",\"url\":\"https:\\\/\\\/linen.eu\\\/en\\\/\",\"name\":\"Linen.eu\",\"description\":\"\",\"publisher\":{\"@id\":\"https:\\\/\\\/linen.eu\\\/en\\\/#organization\"},\"potentialAction\":[{\"@type\":\"SearchAction\",\"target\":{\"@type\":\"EntryPoint\",\"urlTemplate\":\"https:\\\/\\\/linen.eu\\\/en\\\/?s={search_term_string}\"},\"query-input\":{\"@type\":\"PropertyValueSpecification\",\"valueRequired\":true,\"valueName\":\"search_term_string\"}}],\"inLanguage\":\"en-US\"},{\"@type\":\"Organization\",\"@id\":\"https:\\\/\\\/linen.eu\\\/en\\\/#organization\",\"name\":\"Linen Lounge\",\"alternateName\":\"linen.eu\",\"url\":\"https:\\\/\\\/linen.eu\\\/en\\\/\",\"logo\":{\"@type\":\"ImageObject\",\"inLanguage\":\"en-US\",\"@id\":\"https:\\\/\\\/linen.eu\\\/en\\\/#\\\/schema\\\/logo\\\/image\\\/\",\"url\":\"https:\\\/\\\/linen.eu\\\/wp-content\\\/uploads\\\/2025\\\/10\\\/LinenLounge-NEU2.webp\",\"contentUrl\":\"https:\\\/\\\/linen.eu\\\/wp-content\\\/uploads\\\/2025\\\/10\\\/LinenLounge-NEU2.webp\",\"width\":1800,\"height\":455,\"caption\":\"Linen Lounge\"},\"image\":{\"@id\":\"https:\\\/\\\/linen.eu\\\/en\\\/#\\\/schema\\\/logo\\\/image\\\/\"},\"sameAs\":[\"https:\\\/\\\/linen.eu\",\"https:\\\/\\\/x.com\\\/linenlounge\",\"https:\\\/\\\/www.instagram.com\\\/linen.lounge?igsh=MW81aGhiY2VxZGRpMw==&utm_source=qr\",\"http:\\\/\\\/www.youtube.com\\\/@Linenlounge\"],\"description\":\"Online Fachhandel f\u00fcr europ\u00e4ische Leinen-Bettw\u00e4sche und Heimtextilien aus traditionellen Webereien wie Leitner Leinen, Schlitzer Leinen, Libeco, Vieb\u00f6ck und Hoffmann.\",\"email\":\"info@linen.eu\",\"telephone\":\"+49 (0) 69 90738860\",\"legalName\":\"Linen UG (haftungsbeschr\u00e4nkt)\",\"foundingDate\":\"2015-04-08\",\"numberOfEmployees\":{\"@type\":\"QuantitativeValue\",\"minValue\":\"1\",\"maxValue\":\"10\"}}]}<\/script>\n<!-- \/ Yoast SEO Premium plugin. -->","yoast_head_json":{"title":"Shipping &amp; Payment Terms - Linen.eu","description":"Shipping costs, delivery times & payment methods at The Linen Lounge. Free shipping from \u20ac150 in Germany. Delivery to Switzerland, EU & USA.","robots":{"index":"index","follow":"follow","max-snippet":"max-snippet:-1","max-image-preview":"max-image-preview:large","max-video-preview":"max-video-preview:-1"},"canonical":"https:\/\/linen.eu\/en\/shipping-payment-terms\/","og_locale":"en_US","og_type":"article","og_title":"Shipping &amp; Payment Terms","og_description":"Shipping costs, delivery times & payment methods at The Linen Lounge. Free shipping from \u20ac150 in Germany. Delivery to Switzerland, EU & USA.","og_url":"https:\/\/linen.eu\/en\/shipping-payment-terms\/","og_site_name":"Linen.eu","article_publisher":"https:\/\/linen.eu","article_modified_time":"2026-04-10T09:46:11+00:00","twitter_card":"summary_large_image","twitter_site":"@linenlounge","twitter_misc":{"Est. reading time":"2 minutes"},"schema":{"@context":"https:\/\/schema.org","@graph":[{"@type":"WebPage","@id":"https:\/\/linen.eu\/en\/shipping-payment-terms\/","url":"https:\/\/linen.eu\/en\/shipping-payment-terms\/","name":"Shipping &amp; Payment Terms - Linen.eu","isPartOf":{"@id":"https:\/\/linen.eu\/en\/#website"},"datePublished":"2025-07-28T13:10:01+00:00","dateModified":"2026-04-10T09:46:11+00:00","description":"Shipping costs, delivery times & payment methods at The Linen Lounge. Free shipping from \u20ac150 in Germany. Delivery to Switzerland, EU & USA.","breadcrumb":{"@id":"https:\/\/linen.eu\/en\/shipping-payment-terms\/#breadcrumb"},"inLanguage":"en-US","potentialAction":[{"@type":"ReadAction","target":["https:\/\/linen.eu\/en\/shipping-payment-terms\/"]}]},{"@type":"BreadcrumbList","@id":"https:\/\/linen.eu\/en\/shipping-payment-terms\/#breadcrumb","itemListElement":[{"@type":"ListItem","position":1,"name":"Startseite","item":"https:\/\/linen.eu\/en\/home\/"},{"@type":"ListItem","position":2,"name":"Shipping &amp; Payment Terms"}]},{"@type":"WebSite","@id":"https:\/\/linen.eu\/en\/#website","url":"https:\/\/linen.eu\/en\/","name":"Linen.eu","description":"","publisher":{"@id":"https:\/\/linen.eu\/en\/#organization"},"potentialAction":[{"@type":"SearchAction","target":{"@type":"EntryPoint","urlTemplate":"https:\/\/linen.eu\/en\/?s={search_term_string}"},"query-input":{"@type":"PropertyValueSpecification","valueRequired":true,"valueName":"search_term_string"}}],"inLanguage":"en-US"},{"@type":"Organization","@id":"https:\/\/linen.eu\/en\/#organization","name":"Linen Lounge","alternateName":"linen.eu","url":"https:\/\/linen.eu\/en\/","logo":{"@type":"ImageObject","inLanguage":"en-US","@id":"https:\/\/linen.eu\/en\/#\/schema\/logo\/image\/","url":"https:\/\/linen.eu\/wp-content\/uploads\/2025\/10\/LinenLounge-NEU2.webp","contentUrl":"https:\/\/linen.eu\/wp-content\/uploads\/2025\/10\/LinenLounge-NEU2.webp","width":1800,"height":455,"caption":"Linen Lounge"},"image":{"@id":"https:\/\/linen.eu\/en\/#\/schema\/logo\/image\/"},"sameAs":["https:\/\/linen.eu","https:\/\/x.com\/linenlounge","https:\/\/www.instagram.com\/linen.lounge?igsh=MW81aGhiY2VxZGRpMw==&utm_source=qr","http:\/\/www.youtube.com\/@Linenlounge"],"description":"Online Fachhandel f\u00fcr europ\u00e4ische Leinen-Bettw\u00e4sche und Heimtextilien aus traditionellen Webereien wie Leitner Leinen, Schlitzer Leinen, Libeco, Vieb\u00f6ck und Hoffmann.","email":"info@linen.eu","telephone":"+49 (0) 69 90738860","legalName":"Linen UG (haftungsbeschr\u00e4nkt)","foundingDate":"2015-04-08","numberOfEmployees":{"@type":"QuantitativeValue","minValue":"1","maxValue":"10"}}]}},"_links":{"self":[{"href":"https:\/\/linen.eu\/en\/wp-json\/wp\/v2\/pages\/107691","targetHints":{"allow":["GET"]}}],"collection":[{"href":"https:\/\/linen.eu\/en\/wp-json\/wp\/v2\/pages"}],"about":[{"href":"https:\/\/linen.eu\/en\/wp-json\/wp\/v2\/types\/page"}],"author":[{"embeddable":true,"href":"https:\/\/linen.eu\/en\/wp-json\/wp\/v2\/users\/1"}],"replies":[{"embeddable":true,"href":"https:\/\/linen.eu\/en\/wp-json\/wp\/v2\/comments?post=107691"}],"version-history":[{"count":2,"href":"https:\/\/linen.eu\/en\/wp-json\/wp\/v2\/pages\/107691\/revisions"}],"predecessor-version":[{"id":168849,"href":"https:\/\/linen.eu\/en\/wp-json\/wp\/v2\/pages\/107691\/revisions\/168849"}],"wp:attachment":[{"href":"https:\/\/linen.eu\/en\/wp-json\/wp\/v2\/media?parent=107691"}],"curies":[{"name":"wp","href":"https:\/\/api.w.org\/{rel}","templated":true}]}}