{"id":107709,"date":"2026-04-03T14:48:27","date_gmt":"2026-04-03T12:48:27","guid":{"rendered":"https:\/\/linen.eu\/produkt\/salome-pure-linen-tablecloths-by-schlitzer-leinen\/"},"modified":"2026-04-11T21:56:53","modified_gmt":"2026-04-11T19:56:53","slug":"salome-pure-linen-tablecloths-by-schlitzer-leinen","status":"publish","type":"product","link":"https:\/\/linen.eu\/en\/produkt\/salome-pure-linen-tablecloths-by-schlitzer-leinen\/","title":{"rendered":"Salome Pure Linen Tablecloths by Schlitzer Leinen"},"content":{"rendered":"<h2>&#8220;Salome Pure Linen Tablecloths by Schlitzer Leinen&#8221;<\/h2>\n<p>Salome is pure linen in the color of warm sand \u2013 not the cool beige of the desert, but the warm gold of a beach in the evening sun. A color that calms. That invites. That brings peace. For people seeking comfort.    <\/p>\n<h3>European Organic Linen<\/h3>\n<p>Linen bedding lets the skin breathe better. When it comes to our skin, linen is the perfect fabric. Due to its long, smooth fibers, linen absorbs moisture and repels dirt. Linen is an intelligent fabric, as linen balances temperatures. Linen provides pleasant coolness in summer and creates cozy warmth in winter.    <\/p>\n<h3>The Weaving Mill<\/h3>\n<p>Schlitzer Leinen has been weaving in the Hessian town of Schlitz since 1933 \u2013 founded in the year of the World&#8217;s Fair &#8220;A Century of Progress&#8221;. Today the last authentic linen weaving mill in town, family-run in its third generation. European flax, German craftsmanship, each fabric roll individually inspected. Masters of Linen quality. Made in Europe, from start to finish.    <\/p>\n<h3>The Product: Salome Pure Linen Tablecloth by Schlitzer Leinen<\/h3>\n<p>Available as tablecloth and napkin<br \/>\n100% washed linen. 205 g\/m\u00b2, CO\u2082 neutral production<br \/>\nThread count: Nm 26<br \/>\nColor: Sand<br \/>\nMasters of Linen quality<br \/>\nWe produce the listed sizes within the stated delivery period. Additional custom sizes can be made upon request.<br \/>\nMade exclusively with flax from European cultivation and woven on the Baltic Sea.  <\/p>\n<h3>Care Instructions<\/h3>\n<p>Colored linen can be washed up to 60\u00b0, white up to 95\u00b0. As with all materials: washing at lower temperatures makes it last longer. Avoid detergents with optical brighteners \u2013 they bleach out the natural colors. Linen needs sufficient residual moisture to prevent excessive wrinkling. Don&#8217;t overfill the machine, don&#8217;t spin too vigorously. If you want to iron linen, use the hot temperature setting while it&#8217;s still slightly damp. Or: don&#8217;t iron at all. The natural crinkled look is part of linen       <\/p>\n","protected":false},"excerpt":{"rendered":"<p class=\"font-claude-response-body break-words whitespace-normal leading-[1.7]\"><strong>Salome \u2013 Pure Linen Tablecloths<\/strong><\/p>\n<ul class=\"[li_&amp;]:mb-0 [li_&amp;]:mt-1 [li_&amp;]:gap-1 [&amp;:not(:last-child)_ul]:pb-1 [&amp;:not(:last-child)_ol]:pb-1 list-disc flex flex-col gap-1 pl-8 mb-3\">\n<li class=\"whitespace-normal break-words pl-2\">100% linen, woven with tradition \u2013 Made in Europe<\/li>\n<li class=\"whitespace-normal break-words pl-2\">Becomes softer with each wash, lasts a lifetime<\/li>\n<li class=\"whitespace-normal break-words pl-2\">Thread buttons, measurements after washing, custom sizes available<\/li>\n<li class=\"whitespace-normal break-words pl-2\">Masters of Linen quality, European flax<\/li>\n<\/ul>\n","protected":false},"featured_media":107710,"comment_status":"open","ping_status":"closed","template":"","meta":{"_acf_changed":false},"product_brand":[4815],"product_cat":[3748,3636,3749,3637,3728],"product_tag":[3750,3639,3751,3640,3752,3641],"class_list":{"0":"post-107709","1":"product","2":"type-product","3":"status-publish","4":"has-post-thumbnail","6":"product_brand-schlitzer-linen","7":"product_cat-product","8":"product_cat-table-dining","9":"product_cat-linen-tablecloths","10":"product_cat-linen-napkins","11":"product_cat-bedroom","12":"product_tag-gots-certified","13":"product_tag-organic-linen","14":"product_tag-linen-bedding","15":"product_tag-all-year","16":"product_tag-strong-linen","17":"product_tag-linen","19":"first","20":"instock","21":"taxable","22":"shipping-taxable","23":"purchasable","24":"product-type-variable"},"acf":[],"yoast_head":"<!-- This site is optimized with the Yoast SEO Premium plugin v27.3 (Yoast SEO v27.3) - https:\/\/yoast.com\/product\/yoast-seo-premium-wordpress\/ -->\n<title>Salome Pure Linen Tablecloths by Schlitzer Leinen - Linen.eu<\/title>\n<meta name=\"description\" content=\"Salome Pure Linen Tablecloth by Schlitzer Leinen \u271a Cool, clear design \u271a Traditional linen weaving from Schlitz \u27a4 Order online now\" \/>\n<meta name=\"robots\" content=\"index, follow, max-snippet:-1, max-image-preview:large, max-video-preview:-1\" \/>\n<link rel=\"canonical\" href=\"https:\/\/linen.eu\/en\/produkt\/salome-pure-linen-tablecloths-by-schlitzer-leinen\/\" \/>\n<meta property=\"og:locale\" content=\"en_US\" \/>\n<meta property=\"og:type\" content=\"article\" \/>\n<meta property=\"og:title\" content=\"Salome Pure Linen Tablecloths by Schlitzer Leinen\" \/>\n<meta property=\"og:description\" content=\"Salome Pure Linen Tablecloth by Schlitzer Leinen \u271a Cool, clear design \u271a Traditional linen weaving from Schlitz \u27a4 Order online now\" \/>\n<meta property=\"og:url\" content=\"https:\/\/linen.eu\/en\/produkt\/salome-pure-linen-tablecloths-by-schlitzer-leinen\/\" \/>\n<meta property=\"og:site_name\" content=\"Linen.eu\" \/>\n<meta property=\"article:publisher\" content=\"https:\/\/linen.eu\" \/>\n<meta property=\"article:modified_time\" content=\"2026-04-11T19:56:53+00:00\" \/>\n<meta property=\"og:image\" content=\"https:\/\/linen.eu\/wp-content\/uploads\/2026\/02\/Salome-tisch.jpg\" \/>\n\t<meta property=\"og:image:width\" content=\"1792\" \/>\n\t<meta property=\"og:image:height\" content=\"2400\" \/>\n\t<meta property=\"og:image:type\" content=\"image\/jpeg\" \/>\n<meta name=\"twitter:card\" content=\"summary_large_image\" \/>\n<meta name=\"twitter:site\" content=\"@linenlounge\" \/>\n<meta name=\"twitter:label1\" content=\"Availability\" \/>\n\t<meta name=\"twitter:data1\" content=\"In stock\" \/>\n<script type=\"application\/ld+json\" class=\"yoast-schema-graph\">{\"@context\":\"https:\\\/\\\/schema.org\",\"@graph\":[{\"@type\":\"WebPage\",\"@id\":\"https:\\\/\\\/linen.eu\\\/en\\\/produkt\\\/salome-pure-linen-tablecloths-by-schlitzer-leinen\\\/\",\"url\":\"https:\\\/\\\/linen.eu\\\/en\\\/produkt\\\/salome-pure-linen-tablecloths-by-schlitzer-leinen\\\/\",\"name\":\"Salome Pure Linen Tablecloths by Schlitzer Leinen - Linen.eu\",\"isPartOf\":{\"@id\":\"https:\\\/\\\/linen.eu\\\/en\\\/#website\"},\"primaryImageOfPage\":{\"@id\":\"https:\\\/\\\/linen.eu\\\/en\\\/produkt\\\/salome-pure-linen-tablecloths-by-schlitzer-leinen\\\/#primaryimage\"},\"image\":{\"@id\":\"https:\\\/\\\/linen.eu\\\/en\\\/produkt\\\/salome-pure-linen-tablecloths-by-schlitzer-leinen\\\/#primaryimage\"},\"thumbnailUrl\":\"https:\\\/\\\/linen.eu\\\/wp-content\\\/uploads\\\/2026\\\/02\\\/Salome-tisch.jpg\",\"datePublished\":\"2026-04-03T12:48:27+00:00\",\"dateModified\":\"2026-04-11T19:56:53+00:00\",\"description\":\"Salome Pure Linen Tablecloth by Schlitzer Leinen \u271a Cool, clear design \u271a Traditional linen weaving from Schlitz \u27a4 Order online now\",\"breadcrumb\":{\"@id\":\"https:\\\/\\\/linen.eu\\\/en\\\/produkt\\\/salome-pure-linen-tablecloths-by-schlitzer-leinen\\\/#breadcrumb\"},\"inLanguage\":\"en-US\",\"potentialAction\":[{\"@type\":\"ReadAction\",\"target\":[\"https:\\\/\\\/linen.eu\\\/en\\\/produkt\\\/salome-pure-linen-tablecloths-by-schlitzer-leinen\\\/\"]}]},{\"@type\":\"ImageObject\",\"inLanguage\":\"en-US\",\"@id\":\"https:\\\/\\\/linen.eu\\\/en\\\/produkt\\\/salome-pure-linen-tablecloths-by-schlitzer-leinen\\\/#primaryimage\",\"url\":\"https:\\\/\\\/linen.eu\\\/wp-content\\\/uploads\\\/2026\\\/02\\\/Salome-tisch.jpg\",\"contentUrl\":\"https:\\\/\\\/linen.eu\\\/wp-content\\\/uploads\\\/2026\\\/02\\\/Salome-tisch.jpg\",\"width\":1792,\"height\":2400,\"caption\":\"Elegant dining room with Salome Pure Linen Tablecloths by Schlitzer Leinen, blue and gold decor, blue hydrangeas in patterned vases, gold sunburst wall mirrors, blue walls, patterned chairs and a striking crystal chandelier.\"},{\"@type\":\"BreadcrumbList\",\"@id\":\"https:\\\/\\\/linen.eu\\\/en\\\/produkt\\\/salome-pure-linen-tablecloths-by-schlitzer-leinen\\\/#breadcrumb\",\"itemListElement\":[{\"@type\":\"ListItem\",\"position\":1,\"name\":\"Startseite\",\"item\":\"https:\\\/\\\/linen.eu\\\/en\\\/home\\\/\"},{\"@type\":\"ListItem\",\"position\":2,\"name\":\"Shop\",\"item\":\"https:\\\/\\\/linen.eu\\\/en\\\/shop\\\/\"},{\"@type\":\"ListItem\",\"position\":3,\"name\":\"Salome Pure Linen Tablecloths by Schlitzer Leinen\"}]},{\"@type\":\"WebSite\",\"@id\":\"https:\\\/\\\/linen.eu\\\/en\\\/#website\",\"url\":\"https:\\\/\\\/linen.eu\\\/en\\\/\",\"name\":\"Linen.eu\",\"description\":\"\",\"publisher\":{\"@id\":\"https:\\\/\\\/linen.eu\\\/en\\\/#organization\"},\"potentialAction\":[{\"@type\":\"SearchAction\",\"target\":{\"@type\":\"EntryPoint\",\"urlTemplate\":\"https:\\\/\\\/linen.eu\\\/en\\\/?s={search_term_string}\"},\"query-input\":{\"@type\":\"PropertyValueSpecification\",\"valueRequired\":true,\"valueName\":\"search_term_string\"}}],\"inLanguage\":\"en-US\"},{\"@type\":\"Organization\",\"@id\":\"https:\\\/\\\/linen.eu\\\/en\\\/#organization\",\"name\":\"Linen Lounge\",\"alternateName\":\"linen.eu\",\"url\":\"https:\\\/\\\/linen.eu\\\/en\\\/\",\"logo\":{\"@type\":\"ImageObject\",\"inLanguage\":\"en-US\",\"@id\":\"https:\\\/\\\/linen.eu\\\/en\\\/#\\\/schema\\\/logo\\\/image\\\/\",\"url\":\"https:\\\/\\\/linen.eu\\\/wp-content\\\/uploads\\\/2025\\\/10\\\/LinenLounge-NEU2.webp\",\"contentUrl\":\"https:\\\/\\\/linen.eu\\\/wp-content\\\/uploads\\\/2025\\\/10\\\/LinenLounge-NEU2.webp\",\"width\":1800,\"height\":455,\"caption\":\"Linen Lounge\"},\"image\":{\"@id\":\"https:\\\/\\\/linen.eu\\\/en\\\/#\\\/schema\\\/logo\\\/image\\\/\"},\"sameAs\":[\"https:\\\/\\\/linen.eu\",\"https:\\\/\\\/x.com\\\/linenlounge\",\"https:\\\/\\\/www.instagram.com\\\/linen.lounge?igsh=MW81aGhiY2VxZGRpMw==&utm_source=qr\",\"http:\\\/\\\/www.youtube.com\\\/@Linenlounge\"],\"description\":\"Online Fachhandel f\u00fcr europ\u00e4ische Leinen-Bettw\u00e4sche und Heimtextilien aus traditionellen Webereien wie Leitner Leinen, Schlitzer Leinen, Libeco, Vieb\u00f6ck und Hoffmann.\",\"email\":\"info@linen.eu\",\"telephone\":\"+49 (0) 69 90738860\",\"legalName\":\"Linen UG (haftungsbeschr\u00e4nkt)\",\"foundingDate\":\"2015-04-08\",\"numberOfEmployees\":{\"@type\":\"QuantitativeValue\",\"minValue\":\"1\",\"maxValue\":\"10\"}}]}<\/script>\n<meta property=\"product:brand\" content=\"Schlitzer Leinen\" \/>\n<meta property=\"og:availability\" content=\"instock\" \/>\n<meta property=\"product:availability\" content=\"instock\" \/>\n<meta property=\"product:retailer_item_id\" content=\"110101210910-10101210925\" \/>\n<meta property=\"product:condition\" content=\"new\" \/>\n<!-- \/ Yoast SEO Premium plugin. -->","yoast_head_json":{"title":"Salome Pure Linen Tablecloths by Schlitzer Leinen - Linen.eu","description":"Salome Pure Linen Tablecloth by Schlitzer Leinen \u271a Cool, clear design \u271a Traditional linen weaving from Schlitz \u27a4 Order online now","robots":{"index":"index","follow":"follow","max-snippet":"max-snippet:-1","max-image-preview":"max-image-preview:large","max-video-preview":"max-video-preview:-1"},"canonical":"https:\/\/linen.eu\/en\/produkt\/salome-pure-linen-tablecloths-by-schlitzer-leinen\/","og_locale":"en_US","og_type":"article","og_title":"Salome Pure Linen Tablecloths by Schlitzer Leinen","og_description":"Salome Pure Linen Tablecloth by Schlitzer Leinen \u271a Cool, clear design \u271a Traditional linen weaving from Schlitz \u27a4 Order online now","og_url":"https:\/\/linen.eu\/en\/produkt\/salome-pure-linen-tablecloths-by-schlitzer-leinen\/","og_site_name":"Linen.eu","article_publisher":"https:\/\/linen.eu","article_modified_time":"2026-04-11T19:56:53+00:00","og_image":[{"width":1792,"height":2400,"url":"https:\/\/linen.eu\/wp-content\/uploads\/2026\/02\/Salome-tisch.jpg","type":"image\/jpeg"}],"twitter_card":"summary_large_image","twitter_site":"@linenlounge","twitter_misc":{"Availability":"In stock"},"schema":{"@context":"https:\/\/schema.org","@graph":[{"@type":"WebPage","@id":"https:\/\/linen.eu\/en\/produkt\/salome-pure-linen-tablecloths-by-schlitzer-leinen\/","url":"https:\/\/linen.eu\/en\/produkt\/salome-pure-linen-tablecloths-by-schlitzer-leinen\/","name":"Salome Pure Linen Tablecloths by Schlitzer Leinen - Linen.eu","isPartOf":{"@id":"https:\/\/linen.eu\/en\/#website"},"primaryImageOfPage":{"@id":"https:\/\/linen.eu\/en\/produkt\/salome-pure-linen-tablecloths-by-schlitzer-leinen\/#primaryimage"},"image":{"@id":"https:\/\/linen.eu\/en\/produkt\/salome-pure-linen-tablecloths-by-schlitzer-leinen\/#primaryimage"},"thumbnailUrl":"https:\/\/linen.eu\/wp-content\/uploads\/2026\/02\/Salome-tisch.jpg","datePublished":"2026-04-03T12:48:27+00:00","dateModified":"2026-04-11T19:56:53+00:00","description":"Salome Pure Linen Tablecloth by Schlitzer Leinen \u271a Cool, clear design \u271a Traditional linen weaving from Schlitz \u27a4 Order online now","breadcrumb":{"@id":"https:\/\/linen.eu\/en\/produkt\/salome-pure-linen-tablecloths-by-schlitzer-leinen\/#breadcrumb"},"inLanguage":"en-US","potentialAction":[{"@type":"ReadAction","target":["https:\/\/linen.eu\/en\/produkt\/salome-pure-linen-tablecloths-by-schlitzer-leinen\/"]}]},{"@type":"ImageObject","inLanguage":"en-US","@id":"https:\/\/linen.eu\/en\/produkt\/salome-pure-linen-tablecloths-by-schlitzer-leinen\/#primaryimage","url":"https:\/\/linen.eu\/wp-content\/uploads\/2026\/02\/Salome-tisch.jpg","contentUrl":"https:\/\/linen.eu\/wp-content\/uploads\/2026\/02\/Salome-tisch.jpg","width":1792,"height":2400,"caption":"Elegant dining room with Salome Pure Linen Tablecloths by Schlitzer Leinen, blue and gold decor, blue hydrangeas in patterned vases, gold sunburst wall mirrors, blue walls, patterned chairs and a striking crystal chandelier."},{"@type":"BreadcrumbList","@id":"https:\/\/linen.eu\/en\/produkt\/salome-pure-linen-tablecloths-by-schlitzer-leinen\/#breadcrumb","itemListElement":[{"@type":"ListItem","position":1,"name":"Startseite","item":"https:\/\/linen.eu\/en\/home\/"},{"@type":"ListItem","position":2,"name":"Shop","item":"https:\/\/linen.eu\/en\/shop\/"},{"@type":"ListItem","position":3,"name":"Salome Pure Linen Tablecloths by Schlitzer Leinen"}]},{"@type":"WebSite","@id":"https:\/\/linen.eu\/en\/#website","url":"https:\/\/linen.eu\/en\/","name":"Linen.eu","description":"","publisher":{"@id":"https:\/\/linen.eu\/en\/#organization"},"potentialAction":[{"@type":"SearchAction","target":{"@type":"EntryPoint","urlTemplate":"https:\/\/linen.eu\/en\/?s={search_term_string}"},"query-input":{"@type":"PropertyValueSpecification","valueRequired":true,"valueName":"search_term_string"}}],"inLanguage":"en-US"},{"@type":"Organization","@id":"https:\/\/linen.eu\/en\/#organization","name":"Linen Lounge","alternateName":"linen.eu","url":"https:\/\/linen.eu\/en\/","logo":{"@type":"ImageObject","inLanguage":"en-US","@id":"https:\/\/linen.eu\/en\/#\/schema\/logo\/image\/","url":"https:\/\/linen.eu\/wp-content\/uploads\/2025\/10\/LinenLounge-NEU2.webp","contentUrl":"https:\/\/linen.eu\/wp-content\/uploads\/2025\/10\/LinenLounge-NEU2.webp","width":1800,"height":455,"caption":"Linen Lounge"},"image":{"@id":"https:\/\/linen.eu\/en\/#\/schema\/logo\/image\/"},"sameAs":["https:\/\/linen.eu","https:\/\/x.com\/linenlounge","https:\/\/www.instagram.com\/linen.lounge?igsh=MW81aGhiY2VxZGRpMw==&utm_source=qr","http:\/\/www.youtube.com\/@Linenlounge"],"description":"Online Fachhandel f\u00fcr europ\u00e4ische Leinen-Bettw\u00e4sche und Heimtextilien aus traditionellen Webereien wie Leitner Leinen, Schlitzer Leinen, Libeco, Vieb\u00f6ck und Hoffmann.","email":"info@linen.eu","telephone":"+49 (0) 69 90738860","legalName":"Linen UG (haftungsbeschr\u00e4nkt)","foundingDate":"2015-04-08","numberOfEmployees":{"@type":"QuantitativeValue","minValue":"1","maxValue":"10"}}]},"product_brand":"Schlitzer Leinen","og_availability":"instock","product_availability":"instock","product_retailer_item_id":"110101210910-10101210925","product_condition":"new"},"_links":{"self":[{"href":"https:\/\/linen.eu\/en\/wp-json\/wp\/v2\/product\/107709","targetHints":{"allow":["GET"]}}],"collection":[{"href":"https:\/\/linen.eu\/en\/wp-json\/wp\/v2\/product"}],"about":[{"href":"https:\/\/linen.eu\/en\/wp-json\/wp\/v2\/types\/product"}],"replies":[{"embeddable":true,"href":"https:\/\/linen.eu\/en\/wp-json\/wp\/v2\/comments?post=107709"}],"wp:featuredmedia":[{"embeddable":true,"href":"https:\/\/linen.eu\/en\/wp-json\/wp\/v2\/media\/107710"}],"wp:attachment":[{"href":"https:\/\/linen.eu\/en\/wp-json\/wp\/v2\/media?parent=107709"}],"wp:term":[{"taxonomy":"product_brand","embeddable":true,"href":"https:\/\/linen.eu\/en\/wp-json\/wp\/v2\/product_brand?post=107709"},{"taxonomy":"product_cat","embeddable":true,"href":"https:\/\/linen.eu\/en\/wp-json\/wp\/v2\/product_cat?post=107709"},{"taxonomy":"product_tag","embeddable":true,"href":"https:\/\/linen.eu\/en\/wp-json\/wp\/v2\/product_tag?post=107709"}],"curies":[{"name":"wp","href":"https:\/\/api.w.org\/{rel}","templated":true}]}}