{"id":107808,"date":"2026-04-03T14:49:04","date_gmt":"2026-04-03T12:49:04","guid":{"rendered":"https:\/\/linen.eu\/produkt\/hulda-pure-linen-bedding-by-schlitzer-leinen\/"},"modified":"2026-04-03T14:49:05","modified_gmt":"2026-04-03T12:49:05","slug":"hulda-pure-linen-bedding-by-schlitzer-leinen","status":"publish","type":"product","link":"https:\/\/linen.eu\/en\/produkt\/hulda-pure-linen-bedding-by-schlitzer-leinen\/","title":{"rendered":"Hulda Pure Linen Bedding by Schlitzer Leinen"},"content":{"rendered":"<h2>&#8220;Hulda Pure Linen Bedding by Schlitzer Leinen&#8221;<\/h2>\n<p>Hulda is pure linen in a warm, deep brown \u2013 the color of fertile earth, old oak tables, roasted coffee beans. A brown that envelops and protects. That provides comfort. For cool nights and deep dreams.   <\/p>\n<h3>European organic linen<\/h3>\n<p>Linen bedding lets your skin breathe better. When it comes to your skin, linen is the perfect fabric. Thanks to its long, smooth fibres, linen absorbs a lot of moisture and repels dirt. Linen is an intelligent fabric because it balances temperatures. Linen provides pleasant coolness in summer and cosy warmth in winter.    <\/p>\n<p>The long linen fibres ensure that linen bedding stays fresh for much longer. The linen fabric has been treated purely mechanically and is therefore very supple and skin-friendly. Linen treated this way wrinkles less while retaining its natural character and all the benefits of linen. Geniksa is deeply committed to organic linen and uncompromising sustainability at every step of production. Geniksa linen bedding is certified to Oeko-Tex Standard 100.    <\/p>\n<h3>The Weaving Mill<\/h3>\n<p>Schlitzer Leinen has been weaving since 1933 in the Hessian town of Schlitz\u2014founded in the year of the World\u2019s Fair &#8220;A Century of Progress&#8221;. Today, it is the last true linen weaving mill in town, family-run in the third generation.  European flax, processed in Germany, each roll of fabric individually inspected. Masters of Linen quality. Made in Europe, from start to finish.  <\/p>\n<p>For a sheet, we recommend the fine linen flat sheets and fitted sheets by Schlitzer Leinen.<\/p>\n<h3>The Product: Hulda Pure Linen Bedding by Schlitzer Leinen<\/h3>\n<p>Available as duvet cover, pillowcase, flat sheet and fitted sheet<br \/>\n100% washed linen. 205 g\/m\u00b2, CO\u2082 neutral production<br \/>\nThread count: Nm 26<br \/>\nColor: Brown<br \/>\nMasters of Linen quality<br \/>\nWe produce the listed sizes within the stated delivery period. Additional custom sizes can be made upon request.<br \/>\nMade exclusively with flax from European cultivation and woven on the Baltic Sea.  <\/p>\n<h3>Care Instructions<\/h3>\n<p>Coloured linen can be washed up to 60\u00b0C, white up to 95\u00b0C. As with all materials: washing at lower temperatures makes it last longer.  Avoid detergents with optical brighteners\u2014they bleach out natural colours. Linen needs sufficient residual moisture so it does not wrinkle heavily. Do not overfill the machine and do not spin too hard. If you want to iron linen, use the hot setting while it is still slightly damp. Or: not at all. The natural crinkle look is part of linen.     <\/p>\n","protected":false},"excerpt":{"rendered":"<p class=\"font-claude-response-body break-words whitespace-normal leading-[1.7]\"><strong>Hulda \u2013 Pure Linen Bedding<\/strong><\/p>\n<ul class=\"[li_&amp;]:mb-0 [li_&amp;]:mt-1 [li_&amp;]:gap-1 [&amp;:not(:last-child)_ul]:pb-1 [&amp;:not(:last-child)_ol]:pb-1 list-disc flex flex-col gap-1 pl-8 mb-3\">\n<li class=\"whitespace-normal break-words pl-2\">100% linen, woven with tradition \u2013 Made in Europe<\/li>\n<li class=\"whitespace-normal break-words pl-2\">Temperature-balancing: cool in summer, warm in winter<\/li>\n<li class=\"whitespace-normal break-words pl-2\">Gets softer with every wash, lasts a lifetime<\/li>\n<li class=\"whitespace-normal break-words pl-2\">Twisted-yarn buttons, measurements after washing, custom sizes possible<\/li>\n<li class=\"whitespace-normal break-words pl-2\">Masters of Linen quality, European flax<\/li>\n<\/ul>\n","protected":false},"featured_media":107809,"comment_status":"open","ping_status":"closed","template":"","meta":{"_acf_changed":false},"product_brand":[4815],"product_cat":[3789,3728,3790,3748,3791,3792,3785,3786,3787,3788],"product_tag":[3750,3751,3752,3639,3640,3641],"class_list":{"0":"post-107808","1":"product","2":"type-product","3":"status-publish","4":"has-post-thumbnail","6":"product_brand-schlitzer-linen","7":"product_cat-200x220","8":"product_cat-bedroom","9":"product_cat-220x240","10":"product_cat-product","11":"product_cat-white-linen-bed-linen","12":"product_cat-pillows","13":"product_cat-linen-bedding","14":"product_cat-155x220","15":"product_cat-135x200","16":"product_cat-200x200","17":"product_tag-gots-certified","18":"product_tag-linen-bedding","19":"product_tag-strong-linen","20":"product_tag-organic-linen","21":"product_tag-all-year","22":"product_tag-linen","24":"first","25":"instock","26":"taxable","27":"shipping-taxable","28":"purchasable","29":"product-type-variable"},"acf":[],"yoast_head":"<!-- This site is optimized with the Yoast SEO Premium plugin v27.3 (Yoast SEO v27.3) - https:\/\/yoast.com\/product\/yoast-seo-premium-wordpress\/ -->\n<title>Hulda Pure Linen Bedding by Schlitzer Leinen - Linen.eu<\/title>\n<meta name=\"description\" content=\"Hulda Pure Linen Bedding by Schlitzer Leinen \u271a Cool, clean design \u271a Traditional linen weaving from Schlitz \u27a4 Order online now\" \/>\n<meta name=\"robots\" content=\"index, follow, max-snippet:-1, max-image-preview:large, max-video-preview:-1\" \/>\n<link rel=\"canonical\" href=\"https:\/\/linen.eu\/en\/produkt\/hulda-pure-linen-bedding-by-schlitzer-leinen\/\" \/>\n<meta property=\"og:locale\" content=\"en_US\" \/>\n<meta property=\"og:type\" content=\"article\" \/>\n<meta property=\"og:title\" content=\"Hulda Pure Linen Bedding by Schlitzer Leinen\" \/>\n<meta property=\"og:description\" content=\"Hulda Pure Linen Bedding by Schlitzer Leinen \u271a Cool, clean design \u271a Traditional linen weaving from Schlitz \u27a4 Order online now\" \/>\n<meta property=\"og:url\" content=\"https:\/\/linen.eu\/en\/produkt\/hulda-pure-linen-bedding-by-schlitzer-leinen\/\" \/>\n<meta property=\"og:site_name\" content=\"Linen.eu\" \/>\n<meta property=\"article:publisher\" content=\"https:\/\/linen.eu\" \/>\n<meta property=\"article:modified_time\" content=\"2026-04-03T12:49:05+00:00\" \/>\n<meta property=\"og:image\" content=\"https:\/\/linen.eu\/wp-content\/uploads\/2026\/02\/Hulda-Bett-2.jpg\" \/>\n\t<meta property=\"og:image:width\" content=\"1199\" \/>\n\t<meta property=\"og:image:height\" content=\"895\" \/>\n\t<meta property=\"og:image:type\" content=\"image\/jpeg\" \/>\n<meta name=\"twitter:card\" content=\"summary_large_image\" \/>\n<meta name=\"twitter:site\" content=\"@linenlounge\" \/>\n<meta name=\"twitter:label1\" content=\"Availability\" \/>\n\t<meta name=\"twitter:data1\" content=\"In stock\" \/>\n<script type=\"application\/ld+json\" class=\"yoast-schema-graph\">{\"@context\":\"https:\\\/\\\/schema.org\",\"@graph\":[{\"@type\":\"WebPage\",\"@id\":\"https:\\\/\\\/linen.eu\\\/en\\\/produkt\\\/hulda-pure-linen-bedding-by-schlitzer-leinen\\\/\",\"url\":\"https:\\\/\\\/linen.eu\\\/en\\\/produkt\\\/hulda-pure-linen-bedding-by-schlitzer-leinen\\\/\",\"name\":\"Hulda Pure Linen Bedding by Schlitzer Leinen - Linen.eu\",\"isPartOf\":{\"@id\":\"https:\\\/\\\/linen.eu\\\/en\\\/#website\"},\"primaryImageOfPage\":{\"@id\":\"https:\\\/\\\/linen.eu\\\/en\\\/produkt\\\/hulda-pure-linen-bedding-by-schlitzer-leinen\\\/#primaryimage\"},\"image\":{\"@id\":\"https:\\\/\\\/linen.eu\\\/en\\\/produkt\\\/hulda-pure-linen-bedding-by-schlitzer-leinen\\\/#primaryimage\"},\"thumbnailUrl\":\"https:\\\/\\\/linen.eu\\\/wp-content\\\/uploads\\\/2026\\\/02\\\/Hulda-Bett-2.jpg\",\"datePublished\":\"2026-04-03T12:49:04+00:00\",\"dateModified\":\"2026-04-03T12:49:05+00:00\",\"description\":\"Hulda Pure Linen Bedding by Schlitzer Leinen \u271a Cool, clean design \u271a Traditional linen weaving from Schlitz \u27a4 Order online now\",\"breadcrumb\":{\"@id\":\"https:\\\/\\\/linen.eu\\\/en\\\/produkt\\\/hulda-pure-linen-bedding-by-schlitzer-leinen\\\/#breadcrumb\"},\"inLanguage\":\"en-US\",\"potentialAction\":[{\"@type\":\"ReadAction\",\"target\":[\"https:\\\/\\\/linen.eu\\\/en\\\/produkt\\\/hulda-pure-linen-bedding-by-schlitzer-leinen\\\/\"]}]},{\"@type\":\"ImageObject\",\"inLanguage\":\"en-US\",\"@id\":\"https:\\\/\\\/linen.eu\\\/en\\\/produkt\\\/hulda-pure-linen-bedding-by-schlitzer-leinen\\\/#primaryimage\",\"url\":\"https:\\\/\\\/linen.eu\\\/wp-content\\\/uploads\\\/2026\\\/02\\\/Hulda-Bett-2.jpg\",\"contentUrl\":\"https:\\\/\\\/linen.eu\\\/wp-content\\\/uploads\\\/2026\\\/02\\\/Hulda-Bett-2.jpg\",\"width\":1199,\"height\":895,\"caption\":\"A bedroom with a large bed and a chandelier.\"},{\"@type\":\"BreadcrumbList\",\"@id\":\"https:\\\/\\\/linen.eu\\\/en\\\/produkt\\\/hulda-pure-linen-bedding-by-schlitzer-leinen\\\/#breadcrumb\",\"itemListElement\":[{\"@type\":\"ListItem\",\"position\":1,\"name\":\"Startseite\",\"item\":\"https:\\\/\\\/linen.eu\\\/en\\\/home\\\/\"},{\"@type\":\"ListItem\",\"position\":2,\"name\":\"Shop\",\"item\":\"https:\\\/\\\/linen.eu\\\/en\\\/shop\\\/\"},{\"@type\":\"ListItem\",\"position\":3,\"name\":\"Hulda Pure Linen Bedding by Schlitzer Leinen\"}]},{\"@type\":\"WebSite\",\"@id\":\"https:\\\/\\\/linen.eu\\\/en\\\/#website\",\"url\":\"https:\\\/\\\/linen.eu\\\/en\\\/\",\"name\":\"Linen.eu\",\"description\":\"\",\"publisher\":{\"@id\":\"https:\\\/\\\/linen.eu\\\/en\\\/#organization\"},\"potentialAction\":[{\"@type\":\"SearchAction\",\"target\":{\"@type\":\"EntryPoint\",\"urlTemplate\":\"https:\\\/\\\/linen.eu\\\/en\\\/?s={search_term_string}\"},\"query-input\":{\"@type\":\"PropertyValueSpecification\",\"valueRequired\":true,\"valueName\":\"search_term_string\"}}],\"inLanguage\":\"en-US\"},{\"@type\":\"Organization\",\"@id\":\"https:\\\/\\\/linen.eu\\\/en\\\/#organization\",\"name\":\"Linen Lounge\",\"alternateName\":\"linen.eu\",\"url\":\"https:\\\/\\\/linen.eu\\\/en\\\/\",\"logo\":{\"@type\":\"ImageObject\",\"inLanguage\":\"en-US\",\"@id\":\"https:\\\/\\\/linen.eu\\\/en\\\/#\\\/schema\\\/logo\\\/image\\\/\",\"url\":\"https:\\\/\\\/linen.eu\\\/wp-content\\\/uploads\\\/2025\\\/10\\\/LinenLounge-NEU2.webp\",\"contentUrl\":\"https:\\\/\\\/linen.eu\\\/wp-content\\\/uploads\\\/2025\\\/10\\\/LinenLounge-NEU2.webp\",\"width\":1800,\"height\":455,\"caption\":\"Linen Lounge\"},\"image\":{\"@id\":\"https:\\\/\\\/linen.eu\\\/en\\\/#\\\/schema\\\/logo\\\/image\\\/\"},\"sameAs\":[\"https:\\\/\\\/linen.eu\",\"https:\\\/\\\/x.com\\\/linenlounge\",\"https:\\\/\\\/www.instagram.com\\\/linen.lounge?igsh=MW81aGhiY2VxZGRpMw==&utm_source=qr\",\"http:\\\/\\\/www.youtube.com\\\/@Linenlounge\"],\"description\":\"Online Fachhandel f\u00fcr europ\u00e4ische Leinen-Bettw\u00e4sche und Heimtextilien aus traditionellen Webereien wie Leitner Leinen, Schlitzer Leinen, Libeco, Vieb\u00f6ck und Hoffmann.\",\"email\":\"info@linen.eu\",\"telephone\":\"+49 (0) 69 90738860\",\"legalName\":\"Linen UG (haftungsbeschr\u00e4nkt)\",\"foundingDate\":\"2015-04-08\",\"numberOfEmployees\":{\"@type\":\"QuantitativeValue\",\"minValue\":\"1\",\"maxValue\":\"10\"}}]}<\/script>\n<meta property=\"product:brand\" content=\"Schlitzer Leinen\" \/>\n<meta property=\"og:availability\" content=\"instock\" \/>\n<meta property=\"product:availability\" content=\"instock\" \/>\n<meta property=\"product:retailer_item_id\" content=\"110101210910-10101210916\" \/>\n<meta property=\"product:condition\" content=\"new\" \/>\n<!-- \/ Yoast SEO Premium plugin. -->","yoast_head_json":{"title":"Hulda Pure Linen Bedding by Schlitzer Leinen - Linen.eu","description":"Hulda Pure Linen Bedding by Schlitzer Leinen \u271a Cool, clean design \u271a Traditional linen weaving from Schlitz \u27a4 Order online now","robots":{"index":"index","follow":"follow","max-snippet":"max-snippet:-1","max-image-preview":"max-image-preview:large","max-video-preview":"max-video-preview:-1"},"canonical":"https:\/\/linen.eu\/en\/produkt\/hulda-pure-linen-bedding-by-schlitzer-leinen\/","og_locale":"en_US","og_type":"article","og_title":"Hulda Pure Linen Bedding by Schlitzer Leinen","og_description":"Hulda Pure Linen Bedding by Schlitzer Leinen \u271a Cool, clean design \u271a Traditional linen weaving from Schlitz \u27a4 Order online now","og_url":"https:\/\/linen.eu\/en\/produkt\/hulda-pure-linen-bedding-by-schlitzer-leinen\/","og_site_name":"Linen.eu","article_publisher":"https:\/\/linen.eu","article_modified_time":"2026-04-03T12:49:05+00:00","og_image":[{"width":1199,"height":895,"url":"https:\/\/linen.eu\/wp-content\/uploads\/2026\/02\/Hulda-Bett-2.jpg","type":"image\/jpeg"}],"twitter_card":"summary_large_image","twitter_site":"@linenlounge","twitter_misc":{"Availability":"In stock"},"schema":{"@context":"https:\/\/schema.org","@graph":[{"@type":"WebPage","@id":"https:\/\/linen.eu\/en\/produkt\/hulda-pure-linen-bedding-by-schlitzer-leinen\/","url":"https:\/\/linen.eu\/en\/produkt\/hulda-pure-linen-bedding-by-schlitzer-leinen\/","name":"Hulda Pure Linen Bedding by Schlitzer Leinen - Linen.eu","isPartOf":{"@id":"https:\/\/linen.eu\/en\/#website"},"primaryImageOfPage":{"@id":"https:\/\/linen.eu\/en\/produkt\/hulda-pure-linen-bedding-by-schlitzer-leinen\/#primaryimage"},"image":{"@id":"https:\/\/linen.eu\/en\/produkt\/hulda-pure-linen-bedding-by-schlitzer-leinen\/#primaryimage"},"thumbnailUrl":"https:\/\/linen.eu\/wp-content\/uploads\/2026\/02\/Hulda-Bett-2.jpg","datePublished":"2026-04-03T12:49:04+00:00","dateModified":"2026-04-03T12:49:05+00:00","description":"Hulda Pure Linen Bedding by Schlitzer Leinen \u271a Cool, clean design \u271a Traditional linen weaving from Schlitz \u27a4 Order online now","breadcrumb":{"@id":"https:\/\/linen.eu\/en\/produkt\/hulda-pure-linen-bedding-by-schlitzer-leinen\/#breadcrumb"},"inLanguage":"en-US","potentialAction":[{"@type":"ReadAction","target":["https:\/\/linen.eu\/en\/produkt\/hulda-pure-linen-bedding-by-schlitzer-leinen\/"]}]},{"@type":"ImageObject","inLanguage":"en-US","@id":"https:\/\/linen.eu\/en\/produkt\/hulda-pure-linen-bedding-by-schlitzer-leinen\/#primaryimage","url":"https:\/\/linen.eu\/wp-content\/uploads\/2026\/02\/Hulda-Bett-2.jpg","contentUrl":"https:\/\/linen.eu\/wp-content\/uploads\/2026\/02\/Hulda-Bett-2.jpg","width":1199,"height":895,"caption":"A bedroom with a large bed and a chandelier."},{"@type":"BreadcrumbList","@id":"https:\/\/linen.eu\/en\/produkt\/hulda-pure-linen-bedding-by-schlitzer-leinen\/#breadcrumb","itemListElement":[{"@type":"ListItem","position":1,"name":"Startseite","item":"https:\/\/linen.eu\/en\/home\/"},{"@type":"ListItem","position":2,"name":"Shop","item":"https:\/\/linen.eu\/en\/shop\/"},{"@type":"ListItem","position":3,"name":"Hulda Pure Linen Bedding by Schlitzer Leinen"}]},{"@type":"WebSite","@id":"https:\/\/linen.eu\/en\/#website","url":"https:\/\/linen.eu\/en\/","name":"Linen.eu","description":"","publisher":{"@id":"https:\/\/linen.eu\/en\/#organization"},"potentialAction":[{"@type":"SearchAction","target":{"@type":"EntryPoint","urlTemplate":"https:\/\/linen.eu\/en\/?s={search_term_string}"},"query-input":{"@type":"PropertyValueSpecification","valueRequired":true,"valueName":"search_term_string"}}],"inLanguage":"en-US"},{"@type":"Organization","@id":"https:\/\/linen.eu\/en\/#organization","name":"Linen Lounge","alternateName":"linen.eu","url":"https:\/\/linen.eu\/en\/","logo":{"@type":"ImageObject","inLanguage":"en-US","@id":"https:\/\/linen.eu\/en\/#\/schema\/logo\/image\/","url":"https:\/\/linen.eu\/wp-content\/uploads\/2025\/10\/LinenLounge-NEU2.webp","contentUrl":"https:\/\/linen.eu\/wp-content\/uploads\/2025\/10\/LinenLounge-NEU2.webp","width":1800,"height":455,"caption":"Linen Lounge"},"image":{"@id":"https:\/\/linen.eu\/en\/#\/schema\/logo\/image\/"},"sameAs":["https:\/\/linen.eu","https:\/\/x.com\/linenlounge","https:\/\/www.instagram.com\/linen.lounge?igsh=MW81aGhiY2VxZGRpMw==&utm_source=qr","http:\/\/www.youtube.com\/@Linenlounge"],"description":"Online Fachhandel f\u00fcr europ\u00e4ische Leinen-Bettw\u00e4sche und Heimtextilien aus traditionellen Webereien wie Leitner Leinen, Schlitzer Leinen, Libeco, Vieb\u00f6ck und Hoffmann.","email":"info@linen.eu","telephone":"+49 (0) 69 90738860","legalName":"Linen UG (haftungsbeschr\u00e4nkt)","foundingDate":"2015-04-08","numberOfEmployees":{"@type":"QuantitativeValue","minValue":"1","maxValue":"10"}}]},"product_brand":"Schlitzer Leinen","og_availability":"instock","product_availability":"instock","product_retailer_item_id":"110101210910-10101210916","product_condition":"new"},"_links":{"self":[{"href":"https:\/\/linen.eu\/en\/wp-json\/wp\/v2\/product\/107808","targetHints":{"allow":["GET"]}}],"collection":[{"href":"https:\/\/linen.eu\/en\/wp-json\/wp\/v2\/product"}],"about":[{"href":"https:\/\/linen.eu\/en\/wp-json\/wp\/v2\/types\/product"}],"replies":[{"embeddable":true,"href":"https:\/\/linen.eu\/en\/wp-json\/wp\/v2\/comments?post=107808"}],"wp:featuredmedia":[{"embeddable":true,"href":"https:\/\/linen.eu\/en\/wp-json\/wp\/v2\/media\/107809"}],"wp:attachment":[{"href":"https:\/\/linen.eu\/en\/wp-json\/wp\/v2\/media?parent=107808"}],"wp:term":[{"taxonomy":"product_brand","embeddable":true,"href":"https:\/\/linen.eu\/en\/wp-json\/wp\/v2\/product_brand?post=107808"},{"taxonomy":"product_cat","embeddable":true,"href":"https:\/\/linen.eu\/en\/wp-json\/wp\/v2\/product_cat?post=107808"},{"taxonomy":"product_tag","embeddable":true,"href":"https:\/\/linen.eu\/en\/wp-json\/wp\/v2\/product_tag?post=107808"}],"curies":[{"name":"wp","href":"https:\/\/api.w.org\/{rel}","templated":true}]}}