{"id":110526,"date":"2026-04-03T14:48:30","date_gmt":"2026-04-03T12:48:30","guid":{"rendered":"https:\/\/linen.eu\/produkt\/calypso-linen-blend-bedding-by-schlitzer-leinen\/"},"modified":"2026-04-11T21:56:03","modified_gmt":"2026-04-11T19:56:03","slug":"calypso-linen-blend-bedding-by-schlitzer-leinen","status":"publish","type":"product","link":"https:\/\/linen.eu\/en\/produkt\/calypso-linen-blend-bedding-by-schlitzer-leinen\/","title":{"rendered":"Calypso Linen Blend Bedding by Schlitzer Leinen"},"content":{"rendered":"<h2>&#8220;Calypso Linen Blend Bedding by Schlitzer Leinen&#8221;<\/h2>\n<p>Calypso is a linen blend in a deep, warm brown \u2013 as mysterious as the nymph herself. A fabric that envelops and cradles. It offers depth without being heavy. For those who appreciate the hidden. For dreamers.    <\/p>\n<h3>Linen Blend \u2013 The Best of Both Worlds<\/h3>\n<p>Linen blend combines the best of both worlds: the intelligence of linen with the softness of cotton. The linen content ensures temperature regulation \u2013 cool in summer, warm in winter. The cotton content makes the fabric supple and soft from the start. Our linen blend fabrics consist of equal parts linen and cotton: 50\/50. Not the EU minimum standard of 40 percent, but an honest half-and-half.    <\/p>\n<h3>The Weaving Mill<\/h3>\n<p>Schlitzer Leinen has been weaving in the Hessian town of Schlitz since 1933 \u2013 founded in the year of the &#8220;A Century of Progress&#8221; World&#8217;s Fair. Today, it is the last true linen weaving mill in the area, family-run in its third generation. European flax, German craftsmanship, each fabric roll individually inspected.   Masters of Linen quality. Made in Europe, from start to finish. <\/p>\n<p>For a sheet, we recommend the fine linen flat sheets and fitted sheets by Schlitzer Leinen.<\/p>\n<h3>The Product: Calypso Linen Blend Bedding by Schlitzer Leinen<\/h3>\n<p>Available as duvet cover, pillowcase, flat sheet, and fitted sheet<br \/>\n50% washed linen, 50% cotton. 205 g\/m\u00b2, CO\u2082 neutrally produced<br \/>\nYarn count: Nm 26<br \/>\nColor: Brown<br \/>\nMasters of Linen quality<br \/>\nWe manufacture the listed sizes within the specified delivery period. Further individual custom sizes can be produced upon request.<br \/>\nMade exclusively with flax from European cultivation and woven on the Baltic Sea.  <\/p>\n<h3>Care Instructions<\/h3>\n<p>Coloured linen can be washed up to 60\u00b0C, white up to 95\u00b0C. As with all materials: washing at lower temperatures makes it last longer.  Avoid detergents with optical brighteners\u2014they bleach out natural colours. Linen needs sufficient residual moisture so it does not wrinkle heavily. Do not overfill the machine and do not spin too hard. If you want to iron linen, use the hot setting while it is still slightly damp. Or: not at all. The natural crinkle look is part of linen.     <\/p>\n","protected":false},"excerpt":{"rendered":"<p class=\"font-claude-response-body break-words whitespace-normal leading-[1.7]\"><strong>Calypso \u2013 Linen Blend Bedding<\/strong><\/p>\n<ul class=\"[li_&amp;]:mb-0 [li_&amp;]:mt-1 [li_&amp;]:gap-1 [&amp;:not(:last-child)_ul]:pb-1 [&amp;:not(:last-child)_ol]:pb-1 list-disc flex flex-col gap-1 pl-8 mb-3\">\n<li class=\"whitespace-normal break-words pl-2\">50% linen and 50% cotton, traditionally woven \u2013 Made in Europe<\/li>\n<li class=\"whitespace-normal break-words pl-2\">Temperature-balancing: cool in summer, warm in winter<\/li>\n<li class=\"whitespace-normal break-words pl-2\">Gets softer with every wash, lasts a lifetime<\/li>\n<li class=\"whitespace-normal break-words pl-2\">Twisted-yarn buttons, measurements after washing, custom sizes possible<\/li>\n<li class=\"whitespace-normal break-words pl-2\">Masters of Linen quality, European flax<\/li>\n<\/ul>\n","protected":false},"featured_media":110527,"comment_status":"open","ping_status":"closed","template":"","meta":{"_acf_changed":false},"product_brand":[4815],"product_cat":[3785,3786,3787,3788,3789,3790,3728,3791,3748,3792],"product_tag":[3751,3752,3639,3640,3641,3750],"class_list":{"0":"post-110526","1":"product","2":"type-product","3":"status-publish","4":"has-post-thumbnail","6":"product_brand-schlitzer-linen","7":"product_cat-linen-bedding","8":"product_cat-155x220","9":"product_cat-135x200","10":"product_cat-200x200","11":"product_cat-200x220","12":"product_cat-220x240","13":"product_cat-bedroom","14":"product_cat-white-linen-bed-linen","15":"product_cat-product","16":"product_cat-pillows","17":"product_tag-linen-bedding","18":"product_tag-strong-linen","19":"product_tag-organic-linen","20":"product_tag-all-year","21":"product_tag-linen","22":"product_tag-gots-certified","24":"first","25":"instock","26":"taxable","27":"shipping-taxable","28":"purchasable","29":"product-type-variable"},"acf":[],"yoast_head":"<!-- This site is optimized with the Yoast SEO Premium plugin v27.4 (Yoast SEO v27.4) - https:\/\/yoast.com\/product\/yoast-seo-premium-wordpress\/ -->\n<title>Calypso Linen Blend Bedding by Schlitzer Leinen - Linen.eu<\/title>\n<meta name=\"description\" content=\"Calypso Linen Blend Bedding by Schlitzer Leinen \u271a Cool, crisp design \u271a Traditional linen weaving from Schlitz \u27a4 Shop online now\" \/>\n<meta name=\"robots\" content=\"index, follow, max-snippet:-1, max-image-preview:large, max-video-preview:-1\" \/>\n<link rel=\"canonical\" href=\"https:\/\/linen.eu\/en\/produkt\/calypso-linen-blend-bedding-by-schlitzer-leinen\/\" \/>\n<meta property=\"og:locale\" content=\"en_US\" \/>\n<meta property=\"og:type\" content=\"article\" \/>\n<meta property=\"og:title\" content=\"Calypso Linen Blend Bedding by Schlitzer Leinen\" \/>\n<meta property=\"og:description\" content=\"Calypso Linen Blend Bedding by Schlitzer Leinen \u271a Cool, crisp design \u271a Traditional linen weaving from Schlitz \u27a4 Shop online now\" \/>\n<meta property=\"og:url\" content=\"https:\/\/linen.eu\/en\/produkt\/calypso-linen-blend-bedding-by-schlitzer-leinen\/\" \/>\n<meta property=\"og:site_name\" content=\"Linen.eu\" \/>\n<meta property=\"article:publisher\" content=\"https:\/\/linen.eu\" \/>\n<meta property=\"article:modified_time\" content=\"2026-04-11T19:56:03+00:00\" \/>\n<meta property=\"og:image\" content=\"https:\/\/linen.eu\/wp-content\/uploads\/2026\/02\/Calypso-2.jpg\" \/>\n\t<meta property=\"og:image:width\" content=\"1200\" \/>\n\t<meta property=\"og:image:height\" content=\"896\" \/>\n\t<meta property=\"og:image:type\" content=\"image\/jpeg\" \/>\n<meta name=\"twitter:card\" content=\"summary_large_image\" \/>\n<meta name=\"twitter:site\" content=\"@linenlounge\" \/>\n<meta name=\"twitter:label1\" content=\"Availability\" \/>\n\t<meta name=\"twitter:data1\" content=\"In stock\" \/>\n<script type=\"application\/ld+json\" class=\"yoast-schema-graph\">{\"@context\":\"https:\\\/\\\/schema.org\",\"@graph\":[{\"@type\":\"WebPage\",\"@id\":\"https:\\\/\\\/linen.eu\\\/en\\\/produkt\\\/calypso-linen-blend-bedding-by-schlitzer-leinen\\\/\",\"url\":\"https:\\\/\\\/linen.eu\\\/en\\\/produkt\\\/calypso-linen-blend-bedding-by-schlitzer-leinen\\\/\",\"name\":\"Calypso Linen Blend Bedding by Schlitzer Leinen - Linen.eu\",\"isPartOf\":{\"@id\":\"https:\\\/\\\/linen.eu\\\/en\\\/#website\"},\"primaryImageOfPage\":{\"@id\":\"https:\\\/\\\/linen.eu\\\/en\\\/produkt\\\/calypso-linen-blend-bedding-by-schlitzer-leinen\\\/#primaryimage\"},\"image\":{\"@id\":\"https:\\\/\\\/linen.eu\\\/en\\\/produkt\\\/calypso-linen-blend-bedding-by-schlitzer-leinen\\\/#primaryimage\"},\"thumbnailUrl\":\"https:\\\/\\\/linen.eu\\\/wp-content\\\/uploads\\\/2026\\\/02\\\/Calypso-2.jpg\",\"datePublished\":\"2026-04-03T12:48:30+00:00\",\"dateModified\":\"2026-04-11T19:56:03+00:00\",\"description\":\"Calypso Linen Blend Bedding by Schlitzer Leinen \u271a Cool, crisp design \u271a Traditional linen weaving from Schlitz \u27a4 Shop online now\",\"breadcrumb\":{\"@id\":\"https:\\\/\\\/linen.eu\\\/en\\\/produkt\\\/calypso-linen-blend-bedding-by-schlitzer-leinen\\\/#breadcrumb\"},\"inLanguage\":\"en-US\",\"potentialAction\":[{\"@type\":\"ReadAction\",\"target\":[\"https:\\\/\\\/linen.eu\\\/en\\\/produkt\\\/calypso-linen-blend-bedding-by-schlitzer-leinen\\\/\"]}]},{\"@type\":\"ImageObject\",\"inLanguage\":\"en-US\",\"@id\":\"https:\\\/\\\/linen.eu\\\/en\\\/produkt\\\/calypso-linen-blend-bedding-by-schlitzer-leinen\\\/#primaryimage\",\"url\":\"https:\\\/\\\/linen.eu\\\/wp-content\\\/uploads\\\/2026\\\/02\\\/Calypso-2.jpg\",\"contentUrl\":\"https:\\\/\\\/linen.eu\\\/wp-content\\\/uploads\\\/2026\\\/02\\\/Calypso-2.jpg\",\"width\":1200,\"height\":896,\"caption\":\"Luxurious Art Deco bedroom with brown and gold accents, a large bed featuring Calypso Linen Blend Bedding by Schlitzer Leinen, a chaise longue, ornate chandeliers, tall windows with elegant curtains, geometric wallpaper, and framed artwork above the bed.\"},{\"@type\":\"BreadcrumbList\",\"@id\":\"https:\\\/\\\/linen.eu\\\/en\\\/produkt\\\/calypso-linen-blend-bedding-by-schlitzer-leinen\\\/#breadcrumb\",\"itemListElement\":[{\"@type\":\"ListItem\",\"position\":1,\"name\":\"Startseite\",\"item\":\"https:\\\/\\\/linen.eu\\\/en\\\/home\\\/\"},{\"@type\":\"ListItem\",\"position\":2,\"name\":\"Shop\",\"item\":\"https:\\\/\\\/linen.eu\\\/en\\\/shop\\\/\"},{\"@type\":\"ListItem\",\"position\":3,\"name\":\"Calypso Linen Blend Bedding by Schlitzer Leinen\"}]},{\"@type\":\"WebSite\",\"@id\":\"https:\\\/\\\/linen.eu\\\/en\\\/#website\",\"url\":\"https:\\\/\\\/linen.eu\\\/en\\\/\",\"name\":\"Linen.eu\",\"description\":\"\",\"publisher\":{\"@id\":\"https:\\\/\\\/linen.eu\\\/en\\\/#organization\"},\"potentialAction\":[{\"@type\":\"SearchAction\",\"target\":{\"@type\":\"EntryPoint\",\"urlTemplate\":\"https:\\\/\\\/linen.eu\\\/en\\\/?s={search_term_string}\"},\"query-input\":{\"@type\":\"PropertyValueSpecification\",\"valueRequired\":true,\"valueName\":\"search_term_string\"}}],\"inLanguage\":\"en-US\"},{\"@type\":\"Organization\",\"@id\":\"https:\\\/\\\/linen.eu\\\/en\\\/#organization\",\"name\":\"Linen Lounge\",\"alternateName\":\"linen.eu\",\"url\":\"https:\\\/\\\/linen.eu\\\/en\\\/\",\"logo\":{\"@type\":\"ImageObject\",\"inLanguage\":\"en-US\",\"@id\":\"https:\\\/\\\/linen.eu\\\/en\\\/#\\\/schema\\\/logo\\\/image\\\/\",\"url\":\"https:\\\/\\\/linen.eu\\\/wp-content\\\/uploads\\\/2025\\\/10\\\/LinenLounge-NEU2.webp\",\"contentUrl\":\"https:\\\/\\\/linen.eu\\\/wp-content\\\/uploads\\\/2025\\\/10\\\/LinenLounge-NEU2.webp\",\"width\":1800,\"height\":455,\"caption\":\"Linen Lounge\"},\"image\":{\"@id\":\"https:\\\/\\\/linen.eu\\\/en\\\/#\\\/schema\\\/logo\\\/image\\\/\"},\"sameAs\":[\"https:\\\/\\\/linen.eu\",\"https:\\\/\\\/x.com\\\/linenlounge\",\"https:\\\/\\\/www.instagram.com\\\/linen.lounge?igsh=MW81aGhiY2VxZGRpMw==&utm_source=qr\",\"http:\\\/\\\/www.youtube.com\\\/@Linenlounge\"],\"description\":\"Online Fachhandel f\u00fcr europ\u00e4ische Leinen-Bettw\u00e4sche und Heimtextilien aus traditionellen Webereien wie Leitner Leinen, Schlitzer Leinen, Libeco, Vieb\u00f6ck und Hoffmann.\",\"email\":\"info@linen.eu\",\"telephone\":\"+49 (0) 69 90738860\",\"legalName\":\"Linen UG (haftungsbeschr\u00e4nkt)\",\"foundingDate\":\"2015-04-08\",\"numberOfEmployees\":{\"@type\":\"QuantitativeValue\",\"minValue\":\"1\",\"maxValue\":\"10\"}}]}<\/script>\n<meta property=\"product:brand\" content=\"Schlitzer Leinen\" \/>\n<meta property=\"og:availability\" content=\"instock\" \/>\n<meta property=\"product:availability\" content=\"instock\" \/>\n<meta property=\"product:retailer_item_id\" content=\"110101210910-10101210924\" \/>\n<meta property=\"product:condition\" content=\"new\" \/>\n<!-- \/ Yoast SEO Premium plugin. -->","yoast_head_json":{"title":"Calypso Linen Blend Bedding by Schlitzer Leinen - Linen.eu","description":"Calypso Linen Blend Bedding by Schlitzer Leinen \u271a Cool, crisp design \u271a Traditional linen weaving from Schlitz \u27a4 Shop online now","robots":{"index":"index","follow":"follow","max-snippet":"max-snippet:-1","max-image-preview":"max-image-preview:large","max-video-preview":"max-video-preview:-1"},"canonical":"https:\/\/linen.eu\/en\/produkt\/calypso-linen-blend-bedding-by-schlitzer-leinen\/","og_locale":"en_US","og_type":"article","og_title":"Calypso Linen Blend Bedding by Schlitzer Leinen","og_description":"Calypso Linen Blend Bedding by Schlitzer Leinen \u271a Cool, crisp design \u271a Traditional linen weaving from Schlitz \u27a4 Shop online now","og_url":"https:\/\/linen.eu\/en\/produkt\/calypso-linen-blend-bedding-by-schlitzer-leinen\/","og_site_name":"Linen.eu","article_publisher":"https:\/\/linen.eu","article_modified_time":"2026-04-11T19:56:03+00:00","og_image":[{"width":1200,"height":896,"url":"https:\/\/linen.eu\/wp-content\/uploads\/2026\/02\/Calypso-2.jpg","type":"image\/jpeg"}],"twitter_card":"summary_large_image","twitter_site":"@linenlounge","twitter_misc":{"Availability":"In stock"},"schema":{"@context":"https:\/\/schema.org","@graph":[{"@type":"WebPage","@id":"https:\/\/linen.eu\/en\/produkt\/calypso-linen-blend-bedding-by-schlitzer-leinen\/","url":"https:\/\/linen.eu\/en\/produkt\/calypso-linen-blend-bedding-by-schlitzer-leinen\/","name":"Calypso Linen Blend Bedding by Schlitzer Leinen - Linen.eu","isPartOf":{"@id":"https:\/\/linen.eu\/en\/#website"},"primaryImageOfPage":{"@id":"https:\/\/linen.eu\/en\/produkt\/calypso-linen-blend-bedding-by-schlitzer-leinen\/#primaryimage"},"image":{"@id":"https:\/\/linen.eu\/en\/produkt\/calypso-linen-blend-bedding-by-schlitzer-leinen\/#primaryimage"},"thumbnailUrl":"https:\/\/linen.eu\/wp-content\/uploads\/2026\/02\/Calypso-2.jpg","datePublished":"2026-04-03T12:48:30+00:00","dateModified":"2026-04-11T19:56:03+00:00","description":"Calypso Linen Blend Bedding by Schlitzer Leinen \u271a Cool, crisp design \u271a Traditional linen weaving from Schlitz \u27a4 Shop online now","breadcrumb":{"@id":"https:\/\/linen.eu\/en\/produkt\/calypso-linen-blend-bedding-by-schlitzer-leinen\/#breadcrumb"},"inLanguage":"en-US","potentialAction":[{"@type":"ReadAction","target":["https:\/\/linen.eu\/en\/produkt\/calypso-linen-blend-bedding-by-schlitzer-leinen\/"]}]},{"@type":"ImageObject","inLanguage":"en-US","@id":"https:\/\/linen.eu\/en\/produkt\/calypso-linen-blend-bedding-by-schlitzer-leinen\/#primaryimage","url":"https:\/\/linen.eu\/wp-content\/uploads\/2026\/02\/Calypso-2.jpg","contentUrl":"https:\/\/linen.eu\/wp-content\/uploads\/2026\/02\/Calypso-2.jpg","width":1200,"height":896,"caption":"Luxurious Art Deco bedroom with brown and gold accents, a large bed featuring Calypso Linen Blend Bedding by Schlitzer Leinen, a chaise longue, ornate chandeliers, tall windows with elegant curtains, geometric wallpaper, and framed artwork above the bed."},{"@type":"BreadcrumbList","@id":"https:\/\/linen.eu\/en\/produkt\/calypso-linen-blend-bedding-by-schlitzer-leinen\/#breadcrumb","itemListElement":[{"@type":"ListItem","position":1,"name":"Startseite","item":"https:\/\/linen.eu\/en\/home\/"},{"@type":"ListItem","position":2,"name":"Shop","item":"https:\/\/linen.eu\/en\/shop\/"},{"@type":"ListItem","position":3,"name":"Calypso Linen Blend Bedding by Schlitzer Leinen"}]},{"@type":"WebSite","@id":"https:\/\/linen.eu\/en\/#website","url":"https:\/\/linen.eu\/en\/","name":"Linen.eu","description":"","publisher":{"@id":"https:\/\/linen.eu\/en\/#organization"},"potentialAction":[{"@type":"SearchAction","target":{"@type":"EntryPoint","urlTemplate":"https:\/\/linen.eu\/en\/?s={search_term_string}"},"query-input":{"@type":"PropertyValueSpecification","valueRequired":true,"valueName":"search_term_string"}}],"inLanguage":"en-US"},{"@type":"Organization","@id":"https:\/\/linen.eu\/en\/#organization","name":"Linen Lounge","alternateName":"linen.eu","url":"https:\/\/linen.eu\/en\/","logo":{"@type":"ImageObject","inLanguage":"en-US","@id":"https:\/\/linen.eu\/en\/#\/schema\/logo\/image\/","url":"https:\/\/linen.eu\/wp-content\/uploads\/2025\/10\/LinenLounge-NEU2.webp","contentUrl":"https:\/\/linen.eu\/wp-content\/uploads\/2025\/10\/LinenLounge-NEU2.webp","width":1800,"height":455,"caption":"Linen Lounge"},"image":{"@id":"https:\/\/linen.eu\/en\/#\/schema\/logo\/image\/"},"sameAs":["https:\/\/linen.eu","https:\/\/x.com\/linenlounge","https:\/\/www.instagram.com\/linen.lounge?igsh=MW81aGhiY2VxZGRpMw==&utm_source=qr","http:\/\/www.youtube.com\/@Linenlounge"],"description":"Online Fachhandel f\u00fcr europ\u00e4ische Leinen-Bettw\u00e4sche und Heimtextilien aus traditionellen Webereien wie Leitner Leinen, Schlitzer Leinen, Libeco, Vieb\u00f6ck und Hoffmann.","email":"info@linen.eu","telephone":"+49 (0) 69 90738860","legalName":"Linen UG (haftungsbeschr\u00e4nkt)","foundingDate":"2015-04-08","numberOfEmployees":{"@type":"QuantitativeValue","minValue":"1","maxValue":"10"}}]},"product_brand":"Schlitzer Leinen","og_availability":"instock","product_availability":"instock","product_retailer_item_id":"110101210910-10101210924","product_condition":"new"},"_links":{"self":[{"href":"https:\/\/linen.eu\/en\/wp-json\/wp\/v2\/product\/110526","targetHints":{"allow":["GET"]}}],"collection":[{"href":"https:\/\/linen.eu\/en\/wp-json\/wp\/v2\/product"}],"about":[{"href":"https:\/\/linen.eu\/en\/wp-json\/wp\/v2\/types\/product"}],"replies":[{"embeddable":true,"href":"https:\/\/linen.eu\/en\/wp-json\/wp\/v2\/comments?post=110526"}],"wp:featuredmedia":[{"embeddable":true,"href":"https:\/\/linen.eu\/en\/wp-json\/wp\/v2\/media\/110527"}],"wp:attachment":[{"href":"https:\/\/linen.eu\/en\/wp-json\/wp\/v2\/media?parent=110526"}],"wp:term":[{"taxonomy":"product_brand","embeddable":true,"href":"https:\/\/linen.eu\/en\/wp-json\/wp\/v2\/product_brand?post=110526"},{"taxonomy":"product_cat","embeddable":true,"href":"https:\/\/linen.eu\/en\/wp-json\/wp\/v2\/product_cat?post=110526"},{"taxonomy":"product_tag","embeddable":true,"href":"https:\/\/linen.eu\/en\/wp-json\/wp\/v2\/product_tag?post=110526"}],"curies":[{"name":"wp","href":"https:\/\/api.w.org\/{rel}","templated":true}]}}