{"id":112540,"date":"2026-03-11T13:00:34","date_gmt":"2026-03-11T12:00:34","guid":{"rendered":"https:\/\/linen.eu\/produkt\/nomi-silk-bedding-by-seidenweber\/"},"modified":"2026-04-11T22:01:58","modified_gmt":"2026-04-11T20:01:58","slug":"nomi-silk-bedding-by-seidenweber","status":"publish","type":"product","link":"https:\/\/linen.eu\/en\/produkt\/nomi-silk-bedding-by-seidenweber\/","title":{"rendered":"Nomi Silk Bedding by Seidenweber"},"content":{"rendered":"<h2>&#8220;Nomi Silk Bedding by Seidenweber&#8221;<\/h2>\n<p>Mehndi is the art of henna painting that adorns the skin at weddings and celebrations in India. Nomi translates these delicate lattice patterns into a silk fabric \u2013 woven in a deep, radiant blue. The ornamentation resembles lace, though nothing is sewn. Everything is created on the loom, thread by thread. A design that doesn&#8217;t claim exoticism, but delivers it through meticulous detail.    <\/p>\n<h3 class=\"font-claude-response-body break-words whitespace-normal leading-[1.7]\"><strong>Four finishing styles \u2013 one standard<\/strong><\/h3>\n<p class=\"font-claude-response-body break-words whitespace-normal leading-[1.7]\">Every Seidenweber bedding is available in four versions that differ in the type of finishing. <strong>Basic<\/strong> stands for simple, clean finishing without additional details. <strong>Classic<\/strong> adds a fine piping along the edges \u2013 a subtle feature that gives the cover contour. <strong>Elegance<\/strong> features a stitched standing seam that gives the fabric structure and presence. <strong>Superior<\/strong> represents the highest level: an inset standing seam that frames the bedding. The choice of finish does not change the fabric, but the way it presents itself. <\/p>\n<h3>Silk \u2013 the queen of fabrics<\/h3>\n<p>Silk is certainly one of the oldest textile fibers, yet it has never been as current and modern as it is today. The culture of silk has accompanied humanity for thousands of years, and this queen of fibers cannot be replaced by anything in modern times. There is the unique feel, the sense of well-being that silk creates on our skin.   The organic structure of silk is almost uncannily similar to the structure of human skin. Silk lets the skin breathe; silk stimulates the receptors in our skin. That is why it is cool in summer and wonderfully warm in winter. And silk is a blessing\u2014not only for people with eczema.   <\/p>\n<h3>The weaving mill \u2013 the last of its kind<\/h3>\n<p>Silk has been woven in Plauen, Saxony, since the days of the German Empire. The Plauen silk mill is one of the last fully integrated manufactories in Europe\u2014and the last to truly master weaving silk in Jacquard patterns. Floral ornaments, paisley designs, baroque textures: what is created here is woven, not printed.   The difference lies in the depth. Woven patterns live with the light; they change, they have substance. Nearly a century of experience goes into every piece\u2014knowledge passed from hand to hand and preserved within the weave itself. When you touch Seidenweber bedding, you touch that history.   <\/p>\n<h3>The product: Nomi Silk Bedding by Seidenweber<\/h3>\n<p>\u2713 Available as duvet cover and pillowcase<br \/>\n\u2713 Material: 100% silk, 136 g\/m\u00b2, CO\u2082 neutral production<br \/>\n\u2713 Thread count: Nm 170<br \/>\n\u2713 Closures: Seidenweber bedding is manufactured with zipper as standard. Hotel closure and button closure are available upon request.<br \/>\n\u2713 Standard sizes: We manufacture within the stated delivery period<br \/>\n\u2713 Custom sizes: Upon request, we manufacture according to your specifications<br \/>\n\u2713 Made in Germany. <\/p>\n<h3>Care Instructions<\/h3>\n<p>Silk items should be washed separately, if possible inside out, on a delicate cycle without any additional load, at 30\u00b0C using recommended silk detergents such as Tenestar. Silk and silk blends are not suitable for tumble dryers or mangles.  When drying outdoors, do not expose silk items to direct sunlight. Silk laundry can be ironed slightly damp at a maximum of 110\u00b0C.<br \/>\n&#8211; Please never spray silk with perfume or deodorant<br \/>\n&#8211; Please do not wash silk with bleach<br \/>\n&#8211; Please do not dampen silk with water when ironing<br \/>\n&#8211; Do not rub individual stains out with water; wash the entire item instead<br \/>\n&#8211; Please iron silk from the reverse side<br \/>\n&#8211; Please do not wring silk <\/p>\n<p>Silk products can be cleaned by hand wash without damaging the silk. It is best to use a mild soap or a special silk shampoo such as Tenestar. Soak the silk in lukewarm water for about 3\u20135 minutes.<br \/>\nWash dark silk or printed silk only briefly in a cold hand bath; please do not soak. During this time, it is recommended to move the fabric only gently back and forth.<br \/>\nRemove the silk from the water after a maximum of 5 minutes. Rinse the silk in cold water with a teaspoon of wine vinegar to remove any soap residue. Then roll the silk in a dry towel to draw the remaining moisture out of the fabric.       For dark or printed silk, please use the towel in multiple layers. Then lay the silk flat and gently straighten the corners. <\/p>\n<p>Silk should generally be ironed slightly damp and inside out. Do not iron silk too hot.  Silk is an organic fabric, a protein compound\u2014similar to our hair. Too much heat only causes damage. <\/p>\n","protected":false},"excerpt":{"rendered":"<ul>\n<li class=\"whitespace-normal break-words pl-2\">Delicate lattice patterns inspired by Indian henna painting (Mehndi), woven in silk<\/li>\n<li class=\"whitespace-normal break-words pl-2\">Woven in a deep, radiant blue \u2013 the ornamentation resembles lace, though nothing is sewn<\/li>\n<li class=\"whitespace-normal break-words pl-2\">Everything is created on the loom, thread by thread \u2013 jacquard weaving technique with meticulous attention to detail<\/li>\n<li class=\"whitespace-normal break-words pl-2\">Exoticism through craftsmanship, not through claims<\/li>\n<li class=\"whitespace-normal break-words pl-2\">100% silk, made in Plauen<\/li>\n<\/ul>\n","protected":false},"featured_media":112541,"comment_status":"open","ping_status":"closed","template":"","meta":{"_acf_changed":false},"product_brand":[4814],"product_cat":[3728,3729,3730],"product_tag":[3640,3731,3732,3733],"class_list":{"0":"post-112540","1":"product","2":"type-product","3":"status-publish","4":"has-post-thumbnail","6":"product_brand-plauener-silk-weaving","7":"product_cat-bedroom","8":"product_cat-silk-bedding","9":"product_cat-silk-bed-linen-135x200","10":"product_tag-all-year","11":"product_tag-natural-fiber","12":"product_tag-the-silk-legend","13":"product_tag-silk","15":"first","16":"instock","17":"taxable","18":"shipping-taxable","19":"purchasable","20":"product-type-variable"},"acf":[],"yoast_head":"<!-- This site is optimized with the Yoast SEO Premium plugin v27.3 (Yoast SEO v27.3) - https:\/\/yoast.com\/product\/yoast-seo-premium-wordpress\/ -->\n<title>Nomi Silk Bedding by Seidenweber - Linen.eu<\/title>\n<meta name=\"description\" content=\"Nomi Silk Bedding by Seidenweber \u271a The Silk Legend \u271a Woven and made in Germany \u271a Largest selection \u27a4 Buy online with ease now\" \/>\n<meta name=\"robots\" content=\"index, follow, max-snippet:-1, max-image-preview:large, max-video-preview:-1\" \/>\n<link rel=\"canonical\" href=\"https:\/\/linen.eu\/en\/produkt\/nomi-silk-bedding-by-seidenweber\/\" \/>\n<meta property=\"og:locale\" content=\"en_US\" \/>\n<meta property=\"og:type\" content=\"article\" \/>\n<meta property=\"og:title\" content=\"Nomi Silk Bedding by Seidenweber\" \/>\n<meta property=\"og:description\" content=\"Nomi Silk Bedding by Seidenweber \u271a The Silk Legend \u271a Woven and made in Germany \u271a Largest selection \u27a4 Buy online with ease now\" \/>\n<meta property=\"og:url\" content=\"https:\/\/linen.eu\/en\/produkt\/nomi-silk-bedding-by-seidenweber\/\" \/>\n<meta property=\"og:site_name\" content=\"Linen.eu\" \/>\n<meta property=\"article:publisher\" content=\"https:\/\/linen.eu\" \/>\n<meta property=\"article:modified_time\" content=\"2026-04-11T20:01:58+00:00\" \/>\n<meta property=\"og:image\" content=\"https:\/\/linen.eu\/wp-content\/uploads\/2026\/02\/swc_j35_Nomi_orioent-blue-2.jpg\" \/>\n\t<meta property=\"og:image:width\" content=\"1200\" \/>\n\t<meta property=\"og:image:height\" content=\"800\" \/>\n\t<meta property=\"og:image:type\" content=\"image\/jpeg\" \/>\n<meta name=\"twitter:card\" content=\"summary_large_image\" \/>\n<meta name=\"twitter:site\" content=\"@linenlounge\" \/>\n<meta name=\"twitter:label1\" content=\"Availability\" \/>\n\t<meta name=\"twitter:data1\" content=\"In stock\" \/>\n<script type=\"application\/ld+json\" class=\"yoast-schema-graph\">{\"@context\":\"https:\\\/\\\/schema.org\",\"@graph\":[{\"@type\":\"WebPage\",\"@id\":\"https:\\\/\\\/linen.eu\\\/en\\\/produkt\\\/nomi-silk-bedding-by-seidenweber\\\/\",\"url\":\"https:\\\/\\\/linen.eu\\\/en\\\/produkt\\\/nomi-silk-bedding-by-seidenweber\\\/\",\"name\":\"Nomi Silk Bedding by Seidenweber - Linen.eu\",\"isPartOf\":{\"@id\":\"https:\\\/\\\/linen.eu\\\/en\\\/#website\"},\"primaryImageOfPage\":{\"@id\":\"https:\\\/\\\/linen.eu\\\/en\\\/produkt\\\/nomi-silk-bedding-by-seidenweber\\\/#primaryimage\"},\"image\":{\"@id\":\"https:\\\/\\\/linen.eu\\\/en\\\/produkt\\\/nomi-silk-bedding-by-seidenweber\\\/#primaryimage\"},\"thumbnailUrl\":\"https:\\\/\\\/linen.eu\\\/wp-content\\\/uploads\\\/2026\\\/02\\\/swc_j35_Nomi_orioent-blue-2.jpg\",\"datePublished\":\"2026-03-11T12:00:34+00:00\",\"dateModified\":\"2026-04-11T20:01:58+00:00\",\"description\":\"Nomi Silk Bedding by Seidenweber \u271a The Silk Legend \u271a Woven and made in Germany \u271a Largest selection \u27a4 Buy online with ease now\",\"breadcrumb\":{\"@id\":\"https:\\\/\\\/linen.eu\\\/en\\\/produkt\\\/nomi-silk-bedding-by-seidenweber\\\/#breadcrumb\"},\"inLanguage\":\"en-US\",\"potentialAction\":[{\"@type\":\"ReadAction\",\"target\":[\"https:\\\/\\\/linen.eu\\\/en\\\/produkt\\\/nomi-silk-bedding-by-seidenweber\\\/\"]}]},{\"@type\":\"ImageObject\",\"inLanguage\":\"en-US\",\"@id\":\"https:\\\/\\\/linen.eu\\\/en\\\/produkt\\\/nomi-silk-bedding-by-seidenweber\\\/#primaryimage\",\"url\":\"https:\\\/\\\/linen.eu\\\/wp-content\\\/uploads\\\/2026\\\/02\\\/swc_j35_Nomi_orioent-blue-2.jpg\",\"contentUrl\":\"https:\\\/\\\/linen.eu\\\/wp-content\\\/uploads\\\/2026\\\/02\\\/swc_j35_Nomi_orioent-blue-2.jpg\",\"width\":1200,\"height\":800,\"caption\":\"A bed with a blue duvet and pillows.\"},{\"@type\":\"BreadcrumbList\",\"@id\":\"https:\\\/\\\/linen.eu\\\/en\\\/produkt\\\/nomi-silk-bedding-by-seidenweber\\\/#breadcrumb\",\"itemListElement\":[{\"@type\":\"ListItem\",\"position\":1,\"name\":\"Startseite\",\"item\":\"https:\\\/\\\/linen.eu\\\/en\\\/home\\\/\"},{\"@type\":\"ListItem\",\"position\":2,\"name\":\"Shop\",\"item\":\"https:\\\/\\\/linen.eu\\\/en\\\/shop\\\/\"},{\"@type\":\"ListItem\",\"position\":3,\"name\":\"Nomi Silk Bedding by Seidenweber\"}]},{\"@type\":\"WebSite\",\"@id\":\"https:\\\/\\\/linen.eu\\\/en\\\/#website\",\"url\":\"https:\\\/\\\/linen.eu\\\/en\\\/\",\"name\":\"Linen.eu\",\"description\":\"\",\"publisher\":{\"@id\":\"https:\\\/\\\/linen.eu\\\/en\\\/#organization\"},\"potentialAction\":[{\"@type\":\"SearchAction\",\"target\":{\"@type\":\"EntryPoint\",\"urlTemplate\":\"https:\\\/\\\/linen.eu\\\/en\\\/?s={search_term_string}\"},\"query-input\":{\"@type\":\"PropertyValueSpecification\",\"valueRequired\":true,\"valueName\":\"search_term_string\"}}],\"inLanguage\":\"en-US\"},{\"@type\":\"Organization\",\"@id\":\"https:\\\/\\\/linen.eu\\\/en\\\/#organization\",\"name\":\"Linen Lounge\",\"alternateName\":\"linen.eu\",\"url\":\"https:\\\/\\\/linen.eu\\\/en\\\/\",\"logo\":{\"@type\":\"ImageObject\",\"inLanguage\":\"en-US\",\"@id\":\"https:\\\/\\\/linen.eu\\\/en\\\/#\\\/schema\\\/logo\\\/image\\\/\",\"url\":\"https:\\\/\\\/linen.eu\\\/wp-content\\\/uploads\\\/2025\\\/10\\\/LinenLounge-NEU2.webp\",\"contentUrl\":\"https:\\\/\\\/linen.eu\\\/wp-content\\\/uploads\\\/2025\\\/10\\\/LinenLounge-NEU2.webp\",\"width\":1800,\"height\":455,\"caption\":\"Linen Lounge\"},\"image\":{\"@id\":\"https:\\\/\\\/linen.eu\\\/en\\\/#\\\/schema\\\/logo\\\/image\\\/\"},\"sameAs\":[\"https:\\\/\\\/linen.eu\",\"https:\\\/\\\/x.com\\\/linenlounge\",\"https:\\\/\\\/www.instagram.com\\\/linen.lounge?igsh=MW81aGhiY2VxZGRpMw==&utm_source=qr\",\"http:\\\/\\\/www.youtube.com\\\/@Linenlounge\"],\"description\":\"Online Fachhandel f\u00fcr europ\u00e4ische Leinen-Bettw\u00e4sche und Heimtextilien aus traditionellen Webereien wie Leitner Leinen, Schlitzer Leinen, Libeco, Vieb\u00f6ck und Hoffmann.\",\"email\":\"info@linen.eu\",\"telephone\":\"+49 (0) 69 90738860\",\"legalName\":\"Linen UG (haftungsbeschr\u00e4nkt)\",\"foundingDate\":\"2015-04-08\",\"numberOfEmployees\":{\"@type\":\"QuantitativeValue\",\"minValue\":\"1\",\"maxValue\":\"10\"}}]}<\/script>\n<meta property=\"product:brand\" content=\"Plauener Silk Weaving Mill \u2013 The Real Fabric from a Single Source\" \/>\n<meta property=\"og:availability\" content=\"instock\" \/>\n<meta property=\"product:availability\" content=\"instock\" \/>\n<meta property=\"product:condition\" content=\"new\" \/>\n<!-- \/ Yoast SEO Premium plugin. -->","yoast_head_json":{"title":"Nomi Silk Bedding by Seidenweber - Linen.eu","description":"Nomi Silk Bedding by Seidenweber \u271a The Silk Legend \u271a Woven and made in Germany \u271a Largest selection \u27a4 Buy online with ease now","robots":{"index":"index","follow":"follow","max-snippet":"max-snippet:-1","max-image-preview":"max-image-preview:large","max-video-preview":"max-video-preview:-1"},"canonical":"https:\/\/linen.eu\/en\/produkt\/nomi-silk-bedding-by-seidenweber\/","og_locale":"en_US","og_type":"article","og_title":"Nomi Silk Bedding by Seidenweber","og_description":"Nomi Silk Bedding by Seidenweber \u271a The Silk Legend \u271a Woven and made in Germany \u271a Largest selection \u27a4 Buy online with ease now","og_url":"https:\/\/linen.eu\/en\/produkt\/nomi-silk-bedding-by-seidenweber\/","og_site_name":"Linen.eu","article_publisher":"https:\/\/linen.eu","article_modified_time":"2026-04-11T20:01:58+00:00","og_image":[{"width":1200,"height":800,"url":"https:\/\/linen.eu\/wp-content\/uploads\/2026\/02\/swc_j35_Nomi_orioent-blue-2.jpg","type":"image\/jpeg"}],"twitter_card":"summary_large_image","twitter_site":"@linenlounge","twitter_misc":{"Availability":"In stock"},"schema":{"@context":"https:\/\/schema.org","@graph":[{"@type":"WebPage","@id":"https:\/\/linen.eu\/en\/produkt\/nomi-silk-bedding-by-seidenweber\/","url":"https:\/\/linen.eu\/en\/produkt\/nomi-silk-bedding-by-seidenweber\/","name":"Nomi Silk Bedding by Seidenweber - Linen.eu","isPartOf":{"@id":"https:\/\/linen.eu\/en\/#website"},"primaryImageOfPage":{"@id":"https:\/\/linen.eu\/en\/produkt\/nomi-silk-bedding-by-seidenweber\/#primaryimage"},"image":{"@id":"https:\/\/linen.eu\/en\/produkt\/nomi-silk-bedding-by-seidenweber\/#primaryimage"},"thumbnailUrl":"https:\/\/linen.eu\/wp-content\/uploads\/2026\/02\/swc_j35_Nomi_orioent-blue-2.jpg","datePublished":"2026-03-11T12:00:34+00:00","dateModified":"2026-04-11T20:01:58+00:00","description":"Nomi Silk Bedding by Seidenweber \u271a The Silk Legend \u271a Woven and made in Germany \u271a Largest selection \u27a4 Buy online with ease now","breadcrumb":{"@id":"https:\/\/linen.eu\/en\/produkt\/nomi-silk-bedding-by-seidenweber\/#breadcrumb"},"inLanguage":"en-US","potentialAction":[{"@type":"ReadAction","target":["https:\/\/linen.eu\/en\/produkt\/nomi-silk-bedding-by-seidenweber\/"]}]},{"@type":"ImageObject","inLanguage":"en-US","@id":"https:\/\/linen.eu\/en\/produkt\/nomi-silk-bedding-by-seidenweber\/#primaryimage","url":"https:\/\/linen.eu\/wp-content\/uploads\/2026\/02\/swc_j35_Nomi_orioent-blue-2.jpg","contentUrl":"https:\/\/linen.eu\/wp-content\/uploads\/2026\/02\/swc_j35_Nomi_orioent-blue-2.jpg","width":1200,"height":800,"caption":"A bed with a blue duvet and pillows."},{"@type":"BreadcrumbList","@id":"https:\/\/linen.eu\/en\/produkt\/nomi-silk-bedding-by-seidenweber\/#breadcrumb","itemListElement":[{"@type":"ListItem","position":1,"name":"Startseite","item":"https:\/\/linen.eu\/en\/home\/"},{"@type":"ListItem","position":2,"name":"Shop","item":"https:\/\/linen.eu\/en\/shop\/"},{"@type":"ListItem","position":3,"name":"Nomi Silk Bedding by Seidenweber"}]},{"@type":"WebSite","@id":"https:\/\/linen.eu\/en\/#website","url":"https:\/\/linen.eu\/en\/","name":"Linen.eu","description":"","publisher":{"@id":"https:\/\/linen.eu\/en\/#organization"},"potentialAction":[{"@type":"SearchAction","target":{"@type":"EntryPoint","urlTemplate":"https:\/\/linen.eu\/en\/?s={search_term_string}"},"query-input":{"@type":"PropertyValueSpecification","valueRequired":true,"valueName":"search_term_string"}}],"inLanguage":"en-US"},{"@type":"Organization","@id":"https:\/\/linen.eu\/en\/#organization","name":"Linen Lounge","alternateName":"linen.eu","url":"https:\/\/linen.eu\/en\/","logo":{"@type":"ImageObject","inLanguage":"en-US","@id":"https:\/\/linen.eu\/en\/#\/schema\/logo\/image\/","url":"https:\/\/linen.eu\/wp-content\/uploads\/2025\/10\/LinenLounge-NEU2.webp","contentUrl":"https:\/\/linen.eu\/wp-content\/uploads\/2025\/10\/LinenLounge-NEU2.webp","width":1800,"height":455,"caption":"Linen Lounge"},"image":{"@id":"https:\/\/linen.eu\/en\/#\/schema\/logo\/image\/"},"sameAs":["https:\/\/linen.eu","https:\/\/x.com\/linenlounge","https:\/\/www.instagram.com\/linen.lounge?igsh=MW81aGhiY2VxZGRpMw==&utm_source=qr","http:\/\/www.youtube.com\/@Linenlounge"],"description":"Online Fachhandel f\u00fcr europ\u00e4ische Leinen-Bettw\u00e4sche und Heimtextilien aus traditionellen Webereien wie Leitner Leinen, Schlitzer Leinen, Libeco, Vieb\u00f6ck und Hoffmann.","email":"info@linen.eu","telephone":"+49 (0) 69 90738860","legalName":"Linen UG (haftungsbeschr\u00e4nkt)","foundingDate":"2015-04-08","numberOfEmployees":{"@type":"QuantitativeValue","minValue":"1","maxValue":"10"}}]},"product_brand":"Plauener Silk Weaving Mill \u2013 The Real Fabric from a Single Source","og_availability":"instock","product_availability":"instock","product_condition":"new"},"_links":{"self":[{"href":"https:\/\/linen.eu\/en\/wp-json\/wp\/v2\/product\/112540","targetHints":{"allow":["GET"]}}],"collection":[{"href":"https:\/\/linen.eu\/en\/wp-json\/wp\/v2\/product"}],"about":[{"href":"https:\/\/linen.eu\/en\/wp-json\/wp\/v2\/types\/product"}],"replies":[{"embeddable":true,"href":"https:\/\/linen.eu\/en\/wp-json\/wp\/v2\/comments?post=112540"}],"wp:featuredmedia":[{"embeddable":true,"href":"https:\/\/linen.eu\/en\/wp-json\/wp\/v2\/media\/112541"}],"wp:attachment":[{"href":"https:\/\/linen.eu\/en\/wp-json\/wp\/v2\/media?parent=112540"}],"wp:term":[{"taxonomy":"product_brand","embeddable":true,"href":"https:\/\/linen.eu\/en\/wp-json\/wp\/v2\/product_brand?post=112540"},{"taxonomy":"product_cat","embeddable":true,"href":"https:\/\/linen.eu\/en\/wp-json\/wp\/v2\/product_cat?post=112540"},{"taxonomy":"product_tag","embeddable":true,"href":"https:\/\/linen.eu\/en\/wp-json\/wp\/v2\/product_tag?post=112540"}],"curies":[{"name":"wp","href":"https:\/\/api.w.org\/{rel}","templated":true}]}}