{"id":113570,"date":"2025-12-08T15:35:44","date_gmt":"2025-12-08T14:35:44","guid":{"rendered":"https:\/\/linen.eu\/produkt\/tinos-pure-linen-towel-from-libeco\/"},"modified":"2026-04-12T00:09:43","modified_gmt":"2026-04-11T22:09:43","slug":"tinos-pure-linen-towel-from-libeco","status":"publish","type":"product","link":"https:\/\/linen.eu\/en\/produkt\/tinos-pure-linen-towel-from-libeco\/","title":{"rendered":"Tinos &#8211; Pure linen towel from Libeco"},"content":{"rendered":"<h2 class=\"h3 product-detail-description-title\">&#8220;Tinos &#8211; Pure linen towel from Libeco&#8221;<\/h2>\n<div class=\"product-detail-description-text\">\n<p class=\"h3 product-detail-description-title\">Tinos &#8211; Pure Linen Towel from Libeco &#8211; pretty cool with an understated look &#8230; This is what the designer says: &#8220;This is our classic striped towel collection, in a modern twill weave. This collection combines beautifully with almost all Libeco designs.&#8221;<\/p>\n<h3>Towels made from organic linen<\/h3>\n<p>Organic linen redefines the term towel. Instead of the usual cotton, organic linen is a fabric with special properties for towels. Organic linen is lighter than cotton of the same thickness. Towels made from organic linen are just as absorbent and dry faster.    The dense fibers of flax allow moisture to pass through easily. They also have anti-allergenic, antiseptic and hygroscopic properties. The hard-wearing linen fiber is also very durable and abrasion-resistant, whether on the beach, in the sauna, when traveling or at the gym. Not forgetting the environmentally friendly and sustainable production of towels made from organic linen, certified by the GOTS standard. Organic linen becomes softer and more supple with every wash. Towels made from organic linen-cotton blends are also very popular. They combine the best of both fabrics in one. Whether towels made from pure European organic linen or towels made from linen-cotton blends, they impress with their material properties as well as their style and elegance.       <\/p>\n<h3>The Weaving Mill<\/h3>\n<p>In 2006, <a href=\"https:\/\/linen.eu\/brand\/libeco\/\">Libeco<\/a> received a knighthood from the Belgian royal family: &#8220;Belgian Royal Warrant Holder&#8221; is the impressive recognition of the quality of this linen. The &#8220;Belgian Linen&#8221; quality seal is the guarantee of a quality product in accordance with all the rules of sustainable management. All Libeco fabrics bear the coveted &#8220;Masters of Linen&#8221; label. This guarantees that the fabrics have been tested to meet the extremely high requirements of this master class and that they are manufactured exclusively in Europe. &#8220;Eco Line&#8221; and &#8220;Oeko-Tex&#8221; provide the assurance that Libeco fabrics are free from harmful substances and that they have not been treated, bleached or dyed with chemicals.    <\/p>\n<h3>The product: Tinos &#8211; Pure linen towel from <a href=\"https:\/\/linen.eu\/en\/linen-weaving-mills\/libeco\/\">Libeco<\/a><\/h3>\n<p>Available as a towel<br \/>\n100% pure linen washed. Medium-weight quality of 295 grams per square meter, CO\u2082 neutral production<br \/>\nWeave: Linen weave<br \/>\nThread count: Nm 58<br \/>\nPattern: Stripes on plain<br \/>\nMasters of Linen quality.<br \/>\nMade in Belgium. <\/p>\n<h3>Care Instructions<\/h3>\n<p>Colored linen can be washed up to 60\u00b0, white up to 95\u00b0. As with all materials, linen will last longer if washed at a lower temperature. What linen does not tolerate are detergents with optical brighteners, they bleach out the natural colors and the fabric becomes light Wrinkling: Linen needs sufficient residual moisture so that it does not wrinkle so much. Do not overload the machine so that the fabric can move, do not spin linen too hard or for too long. If you want to iron linen, iron the garments on the hot setting of your iron when they are still a little damp. Even if it is convenient: avoid drying linen in the dryer. Overdrying can cause it to shrink.      <\/p>\n<\/div>\n","protected":false},"excerpt":{"rendered":"<p><strong data-start=\"100\" data-end=\"146\">Tinos &#8211; Pure linen towel from Libeco<\/strong><br data-start=\"146\" data-end=\"149\">Elegant towel made of 100% organic linen with a classic stripe pattern in a modern twill weave. Lightweight, highly absorbent and quick-drying, with sustainable, CO\u2082-neutral production in Belgium. High-quality &#8220;Masters of Linen&#8221; quality.  <\/p>\n","protected":false},"featured_media":87032,"comment_status":"open","ping_status":"closed","template":"","meta":{"_acf_changed":false},"product_brand":[4801,4806],"product_cat":[3847,3844],"product_tag":[3849,3640,3641],"class_list":{"0":"post-113570","1":"product","2":"type-product","3":"status-publish","4":"has-post-thumbnail","6":"product_brand-libeco","7":"product_brand-libeco-linen-terry","8":"product_cat-linen-towels","9":"product_cat-kitchen-and-bath","10":"product_tag-linen-towel","11":"product_tag-all-year","12":"product_tag-linen","14":"first","15":"instock","16":"taxable","17":"shipping-taxable","18":"purchasable","19":"product-type-variable"},"acf":[],"yoast_head":"<!-- This site is optimized with the Yoast SEO Premium plugin v27.3 (Yoast SEO v27.3) - https:\/\/yoast.com\/product\/yoast-seo-premium-wordpress\/ -->\n<title>Tinos - Pure linen towel from Libeco - Linen.eu<\/title>\n<meta name=\"description\" content=\"Tinos - Pure linen towel from Libeco \u271a Traditional genuine linen weaving \u271a Woven and sewn in Belgium \u27a4 Simply buy online now\" \/>\n<meta name=\"robots\" content=\"index, follow, max-snippet:-1, max-image-preview:large, max-video-preview:-1\" \/>\n<link rel=\"canonical\" href=\"https:\/\/linen.eu\/en\/produkt\/tinos-pure-linen-towel-from-libeco\/\" \/>\n<meta property=\"og:locale\" content=\"en_US\" \/>\n<meta property=\"og:type\" content=\"article\" \/>\n<meta property=\"og:title\" content=\"Tinos - Pure linen towel from Libeco\" \/>\n<meta property=\"og:description\" content=\"Tinos - Pure linen towel from Libeco \u271a Traditional genuine linen weaving \u271a Woven and sewn in Belgium \u27a4 Simply buy online now\" \/>\n<meta property=\"og:url\" content=\"https:\/\/linen.eu\/en\/produkt\/tinos-pure-linen-towel-from-libeco\/\" \/>\n<meta property=\"og:site_name\" content=\"Linen.eu\" \/>\n<meta property=\"article:publisher\" content=\"https:\/\/linen.eu\" \/>\n<meta property=\"article:modified_time\" content=\"2026-04-11T22:09:43+00:00\" \/>\n<meta name=\"twitter:card\" content=\"summary_large_image\" \/>\n<meta name=\"twitter:site\" content=\"@linenlounge\" \/>\n<meta name=\"twitter:label1\" content=\"Availability\" \/>\n\t<meta name=\"twitter:data1\" content=\"In stock\" \/>\n<script type=\"application\/ld+json\" class=\"yoast-schema-graph\">{\"@context\":\"https:\\\/\\\/schema.org\",\"@graph\":[{\"@type\":\"WebPage\",\"@id\":\"https:\\\/\\\/linen.eu\\\/en\\\/produkt\\\/tinos-pure-linen-towel-from-libeco\\\/\",\"url\":\"https:\\\/\\\/linen.eu\\\/en\\\/produkt\\\/tinos-pure-linen-towel-from-libeco\\\/\",\"name\":\"Tinos - Pure linen towel from Libeco - Linen.eu\",\"isPartOf\":{\"@id\":\"https:\\\/\\\/linen.eu\\\/en\\\/#website\"},\"primaryImageOfPage\":{\"@id\":\"https:\\\/\\\/linen.eu\\\/en\\\/produkt\\\/tinos-pure-linen-towel-from-libeco\\\/#primaryimage\"},\"image\":{\"@id\":\"https:\\\/\\\/linen.eu\\\/en\\\/produkt\\\/tinos-pure-linen-towel-from-libeco\\\/#primaryimage\"},\"thumbnailUrl\":\"https:\\\/\\\/linen.eu\\\/wp-content\\\/uploads\\\/2025\\\/12\\\/the_belgian_towel-tinos-jan_2024-guest_towel-02_1_Tinos.avif\",\"datePublished\":\"2025-12-08T14:35:44+00:00\",\"dateModified\":\"2026-04-11T22:09:43+00:00\",\"description\":\"Tinos - Pure linen towel from Libeco \u271a Traditional genuine linen weaving \u271a Woven and sewn in Belgium \u27a4 Simply buy online now\",\"breadcrumb\":{\"@id\":\"https:\\\/\\\/linen.eu\\\/en\\\/produkt\\\/tinos-pure-linen-towel-from-libeco\\\/#breadcrumb\"},\"inLanguage\":\"en-US\",\"potentialAction\":[{\"@type\":\"ReadAction\",\"target\":[\"https:\\\/\\\/linen.eu\\\/en\\\/produkt\\\/tinos-pure-linen-towel-from-libeco\\\/\"]}]},{\"@type\":\"ImageObject\",\"inLanguage\":\"en-US\",\"@id\":\"https:\\\/\\\/linen.eu\\\/en\\\/produkt\\\/tinos-pure-linen-towel-from-libeco\\\/#primaryimage\",\"url\":\"https:\\\/\\\/linen.eu\\\/wp-content\\\/uploads\\\/2025\\\/12\\\/the_belgian_towel-tinos-jan_2024-guest_towel-02_1_Tinos.avif\",\"contentUrl\":\"https:\\\/\\\/linen.eu\\\/wp-content\\\/uploads\\\/2025\\\/12\\\/the_belgian_towel-tinos-jan_2024-guest_towel-02_1_Tinos.avif\",\"width\":2000,\"height\":2000},{\"@type\":\"BreadcrumbList\",\"@id\":\"https:\\\/\\\/linen.eu\\\/en\\\/produkt\\\/tinos-pure-linen-towel-from-libeco\\\/#breadcrumb\",\"itemListElement\":[{\"@type\":\"ListItem\",\"position\":1,\"name\":\"Startseite\",\"item\":\"https:\\\/\\\/linen.eu\\\/en\\\/home\\\/\"},{\"@type\":\"ListItem\",\"position\":2,\"name\":\"Shop\",\"item\":\"https:\\\/\\\/linen.eu\\\/en\\\/shop\\\/\"},{\"@type\":\"ListItem\",\"position\":3,\"name\":\"Tinos &#8211; Pure linen towel from Libeco\"}]},{\"@type\":\"WebSite\",\"@id\":\"https:\\\/\\\/linen.eu\\\/en\\\/#website\",\"url\":\"https:\\\/\\\/linen.eu\\\/en\\\/\",\"name\":\"Linen.eu\",\"description\":\"\",\"publisher\":{\"@id\":\"https:\\\/\\\/linen.eu\\\/en\\\/#organization\"},\"potentialAction\":[{\"@type\":\"SearchAction\",\"target\":{\"@type\":\"EntryPoint\",\"urlTemplate\":\"https:\\\/\\\/linen.eu\\\/en\\\/?s={search_term_string}\"},\"query-input\":{\"@type\":\"PropertyValueSpecification\",\"valueRequired\":true,\"valueName\":\"search_term_string\"}}],\"inLanguage\":\"en-US\"},{\"@type\":\"Organization\",\"@id\":\"https:\\\/\\\/linen.eu\\\/en\\\/#organization\",\"name\":\"Linen Lounge\",\"alternateName\":\"linen.eu\",\"url\":\"https:\\\/\\\/linen.eu\\\/en\\\/\",\"logo\":{\"@type\":\"ImageObject\",\"inLanguage\":\"en-US\",\"@id\":\"https:\\\/\\\/linen.eu\\\/en\\\/#\\\/schema\\\/logo\\\/image\\\/\",\"url\":\"https:\\\/\\\/linen.eu\\\/wp-content\\\/uploads\\\/2025\\\/10\\\/LinenLounge-NEU2.webp\",\"contentUrl\":\"https:\\\/\\\/linen.eu\\\/wp-content\\\/uploads\\\/2025\\\/10\\\/LinenLounge-NEU2.webp\",\"width\":1800,\"height\":455,\"caption\":\"Linen Lounge\"},\"image\":{\"@id\":\"https:\\\/\\\/linen.eu\\\/en\\\/#\\\/schema\\\/logo\\\/image\\\/\"},\"sameAs\":[\"https:\\\/\\\/linen.eu\",\"https:\\\/\\\/x.com\\\/linenlounge\",\"https:\\\/\\\/www.instagram.com\\\/linen.lounge?igsh=MW81aGhiY2VxZGRpMw==&utm_source=qr\",\"http:\\\/\\\/www.youtube.com\\\/@Linenlounge\"],\"description\":\"Online Fachhandel f\u00fcr europ\u00e4ische Leinen-Bettw\u00e4sche und Heimtextilien aus traditionellen Webereien wie Leitner Leinen, Schlitzer Leinen, Libeco, Vieb\u00f6ck und Hoffmann.\",\"email\":\"info@linen.eu\",\"telephone\":\"+49 (0) 69 90738860\",\"legalName\":\"Linen UG (haftungsbeschr\u00e4nkt)\",\"foundingDate\":\"2015-04-08\",\"numberOfEmployees\":{\"@type\":\"QuantitativeValue\",\"minValue\":\"1\",\"maxValue\":\"10\"}}]}<\/script>\n<meta property=\"product:brand\" content=\"Libeco \u2013 Real Fabric at Home the World Over\" \/>\n<meta property=\"og:availability\" content=\"instock\" \/>\n<meta property=\"product:availability\" content=\"instock\" \/>\n<meta property=\"product:retailer_item_id\" content=\"111102049211\" \/>\n<meta property=\"product:condition\" content=\"new\" \/>\n<!-- \/ Yoast SEO Premium plugin. -->","yoast_head_json":{"title":"Tinos - Pure linen towel from Libeco - Linen.eu","description":"Tinos - Pure linen towel from Libeco \u271a Traditional genuine linen weaving \u271a Woven and sewn in Belgium \u27a4 Simply buy online now","robots":{"index":"index","follow":"follow","max-snippet":"max-snippet:-1","max-image-preview":"max-image-preview:large","max-video-preview":"max-video-preview:-1"},"canonical":"https:\/\/linen.eu\/en\/produkt\/tinos-pure-linen-towel-from-libeco\/","og_locale":"en_US","og_type":"article","og_title":"Tinos - Pure linen towel from Libeco","og_description":"Tinos - Pure linen towel from Libeco \u271a Traditional genuine linen weaving \u271a Woven and sewn in Belgium \u27a4 Simply buy online now","og_url":"https:\/\/linen.eu\/en\/produkt\/tinos-pure-linen-towel-from-libeco\/","og_site_name":"Linen.eu","article_publisher":"https:\/\/linen.eu","article_modified_time":"2026-04-11T22:09:43+00:00","twitter_card":"summary_large_image","twitter_site":"@linenlounge","twitter_misc":{"Availability":"In stock"},"schema":{"@context":"https:\/\/schema.org","@graph":[{"@type":"WebPage","@id":"https:\/\/linen.eu\/en\/produkt\/tinos-pure-linen-towel-from-libeco\/","url":"https:\/\/linen.eu\/en\/produkt\/tinos-pure-linen-towel-from-libeco\/","name":"Tinos - Pure linen towel from Libeco - Linen.eu","isPartOf":{"@id":"https:\/\/linen.eu\/en\/#website"},"primaryImageOfPage":{"@id":"https:\/\/linen.eu\/en\/produkt\/tinos-pure-linen-towel-from-libeco\/#primaryimage"},"image":{"@id":"https:\/\/linen.eu\/en\/produkt\/tinos-pure-linen-towel-from-libeco\/#primaryimage"},"thumbnailUrl":"https:\/\/linen.eu\/wp-content\/uploads\/2025\/12\/the_belgian_towel-tinos-jan_2024-guest_towel-02_1_Tinos.avif","datePublished":"2025-12-08T14:35:44+00:00","dateModified":"2026-04-11T22:09:43+00:00","description":"Tinos - Pure linen towel from Libeco \u271a Traditional genuine linen weaving \u271a Woven and sewn in Belgium \u27a4 Simply buy online now","breadcrumb":{"@id":"https:\/\/linen.eu\/en\/produkt\/tinos-pure-linen-towel-from-libeco\/#breadcrumb"},"inLanguage":"en-US","potentialAction":[{"@type":"ReadAction","target":["https:\/\/linen.eu\/en\/produkt\/tinos-pure-linen-towel-from-libeco\/"]}]},{"@type":"ImageObject","inLanguage":"en-US","@id":"https:\/\/linen.eu\/en\/produkt\/tinos-pure-linen-towel-from-libeco\/#primaryimage","url":"https:\/\/linen.eu\/wp-content\/uploads\/2025\/12\/the_belgian_towel-tinos-jan_2024-guest_towel-02_1_Tinos.avif","contentUrl":"https:\/\/linen.eu\/wp-content\/uploads\/2025\/12\/the_belgian_towel-tinos-jan_2024-guest_towel-02_1_Tinos.avif","width":2000,"height":2000},{"@type":"BreadcrumbList","@id":"https:\/\/linen.eu\/en\/produkt\/tinos-pure-linen-towel-from-libeco\/#breadcrumb","itemListElement":[{"@type":"ListItem","position":1,"name":"Startseite","item":"https:\/\/linen.eu\/en\/home\/"},{"@type":"ListItem","position":2,"name":"Shop","item":"https:\/\/linen.eu\/en\/shop\/"},{"@type":"ListItem","position":3,"name":"Tinos &#8211; Pure linen towel from Libeco"}]},{"@type":"WebSite","@id":"https:\/\/linen.eu\/en\/#website","url":"https:\/\/linen.eu\/en\/","name":"Linen.eu","description":"","publisher":{"@id":"https:\/\/linen.eu\/en\/#organization"},"potentialAction":[{"@type":"SearchAction","target":{"@type":"EntryPoint","urlTemplate":"https:\/\/linen.eu\/en\/?s={search_term_string}"},"query-input":{"@type":"PropertyValueSpecification","valueRequired":true,"valueName":"search_term_string"}}],"inLanguage":"en-US"},{"@type":"Organization","@id":"https:\/\/linen.eu\/en\/#organization","name":"Linen Lounge","alternateName":"linen.eu","url":"https:\/\/linen.eu\/en\/","logo":{"@type":"ImageObject","inLanguage":"en-US","@id":"https:\/\/linen.eu\/en\/#\/schema\/logo\/image\/","url":"https:\/\/linen.eu\/wp-content\/uploads\/2025\/10\/LinenLounge-NEU2.webp","contentUrl":"https:\/\/linen.eu\/wp-content\/uploads\/2025\/10\/LinenLounge-NEU2.webp","width":1800,"height":455,"caption":"Linen Lounge"},"image":{"@id":"https:\/\/linen.eu\/en\/#\/schema\/logo\/image\/"},"sameAs":["https:\/\/linen.eu","https:\/\/x.com\/linenlounge","https:\/\/www.instagram.com\/linen.lounge?igsh=MW81aGhiY2VxZGRpMw==&utm_source=qr","http:\/\/www.youtube.com\/@Linenlounge"],"description":"Online Fachhandel f\u00fcr europ\u00e4ische Leinen-Bettw\u00e4sche und Heimtextilien aus traditionellen Webereien wie Leitner Leinen, Schlitzer Leinen, Libeco, Vieb\u00f6ck und Hoffmann.","email":"info@linen.eu","telephone":"+49 (0) 69 90738860","legalName":"Linen UG (haftungsbeschr\u00e4nkt)","foundingDate":"2015-04-08","numberOfEmployees":{"@type":"QuantitativeValue","minValue":"1","maxValue":"10"}}]},"product_brand":"Libeco \u2013 Real Fabric at Home the World Over","og_availability":"instock","product_availability":"instock","product_retailer_item_id":"111102049211","product_condition":"new"},"_links":{"self":[{"href":"https:\/\/linen.eu\/en\/wp-json\/wp\/v2\/product\/113570","targetHints":{"allow":["GET"]}}],"collection":[{"href":"https:\/\/linen.eu\/en\/wp-json\/wp\/v2\/product"}],"about":[{"href":"https:\/\/linen.eu\/en\/wp-json\/wp\/v2\/types\/product"}],"replies":[{"embeddable":true,"href":"https:\/\/linen.eu\/en\/wp-json\/wp\/v2\/comments?post=113570"}],"wp:featuredmedia":[{"embeddable":true,"href":"https:\/\/linen.eu\/en\/wp-json\/wp\/v2\/media\/87032"}],"wp:attachment":[{"href":"https:\/\/linen.eu\/en\/wp-json\/wp\/v2\/media?parent=113570"}],"wp:term":[{"taxonomy":"product_brand","embeddable":true,"href":"https:\/\/linen.eu\/en\/wp-json\/wp\/v2\/product_brand?post=113570"},{"taxonomy":"product_cat","embeddable":true,"href":"https:\/\/linen.eu\/en\/wp-json\/wp\/v2\/product_cat?post=113570"},{"taxonomy":"product_tag","embeddable":true,"href":"https:\/\/linen.eu\/en\/wp-json\/wp\/v2\/product_tag?post=113570"}],"curies":[{"name":"wp","href":"https:\/\/api.w.org\/{rel}","templated":true}]}}