{"id":114700,"date":"2025-12-10T14:45:57","date_gmt":"2025-12-10T13:45:57","guid":{"rendered":"https:\/\/linen.eu\/produkt\/watercolor-half-linen-table-linen-from-leitner-leinen-white\/"},"modified":"2026-04-13T11:11:12","modified_gmt":"2026-04-13T09:11:12","slug":"watercolor-half-linen-table-linen-from-leitner-leinen-white","status":"publish","type":"product","link":"https:\/\/linen.eu\/en\/produkt\/watercolor-half-linen-table-linen-from-leitner-leinen-white\/","title":{"rendered":"Watercolor half-linen table linen from Leitner Leinen White"},"content":{"rendered":"<h2>&#8220;Watercolor half-linen table linen from Leitner Leinen&#8221;<\/h2>\n<p>Watercolor &#8211; the term conjures up that fleeting art in which colors melt in water and unite to form unexpected compositions. It is precisely this painterly quality that characterizes this half-linen design: floral and geometric shapes merge playfully into one another, as if an artist had applied them to damp paper with a broad brush. The contours are deliberately blurred, colors merge, shapes dissolve and re-emerge. Watercolor unfolds its artistic lightness at the table: it transforms every table into a canvas on which dishes and food come together to form a complete work of art. The design harmonizes with purist white porcelain as well as with colourful ceramics, creating a dialogue between order and playful freedom. The nine shades range from pure white and delicate pastel nuances to earthy stone tones and powerful anthracite. Watercolor transforms the table into an impressionistic still life.      <\/p>\n<h3>The benefits of half-linen for the table<\/h3>\n<p>Half-linen combines the qualities of two fine fibers to create an ideal table linen fabric. The pure cotton warp gives the fabric suppleness when draping and laying, while the pure linen weft provides strength and that elegant drape that enhances tables. This combination proves its worth in everyday use: the linen content makes the fabric naturally dirt-repellent &#8211; liquids roll off first and give it time to react. At the same time, the fabric regulates moisture without feeling clammy. The cotton significantly reduces the characteristic crinkling of linen and gives the table linen the relaxed drape that characterizes modern dining culture. In addition, the improved dyeability of cotton enables the watercolor-like color gradients that give the design its name. The protective linen structure increases abrasion resistance &#8211; half-linen table linen can withstand frequent washing without losing its beauty.      <\/p>\n<h3>Manufacturing tradition since 1853<\/h3>\n<p>The art of linen weaving has been cultivated in Ulrichsberg since 1853. What began as a local manufactory in the Upper Austrian M\u00fchlviertel region has developed over five generations into an internationally recognized weaving mill. The Leitner family <span class=\"s1\"><a href=\"https:\/\/linen.eu\/en\/linen-weaving-mills\/leitner-linen\/\">Leitner family<\/a> <\/span>family has never lost touch with traditional craftsmanship: Even today, people are still placed above machines, quality above quantity. Leitner presents its collections at the most important textile trade fairs worldwide &#8211; but the manufactory remains manageable and personal. The flexibility to respond to individual wishes, to produce special sizes and to provide expert advice still characterizes Leitner today. Each piece is manufactured with the aim of lasting for generations.     <\/p>\n<h3>The product: Watercolor half-linen table linen from <span class=\"s1\"><a href=\"https:\/\/linen.eu\/en\/linen-weaving-mills\/leitner-linen\/\"><b>Leitner Linen<\/b><\/a><\/span><\/h3>\n<p>\u2713 Available as a tablecloth, napkin, table runner and placemat in various sizes<br \/>\n\u2713 50% linen (weft), 50% cotton (warp) &#8211; washed and mechanically finished<br \/>\n\u2713 Fabric weight: medium-weight quality for optimum drape and a luxurious feel<br \/>\n\u2713 Fabric: Jacquard weave with impressionistic color gradients<br \/>\n\u2713 Design: Watercolor-like fusion of floral and geometric shapes<br \/>\n\u2713 Color palette: 9 artistic shades &#8211; white, alabaster, amber, blue fog, arctic blue, rust red, terra, stone, anthracite<br \/>\n\u2713 Masters of Linen quality &#8211; seal of approval for top European quality<br \/>\n\u2713 CO\u2082-neutral produced in Austria<br \/>\n\u2713 Individual special sizes available on request<\/p>\n<h4>Care of your half-linen table linen<\/h4>\n<p>Half-linen table linen is easy to care for and becomes smoother over time. Colored linen can withstand up to 60\u00b0, white up to 95\u00b0. In everyday use, 40-60\u00b0 is sufficient for perfect cleanliness. Rinse out fresh stains with cold water before washing. Avoid detergents with optical brighteners. The natural creasing gives the table an authentic charm &#8211; much more moderate with half-linen than with pure linen. For smoother results: Fill the drum to a maximum of two thirds full, spin at a maximum of 1000 revolutions. Iron at a medium to high temperature with residual moisture. Air drying preserves the fiber quality for decades.        <\/p>\n","protected":false},"excerpt":{"rendered":"<p data-start=\"175\" data-end=\"488\"><strong data-start=\"186\" data-end=\"228\">Watercolor half-linen from Leitner Leinen<\/strong> combines painterly lightness with the cultivated calm of natural fibres. The artfully woven jacquard design allows floral and geometric shapes to flow into one another in gentle color gradients and creates that fleeting impression reminiscent of pigments dissolved in water. Made from 50% linen and 50% cotton in a finely balanced half-linen jacquard weave, Aquarell combines the elegant drape and natural protective function of linen with the suppleness and color brilliance of cotton. Available in carefully coordinated shades and woven in a CO\u2082-neutral way in Austria, Aquarell stands for sustainable quality, textile tradition and a table design that harmoniously combines artistic freedom and timeless elegance.   <\/p>\n","protected":false},"featured_media":89632,"comment_status":"open","ping_status":"closed","template":"","meta":{"_acf_changed":false},"product_brand":[4797,4800],"product_cat":[3749,3636,3637],"product_tag":[3731,3750,3863,3639,3640],"class_list":{"0":"post-114700","1":"product","2":"type-product","3":"status-publish","4":"has-post-thumbnail","6":"product_brand-leitner-linen","7":"product_brand-leitner-linen-table-linen","8":"product_cat-linen-tablecloths","9":"product_cat-table-dining","10":"product_cat-linen-napkins","11":"product_tag-natural-fiber","12":"product_tag-gots-certified","13":"product_tag-the-linen-legend","14":"product_tag-organic-linen","15":"product_tag-all-year","17":"first","18":"instock","19":"taxable","20":"shipping-taxable","21":"purchasable","22":"product-type-variable","23":"has-default-attributes"},"acf":[],"yoast_head":"<!-- This site is optimized with the Yoast SEO Premium plugin v27.4 (Yoast SEO v27.4) - https:\/\/yoast.com\/product\/yoast-seo-premium-wordpress\/ -->\n<title>Watercolor half-table linen by Leitner White - Linen.eu<\/title>\n<meta name=\"description\" content=\"Watercolor half-linen table linen from Leitner Leinen \u271a The linen legend \u271a Woven and made in Austria \u271a Largest selection \u27a4 Simply buy online now\" \/>\n<meta name=\"robots\" content=\"index, follow, max-snippet:-1, max-image-preview:large, max-video-preview:-1\" \/>\n<link rel=\"canonical\" href=\"https:\/\/linen.eu\/en\/produkt\/watercolor-half-linen-table-linen-from-leitner-leinen-white\/\" \/>\n<meta property=\"og:locale\" content=\"en_US\" \/>\n<meta property=\"og:type\" content=\"article\" \/>\n<meta property=\"og:title\" content=\"Watercolor half-linen table linen from Leitner Leinen White\" \/>\n<meta property=\"og:description\" content=\"Watercolor half-linen table linen from Leitner Leinen \u271a The linen legend \u271a Woven and made in Austria \u271a Largest selection \u27a4 Simply buy online now\" \/>\n<meta property=\"og:url\" content=\"https:\/\/linen.eu\/en\/produkt\/watercolor-half-linen-table-linen-from-leitner-leinen-white\/\" \/>\n<meta property=\"og:site_name\" content=\"Linen.eu\" \/>\n<meta property=\"article:publisher\" content=\"https:\/\/linen.eu\" \/>\n<meta property=\"article:modified_time\" content=\"2026-04-13T09:11:12+00:00\" \/>\n<meta property=\"og:image\" content=\"https:\/\/linen.eu\/wp-content\/uploads\/2025\/12\/Aquarell-Tisch-1.jpg\" \/>\n\t<meta property=\"og:image:width\" content=\"1184\" \/>\n\t<meta property=\"og:image:height\" content=\"864\" \/>\n\t<meta property=\"og:image:type\" content=\"image\/jpeg\" \/>\n<meta name=\"twitter:card\" content=\"summary_large_image\" \/>\n<meta name=\"twitter:site\" content=\"@linenlounge\" \/>\n<meta name=\"twitter:label1\" content=\"Availability\" \/>\n\t<meta name=\"twitter:data1\" content=\"In stock\" \/>\n<script type=\"application\/ld+json\" class=\"yoast-schema-graph\">{\"@context\":\"https:\\\/\\\/schema.org\",\"@graph\":[{\"@type\":\"WebPage\",\"@id\":\"https:\\\/\\\/linen.eu\\\/en\\\/produkt\\\/watercolor-half-linen-table-linen-from-leitner-leinen-white\\\/\",\"url\":\"https:\\\/\\\/linen.eu\\\/en\\\/produkt\\\/watercolor-half-linen-table-linen-from-leitner-leinen-white\\\/\",\"name\":\"Watercolor half-table linen by Leitner White - Linen.eu\",\"isPartOf\":{\"@id\":\"https:\\\/\\\/linen.eu\\\/en\\\/#website\"},\"primaryImageOfPage\":{\"@id\":\"https:\\\/\\\/linen.eu\\\/en\\\/produkt\\\/watercolor-half-linen-table-linen-from-leitner-leinen-white\\\/#primaryimage\"},\"image\":{\"@id\":\"https:\\\/\\\/linen.eu\\\/en\\\/produkt\\\/watercolor-half-linen-table-linen-from-leitner-leinen-white\\\/#primaryimage\"},\"thumbnailUrl\":\"https:\\\/\\\/linen.eu\\\/wp-content\\\/uploads\\\/2025\\\/12\\\/Aquarell-Tisch-1.jpg\",\"datePublished\":\"2025-12-10T13:45:57+00:00\",\"dateModified\":\"2026-04-13T09:11:12+00:00\",\"description\":\"Watercolor half-linen table linen from Leitner Leinen \u271a The linen legend \u271a Woven and made in Austria \u271a Largest selection \u27a4 Simply buy online now\",\"breadcrumb\":{\"@id\":\"https:\\\/\\\/linen.eu\\\/en\\\/produkt\\\/watercolor-half-linen-table-linen-from-leitner-leinen-white\\\/#breadcrumb\"},\"inLanguage\":\"en-US\",\"potentialAction\":[{\"@type\":\"ReadAction\",\"target\":[\"https:\\\/\\\/linen.eu\\\/en\\\/produkt\\\/watercolor-half-linen-table-linen-from-leitner-leinen-white\\\/\"]}]},{\"@type\":\"ImageObject\",\"inLanguage\":\"en-US\",\"@id\":\"https:\\\/\\\/linen.eu\\\/en\\\/produkt\\\/watercolor-half-linen-table-linen-from-leitner-leinen-white\\\/#primaryimage\",\"url\":\"https:\\\/\\\/linen.eu\\\/wp-content\\\/uploads\\\/2025\\\/12\\\/Aquarell-Tisch-1.jpg\",\"contentUrl\":\"https:\\\/\\\/linen.eu\\\/wp-content\\\/uploads\\\/2025\\\/12\\\/Aquarell-Tisch-1.jpg\",\"width\":1184,\"height\":864,\"caption\":\"Ein gedeckter Tisch\"},{\"@type\":\"BreadcrumbList\",\"@id\":\"https:\\\/\\\/linen.eu\\\/en\\\/produkt\\\/watercolor-half-linen-table-linen-from-leitner-leinen-white\\\/#breadcrumb\",\"itemListElement\":[{\"@type\":\"ListItem\",\"position\":1,\"name\":\"Startseite\",\"item\":\"https:\\\/\\\/linen.eu\\\/en\\\/home\\\/\"},{\"@type\":\"ListItem\",\"position\":2,\"name\":\"Shop\",\"item\":\"https:\\\/\\\/linen.eu\\\/en\\\/shop\\\/\"},{\"@type\":\"ListItem\",\"position\":3,\"name\":\"Watercolor half-linen table linen from Leitner Leinen White\"}]},{\"@type\":\"WebSite\",\"@id\":\"https:\\\/\\\/linen.eu\\\/en\\\/#website\",\"url\":\"https:\\\/\\\/linen.eu\\\/en\\\/\",\"name\":\"Linen.eu\",\"description\":\"\",\"publisher\":{\"@id\":\"https:\\\/\\\/linen.eu\\\/en\\\/#organization\"},\"potentialAction\":[{\"@type\":\"SearchAction\",\"target\":{\"@type\":\"EntryPoint\",\"urlTemplate\":\"https:\\\/\\\/linen.eu\\\/en\\\/?s={search_term_string}\"},\"query-input\":{\"@type\":\"PropertyValueSpecification\",\"valueRequired\":true,\"valueName\":\"search_term_string\"}}],\"inLanguage\":\"en-US\"},{\"@type\":\"Organization\",\"@id\":\"https:\\\/\\\/linen.eu\\\/en\\\/#organization\",\"name\":\"Linen Lounge\",\"alternateName\":\"linen.eu\",\"url\":\"https:\\\/\\\/linen.eu\\\/en\\\/\",\"logo\":{\"@type\":\"ImageObject\",\"inLanguage\":\"en-US\",\"@id\":\"https:\\\/\\\/linen.eu\\\/en\\\/#\\\/schema\\\/logo\\\/image\\\/\",\"url\":\"https:\\\/\\\/linen.eu\\\/wp-content\\\/uploads\\\/2025\\\/10\\\/LinenLounge-NEU2.webp\",\"contentUrl\":\"https:\\\/\\\/linen.eu\\\/wp-content\\\/uploads\\\/2025\\\/10\\\/LinenLounge-NEU2.webp\",\"width\":1800,\"height\":455,\"caption\":\"Linen Lounge\"},\"image\":{\"@id\":\"https:\\\/\\\/linen.eu\\\/en\\\/#\\\/schema\\\/logo\\\/image\\\/\"},\"sameAs\":[\"https:\\\/\\\/linen.eu\",\"https:\\\/\\\/x.com\\\/linenlounge\",\"https:\\\/\\\/www.instagram.com\\\/linen.lounge?igsh=MW81aGhiY2VxZGRpMw==&utm_source=qr\",\"http:\\\/\\\/www.youtube.com\\\/@Linenlounge\"],\"description\":\"Online Fachhandel f\u00fcr europ\u00e4ische Leinen-Bettw\u00e4sche und Heimtextilien aus traditionellen Webereien wie Leitner Leinen, Schlitzer Leinen, Libeco, Vieb\u00f6ck und Hoffmann.\",\"email\":\"info@linen.eu\",\"telephone\":\"+49 (0) 69 90738860\",\"legalName\":\"Linen UG (haftungsbeschr\u00e4nkt)\",\"foundingDate\":\"2015-04-08\",\"numberOfEmployees\":{\"@type\":\"QuantitativeValue\",\"minValue\":\"1\",\"maxValue\":\"10\"}}]}<\/script>\n<meta property=\"product:brand\" content=\"Leitner Linen\" \/>\n<meta property=\"og:availability\" content=\"instock\" \/>\n<meta property=\"product:availability\" content=\"instock\" \/>\n<meta property=\"product:retailer_item_id\" content=\"125111280211\" \/>\n<meta property=\"product:condition\" content=\"new\" \/>\n<!-- \/ Yoast SEO Premium plugin. -->","yoast_head_json":{"title":"Watercolor half-table linen by Leitner White - Linen.eu","description":"Watercolor half-linen table linen from Leitner Leinen \u271a The linen legend \u271a Woven and made in Austria \u271a Largest selection \u27a4 Simply buy online now","robots":{"index":"index","follow":"follow","max-snippet":"max-snippet:-1","max-image-preview":"max-image-preview:large","max-video-preview":"max-video-preview:-1"},"canonical":"https:\/\/linen.eu\/en\/produkt\/watercolor-half-linen-table-linen-from-leitner-leinen-white\/","og_locale":"en_US","og_type":"article","og_title":"Watercolor half-linen table linen from Leitner Leinen White","og_description":"Watercolor half-linen table linen from Leitner Leinen \u271a The linen legend \u271a Woven and made in Austria \u271a Largest selection \u27a4 Simply buy online now","og_url":"https:\/\/linen.eu\/en\/produkt\/watercolor-half-linen-table-linen-from-leitner-leinen-white\/","og_site_name":"Linen.eu","article_publisher":"https:\/\/linen.eu","article_modified_time":"2026-04-13T09:11:12+00:00","og_image":[{"width":1184,"height":864,"url":"https:\/\/linen.eu\/wp-content\/uploads\/2025\/12\/Aquarell-Tisch-1.jpg","type":"image\/jpeg"}],"twitter_card":"summary_large_image","twitter_site":"@linenlounge","twitter_misc":{"Availability":"In stock"},"schema":{"@context":"https:\/\/schema.org","@graph":[{"@type":"WebPage","@id":"https:\/\/linen.eu\/en\/produkt\/watercolor-half-linen-table-linen-from-leitner-leinen-white\/","url":"https:\/\/linen.eu\/en\/produkt\/watercolor-half-linen-table-linen-from-leitner-leinen-white\/","name":"Watercolor half-table linen by Leitner White - Linen.eu","isPartOf":{"@id":"https:\/\/linen.eu\/en\/#website"},"primaryImageOfPage":{"@id":"https:\/\/linen.eu\/en\/produkt\/watercolor-half-linen-table-linen-from-leitner-leinen-white\/#primaryimage"},"image":{"@id":"https:\/\/linen.eu\/en\/produkt\/watercolor-half-linen-table-linen-from-leitner-leinen-white\/#primaryimage"},"thumbnailUrl":"https:\/\/linen.eu\/wp-content\/uploads\/2025\/12\/Aquarell-Tisch-1.jpg","datePublished":"2025-12-10T13:45:57+00:00","dateModified":"2026-04-13T09:11:12+00:00","description":"Watercolor half-linen table linen from Leitner Leinen \u271a The linen legend \u271a Woven and made in Austria \u271a Largest selection \u27a4 Simply buy online now","breadcrumb":{"@id":"https:\/\/linen.eu\/en\/produkt\/watercolor-half-linen-table-linen-from-leitner-leinen-white\/#breadcrumb"},"inLanguage":"en-US","potentialAction":[{"@type":"ReadAction","target":["https:\/\/linen.eu\/en\/produkt\/watercolor-half-linen-table-linen-from-leitner-leinen-white\/"]}]},{"@type":"ImageObject","inLanguage":"en-US","@id":"https:\/\/linen.eu\/en\/produkt\/watercolor-half-linen-table-linen-from-leitner-leinen-white\/#primaryimage","url":"https:\/\/linen.eu\/wp-content\/uploads\/2025\/12\/Aquarell-Tisch-1.jpg","contentUrl":"https:\/\/linen.eu\/wp-content\/uploads\/2025\/12\/Aquarell-Tisch-1.jpg","width":1184,"height":864,"caption":"Ein gedeckter Tisch"},{"@type":"BreadcrumbList","@id":"https:\/\/linen.eu\/en\/produkt\/watercolor-half-linen-table-linen-from-leitner-leinen-white\/#breadcrumb","itemListElement":[{"@type":"ListItem","position":1,"name":"Startseite","item":"https:\/\/linen.eu\/en\/home\/"},{"@type":"ListItem","position":2,"name":"Shop","item":"https:\/\/linen.eu\/en\/shop\/"},{"@type":"ListItem","position":3,"name":"Watercolor half-linen table linen from Leitner Leinen White"}]},{"@type":"WebSite","@id":"https:\/\/linen.eu\/en\/#website","url":"https:\/\/linen.eu\/en\/","name":"Linen.eu","description":"","publisher":{"@id":"https:\/\/linen.eu\/en\/#organization"},"potentialAction":[{"@type":"SearchAction","target":{"@type":"EntryPoint","urlTemplate":"https:\/\/linen.eu\/en\/?s={search_term_string}"},"query-input":{"@type":"PropertyValueSpecification","valueRequired":true,"valueName":"search_term_string"}}],"inLanguage":"en-US"},{"@type":"Organization","@id":"https:\/\/linen.eu\/en\/#organization","name":"Linen Lounge","alternateName":"linen.eu","url":"https:\/\/linen.eu\/en\/","logo":{"@type":"ImageObject","inLanguage":"en-US","@id":"https:\/\/linen.eu\/en\/#\/schema\/logo\/image\/","url":"https:\/\/linen.eu\/wp-content\/uploads\/2025\/10\/LinenLounge-NEU2.webp","contentUrl":"https:\/\/linen.eu\/wp-content\/uploads\/2025\/10\/LinenLounge-NEU2.webp","width":1800,"height":455,"caption":"Linen Lounge"},"image":{"@id":"https:\/\/linen.eu\/en\/#\/schema\/logo\/image\/"},"sameAs":["https:\/\/linen.eu","https:\/\/x.com\/linenlounge","https:\/\/www.instagram.com\/linen.lounge?igsh=MW81aGhiY2VxZGRpMw==&utm_source=qr","http:\/\/www.youtube.com\/@Linenlounge"],"description":"Online Fachhandel f\u00fcr europ\u00e4ische Leinen-Bettw\u00e4sche und Heimtextilien aus traditionellen Webereien wie Leitner Leinen, Schlitzer Leinen, Libeco, Vieb\u00f6ck und Hoffmann.","email":"info@linen.eu","telephone":"+49 (0) 69 90738860","legalName":"Linen UG (haftungsbeschr\u00e4nkt)","foundingDate":"2015-04-08","numberOfEmployees":{"@type":"QuantitativeValue","minValue":"1","maxValue":"10"}}]},"product_brand":"Leitner Linen","og_availability":"instock","product_availability":"instock","product_retailer_item_id":"125111280211","product_condition":"new"},"_links":{"self":[{"href":"https:\/\/linen.eu\/en\/wp-json\/wp\/v2\/product\/114700","targetHints":{"allow":["GET"]}}],"collection":[{"href":"https:\/\/linen.eu\/en\/wp-json\/wp\/v2\/product"}],"about":[{"href":"https:\/\/linen.eu\/en\/wp-json\/wp\/v2\/types\/product"}],"replies":[{"embeddable":true,"href":"https:\/\/linen.eu\/en\/wp-json\/wp\/v2\/comments?post=114700"}],"wp:featuredmedia":[{"embeddable":true,"href":"https:\/\/linen.eu\/en\/wp-json\/wp\/v2\/media\/89632"}],"wp:attachment":[{"href":"https:\/\/linen.eu\/en\/wp-json\/wp\/v2\/media?parent=114700"}],"wp:term":[{"taxonomy":"product_brand","embeddable":true,"href":"https:\/\/linen.eu\/en\/wp-json\/wp\/v2\/product_brand?post=114700"},{"taxonomy":"product_cat","embeddable":true,"href":"https:\/\/linen.eu\/en\/wp-json\/wp\/v2\/product_cat?post=114700"},{"taxonomy":"product_tag","embeddable":true,"href":"https:\/\/linen.eu\/en\/wp-json\/wp\/v2\/product_tag?post=114700"}],"curies":[{"name":"wp","href":"https:\/\/api.w.org\/{rel}","templated":true}]}}