{"id":119035,"date":"2025-12-03T13:40:02","date_gmt":"2025-12-03T12:40:02","guid":{"rendered":"https:\/\/linen.eu\/produkt\/diana-half-linen-bed-linen-from-leitner-leinen\/"},"modified":"2026-04-12T00:15:47","modified_gmt":"2026-04-11T22:15:47","slug":"diana-half-linen-bed-linen-from-leitner-leinen","status":"publish","type":"product","link":"https:\/\/linen.eu\/en\/produkt\/diana-half-linen-bed-linen-from-leitner-leinen\/","title":{"rendered":"Diana half-linen bed linen from Leitner Leinen"},"content":{"rendered":"<h2>&#8220;Diana half-linen bed linen from Leitner Leinen&#8221;<\/h2>\n<p>Diana &#8211; the name of the Roman goddess of the hunt, who became an icon of power and elegance in Art D\u00e9co. But this half-linen design tells a different story: stylized palm motifs in the glamorous tradition of Art D\u00e9co adorn the fabric. The finely worked contours lend the pattern the geometric clarity that characterized the 1920s and 1930s &#8211; an era in which ornament became modern art. The palm motifs are reminiscent of the large ocean liners of the time, of Art Deco hotels in Miami and Paris, of those years between the wars when design was characterized by optimistic modernity. In the bedroom, Diana reveals its timeless elegance: the design is neither historicizing nor fashionable, but of a class that will last for decades. The nine shades &#8211; from pure white to delicate pastel nuances such as Sakura and Delft Blue to earthy tones such as Jade and Linen &#8211; allow for a variety of interpretations: restrained in monochrome arrangements or vibrant in colorful combinations.     <\/p>\n<h3>The advantages of half-linen<\/h3>\n<p>Half-linen is the result of textile intelligence: two fibers that combine their respective strengths to create a superior fabric. The warp of pure cotton provides elasticity and softness, while the weft of pure linen stands for strength and durability. This construction creates bed linen with remarkable properties: On warm days, the linen content has a cooling effect; on cool nights, the cotton retains warmth. The fabric regulates moisture naturally &#8211; it absorbs it generously and transports it away quickly without feeling damp. The antibacterial properties of linen fibers remain largely effective in half-linen, while cotton significantly reduces the characteristic linen creasing and simplifies care. The better dyeability of cotton enables the clear contours of the Diana design, which give the Art Deco pattern its characteristic precision. More attractively priced than pure linen and more durable than pure cotton, half-linen offers exceptional value for money.      <\/p>\n<h3>Manufacturing tradition since 1853<\/h3>\n<p>There are crafts that will last for generations due to their timeless significance. The linen weaving mill <span class=\"s1\"><a href=\"https:\/\/linen.eu\/en\/linen-weaving-mills\/leitner-linen\/\">Leitner<\/a> <\/span>has been one of these enduring manufactories since 1853. In Ulrichsberg in Upper Austria, nestled in the rolling hills of the M\u00fchlviertel, fabrics of exceptional quality have been woven for five generations. What began as a regional weaving mill has developed into an internationally recognized manufactory whose collections are presented at the most important textile trade fairs. But despite its worldwide recognition, Leitner has retained its manufactory character: production remains manageable, contact with customers is personal and the response to special requests is flexible. Custom-made products for unusual bed sizes are just as much a part of the company&#8217;s philosophy as expert advice. Each piece leaves the weaving mill with the claim to accompany generations.      <\/p>\n<h4>The product: Diana half-linen bed linen from <span class=\"s1\"><a href=\"https:\/\/linen.eu\/en\/linen-weaving-mills\/leitner-linen\/\"><b>Leitner Linen<\/b><\/a><\/span><\/h4>\n<p>\u2713 Available as comforter cover and pillowcase in various sizes<br \/>\n\u2713 50% linen (weft), 50% cotton (warp) &#8211; washed and mechanically finished<br \/>\n\u2713 Fabric weight: medium-weight quality for year-round sleeping comfort<br \/>\n\u2713 Fabric: Jacquard weave with finely contoured Art Deco motifs<br \/>\n\u2713 Design: Stylized palm motifs in the Art Deco tradition<br \/>\n\u2713 Closure: Comforter covers and pillowcases with sturdy buttons, alternatively with zipper<br \/>\n\u2713 Color palette: 9 elegant shades &#8211; White, Alabaster, Sakura, Marigold, Delft Blue, Blue Fog, Cyclamen, Jade, Linen<br \/>\n\u2713 Masters of Linen quality &#8211; seal of approval for top European quality<br \/>\n\u2713 CO\u2082-neutral produced in Austria<br \/>\n\u2713 Individual special sizes available on request<\/p>\n<h4>Care of your half-linen bed linen<\/h4>\n<p>Half-linen bed linen rewards uncomplicated care with increasing softness. Colored linen can be washed at up to 60\u00b0, white at up to 95\u00b0. For normal use, 40-60\u00b0 is perfectly adequate. Avoid detergents with optical brighteners, which would take away the linen&#8217;s natural depth of color. A certain amount of creasing is part of natural fibers and underlines their authenticity &#8211; with half-linen, however, it is much more moderate than with pure linen. For a smoother result, we recommend a drum that is not too full (maximum two thirds) and a maximum spin speed of 1000 revolutions. Half-linen is best ironed at a medium to high temperature as long as there is still residual moisture. Do not use a tumble dryer &#8211; gentle air drying preserves the fiber quality for decades.       <\/p>\n","protected":false},"excerpt":{"rendered":"<p data-start=\"175\" data-end=\"488\"><strong data-start=\"183\" data-end=\"222\">Diana half-linen from Leitner Leinen<\/strong> combines Art Deco elegance with the cultivated calm of natural fibers. The artfully woven jacquard design interprets stylized palm motifs from the 1920s and 1930s in clearly contoured shapes that harmoniously combine modern geometry and timeless sophistication. Made from 50% linen and 50% cotton in a finely balanced half-linen jacquard weave, Diana combines cooling freshness and supple warmth with high moisture regulation, natural smoothness and a patina that gains character over time. Available in nine carefully coordinated shades and woven in a CO\u2082-neutral way in Austria, Diana stands for sustainable quality, textile tradition and bed linen that perfectly combines the optimism of Art Deco with modern restraint.   <\/p>\n","protected":false},"featured_media":82014,"comment_status":"open","ping_status":"closed","template":"","meta":{"_acf_changed":false},"product_brand":[4797,4798],"product_cat":[3862,3728,3785,3786,3787,3788,3789,3790],"product_tag":[3639,3863,3731,3640,3750],"class_list":{"0":"post-119035","1":"product","2":"type-product","3":"status-publish","4":"has-post-thumbnail","6":"product_brand-leitner-linen","7":"product_brand-leitner-half-linen-bed-linen","8":"product_cat-160x210","9":"product_cat-bedroom","10":"product_cat-linen-bedding","11":"product_cat-155x220","12":"product_cat-135x200","13":"product_cat-200x200","14":"product_cat-200x220","15":"product_cat-220x240","16":"product_tag-organic-linen","17":"product_tag-the-linen-legend","18":"product_tag-natural-fiber","19":"product_tag-all-year","20":"product_tag-gots-certified","22":"first","23":"instock","24":"taxable","25":"shipping-taxable","26":"purchasable","27":"product-type-variable"},"acf":[],"yoast_head":"<!-- This site is optimized with the Yoast SEO Premium plugin v27.4 (Yoast SEO v27.4) - https:\/\/yoast.com\/product\/yoast-seo-premium-wordpress\/ -->\n<title>Diana half-linen bed linen from Leitner Leinen - Linen.eu<\/title>\n<meta name=\"description\" content=\"Diana half-linen bed linen from Leitner Leinen \u271a The linen legend \u271a Woven and made in Austria \u271a Largest selection \u27a4 Simply buy online now\" \/>\n<meta name=\"robots\" content=\"index, follow, max-snippet:-1, max-image-preview:large, max-video-preview:-1\" \/>\n<link rel=\"canonical\" href=\"https:\/\/linen.eu\/en\/produkt\/diana-half-linen-bed-linen-from-leitner-leinen\/\" \/>\n<meta property=\"og:locale\" content=\"en_US\" \/>\n<meta property=\"og:type\" content=\"article\" \/>\n<meta property=\"og:title\" content=\"Diana half-linen bed linen from Leitner Leinen\" \/>\n<meta property=\"og:description\" content=\"Diana half-linen bed linen from Leitner Leinen \u271a The linen legend \u271a Woven and made in Austria \u271a Largest selection \u27a4 Simply buy online now\" \/>\n<meta property=\"og:url\" content=\"https:\/\/linen.eu\/en\/produkt\/diana-half-linen-bed-linen-from-leitner-leinen\/\" \/>\n<meta property=\"og:site_name\" content=\"Linen.eu\" \/>\n<meta property=\"article:publisher\" content=\"https:\/\/linen.eu\" \/>\n<meta property=\"article:modified_time\" content=\"2026-04-11T22:15:47+00:00\" \/>\n<meta property=\"og:image\" content=\"https:\/\/linen.eu\/wp-content\/uploads\/2025\/12\/Diana-1.jpg\" \/>\n\t<meta property=\"og:image:width\" content=\"1184\" \/>\n\t<meta property=\"og:image:height\" content=\"864\" \/>\n\t<meta property=\"og:image:type\" content=\"image\/jpeg\" \/>\n<meta name=\"twitter:card\" content=\"summary_large_image\" \/>\n<meta name=\"twitter:site\" content=\"@linenlounge\" \/>\n<meta name=\"twitter:label1\" content=\"Availability\" \/>\n\t<meta name=\"twitter:data1\" content=\"In stock\" \/>\n<script type=\"application\/ld+json\" class=\"yoast-schema-graph\">{\"@context\":\"https:\\\/\\\/schema.org\",\"@graph\":[{\"@type\":\"WebPage\",\"@id\":\"https:\\\/\\\/linen.eu\\\/en\\\/produkt\\\/diana-half-linen-bed-linen-from-leitner-leinen\\\/\",\"url\":\"https:\\\/\\\/linen.eu\\\/en\\\/produkt\\\/diana-half-linen-bed-linen-from-leitner-leinen\\\/\",\"name\":\"Diana half-linen bed linen from Leitner Leinen - Linen.eu\",\"isPartOf\":{\"@id\":\"https:\\\/\\\/linen.eu\\\/en\\\/#website\"},\"primaryImageOfPage\":{\"@id\":\"https:\\\/\\\/linen.eu\\\/en\\\/produkt\\\/diana-half-linen-bed-linen-from-leitner-leinen\\\/#primaryimage\"},\"image\":{\"@id\":\"https:\\\/\\\/linen.eu\\\/en\\\/produkt\\\/diana-half-linen-bed-linen-from-leitner-leinen\\\/#primaryimage\"},\"thumbnailUrl\":\"https:\\\/\\\/linen.eu\\\/wp-content\\\/uploads\\\/2025\\\/12\\\/Diana-1.jpg\",\"datePublished\":\"2025-12-03T12:40:02+00:00\",\"dateModified\":\"2026-04-11T22:15:47+00:00\",\"description\":\"Diana half-linen bed linen from Leitner Leinen \u271a The linen legend \u271a Woven and made in Austria \u271a Largest selection \u27a4 Simply buy online now\",\"breadcrumb\":{\"@id\":\"https:\\\/\\\/linen.eu\\\/en\\\/produkt\\\/diana-half-linen-bed-linen-from-leitner-leinen\\\/#breadcrumb\"},\"inLanguage\":\"en-US\",\"potentialAction\":[{\"@type\":\"ReadAction\",\"target\":[\"https:\\\/\\\/linen.eu\\\/en\\\/produkt\\\/diana-half-linen-bed-linen-from-leitner-leinen\\\/\"]}]},{\"@type\":\"ImageObject\",\"inLanguage\":\"en-US\",\"@id\":\"https:\\\/\\\/linen.eu\\\/en\\\/produkt\\\/diana-half-linen-bed-linen-from-leitner-leinen\\\/#primaryimage\",\"url\":\"https:\\\/\\\/linen.eu\\\/wp-content\\\/uploads\\\/2025\\\/12\\\/Diana-1.jpg\",\"contentUrl\":\"https:\\\/\\\/linen.eu\\\/wp-content\\\/uploads\\\/2025\\\/12\\\/Diana-1.jpg\",\"width\":1184,\"height\":864,\"caption\":\"Ein Bett in einem Zimmer\"},{\"@type\":\"BreadcrumbList\",\"@id\":\"https:\\\/\\\/linen.eu\\\/en\\\/produkt\\\/diana-half-linen-bed-linen-from-leitner-leinen\\\/#breadcrumb\",\"itemListElement\":[{\"@type\":\"ListItem\",\"position\":1,\"name\":\"Startseite\",\"item\":\"https:\\\/\\\/linen.eu\\\/en\\\/home\\\/\"},{\"@type\":\"ListItem\",\"position\":2,\"name\":\"Shop\",\"item\":\"https:\\\/\\\/linen.eu\\\/en\\\/shop\\\/\"},{\"@type\":\"ListItem\",\"position\":3,\"name\":\"Diana half-linen bed linen from Leitner Leinen\"}]},{\"@type\":\"WebSite\",\"@id\":\"https:\\\/\\\/linen.eu\\\/en\\\/#website\",\"url\":\"https:\\\/\\\/linen.eu\\\/en\\\/\",\"name\":\"Linen.eu\",\"description\":\"\",\"publisher\":{\"@id\":\"https:\\\/\\\/linen.eu\\\/en\\\/#organization\"},\"potentialAction\":[{\"@type\":\"SearchAction\",\"target\":{\"@type\":\"EntryPoint\",\"urlTemplate\":\"https:\\\/\\\/linen.eu\\\/en\\\/?s={search_term_string}\"},\"query-input\":{\"@type\":\"PropertyValueSpecification\",\"valueRequired\":true,\"valueName\":\"search_term_string\"}}],\"inLanguage\":\"en-US\"},{\"@type\":\"Organization\",\"@id\":\"https:\\\/\\\/linen.eu\\\/en\\\/#organization\",\"name\":\"Linen Lounge\",\"alternateName\":\"linen.eu\",\"url\":\"https:\\\/\\\/linen.eu\\\/en\\\/\",\"logo\":{\"@type\":\"ImageObject\",\"inLanguage\":\"en-US\",\"@id\":\"https:\\\/\\\/linen.eu\\\/en\\\/#\\\/schema\\\/logo\\\/image\\\/\",\"url\":\"https:\\\/\\\/linen.eu\\\/wp-content\\\/uploads\\\/2025\\\/10\\\/LinenLounge-NEU2.webp\",\"contentUrl\":\"https:\\\/\\\/linen.eu\\\/wp-content\\\/uploads\\\/2025\\\/10\\\/LinenLounge-NEU2.webp\",\"width\":1800,\"height\":455,\"caption\":\"Linen Lounge\"},\"image\":{\"@id\":\"https:\\\/\\\/linen.eu\\\/en\\\/#\\\/schema\\\/logo\\\/image\\\/\"},\"sameAs\":[\"https:\\\/\\\/linen.eu\",\"https:\\\/\\\/x.com\\\/linenlounge\",\"https:\\\/\\\/www.instagram.com\\\/linen.lounge?igsh=MW81aGhiY2VxZGRpMw==&utm_source=qr\",\"http:\\\/\\\/www.youtube.com\\\/@Linenlounge\"],\"description\":\"Online Fachhandel f\u00fcr europ\u00e4ische Leinen-Bettw\u00e4sche und Heimtextilien aus traditionellen Webereien wie Leitner Leinen, Schlitzer Leinen, Libeco, Vieb\u00f6ck und Hoffmann.\",\"email\":\"info@linen.eu\",\"telephone\":\"+49 (0) 69 90738860\",\"legalName\":\"Linen UG (haftungsbeschr\u00e4nkt)\",\"foundingDate\":\"2015-04-08\",\"numberOfEmployees\":{\"@type\":\"QuantitativeValue\",\"minValue\":\"1\",\"maxValue\":\"10\"}}]}<\/script>\n<meta property=\"product:brand\" content=\"Leitner Linen\" \/>\n<meta property=\"og:availability\" content=\"instock\" \/>\n<meta property=\"product:availability\" content=\"instock\" \/>\n<meta property=\"product:retailer_item_id\" content=\"125111280220\" \/>\n<meta property=\"product:condition\" content=\"new\" \/>\n<!-- \/ Yoast SEO Premium plugin. -->","yoast_head_json":{"title":"Diana half-linen bed linen from Leitner Leinen - Linen.eu","description":"Diana half-linen bed linen from Leitner Leinen \u271a The linen legend \u271a Woven and made in Austria \u271a Largest selection \u27a4 Simply buy online now","robots":{"index":"index","follow":"follow","max-snippet":"max-snippet:-1","max-image-preview":"max-image-preview:large","max-video-preview":"max-video-preview:-1"},"canonical":"https:\/\/linen.eu\/en\/produkt\/diana-half-linen-bed-linen-from-leitner-leinen\/","og_locale":"en_US","og_type":"article","og_title":"Diana half-linen bed linen from Leitner Leinen","og_description":"Diana half-linen bed linen from Leitner Leinen \u271a The linen legend \u271a Woven and made in Austria \u271a Largest selection \u27a4 Simply buy online now","og_url":"https:\/\/linen.eu\/en\/produkt\/diana-half-linen-bed-linen-from-leitner-leinen\/","og_site_name":"Linen.eu","article_publisher":"https:\/\/linen.eu","article_modified_time":"2026-04-11T22:15:47+00:00","og_image":[{"width":1184,"height":864,"url":"https:\/\/linen.eu\/wp-content\/uploads\/2025\/12\/Diana-1.jpg","type":"image\/jpeg"}],"twitter_card":"summary_large_image","twitter_site":"@linenlounge","twitter_misc":{"Availability":"In stock"},"schema":{"@context":"https:\/\/schema.org","@graph":[{"@type":"WebPage","@id":"https:\/\/linen.eu\/en\/produkt\/diana-half-linen-bed-linen-from-leitner-leinen\/","url":"https:\/\/linen.eu\/en\/produkt\/diana-half-linen-bed-linen-from-leitner-leinen\/","name":"Diana half-linen bed linen from Leitner Leinen - Linen.eu","isPartOf":{"@id":"https:\/\/linen.eu\/en\/#website"},"primaryImageOfPage":{"@id":"https:\/\/linen.eu\/en\/produkt\/diana-half-linen-bed-linen-from-leitner-leinen\/#primaryimage"},"image":{"@id":"https:\/\/linen.eu\/en\/produkt\/diana-half-linen-bed-linen-from-leitner-leinen\/#primaryimage"},"thumbnailUrl":"https:\/\/linen.eu\/wp-content\/uploads\/2025\/12\/Diana-1.jpg","datePublished":"2025-12-03T12:40:02+00:00","dateModified":"2026-04-11T22:15:47+00:00","description":"Diana half-linen bed linen from Leitner Leinen \u271a The linen legend \u271a Woven and made in Austria \u271a Largest selection \u27a4 Simply buy online now","breadcrumb":{"@id":"https:\/\/linen.eu\/en\/produkt\/diana-half-linen-bed-linen-from-leitner-leinen\/#breadcrumb"},"inLanguage":"en-US","potentialAction":[{"@type":"ReadAction","target":["https:\/\/linen.eu\/en\/produkt\/diana-half-linen-bed-linen-from-leitner-leinen\/"]}]},{"@type":"ImageObject","inLanguage":"en-US","@id":"https:\/\/linen.eu\/en\/produkt\/diana-half-linen-bed-linen-from-leitner-leinen\/#primaryimage","url":"https:\/\/linen.eu\/wp-content\/uploads\/2025\/12\/Diana-1.jpg","contentUrl":"https:\/\/linen.eu\/wp-content\/uploads\/2025\/12\/Diana-1.jpg","width":1184,"height":864,"caption":"Ein Bett in einem Zimmer"},{"@type":"BreadcrumbList","@id":"https:\/\/linen.eu\/en\/produkt\/diana-half-linen-bed-linen-from-leitner-leinen\/#breadcrumb","itemListElement":[{"@type":"ListItem","position":1,"name":"Startseite","item":"https:\/\/linen.eu\/en\/home\/"},{"@type":"ListItem","position":2,"name":"Shop","item":"https:\/\/linen.eu\/en\/shop\/"},{"@type":"ListItem","position":3,"name":"Diana half-linen bed linen from Leitner Leinen"}]},{"@type":"WebSite","@id":"https:\/\/linen.eu\/en\/#website","url":"https:\/\/linen.eu\/en\/","name":"Linen.eu","description":"","publisher":{"@id":"https:\/\/linen.eu\/en\/#organization"},"potentialAction":[{"@type":"SearchAction","target":{"@type":"EntryPoint","urlTemplate":"https:\/\/linen.eu\/en\/?s={search_term_string}"},"query-input":{"@type":"PropertyValueSpecification","valueRequired":true,"valueName":"search_term_string"}}],"inLanguage":"en-US"},{"@type":"Organization","@id":"https:\/\/linen.eu\/en\/#organization","name":"Linen Lounge","alternateName":"linen.eu","url":"https:\/\/linen.eu\/en\/","logo":{"@type":"ImageObject","inLanguage":"en-US","@id":"https:\/\/linen.eu\/en\/#\/schema\/logo\/image\/","url":"https:\/\/linen.eu\/wp-content\/uploads\/2025\/10\/LinenLounge-NEU2.webp","contentUrl":"https:\/\/linen.eu\/wp-content\/uploads\/2025\/10\/LinenLounge-NEU2.webp","width":1800,"height":455,"caption":"Linen Lounge"},"image":{"@id":"https:\/\/linen.eu\/en\/#\/schema\/logo\/image\/"},"sameAs":["https:\/\/linen.eu","https:\/\/x.com\/linenlounge","https:\/\/www.instagram.com\/linen.lounge?igsh=MW81aGhiY2VxZGRpMw==&utm_source=qr","http:\/\/www.youtube.com\/@Linenlounge"],"description":"Online Fachhandel f\u00fcr europ\u00e4ische Leinen-Bettw\u00e4sche und Heimtextilien aus traditionellen Webereien wie Leitner Leinen, Schlitzer Leinen, Libeco, Vieb\u00f6ck und Hoffmann.","email":"info@linen.eu","telephone":"+49 (0) 69 90738860","legalName":"Linen UG (haftungsbeschr\u00e4nkt)","foundingDate":"2015-04-08","numberOfEmployees":{"@type":"QuantitativeValue","minValue":"1","maxValue":"10"}}]},"product_brand":"Leitner Linen","og_availability":"instock","product_availability":"instock","product_retailer_item_id":"125111280220","product_condition":"new"},"_links":{"self":[{"href":"https:\/\/linen.eu\/en\/wp-json\/wp\/v2\/product\/119035","targetHints":{"allow":["GET"]}}],"collection":[{"href":"https:\/\/linen.eu\/en\/wp-json\/wp\/v2\/product"}],"about":[{"href":"https:\/\/linen.eu\/en\/wp-json\/wp\/v2\/types\/product"}],"replies":[{"embeddable":true,"href":"https:\/\/linen.eu\/en\/wp-json\/wp\/v2\/comments?post=119035"}],"wp:featuredmedia":[{"embeddable":true,"href":"https:\/\/linen.eu\/en\/wp-json\/wp\/v2\/media\/82014"}],"wp:attachment":[{"href":"https:\/\/linen.eu\/en\/wp-json\/wp\/v2\/media?parent=119035"}],"wp:term":[{"taxonomy":"product_brand","embeddable":true,"href":"https:\/\/linen.eu\/en\/wp-json\/wp\/v2\/product_brand?post=119035"},{"taxonomy":"product_cat","embeddable":true,"href":"https:\/\/linen.eu\/en\/wp-json\/wp\/v2\/product_cat?post=119035"},{"taxonomy":"product_tag","embeddable":true,"href":"https:\/\/linen.eu\/en\/wp-json\/wp\/v2\/product_tag?post=119035"}],"curies":[{"name":"wp","href":"https:\/\/api.w.org\/{rel}","templated":true}]}}