{"id":123071,"date":"2025-08-12T16:51:24","date_gmt":"2025-08-12T14:51:24","guid":{"rendered":"https:\/\/linen.eu\/produkt\/organic-linen-bed-linen-with-fine-herringbone-from-vieboeck-273oe-90\/"},"modified":"2026-04-13T11:03:56","modified_gmt":"2026-04-13T09:03:56","slug":"organic-linen-bed-linen-with-fine-herringbone-from-vieboeck-273oe-90","status":"publish","type":"product","link":"https:\/\/linen.eu\/en\/produkt\/organic-linen-bed-linen-with-fine-herringbone-from-vieboeck-273oe-90\/","title":{"rendered":"Organic linen bed linen with fine herringbone from Vieb\u00f6ck 273\u00f6\/90"},"content":{"rendered":"<h2 class=\"h3 product-detail-description-title\">&#8220;Organic linen bed linen with fine herringbone from Vieb\u00f6ck&#8221;<\/h2>\n<div class=\"product-detail-description-text\">\n<p>Organic linen bed linen with fine herringbone from Vieb\u00f6ck is one of the oldest patterns of the Vieb\u00f6ck linen weaving mill. This traditional pattern is often attributed to the English and the Scots in particular, but it is clearly a pan-European heritage. Interpreted here as bed linen, it creates a cozy feeling on the skin. And the cool clarity of the pattern supports a pleasant detachment of thought. The best conditions for a carefree journey into the realm of dreams. Each bed linen is made exclusively to order for you.     <\/p>\n<h3>European organic linen<\/h3>\n<p>Linen bed linen allows the skin to breathe better. When it comes to our skin, linen is the perfect fabric. Due to its long, smooth fibers, linen absorbs a lot of moisture and repels dirt.   Linen is an intelligent fabric because linen balances out temperatures. Linen ensures a pleasant coolness in summer and creates cozy warmth in winter. The long linen fibers ensure that linen bed linen stays fresh for much longer. The linen fabric has been treated purely mechanically and is therefore very soft and skin-friendly. Linen treated in this way creases less and retains the naturalness and all the advantages of linen. Vieb\u00f6ck is convinced of organic linen and unconditional sustainability in all stages of production, so the creation of certified linen bed linen in accordance with the GOTS standard was a completely natural step.     <\/p>\n<h3>The Weaving Mill<\/h3>\n<p><a href=\"https:\/\/linen.eu\/en\/linen-weaving-mills\/vieboeck\/\">Vieb\u00f6ck <\/a>has been weaving linen and cotton fabrics for more than 185 years, both in traditional M\u00fchlviertel patterns and in modern designs. This makes them one of the oldest and most traditional companies in Austria. The International Association of the Natural Textile Industry has awarded Vieb\u00f6ck both GOTS and IVN BEST certification. This guarantees the highest demands on textiles in ecological and socially responsible standards.<br \/>\nAt Vieb\u00f6ck, these more than 180 years of tradition are combined with modern ideas such as ecology, sustainability and product clarity. The linen yarns come exclusively from environmentally friendly and sustainable cultivation in Europe (France, Belgium and Holland). The finishing is purely mechanical and natural, the fabrics are dyed with reactive dyes and vegetable dyes in Lower Austria. Christine and Carmen lovingly sew this bed linen exclusively for you. All Vieb\u00f6ck fabrics are woven exclusively in Helfenberg.       <\/p>\n<p>We recommend the fine linen sheets and fitted sheets from Vieb\u00f6ck. Each order is made individually for you. <\/p>\n<h3>The product: Organic linen bed linen with fine herringbone from <a href=\"https:\/\/linen.eu\/en\/magazine\/\">Vieb\u00f6ck<\/a><\/h3>\n<p>Available as a comforter cover, pillowcase and sheet<br \/>\n100% linen, washed. Heavy quality of 184 grams per square meter, CO\u2082 neutral production<br \/>\nBlankets and pillows with twisted buttons. A zipper can also be incorporated on request<br \/>\nWeave: Linen weave<br \/>\nThread count: Nm 26<br \/>\nPattern: Plain. Bright and summery<br \/>\nMasters of Linen award. organic quality<br \/>\nMade in Austria.    <\/p>\n<h3>Care Instructions<\/h3>\n<p>Colored linen can be washed up to 60\u00b0, white up to 95\u00b0. As with all materials, linen will last longer if washed at a lower temperature. What linen does not tolerate are detergents with optical brighteners, they bleach out the natural colors and the fabric becomes light Wrinkling: Linen needs sufficient residual moisture so that it does not wrinkle so much. Do not overload the machine so that the fabric can move, do not spin linen too hard or for too long. If you want to iron linen, iron the items on the hot linen setting of your iron when they are still a little damp. Even if it is convenient: avoid drying linen in the dryer. Overdrying can cause it to shrink      <\/p>\n<\/div>\n","protected":false},"excerpt":{"rendered":"<p><strong data-start=\"71\" data-end=\"124\">Organic linen bed linen Herringbone Acker by Vieb\u00f6ck<\/strong><br data-start=\"124\" data-end=\"127\">The organic linen bed linen Herringbone Acker by Vieb\u00f6ck combines one of the oldest weaving patterns with modern sleeping comfort. The fine herringbone pattern lends the fabric clarity and elegance, while pure organic linen creates a breathable, temperature-regulating sleeping environment. Sustainably woven in Austria and individually made to order.  <\/p>\n","protected":false},"featured_media":123075,"comment_status":"open","ping_status":"closed","template":"","meta":{"_acf_changed":false},"product_brand":[4794,4795,4793],"product_cat":[3748,3785,3786,3787,3788,3789,3862,3932,3728],"product_tag":[3731,3750,3639,3640],"class_list":{"0":"post-123071","1":"product","2":"type-product","3":"status-publish","4":"has-post-thumbnail","6":"product_brand-vieboeck-bed-linen","7":"product_brand-vieboeck-herringbone-bed-linen","8":"product_brand-vieboeck","9":"product_cat-product","10":"product_cat-linen-bedding","11":"product_cat-155x220","12":"product_cat-135x200","13":"product_cat-200x200","14":"product_cat-200x220","15":"product_cat-160x210","16":"product_cat-bed-linen-made-from-organic-linen","17":"product_cat-bedroom","18":"product_tag-natural-fiber","19":"product_tag-gots-certified","20":"product_tag-organic-linen","21":"product_tag-all-year","23":"first","24":"instock","25":"taxable","26":"shipping-taxable","27":"purchasable","28":"product-type-variable"},"acf":[],"yoast_head":"<!-- This site is optimized with the Yoast SEO Premium plugin v27.4 (Yoast SEO v27.4) - https:\/\/yoast.com\/product\/yoast-seo-premium-wordpress\/ -->\n<title>Organic bed linen herringbone \u2013 Vieb\u00f6ck 273\u00f6\/90 - Linen.eu<\/title>\n<meta name=\"description\" content=\"Organic linen bed linen fine herringbone by Vieboeck \u271a Traditional genuine linen weaving \u271a Spun and sewn in Austria \u27a4 Simply buy online now!\" \/>\n<meta name=\"robots\" content=\"index, follow, max-snippet:-1, max-image-preview:large, max-video-preview:-1\" \/>\n<link rel=\"canonical\" href=\"https:\/\/linen.eu\/en\/produkt\/organic-linen-bed-linen-with-fine-herringbone-from-vieboeck-273oe-90\/\" \/>\n<meta property=\"og:locale\" content=\"en_US\" \/>\n<meta property=\"og:type\" content=\"article\" \/>\n<meta property=\"og:title\" content=\"Organic linen bed linen with fine herringbone from Vieb\u00f6ck 273\u00f6\/90\" \/>\n<meta property=\"og:description\" content=\"Organic linen bed linen fine herringbone by Vieboeck \u271a Traditional genuine linen weaving \u271a Spun and sewn in Austria \u27a4 Simply buy online now!\" \/>\n<meta property=\"og:url\" content=\"https:\/\/linen.eu\/en\/produkt\/organic-linen-bed-linen-with-fine-herringbone-from-vieboeck-273oe-90\/\" \/>\n<meta property=\"og:site_name\" content=\"Linen.eu\" \/>\n<meta property=\"article:publisher\" content=\"https:\/\/linen.eu\" \/>\n<meta property=\"article:modified_time\" content=\"2026-04-13T09:03:56+00:00\" \/>\n<meta property=\"og:image\" content=\"https:\/\/linen.eu\/wp-content\/uploads\/2025\/08\/273oe-Natur.png\" \/>\n\t<meta property=\"og:image:width\" content=\"1152\" \/>\n\t<meta property=\"og:image:height\" content=\"896\" \/>\n\t<meta property=\"og:image:type\" content=\"image\/png\" \/>\n<meta name=\"twitter:card\" content=\"summary_large_image\" \/>\n<meta name=\"twitter:site\" content=\"@linenlounge\" \/>\n<meta name=\"twitter:label1\" content=\"Availability\" \/>\n\t<meta name=\"twitter:data1\" content=\"In stock\" \/>\n<script type=\"application\/ld+json\" class=\"yoast-schema-graph\">{\"@context\":\"https:\\\/\\\/schema.org\",\"@graph\":[{\"@type\":\"WebPage\",\"@id\":\"https:\\\/\\\/linen.eu\\\/en\\\/produkt\\\/organic-linen-bed-linen-with-fine-herringbone-from-vieboeck-273oe-90\\\/\",\"url\":\"https:\\\/\\\/linen.eu\\\/en\\\/produkt\\\/organic-linen-bed-linen-with-fine-herringbone-from-vieboeck-273oe-90\\\/\",\"name\":\"Organic bed linen herringbone \u2013 Vieb\u00f6ck 273\u00f6\\\/90 - Linen.eu\",\"isPartOf\":{\"@id\":\"https:\\\/\\\/linen.eu\\\/en\\\/#website\"},\"primaryImageOfPage\":{\"@id\":\"https:\\\/\\\/linen.eu\\\/en\\\/produkt\\\/organic-linen-bed-linen-with-fine-herringbone-from-vieboeck-273oe-90\\\/#primaryimage\"},\"image\":{\"@id\":\"https:\\\/\\\/linen.eu\\\/en\\\/produkt\\\/organic-linen-bed-linen-with-fine-herringbone-from-vieboeck-273oe-90\\\/#primaryimage\"},\"thumbnailUrl\":\"https:\\\/\\\/linen.eu\\\/wp-content\\\/uploads\\\/2025\\\/08\\\/273oe-Natur.png\",\"datePublished\":\"2025-08-12T14:51:24+00:00\",\"dateModified\":\"2026-04-13T09:03:56+00:00\",\"description\":\"Organic linen bed linen fine herringbone by Vieboeck \u271a Traditional genuine linen weaving \u271a Spun and sewn in Austria \u27a4 Simply buy online now!\",\"breadcrumb\":{\"@id\":\"https:\\\/\\\/linen.eu\\\/en\\\/produkt\\\/organic-linen-bed-linen-with-fine-herringbone-from-vieboeck-273oe-90\\\/#breadcrumb\"},\"inLanguage\":\"en-US\",\"potentialAction\":[{\"@type\":\"ReadAction\",\"target\":[\"https:\\\/\\\/linen.eu\\\/en\\\/produkt\\\/organic-linen-bed-linen-with-fine-herringbone-from-vieboeck-273oe-90\\\/\"]}]},{\"@type\":\"ImageObject\",\"inLanguage\":\"en-US\",\"@id\":\"https:\\\/\\\/linen.eu\\\/en\\\/produkt\\\/organic-linen-bed-linen-with-fine-herringbone-from-vieboeck-273oe-90\\\/#primaryimage\",\"url\":\"https:\\\/\\\/linen.eu\\\/wp-content\\\/uploads\\\/2025\\\/08\\\/273oe-Natur.png\",\"contentUrl\":\"https:\\\/\\\/linen.eu\\\/wp-content\\\/uploads\\\/2025\\\/08\\\/273oe-Natur.png\",\"width\":1152,\"height\":896,\"caption\":\"In a sun-drenched bedroom, a metal-framed bed with organic linen bedding with fine herringbone from Vieb\u00f6ck 273\u00f6\\\/90, a plaid pillow, a wooden stool with wildflowers and a teapot as well as a rustic ladder with a towel stand in front of a white brick wall.\"},{\"@type\":\"BreadcrumbList\",\"@id\":\"https:\\\/\\\/linen.eu\\\/en\\\/produkt\\\/organic-linen-bed-linen-with-fine-herringbone-from-vieboeck-273oe-90\\\/#breadcrumb\",\"itemListElement\":[{\"@type\":\"ListItem\",\"position\":1,\"name\":\"Startseite\",\"item\":\"https:\\\/\\\/linen.eu\\\/en\\\/home\\\/\"},{\"@type\":\"ListItem\",\"position\":2,\"name\":\"Shop\",\"item\":\"https:\\\/\\\/linen.eu\\\/en\\\/shop\\\/\"},{\"@type\":\"ListItem\",\"position\":3,\"name\":\"Organic linen bed linen with fine herringbone from Vieb\u00f6ck 273\u00f6\\\/90\"}]},{\"@type\":\"WebSite\",\"@id\":\"https:\\\/\\\/linen.eu\\\/en\\\/#website\",\"url\":\"https:\\\/\\\/linen.eu\\\/en\\\/\",\"name\":\"Linen.eu\",\"description\":\"\",\"publisher\":{\"@id\":\"https:\\\/\\\/linen.eu\\\/en\\\/#organization\"},\"potentialAction\":[{\"@type\":\"SearchAction\",\"target\":{\"@type\":\"EntryPoint\",\"urlTemplate\":\"https:\\\/\\\/linen.eu\\\/en\\\/?s={search_term_string}\"},\"query-input\":{\"@type\":\"PropertyValueSpecification\",\"valueRequired\":true,\"valueName\":\"search_term_string\"}}],\"inLanguage\":\"en-US\"},{\"@type\":\"Organization\",\"@id\":\"https:\\\/\\\/linen.eu\\\/en\\\/#organization\",\"name\":\"Linen Lounge\",\"alternateName\":\"linen.eu\",\"url\":\"https:\\\/\\\/linen.eu\\\/en\\\/\",\"logo\":{\"@type\":\"ImageObject\",\"inLanguage\":\"en-US\",\"@id\":\"https:\\\/\\\/linen.eu\\\/en\\\/#\\\/schema\\\/logo\\\/image\\\/\",\"url\":\"https:\\\/\\\/linen.eu\\\/wp-content\\\/uploads\\\/2025\\\/10\\\/LinenLounge-NEU2.webp\",\"contentUrl\":\"https:\\\/\\\/linen.eu\\\/wp-content\\\/uploads\\\/2025\\\/10\\\/LinenLounge-NEU2.webp\",\"width\":1800,\"height\":455,\"caption\":\"Linen Lounge\"},\"image\":{\"@id\":\"https:\\\/\\\/linen.eu\\\/en\\\/#\\\/schema\\\/logo\\\/image\\\/\"},\"sameAs\":[\"https:\\\/\\\/linen.eu\",\"https:\\\/\\\/x.com\\\/linenlounge\",\"https:\\\/\\\/www.instagram.com\\\/linen.lounge?igsh=MW81aGhiY2VxZGRpMw==&utm_source=qr\",\"http:\\\/\\\/www.youtube.com\\\/@Linenlounge\"],\"description\":\"Online Fachhandel f\u00fcr europ\u00e4ische Leinen-Bettw\u00e4sche und Heimtextilien aus traditionellen Webereien wie Leitner Leinen, Schlitzer Leinen, Libeco, Vieb\u00f6ck und Hoffmann.\",\"email\":\"info@linen.eu\",\"telephone\":\"+49 (0) 69 90738860\",\"legalName\":\"Linen UG (haftungsbeschr\u00e4nkt)\",\"foundingDate\":\"2015-04-08\",\"numberOfEmployees\":{\"@type\":\"QuantitativeValue\",\"minValue\":\"1\",\"maxValue\":\"10\"}}]}<\/script>\n<meta property=\"product:brand\" content=\"Vieb\u00f6ck Organic Linen Bed Linen\" \/>\n<meta property=\"og:availability\" content=\"instock\" \/>\n<meta property=\"product:availability\" content=\"instock\" \/>\n<meta property=\"product:condition\" content=\"new\" \/>\n<!-- \/ Yoast SEO Premium plugin. -->","yoast_head_json":{"title":"Organic bed linen herringbone \u2013 Vieb\u00f6ck 273\u00f6\/90 - Linen.eu","description":"Organic linen bed linen fine herringbone by Vieboeck \u271a Traditional genuine linen weaving \u271a Spun and sewn in Austria \u27a4 Simply buy online now!","robots":{"index":"index","follow":"follow","max-snippet":"max-snippet:-1","max-image-preview":"max-image-preview:large","max-video-preview":"max-video-preview:-1"},"canonical":"https:\/\/linen.eu\/en\/produkt\/organic-linen-bed-linen-with-fine-herringbone-from-vieboeck-273oe-90\/","og_locale":"en_US","og_type":"article","og_title":"Organic linen bed linen with fine herringbone from Vieb\u00f6ck 273\u00f6\/90","og_description":"Organic linen bed linen fine herringbone by Vieboeck \u271a Traditional genuine linen weaving \u271a Spun and sewn in Austria \u27a4 Simply buy online now!","og_url":"https:\/\/linen.eu\/en\/produkt\/organic-linen-bed-linen-with-fine-herringbone-from-vieboeck-273oe-90\/","og_site_name":"Linen.eu","article_publisher":"https:\/\/linen.eu","article_modified_time":"2026-04-13T09:03:56+00:00","og_image":[{"width":1152,"height":896,"url":"https:\/\/linen.eu\/wp-content\/uploads\/2025\/08\/273oe-Natur.png","type":"image\/png"}],"twitter_card":"summary_large_image","twitter_site":"@linenlounge","twitter_misc":{"Availability":"In stock"},"schema":{"@context":"https:\/\/schema.org","@graph":[{"@type":"WebPage","@id":"https:\/\/linen.eu\/en\/produkt\/organic-linen-bed-linen-with-fine-herringbone-from-vieboeck-273oe-90\/","url":"https:\/\/linen.eu\/en\/produkt\/organic-linen-bed-linen-with-fine-herringbone-from-vieboeck-273oe-90\/","name":"Organic bed linen herringbone \u2013 Vieb\u00f6ck 273\u00f6\/90 - Linen.eu","isPartOf":{"@id":"https:\/\/linen.eu\/en\/#website"},"primaryImageOfPage":{"@id":"https:\/\/linen.eu\/en\/produkt\/organic-linen-bed-linen-with-fine-herringbone-from-vieboeck-273oe-90\/#primaryimage"},"image":{"@id":"https:\/\/linen.eu\/en\/produkt\/organic-linen-bed-linen-with-fine-herringbone-from-vieboeck-273oe-90\/#primaryimage"},"thumbnailUrl":"https:\/\/linen.eu\/wp-content\/uploads\/2025\/08\/273oe-Natur.png","datePublished":"2025-08-12T14:51:24+00:00","dateModified":"2026-04-13T09:03:56+00:00","description":"Organic linen bed linen fine herringbone by Vieboeck \u271a Traditional genuine linen weaving \u271a Spun and sewn in Austria \u27a4 Simply buy online now!","breadcrumb":{"@id":"https:\/\/linen.eu\/en\/produkt\/organic-linen-bed-linen-with-fine-herringbone-from-vieboeck-273oe-90\/#breadcrumb"},"inLanguage":"en-US","potentialAction":[{"@type":"ReadAction","target":["https:\/\/linen.eu\/en\/produkt\/organic-linen-bed-linen-with-fine-herringbone-from-vieboeck-273oe-90\/"]}]},{"@type":"ImageObject","inLanguage":"en-US","@id":"https:\/\/linen.eu\/en\/produkt\/organic-linen-bed-linen-with-fine-herringbone-from-vieboeck-273oe-90\/#primaryimage","url":"https:\/\/linen.eu\/wp-content\/uploads\/2025\/08\/273oe-Natur.png","contentUrl":"https:\/\/linen.eu\/wp-content\/uploads\/2025\/08\/273oe-Natur.png","width":1152,"height":896,"caption":"In a sun-drenched bedroom, a metal-framed bed with organic linen bedding with fine herringbone from Vieb\u00f6ck 273\u00f6\/90, a plaid pillow, a wooden stool with wildflowers and a teapot as well as a rustic ladder with a towel stand in front of a white brick wall."},{"@type":"BreadcrumbList","@id":"https:\/\/linen.eu\/en\/produkt\/organic-linen-bed-linen-with-fine-herringbone-from-vieboeck-273oe-90\/#breadcrumb","itemListElement":[{"@type":"ListItem","position":1,"name":"Startseite","item":"https:\/\/linen.eu\/en\/home\/"},{"@type":"ListItem","position":2,"name":"Shop","item":"https:\/\/linen.eu\/en\/shop\/"},{"@type":"ListItem","position":3,"name":"Organic linen bed linen with fine herringbone from Vieb\u00f6ck 273\u00f6\/90"}]},{"@type":"WebSite","@id":"https:\/\/linen.eu\/en\/#website","url":"https:\/\/linen.eu\/en\/","name":"Linen.eu","description":"","publisher":{"@id":"https:\/\/linen.eu\/en\/#organization"},"potentialAction":[{"@type":"SearchAction","target":{"@type":"EntryPoint","urlTemplate":"https:\/\/linen.eu\/en\/?s={search_term_string}"},"query-input":{"@type":"PropertyValueSpecification","valueRequired":true,"valueName":"search_term_string"}}],"inLanguage":"en-US"},{"@type":"Organization","@id":"https:\/\/linen.eu\/en\/#organization","name":"Linen Lounge","alternateName":"linen.eu","url":"https:\/\/linen.eu\/en\/","logo":{"@type":"ImageObject","inLanguage":"en-US","@id":"https:\/\/linen.eu\/en\/#\/schema\/logo\/image\/","url":"https:\/\/linen.eu\/wp-content\/uploads\/2025\/10\/LinenLounge-NEU2.webp","contentUrl":"https:\/\/linen.eu\/wp-content\/uploads\/2025\/10\/LinenLounge-NEU2.webp","width":1800,"height":455,"caption":"Linen Lounge"},"image":{"@id":"https:\/\/linen.eu\/en\/#\/schema\/logo\/image\/"},"sameAs":["https:\/\/linen.eu","https:\/\/x.com\/linenlounge","https:\/\/www.instagram.com\/linen.lounge?igsh=MW81aGhiY2VxZGRpMw==&utm_source=qr","http:\/\/www.youtube.com\/@Linenlounge"],"description":"Online Fachhandel f\u00fcr europ\u00e4ische Leinen-Bettw\u00e4sche und Heimtextilien aus traditionellen Webereien wie Leitner Leinen, Schlitzer Leinen, Libeco, Vieb\u00f6ck und Hoffmann.","email":"info@linen.eu","telephone":"+49 (0) 69 90738860","legalName":"Linen UG (haftungsbeschr\u00e4nkt)","foundingDate":"2015-04-08","numberOfEmployees":{"@type":"QuantitativeValue","minValue":"1","maxValue":"10"}}]},"product_brand":"Vieb\u00f6ck Organic Linen Bed Linen","og_availability":"instock","product_availability":"instock","product_condition":"new"},"_links":{"self":[{"href":"https:\/\/linen.eu\/en\/wp-json\/wp\/v2\/product\/123071","targetHints":{"allow":["GET"]}}],"collection":[{"href":"https:\/\/linen.eu\/en\/wp-json\/wp\/v2\/product"}],"about":[{"href":"https:\/\/linen.eu\/en\/wp-json\/wp\/v2\/types\/product"}],"replies":[{"embeddable":true,"href":"https:\/\/linen.eu\/en\/wp-json\/wp\/v2\/comments?post=123071"}],"wp:featuredmedia":[{"embeddable":true,"href":"https:\/\/linen.eu\/en\/wp-json\/wp\/v2\/media\/123075"}],"wp:attachment":[{"href":"https:\/\/linen.eu\/en\/wp-json\/wp\/v2\/media?parent=123071"}],"wp:term":[{"taxonomy":"product_brand","embeddable":true,"href":"https:\/\/linen.eu\/en\/wp-json\/wp\/v2\/product_brand?post=123071"},{"taxonomy":"product_cat","embeddable":true,"href":"https:\/\/linen.eu\/en\/wp-json\/wp\/v2\/product_cat?post=123071"},{"taxonomy":"product_tag","embeddable":true,"href":"https:\/\/linen.eu\/en\/wp-json\/wp\/v2\/product_tag?post=123071"}],"curies":[{"name":"wp","href":"https:\/\/api.w.org\/{rel}","templated":true}]}}