{"id":123198,"date":"2025-08-12T16:51:18","date_gmt":"2025-08-12T14:51:18","guid":{"rendered":"https:\/\/linen.eu\/produkt\/foundry-linen-wool-mix-from-libeco\/"},"modified":"2026-04-12T00:13:38","modified_gmt":"2026-04-11T22:13:38","slug":"foundry-linen-wool-mix-from-libeco","status":"publish","type":"product","link":"https:\/\/linen.eu\/en\/produkt\/foundry-linen-wool-mix-from-libeco\/","title":{"rendered":"Foundry linen-wool mix from Libeco"},"content":{"rendered":"<h2 class=\"h3 product-detail-description-title\">&#8220;Foundry linen-wool mix from Libeco&#8221;<\/h2>\n<div class=\"product-detail-description-text\">\n<p>Foundry linen-wool mix from Libeco is inspired by the industrial style of La Brugeoise. The designer says: &#8220;La Brugeoise has been around since 1818 and retains its original pre-war splendor, just 40 km away from us. La Brugeoise is a real beauty and we are happy to spend a few days here and shoot our collection with our lovely model Ira. La Brugeoise was originally the largest ironworks in Belgium and later one of the most important international producers of railroad wagons and track material. The site is no longer used as a production facility, but if you browse through the photos, you&#8217;ll get an idea of what this gem once was.&#8221;    <\/p>\n<p>&#8220;This collection of linen\/wool plaids and cushions is lighter than the decorative linen and wool blankets, but has just as much body and structure. These plaids have no seams. They have a selvedge on the sides and a fringed hem at the top\/bottom. The cushions are finished with a decorative woven detail and zipper. It really is a must-have collection! Foundry: Beeswax and black stripes on a bone background.&#8221;     <\/p>\n<h3>European organic linen<\/h3>\n<p>Linen bed linen allows the skin to breathe better. When it comes to our skin, linen is the perfect fabric. Due to its long, smooth fibers, linen absorbs a lot of moisture and repels dirt.   Linen is an intelligent fabric because linen balances out temperatures. Linen ensures a pleasant coolness in summer and creates cozy warmth in winter. The long linen fibers ensure that linen bed linen stays fresh for much longer. The linen fabric has been treated purely mechanically and is therefore very soft and skin-friendly. Linen treated in this way creases less and retains the naturalness and all the advantages of linen. Libeco is convinced of organic linen and unconditional sustainability in all stages of production, so the creation of certified linen bed linen according to the GOTS standard in the Heritage collection was a logical next step.     <\/p>\n<h3>The Weaving Mill<\/h3>\n<p>In 2006, <a href=\"https:\/\/linen.eu\/brand\/libeco\/\">Libeco<\/a> received a knighthood from the Belgian royal family: &#8220;Belgian Royal Warrant Holder&#8221; is the impressive recognition of the quality of this linen. The &#8220;Belgian Linen&#8221; quality seal is the guarantee of a quality product in accordance with all the rules of sustainable management.  All Libeco fabrics bear the coveted &#8220;Masters of Linen&#8221; label. This guarantees that the fabrics have been tested to meet the extremely high requirements of this master class and that they are manufactured exclusively in Europe. &#8220;Eco Line&#8221; and &#8220;Oeko-Tex&#8221; provide the assurance that Libeco fabrics are free from harmful substances and that they have not been treated, bleached or dyed with chemicals.  <\/p>\n<p>We recommend the fine Heritage linen sheets and fitted sheets from Libeco.<\/p>\n<h3>The product: Foundry linen-wool mix from <a href=\"https:\/\/linen.eu\/en\/linen-weaving-mills\/libeco\/\">Libeco<\/a><\/h3>\n<p>Available as a plaid, cushion and bag<br \/>\n70% linen, 30% washed wool. Heavy quality of 610 grams per square meter, CO\u2082 neutral production<br \/>\nCushion with zipper<br \/>\nFabric: Linen weave with wool<br \/>\nThread count: Nm 28<br \/>\nPattern: Leather<br \/>\nMasters of Linen quality.<br \/>\nMade in Belgium. <\/p>\n<h3>Care Instructions<\/h3>\n<p>Colored linen can be washed up to 60\u00b0, white up to 95\u00b0. As with all materials, linen will last longer if washed at a lower temperature. What linen does not tolerate are detergents with optical brighteners, they bleach out the natural colors and the fabric becomes light Wrinkling: Linen needs sufficient residual moisture so that it does not wrinkle so much. Do not overload the machine so that the fabric can move, do not spin linen too hard or for too long. If you want to iron linen, iron the garments on the hot setting of your iron when they are still a little damp. Even if it is convenient: avoid drying linen in the dryer. Overdrying can cause it to shrink.      <\/p>\n<\/div>\n","protected":false},"excerpt":{"rendered":"<p data-start=\"80\" data-end=\"121\"><strong data-start=\"80\" data-end=\"119\">Foundry linen-wool mix from Libeco<\/strong><\/p>\n<p data-start=\"123\" data-end=\"604\">The Foundry collection from Libeco combines industrial charm with natural elegance. Made from 70% linen and 30% wool (610 g\/m\u00b2), it offers plaids, cushions and bags with striking stripes in beeswax and black on a light background. Soft, textured and woven without seams, with a decorative fringed hem and decorative details. CO\u2082-neutral produced in Belgium and awarded the <strong data-start=\"521\" data-end=\"543\">&#8220;Masters of Linen<\/strong> &#8221; label &#8211; a must-have for lovers of high-quality natural textiles.   <\/p>\n","protected":false},"featured_media":7663,"comment_status":"open","ping_status":"closed","template":"","meta":{"_acf_changed":false},"product_brand":[4801,4807],"product_cat":[3728,3947,3792,3936],"product_tag":[3731,3937,3940,3640,3641],"class_list":{"0":"post-123198","1":"product","2":"type-product","3":"status-publish","4":"has-post-thumbnail","6":"product_brand-libeco","7":"product_brand-libeco-throws","8":"product_cat-bedroom","9":"product_cat-linen-bedspreads","10":"product_cat-pillows","11":"product_cat-linen-blanket-and-throw","12":"product_tag-natural-fiber","13":"product_tag-linen-wool-mix","14":"product_tag-plaid","15":"product_tag-all-year","16":"product_tag-linen","18":"first","19":"instock","20":"taxable","21":"shipping-taxable","22":"purchasable","23":"product-type-variable"},"acf":[],"yoast_head":"<!-- This site is optimized with the Yoast SEO Premium plugin v27.4 (Yoast SEO v27.4) - https:\/\/yoast.com\/product\/yoast-seo-premium-wordpress\/ -->\n<title>Foundry linen-wool mix from Libeco - Linen.eu<\/title>\n<meta name=\"description\" content=\"Foundry linen-wool mix by Libeco \u271a Traditional genuine linen weaving \u271a Woven and sewn in Belgium \u27a4 Simply buy online now\" \/>\n<meta name=\"robots\" content=\"index, follow, max-snippet:-1, max-image-preview:large, max-video-preview:-1\" \/>\n<link rel=\"canonical\" href=\"https:\/\/linen.eu\/en\/produkt\/foundry-linen-wool-mix-from-libeco\/\" \/>\n<meta property=\"og:locale\" content=\"en_US\" \/>\n<meta property=\"og:type\" content=\"article\" \/>\n<meta property=\"og:title\" content=\"Foundry linen-wool mix from Libeco\" \/>\n<meta property=\"og:description\" content=\"Foundry linen-wool mix by Libeco \u271a Traditional genuine linen weaving \u271a Woven and sewn in Belgium \u27a4 Simply buy online now\" \/>\n<meta property=\"og:url\" content=\"https:\/\/linen.eu\/en\/produkt\/foundry-linen-wool-mix-from-libeco\/\" \/>\n<meta property=\"og:site_name\" content=\"Linen.eu\" \/>\n<meta property=\"article:publisher\" content=\"https:\/\/linen.eu\" \/>\n<meta property=\"article:modified_time\" content=\"2026-04-11T22:13:38+00:00\" \/>\n<meta property=\"og:image\" content=\"https:\/\/linen.eu\/wp-content\/uploads\/2025\/07\/foundry-m-16.jpg\" \/>\n\t<meta property=\"og:image:width\" content=\"1600\" \/>\n\t<meta property=\"og:image:height\" content=\"1200\" \/>\n\t<meta property=\"og:image:type\" content=\"image\/jpeg\" \/>\n<meta name=\"twitter:card\" content=\"summary_large_image\" \/>\n<meta name=\"twitter:site\" content=\"@linenlounge\" \/>\n<meta name=\"twitter:label1\" content=\"Availability\" \/>\n\t<meta name=\"twitter:data1\" content=\"In stock\" \/>\n<script type=\"application\/ld+json\" class=\"yoast-schema-graph\">{\"@context\":\"https:\\\/\\\/schema.org\",\"@graph\":[{\"@type\":\"WebPage\",\"@id\":\"https:\\\/\\\/linen.eu\\\/en\\\/produkt\\\/foundry-linen-wool-mix-from-libeco\\\/\",\"url\":\"https:\\\/\\\/linen.eu\\\/en\\\/produkt\\\/foundry-linen-wool-mix-from-libeco\\\/\",\"name\":\"Foundry linen-wool mix from Libeco - Linen.eu\",\"isPartOf\":{\"@id\":\"https:\\\/\\\/linen.eu\\\/en\\\/#website\"},\"primaryImageOfPage\":{\"@id\":\"https:\\\/\\\/linen.eu\\\/en\\\/produkt\\\/foundry-linen-wool-mix-from-libeco\\\/#primaryimage\"},\"image\":{\"@id\":\"https:\\\/\\\/linen.eu\\\/en\\\/produkt\\\/foundry-linen-wool-mix-from-libeco\\\/#primaryimage\"},\"thumbnailUrl\":\"https:\\\/\\\/linen.eu\\\/wp-content\\\/uploads\\\/2025\\\/07\\\/foundry-m-16.jpg\",\"datePublished\":\"2025-08-12T14:51:18+00:00\",\"dateModified\":\"2026-04-11T22:13:38+00:00\",\"description\":\"Foundry linen-wool mix by Libeco \u271a Traditional genuine linen weaving \u271a Woven and sewn in Belgium \u27a4 Simply buy online now\",\"breadcrumb\":{\"@id\":\"https:\\\/\\\/linen.eu\\\/en\\\/produkt\\\/foundry-linen-wool-mix-from-libeco\\\/#breadcrumb\"},\"inLanguage\":\"en-US\",\"potentialAction\":[{\"@type\":\"ReadAction\",\"target\":[\"https:\\\/\\\/linen.eu\\\/en\\\/produkt\\\/foundry-linen-wool-mix-from-libeco\\\/\"]}]},{\"@type\":\"ImageObject\",\"inLanguage\":\"en-US\",\"@id\":\"https:\\\/\\\/linen.eu\\\/en\\\/produkt\\\/foundry-linen-wool-mix-from-libeco\\\/#primaryimage\",\"url\":\"https:\\\/\\\/linen.eu\\\/wp-content\\\/uploads\\\/2025\\\/07\\\/foundry-m-16.jpg\",\"contentUrl\":\"https:\\\/\\\/linen.eu\\\/wp-content\\\/uploads\\\/2025\\\/07\\\/foundry-m-16.jpg\",\"width\":1600,\"height\":1200,\"caption\":\"Eine Frau in legerer Arbeitskleidung sitzt auf dem Boden, das Kinn auf die Hand gest\u00fctzt, neben gro\u00dfen Maschinen und h\u00e4ngenden Decken mit braunen und cremefarbenen Streifen. Sie wirkt nachdenklich und entspannt.\"},{\"@type\":\"BreadcrumbList\",\"@id\":\"https:\\\/\\\/linen.eu\\\/en\\\/produkt\\\/foundry-linen-wool-mix-from-libeco\\\/#breadcrumb\",\"itemListElement\":[{\"@type\":\"ListItem\",\"position\":1,\"name\":\"Startseite\",\"item\":\"https:\\\/\\\/linen.eu\\\/en\\\/home\\\/\"},{\"@type\":\"ListItem\",\"position\":2,\"name\":\"Shop\",\"item\":\"https:\\\/\\\/linen.eu\\\/en\\\/shop\\\/\"},{\"@type\":\"ListItem\",\"position\":3,\"name\":\"Foundry linen-wool mix from Libeco\"}]},{\"@type\":\"WebSite\",\"@id\":\"https:\\\/\\\/linen.eu\\\/en\\\/#website\",\"url\":\"https:\\\/\\\/linen.eu\\\/en\\\/\",\"name\":\"Linen.eu\",\"description\":\"\",\"publisher\":{\"@id\":\"https:\\\/\\\/linen.eu\\\/en\\\/#organization\"},\"potentialAction\":[{\"@type\":\"SearchAction\",\"target\":{\"@type\":\"EntryPoint\",\"urlTemplate\":\"https:\\\/\\\/linen.eu\\\/en\\\/?s={search_term_string}\"},\"query-input\":{\"@type\":\"PropertyValueSpecification\",\"valueRequired\":true,\"valueName\":\"search_term_string\"}}],\"inLanguage\":\"en-US\"},{\"@type\":\"Organization\",\"@id\":\"https:\\\/\\\/linen.eu\\\/en\\\/#organization\",\"name\":\"Linen Lounge\",\"alternateName\":\"linen.eu\",\"url\":\"https:\\\/\\\/linen.eu\\\/en\\\/\",\"logo\":{\"@type\":\"ImageObject\",\"inLanguage\":\"en-US\",\"@id\":\"https:\\\/\\\/linen.eu\\\/en\\\/#\\\/schema\\\/logo\\\/image\\\/\",\"url\":\"https:\\\/\\\/linen.eu\\\/wp-content\\\/uploads\\\/2025\\\/10\\\/LinenLounge-NEU2.webp\",\"contentUrl\":\"https:\\\/\\\/linen.eu\\\/wp-content\\\/uploads\\\/2025\\\/10\\\/LinenLounge-NEU2.webp\",\"width\":1800,\"height\":455,\"caption\":\"Linen Lounge\"},\"image\":{\"@id\":\"https:\\\/\\\/linen.eu\\\/en\\\/#\\\/schema\\\/logo\\\/image\\\/\"},\"sameAs\":[\"https:\\\/\\\/linen.eu\",\"https:\\\/\\\/x.com\\\/linenlounge\",\"https:\\\/\\\/www.instagram.com\\\/linen.lounge?igsh=MW81aGhiY2VxZGRpMw==&utm_source=qr\",\"http:\\\/\\\/www.youtube.com\\\/@Linenlounge\"],\"description\":\"Online Fachhandel f\u00fcr europ\u00e4ische Leinen-Bettw\u00e4sche und Heimtextilien aus traditionellen Webereien wie Leitner Leinen, Schlitzer Leinen, Libeco, Vieb\u00f6ck und Hoffmann.\",\"email\":\"info@linen.eu\",\"telephone\":\"+49 (0) 69 90738860\",\"legalName\":\"Linen UG (haftungsbeschr\u00e4nkt)\",\"foundingDate\":\"2015-04-08\",\"numberOfEmployees\":{\"@type\":\"QuantitativeValue\",\"minValue\":\"1\",\"maxValue\":\"10\"}}]}<\/script>\n<meta property=\"product:brand\" content=\"Libeco\" \/>\n<meta property=\"og:availability\" content=\"instock\" \/>\n<meta property=\"product:availability\" content=\"instock\" \/>\n<meta property=\"product:condition\" content=\"new\" \/>\n<!-- \/ Yoast SEO Premium plugin. -->","yoast_head_json":{"title":"Foundry linen-wool mix from Libeco - Linen.eu","description":"Foundry linen-wool mix by Libeco \u271a Traditional genuine linen weaving \u271a Woven and sewn in Belgium \u27a4 Simply buy online now","robots":{"index":"index","follow":"follow","max-snippet":"max-snippet:-1","max-image-preview":"max-image-preview:large","max-video-preview":"max-video-preview:-1"},"canonical":"https:\/\/linen.eu\/en\/produkt\/foundry-linen-wool-mix-from-libeco\/","og_locale":"en_US","og_type":"article","og_title":"Foundry linen-wool mix from Libeco","og_description":"Foundry linen-wool mix by Libeco \u271a Traditional genuine linen weaving \u271a Woven and sewn in Belgium \u27a4 Simply buy online now","og_url":"https:\/\/linen.eu\/en\/produkt\/foundry-linen-wool-mix-from-libeco\/","og_site_name":"Linen.eu","article_publisher":"https:\/\/linen.eu","article_modified_time":"2026-04-11T22:13:38+00:00","og_image":[{"width":1600,"height":1200,"url":"https:\/\/linen.eu\/wp-content\/uploads\/2025\/07\/foundry-m-16.jpg","type":"image\/jpeg"}],"twitter_card":"summary_large_image","twitter_site":"@linenlounge","twitter_misc":{"Availability":"In stock"},"schema":{"@context":"https:\/\/schema.org","@graph":[{"@type":"WebPage","@id":"https:\/\/linen.eu\/en\/produkt\/foundry-linen-wool-mix-from-libeco\/","url":"https:\/\/linen.eu\/en\/produkt\/foundry-linen-wool-mix-from-libeco\/","name":"Foundry linen-wool mix from Libeco - Linen.eu","isPartOf":{"@id":"https:\/\/linen.eu\/en\/#website"},"primaryImageOfPage":{"@id":"https:\/\/linen.eu\/en\/produkt\/foundry-linen-wool-mix-from-libeco\/#primaryimage"},"image":{"@id":"https:\/\/linen.eu\/en\/produkt\/foundry-linen-wool-mix-from-libeco\/#primaryimage"},"thumbnailUrl":"https:\/\/linen.eu\/wp-content\/uploads\/2025\/07\/foundry-m-16.jpg","datePublished":"2025-08-12T14:51:18+00:00","dateModified":"2026-04-11T22:13:38+00:00","description":"Foundry linen-wool mix by Libeco \u271a Traditional genuine linen weaving \u271a Woven and sewn in Belgium \u27a4 Simply buy online now","breadcrumb":{"@id":"https:\/\/linen.eu\/en\/produkt\/foundry-linen-wool-mix-from-libeco\/#breadcrumb"},"inLanguage":"en-US","potentialAction":[{"@type":"ReadAction","target":["https:\/\/linen.eu\/en\/produkt\/foundry-linen-wool-mix-from-libeco\/"]}]},{"@type":"ImageObject","inLanguage":"en-US","@id":"https:\/\/linen.eu\/en\/produkt\/foundry-linen-wool-mix-from-libeco\/#primaryimage","url":"https:\/\/linen.eu\/wp-content\/uploads\/2025\/07\/foundry-m-16.jpg","contentUrl":"https:\/\/linen.eu\/wp-content\/uploads\/2025\/07\/foundry-m-16.jpg","width":1600,"height":1200,"caption":"Eine Frau in legerer Arbeitskleidung sitzt auf dem Boden, das Kinn auf die Hand gest\u00fctzt, neben gro\u00dfen Maschinen und h\u00e4ngenden Decken mit braunen und cremefarbenen Streifen. Sie wirkt nachdenklich und entspannt."},{"@type":"BreadcrumbList","@id":"https:\/\/linen.eu\/en\/produkt\/foundry-linen-wool-mix-from-libeco\/#breadcrumb","itemListElement":[{"@type":"ListItem","position":1,"name":"Startseite","item":"https:\/\/linen.eu\/en\/home\/"},{"@type":"ListItem","position":2,"name":"Shop","item":"https:\/\/linen.eu\/en\/shop\/"},{"@type":"ListItem","position":3,"name":"Foundry linen-wool mix from Libeco"}]},{"@type":"WebSite","@id":"https:\/\/linen.eu\/en\/#website","url":"https:\/\/linen.eu\/en\/","name":"Linen.eu","description":"","publisher":{"@id":"https:\/\/linen.eu\/en\/#organization"},"potentialAction":[{"@type":"SearchAction","target":{"@type":"EntryPoint","urlTemplate":"https:\/\/linen.eu\/en\/?s={search_term_string}"},"query-input":{"@type":"PropertyValueSpecification","valueRequired":true,"valueName":"search_term_string"}}],"inLanguage":"en-US"},{"@type":"Organization","@id":"https:\/\/linen.eu\/en\/#organization","name":"Linen Lounge","alternateName":"linen.eu","url":"https:\/\/linen.eu\/en\/","logo":{"@type":"ImageObject","inLanguage":"en-US","@id":"https:\/\/linen.eu\/en\/#\/schema\/logo\/image\/","url":"https:\/\/linen.eu\/wp-content\/uploads\/2025\/10\/LinenLounge-NEU2.webp","contentUrl":"https:\/\/linen.eu\/wp-content\/uploads\/2025\/10\/LinenLounge-NEU2.webp","width":1800,"height":455,"caption":"Linen Lounge"},"image":{"@id":"https:\/\/linen.eu\/en\/#\/schema\/logo\/image\/"},"sameAs":["https:\/\/linen.eu","https:\/\/x.com\/linenlounge","https:\/\/www.instagram.com\/linen.lounge?igsh=MW81aGhiY2VxZGRpMw==&utm_source=qr","http:\/\/www.youtube.com\/@Linenlounge"],"description":"Online Fachhandel f\u00fcr europ\u00e4ische Leinen-Bettw\u00e4sche und Heimtextilien aus traditionellen Webereien wie Leitner Leinen, Schlitzer Leinen, Libeco, Vieb\u00f6ck und Hoffmann.","email":"info@linen.eu","telephone":"+49 (0) 69 90738860","legalName":"Linen UG (haftungsbeschr\u00e4nkt)","foundingDate":"2015-04-08","numberOfEmployees":{"@type":"QuantitativeValue","minValue":"1","maxValue":"10"}}]},"product_brand":"Libeco","og_availability":"instock","product_availability":"instock","product_condition":"new"},"_links":{"self":[{"href":"https:\/\/linen.eu\/en\/wp-json\/wp\/v2\/product\/123198","targetHints":{"allow":["GET"]}}],"collection":[{"href":"https:\/\/linen.eu\/en\/wp-json\/wp\/v2\/product"}],"about":[{"href":"https:\/\/linen.eu\/en\/wp-json\/wp\/v2\/types\/product"}],"replies":[{"embeddable":true,"href":"https:\/\/linen.eu\/en\/wp-json\/wp\/v2\/comments?post=123198"}],"wp:featuredmedia":[{"embeddable":true,"href":"https:\/\/linen.eu\/en\/wp-json\/wp\/v2\/media\/7663"}],"wp:attachment":[{"href":"https:\/\/linen.eu\/en\/wp-json\/wp\/v2\/media?parent=123198"}],"wp:term":[{"taxonomy":"product_brand","embeddable":true,"href":"https:\/\/linen.eu\/en\/wp-json\/wp\/v2\/product_brand?post=123198"},{"taxonomy":"product_cat","embeddable":true,"href":"https:\/\/linen.eu\/en\/wp-json\/wp\/v2\/product_cat?post=123198"},{"taxonomy":"product_tag","embeddable":true,"href":"https:\/\/linen.eu\/en\/wp-json\/wp\/v2\/product_tag?post=123198"}],"curies":[{"name":"wp","href":"https:\/\/api.w.org\/{rel}","templated":true}]}}