{"id":123199,"date":"2025-08-12T16:51:25","date_gmt":"2025-08-12T14:51:25","guid":{"rendered":"https:\/\/linen.eu\/produkt\/hemp-and-linen-bed-linen-oyster-by-vieboeck-226-02\/"},"modified":"2026-04-13T11:04:12","modified_gmt":"2026-04-13T09:04:12","slug":"hemp-and-linen-bed-linen-oyster-by-vieboeck-226-02","status":"publish","type":"product","link":"https:\/\/linen.eu\/en\/produkt\/hemp-and-linen-bed-linen-oyster-by-vieboeck-226-02\/","title":{"rendered":"Hemp and linen bed linen Oyster by Vieb\u00f6ck 226\/02"},"content":{"rendered":"<h2 class=\"h3 product-detail-description-title\">&#8220;Hemp and linen bed linen Oyster by Vieb\u00f6ck &#8220;<\/h2>\n<div class=\"product-detail-description-text\">\n<p>Hemp and linen bed linen Oyster by Vieb\u00f6ck is one of the oldest patterns of the Vieb\u00f6ck linen weaving mill. The <span data-segment-position=\"1\">combination <\/span><span data-segment-position=\"2\">of <\/span><span data-segment-position=\"3\">hemp <\/span><span data-segment-position=\"4\">and <\/span><span data-segment-position=\"5\">linen is particularly <\/span><span data-segment-position=\"8\">rare. Too bad, has <\/span>   <span data-segment-position=\"10\">them very much  <\/span><span data-segment-position=\"12\">positive  <\/span><span data-segment-position=\"13\">Properties.<\/span> <span data-segment-position=\"0\">All year round  <\/span><span data-segment-position=\"3\">provide  <\/span><span data-segment-position=\"4\">the  <\/span><span data-segment-position=\"5\">warming  <\/span><span data-segment-position=\"6\">Hemp  <\/span><span data-segment-position=\"7\">and  <\/span><span data-segment-position=\"8\">the  <\/span><span data-segment-position=\"9\">cooling  <\/span><span data-segment-position=\"10\">Linen  <\/span><span data-segment-position=\"11\">for  <\/span><span data-segment-position=\"12\">a  <\/span><span data-segment-position=\"13\">pleasant  <\/span><span data-segment-position=\"14\">Sleeping climate.<\/span> <span data-segment-position=\"0\">The  <\/span><span data-segment-position=\"1\">environmentally friendly  <\/span><span data-segment-position=\"2\">Fabric  <\/span><span data-segment-position=\"3\">exists  <\/span><span data-segment-position=\"13\">from  <\/span><span data-segment-position=\"5\">colored  <\/span><span data-segment-position=\"6\">Linen yarns  <\/span><span data-segment-position=\"7\">and  <\/span><span data-segment-position=\"13\">from  <\/span><span data-segment-position=\"9\">natural hemp yarns.<\/span> <span data-segment-position=\"0\">These  <\/span><span data-segment-position=\"1\">Composition  <\/span><span data-segment-position=\"2\">led  <\/span><span data-segment-position=\"3\">to  <\/span><span data-segment-position=\"4\">intensive  <\/span><span data-segment-position=\"5\">and  <\/span><span data-segment-position=\"6\">glittering  <\/span><span data-segment-position=\"7\">Colors.  <\/span>The combination creates a cozy feeling on the skin. And the cool clarity of the pattern supports a pleasant detachment of thought. The best conditions for a carefree journey into the realm of dreams. Each bed linen set is made exclusively to order for you.   <\/p>\n<h3>European organic linen<\/h3>\n<p>Linen bed linen allows the skin to breathe better. When it comes to our skin, linen is the perfect fabric. Due to its long, smooth fibers, linen absorbs a lot of moisture and repels dirt.   Linen is an intelligent fabric because linen balances out temperatures. Linen ensures a pleasant coolness in summer and creates cozy warmth in winter. The long linen fibers ensure that linen bed linen stays fresh for much longer. The linen fabric has been treated purely mechanically and is therefore very soft and skin-friendly. Linen treated in this way creases less and retains the naturalness and all the advantages of linen. Vieb\u00f6ck is convinced of organic linen and unconditional sustainability in all stages of production, so the creation of certified linen bed linen in accordance with the GOTS standard was a completely natural step.     <\/p>\n<h3>The Weaving Mill<\/h3>\n<p><a href=\"https:\/\/linen.eu\/en\/linen-weaving-mills\/vieboeck\/\">Vieb\u00f6ck <\/a>has been weaving linen and cotton fabrics for more than 185 years, both in traditional M\u00fchlviertel patterns and in modern designs. This makes them one of the oldest and most traditional companies in Austria. The International Association of the Natural Textile Industry has awarded Vieb\u00f6ck both GOTS and IVN BEST certification. This guarantees the highest demands on textiles in ecological and socially responsible standards.<br \/>\nAt Vieb\u00f6ck, these more than 180 years of tradition are combined with modern ideas such as ecology, sustainability and product clarity. The linen yarns come exclusively from environmentally friendly and sustainable cultivation in Europe (France, Belgium and Holland). The finishing is purely mechanical and natural, the fabrics are dyed with reactive dyes and vegetable dyes in Lower Austria. Christine and Carmen lovingly sew this bed linen exclusively for you. All Vieb\u00f6ck fabrics are woven exclusively in Helfenberg.       <\/p>\n<p>We recommend the fine linen sheets and fitted sheets from Vieb\u00f6ck. Each order is made individually for you. <\/p>\n<h3>The product: Oyster hemp and linen bed linen from <a href=\"https:\/\/linen.eu\/en\/magazine\/\">Vieb\u00f6ck<\/a><\/h3>\n<p>Available as comforter cover, pillowcase and sheet<br \/>\n50% linen, 50% hemp fiber, washed. Heavy quality of 184 grams per square meter, CO\u2082 neutral production<br \/>\nBlankets and pillows with twisted buttons. A zipper can also be incorporated on request<br \/>\nWeave: Linen weave<br \/>\nThread count: Nm 26<br \/>\nPattern: Plain. Bright and summery<br \/>\nMasters of Linen award. organic quality<br \/>\nMade in Austria.    <\/p>\n<h3>Care Instructions<\/h3>\n<p>Colored linen can be washed up to 60\u00b0, white up to 95\u00b0. As with all materials, the same applies to linen: it will last longer if washed at a lower temperature.  What linen does not tolerate are detergents with optical brighteners, they bleach out the natural colors and the fabric becomes light Wrinkling: Linen needs sufficient residual moisture so that it does not wrinkle so much. Do not overload the machine so that the fabric can move, do not spin linen too hard or for too long. If you want to iron linen, iron the items on the hot linen setting of your iron when they are still a little damp. Even if it is convenient: avoid drying linen in the dryer. Overdrying can cause it to shrink    <\/p>\n<\/div>\n","protected":false},"excerpt":{"rendered":"<p><strong data-start=\"64\" data-end=\"113\">Hemp and linen bed linen Oyster by Vieb\u00f6ck<\/strong><br data-start=\"113\" data-end=\"116\">The hemp and linen bed linen Oyster by Vieb\u00f6ck combines cooling linen with warming hemp &#8211; a rare but ideal duo for restful sleep all year round. The sustainable fabric shimmers elegantly thanks to the blend of natural hemp and dyed linen yarns and feels pleasantly soft on the skin. Woven in Austria and individually made to order.  <\/p>\n","protected":false},"featured_media":123201,"comment_status":"open","ping_status":"closed","template":"","meta":{"_acf_changed":false},"product_brand":[4793,4796],"product_cat":[3862,3932,3728,3748,3785,3786,3787,3788,3789],"product_tag":[3640,3731,3750,3639],"class_list":{"0":"post-123199","1":"product","2":"type-product","3":"status-publish","4":"has-post-thumbnail","6":"product_brand-vieboeck","7":"product_brand-vieboeck-hemp-bed-linen","8":"product_cat-160x210","9":"product_cat-bed-linen-made-from-organic-linen","10":"product_cat-bedroom","11":"product_cat-product","12":"product_cat-linen-bedding","13":"product_cat-155x220","14":"product_cat-135x200","15":"product_cat-200x200","16":"product_cat-200x220","17":"product_tag-all-year","18":"product_tag-natural-fiber","19":"product_tag-gots-certified","20":"product_tag-organic-linen","22":"first","23":"instock","24":"taxable","25":"shipping-taxable","26":"purchasable","27":"product-type-variable"},"acf":[],"yoast_head":"<!-- This site is optimized with the Yoast SEO Premium plugin v27.3 (Yoast SEO v27.3) - https:\/\/yoast.com\/product\/yoast-seo-premium-wordpress\/ -->\n<title>Hemp &amp; linen bedding Oyster by Vieb\u00f6ck 226\/02 - Linen.eu<\/title>\n<meta name=\"description\" content=\"Hemp and linen bed linen Oyster by Vieb\u00f6ck \u271a Traditional genuine linen weaving \u271a Spun and sewn in Austria \u27a4 Buy online now\" \/>\n<meta name=\"robots\" content=\"index, follow, max-snippet:-1, max-image-preview:large, max-video-preview:-1\" \/>\n<link rel=\"canonical\" href=\"https:\/\/linen.eu\/en\/produkt\/hemp-and-linen-bed-linen-oyster-by-vieboeck-226-02\/\" \/>\n<meta property=\"og:locale\" content=\"en_US\" \/>\n<meta property=\"og:type\" content=\"article\" \/>\n<meta property=\"og:title\" content=\"Hemp and linen bed linen Oyster by Vieb\u00f6ck 226\/02\" \/>\n<meta property=\"og:description\" content=\"Hemp and linen bed linen Oyster by Vieb\u00f6ck \u271a Traditional genuine linen weaving \u271a Spun and sewn in Austria \u27a4 Buy online now\" \/>\n<meta property=\"og:url\" content=\"https:\/\/linen.eu\/en\/produkt\/hemp-and-linen-bed-linen-oyster-by-vieboeck-226-02\/\" \/>\n<meta property=\"og:site_name\" content=\"Linen.eu\" \/>\n<meta property=\"article:publisher\" content=\"https:\/\/linen.eu\" \/>\n<meta property=\"article:modified_time\" content=\"2026-04-13T09:04:12+00:00\" \/>\n<meta property=\"og:image\" content=\"https:\/\/linen.eu\/wp-content\/uploads\/2025\/08\/V-226-02_Hanf_Bettwaesche.png\" \/>\n\t<meta property=\"og:image:width\" content=\"1184\" \/>\n\t<meta property=\"og:image:height\" content=\"864\" \/>\n\t<meta property=\"og:image:type\" content=\"image\/png\" \/>\n<meta name=\"twitter:card\" content=\"summary_large_image\" \/>\n<meta name=\"twitter:site\" content=\"@linenlounge\" \/>\n<meta name=\"twitter:label1\" content=\"Availability\" \/>\n\t<meta name=\"twitter:data1\" content=\"In stock\" \/>\n<script type=\"application\/ld+json\" class=\"yoast-schema-graph\">{\"@context\":\"https:\\\/\\\/schema.org\",\"@graph\":[{\"@type\":\"WebPage\",\"@id\":\"https:\\\/\\\/linen.eu\\\/en\\\/produkt\\\/hemp-and-linen-bed-linen-oyster-by-vieboeck-226-02\\\/\",\"url\":\"https:\\\/\\\/linen.eu\\\/en\\\/produkt\\\/hemp-and-linen-bed-linen-oyster-by-vieboeck-226-02\\\/\",\"name\":\"Hemp & linen bedding Oyster by Vieb\u00f6ck 226\\\/02 - Linen.eu\",\"isPartOf\":{\"@id\":\"https:\\\/\\\/linen.eu\\\/en\\\/#website\"},\"primaryImageOfPage\":{\"@id\":\"https:\\\/\\\/linen.eu\\\/en\\\/produkt\\\/hemp-and-linen-bed-linen-oyster-by-vieboeck-226-02\\\/#primaryimage\"},\"image\":{\"@id\":\"https:\\\/\\\/linen.eu\\\/en\\\/produkt\\\/hemp-and-linen-bed-linen-oyster-by-vieboeck-226-02\\\/#primaryimage\"},\"thumbnailUrl\":\"https:\\\/\\\/linen.eu\\\/wp-content\\\/uploads\\\/2025\\\/08\\\/V-226-02_Hanf_Bettwaesche.png\",\"datePublished\":\"2025-08-12T14:51:25+00:00\",\"dateModified\":\"2026-04-13T09:04:12+00:00\",\"description\":\"Hemp and linen bed linen Oyster by Vieb\u00f6ck \u271a Traditional genuine linen weaving \u271a Spun and sewn in Austria \u27a4 Buy online now\",\"breadcrumb\":{\"@id\":\"https:\\\/\\\/linen.eu\\\/en\\\/produkt\\\/hemp-and-linen-bed-linen-oyster-by-vieboeck-226-02\\\/#breadcrumb\"},\"inLanguage\":\"en-US\",\"potentialAction\":[{\"@type\":\"ReadAction\",\"target\":[\"https:\\\/\\\/linen.eu\\\/en\\\/produkt\\\/hemp-and-linen-bed-linen-oyster-by-vieboeck-226-02\\\/\"]}]},{\"@type\":\"ImageObject\",\"inLanguage\":\"en-US\",\"@id\":\"https:\\\/\\\/linen.eu\\\/en\\\/produkt\\\/hemp-and-linen-bed-linen-oyster-by-vieboeck-226-02\\\/#primaryimage\",\"url\":\"https:\\\/\\\/linen.eu\\\/wp-content\\\/uploads\\\/2025\\\/08\\\/V-226-02_Hanf_Bettwaesche.png\",\"contentUrl\":\"https:\\\/\\\/linen.eu\\\/wp-content\\\/uploads\\\/2025\\\/08\\\/V-226-02_Hanf_Bettwaesche.png\",\"width\":1184,\"height\":864,\"caption\":\"A modern bedroom with a large bed covered with hemp and linen bedding Oyster by Vieb\u00f6ck 226\\\/02, two pillows, a wooden bedside table with a white vase and large windows that fill the bright, minimalist room with natural sunlight.\"},{\"@type\":\"BreadcrumbList\",\"@id\":\"https:\\\/\\\/linen.eu\\\/en\\\/produkt\\\/hemp-and-linen-bed-linen-oyster-by-vieboeck-226-02\\\/#breadcrumb\",\"itemListElement\":[{\"@type\":\"ListItem\",\"position\":1,\"name\":\"Startseite\",\"item\":\"https:\\\/\\\/linen.eu\\\/en\\\/home\\\/\"},{\"@type\":\"ListItem\",\"position\":2,\"name\":\"Shop\",\"item\":\"https:\\\/\\\/linen.eu\\\/en\\\/shop\\\/\"},{\"@type\":\"ListItem\",\"position\":3,\"name\":\"Hemp and linen bed linen Oyster by Vieb\u00f6ck 226\\\/02\"}]},{\"@type\":\"WebSite\",\"@id\":\"https:\\\/\\\/linen.eu\\\/en\\\/#website\",\"url\":\"https:\\\/\\\/linen.eu\\\/en\\\/\",\"name\":\"Linen.eu\",\"description\":\"\",\"publisher\":{\"@id\":\"https:\\\/\\\/linen.eu\\\/en\\\/#organization\"},\"potentialAction\":[{\"@type\":\"SearchAction\",\"target\":{\"@type\":\"EntryPoint\",\"urlTemplate\":\"https:\\\/\\\/linen.eu\\\/en\\\/?s={search_term_string}\"},\"query-input\":{\"@type\":\"PropertyValueSpecification\",\"valueRequired\":true,\"valueName\":\"search_term_string\"}}],\"inLanguage\":\"en-US\"},{\"@type\":\"Organization\",\"@id\":\"https:\\\/\\\/linen.eu\\\/en\\\/#organization\",\"name\":\"Linen Lounge\",\"alternateName\":\"linen.eu\",\"url\":\"https:\\\/\\\/linen.eu\\\/en\\\/\",\"logo\":{\"@type\":\"ImageObject\",\"inLanguage\":\"en-US\",\"@id\":\"https:\\\/\\\/linen.eu\\\/en\\\/#\\\/schema\\\/logo\\\/image\\\/\",\"url\":\"https:\\\/\\\/linen.eu\\\/wp-content\\\/uploads\\\/2025\\\/10\\\/LinenLounge-NEU2.webp\",\"contentUrl\":\"https:\\\/\\\/linen.eu\\\/wp-content\\\/uploads\\\/2025\\\/10\\\/LinenLounge-NEU2.webp\",\"width\":1800,\"height\":455,\"caption\":\"Linen Lounge\"},\"image\":{\"@id\":\"https:\\\/\\\/linen.eu\\\/en\\\/#\\\/schema\\\/logo\\\/image\\\/\"},\"sameAs\":[\"https:\\\/\\\/linen.eu\",\"https:\\\/\\\/x.com\\\/linenlounge\",\"https:\\\/\\\/www.instagram.com\\\/linen.lounge?igsh=MW81aGhiY2VxZGRpMw==&utm_source=qr\",\"http:\\\/\\\/www.youtube.com\\\/@Linenlounge\"],\"description\":\"Online Fachhandel f\u00fcr europ\u00e4ische Leinen-Bettw\u00e4sche und Heimtextilien aus traditionellen Webereien wie Leitner Leinen, Schlitzer Leinen, Libeco, Vieb\u00f6ck und Hoffmann.\",\"email\":\"info@linen.eu\",\"telephone\":\"+49 (0) 69 90738860\",\"legalName\":\"Linen UG (haftungsbeschr\u00e4nkt)\",\"foundingDate\":\"2015-04-08\",\"numberOfEmployees\":{\"@type\":\"QuantitativeValue\",\"minValue\":\"1\",\"maxValue\":\"10\"}}]}<\/script>\n<meta property=\"product:brand\" content=\"Vieb\u00f6ck Linen Weaving Mill \u2013 M\u00fchlviertel Linen\" \/>\n<meta property=\"og:availability\" content=\"instock\" \/>\n<meta property=\"product:availability\" content=\"instock\" \/>\n<meta property=\"product:retailer_item_id\" content=\"118181265520\" \/>\n<meta property=\"product:condition\" content=\"new\" \/>\n<!-- \/ Yoast SEO Premium plugin. -->","yoast_head_json":{"title":"Hemp & linen bedding Oyster by Vieb\u00f6ck 226\/02 - Linen.eu","description":"Hemp and linen bed linen Oyster by Vieb\u00f6ck \u271a Traditional genuine linen weaving \u271a Spun and sewn in Austria \u27a4 Buy online now","robots":{"index":"index","follow":"follow","max-snippet":"max-snippet:-1","max-image-preview":"max-image-preview:large","max-video-preview":"max-video-preview:-1"},"canonical":"https:\/\/linen.eu\/en\/produkt\/hemp-and-linen-bed-linen-oyster-by-vieboeck-226-02\/","og_locale":"en_US","og_type":"article","og_title":"Hemp and linen bed linen Oyster by Vieb\u00f6ck 226\/02","og_description":"Hemp and linen bed linen Oyster by Vieb\u00f6ck \u271a Traditional genuine linen weaving \u271a Spun and sewn in Austria \u27a4 Buy online now","og_url":"https:\/\/linen.eu\/en\/produkt\/hemp-and-linen-bed-linen-oyster-by-vieboeck-226-02\/","og_site_name":"Linen.eu","article_publisher":"https:\/\/linen.eu","article_modified_time":"2026-04-13T09:04:12+00:00","og_image":[{"width":1184,"height":864,"url":"https:\/\/linen.eu\/wp-content\/uploads\/2025\/08\/V-226-02_Hanf_Bettwaesche.png","type":"image\/png"}],"twitter_card":"summary_large_image","twitter_site":"@linenlounge","twitter_misc":{"Availability":"In stock"},"schema":{"@context":"https:\/\/schema.org","@graph":[{"@type":"WebPage","@id":"https:\/\/linen.eu\/en\/produkt\/hemp-and-linen-bed-linen-oyster-by-vieboeck-226-02\/","url":"https:\/\/linen.eu\/en\/produkt\/hemp-and-linen-bed-linen-oyster-by-vieboeck-226-02\/","name":"Hemp & linen bedding Oyster by Vieb\u00f6ck 226\/02 - Linen.eu","isPartOf":{"@id":"https:\/\/linen.eu\/en\/#website"},"primaryImageOfPage":{"@id":"https:\/\/linen.eu\/en\/produkt\/hemp-and-linen-bed-linen-oyster-by-vieboeck-226-02\/#primaryimage"},"image":{"@id":"https:\/\/linen.eu\/en\/produkt\/hemp-and-linen-bed-linen-oyster-by-vieboeck-226-02\/#primaryimage"},"thumbnailUrl":"https:\/\/linen.eu\/wp-content\/uploads\/2025\/08\/V-226-02_Hanf_Bettwaesche.png","datePublished":"2025-08-12T14:51:25+00:00","dateModified":"2026-04-13T09:04:12+00:00","description":"Hemp and linen bed linen Oyster by Vieb\u00f6ck \u271a Traditional genuine linen weaving \u271a Spun and sewn in Austria \u27a4 Buy online now","breadcrumb":{"@id":"https:\/\/linen.eu\/en\/produkt\/hemp-and-linen-bed-linen-oyster-by-vieboeck-226-02\/#breadcrumb"},"inLanguage":"en-US","potentialAction":[{"@type":"ReadAction","target":["https:\/\/linen.eu\/en\/produkt\/hemp-and-linen-bed-linen-oyster-by-vieboeck-226-02\/"]}]},{"@type":"ImageObject","inLanguage":"en-US","@id":"https:\/\/linen.eu\/en\/produkt\/hemp-and-linen-bed-linen-oyster-by-vieboeck-226-02\/#primaryimage","url":"https:\/\/linen.eu\/wp-content\/uploads\/2025\/08\/V-226-02_Hanf_Bettwaesche.png","contentUrl":"https:\/\/linen.eu\/wp-content\/uploads\/2025\/08\/V-226-02_Hanf_Bettwaesche.png","width":1184,"height":864,"caption":"A modern bedroom with a large bed covered with hemp and linen bedding Oyster by Vieb\u00f6ck 226\/02, two pillows, a wooden bedside table with a white vase and large windows that fill the bright, minimalist room with natural sunlight."},{"@type":"BreadcrumbList","@id":"https:\/\/linen.eu\/en\/produkt\/hemp-and-linen-bed-linen-oyster-by-vieboeck-226-02\/#breadcrumb","itemListElement":[{"@type":"ListItem","position":1,"name":"Startseite","item":"https:\/\/linen.eu\/en\/home\/"},{"@type":"ListItem","position":2,"name":"Shop","item":"https:\/\/linen.eu\/en\/shop\/"},{"@type":"ListItem","position":3,"name":"Hemp and linen bed linen Oyster by Vieb\u00f6ck 226\/02"}]},{"@type":"WebSite","@id":"https:\/\/linen.eu\/en\/#website","url":"https:\/\/linen.eu\/en\/","name":"Linen.eu","description":"","publisher":{"@id":"https:\/\/linen.eu\/en\/#organization"},"potentialAction":[{"@type":"SearchAction","target":{"@type":"EntryPoint","urlTemplate":"https:\/\/linen.eu\/en\/?s={search_term_string}"},"query-input":{"@type":"PropertyValueSpecification","valueRequired":true,"valueName":"search_term_string"}}],"inLanguage":"en-US"},{"@type":"Organization","@id":"https:\/\/linen.eu\/en\/#organization","name":"Linen Lounge","alternateName":"linen.eu","url":"https:\/\/linen.eu\/en\/","logo":{"@type":"ImageObject","inLanguage":"en-US","@id":"https:\/\/linen.eu\/en\/#\/schema\/logo\/image\/","url":"https:\/\/linen.eu\/wp-content\/uploads\/2025\/10\/LinenLounge-NEU2.webp","contentUrl":"https:\/\/linen.eu\/wp-content\/uploads\/2025\/10\/LinenLounge-NEU2.webp","width":1800,"height":455,"caption":"Linen Lounge"},"image":{"@id":"https:\/\/linen.eu\/en\/#\/schema\/logo\/image\/"},"sameAs":["https:\/\/linen.eu","https:\/\/x.com\/linenlounge","https:\/\/www.instagram.com\/linen.lounge?igsh=MW81aGhiY2VxZGRpMw==&utm_source=qr","http:\/\/www.youtube.com\/@Linenlounge"],"description":"Online Fachhandel f\u00fcr europ\u00e4ische Leinen-Bettw\u00e4sche und Heimtextilien aus traditionellen Webereien wie Leitner Leinen, Schlitzer Leinen, Libeco, Vieb\u00f6ck und Hoffmann.","email":"info@linen.eu","telephone":"+49 (0) 69 90738860","legalName":"Linen UG (haftungsbeschr\u00e4nkt)","foundingDate":"2015-04-08","numberOfEmployees":{"@type":"QuantitativeValue","minValue":"1","maxValue":"10"}}]},"product_brand":"Vieb\u00f6ck Linen Weaving Mill \u2013 M\u00fchlviertel Linen","og_availability":"instock","product_availability":"instock","product_retailer_item_id":"118181265520","product_condition":"new"},"_links":{"self":[{"href":"https:\/\/linen.eu\/en\/wp-json\/wp\/v2\/product\/123199","targetHints":{"allow":["GET"]}}],"collection":[{"href":"https:\/\/linen.eu\/en\/wp-json\/wp\/v2\/product"}],"about":[{"href":"https:\/\/linen.eu\/en\/wp-json\/wp\/v2\/types\/product"}],"replies":[{"embeddable":true,"href":"https:\/\/linen.eu\/en\/wp-json\/wp\/v2\/comments?post=123199"}],"wp:featuredmedia":[{"embeddable":true,"href":"https:\/\/linen.eu\/en\/wp-json\/wp\/v2\/media\/123201"}],"wp:attachment":[{"href":"https:\/\/linen.eu\/en\/wp-json\/wp\/v2\/media?parent=123199"}],"wp:term":[{"taxonomy":"product_brand","embeddable":true,"href":"https:\/\/linen.eu\/en\/wp-json\/wp\/v2\/product_brand?post=123199"},{"taxonomy":"product_cat","embeddable":true,"href":"https:\/\/linen.eu\/en\/wp-json\/wp\/v2\/product_cat?post=123199"},{"taxonomy":"product_tag","embeddable":true,"href":"https:\/\/linen.eu\/en\/wp-json\/wp\/v2\/product_tag?post=123199"}],"curies":[{"name":"wp","href":"https:\/\/api.w.org\/{rel}","templated":true}]}}