{"id":123270,"date":"2025-08-12T16:43:28","date_gmt":"2025-08-12T14:43:28","guid":{"rendered":"https:\/\/linen.eu\/produkt\/wellness-swiss-stone-pine-all-season-comforter-from-hefel\/"},"modified":"2026-04-13T11:10:58","modified_gmt":"2026-04-13T09:10:58","slug":"wellness-swiss-stone-pine-all-season-comforter-from-hefel","status":"publish","type":"product","link":"https:\/\/linen.eu\/en\/produkt\/wellness-swiss-stone-pine-all-season-comforter-from-hefel\/","title":{"rendered":"Wellness Swiss stone pine all-season comforter from HEFEL"},"content":{"rendered":"<h2>&#8220;Wellness Swiss stone pine all-season comforter from HEFEL&#8221;<\/h2>\n<p>The Wellness Swiss stone pine all-season comforter from Hefel uses all the power of nature. The filling of the Wellness Swiss stone pine comforter contains Swiss stone pine flakes and pure new sheep&#8217;s wool of the highest quality. Genuine stone pine flakes from Tyrol are scattered by hand into fluffy fleeces of virgin sheep&#8217;s wool and covered with fine cotton satin. HEFEL recognized the importance of Swiss stone pine back in 2007 and produced the first comforter with Swiss stone pine flakes at that time. It has been a top seller ever since.    <\/p>\n<p>In its September 2014 issue, \u00d6ko-Test magazine took a close look at the natural hair comforters of all renowned manufacturers from Germany and Austria. 15 comforters were carefully tested. The HEFEL Wellness Swiss stone pine all-season comforter (140x200cm) was the only one of the 15 natural comforters tested to be rated &#8220;very good&#8221;.  <\/p>\n<p>The ideal comforter for the whole year. Filling weight 360 grams per square meter. Suitable for house dust allergy sufferers!  <\/p>\n<h3>The product: Wellness Swiss stone pine all-season comforter from <a href=\"https:\/\/linen.eu\/brand\/hefel\/\" data-prosemirror-content-type=\"mark\" data-prosemirror-mark-name=\"link\">HEFEL<\/a><\/h3>\n<p>Filling: 100% virgin sheep&#8217;s wool with Swiss stone pine flakes<br \/>\nFabric: 100% cotton fine satin with aloe vera<br \/>\nWeight: 360g\/m\u00b2<br \/>\nQuilting: With functional body quilting<br \/>\nColor: White<br \/>\nCare: 40 \u00b0C gentle wash, air dry<br \/>\n&#8220;Very good&#8221; for Wellness Swiss stone pine all-season comforter (140&#215;200 cm)<\/p>\n<h3>Tradition and <a href=\"https:\/\/linen.eu\/en\/magazine\/\" data-prosemirror-content-type=\"mark\" data-prosemirror-mark-name=\"link\">know-how make HEFEL an expert <\/a>in restful sleep<\/h3>\n<p>The tradition of an Austrian family business and at the same time a love of revolutionary innovations make HEFEL the leading manufacturer of sustainable bedding. Thanks to its vast experience, HEFEL knows exactly what is important in a first-class comforter. It all starts with the selection of high-quality materials for the fabric and filling. Careful workmanship &#8211; in the right combination of traditional craftsmanship and modern production techniques &#8211; brings out the full qualities of the materials. HEFEL pays particular attention to body-hugging quilting &#8211; this gives the quilts their sophisticated shape. All these elements are precisely coordinated to ensure an optimum sleeping climate     <\/p>\n<h3>Innovations for the best sleeping comfort<\/h3>\n<p>Thanks to years of active commitment to research and development, HEFEL is now a leading international innovator in the bedding sector. The introduction of ultra-modern functional fibers such as TENCEL\u00ae or SeaCell-Active for bedding has repeatedly brought prestigious international awards.  The continuous development of innovative manufacturing techniques enables the production of unsurpassably fine fabrics and the fluffiest comforter fillings.<\/p>\n<h3>Quality from Austria<\/h3>\n<p>Today, as in the past, HEFEL manufactures 100% of its bedding in Austria. This is just as much an integral part of the corporate culture as the employment of highly qualified specialists. They are often the second or third generation to work for HEFEL. With a great deal of experience, care and skill, they manufacture and test every single HEFEL comforter, piece by piece.   <\/p>\n","protected":false},"excerpt":{"rendered":"<p data-start=\"0\" data-end=\"551\">The <strong data-start=\"51\" data-end=\"85\">Wellness Swiss stone pine all-season comforter<\/strong> combines the soothing power of Tyrolean Swiss stone pine with the finest virgin sheep&#8217;s wool &#8211; a natural combination for deep, restful sleep. The filling of pure new sheep&#8217;s wool with hand-scattered Swiss stone pine flakes ensures a balanced, soothing sleeping climate and a pleasant scent of Alpine freshness. The high-quality cotton fine satin fabric with aloe vera supports the natural moisture balance and rounds off the luxurious sleeping experience. <strong data-start=\"553\" data-end=\"565\">\u00d6KO-TEST<\/strong> rated the HEFEL Wellness Swiss stone pine comforter (140&#215;200 cm) as <em data-start=\"624\" data-end=\"636\" data-is-only-node=\"\">&#8220;Very Good<\/em> &#8221; &#8211; the only one of 15 natural comforters tested.<br data-start=\"687\" data-end=\"690\">Natural. Sustainable. Handmade in Austria &#8211; for noticeable rest night after night.    <\/p>\n","protected":false},"featured_media":4359,"comment_status":"open","ping_status":"closed","template":"","meta":{"_acf_changed":false},"product_brand":[4782,4784],"product_cat":[3728,4009,3748,4010],"product_tag":[3640,3731,4011],"class_list":{"0":"post-123270","1":"product","2":"type-product","3":"status-publish","4":"has-post-thumbnail","6":"product_brand-hefel","7":"product_brand-hefel-all-season-duvet","8":"product_cat-bedroom","9":"product_cat-duvets","10":"product_cat-product","11":"product_cat-all-season-duvet","12":"product_tag-all-year","13":"product_tag-natural-fiber","14":"product_tag-fairtrade","16":"first","17":"instock","18":"taxable","19":"shipping-taxable","20":"purchasable","21":"product-type-variable"},"acf":[],"yoast_head":"<!-- This site is optimized with the Yoast SEO Premium plugin v27.4 (Yoast SEO v27.4) - https:\/\/yoast.com\/product\/yoast-seo-premium-wordpress\/ -->\n<title>Wellness Swiss stone pine comforter \u2013 HEFEL - Linen.eu<\/title>\n<meta name=\"description\" content=\"Wellness Swiss stone pine all-season comforter from HEFEL \u2713 Dry sleeping climate and healthy relaxation \u2713 Quality Made in Austria. \u2764 Order conveniently online now\" \/>\n<meta name=\"robots\" content=\"index, follow, max-snippet:-1, max-image-preview:large, max-video-preview:-1\" \/>\n<link rel=\"canonical\" href=\"https:\/\/linen.eu\/en\/produkt\/wellness-swiss-stone-pine-all-season-comforter-from-hefel\/\" \/>\n<meta property=\"og:locale\" content=\"en_US\" \/>\n<meta property=\"og:type\" content=\"article\" \/>\n<meta property=\"og:title\" content=\"Wellness Swiss stone pine all-season comforter from HEFEL\" \/>\n<meta property=\"og:description\" content=\"Wellness Swiss stone pine all-season comforter from HEFEL \u2713 Dry sleeping climate and healthy relaxation \u2713 Quality Made in Austria. \u2764 Order conveniently online now\" \/>\n<meta property=\"og:url\" content=\"https:\/\/linen.eu\/en\/produkt\/wellness-swiss-stone-pine-all-season-comforter-from-hefel\/\" \/>\n<meta property=\"og:site_name\" content=\"Linen.eu\" \/>\n<meta property=\"article:publisher\" content=\"https:\/\/linen.eu\" \/>\n<meta property=\"article:modified_time\" content=\"2026-04-13T09:10:58+00:00\" \/>\n<meta property=\"og:image\" content=\"https:\/\/linen.eu\/wp-content\/uploads\/2025\/07\/HEFEL_Wellness_Zirbe_Image_L_oL.jpg\" \/>\n\t<meta property=\"og:image:width\" content=\"1600\" \/>\n\t<meta property=\"og:image:height\" content=\"1200\" \/>\n\t<meta property=\"og:image:type\" content=\"image\/jpeg\" \/>\n<meta name=\"twitter:card\" content=\"summary_large_image\" \/>\n<meta name=\"twitter:site\" content=\"@linenlounge\" \/>\n<meta name=\"twitter:label1\" content=\"Availability\" \/>\n\t<meta name=\"twitter:data1\" content=\"In stock\" \/>\n<script type=\"application\/ld+json\" class=\"yoast-schema-graph\">{\"@context\":\"https:\\\/\\\/schema.org\",\"@graph\":[{\"@type\":\"WebPage\",\"@id\":\"https:\\\/\\\/linen.eu\\\/en\\\/produkt\\\/wellness-swiss-stone-pine-all-season-comforter-from-hefel\\\/\",\"url\":\"https:\\\/\\\/linen.eu\\\/en\\\/produkt\\\/wellness-swiss-stone-pine-all-season-comforter-from-hefel\\\/\",\"name\":\"Wellness Swiss stone pine comforter \u2013 HEFEL - Linen.eu\",\"isPartOf\":{\"@id\":\"https:\\\/\\\/linen.eu\\\/en\\\/#website\"},\"primaryImageOfPage\":{\"@id\":\"https:\\\/\\\/linen.eu\\\/en\\\/produkt\\\/wellness-swiss-stone-pine-all-season-comforter-from-hefel\\\/#primaryimage\"},\"image\":{\"@id\":\"https:\\\/\\\/linen.eu\\\/en\\\/produkt\\\/wellness-swiss-stone-pine-all-season-comforter-from-hefel\\\/#primaryimage\"},\"thumbnailUrl\":\"https:\\\/\\\/linen.eu\\\/wp-content\\\/uploads\\\/2025\\\/07\\\/HEFEL_Wellness_Zirbe_Image_L_oL.jpg\",\"datePublished\":\"2025-08-12T14:43:28+00:00\",\"dateModified\":\"2026-04-13T09:10:58+00:00\",\"description\":\"Wellness Swiss stone pine all-season comforter from HEFEL \u2713 Dry sleeping climate and healthy relaxation \u2713 Quality Made in Austria. \u2764 Order conveniently online now\",\"breadcrumb\":{\"@id\":\"https:\\\/\\\/linen.eu\\\/en\\\/produkt\\\/wellness-swiss-stone-pine-all-season-comforter-from-hefel\\\/#breadcrumb\"},\"inLanguage\":\"en-US\",\"potentialAction\":[{\"@type\":\"ReadAction\",\"target\":[\"https:\\\/\\\/linen.eu\\\/en\\\/produkt\\\/wellness-swiss-stone-pine-all-season-comforter-from-hefel\\\/\"]}]},{\"@type\":\"ImageObject\",\"inLanguage\":\"en-US\",\"@id\":\"https:\\\/\\\/linen.eu\\\/en\\\/produkt\\\/wellness-swiss-stone-pine-all-season-comforter-from-hefel\\\/#primaryimage\",\"url\":\"https:\\\/\\\/linen.eu\\\/wp-content\\\/uploads\\\/2025\\\/07\\\/HEFEL_Wellness_Zirbe_Image_L_oL.jpg\",\"contentUrl\":\"https:\\\/\\\/linen.eu\\\/wp-content\\\/uploads\\\/2025\\\/07\\\/HEFEL_Wellness_Zirbe_Image_L_oL.jpg\",\"width\":1600,\"height\":1200,\"caption\":\"Ein gem\u00fctliches Schlafzimmer mit holzget\u00e4felten W\u00e4nden, roten Gingham-Vorh\u00e4ngen und einem Fenster, das verschneite Berge zeigt. Auf dem Bett liegen eine wei\u00dfe Bettdecke, ein Kissen und ein dazu passendes kariertes Kissen. Die verpackte Bettw\u00e4sche ist mit HEFEL beschriftet.\"},{\"@type\":\"BreadcrumbList\",\"@id\":\"https:\\\/\\\/linen.eu\\\/en\\\/produkt\\\/wellness-swiss-stone-pine-all-season-comforter-from-hefel\\\/#breadcrumb\",\"itemListElement\":[{\"@type\":\"ListItem\",\"position\":1,\"name\":\"Startseite\",\"item\":\"https:\\\/\\\/linen.eu\\\/en\\\/home\\\/\"},{\"@type\":\"ListItem\",\"position\":2,\"name\":\"Shop\",\"item\":\"https:\\\/\\\/linen.eu\\\/en\\\/shop\\\/\"},{\"@type\":\"ListItem\",\"position\":3,\"name\":\"Wellness Swiss stone pine all-season comforter from HEFEL\"}]},{\"@type\":\"WebSite\",\"@id\":\"https:\\\/\\\/linen.eu\\\/en\\\/#website\",\"url\":\"https:\\\/\\\/linen.eu\\\/en\\\/\",\"name\":\"Linen.eu\",\"description\":\"\",\"publisher\":{\"@id\":\"https:\\\/\\\/linen.eu\\\/en\\\/#organization\"},\"potentialAction\":[{\"@type\":\"SearchAction\",\"target\":{\"@type\":\"EntryPoint\",\"urlTemplate\":\"https:\\\/\\\/linen.eu\\\/en\\\/?s={search_term_string}\"},\"query-input\":{\"@type\":\"PropertyValueSpecification\",\"valueRequired\":true,\"valueName\":\"search_term_string\"}}],\"inLanguage\":\"en-US\"},{\"@type\":\"Organization\",\"@id\":\"https:\\\/\\\/linen.eu\\\/en\\\/#organization\",\"name\":\"Linen Lounge\",\"alternateName\":\"linen.eu\",\"url\":\"https:\\\/\\\/linen.eu\\\/en\\\/\",\"logo\":{\"@type\":\"ImageObject\",\"inLanguage\":\"en-US\",\"@id\":\"https:\\\/\\\/linen.eu\\\/en\\\/#\\\/schema\\\/logo\\\/image\\\/\",\"url\":\"https:\\\/\\\/linen.eu\\\/wp-content\\\/uploads\\\/2025\\\/10\\\/LinenLounge-NEU2.webp\",\"contentUrl\":\"https:\\\/\\\/linen.eu\\\/wp-content\\\/uploads\\\/2025\\\/10\\\/LinenLounge-NEU2.webp\",\"width\":1800,\"height\":455,\"caption\":\"Linen Lounge\"},\"image\":{\"@id\":\"https:\\\/\\\/linen.eu\\\/en\\\/#\\\/schema\\\/logo\\\/image\\\/\"},\"sameAs\":[\"https:\\\/\\\/linen.eu\",\"https:\\\/\\\/x.com\\\/linenlounge\",\"https:\\\/\\\/www.instagram.com\\\/linen.lounge?igsh=MW81aGhiY2VxZGRpMw==&utm_source=qr\",\"http:\\\/\\\/www.youtube.com\\\/@Linenlounge\"],\"description\":\"Online Fachhandel f\u00fcr europ\u00e4ische Leinen-Bettw\u00e4sche und Heimtextilien aus traditionellen Webereien wie Leitner Leinen, Schlitzer Leinen, Libeco, Vieb\u00f6ck und Hoffmann.\",\"email\":\"info@linen.eu\",\"telephone\":\"+49 (0) 69 90738860\",\"legalName\":\"Linen UG (haftungsbeschr\u00e4nkt)\",\"foundingDate\":\"2015-04-08\",\"numberOfEmployees\":{\"@type\":\"QuantitativeValue\",\"minValue\":\"1\",\"maxValue\":\"10\"}}]}<\/script>\n<meta property=\"product:brand\" content=\"HEFEL\" \/>\n<meta property=\"og:availability\" content=\"instock\" \/>\n<meta property=\"product:availability\" content=\"instock\" \/>\n<meta property=\"product:retailer_item_id\" content=\"114303451510\" \/>\n<meta property=\"product:condition\" content=\"new\" \/>\n<!-- \/ Yoast SEO Premium plugin. -->","yoast_head_json":{"title":"Wellness Swiss stone pine comforter \u2013 HEFEL - Linen.eu","description":"Wellness Swiss stone pine all-season comforter from HEFEL \u2713 Dry sleeping climate and healthy relaxation \u2713 Quality Made in Austria. \u2764 Order conveniently online now","robots":{"index":"index","follow":"follow","max-snippet":"max-snippet:-1","max-image-preview":"max-image-preview:large","max-video-preview":"max-video-preview:-1"},"canonical":"https:\/\/linen.eu\/en\/produkt\/wellness-swiss-stone-pine-all-season-comforter-from-hefel\/","og_locale":"en_US","og_type":"article","og_title":"Wellness Swiss stone pine all-season comforter from HEFEL","og_description":"Wellness Swiss stone pine all-season comforter from HEFEL \u2713 Dry sleeping climate and healthy relaxation \u2713 Quality Made in Austria. \u2764 Order conveniently online now","og_url":"https:\/\/linen.eu\/en\/produkt\/wellness-swiss-stone-pine-all-season-comforter-from-hefel\/","og_site_name":"Linen.eu","article_publisher":"https:\/\/linen.eu","article_modified_time":"2026-04-13T09:10:58+00:00","og_image":[{"width":1600,"height":1200,"url":"https:\/\/linen.eu\/wp-content\/uploads\/2025\/07\/HEFEL_Wellness_Zirbe_Image_L_oL.jpg","type":"image\/jpeg"}],"twitter_card":"summary_large_image","twitter_site":"@linenlounge","twitter_misc":{"Availability":"In stock"},"schema":{"@context":"https:\/\/schema.org","@graph":[{"@type":"WebPage","@id":"https:\/\/linen.eu\/en\/produkt\/wellness-swiss-stone-pine-all-season-comforter-from-hefel\/","url":"https:\/\/linen.eu\/en\/produkt\/wellness-swiss-stone-pine-all-season-comforter-from-hefel\/","name":"Wellness Swiss stone pine comforter \u2013 HEFEL - Linen.eu","isPartOf":{"@id":"https:\/\/linen.eu\/en\/#website"},"primaryImageOfPage":{"@id":"https:\/\/linen.eu\/en\/produkt\/wellness-swiss-stone-pine-all-season-comforter-from-hefel\/#primaryimage"},"image":{"@id":"https:\/\/linen.eu\/en\/produkt\/wellness-swiss-stone-pine-all-season-comforter-from-hefel\/#primaryimage"},"thumbnailUrl":"https:\/\/linen.eu\/wp-content\/uploads\/2025\/07\/HEFEL_Wellness_Zirbe_Image_L_oL.jpg","datePublished":"2025-08-12T14:43:28+00:00","dateModified":"2026-04-13T09:10:58+00:00","description":"Wellness Swiss stone pine all-season comforter from HEFEL \u2713 Dry sleeping climate and healthy relaxation \u2713 Quality Made in Austria. \u2764 Order conveniently online now","breadcrumb":{"@id":"https:\/\/linen.eu\/en\/produkt\/wellness-swiss-stone-pine-all-season-comforter-from-hefel\/#breadcrumb"},"inLanguage":"en-US","potentialAction":[{"@type":"ReadAction","target":["https:\/\/linen.eu\/en\/produkt\/wellness-swiss-stone-pine-all-season-comforter-from-hefel\/"]}]},{"@type":"ImageObject","inLanguage":"en-US","@id":"https:\/\/linen.eu\/en\/produkt\/wellness-swiss-stone-pine-all-season-comforter-from-hefel\/#primaryimage","url":"https:\/\/linen.eu\/wp-content\/uploads\/2025\/07\/HEFEL_Wellness_Zirbe_Image_L_oL.jpg","contentUrl":"https:\/\/linen.eu\/wp-content\/uploads\/2025\/07\/HEFEL_Wellness_Zirbe_Image_L_oL.jpg","width":1600,"height":1200,"caption":"Ein gem\u00fctliches Schlafzimmer mit holzget\u00e4felten W\u00e4nden, roten Gingham-Vorh\u00e4ngen und einem Fenster, das verschneite Berge zeigt. Auf dem Bett liegen eine wei\u00dfe Bettdecke, ein Kissen und ein dazu passendes kariertes Kissen. Die verpackte Bettw\u00e4sche ist mit HEFEL beschriftet."},{"@type":"BreadcrumbList","@id":"https:\/\/linen.eu\/en\/produkt\/wellness-swiss-stone-pine-all-season-comforter-from-hefel\/#breadcrumb","itemListElement":[{"@type":"ListItem","position":1,"name":"Startseite","item":"https:\/\/linen.eu\/en\/home\/"},{"@type":"ListItem","position":2,"name":"Shop","item":"https:\/\/linen.eu\/en\/shop\/"},{"@type":"ListItem","position":3,"name":"Wellness Swiss stone pine all-season comforter from HEFEL"}]},{"@type":"WebSite","@id":"https:\/\/linen.eu\/en\/#website","url":"https:\/\/linen.eu\/en\/","name":"Linen.eu","description":"","publisher":{"@id":"https:\/\/linen.eu\/en\/#organization"},"potentialAction":[{"@type":"SearchAction","target":{"@type":"EntryPoint","urlTemplate":"https:\/\/linen.eu\/en\/?s={search_term_string}"},"query-input":{"@type":"PropertyValueSpecification","valueRequired":true,"valueName":"search_term_string"}}],"inLanguage":"en-US"},{"@type":"Organization","@id":"https:\/\/linen.eu\/en\/#organization","name":"Linen Lounge","alternateName":"linen.eu","url":"https:\/\/linen.eu\/en\/","logo":{"@type":"ImageObject","inLanguage":"en-US","@id":"https:\/\/linen.eu\/en\/#\/schema\/logo\/image\/","url":"https:\/\/linen.eu\/wp-content\/uploads\/2025\/10\/LinenLounge-NEU2.webp","contentUrl":"https:\/\/linen.eu\/wp-content\/uploads\/2025\/10\/LinenLounge-NEU2.webp","width":1800,"height":455,"caption":"Linen Lounge"},"image":{"@id":"https:\/\/linen.eu\/en\/#\/schema\/logo\/image\/"},"sameAs":["https:\/\/linen.eu","https:\/\/x.com\/linenlounge","https:\/\/www.instagram.com\/linen.lounge?igsh=MW81aGhiY2VxZGRpMw==&utm_source=qr","http:\/\/www.youtube.com\/@Linenlounge"],"description":"Online Fachhandel f\u00fcr europ\u00e4ische Leinen-Bettw\u00e4sche und Heimtextilien aus traditionellen Webereien wie Leitner Leinen, Schlitzer Leinen, Libeco, Vieb\u00f6ck und Hoffmann.","email":"info@linen.eu","telephone":"+49 (0) 69 90738860","legalName":"Linen UG (haftungsbeschr\u00e4nkt)","foundingDate":"2015-04-08","numberOfEmployees":{"@type":"QuantitativeValue","minValue":"1","maxValue":"10"}}]},"product_brand":"HEFEL","og_availability":"instock","product_availability":"instock","product_retailer_item_id":"114303451510","product_condition":"new"},"_links":{"self":[{"href":"https:\/\/linen.eu\/en\/wp-json\/wp\/v2\/product\/123270","targetHints":{"allow":["GET"]}}],"collection":[{"href":"https:\/\/linen.eu\/en\/wp-json\/wp\/v2\/product"}],"about":[{"href":"https:\/\/linen.eu\/en\/wp-json\/wp\/v2\/types\/product"}],"replies":[{"embeddable":true,"href":"https:\/\/linen.eu\/en\/wp-json\/wp\/v2\/comments?post=123270"}],"wp:featuredmedia":[{"embeddable":true,"href":"https:\/\/linen.eu\/en\/wp-json\/wp\/v2\/media\/4359"}],"wp:attachment":[{"href":"https:\/\/linen.eu\/en\/wp-json\/wp\/v2\/media?parent=123270"}],"wp:term":[{"taxonomy":"product_brand","embeddable":true,"href":"https:\/\/linen.eu\/en\/wp-json\/wp\/v2\/product_brand?post=123270"},{"taxonomy":"product_cat","embeddable":true,"href":"https:\/\/linen.eu\/en\/wp-json\/wp\/v2\/product_cat?post=123270"},{"taxonomy":"product_tag","embeddable":true,"href":"https:\/\/linen.eu\/en\/wp-json\/wp\/v2\/product_tag?post=123270"}],"curies":[{"name":"wp","href":"https:\/\/api.w.org\/{rel}","templated":true}]}}