{"id":123304,"date":"2025-08-12T16:51:25","date_gmt":"2025-08-12T14:51:25","guid":{"rendered":"https:\/\/linen.eu\/produkt\/organic-linen-bedding-narrow-check-by-vieboeck-267oe\/"},"modified":"2026-04-12T00:24:14","modified_gmt":"2026-04-11T22:24:14","slug":"organic-linen-bedding-narrow-check-by-vieboeck-267oe","status":"publish","type":"product","link":"https:\/\/linen.eu\/en\/produkt\/organic-linen-bedding-narrow-check-by-vieboeck-267oe\/","title":{"rendered":"Organic linen bedding narrow check by Vieb\u00f6ck 267\u00f6"},"content":{"rendered":"<h2 class=\"h3 product-detail-description-title\">&#8220;Organic linen bedding narrow check by Vieb\u00f6ck&#8221;<\/h2>\n<div class=\"product-detail-description-text\">\n<p>Organic linen bedding narrow check from Vieb\u00f6ck. The   <span data-segment-position=\"6\">patterned  <\/span><span data-segment-position=\"7\">Organic linen  <\/span><span data-segment-position=\"8\">has been  <\/span><span data-segment-position=\"1\">many  <\/span><span data-segment-position=\"2\">years  <\/span><span data-segment-position=\"3\">from the  <\/span><span data-segment-position=\"11\">Vieb\u00f6ck collection would be unthinkable without it.<\/span> <span data-segment-position=\"0\">The  <\/span><span data-segment-position=\"1\">Article  <\/span><span data-segment-position=\"2\">falls  <\/span><span data-segment-position=\"3\">due to  <\/span><span data-segment-position=\"4\">his  <\/span><span data-segment-position=\"5\">Combination  <\/span><span data-segment-position=\"6\">from  <\/span><span data-segment-position=\"7\">bleached  <\/span><span data-segment-position=\"8\">and  <\/span><span data-segment-position=\"9\">natural  <\/span><span data-segment-position=\"10\">Linen yarns  <\/span><span data-segment-position=\"11\">optically simply out of character.<\/span> <span data-segment-position=\"0\">This type of pattern is rarely found in linen, as the production is very complex. Very   <\/span><span data-segment-position=\"1\">thin  <\/span><span data-segment-position=\"19\">and  <\/span><span data-segment-position=\"3\">fine  <\/span><span data-segment-position=\"4\">Vieb\u00f6ck has made this traditional  <\/span><span data-segment-position=\"8\">Article  <\/span><span data-segment-position=\"9\">woven.  <\/span><span data-segment-position=\"10\">The  <\/span><span data-segment-position=\"11\">Linen  <\/span><span data-segment-position=\"12\">feels  <\/span><span data-segment-position=\"13\">itself  <\/span><span data-segment-position=\"14\">on  <\/span><span data-segment-position=\"15\">the  <\/span><span data-segment-position=\"16\">Skin  <\/span><span data-segment-position=\"17\">extraordinary  <\/span><span data-segment-position=\"18\">light  <\/span><span data-segment-position=\"19\">and  <\/span><span data-segment-position=\"20\">soft on.<\/span><\/p>\n<p>And the cool clarity of the pattern supports a pleasant detachment of thought. The best conditions for a carefree journey into the realm of dreams. Each bed linen is made exclusively to order for you.  <\/p>\n<h3>European organic linen<\/h3>\n<p>Linen bed linen allows the skin to breathe better. When it comes to our skin, linen is the perfect fabric. Due to its long, smooth fibers, linen absorbs a lot of moisture and repels dirt.   Linen is an intelligent fabric because linen balances out temperatures. Linen ensures a pleasant coolness in summer and creates cozy warmth in winter. The long linen fibers ensure that linen bed linen stays fresh for much longer. The linen fabric has been treated purely mechanically and is therefore very soft and skin-friendly. Linen treated in this way creases less and retains the naturalness and all the advantages of linen. Vieb\u00f6ck is convinced of organic linen and unconditional sustainability in all stages of production, so the creation of certified linen bed linen in accordance with the GOTS standard was a completely natural step.     <\/p>\n<h3>The Weaving Mill<\/h3>\n<p><a href=\"https:\/\/linen.eu\/en\/linen-weaving-mills\/vieboeck\/\">Vieb\u00f6ck <\/a>has been weaving linen and cotton fabrics for more than 185 years, both in traditional M\u00fchlviertel patterns and in modern designs. This makes them one of the oldest and most traditional companies in Austria. The International Association of the Natural Textile Industry has awarded Vieb\u00f6ck both GOTS and IVN BEST certification. This guarantees the highest demands on textiles in ecological and socially responsible standards.<br \/>\nAt Vieb\u00f6ck, these more than 180 years of tradition are combined with modern ideas such as ecology, sustainability and product clarity. The linen yarns come exclusively from environmentally friendly and sustainable cultivation in Europe (France, Belgium and Holland). The finishing is purely mechanical and natural, the fabrics are dyed with reactive dyes and vegetable dyes in Lower Austria. Christine and Carmen sew this bed linen exclusively for you with a lot of love. All Vieb\u00f6ck fabrics are woven exclusively in Helfenberg.       <\/p>\n<p>We recommend the fine linen sheets and fitted sheets from Vieb\u00f6ck. Each order is made individually for you. <\/p>\n<h3>The product: Organic linen bedding narrow check by <a href=\"https:\/\/linen.eu\/en\/magazine\/\">Vieb\u00f6ck<\/a><\/h3>\n<p>Available as a comforter cover, pillowcase and sheet<br \/>\n100% linen, washed. Heavy quality of 184 grams per square meter, CO\u2082 neutral production<br \/>\nBlankets and pillows with twisted buttons. A zipper can also be incorporated on request<br \/>\nWeave: Linen weave<br \/>\nThread count: Nm 26<br \/>\nPattern: Plain. Bright and summery<br \/>\nMasters of Linen award. organic quality<br \/>\nMade in Austria.    <\/p>\n<h3>Care Instructions<\/h3>\n<p>Colored linen can be washed up to 60\u00b0, white up to 95\u00b0. As with all materials, linen will last longer if washed at a lower temperature. What linen does not tolerate are detergents with optical brighteners, they bleach out the natural colors and the fabric becomes light Wrinkling: Linen needs sufficient residual moisture so that it does not wrinkle so much. Do not overload the machine so that the fabric can move, do not spin linen too hard or for too long. If you want to iron linen, iron the items on the hot linen setting of your iron when they are still a little damp. Even if it is convenient: avoid drying linen in the dryer. Overdrying can cause it to shrink.      <\/p>\n<\/div>\n","protected":false},"excerpt":{"rendered":"<p><strong data-start=\"68\" data-end=\"119\">Organic linen bed linen<\/strong> narrow check <strong data-start=\"68\" data-end=\"119\">from Vieb\u00f6ck<\/strong><br data-start=\"119\" data-end=\"122\">The organic linen bed linen narrow check from Vieb\u00f6ck is woven from bleached and natural linen yarns and impresses with its fine, light fabric. The rare pattern gives the bed linen a clear, elegant look that feels pleasantly cool on the skin &#8211; perfect for restful sleep all year round. Woven in Austria and made exclusively to order.  <\/p>\n","protected":false},"featured_media":123305,"comment_status":"open","ping_status":"closed","template":"","meta":{"_acf_changed":false},"product_brand":[4793,4794],"product_cat":[3788,3789,3862,3932,3728,3748,3785,3786,3787],"product_tag":[3639,3640,3731,3750],"class_list":{"0":"post-123304","1":"product","2":"type-product","3":"status-publish","4":"has-post-thumbnail","6":"product_brand-vieboeck","7":"product_brand-vieboeck-en","8":"product_cat-200x200","9":"product_cat-200x220","10":"product_cat-160x210","11":"product_cat-bed-linen-made-from-organic-linen","12":"product_cat-bedroom","13":"product_cat-product","14":"product_cat-linen-bedding","15":"product_cat-155x220","16":"product_cat-135x200","17":"product_tag-organic-linen","18":"product_tag-all-year","19":"product_tag-natural-fiber","20":"product_tag-gots-certified","22":"first","23":"instock","24":"taxable","25":"shipping-taxable","26":"purchasable","27":"product-type-variable"},"acf":[],"yoast_head":"<!-- This site is optimized with the Yoast SEO Premium plugin v27.3 (Yoast SEO v27.3) - https:\/\/yoast.com\/product\/yoast-seo-premium-wordpress\/ -->\n<title>Organic linen bedding narrow check by Vieb\u00f6ck 267\u00f6 - Linen.eu<\/title>\n<meta name=\"description\" content=\"Organic linen bed linen narrow check by Vieboeck \u271a Traditional genuine linen weaving \u271a Spun and sewn in Austria \u27a4 Simply buy online now\" \/>\n<meta name=\"robots\" content=\"index, follow, max-snippet:-1, max-image-preview:large, max-video-preview:-1\" \/>\n<link rel=\"canonical\" href=\"https:\/\/linen.eu\/en\/produkt\/organic-linen-bedding-narrow-check-by-vieboeck-267oe\/\" \/>\n<meta property=\"og:locale\" content=\"en_US\" \/>\n<meta property=\"og:type\" content=\"article\" \/>\n<meta property=\"og:title\" content=\"Organic linen bedding narrow check by Vieb\u00f6ck 267\u00f6\" \/>\n<meta property=\"og:description\" content=\"Organic linen bed linen narrow check by Vieboeck \u271a Traditional genuine linen weaving \u271a Spun and sewn in Austria \u27a4 Simply buy online now\" \/>\n<meta property=\"og:url\" content=\"https:\/\/linen.eu\/en\/produkt\/organic-linen-bedding-narrow-check-by-vieboeck-267oe\/\" \/>\n<meta property=\"og:site_name\" content=\"Linen.eu\" \/>\n<meta property=\"article:publisher\" content=\"https:\/\/linen.eu\" \/>\n<meta property=\"article:modified_time\" content=\"2026-04-11T22:24:14+00:00\" \/>\n<meta property=\"og:image\" content=\"https:\/\/linen.eu\/wp-content\/uploads\/2025\/12\/Firefly_251209_Vieboeck-Karo-kleiner.jpg\" \/>\n\t<meta property=\"og:image:width\" content=\"800\" \/>\n\t<meta property=\"og:image:height\" content=\"800\" \/>\n\t<meta property=\"og:image:type\" content=\"image\/jpeg\" \/>\n<meta name=\"twitter:card\" content=\"summary_large_image\" \/>\n<meta name=\"twitter:site\" content=\"@linenlounge\" \/>\n<meta name=\"twitter:label1\" content=\"Availability\" \/>\n\t<meta name=\"twitter:data1\" content=\"In stock\" \/>\n<script type=\"application\/ld+json\" class=\"yoast-schema-graph\">{\"@context\":\"https:\\\/\\\/schema.org\",\"@graph\":[{\"@type\":\"WebPage\",\"@id\":\"https:\\\/\\\/linen.eu\\\/en\\\/produkt\\\/organic-linen-bedding-narrow-check-by-vieboeck-267oe\\\/\",\"url\":\"https:\\\/\\\/linen.eu\\\/en\\\/produkt\\\/organic-linen-bedding-narrow-check-by-vieboeck-267oe\\\/\",\"name\":\"Organic linen bedding narrow check by Vieb\u00f6ck 267\u00f6 - Linen.eu\",\"isPartOf\":{\"@id\":\"https:\\\/\\\/linen.eu\\\/en\\\/#website\"},\"primaryImageOfPage\":{\"@id\":\"https:\\\/\\\/linen.eu\\\/en\\\/produkt\\\/organic-linen-bedding-narrow-check-by-vieboeck-267oe\\\/#primaryimage\"},\"image\":{\"@id\":\"https:\\\/\\\/linen.eu\\\/en\\\/produkt\\\/organic-linen-bedding-narrow-check-by-vieboeck-267oe\\\/#primaryimage\"},\"thumbnailUrl\":\"https:\\\/\\\/linen.eu\\\/wp-content\\\/uploads\\\/2025\\\/12\\\/Firefly_251209_Vieboeck-Karo-kleiner.jpg\",\"datePublished\":\"2025-08-12T14:51:25+00:00\",\"dateModified\":\"2026-04-11T22:24:14+00:00\",\"description\":\"Organic linen bed linen narrow check by Vieboeck \u271a Traditional genuine linen weaving \u271a Spun and sewn in Austria \u27a4 Simply buy online now\",\"breadcrumb\":{\"@id\":\"https:\\\/\\\/linen.eu\\\/en\\\/produkt\\\/organic-linen-bedding-narrow-check-by-vieboeck-267oe\\\/#breadcrumb\"},\"inLanguage\":\"en-US\",\"potentialAction\":[{\"@type\":\"ReadAction\",\"target\":[\"https:\\\/\\\/linen.eu\\\/en\\\/produkt\\\/organic-linen-bedding-narrow-check-by-vieboeck-267oe\\\/\"]}]},{\"@type\":\"ImageObject\",\"inLanguage\":\"en-US\",\"@id\":\"https:\\\/\\\/linen.eu\\\/en\\\/produkt\\\/organic-linen-bedding-narrow-check-by-vieboeck-267oe\\\/#primaryimage\",\"url\":\"https:\\\/\\\/linen.eu\\\/wp-content\\\/uploads\\\/2025\\\/12\\\/Firefly_251209_Vieboeck-Karo-kleiner.jpg\",\"contentUrl\":\"https:\\\/\\\/linen.eu\\\/wp-content\\\/uploads\\\/2025\\\/12\\\/Firefly_251209_Vieboeck-Karo-kleiner.jpg\",\"width\":800,\"height\":800,\"caption\":\"A neatly made bed with beige and white checkered bedding, two beige pillows and a gray blanket in a bright room with a wooden floor and a large window that lets in natural light.\"},{\"@type\":\"BreadcrumbList\",\"@id\":\"https:\\\/\\\/linen.eu\\\/en\\\/produkt\\\/organic-linen-bedding-narrow-check-by-vieboeck-267oe\\\/#breadcrumb\",\"itemListElement\":[{\"@type\":\"ListItem\",\"position\":1,\"name\":\"Startseite\",\"item\":\"https:\\\/\\\/linen.eu\\\/en\\\/home\\\/\"},{\"@type\":\"ListItem\",\"position\":2,\"name\":\"Shop\",\"item\":\"https:\\\/\\\/linen.eu\\\/en\\\/shop\\\/\"},{\"@type\":\"ListItem\",\"position\":3,\"name\":\"Organic linen bedding narrow check by Vieb\u00f6ck 267\u00f6\"}]},{\"@type\":\"WebSite\",\"@id\":\"https:\\\/\\\/linen.eu\\\/en\\\/#website\",\"url\":\"https:\\\/\\\/linen.eu\\\/en\\\/\",\"name\":\"Linen.eu\",\"description\":\"\",\"publisher\":{\"@id\":\"https:\\\/\\\/linen.eu\\\/en\\\/#organization\"},\"potentialAction\":[{\"@type\":\"SearchAction\",\"target\":{\"@type\":\"EntryPoint\",\"urlTemplate\":\"https:\\\/\\\/linen.eu\\\/en\\\/?s={search_term_string}\"},\"query-input\":{\"@type\":\"PropertyValueSpecification\",\"valueRequired\":true,\"valueName\":\"search_term_string\"}}],\"inLanguage\":\"en-US\"},{\"@type\":\"Organization\",\"@id\":\"https:\\\/\\\/linen.eu\\\/en\\\/#organization\",\"name\":\"Linen Lounge\",\"alternateName\":\"linen.eu\",\"url\":\"https:\\\/\\\/linen.eu\\\/en\\\/\",\"logo\":{\"@type\":\"ImageObject\",\"inLanguage\":\"en-US\",\"@id\":\"https:\\\/\\\/linen.eu\\\/en\\\/#\\\/schema\\\/logo\\\/image\\\/\",\"url\":\"https:\\\/\\\/linen.eu\\\/wp-content\\\/uploads\\\/2025\\\/10\\\/LinenLounge-NEU2.webp\",\"contentUrl\":\"https:\\\/\\\/linen.eu\\\/wp-content\\\/uploads\\\/2025\\\/10\\\/LinenLounge-NEU2.webp\",\"width\":1800,\"height\":455,\"caption\":\"Linen Lounge\"},\"image\":{\"@id\":\"https:\\\/\\\/linen.eu\\\/en\\\/#\\\/schema\\\/logo\\\/image\\\/\"},\"sameAs\":[\"https:\\\/\\\/linen.eu\",\"https:\\\/\\\/x.com\\\/linenlounge\",\"https:\\\/\\\/www.instagram.com\\\/linen.lounge?igsh=MW81aGhiY2VxZGRpMw==&utm_source=qr\",\"http:\\\/\\\/www.youtube.com\\\/@Linenlounge\"],\"description\":\"Online Fachhandel f\u00fcr europ\u00e4ische Leinen-Bettw\u00e4sche und Heimtextilien aus traditionellen Webereien wie Leitner Leinen, Schlitzer Leinen, Libeco, Vieb\u00f6ck und Hoffmann.\",\"email\":\"info@linen.eu\",\"telephone\":\"+49 (0) 69 90738860\",\"legalName\":\"Linen UG (haftungsbeschr\u00e4nkt)\",\"foundingDate\":\"2015-04-08\",\"numberOfEmployees\":{\"@type\":\"QuantitativeValue\",\"minValue\":\"1\",\"maxValue\":\"10\"}}]}<\/script>\n<meta property=\"product:brand\" content=\"Vieb\u00f6ck Linen Weaving Mill \u2013 M\u00fchlviertel Linen\" \/>\n<meta property=\"og:availability\" content=\"instock\" \/>\n<meta property=\"product:availability\" content=\"instock\" \/>\n<meta property=\"product:retailer_item_id\" content=\"118101264310\" \/>\n<meta property=\"product:condition\" content=\"new\" \/>\n<!-- \/ Yoast SEO Premium plugin. -->","yoast_head_json":{"title":"Organic linen bedding narrow check by Vieb\u00f6ck 267\u00f6 - Linen.eu","description":"Organic linen bed linen narrow check by Vieboeck \u271a Traditional genuine linen weaving \u271a Spun and sewn in Austria \u27a4 Simply buy online now","robots":{"index":"index","follow":"follow","max-snippet":"max-snippet:-1","max-image-preview":"max-image-preview:large","max-video-preview":"max-video-preview:-1"},"canonical":"https:\/\/linen.eu\/en\/produkt\/organic-linen-bedding-narrow-check-by-vieboeck-267oe\/","og_locale":"en_US","og_type":"article","og_title":"Organic linen bedding narrow check by Vieb\u00f6ck 267\u00f6","og_description":"Organic linen bed linen narrow check by Vieboeck \u271a Traditional genuine linen weaving \u271a Spun and sewn in Austria \u27a4 Simply buy online now","og_url":"https:\/\/linen.eu\/en\/produkt\/organic-linen-bedding-narrow-check-by-vieboeck-267oe\/","og_site_name":"Linen.eu","article_publisher":"https:\/\/linen.eu","article_modified_time":"2026-04-11T22:24:14+00:00","og_image":[{"width":800,"height":800,"url":"https:\/\/linen.eu\/wp-content\/uploads\/2025\/12\/Firefly_251209_Vieboeck-Karo-kleiner.jpg","type":"image\/jpeg"}],"twitter_card":"summary_large_image","twitter_site":"@linenlounge","twitter_misc":{"Availability":"In stock"},"schema":{"@context":"https:\/\/schema.org","@graph":[{"@type":"WebPage","@id":"https:\/\/linen.eu\/en\/produkt\/organic-linen-bedding-narrow-check-by-vieboeck-267oe\/","url":"https:\/\/linen.eu\/en\/produkt\/organic-linen-bedding-narrow-check-by-vieboeck-267oe\/","name":"Organic linen bedding narrow check by Vieb\u00f6ck 267\u00f6 - Linen.eu","isPartOf":{"@id":"https:\/\/linen.eu\/en\/#website"},"primaryImageOfPage":{"@id":"https:\/\/linen.eu\/en\/produkt\/organic-linen-bedding-narrow-check-by-vieboeck-267oe\/#primaryimage"},"image":{"@id":"https:\/\/linen.eu\/en\/produkt\/organic-linen-bedding-narrow-check-by-vieboeck-267oe\/#primaryimage"},"thumbnailUrl":"https:\/\/linen.eu\/wp-content\/uploads\/2025\/12\/Firefly_251209_Vieboeck-Karo-kleiner.jpg","datePublished":"2025-08-12T14:51:25+00:00","dateModified":"2026-04-11T22:24:14+00:00","description":"Organic linen bed linen narrow check by Vieboeck \u271a Traditional genuine linen weaving \u271a Spun and sewn in Austria \u27a4 Simply buy online now","breadcrumb":{"@id":"https:\/\/linen.eu\/en\/produkt\/organic-linen-bedding-narrow-check-by-vieboeck-267oe\/#breadcrumb"},"inLanguage":"en-US","potentialAction":[{"@type":"ReadAction","target":["https:\/\/linen.eu\/en\/produkt\/organic-linen-bedding-narrow-check-by-vieboeck-267oe\/"]}]},{"@type":"ImageObject","inLanguage":"en-US","@id":"https:\/\/linen.eu\/en\/produkt\/organic-linen-bedding-narrow-check-by-vieboeck-267oe\/#primaryimage","url":"https:\/\/linen.eu\/wp-content\/uploads\/2025\/12\/Firefly_251209_Vieboeck-Karo-kleiner.jpg","contentUrl":"https:\/\/linen.eu\/wp-content\/uploads\/2025\/12\/Firefly_251209_Vieboeck-Karo-kleiner.jpg","width":800,"height":800,"caption":"A neatly made bed with beige and white checkered bedding, two beige pillows and a gray blanket in a bright room with a wooden floor and a large window that lets in natural light."},{"@type":"BreadcrumbList","@id":"https:\/\/linen.eu\/en\/produkt\/organic-linen-bedding-narrow-check-by-vieboeck-267oe\/#breadcrumb","itemListElement":[{"@type":"ListItem","position":1,"name":"Startseite","item":"https:\/\/linen.eu\/en\/home\/"},{"@type":"ListItem","position":2,"name":"Shop","item":"https:\/\/linen.eu\/en\/shop\/"},{"@type":"ListItem","position":3,"name":"Organic linen bedding narrow check by Vieb\u00f6ck 267\u00f6"}]},{"@type":"WebSite","@id":"https:\/\/linen.eu\/en\/#website","url":"https:\/\/linen.eu\/en\/","name":"Linen.eu","description":"","publisher":{"@id":"https:\/\/linen.eu\/en\/#organization"},"potentialAction":[{"@type":"SearchAction","target":{"@type":"EntryPoint","urlTemplate":"https:\/\/linen.eu\/en\/?s={search_term_string}"},"query-input":{"@type":"PropertyValueSpecification","valueRequired":true,"valueName":"search_term_string"}}],"inLanguage":"en-US"},{"@type":"Organization","@id":"https:\/\/linen.eu\/en\/#organization","name":"Linen Lounge","alternateName":"linen.eu","url":"https:\/\/linen.eu\/en\/","logo":{"@type":"ImageObject","inLanguage":"en-US","@id":"https:\/\/linen.eu\/en\/#\/schema\/logo\/image\/","url":"https:\/\/linen.eu\/wp-content\/uploads\/2025\/10\/LinenLounge-NEU2.webp","contentUrl":"https:\/\/linen.eu\/wp-content\/uploads\/2025\/10\/LinenLounge-NEU2.webp","width":1800,"height":455,"caption":"Linen Lounge"},"image":{"@id":"https:\/\/linen.eu\/en\/#\/schema\/logo\/image\/"},"sameAs":["https:\/\/linen.eu","https:\/\/x.com\/linenlounge","https:\/\/www.instagram.com\/linen.lounge?igsh=MW81aGhiY2VxZGRpMw==&utm_source=qr","http:\/\/www.youtube.com\/@Linenlounge"],"description":"Online Fachhandel f\u00fcr europ\u00e4ische Leinen-Bettw\u00e4sche und Heimtextilien aus traditionellen Webereien wie Leitner Leinen, Schlitzer Leinen, Libeco, Vieb\u00f6ck und Hoffmann.","email":"info@linen.eu","telephone":"+49 (0) 69 90738860","legalName":"Linen UG (haftungsbeschr\u00e4nkt)","foundingDate":"2015-04-08","numberOfEmployees":{"@type":"QuantitativeValue","minValue":"1","maxValue":"10"}}]},"product_brand":"Vieb\u00f6ck Linen Weaving Mill \u2013 M\u00fchlviertel Linen","og_availability":"instock","product_availability":"instock","product_retailer_item_id":"118101264310","product_condition":"new"},"_links":{"self":[{"href":"https:\/\/linen.eu\/en\/wp-json\/wp\/v2\/product\/123304","targetHints":{"allow":["GET"]}}],"collection":[{"href":"https:\/\/linen.eu\/en\/wp-json\/wp\/v2\/product"}],"about":[{"href":"https:\/\/linen.eu\/en\/wp-json\/wp\/v2\/types\/product"}],"replies":[{"embeddable":true,"href":"https:\/\/linen.eu\/en\/wp-json\/wp\/v2\/comments?post=123304"}],"wp:featuredmedia":[{"embeddable":true,"href":"https:\/\/linen.eu\/en\/wp-json\/wp\/v2\/media\/123305"}],"wp:attachment":[{"href":"https:\/\/linen.eu\/en\/wp-json\/wp\/v2\/media?parent=123304"}],"wp:term":[{"taxonomy":"product_brand","embeddable":true,"href":"https:\/\/linen.eu\/en\/wp-json\/wp\/v2\/product_brand?post=123304"},{"taxonomy":"product_cat","embeddable":true,"href":"https:\/\/linen.eu\/en\/wp-json\/wp\/v2\/product_cat?post=123304"},{"taxonomy":"product_tag","embeddable":true,"href":"https:\/\/linen.eu\/en\/wp-json\/wp\/v2\/product_tag?post=123304"}],"curies":[{"name":"wp","href":"https:\/\/api.w.org\/{rel}","templated":true}]}}