{"id":123506,"date":"2025-08-12T16:52:55","date_gmt":"2025-08-12T14:52:55","guid":{"rendered":"https:\/\/linen.eu\/produkt\/portobello-carpet-bastion-pure-linen-from-libeco\/"},"modified":"2026-04-12T00:09:01","modified_gmt":"2026-04-11T22:09:01","slug":"portobello-carpet-bastion-pure-linen-from-libeco","status":"publish","type":"product","link":"https:\/\/linen.eu\/en\/produkt\/portobello-carpet-bastion-pure-linen-from-libeco\/","title":{"rendered":"Portobello carpet Bastion pure linen from Libeco"},"content":{"rendered":"<h2>&#8220;Portobello carpet Bastion pure linen from Libeco&#8221;<\/h2>\n<p>Portobello rug Bastion pure linen from Libeco. The designer says: &#8220;It is a beautiful, light linen rug in natural colors that integrates easily into any room. There are five different sizes, four different colors: Flax, gray, black and bastion. It goes perfectly with strong, but also bright colors. This rug has beautifully decorated fringes on the wide sides.&#8221;    <\/p>\n<h3>Carpets made from an organic linen-wool blend<\/h3>\n<p>Walking barefoot over a carpet made from organic linen-wool blends gives you a new sense of well-being. In the classic weaving technique of plain weave, yarns are used here that consist of a larger proportion of flax fibers and a smaller proportion of sheep&#8217;s wool. This makes carpets made from organic linen-wool blends very special floor coverings. The strong and durable linen fiber makes the carpet very hard-wearing, while the wool fiber creates a warming air cushion. Carpets made from organic linen-wool blends are unbeatable, and not just in terms of environmental friendliness and sustainability. They are also dirt-repellent, anti-allergenic and anti-bacterial. Both the organic linen used is grown in Europe and the wool comes from sheep bred in Europe. Carpets made from organic linen-wool blends not only give a very pleasant feeling on the feet, whether barefoot, in socks or with shoes, they also give a clear conscience, as our carpets are certified by the GOTS standard.       <\/p>\n<h3>The Weaving Mill<\/h3>\n<p data-prosemirror-content-type=\"node\" data-prosemirror-node-name=\"paragraph\" data-prosemirror-node-block=\"true\" data-pm-slice=\"1 1 []\">In 2006, <a href=\"https:\/\/linen.eu\/brand\/libeco\/\" data-prosemirror-content-type=\"mark\" data-prosemirror-mark-name=\"link\">Libeco<\/a> received a knighthood from the Belgian royal family: &#8220;Belgian Royal Warrant Holder&#8221; is the impressive recognition of the quality of this linen. The &#8220;Belgian Linen&#8221; quality seal is the guarantee of a quality product in accordance with all the rules of sustainable management.  All Libeco fabrics bear the coveted &#8220;Masters of Linen&#8221; label. This guarantees that the fabrics have been tested to meet the extremely high requirements of this master class and that they are manufactured exclusively in Europe. &#8220;Eco Line&#8221; and &#8220;Oeko-Tex&#8221; provide the assurance that Libeco fabrics are free from harmful substances and that they have not been treated, bleached or dyed with chemicals.  <\/p>\n<h3>The product: Portobello carpet Bastion pure linen from <a href=\"https:\/\/linen.eu\/en\/linen-weaving-mills\/libeco\/\" data-prosemirror-content-type=\"mark\" data-prosemirror-mark-name=\"link\">Libeco<\/a><\/h3>\n<p>Available as a carpet<br \/>\n100% linen, washed. Heavy quality of 1000 grams per square meter, CO\u2082 neutral production<br \/>\nWeave: Linen weave<br \/>\nThread count: Nm 58<br \/>\nPattern: Bastion &#8211; cool blue<br \/>\nMasters of Linen quality.<br \/>\nMade in Belgium. <\/p>\n<h3>Care Instructions<\/h3>\n<p>Colored linen can be washed up to 60\u00b0, white up to 95\u00b0. As with all materials, linen will last longer if washed at a lower temperature. What linen does not tolerate are detergents with optical brighteners. They bleach out the natural colors and the fabric becomes pale. Creasing: Linen needs sufficient residual moisture so that it does not crease so much. Do not overload the machine so that the fabric can move. Do not spin linen too hard or for too long. If you want to iron linen, iron the items on the hot setting of your iron when they are still a little damp. Even if it is convenient: avoid drying linen in the dryer. Overdrying can cause it to shrink         <\/p>\n","protected":false},"excerpt":{"rendered":"<p><strong>Portobello carpet Bastion &#8211; pure linen from Libeco<\/strong><\/p>\n<p>&gt;A lightweight linen rug in natural colors that blends effortlessly into any interior. With decorative fringes on the wide sides, it brings simple elegance to the floor. Made from <strong>100% washed linen<\/strong> (1000 g\/m\u00b2), CO\u2082-neutral produced in Belgium and awarded the <strong>&#8220;Masters of Linen&#8221;<\/strong> label. Available in five sizes and four colors &#8211; including Bastion, a cool blue.   <\/p>\n","protected":false},"featured_media":8504,"comment_status":"open","ping_status":"closed","template":"","meta":{"_acf_changed":false},"product_brand":[4801],"product_cat":[3748,3844,3998],"product_tag":[3731,3999,3640,3641],"class_list":{"0":"post-123506","1":"product","2":"type-product","3":"status-publish","4":"has-post-thumbnail","6":"product_brand-libeco","7":"product_cat-product","8":"product_cat-kitchen-and-bath","9":"product_cat-linen-rugs","10":"product_tag-natural-fiber","11":"product_tag-linen-rug","12":"product_tag-all-year","13":"product_tag-linen","15":"first","16":"instock","17":"taxable","18":"shipping-taxable","19":"purchasable","20":"product-type-variable"},"acf":[],"yoast_head":"<!-- This site is optimized with the Yoast SEO Premium plugin v27.4 (Yoast SEO v27.4) - https:\/\/yoast.com\/product\/yoast-seo-premium-wordpress\/ -->\n<title>Portobello carpet Bastion pure linen from Libeco - Linen Lounge<\/title>\n<meta name=\"description\" content=\"Portobello rug Bastion pure linen by Libeco \u271a Traditional genuine linen weaving \u271a Woven and sewn in Belgium \u27a4 Simply buy online now\" \/>\n<meta name=\"robots\" content=\"noindex, follow\" \/>\n<meta property=\"og:locale\" content=\"en_US\" \/>\n<meta property=\"og:type\" content=\"article\" \/>\n<meta property=\"og:title\" content=\"Portobello carpet Bastion pure linen from Libeco\" \/>\n<meta property=\"og:description\" content=\"Portobello rug Bastion pure linen by Libeco \u271a Traditional genuine linen weaving \u271a Woven and sewn in Belgium \u27a4 Simply buy online now\" \/>\n<meta property=\"og:url\" content=\"https:\/\/linen.eu\/en\/produkt\/portobello-carpet-bastion-pure-linen-from-libeco\/\" \/>\n<meta property=\"og:site_name\" content=\"Linen.eu\" \/>\n<meta property=\"article:publisher\" content=\"https:\/\/linen.eu\" \/>\n<meta property=\"article:modified_time\" content=\"2026-04-11T22:09:01+00:00\" \/>\n<meta property=\"og:image\" content=\"https:\/\/linen.eu\/wp-content\/uploads\/2025\/07\/Portobello-bastion-jan-2018-10-q.jpg\" \/>\n\t<meta property=\"og:image:width\" content=\"1600\" \/>\n\t<meta property=\"og:image:height\" content=\"1200\" \/>\n\t<meta property=\"og:image:type\" content=\"image\/jpeg\" \/>\n<meta name=\"twitter:card\" content=\"summary_large_image\" \/>\n<meta name=\"twitter:site\" content=\"@linenlounge\" \/>\n<meta name=\"twitter:label1\" content=\"Availability\" \/>\n\t<meta name=\"twitter:data1\" content=\"In stock\" \/>\n<script type=\"application\/ld+json\" class=\"yoast-schema-graph\">{\"@context\":\"https:\\\/\\\/schema.org\",\"@graph\":[{\"@type\":\"WebPage\",\"@id\":\"https:\\\/\\\/linen.eu\\\/en\\\/produkt\\\/portobello-carpet-bastion-pure-linen-from-libeco\\\/\",\"url\":\"https:\\\/\\\/linen.eu\\\/en\\\/produkt\\\/portobello-carpet-bastion-pure-linen-from-libeco\\\/\",\"name\":\"Portobello carpet Bastion pure linen from Libeco - Linen Lounge\",\"isPartOf\":{\"@id\":\"https:\\\/\\\/linen.eu\\\/en\\\/#website\"},\"primaryImageOfPage\":{\"@id\":\"https:\\\/\\\/linen.eu\\\/en\\\/produkt\\\/portobello-carpet-bastion-pure-linen-from-libeco\\\/#primaryimage\"},\"image\":{\"@id\":\"https:\\\/\\\/linen.eu\\\/en\\\/produkt\\\/portobello-carpet-bastion-pure-linen-from-libeco\\\/#primaryimage\"},\"thumbnailUrl\":\"https:\\\/\\\/linen.eu\\\/wp-content\\\/uploads\\\/2025\\\/07\\\/Portobello-bastion-jan-2018-10-q.jpg\",\"datePublished\":\"2025-08-12T14:52:55+00:00\",\"dateModified\":\"2026-04-11T22:09:01+00:00\",\"description\":\"Portobello rug Bastion pure linen by Libeco \u271a Traditional genuine linen weaving \u271a Woven and sewn in Belgium \u27a4 Simply buy online now\",\"breadcrumb\":{\"@id\":\"https:\\\/\\\/linen.eu\\\/en\\\/produkt\\\/portobello-carpet-bastion-pure-linen-from-libeco\\\/#breadcrumb\"},\"inLanguage\":\"en-US\",\"potentialAction\":[{\"@type\":\"ReadAction\",\"target\":[\"https:\\\/\\\/linen.eu\\\/en\\\/produkt\\\/portobello-carpet-bastion-pure-linen-from-libeco\\\/\"]}]},{\"@type\":\"ImageObject\",\"inLanguage\":\"en-US\",\"@id\":\"https:\\\/\\\/linen.eu\\\/en\\\/produkt\\\/portobello-carpet-bastion-pure-linen-from-libeco\\\/#primaryimage\",\"url\":\"https:\\\/\\\/linen.eu\\\/wp-content\\\/uploads\\\/2025\\\/07\\\/Portobello-bastion-jan-2018-10-q.jpg\",\"contentUrl\":\"https:\\\/\\\/linen.eu\\\/wp-content\\\/uploads\\\/2025\\\/07\\\/Portobello-bastion-jan-2018-10-q.jpg\",\"width\":1600,\"height\":1200,\"caption\":\"Eine Frau mit langen Haaren, die einen dunklen Pullover und zerrissene Jeans tr\u00e4gt, sitzt barfu\u00df auf einem dunklen Teppich in einem hellen, minimalistischen Raum mit einem geflochtenen Ledersessel im Hintergrund.\"},{\"@type\":\"BreadcrumbList\",\"@id\":\"https:\\\/\\\/linen.eu\\\/en\\\/produkt\\\/portobello-carpet-bastion-pure-linen-from-libeco\\\/#breadcrumb\",\"itemListElement\":[{\"@type\":\"ListItem\",\"position\":1,\"name\":\"Startseite\",\"item\":\"https:\\\/\\\/linen.eu\\\/en\\\/home\\\/\"},{\"@type\":\"ListItem\",\"position\":2,\"name\":\"Shop\",\"item\":\"https:\\\/\\\/linen.eu\\\/en\\\/shop\\\/\"},{\"@type\":\"ListItem\",\"position\":3,\"name\":\"Portobello carpet Bastion pure linen from Libeco\"}]},{\"@type\":\"WebSite\",\"@id\":\"https:\\\/\\\/linen.eu\\\/en\\\/#website\",\"url\":\"https:\\\/\\\/linen.eu\\\/en\\\/\",\"name\":\"Linen Lounge\",\"description\":\"\",\"publisher\":{\"@id\":\"https:\\\/\\\/linen.eu\\\/en\\\/#organization\"},\"potentialAction\":[{\"@type\":\"SearchAction\",\"target\":{\"@type\":\"EntryPoint\",\"urlTemplate\":\"https:\\\/\\\/linen.eu\\\/en\\\/?s={search_term_string}\"},\"query-input\":{\"@type\":\"PropertyValueSpecification\",\"valueRequired\":true,\"valueName\":\"search_term_string\"}}],\"inLanguage\":\"en-US\"},{\"@type\":\"Organization\",\"@id\":\"https:\\\/\\\/linen.eu\\\/en\\\/#organization\",\"name\":\"Linen Lounge\",\"alternateName\":\"linen.eu\",\"url\":\"https:\\\/\\\/linen.eu\\\/en\\\/\",\"logo\":{\"@type\":\"ImageObject\",\"inLanguage\":\"en-US\",\"@id\":\"https:\\\/\\\/linen.eu\\\/en\\\/#\\\/schema\\\/logo\\\/image\\\/\",\"url\":\"https:\\\/\\\/linen.eu\\\/wp-content\\\/uploads\\\/2025\\\/10\\\/LinenLounge-NEU2.webp\",\"contentUrl\":\"https:\\\/\\\/linen.eu\\\/wp-content\\\/uploads\\\/2025\\\/10\\\/LinenLounge-NEU2.webp\",\"width\":1800,\"height\":455,\"caption\":\"Linen Lounge\"},\"image\":{\"@id\":\"https:\\\/\\\/linen.eu\\\/en\\\/#\\\/schema\\\/logo\\\/image\\\/\"},\"sameAs\":[\"https:\\\/\\\/linen.eu\",\"https:\\\/\\\/x.com\\\/linenlounge\",\"https:\\\/\\\/www.instagram.com\\\/linen.lounge?igsh=MW81aGhiY2VxZGRpMw==&utm_source=qr\",\"http:\\\/\\\/www.youtube.com\\\/@Linenlounge\"],\"description\":\"Online Fachhandel f\u00fcr europ\u00e4ische Leinen-Bettw\u00e4sche und Heimtextilien aus traditionellen Webereien wie Leitner Leinen, Schlitzer Leinen, Libeco, Vieb\u00f6ck und Hoffmann.\",\"email\":\"info@linen.eu\",\"telephone\":\"+49 (0) 69 90738860\",\"legalName\":\"Linen UG (haftungsbeschr\u00e4nkt)\",\"foundingDate\":\"2015-04-08\",\"numberOfEmployees\":{\"@type\":\"QuantitativeValue\",\"minValue\":\"1\",\"maxValue\":\"10\"}}]}<\/script>\n<meta property=\"product:brand\" content=\"Libeco\" \/>\n<meta property=\"og:availability\" content=\"instock\" \/>\n<meta property=\"product:availability\" content=\"instock\" \/>\n<meta property=\"product:retailer_item_id\" content=\"111103145434\" \/>\n<meta property=\"product:condition\" content=\"new\" \/>\n<!-- \/ Yoast SEO Premium plugin. -->","yoast_head_json":{"title":"Portobello carpet Bastion pure linen from Libeco - Linen Lounge","description":"Portobello rug Bastion pure linen by Libeco \u271a Traditional genuine linen weaving \u271a Woven and sewn in Belgium \u27a4 Simply buy online now","robots":{"index":"noindex","follow":"follow"},"og_locale":"en_US","og_type":"article","og_title":"Portobello carpet Bastion pure linen from Libeco","og_description":"Portobello rug Bastion pure linen by Libeco \u271a Traditional genuine linen weaving \u271a Woven and sewn in Belgium \u27a4 Simply buy online now","og_url":"https:\/\/linen.eu\/en\/produkt\/portobello-carpet-bastion-pure-linen-from-libeco\/","og_site_name":"Linen.eu","article_publisher":"https:\/\/linen.eu","article_modified_time":"2026-04-11T22:09:01+00:00","og_image":[{"width":1600,"height":1200,"url":"https:\/\/linen.eu\/wp-content\/uploads\/2025\/07\/Portobello-bastion-jan-2018-10-q.jpg","type":"image\/jpeg"}],"twitter_card":"summary_large_image","twitter_site":"@linenlounge","twitter_misc":{"Availability":"In stock"},"schema":{"@context":"https:\/\/schema.org","@graph":[{"@type":"WebPage","@id":"https:\/\/linen.eu\/en\/produkt\/portobello-carpet-bastion-pure-linen-from-libeco\/","url":"https:\/\/linen.eu\/en\/produkt\/portobello-carpet-bastion-pure-linen-from-libeco\/","name":"Portobello carpet Bastion pure linen from Libeco - Linen Lounge","isPartOf":{"@id":"https:\/\/linen.eu\/en\/#website"},"primaryImageOfPage":{"@id":"https:\/\/linen.eu\/en\/produkt\/portobello-carpet-bastion-pure-linen-from-libeco\/#primaryimage"},"image":{"@id":"https:\/\/linen.eu\/en\/produkt\/portobello-carpet-bastion-pure-linen-from-libeco\/#primaryimage"},"thumbnailUrl":"https:\/\/linen.eu\/wp-content\/uploads\/2025\/07\/Portobello-bastion-jan-2018-10-q.jpg","datePublished":"2025-08-12T14:52:55+00:00","dateModified":"2026-04-11T22:09:01+00:00","description":"Portobello rug Bastion pure linen by Libeco \u271a Traditional genuine linen weaving \u271a Woven and sewn in Belgium \u27a4 Simply buy online now","breadcrumb":{"@id":"https:\/\/linen.eu\/en\/produkt\/portobello-carpet-bastion-pure-linen-from-libeco\/#breadcrumb"},"inLanguage":"en-US","potentialAction":[{"@type":"ReadAction","target":["https:\/\/linen.eu\/en\/produkt\/portobello-carpet-bastion-pure-linen-from-libeco\/"]}]},{"@type":"ImageObject","inLanguage":"en-US","@id":"https:\/\/linen.eu\/en\/produkt\/portobello-carpet-bastion-pure-linen-from-libeco\/#primaryimage","url":"https:\/\/linen.eu\/wp-content\/uploads\/2025\/07\/Portobello-bastion-jan-2018-10-q.jpg","contentUrl":"https:\/\/linen.eu\/wp-content\/uploads\/2025\/07\/Portobello-bastion-jan-2018-10-q.jpg","width":1600,"height":1200,"caption":"Eine Frau mit langen Haaren, die einen dunklen Pullover und zerrissene Jeans tr\u00e4gt, sitzt barfu\u00df auf einem dunklen Teppich in einem hellen, minimalistischen Raum mit einem geflochtenen Ledersessel im Hintergrund."},{"@type":"BreadcrumbList","@id":"https:\/\/linen.eu\/en\/produkt\/portobello-carpet-bastion-pure-linen-from-libeco\/#breadcrumb","itemListElement":[{"@type":"ListItem","position":1,"name":"Startseite","item":"https:\/\/linen.eu\/en\/home\/"},{"@type":"ListItem","position":2,"name":"Shop","item":"https:\/\/linen.eu\/en\/shop\/"},{"@type":"ListItem","position":3,"name":"Portobello carpet Bastion pure linen from Libeco"}]},{"@type":"WebSite","@id":"https:\/\/linen.eu\/en\/#website","url":"https:\/\/linen.eu\/en\/","name":"Linen Lounge","description":"","publisher":{"@id":"https:\/\/linen.eu\/en\/#organization"},"potentialAction":[{"@type":"SearchAction","target":{"@type":"EntryPoint","urlTemplate":"https:\/\/linen.eu\/en\/?s={search_term_string}"},"query-input":{"@type":"PropertyValueSpecification","valueRequired":true,"valueName":"search_term_string"}}],"inLanguage":"en-US"},{"@type":"Organization","@id":"https:\/\/linen.eu\/en\/#organization","name":"Linen Lounge","alternateName":"linen.eu","url":"https:\/\/linen.eu\/en\/","logo":{"@type":"ImageObject","inLanguage":"en-US","@id":"https:\/\/linen.eu\/en\/#\/schema\/logo\/image\/","url":"https:\/\/linen.eu\/wp-content\/uploads\/2025\/10\/LinenLounge-NEU2.webp","contentUrl":"https:\/\/linen.eu\/wp-content\/uploads\/2025\/10\/LinenLounge-NEU2.webp","width":1800,"height":455,"caption":"Linen Lounge"},"image":{"@id":"https:\/\/linen.eu\/en\/#\/schema\/logo\/image\/"},"sameAs":["https:\/\/linen.eu","https:\/\/x.com\/linenlounge","https:\/\/www.instagram.com\/linen.lounge?igsh=MW81aGhiY2VxZGRpMw==&utm_source=qr","http:\/\/www.youtube.com\/@Linenlounge"],"description":"Online Fachhandel f\u00fcr europ\u00e4ische Leinen-Bettw\u00e4sche und Heimtextilien aus traditionellen Webereien wie Leitner Leinen, Schlitzer Leinen, Libeco, Vieb\u00f6ck und Hoffmann.","email":"info@linen.eu","telephone":"+49 (0) 69 90738860","legalName":"Linen UG (haftungsbeschr\u00e4nkt)","foundingDate":"2015-04-08","numberOfEmployees":{"@type":"QuantitativeValue","minValue":"1","maxValue":"10"}}]},"product_brand":"Libeco","og_availability":"instock","product_availability":"instock","product_retailer_item_id":"111103145434","product_condition":"new"},"_links":{"self":[{"href":"https:\/\/linen.eu\/en\/wp-json\/wp\/v2\/product\/123506","targetHints":{"allow":["GET"]}}],"collection":[{"href":"https:\/\/linen.eu\/en\/wp-json\/wp\/v2\/product"}],"about":[{"href":"https:\/\/linen.eu\/en\/wp-json\/wp\/v2\/types\/product"}],"replies":[{"embeddable":true,"href":"https:\/\/linen.eu\/en\/wp-json\/wp\/v2\/comments?post=123506"}],"wp:featuredmedia":[{"embeddable":true,"href":"https:\/\/linen.eu\/en\/wp-json\/wp\/v2\/media\/8504"}],"wp:attachment":[{"href":"https:\/\/linen.eu\/en\/wp-json\/wp\/v2\/media?parent=123506"}],"wp:term":[{"taxonomy":"product_brand","embeddable":true,"href":"https:\/\/linen.eu\/en\/wp-json\/wp\/v2\/product_brand?post=123506"},{"taxonomy":"product_cat","embeddable":true,"href":"https:\/\/linen.eu\/en\/wp-json\/wp\/v2\/product_cat?post=123506"},{"taxonomy":"product_tag","embeddable":true,"href":"https:\/\/linen.eu\/en\/wp-json\/wp\/v2\/product_tag?post=123506"}],"curies":[{"name":"wp","href":"https:\/\/api.w.org\/{rel}","templated":true}]}}