{"id":123681,"date":"2025-08-12T16:54:42","date_gmt":"2025-08-12T14:54:42","guid":{"rendered":"https:\/\/linen.eu\/produkt\/parma-red-pure-linen-for-the-kitchen-from-libeco\/"},"modified":"2026-04-12T00:11:15","modified_gmt":"2026-04-11T22:11:15","slug":"parma-red-pure-linen-for-the-kitchen-from-libeco","status":"publish","type":"product","link":"https:\/\/linen.eu\/en\/produkt\/parma-red-pure-linen-for-the-kitchen-from-libeco\/","title":{"rendered":"Parma Red &#8211; pure linen for the kitchen from Libeco"},"content":{"rendered":"<h2 class=\"h3 product-detail-description-title\">&#8220;Parma Red &#8211; pure linen for the kitchen from Libeco&#8221;<\/h2>\n<div class=\"product-detail-description-text\">\n<p class=\"h3 product-detail-description-title\">Parma Red &#8211; pure linen for the kitchen by Libeco &#8211; pretty cool with a stonewash look &#8230; This is what the designer says: &#8220;Parma is a beautiful city on the southern edge of the <a href=\"https:\/\/de.wikipedia.org\/wiki\/Po-Ebene\">Po Valley<\/a> at the foot of the <a href=\"https:\/\/de.wikipedia.org\/wiki\/Apennin\">Apennines<\/a>. Romanesque   <span data-segment-position=\"1\">Building  <\/span><span data-segment-position=\"2\">decorate  <\/span><span data-segment-position=\"13\">the  <\/span><span data-segment-position=\"4\">City center,  <\/span><span data-segment-position=\"5\">including  <\/span><span data-segment-position=\"6\">the  <\/span><span data-segment-position=\"7\">Dome  <\/span><span data-segment-position=\"8\">from  <\/span><span data-segment-position=\"9\">Parma  <\/span><span data-segment-position=\"10\">with  <\/span><span data-segment-position=\"11\">Frescoes  <\/span><span data-segment-position=\"12\">and  <\/span><span data-segment-position=\"13\">the  <\/span><span data-segment-position=\"14\">pink  <\/span><span data-segment-position=\"15\">Marble baptistery.<\/span>  Your  <span data-segment-position=\"5\">famous  <\/span><span data-segment-position=\"6\">Specialties are  <\/span><span data-segment-position=\"4\">the cheese, Parmigiano Reggiano,  <\/span><span data-segment-position=\"2\">Prosciutto di Parma, of course.<\/span>  And now this equally beautiful cloth. What better way to show off the city&#8217;s specialties in the kitchen than with a real linen cloth.&#8221; <\/p>\n<h3>Kitchen towels made from organic linen<\/h3>\n<p>Kitchen towels made of linen or half-linen have had a remarkable career in German gastronomy. Initially, however, they were an integral part of every miner&#8217;s equipment. Today, kitchen towels made from organic linen can be found in more and more households. Their properties are simply impressive. Dirt-repellent, quick-drying, anti-allergenic and antibacterial. In the classic small check pattern, black and white or blue and white, as well as in the typical muted plain linen colors, kitchen towels made from organic linen are reliable and long-lasting helpers in every kitchen. Their numerous advantages naturally include their environmental friendliness and sustainability. Organic flax is grown entirely without the use of pesticides or chemical fertilizers. The strong and very dense flax fibers make kitchen towels made from organic linen extremely durable kitchen helpers that are also becoming more and more beautiful. We guarantee this through the GOTS standard, which certifies our kitchen towels made from European organic linen.         <\/p>\n<h3>The Weaving Mill<\/h3>\n<p>In 2006, <a href=\"https:\/\/linen.eu\/brand\/libeco\/\">Libeco<\/a> received a knighthood from the Belgian royal family: &#8220;Belgian Royal Warrant Holder&#8221; is the impressive recognition of the quality of this linen. The &#8220;Belgian Linen&#8221; quality seal is the guarantee of a quality product in accordance with all the rules of sustainable management. All Libeco fabrics bear the coveted &#8220;Masters of Linen&#8221; label. This guarantees that the fabrics have been tested to meet the extremely high requirements of this master class and that they are manufactured exclusively in Europe. &#8220;Eco Line&#8221; and &#8220;Oeko-Tex&#8221; provide the assurance that Libeco fabrics are free from harmful substances and that they have not been treated, bleached or dyed with chemicals.    <\/p>\n<h3>The product: Parma Red &#8211; pure linen for the kitchen from <a href=\"https:\/\/linen.eu\/en\/linen-weaving-mills\/libeco\/\">Libeco<\/a><\/h3>\n<p>Available as a pit towel<br \/>\n100% pure linen washed. Medium-weight quality of 240 grams per square meter, CO\u2082 neutral production<br \/>\nFabric: Linen weave<br \/>\nThread count: Nm 58<br \/>\nPattern: Stripes on plain<br \/>\nMasters of Linen quality.<br \/>\nMade in Belgium. <\/p>\n<h3>Care Instructions<\/h3>\n<p>Colored linen can be washed up to 60\u00b0, white up to 95\u00b0. As with all materials, linen will last longer if washed at a lower temperature. What linen does not tolerate are detergents with optical brighteners, they bleach out the natural colors and the fabric becomes light Wrinkling: Linen needs sufficient residual moisture so that it does not wrinkle so much. Do not overload the machine so that the fabric can move, do not spin linen too hard or for too long. If you want to iron linen, iron the garments on the hot setting of your iron when they are still a little damp. Even if it is convenient: avoid drying linen in the dryer. Overdrying can cause it to shrink      <\/p>\n<\/div>\n","protected":false},"excerpt":{"rendered":"<p data-start=\"80\" data-end=\"136\"><strong data-start=\"80\" data-end=\"134\">Parma Red &#8211; pure linen for the kitchen from Libeco<\/strong><\/p>\n<p data-start=\"138\" data-end=\"451\">Inspired by the Italian city of Parma, this kitchen towel brings Mediterranean flair to the kitchen. Made from <strong data-start=\"255\" data-end=\"283\">100% washed linen<\/strong> (240 g\/m\u00b2) in a classic striped design with a stonewash look. Robust, highly absorbent, quick-drying &#8211; and durable and antibacterial thanks to the dense flax fibers. CO\u2082-neutral woven in Belgium, certified with the <strong data-start=\"511\" data-end=\"533\">&#8220;Masters of Linen&#8221;<\/strong> label and manufactured according to the highest environmental standards.   <\/p>\n","protected":false},"featured_media":8683,"comment_status":"open","ping_status":"closed","template":"","meta":{"_acf_changed":false},"product_brand":[4801,4805],"product_cat":[3748,3844,4073],"product_tag":[3640,3641,3642,3643],"class_list":{"0":"post-123681","1":"product","2":"type-product","3":"status-publish","4":"has-post-thumbnail","6":"product_brand-libeco","7":"product_brand-libeco-tea-towels","8":"product_cat-product","9":"product_cat-kitchen-and-bath","10":"product_cat-linen-tea-towels","11":"product_tag-all-year","12":"product_tag-linen","13":"product_tag-linen-napkin","14":"product_tag-linen-tablecloth","16":"first","17":"instock","18":"taxable","19":"shipping-taxable","20":"purchasable","21":"product-type-simple"},"acf":[],"yoast_head":"<!-- This site is optimized with the Yoast SEO Premium plugin v27.3 (Yoast SEO v27.3) - https:\/\/yoast.com\/product\/yoast-seo-premium-wordpress\/ -->\n<title>Parma Red - pure linen for the kitchen from Libeco - Linen.eu<\/title>\n<meta name=\"description\" content=\"Parma Red - pure linen for the kitchen by Libeco \u271a Traditional genuine linen weaving \u271a Woven and sewn in Belgium \u27a4 Buy online now\" \/>\n<meta name=\"robots\" content=\"index, follow, max-snippet:-1, max-image-preview:large, max-video-preview:-1\" \/>\n<link rel=\"canonical\" href=\"https:\/\/linen.eu\/en\/produkt\/parma-red-pure-linen-for-the-kitchen-from-libeco\/\" \/>\n<meta property=\"og:locale\" content=\"en_US\" \/>\n<meta property=\"og:type\" content=\"article\" \/>\n<meta property=\"og:title\" content=\"Parma Red - pure linen for the kitchen from Libeco\" \/>\n<meta property=\"og:description\" content=\"Parma Red - pure linen for the kitchen by Libeco \u271a Traditional genuine linen weaving \u271a Woven and sewn in Belgium \u27a4 Buy online now\" \/>\n<meta property=\"og:url\" content=\"https:\/\/linen.eu\/en\/produkt\/parma-red-pure-linen-for-the-kitchen-from-libeco\/\" \/>\n<meta property=\"og:site_name\" content=\"Linen.eu\" \/>\n<meta property=\"article:publisher\" content=\"https:\/\/linen.eu\" \/>\n<meta property=\"article:modified_time\" content=\"2026-04-11T22:11:15+00:00\" \/>\n<meta property=\"og:image\" content=\"https:\/\/linen.eu\/wp-content\/uploads\/2025\/07\/Parma-jan-2015-01-q01.jpg\" \/>\n\t<meta property=\"og:image:width\" content=\"1600\" \/>\n\t<meta property=\"og:image:height\" content=\"1200\" \/>\n\t<meta property=\"og:image:type\" content=\"image\/jpeg\" \/>\n<meta name=\"twitter:card\" content=\"summary_large_image\" \/>\n<meta name=\"twitter:site\" content=\"@linenlounge\" \/>\n<meta name=\"twitter:label1\" content=\"Price\" \/>\n\t<meta name=\"twitter:data1\" content=\"&#036;151.80\" \/>\n\t<meta name=\"twitter:label2\" content=\"Availability\" \/>\n\t<meta name=\"twitter:data2\" content=\"In stock\" \/>\n<script type=\"application\/ld+json\" class=\"yoast-schema-graph\">{\"@context\":\"https:\\\/\\\/schema.org\",\"@graph\":[{\"@type\":\"WebPage\",\"@id\":\"https:\\\/\\\/linen.eu\\\/en\\\/produkt\\\/parma-red-pure-linen-for-the-kitchen-from-libeco\\\/\",\"url\":\"https:\\\/\\\/linen.eu\\\/en\\\/produkt\\\/parma-red-pure-linen-for-the-kitchen-from-libeco\\\/\",\"name\":\"Parma Red - pure linen for the kitchen from Libeco - Linen.eu\",\"isPartOf\":{\"@id\":\"https:\\\/\\\/linen.eu\\\/en\\\/#website\"},\"primaryImageOfPage\":{\"@id\":\"https:\\\/\\\/linen.eu\\\/en\\\/produkt\\\/parma-red-pure-linen-for-the-kitchen-from-libeco\\\/#primaryimage\"},\"image\":{\"@id\":\"https:\\\/\\\/linen.eu\\\/en\\\/produkt\\\/parma-red-pure-linen-for-the-kitchen-from-libeco\\\/#primaryimage\"},\"thumbnailUrl\":\"https:\\\/\\\/linen.eu\\\/wp-content\\\/uploads\\\/2025\\\/07\\\/Parma-jan-2015-01-q01.jpg\",\"datePublished\":\"2025-08-12T14:54:42+00:00\",\"dateModified\":\"2026-04-11T22:11:15+00:00\",\"description\":\"Parma Red - pure linen for the kitchen by Libeco \u271a Traditional genuine linen weaving \u271a Woven and sewn in Belgium \u27a4 Buy online now\",\"breadcrumb\":{\"@id\":\"https:\\\/\\\/linen.eu\\\/en\\\/produkt\\\/parma-red-pure-linen-for-the-kitchen-from-libeco\\\/#breadcrumb\"},\"inLanguage\":\"en-US\",\"potentialAction\":[{\"@type\":\"ReadAction\",\"target\":[\"https:\\\/\\\/linen.eu\\\/en\\\/produkt\\\/parma-red-pure-linen-for-the-kitchen-from-libeco\\\/\"]}]},{\"@type\":\"ImageObject\",\"inLanguage\":\"en-US\",\"@id\":\"https:\\\/\\\/linen.eu\\\/en\\\/produkt\\\/parma-red-pure-linen-for-the-kitchen-from-libeco\\\/#primaryimage\",\"url\":\"https:\\\/\\\/linen.eu\\\/wp-content\\\/uploads\\\/2025\\\/07\\\/Parma-jan-2015-01-q01.jpg\",\"contentUrl\":\"https:\\\/\\\/linen.eu\\\/wp-content\\\/uploads\\\/2025\\\/07\\\/Parma-jan-2015-01-q01.jpg\",\"width\":1600,\"height\":1200,\"caption\":\"Zwei Metallwaschwannen stehen im Freien; in der einen ist ein wei\u00dfes Tuch mit roten Streifen, in der anderen ein wei\u00dfes Tuch mit blauen Streifen drapiert.\"},{\"@type\":\"BreadcrumbList\",\"@id\":\"https:\\\/\\\/linen.eu\\\/en\\\/produkt\\\/parma-red-pure-linen-for-the-kitchen-from-libeco\\\/#breadcrumb\",\"itemListElement\":[{\"@type\":\"ListItem\",\"position\":1,\"name\":\"Startseite\",\"item\":\"https:\\\/\\\/linen.eu\\\/en\\\/home\\\/\"},{\"@type\":\"ListItem\",\"position\":2,\"name\":\"Shop\",\"item\":\"https:\\\/\\\/linen.eu\\\/en\\\/shop\\\/\"},{\"@type\":\"ListItem\",\"position\":3,\"name\":\"Parma Red &#8211; pure linen for the kitchen from Libeco\"}]},{\"@type\":\"WebSite\",\"@id\":\"https:\\\/\\\/linen.eu\\\/en\\\/#website\",\"url\":\"https:\\\/\\\/linen.eu\\\/en\\\/\",\"name\":\"Linen.eu\",\"description\":\"\",\"publisher\":{\"@id\":\"https:\\\/\\\/linen.eu\\\/en\\\/#organization\"},\"potentialAction\":[{\"@type\":\"SearchAction\",\"target\":{\"@type\":\"EntryPoint\",\"urlTemplate\":\"https:\\\/\\\/linen.eu\\\/en\\\/?s={search_term_string}\"},\"query-input\":{\"@type\":\"PropertyValueSpecification\",\"valueRequired\":true,\"valueName\":\"search_term_string\"}}],\"inLanguage\":\"en-US\"},{\"@type\":\"Organization\",\"@id\":\"https:\\\/\\\/linen.eu\\\/en\\\/#organization\",\"name\":\"Linen Lounge\",\"alternateName\":\"linen.eu\",\"url\":\"https:\\\/\\\/linen.eu\\\/en\\\/\",\"logo\":{\"@type\":\"ImageObject\",\"inLanguage\":\"en-US\",\"@id\":\"https:\\\/\\\/linen.eu\\\/en\\\/#\\\/schema\\\/logo\\\/image\\\/\",\"url\":\"https:\\\/\\\/linen.eu\\\/wp-content\\\/uploads\\\/2025\\\/10\\\/LinenLounge-NEU2.webp\",\"contentUrl\":\"https:\\\/\\\/linen.eu\\\/wp-content\\\/uploads\\\/2025\\\/10\\\/LinenLounge-NEU2.webp\",\"width\":1800,\"height\":455,\"caption\":\"Linen Lounge\"},\"image\":{\"@id\":\"https:\\\/\\\/linen.eu\\\/en\\\/#\\\/schema\\\/logo\\\/image\\\/\"},\"sameAs\":[\"https:\\\/\\\/linen.eu\",\"https:\\\/\\\/x.com\\\/linenlounge\",\"https:\\\/\\\/www.instagram.com\\\/linen.lounge?igsh=MW81aGhiY2VxZGRpMw==&utm_source=qr\",\"http:\\\/\\\/www.youtube.com\\\/@Linenlounge\"],\"description\":\"Online Fachhandel f\u00fcr europ\u00e4ische Leinen-Bettw\u00e4sche und Heimtextilien aus traditionellen Webereien wie Leitner Leinen, Schlitzer Leinen, Libeco, Vieb\u00f6ck und Hoffmann.\",\"email\":\"info@linen.eu\",\"telephone\":\"+49 (0) 69 90738860\",\"legalName\":\"Linen UG (haftungsbeschr\u00e4nkt)\",\"foundingDate\":\"2015-04-08\",\"numberOfEmployees\":{\"@type\":\"QuantitativeValue\",\"minValue\":\"1\",\"maxValue\":\"10\"}}]}<\/script>\n<meta property=\"product:brand\" content=\"Libeco \u2013 Real Fabric at Home the World Over\" \/>\n<meta property=\"product:price:amount\" content=\"151.80\" \/>\n<meta property=\"product:price:currency\" content=\"USD\" \/>\n<meta property=\"og:availability\" content=\"instock\" \/>\n<meta property=\"product:availability\" content=\"instock\" \/>\n<meta property=\"product:retailer_item_id\" content=\"111102046426\" \/>\n<meta property=\"product:condition\" content=\"new\" \/>\n<!-- \/ Yoast SEO Premium plugin. -->","yoast_head_json":{"title":"Parma Red - pure linen for the kitchen from Libeco - Linen.eu","description":"Parma Red - pure linen for the kitchen by Libeco \u271a Traditional genuine linen weaving \u271a Woven and sewn in Belgium \u27a4 Buy online now","robots":{"index":"index","follow":"follow","max-snippet":"max-snippet:-1","max-image-preview":"max-image-preview:large","max-video-preview":"max-video-preview:-1"},"canonical":"https:\/\/linen.eu\/en\/produkt\/parma-red-pure-linen-for-the-kitchen-from-libeco\/","og_locale":"en_US","og_type":"article","og_title":"Parma Red - pure linen for the kitchen from Libeco","og_description":"Parma Red - pure linen for the kitchen by Libeco \u271a Traditional genuine linen weaving \u271a Woven and sewn in Belgium \u27a4 Buy online now","og_url":"https:\/\/linen.eu\/en\/produkt\/parma-red-pure-linen-for-the-kitchen-from-libeco\/","og_site_name":"Linen.eu","article_publisher":"https:\/\/linen.eu","article_modified_time":"2026-04-11T22:11:15+00:00","og_image":[{"width":1600,"height":1200,"url":"https:\/\/linen.eu\/wp-content\/uploads\/2025\/07\/Parma-jan-2015-01-q01.jpg","type":"image\/jpeg"}],"twitter_card":"summary_large_image","twitter_site":"@linenlounge","twitter_misc":{"Price":"&#36;151.80","Availability":"In stock"},"schema":{"@context":"https:\/\/schema.org","@graph":[{"@type":"WebPage","@id":"https:\/\/linen.eu\/en\/produkt\/parma-red-pure-linen-for-the-kitchen-from-libeco\/","url":"https:\/\/linen.eu\/en\/produkt\/parma-red-pure-linen-for-the-kitchen-from-libeco\/","name":"Parma Red - pure linen for the kitchen from Libeco - Linen.eu","isPartOf":{"@id":"https:\/\/linen.eu\/en\/#website"},"primaryImageOfPage":{"@id":"https:\/\/linen.eu\/en\/produkt\/parma-red-pure-linen-for-the-kitchen-from-libeco\/#primaryimage"},"image":{"@id":"https:\/\/linen.eu\/en\/produkt\/parma-red-pure-linen-for-the-kitchen-from-libeco\/#primaryimage"},"thumbnailUrl":"https:\/\/linen.eu\/wp-content\/uploads\/2025\/07\/Parma-jan-2015-01-q01.jpg","datePublished":"2025-08-12T14:54:42+00:00","dateModified":"2026-04-11T22:11:15+00:00","description":"Parma Red - pure linen for the kitchen by Libeco \u271a Traditional genuine linen weaving \u271a Woven and sewn in Belgium \u27a4 Buy online now","breadcrumb":{"@id":"https:\/\/linen.eu\/en\/produkt\/parma-red-pure-linen-for-the-kitchen-from-libeco\/#breadcrumb"},"inLanguage":"en-US","potentialAction":[{"@type":"ReadAction","target":["https:\/\/linen.eu\/en\/produkt\/parma-red-pure-linen-for-the-kitchen-from-libeco\/"]}]},{"@type":"ImageObject","inLanguage":"en-US","@id":"https:\/\/linen.eu\/en\/produkt\/parma-red-pure-linen-for-the-kitchen-from-libeco\/#primaryimage","url":"https:\/\/linen.eu\/wp-content\/uploads\/2025\/07\/Parma-jan-2015-01-q01.jpg","contentUrl":"https:\/\/linen.eu\/wp-content\/uploads\/2025\/07\/Parma-jan-2015-01-q01.jpg","width":1600,"height":1200,"caption":"Zwei Metallwaschwannen stehen im Freien; in der einen ist ein wei\u00dfes Tuch mit roten Streifen, in der anderen ein wei\u00dfes Tuch mit blauen Streifen drapiert."},{"@type":"BreadcrumbList","@id":"https:\/\/linen.eu\/en\/produkt\/parma-red-pure-linen-for-the-kitchen-from-libeco\/#breadcrumb","itemListElement":[{"@type":"ListItem","position":1,"name":"Startseite","item":"https:\/\/linen.eu\/en\/home\/"},{"@type":"ListItem","position":2,"name":"Shop","item":"https:\/\/linen.eu\/en\/shop\/"},{"@type":"ListItem","position":3,"name":"Parma Red &#8211; pure linen for the kitchen from Libeco"}]},{"@type":"WebSite","@id":"https:\/\/linen.eu\/en\/#website","url":"https:\/\/linen.eu\/en\/","name":"Linen.eu","description":"","publisher":{"@id":"https:\/\/linen.eu\/en\/#organization"},"potentialAction":[{"@type":"SearchAction","target":{"@type":"EntryPoint","urlTemplate":"https:\/\/linen.eu\/en\/?s={search_term_string}"},"query-input":{"@type":"PropertyValueSpecification","valueRequired":true,"valueName":"search_term_string"}}],"inLanguage":"en-US"},{"@type":"Organization","@id":"https:\/\/linen.eu\/en\/#organization","name":"Linen Lounge","alternateName":"linen.eu","url":"https:\/\/linen.eu\/en\/","logo":{"@type":"ImageObject","inLanguage":"en-US","@id":"https:\/\/linen.eu\/en\/#\/schema\/logo\/image\/","url":"https:\/\/linen.eu\/wp-content\/uploads\/2025\/10\/LinenLounge-NEU2.webp","contentUrl":"https:\/\/linen.eu\/wp-content\/uploads\/2025\/10\/LinenLounge-NEU2.webp","width":1800,"height":455,"caption":"Linen Lounge"},"image":{"@id":"https:\/\/linen.eu\/en\/#\/schema\/logo\/image\/"},"sameAs":["https:\/\/linen.eu","https:\/\/x.com\/linenlounge","https:\/\/www.instagram.com\/linen.lounge?igsh=MW81aGhiY2VxZGRpMw==&utm_source=qr","http:\/\/www.youtube.com\/@Linenlounge"],"description":"Online Fachhandel f\u00fcr europ\u00e4ische Leinen-Bettw\u00e4sche und Heimtextilien aus traditionellen Webereien wie Leitner Leinen, Schlitzer Leinen, Libeco, Vieb\u00f6ck und Hoffmann.","email":"info@linen.eu","telephone":"+49 (0) 69 90738860","legalName":"Linen UG (haftungsbeschr\u00e4nkt)","foundingDate":"2015-04-08","numberOfEmployees":{"@type":"QuantitativeValue","minValue":"1","maxValue":"10"}}]},"product_brand":"Libeco \u2013 Real Fabric at Home the World Over","product_price_amount":"151.80","product_price_currency":"USD","og_availability":"instock","product_availability":"instock","product_retailer_item_id":"111102046426","product_condition":"new"},"_links":{"self":[{"href":"https:\/\/linen.eu\/en\/wp-json\/wp\/v2\/product\/123681","targetHints":{"allow":["GET"]}}],"collection":[{"href":"https:\/\/linen.eu\/en\/wp-json\/wp\/v2\/product"}],"about":[{"href":"https:\/\/linen.eu\/en\/wp-json\/wp\/v2\/types\/product"}],"replies":[{"embeddable":true,"href":"https:\/\/linen.eu\/en\/wp-json\/wp\/v2\/comments?post=123681"}],"wp:featuredmedia":[{"embeddable":true,"href":"https:\/\/linen.eu\/en\/wp-json\/wp\/v2\/media\/8683"}],"wp:attachment":[{"href":"https:\/\/linen.eu\/en\/wp-json\/wp\/v2\/media?parent=123681"}],"wp:term":[{"taxonomy":"product_brand","embeddable":true,"href":"https:\/\/linen.eu\/en\/wp-json\/wp\/v2\/product_brand?post=123681"},{"taxonomy":"product_cat","embeddable":true,"href":"https:\/\/linen.eu\/en\/wp-json\/wp\/v2\/product_cat?post=123681"},{"taxonomy":"product_tag","embeddable":true,"href":"https:\/\/linen.eu\/en\/wp-json\/wp\/v2\/product_tag?post=123681"}],"curies":[{"name":"wp","href":"https:\/\/api.w.org\/{rel}","templated":true}]}}