{"id":123772,"date":"2025-08-12T17:02:46","date_gmt":"2025-08-12T15:02:46","guid":{"rendered":"https:\/\/linen.eu\/produkt\/tablecloth-made-of-fine-white-linen-with-framed-hem-from-hoffmann\/"},"modified":"2026-04-13T11:10:53","modified_gmt":"2026-04-13T09:10:53","slug":"tablecloth-made-of-fine-white-linen-with-framed-hem-from-hoffmann","status":"publish","type":"product","link":"https:\/\/linen.eu\/en\/produkt\/tablecloth-made-of-fine-white-linen-with-framed-hem-from-hoffmann\/","title":{"rendered":"Tablecloth made of fine white linen with framed hem from Hoffmann"},"content":{"rendered":"<h3>Tablecloths made from European organic linen<\/h3>\n<p>With their unique look, linen tablecloths complement any tableware and table decorations, whether the table is set for 2 or 20 people. Linen tablecloths are the first choice for a festive table.  The heavy fabric lies smoothly on the table surface and has an extremely elegant drape on the sides. Linen tablecloths and table runners combine wonderfully in muted colors or, of course, in classic white. Linen tablecloths are very resistant to stains. The smooth and dense fibers repel dirt and are easy to clean. The purely mechanically treated fabric for tablecloths and table runners made from European organic linen is very pleasant to the touch and also impresses with its unconditional sustainability, which is certified by the Oeko Tex Standard 100. Organic linen napkins and table runners round off the perfect table setting for a festive or everyday occasion.      <\/p>\n<h3>The product: Tablecloth made of fine white linen with framed hem from the <a href=\"https:\/\/linen.eu\/brand\/hoffmann\/\">Hoffmann linen weaving mill<\/a><\/h3>\n<p>100% washed linen. Climate-neutral production<br \/>Heavy quality of 205 grams per square meter<br \/>Masters of Linen quality &#8211; the linen weaving mill only uses linen from European cultivation<br \/>Linen Tablecloths, table runners and napkins from the Hoffmann weaving mill are made-to-measure products that are made to order for customers. You will find the most frequently ordered sizes in the menu at the top right. We produce individual special sizes on request.<br \/>Made in Germany.   <\/p>\n<h3>Care Instructions<\/h3>\n<p>Colored linen can be washed up to 60\u00b0, white up to 95\u00b0. As with all materials, linen will last longer if washed at a lower temperature. What linen does not tolerate are detergents with optical brighteners, they bleach out the natural colors and the fabric becomes light.<br id=\"mf280\">Linen needs sufficient residual moisture so that it does not crease. Do not overload the machine so that the fabric can move, do not spin linen too hard or for too long. If you want to iron linen, iron the items on the hot linen temperature setting of your iron when they are still a little damp.    <\/p>\n","protected":false},"excerpt":{"rendered":"<ul>\n<li><strong>Fine linen, wide hem<\/strong> \u2013 a lighter pure linen with a wide hem, the elegant version of the Hoffmann table linen range<\/li>\n<li><strong>Ritz and Adlon <\/strong>\u2013 the same company that supplied table linen to these grand hotels manufactures this tablecloth in Saxony<\/li>\n<li><strong>Upper Lusatian Manufactory<\/strong> \u2013 climate-neutral, each tablecloth individually woven and finished with a border<\/li>\n<li><strong>Made to measure up to 150&#215;320<\/strong> \u2013 tablecloths, napkins and table runners, European organic linen with Masters of Linen<\/li>\n<li><strong>Finer yarn, softer drape <\/strong>\u2013 the border highlights the lighter weave and gives the table a clean outline<\/li>\n<\/ul>\n","protected":false},"featured_media":11355,"comment_status":"open","ping_status":"closed","template":"","meta":{"_acf_changed":false},"product_brand":[4792,4789],"product_cat":[3749,3636,3748],"product_tag":[4033,3640,3641,3642,3643,3645],"class_list":{"0":"post-123772","1":"product","2":"type-product","3":"status-publish","4":"has-post-thumbnail","6":"product_brand-hoffmann-tablecloths","7":"product_brand-hoffmann","8":"product_cat-linen-tablecloths","9":"product_cat-table-dining","10":"product_cat-product","11":"product_tag-white","12":"product_tag-all-year","13":"product_tag-linen","14":"product_tag-linen-napkin","15":"product_tag-linen-tablecloth","16":"product_tag-linen-table-runner","18":"first","19":"instock","20":"taxable","21":"shipping-taxable","22":"purchasable","23":"product-type-variable"},"acf":[],"yoast_head":"<!-- This site is optimized with the Yoast SEO Premium plugin v27.3 (Yoast SEO v27.3) - https:\/\/yoast.com\/product\/yoast-seo-premium-wordpress\/ -->\n<title>Fine linen tablecloth framed hem \u2013 Hoffmann - Linen.eu<\/title>\n<meta name=\"description\" content=\"Tablecloth made of fine white linen with framed hem by Hoffmann \u271a The timeless classic - German linen tradition \u27a4 Order conveniently online now\" \/>\n<meta name=\"robots\" content=\"index, follow, max-snippet:-1, max-image-preview:large, max-video-preview:-1\" \/>\n<link rel=\"canonical\" href=\"https:\/\/linen.eu\/en\/produkt\/tablecloth-made-of-fine-white-linen-with-framed-hem-from-hoffmann\/\" \/>\n<meta property=\"og:locale\" content=\"en_US\" \/>\n<meta property=\"og:type\" content=\"article\" \/>\n<meta property=\"og:title\" content=\"Tablecloth made of fine white linen with framed hem from Hoffmann\" \/>\n<meta property=\"og:description\" content=\"Tablecloth made of fine white linen with framed hem by Hoffmann \u271a The timeless classic - German linen tradition \u27a4 Order conveniently online now\" \/>\n<meta property=\"og:url\" content=\"https:\/\/linen.eu\/en\/produkt\/tablecloth-made-of-fine-white-linen-with-framed-hem-from-hoffmann\/\" \/>\n<meta property=\"og:site_name\" content=\"Linen.eu\" \/>\n<meta property=\"article:publisher\" content=\"https:\/\/linen.eu\" \/>\n<meta property=\"article:modified_time\" content=\"2026-04-13T09:10:53+00:00\" \/>\n<meta property=\"og:image\" content=\"https:\/\/linen.eu\/wp-content\/uploads\/2025\/07\/LinenLounge-Leinentischdecke_10E5468-q.jpg\" \/>\n\t<meta property=\"og:image:width\" content=\"1600\" \/>\n\t<meta property=\"og:image:height\" content=\"1200\" \/>\n\t<meta property=\"og:image:type\" content=\"image\/jpeg\" \/>\n<meta name=\"twitter:card\" content=\"summary_large_image\" \/>\n<meta name=\"twitter:site\" content=\"@linenlounge\" \/>\n<meta name=\"twitter:label1\" content=\"Availability\" \/>\n\t<meta name=\"twitter:data1\" content=\"In stock\" \/>\n<script type=\"application\/ld+json\" class=\"yoast-schema-graph\">{\"@context\":\"https:\\\/\\\/schema.org\",\"@graph\":[{\"@type\":\"WebPage\",\"@id\":\"https:\\\/\\\/linen.eu\\\/en\\\/produkt\\\/tablecloth-made-of-fine-white-linen-with-framed-hem-from-hoffmann\\\/\",\"url\":\"https:\\\/\\\/linen.eu\\\/en\\\/produkt\\\/tablecloth-made-of-fine-white-linen-with-framed-hem-from-hoffmann\\\/\",\"name\":\"Fine linen tablecloth framed hem \u2013 Hoffmann - Linen.eu\",\"isPartOf\":{\"@id\":\"https:\\\/\\\/linen.eu\\\/en\\\/#website\"},\"primaryImageOfPage\":{\"@id\":\"https:\\\/\\\/linen.eu\\\/en\\\/produkt\\\/tablecloth-made-of-fine-white-linen-with-framed-hem-from-hoffmann\\\/#primaryimage\"},\"image\":{\"@id\":\"https:\\\/\\\/linen.eu\\\/en\\\/produkt\\\/tablecloth-made-of-fine-white-linen-with-framed-hem-from-hoffmann\\\/#primaryimage\"},\"thumbnailUrl\":\"https:\\\/\\\/linen.eu\\\/wp-content\\\/uploads\\\/2025\\\/07\\\/LinenLounge-Leinentischdecke_10E5468-q.jpg\",\"datePublished\":\"2025-08-12T15:02:46+00:00\",\"dateModified\":\"2026-04-13T09:10:53+00:00\",\"description\":\"Tablecloth made of fine white linen with framed hem by Hoffmann \u271a The timeless classic - German linen tradition \u27a4 Order conveniently online now\",\"breadcrumb\":{\"@id\":\"https:\\\/\\\/linen.eu\\\/en\\\/produkt\\\/tablecloth-made-of-fine-white-linen-with-framed-hem-from-hoffmann\\\/#breadcrumb\"},\"inLanguage\":\"en-US\",\"potentialAction\":[{\"@type\":\"ReadAction\",\"target\":[\"https:\\\/\\\/linen.eu\\\/en\\\/produkt\\\/tablecloth-made-of-fine-white-linen-with-framed-hem-from-hoffmann\\\/\"]}]},{\"@type\":\"ImageObject\",\"inLanguage\":\"en-US\",\"@id\":\"https:\\\/\\\/linen.eu\\\/en\\\/produkt\\\/tablecloth-made-of-fine-white-linen-with-framed-hem-from-hoffmann\\\/#primaryimage\",\"url\":\"https:\\\/\\\/linen.eu\\\/wp-content\\\/uploads\\\/2025\\\/07\\\/LinenLounge-Leinentischdecke_10E5468-q.jpg\",\"contentUrl\":\"https:\\\/\\\/linen.eu\\\/wp-content\\\/uploads\\\/2025\\\/07\\\/LinenLounge-Leinentischdecke_10E5468-q.jpg\",\"width\":1600,\"height\":1200,\"caption\":\"Ein stilvoller Tisch mit wei\u00dfen Tellern, silbernen Serviettenringen mit wei\u00dfen Servietten, Weingl\u00e4sern und einem kleinen Blumenarrangement auf einer Tischdecke aus feinem wei\u00dfen Leinen von der Leinenweberei Hoffmann.\"},{\"@type\":\"BreadcrumbList\",\"@id\":\"https:\\\/\\\/linen.eu\\\/en\\\/produkt\\\/tablecloth-made-of-fine-white-linen-with-framed-hem-from-hoffmann\\\/#breadcrumb\",\"itemListElement\":[{\"@type\":\"ListItem\",\"position\":1,\"name\":\"Startseite\",\"item\":\"https:\\\/\\\/linen.eu\\\/en\\\/home\\\/\"},{\"@type\":\"ListItem\",\"position\":2,\"name\":\"Shop\",\"item\":\"https:\\\/\\\/linen.eu\\\/en\\\/shop\\\/\"},{\"@type\":\"ListItem\",\"position\":3,\"name\":\"Tablecloth made of fine white linen with framed hem from Hoffmann\"}]},{\"@type\":\"WebSite\",\"@id\":\"https:\\\/\\\/linen.eu\\\/en\\\/#website\",\"url\":\"https:\\\/\\\/linen.eu\\\/en\\\/\",\"name\":\"Linen.eu\",\"description\":\"\",\"publisher\":{\"@id\":\"https:\\\/\\\/linen.eu\\\/en\\\/#organization\"},\"potentialAction\":[{\"@type\":\"SearchAction\",\"target\":{\"@type\":\"EntryPoint\",\"urlTemplate\":\"https:\\\/\\\/linen.eu\\\/en\\\/?s={search_term_string}\"},\"query-input\":{\"@type\":\"PropertyValueSpecification\",\"valueRequired\":true,\"valueName\":\"search_term_string\"}}],\"inLanguage\":\"en-US\"},{\"@type\":\"Organization\",\"@id\":\"https:\\\/\\\/linen.eu\\\/en\\\/#organization\",\"name\":\"Linen Lounge\",\"alternateName\":\"linen.eu\",\"url\":\"https:\\\/\\\/linen.eu\\\/en\\\/\",\"logo\":{\"@type\":\"ImageObject\",\"inLanguage\":\"en-US\",\"@id\":\"https:\\\/\\\/linen.eu\\\/en\\\/#\\\/schema\\\/logo\\\/image\\\/\",\"url\":\"https:\\\/\\\/linen.eu\\\/wp-content\\\/uploads\\\/2025\\\/10\\\/LinenLounge-NEU2.webp\",\"contentUrl\":\"https:\\\/\\\/linen.eu\\\/wp-content\\\/uploads\\\/2025\\\/10\\\/LinenLounge-NEU2.webp\",\"width\":1800,\"height\":455,\"caption\":\"Linen Lounge\"},\"image\":{\"@id\":\"https:\\\/\\\/linen.eu\\\/en\\\/#\\\/schema\\\/logo\\\/image\\\/\"},\"sameAs\":[\"https:\\\/\\\/linen.eu\",\"https:\\\/\\\/x.com\\\/linenlounge\",\"https:\\\/\\\/www.instagram.com\\\/linen.lounge?igsh=MW81aGhiY2VxZGRpMw==&utm_source=qr\",\"http:\\\/\\\/www.youtube.com\\\/@Linenlounge\"],\"description\":\"Online Fachhandel f\u00fcr europ\u00e4ische Leinen-Bettw\u00e4sche und Heimtextilien aus traditionellen Webereien wie Leitner Leinen, Schlitzer Leinen, Libeco, Vieb\u00f6ck und Hoffmann.\",\"email\":\"info@linen.eu\",\"telephone\":\"+49 (0) 69 90738860\",\"legalName\":\"Linen UG (haftungsbeschr\u00e4nkt)\",\"foundingDate\":\"2015-04-08\",\"numberOfEmployees\":{\"@type\":\"QuantitativeValue\",\"minValue\":\"1\",\"maxValue\":\"10\"}}]}<\/script>\n<meta property=\"product:brand\" content=\"Hoffmann Tablecloths\" \/>\n<meta property=\"og:availability\" content=\"instock\" \/>\n<meta property=\"product:availability\" content=\"instock\" \/>\n<meta property=\"product:condition\" content=\"new\" \/>\n<!-- \/ Yoast SEO Premium plugin. -->","yoast_head_json":{"title":"Fine linen tablecloth framed hem \u2013 Hoffmann - Linen.eu","description":"Tablecloth made of fine white linen with framed hem by Hoffmann \u271a The timeless classic - German linen tradition \u27a4 Order conveniently online now","robots":{"index":"index","follow":"follow","max-snippet":"max-snippet:-1","max-image-preview":"max-image-preview:large","max-video-preview":"max-video-preview:-1"},"canonical":"https:\/\/linen.eu\/en\/produkt\/tablecloth-made-of-fine-white-linen-with-framed-hem-from-hoffmann\/","og_locale":"en_US","og_type":"article","og_title":"Tablecloth made of fine white linen with framed hem from Hoffmann","og_description":"Tablecloth made of fine white linen with framed hem by Hoffmann \u271a The timeless classic - German linen tradition \u27a4 Order conveniently online now","og_url":"https:\/\/linen.eu\/en\/produkt\/tablecloth-made-of-fine-white-linen-with-framed-hem-from-hoffmann\/","og_site_name":"Linen.eu","article_publisher":"https:\/\/linen.eu","article_modified_time":"2026-04-13T09:10:53+00:00","og_image":[{"width":1600,"height":1200,"url":"https:\/\/linen.eu\/wp-content\/uploads\/2025\/07\/LinenLounge-Leinentischdecke_10E5468-q.jpg","type":"image\/jpeg"}],"twitter_card":"summary_large_image","twitter_site":"@linenlounge","twitter_misc":{"Availability":"In stock"},"schema":{"@context":"https:\/\/schema.org","@graph":[{"@type":"WebPage","@id":"https:\/\/linen.eu\/en\/produkt\/tablecloth-made-of-fine-white-linen-with-framed-hem-from-hoffmann\/","url":"https:\/\/linen.eu\/en\/produkt\/tablecloth-made-of-fine-white-linen-with-framed-hem-from-hoffmann\/","name":"Fine linen tablecloth framed hem \u2013 Hoffmann - Linen.eu","isPartOf":{"@id":"https:\/\/linen.eu\/en\/#website"},"primaryImageOfPage":{"@id":"https:\/\/linen.eu\/en\/produkt\/tablecloth-made-of-fine-white-linen-with-framed-hem-from-hoffmann\/#primaryimage"},"image":{"@id":"https:\/\/linen.eu\/en\/produkt\/tablecloth-made-of-fine-white-linen-with-framed-hem-from-hoffmann\/#primaryimage"},"thumbnailUrl":"https:\/\/linen.eu\/wp-content\/uploads\/2025\/07\/LinenLounge-Leinentischdecke_10E5468-q.jpg","datePublished":"2025-08-12T15:02:46+00:00","dateModified":"2026-04-13T09:10:53+00:00","description":"Tablecloth made of fine white linen with framed hem by Hoffmann \u271a The timeless classic - German linen tradition \u27a4 Order conveniently online now","breadcrumb":{"@id":"https:\/\/linen.eu\/en\/produkt\/tablecloth-made-of-fine-white-linen-with-framed-hem-from-hoffmann\/#breadcrumb"},"inLanguage":"en-US","potentialAction":[{"@type":"ReadAction","target":["https:\/\/linen.eu\/en\/produkt\/tablecloth-made-of-fine-white-linen-with-framed-hem-from-hoffmann\/"]}]},{"@type":"ImageObject","inLanguage":"en-US","@id":"https:\/\/linen.eu\/en\/produkt\/tablecloth-made-of-fine-white-linen-with-framed-hem-from-hoffmann\/#primaryimage","url":"https:\/\/linen.eu\/wp-content\/uploads\/2025\/07\/LinenLounge-Leinentischdecke_10E5468-q.jpg","contentUrl":"https:\/\/linen.eu\/wp-content\/uploads\/2025\/07\/LinenLounge-Leinentischdecke_10E5468-q.jpg","width":1600,"height":1200,"caption":"Ein stilvoller Tisch mit wei\u00dfen Tellern, silbernen Serviettenringen mit wei\u00dfen Servietten, Weingl\u00e4sern und einem kleinen Blumenarrangement auf einer Tischdecke aus feinem wei\u00dfen Leinen von der Leinenweberei Hoffmann."},{"@type":"BreadcrumbList","@id":"https:\/\/linen.eu\/en\/produkt\/tablecloth-made-of-fine-white-linen-with-framed-hem-from-hoffmann\/#breadcrumb","itemListElement":[{"@type":"ListItem","position":1,"name":"Startseite","item":"https:\/\/linen.eu\/en\/home\/"},{"@type":"ListItem","position":2,"name":"Shop","item":"https:\/\/linen.eu\/en\/shop\/"},{"@type":"ListItem","position":3,"name":"Tablecloth made of fine white linen with framed hem from Hoffmann"}]},{"@type":"WebSite","@id":"https:\/\/linen.eu\/en\/#website","url":"https:\/\/linen.eu\/en\/","name":"Linen.eu","description":"","publisher":{"@id":"https:\/\/linen.eu\/en\/#organization"},"potentialAction":[{"@type":"SearchAction","target":{"@type":"EntryPoint","urlTemplate":"https:\/\/linen.eu\/en\/?s={search_term_string}"},"query-input":{"@type":"PropertyValueSpecification","valueRequired":true,"valueName":"search_term_string"}}],"inLanguage":"en-US"},{"@type":"Organization","@id":"https:\/\/linen.eu\/en\/#organization","name":"Linen Lounge","alternateName":"linen.eu","url":"https:\/\/linen.eu\/en\/","logo":{"@type":"ImageObject","inLanguage":"en-US","@id":"https:\/\/linen.eu\/en\/#\/schema\/logo\/image\/","url":"https:\/\/linen.eu\/wp-content\/uploads\/2025\/10\/LinenLounge-NEU2.webp","contentUrl":"https:\/\/linen.eu\/wp-content\/uploads\/2025\/10\/LinenLounge-NEU2.webp","width":1800,"height":455,"caption":"Linen Lounge"},"image":{"@id":"https:\/\/linen.eu\/en\/#\/schema\/logo\/image\/"},"sameAs":["https:\/\/linen.eu","https:\/\/x.com\/linenlounge","https:\/\/www.instagram.com\/linen.lounge?igsh=MW81aGhiY2VxZGRpMw==&utm_source=qr","http:\/\/www.youtube.com\/@Linenlounge"],"description":"Online Fachhandel f\u00fcr europ\u00e4ische Leinen-Bettw\u00e4sche und Heimtextilien aus traditionellen Webereien wie Leitner Leinen, Schlitzer Leinen, Libeco, Vieb\u00f6ck und Hoffmann.","email":"info@linen.eu","telephone":"+49 (0) 69 90738860","legalName":"Linen UG (haftungsbeschr\u00e4nkt)","foundingDate":"2015-04-08","numberOfEmployees":{"@type":"QuantitativeValue","minValue":"1","maxValue":"10"}}]},"product_brand":"Hoffmann Tablecloths","og_availability":"instock","product_availability":"instock","product_condition":"new"},"_links":{"self":[{"href":"https:\/\/linen.eu\/en\/wp-json\/wp\/v2\/product\/123772","targetHints":{"allow":["GET"]}}],"collection":[{"href":"https:\/\/linen.eu\/en\/wp-json\/wp\/v2\/product"}],"about":[{"href":"https:\/\/linen.eu\/en\/wp-json\/wp\/v2\/types\/product"}],"replies":[{"embeddable":true,"href":"https:\/\/linen.eu\/en\/wp-json\/wp\/v2\/comments?post=123772"}],"wp:featuredmedia":[{"embeddable":true,"href":"https:\/\/linen.eu\/en\/wp-json\/wp\/v2\/media\/11355"}],"wp:attachment":[{"href":"https:\/\/linen.eu\/en\/wp-json\/wp\/v2\/media?parent=123772"}],"wp:term":[{"taxonomy":"product_brand","embeddable":true,"href":"https:\/\/linen.eu\/en\/wp-json\/wp\/v2\/product_brand?post=123772"},{"taxonomy":"product_cat","embeddable":true,"href":"https:\/\/linen.eu\/en\/wp-json\/wp\/v2\/product_cat?post=123772"},{"taxonomy":"product_tag","embeddable":true,"href":"https:\/\/linen.eu\/en\/wp-json\/wp\/v2\/product_tag?post=123772"}],"curies":[{"name":"wp","href":"https:\/\/api.w.org\/{rel}","templated":true}]}}