{"id":124716,"date":"2025-08-12T17:02:48","date_gmt":"2025-08-12T15:02:48","guid":{"rendered":"https:\/\/linen.eu\/produkt\/bed-sheet-made-of-strong-half-linen-from-the-hoffmann-linen-weaving-mill\/"},"modified":"2026-04-11T19:30:14","modified_gmt":"2026-04-11T17:30:14","slug":"bed-sheet-made-of-strong-half-linen-from-the-hoffmann-linen-weaving-mill","status":"publish","type":"product","link":"https:\/\/linen.eu\/en\/produkt\/bed-sheet-made-of-strong-half-linen-from-the-hoffmann-linen-weaving-mill\/","title":{"rendered":"Bed sheet made of strong half-linen from the Hoffmann linen weaving mill"},"content":{"rendered":"<h3>European organic linen<\/h3>\n<p>Linen bed linen allows the skin to breathe more easily. When it comes to our skin, linen is the perfect fabric. Thanks to its long, smooth fibres, linen absorbs a lot of moisture and repels dirt. Linen is a clever fabric because it regulates temperature. Linen provides pleasant coolness in summer and cosy warmth in winter. The long linen fibres ensure that linen bed linen stays fresh for much longer. The linen fabric has been treated purely mechanically and is therefore very soft and skin-friendly. Linen treated in this way creases less whilst retaining its natural qualities and all the benefits of linen.       <\/p>\n<p>We recommend the fine, pure white or natural linen-colored linen sheets and fitted sheets from Leinenweberei Hoffmann.<\/p>\n<h3>The product: Bed sheet made of strong linen from the <a href=\"https:\/\/linen.eu\/brand\/hoffmann\/\">Hoffmann linen weaving mill<\/a><\/h3>\n<p>52% washed linen. 48% long staple cotton. Climate-neutral production<br \/>Heavy quality of 205 grams per square meter<br \/>Masters of Linen quality &#8211; only linen from European cultivation is used<br \/>Pillow and comforter have a button closure with twisted buttons<br \/>Linen bed linen from the Hoffmann weaving mill is made to order for customers. You will find the most frequently ordered sizes in the menu at the top right. We manufacture individual special sizes on request.<br \/>Made in Germany.    <\/p>\n<h3>Care Instructions<\/h3>\n<p>Colored linen can be washed up to 60\u00b0, white up to 95\u00b0. As with all materials, linen will last longer if washed at a lower temperature. What linen does not tolerate are detergents with optical brighteners, they bleach out the natural colors and the fabric becomes light.<br id=\"mf280\">Linen needs sufficient residual moisture so that it does not crease. Do not overload the machine so that the fabric can move, do not spin linen too hard or for too long. If you want to iron linen, iron the items on the hot linen temperature setting of your iron when they are still a little damp.    <\/p>\n","protected":false},"excerpt":{"rendered":"<ul>\n<li><strong>The half-linen fabrics of the grand hotels<\/strong> \u2013 Hoffmann fabrics were used in the suites of the Adlon, Ritz and Waldorf Astoria<\/li>\n<li><strong>52% linen, 48% cotton <\/strong>\u2013 205 g\/m\u00b2; this blend combines the coolness of linen with the softness of long-staple cotton<\/li>\n<li><strong>Upper Lusatian woven textiles<\/strong> \u2013 made in Germany, Masters of Linen, produced in a climate-neutral manner<\/li>\n<li><strong>Two colours, nine sizes<\/strong> \u2013 in white and beige, available as fitted sheets and flat sheets, each piece made to measure<\/li>\n<li><strong>The Titanic and the Queen Mary <\/strong>\u2013 the Hoffmann Linen Weaving Mill supplied the first-class cabins of the largest ocean liners<\/li>\n<\/ul>\n","protected":false},"featured_media":2834,"comment_status":"open","ping_status":"closed","template":"","meta":{"_acf_changed":false},"product_brand":[4789,4790],"product_cat":[3482,3728,3748,3791,3916],"product_tag":[4033,4192,3641],"class_list":{"0":"post-124716","1":"product","2":"type-product","3":"status-publish","4":"has-post-thumbnail","6":"product_brand-hoffmann","7":"product_brand-hoffmann-bed-sheets","8":"product_cat-linen-bed-sheets","9":"product_cat-bedroom","10":"product_cat-product","11":"product_cat-white-linen-bed-linen","12":"product_cat-half-linen-bedding","13":"product_tag-white","14":"product_tag-bed-sheets","15":"product_tag-linen","17":"first","18":"instock","19":"taxable","20":"shipping-taxable","21":"purchasable","22":"product-type-variable"},"acf":[],"yoast_head":"<!-- This site is optimized with the Yoast SEO Premium plugin v27.3 (Yoast SEO v27.3) - https:\/\/yoast.com\/product\/yoast-seo-premium-wordpress\/ -->\n<title>Bed sheet made of strong half-linen from the Hoffmann linen weaving mill - Linen.eu<\/title>\n<meta name=\"description\" content=\"Bed sheet made of strong half-linen from the Hoffmann linen weaving mill \u271a The timeless classic - German linen tradition \u27a4 Order conveniently online now\" \/>\n<meta name=\"robots\" content=\"index, follow, max-snippet:-1, max-image-preview:large, max-video-preview:-1\" \/>\n<link rel=\"canonical\" href=\"https:\/\/linen.eu\/en\/produkt\/bed-sheet-made-of-strong-half-linen-from-the-hoffmann-linen-weaving-mill\/\" \/>\n<meta property=\"og:locale\" content=\"en_US\" \/>\n<meta property=\"og:type\" content=\"article\" \/>\n<meta property=\"og:title\" content=\"Bed sheet made of strong half-linen from the Hoffmann linen weaving mill\" \/>\n<meta property=\"og:description\" content=\"Bed sheet made of strong half-linen from the Hoffmann linen weaving mill \u271a The timeless classic - German linen tradition \u27a4 Order conveniently online now\" \/>\n<meta property=\"og:url\" content=\"https:\/\/linen.eu\/en\/produkt\/bed-sheet-made-of-strong-half-linen-from-the-hoffmann-linen-weaving-mill\/\" \/>\n<meta property=\"og:site_name\" content=\"Linen.eu\" \/>\n<meta property=\"article:publisher\" content=\"https:\/\/linen.eu\" \/>\n<meta property=\"article:modified_time\" content=\"2026-04-11T17:30:14+00:00\" \/>\n<meta property=\"og:image\" content=\"https:\/\/linen.eu\/wp-content\/uploads\/2025\/07\/White-Flat-Sheet-WEB.jpg\" \/>\n\t<meta property=\"og:image:width\" content=\"2048\" \/>\n\t<meta property=\"og:image:height\" content=\"1365\" \/>\n\t<meta property=\"og:image:type\" content=\"image\/jpeg\" \/>\n<meta name=\"twitter:card\" content=\"summary_large_image\" \/>\n<meta name=\"twitter:site\" content=\"@linenlounge\" \/>\n<meta name=\"twitter:label1\" content=\"Availability\" \/>\n\t<meta name=\"twitter:data1\" content=\"In stock\" \/>\n<script type=\"application\/ld+json\" class=\"yoast-schema-graph\">{\"@context\":\"https:\\\/\\\/schema.org\",\"@graph\":[{\"@type\":\"WebPage\",\"@id\":\"https:\\\/\\\/linen.eu\\\/en\\\/produkt\\\/bed-sheet-made-of-strong-half-linen-from-the-hoffmann-linen-weaving-mill\\\/\",\"url\":\"https:\\\/\\\/linen.eu\\\/en\\\/produkt\\\/bed-sheet-made-of-strong-half-linen-from-the-hoffmann-linen-weaving-mill\\\/\",\"name\":\"Bed sheet made of strong half-linen from the Hoffmann linen weaving mill - Linen.eu\",\"isPartOf\":{\"@id\":\"https:\\\/\\\/linen.eu\\\/en\\\/#website\"},\"primaryImageOfPage\":{\"@id\":\"https:\\\/\\\/linen.eu\\\/en\\\/produkt\\\/bed-sheet-made-of-strong-half-linen-from-the-hoffmann-linen-weaving-mill\\\/#primaryimage\"},\"image\":{\"@id\":\"https:\\\/\\\/linen.eu\\\/en\\\/produkt\\\/bed-sheet-made-of-strong-half-linen-from-the-hoffmann-linen-weaving-mill\\\/#primaryimage\"},\"thumbnailUrl\":\"https:\\\/\\\/linen.eu\\\/wp-content\\\/uploads\\\/2025\\\/07\\\/White-Flat-Sheet-WEB.jpg\",\"datePublished\":\"2025-08-12T15:02:48+00:00\",\"dateModified\":\"2026-04-11T17:30:14+00:00\",\"description\":\"Bed sheet made of strong half-linen from the Hoffmann linen weaving mill \u271a The timeless classic - German linen tradition \u27a4 Order conveniently online now\",\"breadcrumb\":{\"@id\":\"https:\\\/\\\/linen.eu\\\/en\\\/produkt\\\/bed-sheet-made-of-strong-half-linen-from-the-hoffmann-linen-weaving-mill\\\/#breadcrumb\"},\"inLanguage\":\"en-US\",\"potentialAction\":[{\"@type\":\"ReadAction\",\"target\":[\"https:\\\/\\\/linen.eu\\\/en\\\/produkt\\\/bed-sheet-made-of-strong-half-linen-from-the-hoffmann-linen-weaving-mill\\\/\"]}]},{\"@type\":\"ImageObject\",\"inLanguage\":\"en-US\",\"@id\":\"https:\\\/\\\/linen.eu\\\/en\\\/produkt\\\/bed-sheet-made-of-strong-half-linen-from-the-hoffmann-linen-weaving-mill\\\/#primaryimage\",\"url\":\"https:\\\/\\\/linen.eu\\\/wp-content\\\/uploads\\\/2025\\\/07\\\/White-Flat-Sheet-WEB.jpg\",\"contentUrl\":\"https:\\\/\\\/linen.eu\\\/wp-content\\\/uploads\\\/2025\\\/07\\\/White-Flat-Sheet-WEB.jpg\",\"width\":2048,\"height\":1365,\"caption\":\"Ein fein s\u00e4uberlich gefaltetes wei\u00dfes Leintuch ist vor einem schlichten wei\u00dfen Hintergrund platziert. Eine Ecke des Lakens ist leicht umgeschlagen, wodurch seine glatte Textur zum Vorschein kommt.\"},{\"@type\":\"BreadcrumbList\",\"@id\":\"https:\\\/\\\/linen.eu\\\/en\\\/produkt\\\/bed-sheet-made-of-strong-half-linen-from-the-hoffmann-linen-weaving-mill\\\/#breadcrumb\",\"itemListElement\":[{\"@type\":\"ListItem\",\"position\":1,\"name\":\"Startseite\",\"item\":\"https:\\\/\\\/linen.eu\\\/en\\\/home\\\/\"},{\"@type\":\"ListItem\",\"position\":2,\"name\":\"Shop\",\"item\":\"https:\\\/\\\/linen.eu\\\/en\\\/shop\\\/\"},{\"@type\":\"ListItem\",\"position\":3,\"name\":\"Bed sheet made of strong half-linen from the Hoffmann linen weaving mill\"}]},{\"@type\":\"WebSite\",\"@id\":\"https:\\\/\\\/linen.eu\\\/en\\\/#website\",\"url\":\"https:\\\/\\\/linen.eu\\\/en\\\/\",\"name\":\"Linen.eu\",\"description\":\"\",\"publisher\":{\"@id\":\"https:\\\/\\\/linen.eu\\\/en\\\/#organization\"},\"potentialAction\":[{\"@type\":\"SearchAction\",\"target\":{\"@type\":\"EntryPoint\",\"urlTemplate\":\"https:\\\/\\\/linen.eu\\\/en\\\/?s={search_term_string}\"},\"query-input\":{\"@type\":\"PropertyValueSpecification\",\"valueRequired\":true,\"valueName\":\"search_term_string\"}}],\"inLanguage\":\"en-US\"},{\"@type\":\"Organization\",\"@id\":\"https:\\\/\\\/linen.eu\\\/en\\\/#organization\",\"name\":\"Linen Lounge\",\"alternateName\":\"linen.eu\",\"url\":\"https:\\\/\\\/linen.eu\\\/en\\\/\",\"logo\":{\"@type\":\"ImageObject\",\"inLanguage\":\"en-US\",\"@id\":\"https:\\\/\\\/linen.eu\\\/en\\\/#\\\/schema\\\/logo\\\/image\\\/\",\"url\":\"https:\\\/\\\/linen.eu\\\/wp-content\\\/uploads\\\/2025\\\/10\\\/LinenLounge-NEU2.webp\",\"contentUrl\":\"https:\\\/\\\/linen.eu\\\/wp-content\\\/uploads\\\/2025\\\/10\\\/LinenLounge-NEU2.webp\",\"width\":1800,\"height\":455,\"caption\":\"Linen Lounge\"},\"image\":{\"@id\":\"https:\\\/\\\/linen.eu\\\/en\\\/#\\\/schema\\\/logo\\\/image\\\/\"},\"sameAs\":[\"https:\\\/\\\/linen.eu\",\"https:\\\/\\\/x.com\\\/linenlounge\",\"https:\\\/\\\/www.instagram.com\\\/linen.lounge?igsh=MW81aGhiY2VxZGRpMw==&utm_source=qr\",\"http:\\\/\\\/www.youtube.com\\\/@Linenlounge\"],\"description\":\"Online Fachhandel f\u00fcr europ\u00e4ische Leinen-Bettw\u00e4sche und Heimtextilien aus traditionellen Webereien wie Leitner Leinen, Schlitzer Leinen, Libeco, Vieb\u00f6ck und Hoffmann.\",\"email\":\"info@linen.eu\",\"telephone\":\"+49 (0) 69 90738860\",\"legalName\":\"Linen UG (haftungsbeschr\u00e4nkt)\",\"foundingDate\":\"2015-04-08\",\"numberOfEmployees\":{\"@type\":\"QuantitativeValue\",\"minValue\":\"1\",\"maxValue\":\"10\"}}]}<\/script>\n<meta property=\"product:brand\" content=\"Linen Weaving Mill Hoffmann \u2013 The Real Fabric. As from Grandmother&#039;s Chest\" \/>\n<meta property=\"og:availability\" content=\"instock\" \/>\n<meta property=\"product:availability\" content=\"instock\" \/>\n<meta property=\"product:condition\" content=\"new\" \/>\n<!-- \/ Yoast SEO Premium plugin. -->","yoast_head_json":{"title":"Bed sheet made of strong half-linen from the Hoffmann linen weaving mill - Linen.eu","description":"Bed sheet made of strong half-linen from the Hoffmann linen weaving mill \u271a The timeless classic - German linen tradition \u27a4 Order conveniently online now","robots":{"index":"index","follow":"follow","max-snippet":"max-snippet:-1","max-image-preview":"max-image-preview:large","max-video-preview":"max-video-preview:-1"},"canonical":"https:\/\/linen.eu\/en\/produkt\/bed-sheet-made-of-strong-half-linen-from-the-hoffmann-linen-weaving-mill\/","og_locale":"en_US","og_type":"article","og_title":"Bed sheet made of strong half-linen from the Hoffmann linen weaving mill","og_description":"Bed sheet made of strong half-linen from the Hoffmann linen weaving mill \u271a The timeless classic - German linen tradition \u27a4 Order conveniently online now","og_url":"https:\/\/linen.eu\/en\/produkt\/bed-sheet-made-of-strong-half-linen-from-the-hoffmann-linen-weaving-mill\/","og_site_name":"Linen.eu","article_publisher":"https:\/\/linen.eu","article_modified_time":"2026-04-11T17:30:14+00:00","og_image":[{"width":2048,"height":1365,"url":"https:\/\/linen.eu\/wp-content\/uploads\/2025\/07\/White-Flat-Sheet-WEB.jpg","type":"image\/jpeg"}],"twitter_card":"summary_large_image","twitter_site":"@linenlounge","twitter_misc":{"Availability":"In stock"},"schema":{"@context":"https:\/\/schema.org","@graph":[{"@type":"WebPage","@id":"https:\/\/linen.eu\/en\/produkt\/bed-sheet-made-of-strong-half-linen-from-the-hoffmann-linen-weaving-mill\/","url":"https:\/\/linen.eu\/en\/produkt\/bed-sheet-made-of-strong-half-linen-from-the-hoffmann-linen-weaving-mill\/","name":"Bed sheet made of strong half-linen from the Hoffmann linen weaving mill - Linen.eu","isPartOf":{"@id":"https:\/\/linen.eu\/en\/#website"},"primaryImageOfPage":{"@id":"https:\/\/linen.eu\/en\/produkt\/bed-sheet-made-of-strong-half-linen-from-the-hoffmann-linen-weaving-mill\/#primaryimage"},"image":{"@id":"https:\/\/linen.eu\/en\/produkt\/bed-sheet-made-of-strong-half-linen-from-the-hoffmann-linen-weaving-mill\/#primaryimage"},"thumbnailUrl":"https:\/\/linen.eu\/wp-content\/uploads\/2025\/07\/White-Flat-Sheet-WEB.jpg","datePublished":"2025-08-12T15:02:48+00:00","dateModified":"2026-04-11T17:30:14+00:00","description":"Bed sheet made of strong half-linen from the Hoffmann linen weaving mill \u271a The timeless classic - German linen tradition \u27a4 Order conveniently online now","breadcrumb":{"@id":"https:\/\/linen.eu\/en\/produkt\/bed-sheet-made-of-strong-half-linen-from-the-hoffmann-linen-weaving-mill\/#breadcrumb"},"inLanguage":"en-US","potentialAction":[{"@type":"ReadAction","target":["https:\/\/linen.eu\/en\/produkt\/bed-sheet-made-of-strong-half-linen-from-the-hoffmann-linen-weaving-mill\/"]}]},{"@type":"ImageObject","inLanguage":"en-US","@id":"https:\/\/linen.eu\/en\/produkt\/bed-sheet-made-of-strong-half-linen-from-the-hoffmann-linen-weaving-mill\/#primaryimage","url":"https:\/\/linen.eu\/wp-content\/uploads\/2025\/07\/White-Flat-Sheet-WEB.jpg","contentUrl":"https:\/\/linen.eu\/wp-content\/uploads\/2025\/07\/White-Flat-Sheet-WEB.jpg","width":2048,"height":1365,"caption":"Ein fein s\u00e4uberlich gefaltetes wei\u00dfes Leintuch ist vor einem schlichten wei\u00dfen Hintergrund platziert. Eine Ecke des Lakens ist leicht umgeschlagen, wodurch seine glatte Textur zum Vorschein kommt."},{"@type":"BreadcrumbList","@id":"https:\/\/linen.eu\/en\/produkt\/bed-sheet-made-of-strong-half-linen-from-the-hoffmann-linen-weaving-mill\/#breadcrumb","itemListElement":[{"@type":"ListItem","position":1,"name":"Startseite","item":"https:\/\/linen.eu\/en\/home\/"},{"@type":"ListItem","position":2,"name":"Shop","item":"https:\/\/linen.eu\/en\/shop\/"},{"@type":"ListItem","position":3,"name":"Bed sheet made of strong half-linen from the Hoffmann linen weaving mill"}]},{"@type":"WebSite","@id":"https:\/\/linen.eu\/en\/#website","url":"https:\/\/linen.eu\/en\/","name":"Linen.eu","description":"","publisher":{"@id":"https:\/\/linen.eu\/en\/#organization"},"potentialAction":[{"@type":"SearchAction","target":{"@type":"EntryPoint","urlTemplate":"https:\/\/linen.eu\/en\/?s={search_term_string}"},"query-input":{"@type":"PropertyValueSpecification","valueRequired":true,"valueName":"search_term_string"}}],"inLanguage":"en-US"},{"@type":"Organization","@id":"https:\/\/linen.eu\/en\/#organization","name":"Linen Lounge","alternateName":"linen.eu","url":"https:\/\/linen.eu\/en\/","logo":{"@type":"ImageObject","inLanguage":"en-US","@id":"https:\/\/linen.eu\/en\/#\/schema\/logo\/image\/","url":"https:\/\/linen.eu\/wp-content\/uploads\/2025\/10\/LinenLounge-NEU2.webp","contentUrl":"https:\/\/linen.eu\/wp-content\/uploads\/2025\/10\/LinenLounge-NEU2.webp","width":1800,"height":455,"caption":"Linen Lounge"},"image":{"@id":"https:\/\/linen.eu\/en\/#\/schema\/logo\/image\/"},"sameAs":["https:\/\/linen.eu","https:\/\/x.com\/linenlounge","https:\/\/www.instagram.com\/linen.lounge?igsh=MW81aGhiY2VxZGRpMw==&utm_source=qr","http:\/\/www.youtube.com\/@Linenlounge"],"description":"Online Fachhandel f\u00fcr europ\u00e4ische Leinen-Bettw\u00e4sche und Heimtextilien aus traditionellen Webereien wie Leitner Leinen, Schlitzer Leinen, Libeco, Vieb\u00f6ck und Hoffmann.","email":"info@linen.eu","telephone":"+49 (0) 69 90738860","legalName":"Linen UG (haftungsbeschr\u00e4nkt)","foundingDate":"2015-04-08","numberOfEmployees":{"@type":"QuantitativeValue","minValue":"1","maxValue":"10"}}]},"product_brand":"Linen Weaving Mill Hoffmann \u2013 The Real Fabric. As from Grandmother&#039;s Chest","og_availability":"instock","product_availability":"instock","product_condition":"new"},"_links":{"self":[{"href":"https:\/\/linen.eu\/en\/wp-json\/wp\/v2\/product\/124716","targetHints":{"allow":["GET"]}}],"collection":[{"href":"https:\/\/linen.eu\/en\/wp-json\/wp\/v2\/product"}],"about":[{"href":"https:\/\/linen.eu\/en\/wp-json\/wp\/v2\/types\/product"}],"replies":[{"embeddable":true,"href":"https:\/\/linen.eu\/en\/wp-json\/wp\/v2\/comments?post=124716"}],"wp:featuredmedia":[{"embeddable":true,"href":"https:\/\/linen.eu\/en\/wp-json\/wp\/v2\/media\/2834"}],"wp:attachment":[{"href":"https:\/\/linen.eu\/en\/wp-json\/wp\/v2\/media?parent=124716"}],"wp:term":[{"taxonomy":"product_brand","embeddable":true,"href":"https:\/\/linen.eu\/en\/wp-json\/wp\/v2\/product_brand?post=124716"},{"taxonomy":"product_cat","embeddable":true,"href":"https:\/\/linen.eu\/en\/wp-json\/wp\/v2\/product_cat?post=124716"},{"taxonomy":"product_tag","embeddable":true,"href":"https:\/\/linen.eu\/en\/wp-json\/wp\/v2\/product_tag?post=124716"}],"curies":[{"name":"wp","href":"https:\/\/api.w.org\/{rel}","templated":true}]}}