{"id":124938,"date":"2025-08-12T17:02:47","date_gmt":"2025-08-12T15:02:47","guid":{"rendered":"https:\/\/linen.eu\/produkt\/linen-damask-tablecloth-chrysanthemum-hemstitch-from-hoffmann\/"},"modified":"2026-03-16T12:49:25","modified_gmt":"2026-03-16T11:49:25","slug":"linen-damask-tablecloth-chrysanthemum-hemstitch-from-hoffmann","status":"publish","type":"product","link":"https:\/\/linen.eu\/en\/produkt\/linen-damask-tablecloth-chrysanthemum-hemstitch-from-hoffmann\/","title":{"rendered":"Linen damask tablecloth Chrysanthemum hemstitch from Hoffmann"},"content":{"rendered":"<h2 class=\"h3 product-detail-description-title\">&#8220;Linen damask tablecloth Chrysanthemum hemstitch from Hoffmann&#8221;<\/h2>\n<div class=\"product-detail-description-text\">\n<h3>Linen tablecloth, runner and napkins of the absolute top class<\/h3>\n<p>Linen damask tablecloth Chrysanthemum hemstitch from Hoffmann with narrow hem and letter corner. A festive table is characterized by elegance and style, and linen knows how to match every degree of festivity. The tablecloths, napkins and table runners from Leinenweberei Hoffmann are made of heavy linen damask with a weight of 205 grams per square meter. Linen table linen from Leinenweberei Hoffmann has graced the dining rooms and first class cabins of the Lusitania and the Titanic, the guest rooms and suites of the Adlon and the Ritz. This linen has a quality that is practically unheard of. While the general trend is towards ever finer and thinner yarns, the Hoffmann company works with a yarn thickness that our grandmothers knew from the best dowry textiles. Anyone who has inherited something like this knows how long this quality lasts.      <\/p>\n<h3>Tablecloths made from European organic linen<\/h3>\n<p>With their unique look, linen tablecloths complement any tableware and table decorations, whether the table is set for 2 or 20 people. Linen tablecloths are the first choice for a festive table. The heavy fabric lies smoothly on the table surface and has an extremely elegant drape on the sides. Linen tablecloths and table runners combine wonderfully in muted colors or, of course, in classic white. Linen tablecloths are very resistant to stains. The smooth and dense fibers repel dirt and are easy to clean. The purely mechanically treated fabric for tablecloths and table runners made from European organic linen is very pleasant to the touch and also impresses with its unconditional sustainability, which is certified by the Oeko Tex Standard 100. Organic linen napkins and table runners round off the perfect table setting for a festive or everyday occasion.        <\/p>\n<h3>The Weaving Mill<\/h3>\n<p>Linen table linen from the <a href=\"https:\/\/https:\/\/linen.eu\/magazin\/\/\">Hoffmann linen weaving mill<\/a> has already adorned the dining rooms and luxury cabins of the large ocean liners Queen Mary and Andrea Doria, the dining rooms and suites of the Waldorf Astoria and the Atlantic. Flax has been grown in Upper Lusatia, the triangle of land between Saxony, Bohemia and Silesia, for centuries. It has been used to produce all kinds of linen, from coarse sacking to the finest linen damask. Today, the Hoffmann linen weaving mill is one of the few German weaving mills still in operation, which cultivates old craftsmanship and makes quality its top priority.   <\/p>\n<h3>The product: Linen damask tablecloth Chrysanthemum hemstitch from <a href=\"https:\/\/linen.eu\/brand\/hoffmann\/\">Leinenweberei Hoffmann<\/a><\/h3>\n<p>100% washed linen. Climate-neutral production<br \/>\nWith border and hemstitch<br \/>\nHeavy quality of 205 grams per square meter<br \/>\nMasters of Linen Quality &#8211; the linen weaving mill only uses linen from European cultivation<br \/>\nLinen Tablecloths, table runners and napkins from the Hoffmann weaving mill are custom-made to order for customers. You will find the most frequently ordered sizes in the menu at the top right. We produce individual special sizes on request.<br \/>\nMade in Germany.   <\/p>\n<h3>Care Instructions<\/h3>\n<p>Colored linen can be washed up to 60\u00b0, white up to 95\u00b0. As with all materials, linen will last longer if washed at a lower temperature. What linen does not tolerate are detergents with optical brighteners, they bleach out the natural colors and the fabric becomes light.<br id=\"mf280\">Linen needs sufficient residual moisture so that it does not crease. Do not overload the machine so that the fabric can move, do not spin linen too hard or for too long. If you want to iron linen, iron the items on the hot linen temperature setting of your iron when they are still a little damp.    <\/p>\n<\/div>\n","protected":false},"excerpt":{"rendered":"<p>Linen damask chrysanthemum tablecloth with hemstitch from Leinenweberei Hoffmann &#8211; made in Germany from 100% washed, European organic linen in <strong data-start=\"345\" data-end=\"365\">Masters of Linen quality<\/strong>. The heavy 205 g\/m\u00b2 fabric features the classic chrysanthemum pattern, lies elegantly on the table and impresses with its narrow hem and letter corner. Produced in a climate-neutral way and made to measure, it combines traditional craftsmanship, a natural feel and timeless elegance &#8211; ideal for festive and everyday tables.  <\/p>\n","protected":false},"featured_media":11717,"comment_status":"open","ping_status":"closed","template":"","meta":{"_acf_changed":false},"product_brand":[4789,4792],"product_cat":[3748,3749,3636],"product_tag":[3641,3642,3643,3645,4033,3640],"class_list":{"0":"post-124938","1":"product","2":"type-product","3":"status-publish","4":"has-post-thumbnail","6":"product_brand-hoffmann","7":"product_brand-hoffmann-tablecloths","8":"product_cat-product","9":"product_cat-linen-tablecloths","10":"product_cat-table-dining","11":"product_tag-linen","12":"product_tag-linen-napkin","13":"product_tag-linen-tablecloth","14":"product_tag-linen-table-runner","15":"product_tag-white","16":"product_tag-all-year","18":"first","19":"instock","20":"taxable","21":"shipping-taxable","22":"purchasable","23":"product-type-variable"},"acf":[],"yoast_head":"<!-- This site is optimized with the Yoast SEO Premium plugin v27.3 (Yoast SEO v27.3) - https:\/\/yoast.com\/product\/yoast-seo-premium-wordpress\/ -->\n<title>Linen damask tablecloth Chrysanthemum hemstitch from Hoffmann - Linen.eu<\/title>\n<meta name=\"description\" content=\"Linen damask tablecloth Chrysanthemum hemstitch by Hoffmann \u271a The timeless classic - German linen tradition \u27a4 Order conveniently online now\" \/>\n<meta name=\"robots\" content=\"index, follow, max-snippet:-1, max-image-preview:large, max-video-preview:-1\" \/>\n<link rel=\"canonical\" href=\"https:\/\/linen.eu\/en\/produkt\/linen-damask-tablecloth-chrysanthemum-hemstitch-from-hoffmann\/\" \/>\n<meta property=\"og:locale\" content=\"en_US\" \/>\n<meta property=\"og:type\" content=\"article\" \/>\n<meta property=\"og:title\" content=\"Linen damask tablecloth Chrysanthemum hemstitch from Hoffmann\" \/>\n<meta property=\"og:description\" content=\"Linen damask tablecloth Chrysanthemum hemstitch by Hoffmann \u271a The timeless classic - German linen tradition \u27a4 Order conveniently online now\" \/>\n<meta property=\"og:url\" content=\"https:\/\/linen.eu\/en\/produkt\/linen-damask-tablecloth-chrysanthemum-hemstitch-from-hoffmann\/\" \/>\n<meta property=\"og:site_name\" content=\"Linen.eu\" \/>\n<meta property=\"article:publisher\" content=\"https:\/\/linen.eu\" \/>\n<meta property=\"article:modified_time\" content=\"2026-03-16T11:49:25+00:00\" \/>\n<meta property=\"og:image\" content=\"https:\/\/linen.eu\/wp-content\/uploads\/2025\/07\/Hohlsaum-q.jpg.jpg\" \/>\n\t<meta property=\"og:image:width\" content=\"1600\" \/>\n\t<meta property=\"og:image:height\" content=\"1200\" \/>\n\t<meta property=\"og:image:type\" content=\"image\/jpeg\" \/>\n<meta name=\"twitter:card\" content=\"summary_large_image\" \/>\n<meta name=\"twitter:site\" content=\"@linenlounge\" \/>\n<meta name=\"twitter:label1\" content=\"Availability\" \/>\n\t<meta name=\"twitter:data1\" content=\"In stock\" \/>\n<script type=\"application\/ld+json\" class=\"yoast-schema-graph\">{\"@context\":\"https:\\\/\\\/schema.org\",\"@graph\":[{\"@type\":\"WebPage\",\"@id\":\"https:\\\/\\\/linen.eu\\\/en\\\/produkt\\\/linen-damask-tablecloth-chrysanthemum-hemstitch-from-hoffmann\\\/\",\"url\":\"https:\\\/\\\/linen.eu\\\/en\\\/produkt\\\/linen-damask-tablecloth-chrysanthemum-hemstitch-from-hoffmann\\\/\",\"name\":\"Linen damask tablecloth Chrysanthemum hemstitch from Hoffmann - Linen.eu\",\"isPartOf\":{\"@id\":\"https:\\\/\\\/linen.eu\\\/en\\\/#website\"},\"primaryImageOfPage\":{\"@id\":\"https:\\\/\\\/linen.eu\\\/en\\\/produkt\\\/linen-damask-tablecloth-chrysanthemum-hemstitch-from-hoffmann\\\/#primaryimage\"},\"image\":{\"@id\":\"https:\\\/\\\/linen.eu\\\/en\\\/produkt\\\/linen-damask-tablecloth-chrysanthemum-hemstitch-from-hoffmann\\\/#primaryimage\"},\"thumbnailUrl\":\"https:\\\/\\\/linen.eu\\\/wp-content\\\/uploads\\\/2025\\\/07\\\/Hohlsaum-q.jpg.jpg\",\"datePublished\":\"2025-08-12T15:02:47+00:00\",\"dateModified\":\"2026-03-16T11:49:25+00:00\",\"description\":\"Linen damask tablecloth Chrysanthemum hemstitch by Hoffmann \u271a The timeless classic - German linen tradition \u27a4 Order conveniently online now\",\"breadcrumb\":{\"@id\":\"https:\\\/\\\/linen.eu\\\/en\\\/produkt\\\/linen-damask-tablecloth-chrysanthemum-hemstitch-from-hoffmann\\\/#breadcrumb\"},\"inLanguage\":\"en-US\",\"potentialAction\":[{\"@type\":\"ReadAction\",\"target\":[\"https:\\\/\\\/linen.eu\\\/en\\\/produkt\\\/linen-damask-tablecloth-chrysanthemum-hemstitch-from-hoffmann\\\/\"]}]},{\"@type\":\"ImageObject\",\"inLanguage\":\"en-US\",\"@id\":\"https:\\\/\\\/linen.eu\\\/en\\\/produkt\\\/linen-damask-tablecloth-chrysanthemum-hemstitch-from-hoffmann\\\/#primaryimage\",\"url\":\"https:\\\/\\\/linen.eu\\\/wp-content\\\/uploads\\\/2025\\\/07\\\/Hohlsaum-q.jpg.jpg\",\"contentUrl\":\"https:\\\/\\\/linen.eu\\\/wp-content\\\/uploads\\\/2025\\\/07\\\/Hohlsaum-q.jpg.jpg\",\"width\":1600,\"height\":1200,\"caption\":\"Nahaufnahme einer N\u00e4hmaschinennadel, die einen wei\u00dfen Stoff vern\u00e4ht, mit detaillierten F\u00e4den und Stoffstruktur beim Niederdr\u00fccken des Fu\u00dfes.\"},{\"@type\":\"BreadcrumbList\",\"@id\":\"https:\\\/\\\/linen.eu\\\/en\\\/produkt\\\/linen-damask-tablecloth-chrysanthemum-hemstitch-from-hoffmann\\\/#breadcrumb\",\"itemListElement\":[{\"@type\":\"ListItem\",\"position\":1,\"name\":\"Startseite\",\"item\":\"https:\\\/\\\/linen.eu\\\/en\\\/home\\\/\"},{\"@type\":\"ListItem\",\"position\":2,\"name\":\"Shop\",\"item\":\"https:\\\/\\\/linen.eu\\\/en\\\/shop\\\/\"},{\"@type\":\"ListItem\",\"position\":3,\"name\":\"Linen damask tablecloth Chrysanthemum hemstitch from Hoffmann\"}]},{\"@type\":\"WebSite\",\"@id\":\"https:\\\/\\\/linen.eu\\\/en\\\/#website\",\"url\":\"https:\\\/\\\/linen.eu\\\/en\\\/\",\"name\":\"Linen.eu\",\"description\":\"\",\"publisher\":{\"@id\":\"https:\\\/\\\/linen.eu\\\/en\\\/#organization\"},\"potentialAction\":[{\"@type\":\"SearchAction\",\"target\":{\"@type\":\"EntryPoint\",\"urlTemplate\":\"https:\\\/\\\/linen.eu\\\/en\\\/?s={search_term_string}\"},\"query-input\":{\"@type\":\"PropertyValueSpecification\",\"valueRequired\":true,\"valueName\":\"search_term_string\"}}],\"inLanguage\":\"en-US\"},{\"@type\":\"Organization\",\"@id\":\"https:\\\/\\\/linen.eu\\\/en\\\/#organization\",\"name\":\"Linen Lounge\",\"alternateName\":\"linen.eu\",\"url\":\"https:\\\/\\\/linen.eu\\\/en\\\/\",\"logo\":{\"@type\":\"ImageObject\",\"inLanguage\":\"en-US\",\"@id\":\"https:\\\/\\\/linen.eu\\\/en\\\/#\\\/schema\\\/logo\\\/image\\\/\",\"url\":\"https:\\\/\\\/linen.eu\\\/wp-content\\\/uploads\\\/2025\\\/10\\\/LinenLounge-NEU2.webp\",\"contentUrl\":\"https:\\\/\\\/linen.eu\\\/wp-content\\\/uploads\\\/2025\\\/10\\\/LinenLounge-NEU2.webp\",\"width\":1800,\"height\":455,\"caption\":\"Linen Lounge\"},\"image\":{\"@id\":\"https:\\\/\\\/linen.eu\\\/en\\\/#\\\/schema\\\/logo\\\/image\\\/\"},\"sameAs\":[\"https:\\\/\\\/linen.eu\",\"https:\\\/\\\/x.com\\\/linenlounge\",\"https:\\\/\\\/www.instagram.com\\\/linen.lounge?igsh=MW81aGhiY2VxZGRpMw==&utm_source=qr\",\"http:\\\/\\\/www.youtube.com\\\/@Linenlounge\"],\"description\":\"Online Fachhandel f\u00fcr europ\u00e4ische Leinen-Bettw\u00e4sche und Heimtextilien aus traditionellen Webereien wie Leitner Leinen, Schlitzer Leinen, Libeco, Vieb\u00f6ck und Hoffmann.\",\"email\":\"info@linen.eu\",\"telephone\":\"+49 (0) 69 90738860\",\"legalName\":\"Linen UG (haftungsbeschr\u00e4nkt)\",\"foundingDate\":\"2015-04-08\",\"numberOfEmployees\":{\"@type\":\"QuantitativeValue\",\"minValue\":\"1\",\"maxValue\":\"10\"}}]}<\/script>\n<meta property=\"product:brand\" content=\"Linen Weaving Mill Hoffmann \u2013 The Real Fabric. As from Grandmother&#039;s Chest\" \/>\n<meta property=\"og:availability\" content=\"instock\" \/>\n<meta property=\"product:availability\" content=\"instock\" \/>\n<meta property=\"product:condition\" content=\"new\" \/>\n<!-- \/ Yoast SEO Premium plugin. -->","yoast_head_json":{"title":"Linen damask tablecloth Chrysanthemum hemstitch from Hoffmann - Linen.eu","description":"Linen damask tablecloth Chrysanthemum hemstitch by Hoffmann \u271a The timeless classic - German linen tradition \u27a4 Order conveniently online now","robots":{"index":"index","follow":"follow","max-snippet":"max-snippet:-1","max-image-preview":"max-image-preview:large","max-video-preview":"max-video-preview:-1"},"canonical":"https:\/\/linen.eu\/en\/produkt\/linen-damask-tablecloth-chrysanthemum-hemstitch-from-hoffmann\/","og_locale":"en_US","og_type":"article","og_title":"Linen damask tablecloth Chrysanthemum hemstitch from Hoffmann","og_description":"Linen damask tablecloth Chrysanthemum hemstitch by Hoffmann \u271a The timeless classic - German linen tradition \u27a4 Order conveniently online now","og_url":"https:\/\/linen.eu\/en\/produkt\/linen-damask-tablecloth-chrysanthemum-hemstitch-from-hoffmann\/","og_site_name":"Linen.eu","article_publisher":"https:\/\/linen.eu","article_modified_time":"2026-03-16T11:49:25+00:00","og_image":[{"width":1600,"height":1200,"url":"https:\/\/linen.eu\/wp-content\/uploads\/2025\/07\/Hohlsaum-q.jpg.jpg","type":"image\/jpeg"}],"twitter_card":"summary_large_image","twitter_site":"@linenlounge","twitter_misc":{"Availability":"In stock"},"schema":{"@context":"https:\/\/schema.org","@graph":[{"@type":"WebPage","@id":"https:\/\/linen.eu\/en\/produkt\/linen-damask-tablecloth-chrysanthemum-hemstitch-from-hoffmann\/","url":"https:\/\/linen.eu\/en\/produkt\/linen-damask-tablecloth-chrysanthemum-hemstitch-from-hoffmann\/","name":"Linen damask tablecloth Chrysanthemum hemstitch from Hoffmann - Linen.eu","isPartOf":{"@id":"https:\/\/linen.eu\/en\/#website"},"primaryImageOfPage":{"@id":"https:\/\/linen.eu\/en\/produkt\/linen-damask-tablecloth-chrysanthemum-hemstitch-from-hoffmann\/#primaryimage"},"image":{"@id":"https:\/\/linen.eu\/en\/produkt\/linen-damask-tablecloth-chrysanthemum-hemstitch-from-hoffmann\/#primaryimage"},"thumbnailUrl":"https:\/\/linen.eu\/wp-content\/uploads\/2025\/07\/Hohlsaum-q.jpg.jpg","datePublished":"2025-08-12T15:02:47+00:00","dateModified":"2026-03-16T11:49:25+00:00","description":"Linen damask tablecloth Chrysanthemum hemstitch by Hoffmann \u271a The timeless classic - German linen tradition \u27a4 Order conveniently online now","breadcrumb":{"@id":"https:\/\/linen.eu\/en\/produkt\/linen-damask-tablecloth-chrysanthemum-hemstitch-from-hoffmann\/#breadcrumb"},"inLanguage":"en-US","potentialAction":[{"@type":"ReadAction","target":["https:\/\/linen.eu\/en\/produkt\/linen-damask-tablecloth-chrysanthemum-hemstitch-from-hoffmann\/"]}]},{"@type":"ImageObject","inLanguage":"en-US","@id":"https:\/\/linen.eu\/en\/produkt\/linen-damask-tablecloth-chrysanthemum-hemstitch-from-hoffmann\/#primaryimage","url":"https:\/\/linen.eu\/wp-content\/uploads\/2025\/07\/Hohlsaum-q.jpg.jpg","contentUrl":"https:\/\/linen.eu\/wp-content\/uploads\/2025\/07\/Hohlsaum-q.jpg.jpg","width":1600,"height":1200,"caption":"Nahaufnahme einer N\u00e4hmaschinennadel, die einen wei\u00dfen Stoff vern\u00e4ht, mit detaillierten F\u00e4den und Stoffstruktur beim Niederdr\u00fccken des Fu\u00dfes."},{"@type":"BreadcrumbList","@id":"https:\/\/linen.eu\/en\/produkt\/linen-damask-tablecloth-chrysanthemum-hemstitch-from-hoffmann\/#breadcrumb","itemListElement":[{"@type":"ListItem","position":1,"name":"Startseite","item":"https:\/\/linen.eu\/en\/home\/"},{"@type":"ListItem","position":2,"name":"Shop","item":"https:\/\/linen.eu\/en\/shop\/"},{"@type":"ListItem","position":3,"name":"Linen damask tablecloth Chrysanthemum hemstitch from Hoffmann"}]},{"@type":"WebSite","@id":"https:\/\/linen.eu\/en\/#website","url":"https:\/\/linen.eu\/en\/","name":"Linen.eu","description":"","publisher":{"@id":"https:\/\/linen.eu\/en\/#organization"},"potentialAction":[{"@type":"SearchAction","target":{"@type":"EntryPoint","urlTemplate":"https:\/\/linen.eu\/en\/?s={search_term_string}"},"query-input":{"@type":"PropertyValueSpecification","valueRequired":true,"valueName":"search_term_string"}}],"inLanguage":"en-US"},{"@type":"Organization","@id":"https:\/\/linen.eu\/en\/#organization","name":"Linen Lounge","alternateName":"linen.eu","url":"https:\/\/linen.eu\/en\/","logo":{"@type":"ImageObject","inLanguage":"en-US","@id":"https:\/\/linen.eu\/en\/#\/schema\/logo\/image\/","url":"https:\/\/linen.eu\/wp-content\/uploads\/2025\/10\/LinenLounge-NEU2.webp","contentUrl":"https:\/\/linen.eu\/wp-content\/uploads\/2025\/10\/LinenLounge-NEU2.webp","width":1800,"height":455,"caption":"Linen Lounge"},"image":{"@id":"https:\/\/linen.eu\/en\/#\/schema\/logo\/image\/"},"sameAs":["https:\/\/linen.eu","https:\/\/x.com\/linenlounge","https:\/\/www.instagram.com\/linen.lounge?igsh=MW81aGhiY2VxZGRpMw==&utm_source=qr","http:\/\/www.youtube.com\/@Linenlounge"],"description":"Online Fachhandel f\u00fcr europ\u00e4ische Leinen-Bettw\u00e4sche und Heimtextilien aus traditionellen Webereien wie Leitner Leinen, Schlitzer Leinen, Libeco, Vieb\u00f6ck und Hoffmann.","email":"info@linen.eu","telephone":"+49 (0) 69 90738860","legalName":"Linen UG (haftungsbeschr\u00e4nkt)","foundingDate":"2015-04-08","numberOfEmployees":{"@type":"QuantitativeValue","minValue":"1","maxValue":"10"}}]},"product_brand":"Linen Weaving Mill Hoffmann \u2013 The Real Fabric. As from Grandmother&#039;s Chest","og_availability":"instock","product_availability":"instock","product_condition":"new"},"_links":{"self":[{"href":"https:\/\/linen.eu\/en\/wp-json\/wp\/v2\/product\/124938","targetHints":{"allow":["GET"]}}],"collection":[{"href":"https:\/\/linen.eu\/en\/wp-json\/wp\/v2\/product"}],"about":[{"href":"https:\/\/linen.eu\/en\/wp-json\/wp\/v2\/types\/product"}],"replies":[{"embeddable":true,"href":"https:\/\/linen.eu\/en\/wp-json\/wp\/v2\/comments?post=124938"}],"wp:featuredmedia":[{"embeddable":true,"href":"https:\/\/linen.eu\/en\/wp-json\/wp\/v2\/media\/11717"}],"wp:attachment":[{"href":"https:\/\/linen.eu\/en\/wp-json\/wp\/v2\/media?parent=124938"}],"wp:term":[{"taxonomy":"product_brand","embeddable":true,"href":"https:\/\/linen.eu\/en\/wp-json\/wp\/v2\/product_brand?post=124938"},{"taxonomy":"product_cat","embeddable":true,"href":"https:\/\/linen.eu\/en\/wp-json\/wp\/v2\/product_cat?post=124938"},{"taxonomy":"product_tag","embeddable":true,"href":"https:\/\/linen.eu\/en\/wp-json\/wp\/v2\/product_tag?post=124938"}],"curies":[{"name":"wp","href":"https:\/\/api.w.org\/{rel}","templated":true}]}}