{"id":125118,"date":"2025-08-12T17:02:47","date_gmt":"2025-08-12T15:02:47","guid":{"rendered":"https:\/\/linen.eu\/produkt\/white-half-linen-tablecloth-from-the-hoffmann-linen-weaving-mill\/"},"modified":"2026-04-13T11:08:59","modified_gmt":"2026-04-13T09:08:59","slug":"white-half-linen-tablecloth-from-the-hoffmann-linen-weaving-mill","status":"publish","type":"product","link":"https:\/\/linen.eu\/en\/produkt\/white-half-linen-tablecloth-from-the-hoffmann-linen-weaving-mill\/","title":{"rendered":"White half-linen tablecloth from the Hoffmann linen weaving mill"},"content":{"rendered":"<h3>Tablecloths made from European organic linen<\/h3>\n<p>With their unique look, linen tablecloths complement any tableware and table decorations, whether the table is set for 2 or 20 people. Linen tablecloths are the first choice for a festive table.  The heavy fabric lies smoothly on the table surface and has an extremely elegant drape on the sides. Linen tablecloths and table runners combine wonderfully in muted colors or, of course, in classic white. Linen tablecloths are very resistant to stains. The smooth and dense fibers repel dirt and are easy to clean. The purely mechanically treated fabric for tablecloths and table runners made from European organic linen is very pleasant to the touch and also impresses with its unconditional sustainability, which is certified by the Oeko Tex Standard 100. Organic linen napkins and table runners round off the perfect table setting for a festive or everyday occasion.      <\/p>\n<h3>The product: White half-linen tablecloth from the <a href=\"https:\/\/linen.eu\/brand\/hoffmann\/\">Hoffmann linen weaving mill<\/a><\/h3>\n<p>52% washed linen, 48% long-staple cotton. Climate-neutral production<br \/>Heavy quality of 205 grams per square meter<br \/>Masters of Linen quality &#8211; the linen weaving mill only uses linen from European cultivation<br \/>Half-linen tablecloths, table runners and napkins from the Hoffmann weaving mill are custom-made to order for customers. You will find the most frequently ordered sizes in the menu at the top right. We produce individual special sizes on request.<br \/>Made in Germany.   <\/p>\n<h3>Care Instructions<\/h3>\n<p>Colored linen can be washed up to 60\u00b0, white up to 95\u00b0. As with all materials, linen will last longer if washed at a lower temperature. What linen does not tolerate are detergents with optical brighteners, they bleach out the natural colors and the fabric becomes light.<br id=\"mf280\">Linen needs sufficient residual moisture so that it does not crease. Do not overload the machine so that the fabric can move, do not spin linen too hard or for too long. If you want to iron linen, iron the items on the hot linen temperature setting of your iron when they are still a little damp.    <\/p>\n","protected":false},"excerpt":{"rendered":"<ul>\n<li>Linen-cotton tablecloth, 205 g\/m\u00b2 \u2013 52% linen, 48% cotton, easier to care for than pure linen with a similar feel<\/li>\n<li><strong>Adlon and Titanic <\/strong>\u2013 the Hoffmann linen mill supplied the tablecloths for the first-class dining rooms and the suites of the grand hotels<\/li>\n<li><strong>Upper Lusatian Manufactory<\/strong> \u2013 woven in Saxony, carbon-neutral, each tablecloth individually made to measure<\/li>\n<li><strong>Softer than pure linen <\/strong>\u2013 the cotton content makes the fabric more supple, whilst the linen content provides coolness and texture<\/li>\n<li><strong>Masters of Linen Quality <\/strong>\u2013 tablecloths, napkins and table runners, made in Germany, Oeko-Tex Standard 100<\/li>\n<\/ul>\n","protected":false},"featured_media":12981,"comment_status":"open","ping_status":"closed","template":"","meta":{"_acf_changed":false},"product_brand":[4789,4792],"product_cat":[3636,3748,3749],"product_tag":[4033,3640,3641,3642,3643,3645],"class_list":{"0":"post-125118","1":"product","2":"type-product","3":"status-publish","4":"has-post-thumbnail","6":"product_brand-hoffmann","7":"product_brand-hoffmann-tablecloths","8":"product_cat-table-dining","9":"product_cat-product","10":"product_cat-linen-tablecloths","11":"product_tag-white","12":"product_tag-all-year","13":"product_tag-linen","14":"product_tag-linen-napkin","15":"product_tag-linen-tablecloth","16":"product_tag-linen-table-runner","18":"first","19":"instock","20":"taxable","21":"shipping-taxable","22":"purchasable","23":"product-type-variable"},"acf":[],"yoast_head":"<!-- This site is optimized with the Yoast SEO Premium plugin v27.4 (Yoast SEO v27.4) - https:\/\/yoast.com\/product\/yoast-seo-premium-wordpress\/ -->\n<title>White half-linen tablecloth by Hoffmann - Linen.eu<\/title>\n<meta name=\"description\" content=\"White half-linen tablecloth from the Hoffmann linen weaving mill \u271a The timeless classic - German linen tradition \u27a4 Order conveniently online now\" \/>\n<meta name=\"robots\" content=\"index, follow, max-snippet:-1, max-image-preview:large, max-video-preview:-1\" \/>\n<link rel=\"canonical\" href=\"https:\/\/linen.eu\/en\/produkt\/white-half-linen-tablecloth-from-the-hoffmann-linen-weaving-mill\/\" \/>\n<meta property=\"og:locale\" content=\"en_US\" \/>\n<meta property=\"og:type\" content=\"article\" \/>\n<meta property=\"og:title\" content=\"White half-linen tablecloth from the Hoffmann linen weaving mill\" \/>\n<meta property=\"og:description\" content=\"White half-linen tablecloth from the Hoffmann linen weaving mill \u271a The timeless classic - German linen tradition \u27a4 Order conveniently online now\" \/>\n<meta property=\"og:url\" content=\"https:\/\/linen.eu\/en\/produkt\/white-half-linen-tablecloth-from-the-hoffmann-linen-weaving-mill\/\" \/>\n<meta property=\"og:site_name\" content=\"Linen.eu\" \/>\n<meta property=\"article:publisher\" content=\"https:\/\/linen.eu\" \/>\n<meta property=\"article:modified_time\" content=\"2026-04-13T09:08:59+00:00\" \/>\n<meta property=\"og:image\" content=\"https:\/\/linen.eu\/wp-content\/uploads\/2025\/07\/CNF_bnature_04052011_328-q.jpg\" \/>\n\t<meta property=\"og:image:width\" content=\"1600\" \/>\n\t<meta property=\"og:image:height\" content=\"1200\" \/>\n\t<meta property=\"og:image:type\" content=\"image\/jpeg\" \/>\n<meta name=\"twitter:card\" content=\"summary_large_image\" \/>\n<meta name=\"twitter:site\" content=\"@linenlounge\" \/>\n<meta name=\"twitter:label1\" content=\"Availability\" \/>\n\t<meta name=\"twitter:data1\" content=\"In stock\" \/>\n<script type=\"application\/ld+json\" class=\"yoast-schema-graph\">{\"@context\":\"https:\\\/\\\/schema.org\",\"@graph\":[{\"@type\":\"WebPage\",\"@id\":\"https:\\\/\\\/linen.eu\\\/en\\\/produkt\\\/white-half-linen-tablecloth-from-the-hoffmann-linen-weaving-mill\\\/\",\"url\":\"https:\\\/\\\/linen.eu\\\/en\\\/produkt\\\/white-half-linen-tablecloth-from-the-hoffmann-linen-weaving-mill\\\/\",\"name\":\"White half-linen tablecloth by Hoffmann - Linen.eu\",\"isPartOf\":{\"@id\":\"https:\\\/\\\/linen.eu\\\/en\\\/#website\"},\"primaryImageOfPage\":{\"@id\":\"https:\\\/\\\/linen.eu\\\/en\\\/produkt\\\/white-half-linen-tablecloth-from-the-hoffmann-linen-weaving-mill\\\/#primaryimage\"},\"image\":{\"@id\":\"https:\\\/\\\/linen.eu\\\/en\\\/produkt\\\/white-half-linen-tablecloth-from-the-hoffmann-linen-weaving-mill\\\/#primaryimage\"},\"thumbnailUrl\":\"https:\\\/\\\/linen.eu\\\/wp-content\\\/uploads\\\/2025\\\/07\\\/CNF_bnature_04052011_328-q.jpg\",\"datePublished\":\"2025-08-12T15:02:47+00:00\",\"dateModified\":\"2026-04-13T09:08:59+00:00\",\"description\":\"White half-linen tablecloth from the Hoffmann linen weaving mill \u271a The timeless classic - German linen tradition \u27a4 Order conveniently online now\",\"breadcrumb\":{\"@id\":\"https:\\\/\\\/linen.eu\\\/en\\\/produkt\\\/white-half-linen-tablecloth-from-the-hoffmann-linen-weaving-mill\\\/#breadcrumb\"},\"inLanguage\":\"en-US\",\"potentialAction\":[{\"@type\":\"ReadAction\",\"target\":[\"https:\\\/\\\/linen.eu\\\/en\\\/produkt\\\/white-half-linen-tablecloth-from-the-hoffmann-linen-weaving-mill\\\/\"]}]},{\"@type\":\"ImageObject\",\"inLanguage\":\"en-US\",\"@id\":\"https:\\\/\\\/linen.eu\\\/en\\\/produkt\\\/white-half-linen-tablecloth-from-the-hoffmann-linen-weaving-mill\\\/#primaryimage\",\"url\":\"https:\\\/\\\/linen.eu\\\/wp-content\\\/uploads\\\/2025\\\/07\\\/CNF_bnature_04052011_328-q.jpg\",\"contentUrl\":\"https:\\\/\\\/linen.eu\\\/wp-content\\\/uploads\\\/2025\\\/07\\\/CNF_bnature_04052011_328-q.jpg\",\"width\":1600,\"height\":1200,\"caption\":\"Nahaufnahme einer beigen Leinentischdecke, die einen Holztisch bedeckt, mit ordentlich gefalteten cremefarbenen Servietten, die am Rand platziert sind. Ein Metallstuhl ist teilweise neben dem Tisch zu sehen.\"},{\"@type\":\"BreadcrumbList\",\"@id\":\"https:\\\/\\\/linen.eu\\\/en\\\/produkt\\\/white-half-linen-tablecloth-from-the-hoffmann-linen-weaving-mill\\\/#breadcrumb\",\"itemListElement\":[{\"@type\":\"ListItem\",\"position\":1,\"name\":\"Startseite\",\"item\":\"https:\\\/\\\/linen.eu\\\/en\\\/home\\\/\"},{\"@type\":\"ListItem\",\"position\":2,\"name\":\"Shop\",\"item\":\"https:\\\/\\\/linen.eu\\\/en\\\/shop\\\/\"},{\"@type\":\"ListItem\",\"position\":3,\"name\":\"White half-linen tablecloth from the Hoffmann linen weaving mill\"}]},{\"@type\":\"WebSite\",\"@id\":\"https:\\\/\\\/linen.eu\\\/en\\\/#website\",\"url\":\"https:\\\/\\\/linen.eu\\\/en\\\/\",\"name\":\"Linen.eu\",\"description\":\"\",\"publisher\":{\"@id\":\"https:\\\/\\\/linen.eu\\\/en\\\/#organization\"},\"potentialAction\":[{\"@type\":\"SearchAction\",\"target\":{\"@type\":\"EntryPoint\",\"urlTemplate\":\"https:\\\/\\\/linen.eu\\\/en\\\/?s={search_term_string}\"},\"query-input\":{\"@type\":\"PropertyValueSpecification\",\"valueRequired\":true,\"valueName\":\"search_term_string\"}}],\"inLanguage\":\"en-US\"},{\"@type\":\"Organization\",\"@id\":\"https:\\\/\\\/linen.eu\\\/en\\\/#organization\",\"name\":\"Linen Lounge\",\"alternateName\":\"linen.eu\",\"url\":\"https:\\\/\\\/linen.eu\\\/en\\\/\",\"logo\":{\"@type\":\"ImageObject\",\"inLanguage\":\"en-US\",\"@id\":\"https:\\\/\\\/linen.eu\\\/en\\\/#\\\/schema\\\/logo\\\/image\\\/\",\"url\":\"https:\\\/\\\/linen.eu\\\/wp-content\\\/uploads\\\/2025\\\/10\\\/LinenLounge-NEU2.webp\",\"contentUrl\":\"https:\\\/\\\/linen.eu\\\/wp-content\\\/uploads\\\/2025\\\/10\\\/LinenLounge-NEU2.webp\",\"width\":1800,\"height\":455,\"caption\":\"Linen Lounge\"},\"image\":{\"@id\":\"https:\\\/\\\/linen.eu\\\/en\\\/#\\\/schema\\\/logo\\\/image\\\/\"},\"sameAs\":[\"https:\\\/\\\/linen.eu\",\"https:\\\/\\\/x.com\\\/linenlounge\",\"https:\\\/\\\/www.instagram.com\\\/linen.lounge?igsh=MW81aGhiY2VxZGRpMw==&utm_source=qr\",\"http:\\\/\\\/www.youtube.com\\\/@Linenlounge\"],\"description\":\"Online Fachhandel f\u00fcr europ\u00e4ische Leinen-Bettw\u00e4sche und Heimtextilien aus traditionellen Webereien wie Leitner Leinen, Schlitzer Leinen, Libeco, Vieb\u00f6ck und Hoffmann.\",\"email\":\"info@linen.eu\",\"telephone\":\"+49 (0) 69 90738860\",\"legalName\":\"Linen UG (haftungsbeschr\u00e4nkt)\",\"foundingDate\":\"2015-04-08\",\"numberOfEmployees\":{\"@type\":\"QuantitativeValue\",\"minValue\":\"1\",\"maxValue\":\"10\"}}]}<\/script>\n<meta property=\"product:brand\" content=\"Linen Weaving Mill Hoffmann\" \/>\n<meta property=\"og:availability\" content=\"instock\" \/>\n<meta property=\"product:availability\" content=\"instock\" \/>\n<meta property=\"product:condition\" content=\"new\" \/>\n<!-- \/ Yoast SEO Premium plugin. -->","yoast_head_json":{"title":"White half-linen tablecloth by Hoffmann - Linen.eu","description":"White half-linen tablecloth from the Hoffmann linen weaving mill \u271a The timeless classic - German linen tradition \u27a4 Order conveniently online now","robots":{"index":"index","follow":"follow","max-snippet":"max-snippet:-1","max-image-preview":"max-image-preview:large","max-video-preview":"max-video-preview:-1"},"canonical":"https:\/\/linen.eu\/en\/produkt\/white-half-linen-tablecloth-from-the-hoffmann-linen-weaving-mill\/","og_locale":"en_US","og_type":"article","og_title":"White half-linen tablecloth from the Hoffmann linen weaving mill","og_description":"White half-linen tablecloth from the Hoffmann linen weaving mill \u271a The timeless classic - German linen tradition \u27a4 Order conveniently online now","og_url":"https:\/\/linen.eu\/en\/produkt\/white-half-linen-tablecloth-from-the-hoffmann-linen-weaving-mill\/","og_site_name":"Linen.eu","article_publisher":"https:\/\/linen.eu","article_modified_time":"2026-04-13T09:08:59+00:00","og_image":[{"width":1600,"height":1200,"url":"https:\/\/linen.eu\/wp-content\/uploads\/2025\/07\/CNF_bnature_04052011_328-q.jpg","type":"image\/jpeg"}],"twitter_card":"summary_large_image","twitter_site":"@linenlounge","twitter_misc":{"Availability":"In stock"},"schema":{"@context":"https:\/\/schema.org","@graph":[{"@type":"WebPage","@id":"https:\/\/linen.eu\/en\/produkt\/white-half-linen-tablecloth-from-the-hoffmann-linen-weaving-mill\/","url":"https:\/\/linen.eu\/en\/produkt\/white-half-linen-tablecloth-from-the-hoffmann-linen-weaving-mill\/","name":"White half-linen tablecloth by Hoffmann - Linen.eu","isPartOf":{"@id":"https:\/\/linen.eu\/en\/#website"},"primaryImageOfPage":{"@id":"https:\/\/linen.eu\/en\/produkt\/white-half-linen-tablecloth-from-the-hoffmann-linen-weaving-mill\/#primaryimage"},"image":{"@id":"https:\/\/linen.eu\/en\/produkt\/white-half-linen-tablecloth-from-the-hoffmann-linen-weaving-mill\/#primaryimage"},"thumbnailUrl":"https:\/\/linen.eu\/wp-content\/uploads\/2025\/07\/CNF_bnature_04052011_328-q.jpg","datePublished":"2025-08-12T15:02:47+00:00","dateModified":"2026-04-13T09:08:59+00:00","description":"White half-linen tablecloth from the Hoffmann linen weaving mill \u271a The timeless classic - German linen tradition \u27a4 Order conveniently online now","breadcrumb":{"@id":"https:\/\/linen.eu\/en\/produkt\/white-half-linen-tablecloth-from-the-hoffmann-linen-weaving-mill\/#breadcrumb"},"inLanguage":"en-US","potentialAction":[{"@type":"ReadAction","target":["https:\/\/linen.eu\/en\/produkt\/white-half-linen-tablecloth-from-the-hoffmann-linen-weaving-mill\/"]}]},{"@type":"ImageObject","inLanguage":"en-US","@id":"https:\/\/linen.eu\/en\/produkt\/white-half-linen-tablecloth-from-the-hoffmann-linen-weaving-mill\/#primaryimage","url":"https:\/\/linen.eu\/wp-content\/uploads\/2025\/07\/CNF_bnature_04052011_328-q.jpg","contentUrl":"https:\/\/linen.eu\/wp-content\/uploads\/2025\/07\/CNF_bnature_04052011_328-q.jpg","width":1600,"height":1200,"caption":"Nahaufnahme einer beigen Leinentischdecke, die einen Holztisch bedeckt, mit ordentlich gefalteten cremefarbenen Servietten, die am Rand platziert sind. Ein Metallstuhl ist teilweise neben dem Tisch zu sehen."},{"@type":"BreadcrumbList","@id":"https:\/\/linen.eu\/en\/produkt\/white-half-linen-tablecloth-from-the-hoffmann-linen-weaving-mill\/#breadcrumb","itemListElement":[{"@type":"ListItem","position":1,"name":"Startseite","item":"https:\/\/linen.eu\/en\/home\/"},{"@type":"ListItem","position":2,"name":"Shop","item":"https:\/\/linen.eu\/en\/shop\/"},{"@type":"ListItem","position":3,"name":"White half-linen tablecloth from the Hoffmann linen weaving mill"}]},{"@type":"WebSite","@id":"https:\/\/linen.eu\/en\/#website","url":"https:\/\/linen.eu\/en\/","name":"Linen.eu","description":"","publisher":{"@id":"https:\/\/linen.eu\/en\/#organization"},"potentialAction":[{"@type":"SearchAction","target":{"@type":"EntryPoint","urlTemplate":"https:\/\/linen.eu\/en\/?s={search_term_string}"},"query-input":{"@type":"PropertyValueSpecification","valueRequired":true,"valueName":"search_term_string"}}],"inLanguage":"en-US"},{"@type":"Organization","@id":"https:\/\/linen.eu\/en\/#organization","name":"Linen Lounge","alternateName":"linen.eu","url":"https:\/\/linen.eu\/en\/","logo":{"@type":"ImageObject","inLanguage":"en-US","@id":"https:\/\/linen.eu\/en\/#\/schema\/logo\/image\/","url":"https:\/\/linen.eu\/wp-content\/uploads\/2025\/10\/LinenLounge-NEU2.webp","contentUrl":"https:\/\/linen.eu\/wp-content\/uploads\/2025\/10\/LinenLounge-NEU2.webp","width":1800,"height":455,"caption":"Linen Lounge"},"image":{"@id":"https:\/\/linen.eu\/en\/#\/schema\/logo\/image\/"},"sameAs":["https:\/\/linen.eu","https:\/\/x.com\/linenlounge","https:\/\/www.instagram.com\/linen.lounge?igsh=MW81aGhiY2VxZGRpMw==&utm_source=qr","http:\/\/www.youtube.com\/@Linenlounge"],"description":"Online Fachhandel f\u00fcr europ\u00e4ische Leinen-Bettw\u00e4sche und Heimtextilien aus traditionellen Webereien wie Leitner Leinen, Schlitzer Leinen, Libeco, Vieb\u00f6ck und Hoffmann.","email":"info@linen.eu","telephone":"+49 (0) 69 90738860","legalName":"Linen UG (haftungsbeschr\u00e4nkt)","foundingDate":"2015-04-08","numberOfEmployees":{"@type":"QuantitativeValue","minValue":"1","maxValue":"10"}}]},"product_brand":"Linen Weaving Mill Hoffmann","og_availability":"instock","product_availability":"instock","product_condition":"new"},"_links":{"self":[{"href":"https:\/\/linen.eu\/en\/wp-json\/wp\/v2\/product\/125118","targetHints":{"allow":["GET"]}}],"collection":[{"href":"https:\/\/linen.eu\/en\/wp-json\/wp\/v2\/product"}],"about":[{"href":"https:\/\/linen.eu\/en\/wp-json\/wp\/v2\/types\/product"}],"replies":[{"embeddable":true,"href":"https:\/\/linen.eu\/en\/wp-json\/wp\/v2\/comments?post=125118"}],"wp:featuredmedia":[{"embeddable":true,"href":"https:\/\/linen.eu\/en\/wp-json\/wp\/v2\/media\/12981"}],"wp:attachment":[{"href":"https:\/\/linen.eu\/en\/wp-json\/wp\/v2\/media?parent=125118"}],"wp:term":[{"taxonomy":"product_brand","embeddable":true,"href":"https:\/\/linen.eu\/en\/wp-json\/wp\/v2\/product_brand?post=125118"},{"taxonomy":"product_cat","embeddable":true,"href":"https:\/\/linen.eu\/en\/wp-json\/wp\/v2\/product_cat?post=125118"},{"taxonomy":"product_tag","embeddable":true,"href":"https:\/\/linen.eu\/en\/wp-json\/wp\/v2\/product_tag?post=125118"}],"curies":[{"name":"wp","href":"https:\/\/api.w.org\/{rel}","templated":true}]}}