{"id":125378,"date":"2025-08-12T17:02:48","date_gmt":"2025-08-12T15:02:48","guid":{"rendered":"https:\/\/linen.eu\/produkt\/the-patagonian-black-stripe-linen-coverlet-and-cushion-from-libeco\/"},"modified":"2026-04-13T11:08:49","modified_gmt":"2026-04-13T09:08:49","slug":"the-patagonian-black-stripe-linen-coverlet-and-cushion-from-libeco","status":"publish","type":"product","link":"https:\/\/linen.eu\/en\/produkt\/the-patagonian-black-stripe-linen-coverlet-and-cushion-from-libeco\/","title":{"rendered":"The Patagonian Black Stripe linen coverlet and cushion from Libeco"},"content":{"rendered":"<h2 class=\"h3 product-detail-description-title\">&#8220;The Patagonian Black Stripe linen coverlet and cushion from Libeco&#8221;<\/h2>\n<div class=\"product-detail-description-text\">\n<p>The Patagonian Black Stripe linen coverlet and cushion from Libeco was inspired by desert colors from the Patagonian steppe near the Falkland Current. The names were inspired by desert regions from around the world. It is a medium weight construction with a seam in the middle. Fringes are at the top and bottom of the bedspread. Across the entire width of the bedspread near the top and bottom edges are two different stripes in the colors dusky pink and black. There are two different cushion cover designs, each representing a stripe of the bedspread design.     <\/p>\n<h3>European organic linen<\/h3>\n<p>Linen bed linen allows the skin to breathe better. When it comes to our skin, linen is the perfect fabric. Due to its long, smooth fibers, linen absorbs a lot of moisture and repels dirt. Linen is an intelligent fabric because linen balances temperatures.    Linen provides a pleasant coolness in summer and creates cozy warmth in winter. The long linen fibers ensure that linen bed linen stays fresh for much longer. The linen fabric has been treated purely mechanically and is therefore very soft and skin-friendly. Linen treated in this way creases less and retains the naturalness and all the advantages of linen. Libeco is convinced of organic linen and unconditional sustainability in all stages of production, so the creation of certified linen bed linen according to the GOTS standard in the Heritage collection was a logical next step.    <\/p>\n<h3>The Weaving Mill<\/h3>\n<p>In 2006, <a href=\"https:\/\/linen.eu\/brand\/libeco\/\">Libeco<\/a> received a knighthood from the Belgian royal family: &#8220;Belgian Royal Warrant Holder&#8221; is the impressive recognition of the quality of this bed linen. The &#8220;Belgian Linen&#8221; seal of quality is the guarantee of a quality product in accordance with all the rules of sustainable management.  All Libeco fabrics bear the coveted &#8220;Masters of Linen&#8221; label. This guarantees that the fabrics have been tested to meet the extremely high requirements of this master class and that they are manufactured exclusively in Europe. &#8220;Eco Line&#8221; and &#8220;Oeko-Tex&#8221; provide the assurance that Libeco fabrics are free from harmful substances and that they have not been treated, bleached or dyed with chemicals.  <\/p>\n<p>We recommend the fine Heritage linen sheets and fitted sheets from Libeco.<\/p>\n<h3>The product: The Patagonian Black Stripe linen coverlet and cushion from <a href=\"https:\/\/linen.eu\/en\/linen-weaving-mills\/libeco\/\">Libeco<\/a><\/h3>\n<p>Available as a coverlet &#8211; decorative bedspread &#8211; and as a cushion Black Stripe with one and Multi Stripe with two stripes<br \/>\n100% linen, washed. Heavy quality of 460 grams per square meter, CO\u2082 neutral production<br \/>\nCushion with zipper<br \/>\nWeave: Linen weave<br \/>\nThread count: Nm 58<br \/>\nPattern: Two different stripes<br \/>\nMasters of Linen quality.<br \/>\nMade in Belgium. <\/p>\n<h3>Care Instructions<\/h3>\n<p>Colored linen can be washed up to 60\u00b0, white linen up to 95\u00b0. As with all materials, linen will last longer if washed at a lower temperature. What linen does not tolerate are detergents with optical brighteners, they bleach out the natural colors and the fabric becomes light. Creasing: Linen needs sufficient residual moisture so that it does not crease so much. Do not overload the machine so that the fabric can move. Do not spin linen too hard or for too long. If you want to iron linen, iron the items on the hot linen setting on your iron. It is best to do this when they are still a little damp. Even if it is convenient: avoid drying linen in the dryer. Overdrying can cause it to shrink         <\/p>\n<\/div>\n","protected":false},"excerpt":{"rendered":"<p><strong data-start=\"59\" data-end=\"121\">The Patagonian Black Stripe coverlet and cushion from Libeco<\/strong> brings desert colors into the bedroom. The pure linen bedspread is medium-weight, stitched in the middle and fringed. Black and antique pink stripes adorn the top and bottom edges, and the matching cushions echo these details in two versions. Sustainably manufactured in Belgium &#8211; in the highest <em data-start=\"432\" data-end=\"450\">Masters of Linen<\/em> quality.   <\/p>\n","protected":false},"featured_media":13657,"comment_status":"open","ping_status":"closed","template":"","meta":{"_acf_changed":false},"product_brand":[4801,4803,4807],"product_cat":[3936,3947],"product_tag":[3731,3951,3640,3641],"class_list":{"0":"post-125378","1":"product","2":"type-product","3":"status-publish","4":"has-post-thumbnail","6":"product_brand-libeco","7":"product_brand-libeco-coverlets-cushions","8":"product_brand-libeco-throws","9":"product_cat-linen-blanket-and-throw","10":"product_cat-linen-bedspreads","11":"product_tag-natural-fiber","12":"product_tag-coverlet","13":"product_tag-all-year","14":"product_tag-linen","16":"first","17":"instock","18":"taxable","19":"shipping-taxable","20":"purchasable","21":"product-type-variable"},"acf":[],"yoast_head":"<!-- This site is optimized with the Yoast SEO Premium plugin v27.3 (Yoast SEO v27.3) - https:\/\/yoast.com\/product\/yoast-seo-premium-wordpress\/ -->\n<title>Patag. Black Stripe linen coverlet set \u2013 Libeco - Linen.eu<\/title>\n<meta name=\"description\" content=\"The Patagonian Black Stripe Linen Coverlet by Libeco \u271a Traditional genuine linen weaving \u271a Woven and sewn in Belgium \u27a4 Simply buy online now\" \/>\n<meta name=\"robots\" content=\"index, follow, max-snippet:-1, max-image-preview:large, max-video-preview:-1\" \/>\n<link rel=\"canonical\" href=\"https:\/\/linen.eu\/en\/produkt\/the-patagonian-black-stripe-linen-coverlet-and-cushion-from-libeco\/\" \/>\n<meta property=\"og:locale\" content=\"en_US\" \/>\n<meta property=\"og:type\" content=\"article\" \/>\n<meta property=\"og:title\" content=\"The Patagonian Black Stripe linen coverlet and cushion from Libeco\" \/>\n<meta property=\"og:description\" content=\"The Patagonian Black Stripe Linen Coverlet by Libeco \u271a Traditional genuine linen weaving \u271a Woven and sewn in Belgium \u27a4 Simply buy online now\" \/>\n<meta property=\"og:url\" content=\"https:\/\/linen.eu\/en\/produkt\/the-patagonian-black-stripe-linen-coverlet-and-cushion-from-libeco\/\" \/>\n<meta property=\"og:site_name\" content=\"Linen.eu\" \/>\n<meta property=\"article:publisher\" content=\"https:\/\/linen.eu\" \/>\n<meta property=\"article:modified_time\" content=\"2026-04-13T09:08:49+00:00\" \/>\n<meta property=\"og:image\" content=\"https:\/\/linen.eu\/wp-content\/uploads\/2025\/07\/The-Patagonian-Stripe-Jan-2022-coverlet-06.jpg\" \/>\n\t<meta property=\"og:image:width\" content=\"1600\" \/>\n\t<meta property=\"og:image:height\" content=\"1200\" \/>\n\t<meta property=\"og:image:type\" content=\"image\/jpeg\" \/>\n<meta name=\"twitter:card\" content=\"summary_large_image\" \/>\n<meta name=\"twitter:site\" content=\"@linenlounge\" \/>\n<meta name=\"twitter:label1\" content=\"Availability\" \/>\n\t<meta name=\"twitter:data1\" content=\"In stock\" \/>\n<script type=\"application\/ld+json\" class=\"yoast-schema-graph\">{\"@context\":\"https:\\\/\\\/schema.org\",\"@graph\":[{\"@type\":\"WebPage\",\"@id\":\"https:\\\/\\\/linen.eu\\\/en\\\/produkt\\\/the-patagonian-black-stripe-linen-coverlet-and-cushion-from-libeco\\\/\",\"url\":\"https:\\\/\\\/linen.eu\\\/en\\\/produkt\\\/the-patagonian-black-stripe-linen-coverlet-and-cushion-from-libeco\\\/\",\"name\":\"Patag. Black Stripe linen coverlet set \u2013 Libeco - Linen.eu\",\"isPartOf\":{\"@id\":\"https:\\\/\\\/linen.eu\\\/en\\\/#website\"},\"primaryImageOfPage\":{\"@id\":\"https:\\\/\\\/linen.eu\\\/en\\\/produkt\\\/the-patagonian-black-stripe-linen-coverlet-and-cushion-from-libeco\\\/#primaryimage\"},\"image\":{\"@id\":\"https:\\\/\\\/linen.eu\\\/en\\\/produkt\\\/the-patagonian-black-stripe-linen-coverlet-and-cushion-from-libeco\\\/#primaryimage\"},\"thumbnailUrl\":\"https:\\\/\\\/linen.eu\\\/wp-content\\\/uploads\\\/2025\\\/07\\\/The-Patagonian-Stripe-Jan-2022-coverlet-06.jpg\",\"datePublished\":\"2025-08-12T15:02:48+00:00\",\"dateModified\":\"2026-04-13T09:08:49+00:00\",\"description\":\"The Patagonian Black Stripe Linen Coverlet by Libeco \u271a Traditional genuine linen weaving \u271a Woven and sewn in Belgium \u27a4 Simply buy online now\",\"breadcrumb\":{\"@id\":\"https:\\\/\\\/linen.eu\\\/en\\\/produkt\\\/the-patagonian-black-stripe-linen-coverlet-and-cushion-from-libeco\\\/#breadcrumb\"},\"inLanguage\":\"en-US\",\"potentialAction\":[{\"@type\":\"ReadAction\",\"target\":[\"https:\\\/\\\/linen.eu\\\/en\\\/produkt\\\/the-patagonian-black-stripe-linen-coverlet-and-cushion-from-libeco\\\/\"]}]},{\"@type\":\"ImageObject\",\"inLanguage\":\"en-US\",\"@id\":\"https:\\\/\\\/linen.eu\\\/en\\\/produkt\\\/the-patagonian-black-stripe-linen-coverlet-and-cushion-from-libeco\\\/#primaryimage\",\"url\":\"https:\\\/\\\/linen.eu\\\/wp-content\\\/uploads\\\/2025\\\/07\\\/The-Patagonian-Stripe-Jan-2022-coverlet-06.jpg\",\"contentUrl\":\"https:\\\/\\\/linen.eu\\\/wp-content\\\/uploads\\\/2025\\\/07\\\/The-Patagonian-Stripe-Jan-2022-coverlet-06.jpg\",\"width\":1600,\"height\":1200,\"caption\":\"Ein beigefarbenes Bett mit fransenbesetzter Tagesdecke und passendem Kissen, beide mit schwarzen Querstreifen, steht vor einem wei\u00dfen Hintergrund.\"},{\"@type\":\"BreadcrumbList\",\"@id\":\"https:\\\/\\\/linen.eu\\\/en\\\/produkt\\\/the-patagonian-black-stripe-linen-coverlet-and-cushion-from-libeco\\\/#breadcrumb\",\"itemListElement\":[{\"@type\":\"ListItem\",\"position\":1,\"name\":\"Startseite\",\"item\":\"https:\\\/\\\/linen.eu\\\/en\\\/home\\\/\"},{\"@type\":\"ListItem\",\"position\":2,\"name\":\"Shop\",\"item\":\"https:\\\/\\\/linen.eu\\\/en\\\/shop\\\/\"},{\"@type\":\"ListItem\",\"position\":3,\"name\":\"The Patagonian Black Stripe linen coverlet and cushion from Libeco\"}]},{\"@type\":\"WebSite\",\"@id\":\"https:\\\/\\\/linen.eu\\\/en\\\/#website\",\"url\":\"https:\\\/\\\/linen.eu\\\/en\\\/\",\"name\":\"Linen.eu\",\"description\":\"\",\"publisher\":{\"@id\":\"https:\\\/\\\/linen.eu\\\/en\\\/#organization\"},\"potentialAction\":[{\"@type\":\"SearchAction\",\"target\":{\"@type\":\"EntryPoint\",\"urlTemplate\":\"https:\\\/\\\/linen.eu\\\/en\\\/?s={search_term_string}\"},\"query-input\":{\"@type\":\"PropertyValueSpecification\",\"valueRequired\":true,\"valueName\":\"search_term_string\"}}],\"inLanguage\":\"en-US\"},{\"@type\":\"Organization\",\"@id\":\"https:\\\/\\\/linen.eu\\\/en\\\/#organization\",\"name\":\"Linen Lounge\",\"alternateName\":\"linen.eu\",\"url\":\"https:\\\/\\\/linen.eu\\\/en\\\/\",\"logo\":{\"@type\":\"ImageObject\",\"inLanguage\":\"en-US\",\"@id\":\"https:\\\/\\\/linen.eu\\\/en\\\/#\\\/schema\\\/logo\\\/image\\\/\",\"url\":\"https:\\\/\\\/linen.eu\\\/wp-content\\\/uploads\\\/2025\\\/10\\\/LinenLounge-NEU2.webp\",\"contentUrl\":\"https:\\\/\\\/linen.eu\\\/wp-content\\\/uploads\\\/2025\\\/10\\\/LinenLounge-NEU2.webp\",\"width\":1800,\"height\":455,\"caption\":\"Linen Lounge\"},\"image\":{\"@id\":\"https:\\\/\\\/linen.eu\\\/en\\\/#\\\/schema\\\/logo\\\/image\\\/\"},\"sameAs\":[\"https:\\\/\\\/linen.eu\",\"https:\\\/\\\/x.com\\\/linenlounge\",\"https:\\\/\\\/www.instagram.com\\\/linen.lounge?igsh=MW81aGhiY2VxZGRpMw==&utm_source=qr\",\"http:\\\/\\\/www.youtube.com\\\/@Linenlounge\"],\"description\":\"Online Fachhandel f\u00fcr europ\u00e4ische Leinen-Bettw\u00e4sche und Heimtextilien aus traditionellen Webereien wie Leitner Leinen, Schlitzer Leinen, Libeco, Vieb\u00f6ck und Hoffmann.\",\"email\":\"info@linen.eu\",\"telephone\":\"+49 (0) 69 90738860\",\"legalName\":\"Linen UG (haftungsbeschr\u00e4nkt)\",\"foundingDate\":\"2015-04-08\",\"numberOfEmployees\":{\"@type\":\"QuantitativeValue\",\"minValue\":\"1\",\"maxValue\":\"10\"}}]}<\/script>\n<meta property=\"product:brand\" content=\"Libeco \u2013 Real Fabric at Home the World Over\" \/>\n<meta property=\"og:availability\" content=\"instock\" \/>\n<meta property=\"product:availability\" content=\"instock\" \/>\n<meta property=\"product:retailer_item_id\" content=\"111101617524\" \/>\n<meta property=\"product:condition\" content=\"new\" \/>\n<!-- \/ Yoast SEO Premium plugin. -->","yoast_head_json":{"title":"Patag. Black Stripe linen coverlet set \u2013 Libeco - Linen.eu","description":"The Patagonian Black Stripe Linen Coverlet by Libeco \u271a Traditional genuine linen weaving \u271a Woven and sewn in Belgium \u27a4 Simply buy online now","robots":{"index":"index","follow":"follow","max-snippet":"max-snippet:-1","max-image-preview":"max-image-preview:large","max-video-preview":"max-video-preview:-1"},"canonical":"https:\/\/linen.eu\/en\/produkt\/the-patagonian-black-stripe-linen-coverlet-and-cushion-from-libeco\/","og_locale":"en_US","og_type":"article","og_title":"The Patagonian Black Stripe linen coverlet and cushion from Libeco","og_description":"The Patagonian Black Stripe Linen Coverlet by Libeco \u271a Traditional genuine linen weaving \u271a Woven and sewn in Belgium \u27a4 Simply buy online now","og_url":"https:\/\/linen.eu\/en\/produkt\/the-patagonian-black-stripe-linen-coverlet-and-cushion-from-libeco\/","og_site_name":"Linen.eu","article_publisher":"https:\/\/linen.eu","article_modified_time":"2026-04-13T09:08:49+00:00","og_image":[{"width":1600,"height":1200,"url":"https:\/\/linen.eu\/wp-content\/uploads\/2025\/07\/The-Patagonian-Stripe-Jan-2022-coverlet-06.jpg","type":"image\/jpeg"}],"twitter_card":"summary_large_image","twitter_site":"@linenlounge","twitter_misc":{"Availability":"In stock"},"schema":{"@context":"https:\/\/schema.org","@graph":[{"@type":"WebPage","@id":"https:\/\/linen.eu\/en\/produkt\/the-patagonian-black-stripe-linen-coverlet-and-cushion-from-libeco\/","url":"https:\/\/linen.eu\/en\/produkt\/the-patagonian-black-stripe-linen-coverlet-and-cushion-from-libeco\/","name":"Patag. Black Stripe linen coverlet set \u2013 Libeco - Linen.eu","isPartOf":{"@id":"https:\/\/linen.eu\/en\/#website"},"primaryImageOfPage":{"@id":"https:\/\/linen.eu\/en\/produkt\/the-patagonian-black-stripe-linen-coverlet-and-cushion-from-libeco\/#primaryimage"},"image":{"@id":"https:\/\/linen.eu\/en\/produkt\/the-patagonian-black-stripe-linen-coverlet-and-cushion-from-libeco\/#primaryimage"},"thumbnailUrl":"https:\/\/linen.eu\/wp-content\/uploads\/2025\/07\/The-Patagonian-Stripe-Jan-2022-coverlet-06.jpg","datePublished":"2025-08-12T15:02:48+00:00","dateModified":"2026-04-13T09:08:49+00:00","description":"The Patagonian Black Stripe Linen Coverlet by Libeco \u271a Traditional genuine linen weaving \u271a Woven and sewn in Belgium \u27a4 Simply buy online now","breadcrumb":{"@id":"https:\/\/linen.eu\/en\/produkt\/the-patagonian-black-stripe-linen-coverlet-and-cushion-from-libeco\/#breadcrumb"},"inLanguage":"en-US","potentialAction":[{"@type":"ReadAction","target":["https:\/\/linen.eu\/en\/produkt\/the-patagonian-black-stripe-linen-coverlet-and-cushion-from-libeco\/"]}]},{"@type":"ImageObject","inLanguage":"en-US","@id":"https:\/\/linen.eu\/en\/produkt\/the-patagonian-black-stripe-linen-coverlet-and-cushion-from-libeco\/#primaryimage","url":"https:\/\/linen.eu\/wp-content\/uploads\/2025\/07\/The-Patagonian-Stripe-Jan-2022-coverlet-06.jpg","contentUrl":"https:\/\/linen.eu\/wp-content\/uploads\/2025\/07\/The-Patagonian-Stripe-Jan-2022-coverlet-06.jpg","width":1600,"height":1200,"caption":"Ein beigefarbenes Bett mit fransenbesetzter Tagesdecke und passendem Kissen, beide mit schwarzen Querstreifen, steht vor einem wei\u00dfen Hintergrund."},{"@type":"BreadcrumbList","@id":"https:\/\/linen.eu\/en\/produkt\/the-patagonian-black-stripe-linen-coverlet-and-cushion-from-libeco\/#breadcrumb","itemListElement":[{"@type":"ListItem","position":1,"name":"Startseite","item":"https:\/\/linen.eu\/en\/home\/"},{"@type":"ListItem","position":2,"name":"Shop","item":"https:\/\/linen.eu\/en\/shop\/"},{"@type":"ListItem","position":3,"name":"The Patagonian Black Stripe linen coverlet and cushion from Libeco"}]},{"@type":"WebSite","@id":"https:\/\/linen.eu\/en\/#website","url":"https:\/\/linen.eu\/en\/","name":"Linen.eu","description":"","publisher":{"@id":"https:\/\/linen.eu\/en\/#organization"},"potentialAction":[{"@type":"SearchAction","target":{"@type":"EntryPoint","urlTemplate":"https:\/\/linen.eu\/en\/?s={search_term_string}"},"query-input":{"@type":"PropertyValueSpecification","valueRequired":true,"valueName":"search_term_string"}}],"inLanguage":"en-US"},{"@type":"Organization","@id":"https:\/\/linen.eu\/en\/#organization","name":"Linen Lounge","alternateName":"linen.eu","url":"https:\/\/linen.eu\/en\/","logo":{"@type":"ImageObject","inLanguage":"en-US","@id":"https:\/\/linen.eu\/en\/#\/schema\/logo\/image\/","url":"https:\/\/linen.eu\/wp-content\/uploads\/2025\/10\/LinenLounge-NEU2.webp","contentUrl":"https:\/\/linen.eu\/wp-content\/uploads\/2025\/10\/LinenLounge-NEU2.webp","width":1800,"height":455,"caption":"Linen Lounge"},"image":{"@id":"https:\/\/linen.eu\/en\/#\/schema\/logo\/image\/"},"sameAs":["https:\/\/linen.eu","https:\/\/x.com\/linenlounge","https:\/\/www.instagram.com\/linen.lounge?igsh=MW81aGhiY2VxZGRpMw==&utm_source=qr","http:\/\/www.youtube.com\/@Linenlounge"],"description":"Online Fachhandel f\u00fcr europ\u00e4ische Leinen-Bettw\u00e4sche und Heimtextilien aus traditionellen Webereien wie Leitner Leinen, Schlitzer Leinen, Libeco, Vieb\u00f6ck und Hoffmann.","email":"info@linen.eu","telephone":"+49 (0) 69 90738860","legalName":"Linen UG (haftungsbeschr\u00e4nkt)","foundingDate":"2015-04-08","numberOfEmployees":{"@type":"QuantitativeValue","minValue":"1","maxValue":"10"}}]},"product_brand":"Libeco \u2013 Real Fabric at Home the World Over","og_availability":"instock","product_availability":"instock","product_retailer_item_id":"111101617524","product_condition":"new"},"_links":{"self":[{"href":"https:\/\/linen.eu\/en\/wp-json\/wp\/v2\/product\/125378","targetHints":{"allow":["GET"]}}],"collection":[{"href":"https:\/\/linen.eu\/en\/wp-json\/wp\/v2\/product"}],"about":[{"href":"https:\/\/linen.eu\/en\/wp-json\/wp\/v2\/types\/product"}],"replies":[{"embeddable":true,"href":"https:\/\/linen.eu\/en\/wp-json\/wp\/v2\/comments?post=125378"}],"wp:featuredmedia":[{"embeddable":true,"href":"https:\/\/linen.eu\/en\/wp-json\/wp\/v2\/media\/13657"}],"wp:attachment":[{"href":"https:\/\/linen.eu\/en\/wp-json\/wp\/v2\/media?parent=125378"}],"wp:term":[{"taxonomy":"product_brand","embeddable":true,"href":"https:\/\/linen.eu\/en\/wp-json\/wp\/v2\/product_brand?post=125378"},{"taxonomy":"product_cat","embeddable":true,"href":"https:\/\/linen.eu\/en\/wp-json\/wp\/v2\/product_cat?post=125378"},{"taxonomy":"product_tag","embeddable":true,"href":"https:\/\/linen.eu\/en\/wp-json\/wp\/v2\/product_tag?post=125378"}],"curies":[{"name":"wp","href":"https:\/\/api.w.org\/{rel}","templated":true}]}}