{"id":125460,"date":"2025-08-12T17:02:48","date_gmt":"2025-08-12T15:02:48","guid":{"rendered":"https:\/\/linen.eu\/produkt\/classics-geneva-linen-fitted-sheet-from-libeco\/"},"modified":"2026-04-12T00:08:55","modified_gmt":"2026-04-11T22:08:55","slug":"classics-geneva-linen-fitted-sheet-from-libeco","status":"publish","type":"product","link":"https:\/\/linen.eu\/en\/produkt\/classics-geneva-linen-fitted-sheet-from-libeco\/","title":{"rendered":"Classics Geneva linen fitted sheet from Libeco"},"content":{"rendered":"<h2 class=\"h3 product-detail-description-title\">&#8220;Classics Geneva linen fitted sheet from Libeco&#8221;<\/h2>\n<div class=\"product-detail-description-text\">\n<p>Classics Geneva linen fitted sheet from Libeco. Bed sheet and fitted sheet in classic white. Made from heavy, washed linen. Classics Geneva is cozy and comfortable, while remaining completely relaxed &#8211; with all the advantages that pure linen can offer. Our classic linen bed linen &#8211; yarn-dyed and pure nature!    <\/p>\n<p><b>European linen<\/b><\/p>\n<p>Linen bed linen allows the skin to breathe better. When it comes to our skin, linen is the perfect fabric. Due to its long, smooth fibers, linen absorbs a lot of moisture and repels dirt. Linen is an intelligent fabric because linen balances temperatures.    Linen provides a pleasant coolness in summer and creates cozy warmth in winter. The long linen fibers ensure that linen bed linen stays fresh for much longer. The linen fabric has been treated purely mechanically and is therefore very soft and skin-friendly. Linen treated in this way creases less and retains the naturalness and all the advantages of linen. Libeco is convinced of organic linen and unconditional sustainability in all stages of production, so the creation of certified linen bed linen according to the GOTS standard in the collection was a logical next step.    <\/p>\n<h3>The Weaving Mill<\/h3>\n<p>In 2006, <a href=\"https:\/\/linen.eu\/en\/linen-weaving-mills\/libeco\/\">Libeco<\/a> received a knighthood from the Belgian royal family: &#8220;Belgian Royal Warrant Holder&#8221; is the impressive recognition of the quality of this bed linen. The &#8220;Belgian Linen&#8221; seal of quality is the guarantee of a quality product in accordance with all the rules of sustainable management.  All Libeco fabrics bear the coveted &#8220;Masters of Linen&#8221; label. This guarantees that the fabrics have been tested to meet the extremely high requirements of this master class and that they are manufactured exclusively in Europe.  &#8220;Eco Line&#8221; and &#8220;Oeko-Tex&#8221; give you the assurance that Libeco fabrics are free from harmful substances and that they have not been treated, bleached or dyed with chemicals.<\/p>\n<p>We recommend the fine linen sheets and fitted sheets from Libeco.<\/p>\n<h3>The product: Madison Oyster colored linen fitted sheet from <a href=\"https:\/\/linen.eu\/brand\/libeco\/\">Libeco<\/a><\/h3>\n<p>Also available as comforter cover and pillow,<br \/>\n100% washed linen. 175 g\/m\u00b2, CO\u2082 neutral production<br \/>\nBed sheets and fitted sheets<br \/>\nThread count: Nm 26<br \/>\nColors: White<br \/>\nMasters of Linen quality<br \/>\nWe manufacture the sizes listed in the specified delivery period. Other individual special sizes can be produced on request.<br \/>\nMade in Belgium.  <\/p>\n<h3>Care Instructions<\/h3>\n<p>Colored linen can be washed up to 60\u00b0, white up to 95\u00b0. As with all materials, linen will last longer if washed at a lower temperature. What linen does not tolerate are detergents with optical brighteners, they bleach out the natural colors and the fabric becomes light Wrinkling: Linen needs sufficient residual moisture so that it does not wrinkle so much. Do not overload the machine so that the fabric can move, do not spin linen too hard or for too long. If you want to iron linen, iron the items on the hot temperature setting of your iron when they are still a little damp.    <\/p>\n<\/div>\n","protected":false},"excerpt":{"rendered":"<p data-start=\"105\" data-end=\"159\"><strong data-start=\"105\" data-end=\"157\">Classics Geneva linen fitted sheet from Libeco<\/strong><\/p>\n<p data-start=\"161\" data-end=\"618\">The Classics Geneva fitted sheet from Libeco is a timeless classic in pure white &#8211; made from heavy, washed linen (175 g\/m\u00b2). Naturally breathable, temperature-regulating and skin-friendly, it ensures maximum sleeping comfort while remaining durable and easy to care for. Sustainable, GOTS-certified and CO\u2082-neutral, manufactured in Belgium and awarded the <strong data-start=\"551\" data-end=\"573\">&#8220;Masters of Linen<\/strong> &#8221; label &#8211; pure naturalness for your bedroom.  <\/p>\n","protected":false},"featured_media":13661,"comment_status":"open","ping_status":"closed","template":"","meta":{"_acf_changed":false},"product_brand":[4801,4808],"product_cat":[3482,3748,4253],"product_tag":[3641,4033],"class_list":{"0":"post-125460","1":"product","2":"type-product","3":"status-publish","4":"has-post-thumbnail","6":"product_brand-libeco","7":"product_brand-libeco-fitted-sheets","8":"product_cat-linen-bed-sheets","9":"product_cat-product","10":"product_cat-linen-fitted-sheets","11":"product_tag-linen","12":"product_tag-white","14":"first","15":"instock","16":"taxable","17":"shipping-taxable","18":"purchasable","19":"product-type-variable"},"acf":[],"yoast_head":"<!-- This site is optimized with the Yoast SEO Premium plugin v27.4 (Yoast SEO v27.4) - https:\/\/yoast.com\/product\/yoast-seo-premium-wordpress\/ -->\n<title>Classics Geneva linen fitted sheet from Libeco - Linen.eu<\/title>\n<meta name=\"description\" content=\"Classics Geneva linen fitted sheet by Libeco \u271a Traditional genuine linen weaving \u271a Woven and sewn in Belgium \u27a4 Buy online now\" \/>\n<meta name=\"robots\" content=\"index, follow, max-snippet:-1, max-image-preview:large, max-video-preview:-1\" \/>\n<link rel=\"canonical\" href=\"https:\/\/linen.eu\/en\/produkt\/classics-geneva-linen-fitted-sheet-from-libeco\/\" \/>\n<meta property=\"og:locale\" content=\"en_US\" \/>\n<meta property=\"og:type\" content=\"article\" \/>\n<meta property=\"og:title\" content=\"Classics Geneva linen fitted sheet from Libeco\" \/>\n<meta property=\"og:description\" content=\"Classics Geneva linen fitted sheet by Libeco \u271a Traditional genuine linen weaving \u271a Woven and sewn in Belgium \u27a4 Buy online now\" \/>\n<meta property=\"og:url\" content=\"https:\/\/linen.eu\/en\/produkt\/classics-geneva-linen-fitted-sheet-from-libeco\/\" \/>\n<meta property=\"og:site_name\" content=\"Linen.eu\" \/>\n<meta property=\"article:publisher\" content=\"https:\/\/linen.eu\" \/>\n<meta property=\"article:modified_time\" content=\"2026-04-11T22:08:55+00:00\" \/>\n<meta property=\"og:image\" content=\"https:\/\/linen.eu\/wp-content\/uploads\/2025\/07\/Geneva-classics-bridgewater-001.jpg\" \/>\n\t<meta property=\"og:image:width\" content=\"1600\" \/>\n\t<meta property=\"og:image:height\" content=\"1200\" \/>\n\t<meta property=\"og:image:type\" content=\"image\/jpeg\" \/>\n<meta name=\"twitter:card\" content=\"summary_large_image\" \/>\n<meta name=\"twitter:site\" content=\"@linenlounge\" \/>\n<meta name=\"twitter:label1\" content=\"Availability\" \/>\n\t<meta name=\"twitter:data1\" content=\"In stock\" \/>\n<script type=\"application\/ld+json\" class=\"yoast-schema-graph\">{\"@context\":\"https:\\\/\\\/schema.org\",\"@graph\":[{\"@type\":\"WebPage\",\"@id\":\"https:\\\/\\\/linen.eu\\\/en\\\/produkt\\\/classics-geneva-linen-fitted-sheet-from-libeco\\\/\",\"url\":\"https:\\\/\\\/linen.eu\\\/en\\\/produkt\\\/classics-geneva-linen-fitted-sheet-from-libeco\\\/\",\"name\":\"Classics Geneva linen fitted sheet from Libeco - Linen.eu\",\"isPartOf\":{\"@id\":\"https:\\\/\\\/linen.eu\\\/en\\\/#website\"},\"primaryImageOfPage\":{\"@id\":\"https:\\\/\\\/linen.eu\\\/en\\\/produkt\\\/classics-geneva-linen-fitted-sheet-from-libeco\\\/#primaryimage\"},\"image\":{\"@id\":\"https:\\\/\\\/linen.eu\\\/en\\\/produkt\\\/classics-geneva-linen-fitted-sheet-from-libeco\\\/#primaryimage\"},\"thumbnailUrl\":\"https:\\\/\\\/linen.eu\\\/wp-content\\\/uploads\\\/2025\\\/07\\\/Geneva-classics-bridgewater-001.jpg\",\"datePublished\":\"2025-08-12T15:02:48+00:00\",\"dateModified\":\"2026-04-11T22:08:55+00:00\",\"description\":\"Classics Geneva linen fitted sheet by Libeco \u271a Traditional genuine linen weaving \u271a Woven and sewn in Belgium \u27a4 Buy online now\",\"breadcrumb\":{\"@id\":\"https:\\\/\\\/linen.eu\\\/en\\\/produkt\\\/classics-geneva-linen-fitted-sheet-from-libeco\\\/#breadcrumb\"},\"inLanguage\":\"en-US\",\"potentialAction\":[{\"@type\":\"ReadAction\",\"target\":[\"https:\\\/\\\/linen.eu\\\/en\\\/produkt\\\/classics-geneva-linen-fitted-sheet-from-libeco\\\/\"]}]},{\"@type\":\"ImageObject\",\"inLanguage\":\"en-US\",\"@id\":\"https:\\\/\\\/linen.eu\\\/en\\\/produkt\\\/classics-geneva-linen-fitted-sheet-from-libeco\\\/#primaryimage\",\"url\":\"https:\\\/\\\/linen.eu\\\/wp-content\\\/uploads\\\/2025\\\/07\\\/Geneva-classics-bridgewater-001.jpg\",\"contentUrl\":\"https:\\\/\\\/linen.eu\\\/wp-content\\\/uploads\\\/2025\\\/07\\\/Geneva-classics-bridgewater-001.jpg\",\"width\":1600,\"height\":1200,\"caption\":\"Eine Frau mit hellem Haar und wei\u00dfem Schlafanzug liegt auf einem Bett mit wei\u00dfen Laken und Kissen und l\u00e4chelt sanft in die Kamera in einem hellen, minimalistischen Raum.\"},{\"@type\":\"BreadcrumbList\",\"@id\":\"https:\\\/\\\/linen.eu\\\/en\\\/produkt\\\/classics-geneva-linen-fitted-sheet-from-libeco\\\/#breadcrumb\",\"itemListElement\":[{\"@type\":\"ListItem\",\"position\":1,\"name\":\"Startseite\",\"item\":\"https:\\\/\\\/linen.eu\\\/en\\\/home\\\/\"},{\"@type\":\"ListItem\",\"position\":2,\"name\":\"Shop\",\"item\":\"https:\\\/\\\/linen.eu\\\/en\\\/shop\\\/\"},{\"@type\":\"ListItem\",\"position\":3,\"name\":\"Classics Geneva linen fitted sheet from Libeco\"}]},{\"@type\":\"WebSite\",\"@id\":\"https:\\\/\\\/linen.eu\\\/en\\\/#website\",\"url\":\"https:\\\/\\\/linen.eu\\\/en\\\/\",\"name\":\"Linen.eu\",\"description\":\"\",\"publisher\":{\"@id\":\"https:\\\/\\\/linen.eu\\\/en\\\/#organization\"},\"potentialAction\":[{\"@type\":\"SearchAction\",\"target\":{\"@type\":\"EntryPoint\",\"urlTemplate\":\"https:\\\/\\\/linen.eu\\\/en\\\/?s={search_term_string}\"},\"query-input\":{\"@type\":\"PropertyValueSpecification\",\"valueRequired\":true,\"valueName\":\"search_term_string\"}}],\"inLanguage\":\"en-US\"},{\"@type\":\"Organization\",\"@id\":\"https:\\\/\\\/linen.eu\\\/en\\\/#organization\",\"name\":\"Linen Lounge\",\"alternateName\":\"linen.eu\",\"url\":\"https:\\\/\\\/linen.eu\\\/en\\\/\",\"logo\":{\"@type\":\"ImageObject\",\"inLanguage\":\"en-US\",\"@id\":\"https:\\\/\\\/linen.eu\\\/en\\\/#\\\/schema\\\/logo\\\/image\\\/\",\"url\":\"https:\\\/\\\/linen.eu\\\/wp-content\\\/uploads\\\/2025\\\/10\\\/LinenLounge-NEU2.webp\",\"contentUrl\":\"https:\\\/\\\/linen.eu\\\/wp-content\\\/uploads\\\/2025\\\/10\\\/LinenLounge-NEU2.webp\",\"width\":1800,\"height\":455,\"caption\":\"Linen Lounge\"},\"image\":{\"@id\":\"https:\\\/\\\/linen.eu\\\/en\\\/#\\\/schema\\\/logo\\\/image\\\/\"},\"sameAs\":[\"https:\\\/\\\/linen.eu\",\"https:\\\/\\\/x.com\\\/linenlounge\",\"https:\\\/\\\/www.instagram.com\\\/linen.lounge?igsh=MW81aGhiY2VxZGRpMw==&utm_source=qr\",\"http:\\\/\\\/www.youtube.com\\\/@Linenlounge\"],\"description\":\"Online Fachhandel f\u00fcr europ\u00e4ische Leinen-Bettw\u00e4sche und Heimtextilien aus traditionellen Webereien wie Leitner Leinen, Schlitzer Leinen, Libeco, Vieb\u00f6ck und Hoffmann.\",\"email\":\"info@linen.eu\",\"telephone\":\"+49 (0) 69 90738860\",\"legalName\":\"Linen UG (haftungsbeschr\u00e4nkt)\",\"foundingDate\":\"2015-04-08\",\"numberOfEmployees\":{\"@type\":\"QuantitativeValue\",\"minValue\":\"1\",\"maxValue\":\"10\"}}]}<\/script>\n<meta property=\"product:brand\" content=\"Libeco\" \/>\n<meta property=\"og:availability\" content=\"instock\" \/>\n<meta property=\"product:availability\" content=\"instock\" \/>\n<meta property=\"product:retailer_item_id\" content=\"111101415410\" \/>\n<meta property=\"product:condition\" content=\"new\" \/>\n<!-- \/ Yoast SEO Premium plugin. -->","yoast_head_json":{"title":"Classics Geneva linen fitted sheet from Libeco - Linen.eu","description":"Classics Geneva linen fitted sheet by Libeco \u271a Traditional genuine linen weaving \u271a Woven and sewn in Belgium \u27a4 Buy online now","robots":{"index":"index","follow":"follow","max-snippet":"max-snippet:-1","max-image-preview":"max-image-preview:large","max-video-preview":"max-video-preview:-1"},"canonical":"https:\/\/linen.eu\/en\/produkt\/classics-geneva-linen-fitted-sheet-from-libeco\/","og_locale":"en_US","og_type":"article","og_title":"Classics Geneva linen fitted sheet from Libeco","og_description":"Classics Geneva linen fitted sheet by Libeco \u271a Traditional genuine linen weaving \u271a Woven and sewn in Belgium \u27a4 Buy online now","og_url":"https:\/\/linen.eu\/en\/produkt\/classics-geneva-linen-fitted-sheet-from-libeco\/","og_site_name":"Linen.eu","article_publisher":"https:\/\/linen.eu","article_modified_time":"2026-04-11T22:08:55+00:00","og_image":[{"width":1600,"height":1200,"url":"https:\/\/linen.eu\/wp-content\/uploads\/2025\/07\/Geneva-classics-bridgewater-001.jpg","type":"image\/jpeg"}],"twitter_card":"summary_large_image","twitter_site":"@linenlounge","twitter_misc":{"Availability":"In stock"},"schema":{"@context":"https:\/\/schema.org","@graph":[{"@type":"WebPage","@id":"https:\/\/linen.eu\/en\/produkt\/classics-geneva-linen-fitted-sheet-from-libeco\/","url":"https:\/\/linen.eu\/en\/produkt\/classics-geneva-linen-fitted-sheet-from-libeco\/","name":"Classics Geneva linen fitted sheet from Libeco - Linen.eu","isPartOf":{"@id":"https:\/\/linen.eu\/en\/#website"},"primaryImageOfPage":{"@id":"https:\/\/linen.eu\/en\/produkt\/classics-geneva-linen-fitted-sheet-from-libeco\/#primaryimage"},"image":{"@id":"https:\/\/linen.eu\/en\/produkt\/classics-geneva-linen-fitted-sheet-from-libeco\/#primaryimage"},"thumbnailUrl":"https:\/\/linen.eu\/wp-content\/uploads\/2025\/07\/Geneva-classics-bridgewater-001.jpg","datePublished":"2025-08-12T15:02:48+00:00","dateModified":"2026-04-11T22:08:55+00:00","description":"Classics Geneva linen fitted sheet by Libeco \u271a Traditional genuine linen weaving \u271a Woven and sewn in Belgium \u27a4 Buy online now","breadcrumb":{"@id":"https:\/\/linen.eu\/en\/produkt\/classics-geneva-linen-fitted-sheet-from-libeco\/#breadcrumb"},"inLanguage":"en-US","potentialAction":[{"@type":"ReadAction","target":["https:\/\/linen.eu\/en\/produkt\/classics-geneva-linen-fitted-sheet-from-libeco\/"]}]},{"@type":"ImageObject","inLanguage":"en-US","@id":"https:\/\/linen.eu\/en\/produkt\/classics-geneva-linen-fitted-sheet-from-libeco\/#primaryimage","url":"https:\/\/linen.eu\/wp-content\/uploads\/2025\/07\/Geneva-classics-bridgewater-001.jpg","contentUrl":"https:\/\/linen.eu\/wp-content\/uploads\/2025\/07\/Geneva-classics-bridgewater-001.jpg","width":1600,"height":1200,"caption":"Eine Frau mit hellem Haar und wei\u00dfem Schlafanzug liegt auf einem Bett mit wei\u00dfen Laken und Kissen und l\u00e4chelt sanft in die Kamera in einem hellen, minimalistischen Raum."},{"@type":"BreadcrumbList","@id":"https:\/\/linen.eu\/en\/produkt\/classics-geneva-linen-fitted-sheet-from-libeco\/#breadcrumb","itemListElement":[{"@type":"ListItem","position":1,"name":"Startseite","item":"https:\/\/linen.eu\/en\/home\/"},{"@type":"ListItem","position":2,"name":"Shop","item":"https:\/\/linen.eu\/en\/shop\/"},{"@type":"ListItem","position":3,"name":"Classics Geneva linen fitted sheet from Libeco"}]},{"@type":"WebSite","@id":"https:\/\/linen.eu\/en\/#website","url":"https:\/\/linen.eu\/en\/","name":"Linen.eu","description":"","publisher":{"@id":"https:\/\/linen.eu\/en\/#organization"},"potentialAction":[{"@type":"SearchAction","target":{"@type":"EntryPoint","urlTemplate":"https:\/\/linen.eu\/en\/?s={search_term_string}"},"query-input":{"@type":"PropertyValueSpecification","valueRequired":true,"valueName":"search_term_string"}}],"inLanguage":"en-US"},{"@type":"Organization","@id":"https:\/\/linen.eu\/en\/#organization","name":"Linen Lounge","alternateName":"linen.eu","url":"https:\/\/linen.eu\/en\/","logo":{"@type":"ImageObject","inLanguage":"en-US","@id":"https:\/\/linen.eu\/en\/#\/schema\/logo\/image\/","url":"https:\/\/linen.eu\/wp-content\/uploads\/2025\/10\/LinenLounge-NEU2.webp","contentUrl":"https:\/\/linen.eu\/wp-content\/uploads\/2025\/10\/LinenLounge-NEU2.webp","width":1800,"height":455,"caption":"Linen Lounge"},"image":{"@id":"https:\/\/linen.eu\/en\/#\/schema\/logo\/image\/"},"sameAs":["https:\/\/linen.eu","https:\/\/x.com\/linenlounge","https:\/\/www.instagram.com\/linen.lounge?igsh=MW81aGhiY2VxZGRpMw==&utm_source=qr","http:\/\/www.youtube.com\/@Linenlounge"],"description":"Online Fachhandel f\u00fcr europ\u00e4ische Leinen-Bettw\u00e4sche und Heimtextilien aus traditionellen Webereien wie Leitner Leinen, Schlitzer Leinen, Libeco, Vieb\u00f6ck und Hoffmann.","email":"info@linen.eu","telephone":"+49 (0) 69 90738860","legalName":"Linen UG (haftungsbeschr\u00e4nkt)","foundingDate":"2015-04-08","numberOfEmployees":{"@type":"QuantitativeValue","minValue":"1","maxValue":"10"}}]},"product_brand":"Libeco","og_availability":"instock","product_availability":"instock","product_retailer_item_id":"111101415410","product_condition":"new"},"_links":{"self":[{"href":"https:\/\/linen.eu\/en\/wp-json\/wp\/v2\/product\/125460","targetHints":{"allow":["GET"]}}],"collection":[{"href":"https:\/\/linen.eu\/en\/wp-json\/wp\/v2\/product"}],"about":[{"href":"https:\/\/linen.eu\/en\/wp-json\/wp\/v2\/types\/product"}],"replies":[{"embeddable":true,"href":"https:\/\/linen.eu\/en\/wp-json\/wp\/v2\/comments?post=125460"}],"wp:featuredmedia":[{"embeddable":true,"href":"https:\/\/linen.eu\/en\/wp-json\/wp\/v2\/media\/13661"}],"wp:attachment":[{"href":"https:\/\/linen.eu\/en\/wp-json\/wp\/v2\/media?parent=125460"}],"wp:term":[{"taxonomy":"product_brand","embeddable":true,"href":"https:\/\/linen.eu\/en\/wp-json\/wp\/v2\/product_brand?post=125460"},{"taxonomy":"product_cat","embeddable":true,"href":"https:\/\/linen.eu\/en\/wp-json\/wp\/v2\/product_cat?post=125460"},{"taxonomy":"product_tag","embeddable":true,"href":"https:\/\/linen.eu\/en\/wp-json\/wp\/v2\/product_tag?post=125460"}],"curies":[{"name":"wp","href":"https:\/\/api.w.org\/{rel}","templated":true}]}}