{"id":125770,"date":"2025-10-06T18:32:24","date_gmt":"2025-10-06T16:32:24","guid":{"rendered":"https:\/\/linen.eu\/produkt\/210tc-percal-fitted-sheet-from-peter-reed\/"},"modified":"2026-04-12T00:12:25","modified_gmt":"2026-04-11T22:12:25","slug":"210tc-percal-fitted-sheet-from-peter-reed","status":"publish","type":"product","link":"https:\/\/linen.eu\/en\/produkt\/210tc-percal-fitted-sheet-from-peter-reed\/","title":{"rendered":"210TC Percal fitted sheet from Peter Reed"},"content":{"rendered":"<h2 class=\"h3 product-detail-description-title\">&#8220;210TC Percal fitted sheet from Peter Reed&#8221;<\/h2>\n<div class=\"product-detail-description-text\">\n<p>210TC Percal fitted sheet from Peter Reed. Feel like a queen in bed, like a king with bed linen from the traditional weaving mill Peter Reed from England. Two Row Cord with 210 threads per square inch (6.45 square centimeters). Peter Reed percale bed linen is made exclusively from specially selected, high-quality worsted yarns. Before spinning, special combs remove shorter cotton fibers. In this way, Peter Reed ensures that the yarns are only spun from the longest fibers of the cotton harvest.       <span class=\"elementor-cta__description elementor-cta__content-item elementor-content-item\">Our high-quality fitted sheets are the basis for a perfectly made bed &#8211; the Peter Reed sheet combines functionality with natural beauty. Egyptian cotton, one of the oldest textile fibers in the world, impresses with its special properties, which make it an excellent choice. <\/span><\/p>\n<h2>The Weaving Mill<\/h2>\n<p>Since 1880, <a href=\"https:\/\/linen.eu\/en\/magazine\/\">Peter Reed<\/a> has been the supplier to the English royal family, as &#8220;Royal Warrant of Appointment to Her Majesty The Queen&#8221;. This title as a manufacturer of bed linen was impressively renewed in January 2008. This is an honor to be very proud of.<br \/>\nPeter Reed has been manufacturing in Lancashire since 1861 and is traditionally synonymous with English excellence and luxury. Peter Reed is one of the few factories to have been operating in the UK for over a century. The founder, Peter William Reed was a farmer in Barley on the slopes of Pendle Hill in Lancashire (where the last known witches lived).    <\/p>\n<h2>The product: 210TC Percal fitted sheet from <a href=\"https:\/\/linen.eu\/en\/linen-weaving-mills\/peter-reed\/\">Peter Reed<\/a><\/h2>\n<ul>\n<li>100% long-staple Egyptian cotton<\/li>\n<li>Soft but hard-wearing cloth<\/li>\n<li>Thread density of 210 threads per inch (percale)<\/li>\n<li>available as fitted sheet<\/li>\n<li>Bed linen from Peter Reed is always made to measure and is only made to order for customers.<\/li>\n<\/ul>\n<p>The unrivaled long staple length, the fine combing of the cotton, the high thread count and the very special weaving of the edges result in an extremely soft but hard-wearing cloth. Generous hems, cord seams, double topstitching and safety stitching for durability. &#8216;Oxford style&#8217; pillowcases sewn with traditional mitered corners throughout.<br \/>\nThe cotton used to make Peter Reed bed linen comes directly from the Egyptian Nile Delta. This area, with its rich alluvial soil and natural humidity, produces a unique and lustrous cotton growth that is one of the finest fibers in the world. Egyptian cotton is ideal for use in bed linen as it &#8220;breathes&#8221;, is dust-free and still thrives better with frequent washing and use.     <\/p>\n<h3>Care Instructions<\/h3>\n<p>Colored bed linen made of long-staple cotton can be washed up to 60\u00b0, white up to 95\u00b0. As with all materials, the same applies to long-staple cotton: it will last longer if washed at a lower temperature.  What the material does not like are detergents with optical brighteners, they bleach the colors strongly and the fabric becomes light. Creasing: Long-staple cotton likes sufficient residual moisture. Do not pack the machine too full so that the fabric can move, do not spin the laundry too hard or for too long. If you want to iron it, iron the items on the cotton setting of your iron when they are still a little damp.   <\/p>\n<\/div>\n","protected":false},"excerpt":{"rendered":"<p data-start=\"46\" data-end=\"340\">The <strong data-start=\"50\" data-end=\"77\">210TC Percal fitted sheet<\/strong> from <strong data-start=\"82\" data-end=\"96\">Peter Reed<\/strong> stands for royal sleeping comfort &#8211; made from the finest, long-staple Egyptian cotton with a thread density of <strong data-start=\"222\" data-end=\"244\">210 threads per inch<\/strong>. The high-quality percale fabric is soft, breathable and particularly hard-wearing. Peter Reed has been producing the finest bed linen in <strong data-start=\"392\" data-end=\"406\">Lancashire<\/strong>, England, since <strong data-start=\"347\" data-end=\"355\">1861<\/strong> and has held the title of <strong data-start=\"456\" data-end=\"490\">&#8220;Royal Warrant of Appointment&#8221;<\/strong> as purveyor to the British Royal Family since 1880. Each fitted sheet is individually made to order and impresses with its precise craftsmanship, fine finish and luxurious feel.   <\/p>\n","protected":false},"featured_media":49354,"comment_status":"open","ping_status":"closed","template":"","meta":{"_acf_changed":false},"product_brand":[4811,4813],"product_cat":[3728,4285],"product_tag":[4287],"class_list":{"0":"post-125770","1":"product","2":"type-product","3":"status-publish","4":"has-post-thumbnail","6":"product_brand-peter-reed","7":"product_brand-peter-reed-fitted-sheets","8":"product_cat-bedroom","9":"product_cat-cotton-bed-linen","10":"product_tag-egyptian-cotton","12":"first","13":"instock","14":"taxable","15":"shipping-taxable","16":"purchasable","17":"product-type-variable"},"acf":[],"yoast_head":"<!-- This site is optimized with the Yoast SEO Premium plugin v27.4 (Yoast SEO v27.4) - https:\/\/yoast.com\/product\/yoast-seo-premium-wordpress\/ -->\n<title>210TC Percal fitted sheet from Peter Reed - Linen.eu<\/title>\n<meta name=\"description\" content=\"210TC Percal fitted sheet from Peter Reed \u2713 Egyptian cotton fitted sheet \u2713 Elastic fit \u2713 Royal Warrant quality \u25ba Order now\" \/>\n<meta name=\"robots\" content=\"index, follow, max-snippet:-1, max-image-preview:large, max-video-preview:-1\" \/>\n<link rel=\"canonical\" href=\"https:\/\/linen.eu\/en\/produkt\/210tc-percal-fitted-sheet-from-peter-reed\/\" \/>\n<meta property=\"og:locale\" content=\"en_US\" \/>\n<meta property=\"og:type\" content=\"article\" \/>\n<meta property=\"og:title\" content=\"210TC Percal fitted sheet from Peter Reed\" \/>\n<meta property=\"og:description\" content=\"210TC Percal fitted sheet from Peter Reed \u2713 Egyptian cotton fitted sheet \u2713 Elastic fit \u2713 Royal Warrant quality \u25ba Order now\" \/>\n<meta property=\"og:url\" content=\"https:\/\/linen.eu\/en\/produkt\/210tc-percal-fitted-sheet-from-peter-reed\/\" \/>\n<meta property=\"og:site_name\" content=\"Linen.eu\" \/>\n<meta property=\"article:publisher\" content=\"https:\/\/linen.eu\" \/>\n<meta property=\"article:modified_time\" content=\"2026-04-11T22:12:25+00:00\" \/>\n<meta property=\"og:image\" content=\"https:\/\/linen.eu\/wp-content\/uploads\/2025\/10\/Fitted-Sheet-20.jpg\" \/>\n\t<meta property=\"og:image:width\" content=\"800\" \/>\n\t<meta property=\"og:image:height\" content=\"1067\" \/>\n\t<meta property=\"og:image:type\" content=\"image\/jpeg\" \/>\n<meta name=\"twitter:card\" content=\"summary_large_image\" \/>\n<meta name=\"twitter:site\" content=\"@linenlounge\" \/>\n<meta name=\"twitter:label1\" content=\"Availability\" \/>\n\t<meta name=\"twitter:data1\" content=\"In stock\" \/>\n<script type=\"application\/ld+json\" class=\"yoast-schema-graph\">{\"@context\":\"https:\\\/\\\/schema.org\",\"@graph\":[{\"@type\":\"WebPage\",\"@id\":\"https:\\\/\\\/linen.eu\\\/en\\\/produkt\\\/210tc-percal-fitted-sheet-from-peter-reed\\\/\",\"url\":\"https:\\\/\\\/linen.eu\\\/en\\\/produkt\\\/210tc-percal-fitted-sheet-from-peter-reed\\\/\",\"name\":\"210TC Percal fitted sheet from Peter Reed - Linen.eu\",\"isPartOf\":{\"@id\":\"https:\\\/\\\/linen.eu\\\/en\\\/#website\"},\"primaryImageOfPage\":{\"@id\":\"https:\\\/\\\/linen.eu\\\/en\\\/produkt\\\/210tc-percal-fitted-sheet-from-peter-reed\\\/#primaryimage\"},\"image\":{\"@id\":\"https:\\\/\\\/linen.eu\\\/en\\\/produkt\\\/210tc-percal-fitted-sheet-from-peter-reed\\\/#primaryimage\"},\"thumbnailUrl\":\"https:\\\/\\\/linen.eu\\\/wp-content\\\/uploads\\\/2025\\\/10\\\/Fitted-Sheet-20.jpg\",\"datePublished\":\"2025-10-06T16:32:24+00:00\",\"dateModified\":\"2026-04-11T22:12:25+00:00\",\"description\":\"210TC Percal fitted sheet from Peter Reed \u2713 Egyptian cotton fitted sheet \u2713 Elastic fit \u2713 Royal Warrant quality \u25ba Order now\",\"breadcrumb\":{\"@id\":\"https:\\\/\\\/linen.eu\\\/en\\\/produkt\\\/210tc-percal-fitted-sheet-from-peter-reed\\\/#breadcrumb\"},\"inLanguage\":\"en-US\",\"potentialAction\":[{\"@type\":\"ReadAction\",\"target\":[\"https:\\\/\\\/linen.eu\\\/en\\\/produkt\\\/210tc-percal-fitted-sheet-from-peter-reed\\\/\"]}]},{\"@type\":\"ImageObject\",\"inLanguage\":\"en-US\",\"@id\":\"https:\\\/\\\/linen.eu\\\/en\\\/produkt\\\/210tc-percal-fitted-sheet-from-peter-reed\\\/#primaryimage\",\"url\":\"https:\\\/\\\/linen.eu\\\/wp-content\\\/uploads\\\/2025\\\/10\\\/Fitted-Sheet-20.jpg\",\"contentUrl\":\"https:\\\/\\\/linen.eu\\\/wp-content\\\/uploads\\\/2025\\\/10\\\/Fitted-Sheet-20.jpg\",\"width\":800,\"height\":1067,\"caption\":\"Eine Hand spannt den elastischen Rand eines wei\u00dfen Spannbetttuchs \u00fcber die Ecke einer Matratze. Die Oberfl\u00e4che darunter ist eine gewebte Matte.\"},{\"@type\":\"BreadcrumbList\",\"@id\":\"https:\\\/\\\/linen.eu\\\/en\\\/produkt\\\/210tc-percal-fitted-sheet-from-peter-reed\\\/#breadcrumb\",\"itemListElement\":[{\"@type\":\"ListItem\",\"position\":1,\"name\":\"Startseite\",\"item\":\"https:\\\/\\\/linen.eu\\\/en\\\/home\\\/\"},{\"@type\":\"ListItem\",\"position\":2,\"name\":\"Shop\",\"item\":\"https:\\\/\\\/linen.eu\\\/en\\\/shop\\\/\"},{\"@type\":\"ListItem\",\"position\":3,\"name\":\"210TC Percal fitted sheet from Peter Reed\"}]},{\"@type\":\"WebSite\",\"@id\":\"https:\\\/\\\/linen.eu\\\/en\\\/#website\",\"url\":\"https:\\\/\\\/linen.eu\\\/en\\\/\",\"name\":\"Linen.eu\",\"description\":\"\",\"publisher\":{\"@id\":\"https:\\\/\\\/linen.eu\\\/en\\\/#organization\"},\"potentialAction\":[{\"@type\":\"SearchAction\",\"target\":{\"@type\":\"EntryPoint\",\"urlTemplate\":\"https:\\\/\\\/linen.eu\\\/en\\\/?s={search_term_string}\"},\"query-input\":{\"@type\":\"PropertyValueSpecification\",\"valueRequired\":true,\"valueName\":\"search_term_string\"}}],\"inLanguage\":\"en-US\"},{\"@type\":\"Organization\",\"@id\":\"https:\\\/\\\/linen.eu\\\/en\\\/#organization\",\"name\":\"Linen Lounge\",\"alternateName\":\"linen.eu\",\"url\":\"https:\\\/\\\/linen.eu\\\/en\\\/\",\"logo\":{\"@type\":\"ImageObject\",\"inLanguage\":\"en-US\",\"@id\":\"https:\\\/\\\/linen.eu\\\/en\\\/#\\\/schema\\\/logo\\\/image\\\/\",\"url\":\"https:\\\/\\\/linen.eu\\\/wp-content\\\/uploads\\\/2025\\\/10\\\/LinenLounge-NEU2.webp\",\"contentUrl\":\"https:\\\/\\\/linen.eu\\\/wp-content\\\/uploads\\\/2025\\\/10\\\/LinenLounge-NEU2.webp\",\"width\":1800,\"height\":455,\"caption\":\"Linen Lounge\"},\"image\":{\"@id\":\"https:\\\/\\\/linen.eu\\\/en\\\/#\\\/schema\\\/logo\\\/image\\\/\"},\"sameAs\":[\"https:\\\/\\\/linen.eu\",\"https:\\\/\\\/x.com\\\/linenlounge\",\"https:\\\/\\\/www.instagram.com\\\/linen.lounge?igsh=MW81aGhiY2VxZGRpMw==&utm_source=qr\",\"http:\\\/\\\/www.youtube.com\\\/@Linenlounge\"],\"description\":\"Online Fachhandel f\u00fcr europ\u00e4ische Leinen-Bettw\u00e4sche und Heimtextilien aus traditionellen Webereien wie Leitner Leinen, Schlitzer Leinen, Libeco, Vieb\u00f6ck und Hoffmann.\",\"email\":\"info@linen.eu\",\"telephone\":\"+49 (0) 69 90738860\",\"legalName\":\"Linen UG (haftungsbeschr\u00e4nkt)\",\"foundingDate\":\"2015-04-08\",\"numberOfEmployees\":{\"@type\":\"QuantitativeValue\",\"minValue\":\"1\",\"maxValue\":\"10\"}}]}<\/script>\n<meta property=\"product:brand\" content=\"Peter Reed \u2013 British Luxury and Elegance\" \/>\n<meta property=\"og:availability\" content=\"instock\" \/>\n<meta property=\"product:availability\" content=\"instock\" \/>\n<meta property=\"product:retailer_item_id\" content=\"117251430010\" \/>\n<meta property=\"product:condition\" content=\"new\" \/>\n<!-- \/ Yoast SEO Premium plugin. -->","yoast_head_json":{"title":"210TC Percal fitted sheet from Peter Reed - Linen.eu","description":"210TC Percal fitted sheet from Peter Reed \u2713 Egyptian cotton fitted sheet \u2713 Elastic fit \u2713 Royal Warrant quality \u25ba Order now","robots":{"index":"index","follow":"follow","max-snippet":"max-snippet:-1","max-image-preview":"max-image-preview:large","max-video-preview":"max-video-preview:-1"},"canonical":"https:\/\/linen.eu\/en\/produkt\/210tc-percal-fitted-sheet-from-peter-reed\/","og_locale":"en_US","og_type":"article","og_title":"210TC Percal fitted sheet from Peter Reed","og_description":"210TC Percal fitted sheet from Peter Reed \u2713 Egyptian cotton fitted sheet \u2713 Elastic fit \u2713 Royal Warrant quality \u25ba Order now","og_url":"https:\/\/linen.eu\/en\/produkt\/210tc-percal-fitted-sheet-from-peter-reed\/","og_site_name":"Linen.eu","article_publisher":"https:\/\/linen.eu","article_modified_time":"2026-04-11T22:12:25+00:00","og_image":[{"width":800,"height":1067,"url":"https:\/\/linen.eu\/wp-content\/uploads\/2025\/10\/Fitted-Sheet-20.jpg","type":"image\/jpeg"}],"twitter_card":"summary_large_image","twitter_site":"@linenlounge","twitter_misc":{"Availability":"In stock"},"schema":{"@context":"https:\/\/schema.org","@graph":[{"@type":"WebPage","@id":"https:\/\/linen.eu\/en\/produkt\/210tc-percal-fitted-sheet-from-peter-reed\/","url":"https:\/\/linen.eu\/en\/produkt\/210tc-percal-fitted-sheet-from-peter-reed\/","name":"210TC Percal fitted sheet from Peter Reed - Linen.eu","isPartOf":{"@id":"https:\/\/linen.eu\/en\/#website"},"primaryImageOfPage":{"@id":"https:\/\/linen.eu\/en\/produkt\/210tc-percal-fitted-sheet-from-peter-reed\/#primaryimage"},"image":{"@id":"https:\/\/linen.eu\/en\/produkt\/210tc-percal-fitted-sheet-from-peter-reed\/#primaryimage"},"thumbnailUrl":"https:\/\/linen.eu\/wp-content\/uploads\/2025\/10\/Fitted-Sheet-20.jpg","datePublished":"2025-10-06T16:32:24+00:00","dateModified":"2026-04-11T22:12:25+00:00","description":"210TC Percal fitted sheet from Peter Reed \u2713 Egyptian cotton fitted sheet \u2713 Elastic fit \u2713 Royal Warrant quality \u25ba Order now","breadcrumb":{"@id":"https:\/\/linen.eu\/en\/produkt\/210tc-percal-fitted-sheet-from-peter-reed\/#breadcrumb"},"inLanguage":"en-US","potentialAction":[{"@type":"ReadAction","target":["https:\/\/linen.eu\/en\/produkt\/210tc-percal-fitted-sheet-from-peter-reed\/"]}]},{"@type":"ImageObject","inLanguage":"en-US","@id":"https:\/\/linen.eu\/en\/produkt\/210tc-percal-fitted-sheet-from-peter-reed\/#primaryimage","url":"https:\/\/linen.eu\/wp-content\/uploads\/2025\/10\/Fitted-Sheet-20.jpg","contentUrl":"https:\/\/linen.eu\/wp-content\/uploads\/2025\/10\/Fitted-Sheet-20.jpg","width":800,"height":1067,"caption":"Eine Hand spannt den elastischen Rand eines wei\u00dfen Spannbetttuchs \u00fcber die Ecke einer Matratze. Die Oberfl\u00e4che darunter ist eine gewebte Matte."},{"@type":"BreadcrumbList","@id":"https:\/\/linen.eu\/en\/produkt\/210tc-percal-fitted-sheet-from-peter-reed\/#breadcrumb","itemListElement":[{"@type":"ListItem","position":1,"name":"Startseite","item":"https:\/\/linen.eu\/en\/home\/"},{"@type":"ListItem","position":2,"name":"Shop","item":"https:\/\/linen.eu\/en\/shop\/"},{"@type":"ListItem","position":3,"name":"210TC Percal fitted sheet from Peter Reed"}]},{"@type":"WebSite","@id":"https:\/\/linen.eu\/en\/#website","url":"https:\/\/linen.eu\/en\/","name":"Linen.eu","description":"","publisher":{"@id":"https:\/\/linen.eu\/en\/#organization"},"potentialAction":[{"@type":"SearchAction","target":{"@type":"EntryPoint","urlTemplate":"https:\/\/linen.eu\/en\/?s={search_term_string}"},"query-input":{"@type":"PropertyValueSpecification","valueRequired":true,"valueName":"search_term_string"}}],"inLanguage":"en-US"},{"@type":"Organization","@id":"https:\/\/linen.eu\/en\/#organization","name":"Linen Lounge","alternateName":"linen.eu","url":"https:\/\/linen.eu\/en\/","logo":{"@type":"ImageObject","inLanguage":"en-US","@id":"https:\/\/linen.eu\/en\/#\/schema\/logo\/image\/","url":"https:\/\/linen.eu\/wp-content\/uploads\/2025\/10\/LinenLounge-NEU2.webp","contentUrl":"https:\/\/linen.eu\/wp-content\/uploads\/2025\/10\/LinenLounge-NEU2.webp","width":1800,"height":455,"caption":"Linen Lounge"},"image":{"@id":"https:\/\/linen.eu\/en\/#\/schema\/logo\/image\/"},"sameAs":["https:\/\/linen.eu","https:\/\/x.com\/linenlounge","https:\/\/www.instagram.com\/linen.lounge?igsh=MW81aGhiY2VxZGRpMw==&utm_source=qr","http:\/\/www.youtube.com\/@Linenlounge"],"description":"Online Fachhandel f\u00fcr europ\u00e4ische Leinen-Bettw\u00e4sche und Heimtextilien aus traditionellen Webereien wie Leitner Leinen, Schlitzer Leinen, Libeco, Vieb\u00f6ck und Hoffmann.","email":"info@linen.eu","telephone":"+49 (0) 69 90738860","legalName":"Linen UG (haftungsbeschr\u00e4nkt)","foundingDate":"2015-04-08","numberOfEmployees":{"@type":"QuantitativeValue","minValue":"1","maxValue":"10"}}]},"product_brand":"Peter Reed \u2013 British Luxury and Elegance","og_availability":"instock","product_availability":"instock","product_retailer_item_id":"117251430010","product_condition":"new"},"_links":{"self":[{"href":"https:\/\/linen.eu\/en\/wp-json\/wp\/v2\/product\/125770","targetHints":{"allow":["GET"]}}],"collection":[{"href":"https:\/\/linen.eu\/en\/wp-json\/wp\/v2\/product"}],"about":[{"href":"https:\/\/linen.eu\/en\/wp-json\/wp\/v2\/types\/product"}],"replies":[{"embeddable":true,"href":"https:\/\/linen.eu\/en\/wp-json\/wp\/v2\/comments?post=125770"}],"wp:featuredmedia":[{"embeddable":true,"href":"https:\/\/linen.eu\/en\/wp-json\/wp\/v2\/media\/49354"}],"wp:attachment":[{"href":"https:\/\/linen.eu\/en\/wp-json\/wp\/v2\/media?parent=125770"}],"wp:term":[{"taxonomy":"product_brand","embeddable":true,"href":"https:\/\/linen.eu\/en\/wp-json\/wp\/v2\/product_brand?post=125770"},{"taxonomy":"product_cat","embeddable":true,"href":"https:\/\/linen.eu\/en\/wp-json\/wp\/v2\/product_cat?post=125770"},{"taxonomy":"product_tag","embeddable":true,"href":"https:\/\/linen.eu\/en\/wp-json\/wp\/v2\/product_tag?post=125770"}],"curies":[{"name":"wp","href":"https:\/\/api.w.org\/{rel}","templated":true}]}}