{"id":125785,"date":"2025-10-06T18:36:39","date_gmt":"2025-10-06T16:36:39","guid":{"rendered":"https:\/\/linen.eu\/produkt\/400tc-percal-fitted-sheet-from-peter-reed\/"},"modified":"2026-04-11T23:04:53","modified_gmt":"2026-04-11T21:04:53","slug":"400tc-percal-fitted-sheet-from-peter-reed","status":"publish","type":"product","link":"https:\/\/linen.eu\/en\/produkt\/400tc-percal-fitted-sheet-from-peter-reed\/","title":{"rendered":"400TC Percal fitted sheet from Peter Reed"},"content":{"rendered":"<h2 class=\"h3 product-detail-description-title\">&#8220;400TC Percal fitted sheet from Peter Reed&#8221;<\/h2>\n<div class=\"product-detail-description-text\">\n<p>400TC percale fitted sheet by Peter Reed. Feel like a queen, like a king in bed with bedding from the traditional Peter Reed weaving mill in England. Five Row Cord with 400 threads per square inch (6.45 cm\u00b2). Peter Reed percale bedding is made exclusively from specially selected, high-quality combed yarns. Before spinning, special combs remove shorter cotton fibres.     This ensures that Peter Reed yarns are spun only from the longest fibres of the cotton harvest. <span class=\"elementor-cta__description elementor-cta__content-item elementor-content-item\">Our high-quality fitted sheets are the basis for a perfectly made bed &#8211; the Peter Reed sheet combines functionality with natural beauty. Egyptian cotton, one of the oldest textile fibres in the world, stands out for its special properties, making it an excellent choice.<\/span><\/p>\n<h2>The Weaving Mill<\/h2>\n<p>Since 1880, Peter Reed has been the supplier to the English royal family, as &#8220;Royal Warrant of Appointment to Her Majesty The Queen&#8221;. This title as a manufacturer of bed linen was impressively renewed in January 2008. This is an honor to be very proud of.<br \/>\nPeter Reed has been manufacturing in Lancashire since 1861 and is traditionally synonymous with English excellence and luxury. Peter Reed is one of the few factories to have been operating in the UK for over a century.    The founder, Peter William Reed, was a farmer in Barley on the slopes of Pendle Hill in Lancashire (where the last known witches lived).<\/p>\n<h2>The product: 400TC Percal fitted sheet from <a href=\"https:\/\/linen.eu\/en\/linen-weaving-mills\/peter-reed\/\">Peter Reed<\/a><\/h2>\n<ul>\n<li>100% long-staple Egyptian cotton<\/li>\n<li>Soft but hard-wearing cloth<\/li>\n<li>Thread density of 400 threads per inch (percale)<\/li>\n<li>available as fitted sheet<\/li>\n<li>Bed linen from Peter Reed is always made to measure and is only made to order for customers.<\/li>\n<\/ul>\n<p>The unrivaled long staple length, the fine combing of the cotton, the high thread count and the very special weaving of the edges result in an extremely soft but hard-wearing cloth. Generous hems, cord seams, double topstitching and safety stitching for durability. &#8216;Oxford style&#8217; pillowcases sewn with traditional mitred corners throughout.<br \/>\nThe cotton used to make Peter Reed bed linen comes directly from the Egyptian Nile Delta.    This area, with its rich alluvial soil and natural humidity, produces a unique and lustrous cotton growth that is one of the best fibers in the world. Egyptian cotton is ideal for use in bed linen as it &#8220;breathes&#8221;, is dust-free and still thrives better with frequent washing and use. <\/p>\n<h3>Care Instructions<\/h3>\n<p>Colored bed linen made of long-staple cotton can be washed up to 60\u00b0, white up to 95\u00b0. As with all materials, the same applies to long-staple cotton: it will last longer if washed at a lower temperature.  What the material does not like are detergents with optical brighteners, they bleach the colors strongly and the fabric becomes light. Creasing: Long-staple cotton likes sufficient residual moisture. Do not pack the machine too full so that the fabric can move, do not spin the laundry too hard or for too long. If you want to iron it, iron the items on the cotton setting of your iron when they are still a little damp.   <\/p>\n<\/div>\n","protected":false},"excerpt":{"rendered":"<p data-start=\"0\" data-end=\"413\">The <strong data-start=\"4\" data-end=\"46\">400TC Percal fitted sheet from Peter Reed<\/strong> stands for British craftsmanship and luxurious sleeping comfort. Made from 100% finest, long-staple Egyptian cotton, it impresses with its smooth, cool feel and high durability. With a thread density of 400 TC (Five Row Cord), it offers the perfect balance of elegance, freshness and durability &#8211; ideal for a perfectly made bed.Each fitted sheet is made to measure in Lancashire, England &#8211; with the highest precision and using traditional weaving techniques. The result: a fine, breathable fitted sheet that impresses with its timeless quality and British elegance. Natural. High quality. Handmade in England &#8211; for royal sleeping comfort, night after night.      <\/p>\n","protected":false},"featured_media":49474,"comment_status":"open","ping_status":"closed","template":"","meta":{"_acf_changed":false},"product_brand":[4811,4813],"product_cat":[3728,4285],"product_tag":[4287],"class_list":{"0":"post-125785","1":"product","2":"type-product","3":"status-publish","4":"has-post-thumbnail","6":"product_brand-peter-reed","7":"product_brand-peter-reed-fitted-sheets","8":"product_cat-bedroom","9":"product_cat-cotton-bed-linen","10":"product_tag-egyptian-cotton","12":"first","13":"instock","14":"taxable","15":"shipping-taxable","16":"purchasable","17":"product-type-variable"},"acf":[],"yoast_head":"<!-- This site is optimized with the Yoast SEO Premium plugin v27.4 (Yoast SEO v27.4) - https:\/\/yoast.com\/product\/yoast-seo-premium-wordpress\/ -->\n<title>400TC Percal fitted sheet from Peter Reed - Linen Lounge<\/title>\n<meta name=\"description\" content=\"400TC Percal fitted sheet from Peter Reed \u2713 Five Row Cord fitted sheet \u2713 Extra dense, silky smooth \u2713 8 sizes \u25ba Order now\" \/>\n<meta name=\"robots\" content=\"index, follow, max-snippet:-1, max-image-preview:large, max-video-preview:-1\" \/>\n<link rel=\"canonical\" href=\"https:\/\/linen.eu\/en\/produkt\/400tc-percal-fitted-sheet-from-peter-reed\/\" \/>\n<meta property=\"og:locale\" content=\"en_US\" \/>\n<meta property=\"og:type\" content=\"article\" \/>\n<meta property=\"og:title\" content=\"400TC Percal fitted sheet from Peter Reed\" \/>\n<meta property=\"og:description\" content=\"400TC Percal fitted sheet from Peter Reed \u2713 Five Row Cord fitted sheet \u2713 Extra dense, silky smooth \u2713 8 sizes \u25ba Order now\" \/>\n<meta property=\"og:url\" content=\"https:\/\/linen.eu\/en\/produkt\/400tc-percal-fitted-sheet-from-peter-reed\/\" \/>\n<meta property=\"og:site_name\" content=\"Linen.eu\" \/>\n<meta property=\"article:publisher\" content=\"https:\/\/linen.eu\" \/>\n<meta property=\"article:modified_time\" content=\"2026-04-11T21:04:53+00:00\" \/>\n<meta property=\"og:image\" content=\"https:\/\/linen.eu\/wp-content\/uploads\/2025\/10\/bedlinen-white-009.jpg\" \/>\n\t<meta property=\"og:image:width\" content=\"800\" \/>\n\t<meta property=\"og:image:height\" content=\"1200\" \/>\n\t<meta property=\"og:image:type\" content=\"image\/jpeg\" \/>\n<meta name=\"twitter:card\" content=\"summary_large_image\" \/>\n<meta name=\"twitter:site\" content=\"@linenlounge\" \/>\n<meta name=\"twitter:label1\" content=\"Availability\" \/>\n\t<meta name=\"twitter:data1\" content=\"In stock\" \/>\n<script type=\"application\/ld+json\" class=\"yoast-schema-graph\">{\"@context\":\"https:\\\/\\\/schema.org\",\"@graph\":[{\"@type\":\"WebPage\",\"@id\":\"https:\\\/\\\/linen.eu\\\/en\\\/produkt\\\/400tc-percal-fitted-sheet-from-peter-reed\\\/\",\"url\":\"https:\\\/\\\/linen.eu\\\/en\\\/produkt\\\/400tc-percal-fitted-sheet-from-peter-reed\\\/\",\"name\":\"400TC Percal fitted sheet from Peter Reed - Linen Lounge\",\"isPartOf\":{\"@id\":\"https:\\\/\\\/linen.eu\\\/en\\\/#website\"},\"primaryImageOfPage\":{\"@id\":\"https:\\\/\\\/linen.eu\\\/en\\\/produkt\\\/400tc-percal-fitted-sheet-from-peter-reed\\\/#primaryimage\"},\"image\":{\"@id\":\"https:\\\/\\\/linen.eu\\\/en\\\/produkt\\\/400tc-percal-fitted-sheet-from-peter-reed\\\/#primaryimage\"},\"thumbnailUrl\":\"https:\\\/\\\/linen.eu\\\/wp-content\\\/uploads\\\/2025\\\/10\\\/bedlinen-white-009.jpg\",\"datePublished\":\"2025-10-06T16:36:39+00:00\",\"dateModified\":\"2026-04-11T21:04:53+00:00\",\"description\":\"400TC Percal fitted sheet from Peter Reed \u2713 Five Row Cord fitted sheet \u2713 Extra dense, silky smooth \u2713 8 sizes \u25ba Order now\",\"breadcrumb\":{\"@id\":\"https:\\\/\\\/linen.eu\\\/en\\\/produkt\\\/400tc-percal-fitted-sheet-from-peter-reed\\\/#breadcrumb\"},\"inLanguage\":\"en-US\",\"potentialAction\":[{\"@type\":\"ReadAction\",\"target\":[\"https:\\\/\\\/linen.eu\\\/en\\\/produkt\\\/400tc-percal-fitted-sheet-from-peter-reed\\\/\"]}]},{\"@type\":\"ImageObject\",\"inLanguage\":\"en-US\",\"@id\":\"https:\\\/\\\/linen.eu\\\/en\\\/produkt\\\/400tc-percal-fitted-sheet-from-peter-reed\\\/#primaryimage\",\"url\":\"https:\\\/\\\/linen.eu\\\/wp-content\\\/uploads\\\/2025\\\/10\\\/bedlinen-white-009.jpg\",\"contentUrl\":\"https:\\\/\\\/linen.eu\\\/wp-content\\\/uploads\\\/2025\\\/10\\\/bedlinen-white-009.jpg\",\"width\":800,\"height\":1200,\"caption\":\"Zwei wei\u00dfe Kleidungsst\u00fccke, darunter ein Hemd, h\u00e4ngen an einer W\u00e4scheleine im Freien mit gr\u00fcnen B\u00e4umen und Sonnenlicht im Hintergrund.\"},{\"@type\":\"BreadcrumbList\",\"@id\":\"https:\\\/\\\/linen.eu\\\/en\\\/produkt\\\/400tc-percal-fitted-sheet-from-peter-reed\\\/#breadcrumb\",\"itemListElement\":[{\"@type\":\"ListItem\",\"position\":1,\"name\":\"Startseite\",\"item\":\"https:\\\/\\\/linen.eu\\\/en\\\/home\\\/\"},{\"@type\":\"ListItem\",\"position\":2,\"name\":\"Shop\",\"item\":\"https:\\\/\\\/linen.eu\\\/en\\\/shop\\\/\"},{\"@type\":\"ListItem\",\"position\":3,\"name\":\"400TC Percal fitted sheet from Peter Reed\"}]},{\"@type\":\"WebSite\",\"@id\":\"https:\\\/\\\/linen.eu\\\/en\\\/#website\",\"url\":\"https:\\\/\\\/linen.eu\\\/en\\\/\",\"name\":\"Linen Lounge\",\"description\":\"\",\"publisher\":{\"@id\":\"https:\\\/\\\/linen.eu\\\/en\\\/#organization\"},\"potentialAction\":[{\"@type\":\"SearchAction\",\"target\":{\"@type\":\"EntryPoint\",\"urlTemplate\":\"https:\\\/\\\/linen.eu\\\/en\\\/?s={search_term_string}\"},\"query-input\":{\"@type\":\"PropertyValueSpecification\",\"valueRequired\":true,\"valueName\":\"search_term_string\"}}],\"inLanguage\":\"en-US\"},{\"@type\":\"Organization\",\"@id\":\"https:\\\/\\\/linen.eu\\\/en\\\/#organization\",\"name\":\"Linen Lounge\",\"alternateName\":\"linen.eu\",\"url\":\"https:\\\/\\\/linen.eu\\\/en\\\/\",\"logo\":{\"@type\":\"ImageObject\",\"inLanguage\":\"en-US\",\"@id\":\"https:\\\/\\\/linen.eu\\\/en\\\/#\\\/schema\\\/logo\\\/image\\\/\",\"url\":\"https:\\\/\\\/linen.eu\\\/wp-content\\\/uploads\\\/2025\\\/10\\\/LinenLounge-NEU2.webp\",\"contentUrl\":\"https:\\\/\\\/linen.eu\\\/wp-content\\\/uploads\\\/2025\\\/10\\\/LinenLounge-NEU2.webp\",\"width\":1800,\"height\":455,\"caption\":\"Linen Lounge\"},\"image\":{\"@id\":\"https:\\\/\\\/linen.eu\\\/en\\\/#\\\/schema\\\/logo\\\/image\\\/\"},\"sameAs\":[\"https:\\\/\\\/linen.eu\",\"https:\\\/\\\/x.com\\\/linenlounge\",\"https:\\\/\\\/www.instagram.com\\\/linen.lounge?igsh=MW81aGhiY2VxZGRpMw==&utm_source=qr\",\"http:\\\/\\\/www.youtube.com\\\/@Linenlounge\"],\"description\":\"Online Fachhandel f\u00fcr europ\u00e4ische Leinen-Bettw\u00e4sche und Heimtextilien aus traditionellen Webereien wie Leitner Leinen, Schlitzer Leinen, Libeco, Vieb\u00f6ck und Hoffmann.\",\"email\":\"info@linen.eu\",\"telephone\":\"+49 (0) 69 90738860\",\"legalName\":\"Linen UG (haftungsbeschr\u00e4nkt)\",\"foundingDate\":\"2015-04-08\",\"numberOfEmployees\":{\"@type\":\"QuantitativeValue\",\"minValue\":\"1\",\"maxValue\":\"10\"}}]}<\/script>\n<meta property=\"product:brand\" content=\"Peter Reed \u2013 British Luxury and Elegance\" \/>\n<meta property=\"og:availability\" content=\"instock\" \/>\n<meta property=\"product:availability\" content=\"instock\" \/>\n<meta property=\"product:retailer_item_id\" content=\"117271430210\" \/>\n<meta property=\"product:condition\" content=\"new\" \/>\n<!-- \/ Yoast SEO Premium plugin. -->","yoast_head_json":{"title":"400TC Percal fitted sheet from Peter Reed - Linen Lounge","description":"400TC Percal fitted sheet from Peter Reed \u2713 Five Row Cord fitted sheet \u2713 Extra dense, silky smooth \u2713 8 sizes \u25ba Order now","robots":{"index":"index","follow":"follow","max-snippet":"max-snippet:-1","max-image-preview":"max-image-preview:large","max-video-preview":"max-video-preview:-1"},"canonical":"https:\/\/linen.eu\/en\/produkt\/400tc-percal-fitted-sheet-from-peter-reed\/","og_locale":"en_US","og_type":"article","og_title":"400TC Percal fitted sheet from Peter Reed","og_description":"400TC Percal fitted sheet from Peter Reed \u2713 Five Row Cord fitted sheet \u2713 Extra dense, silky smooth \u2713 8 sizes \u25ba Order now","og_url":"https:\/\/linen.eu\/en\/produkt\/400tc-percal-fitted-sheet-from-peter-reed\/","og_site_name":"Linen.eu","article_publisher":"https:\/\/linen.eu","article_modified_time":"2026-04-11T21:04:53+00:00","og_image":[{"width":800,"height":1200,"url":"https:\/\/linen.eu\/wp-content\/uploads\/2025\/10\/bedlinen-white-009.jpg","type":"image\/jpeg"}],"twitter_card":"summary_large_image","twitter_site":"@linenlounge","twitter_misc":{"Availability":"In stock"},"schema":{"@context":"https:\/\/schema.org","@graph":[{"@type":"WebPage","@id":"https:\/\/linen.eu\/en\/produkt\/400tc-percal-fitted-sheet-from-peter-reed\/","url":"https:\/\/linen.eu\/en\/produkt\/400tc-percal-fitted-sheet-from-peter-reed\/","name":"400TC Percal fitted sheet from Peter Reed - Linen Lounge","isPartOf":{"@id":"https:\/\/linen.eu\/en\/#website"},"primaryImageOfPage":{"@id":"https:\/\/linen.eu\/en\/produkt\/400tc-percal-fitted-sheet-from-peter-reed\/#primaryimage"},"image":{"@id":"https:\/\/linen.eu\/en\/produkt\/400tc-percal-fitted-sheet-from-peter-reed\/#primaryimage"},"thumbnailUrl":"https:\/\/linen.eu\/wp-content\/uploads\/2025\/10\/bedlinen-white-009.jpg","datePublished":"2025-10-06T16:36:39+00:00","dateModified":"2026-04-11T21:04:53+00:00","description":"400TC Percal fitted sheet from Peter Reed \u2713 Five Row Cord fitted sheet \u2713 Extra dense, silky smooth \u2713 8 sizes \u25ba Order now","breadcrumb":{"@id":"https:\/\/linen.eu\/en\/produkt\/400tc-percal-fitted-sheet-from-peter-reed\/#breadcrumb"},"inLanguage":"en-US","potentialAction":[{"@type":"ReadAction","target":["https:\/\/linen.eu\/en\/produkt\/400tc-percal-fitted-sheet-from-peter-reed\/"]}]},{"@type":"ImageObject","inLanguage":"en-US","@id":"https:\/\/linen.eu\/en\/produkt\/400tc-percal-fitted-sheet-from-peter-reed\/#primaryimage","url":"https:\/\/linen.eu\/wp-content\/uploads\/2025\/10\/bedlinen-white-009.jpg","contentUrl":"https:\/\/linen.eu\/wp-content\/uploads\/2025\/10\/bedlinen-white-009.jpg","width":800,"height":1200,"caption":"Zwei wei\u00dfe Kleidungsst\u00fccke, darunter ein Hemd, h\u00e4ngen an einer W\u00e4scheleine im Freien mit gr\u00fcnen B\u00e4umen und Sonnenlicht im Hintergrund."},{"@type":"BreadcrumbList","@id":"https:\/\/linen.eu\/en\/produkt\/400tc-percal-fitted-sheet-from-peter-reed\/#breadcrumb","itemListElement":[{"@type":"ListItem","position":1,"name":"Startseite","item":"https:\/\/linen.eu\/en\/home\/"},{"@type":"ListItem","position":2,"name":"Shop","item":"https:\/\/linen.eu\/en\/shop\/"},{"@type":"ListItem","position":3,"name":"400TC Percal fitted sheet from Peter Reed"}]},{"@type":"WebSite","@id":"https:\/\/linen.eu\/en\/#website","url":"https:\/\/linen.eu\/en\/","name":"Linen Lounge","description":"","publisher":{"@id":"https:\/\/linen.eu\/en\/#organization"},"potentialAction":[{"@type":"SearchAction","target":{"@type":"EntryPoint","urlTemplate":"https:\/\/linen.eu\/en\/?s={search_term_string}"},"query-input":{"@type":"PropertyValueSpecification","valueRequired":true,"valueName":"search_term_string"}}],"inLanguage":"en-US"},{"@type":"Organization","@id":"https:\/\/linen.eu\/en\/#organization","name":"Linen Lounge","alternateName":"linen.eu","url":"https:\/\/linen.eu\/en\/","logo":{"@type":"ImageObject","inLanguage":"en-US","@id":"https:\/\/linen.eu\/en\/#\/schema\/logo\/image\/","url":"https:\/\/linen.eu\/wp-content\/uploads\/2025\/10\/LinenLounge-NEU2.webp","contentUrl":"https:\/\/linen.eu\/wp-content\/uploads\/2025\/10\/LinenLounge-NEU2.webp","width":1800,"height":455,"caption":"Linen Lounge"},"image":{"@id":"https:\/\/linen.eu\/en\/#\/schema\/logo\/image\/"},"sameAs":["https:\/\/linen.eu","https:\/\/x.com\/linenlounge","https:\/\/www.instagram.com\/linen.lounge?igsh=MW81aGhiY2VxZGRpMw==&utm_source=qr","http:\/\/www.youtube.com\/@Linenlounge"],"description":"Online Fachhandel f\u00fcr europ\u00e4ische Leinen-Bettw\u00e4sche und Heimtextilien aus traditionellen Webereien wie Leitner Leinen, Schlitzer Leinen, Libeco, Vieb\u00f6ck und Hoffmann.","email":"info@linen.eu","telephone":"+49 (0) 69 90738860","legalName":"Linen UG (haftungsbeschr\u00e4nkt)","foundingDate":"2015-04-08","numberOfEmployees":{"@type":"QuantitativeValue","minValue":"1","maxValue":"10"}}]},"product_brand":"Peter Reed \u2013 British Luxury and Elegance","og_availability":"instock","product_availability":"instock","product_retailer_item_id":"117271430210","product_condition":"new"},"_links":{"self":[{"href":"https:\/\/linen.eu\/en\/wp-json\/wp\/v2\/product\/125785","targetHints":{"allow":["GET"]}}],"collection":[{"href":"https:\/\/linen.eu\/en\/wp-json\/wp\/v2\/product"}],"about":[{"href":"https:\/\/linen.eu\/en\/wp-json\/wp\/v2\/types\/product"}],"replies":[{"embeddable":true,"href":"https:\/\/linen.eu\/en\/wp-json\/wp\/v2\/comments?post=125785"}],"wp:featuredmedia":[{"embeddable":true,"href":"https:\/\/linen.eu\/en\/wp-json\/wp\/v2\/media\/49474"}],"wp:attachment":[{"href":"https:\/\/linen.eu\/en\/wp-json\/wp\/v2\/media?parent=125785"}],"wp:term":[{"taxonomy":"product_brand","embeddable":true,"href":"https:\/\/linen.eu\/en\/wp-json\/wp\/v2\/product_brand?post=125785"},{"taxonomy":"product_cat","embeddable":true,"href":"https:\/\/linen.eu\/en\/wp-json\/wp\/v2\/product_cat?post=125785"},{"taxonomy":"product_tag","embeddable":true,"href":"https:\/\/linen.eu\/en\/wp-json\/wp\/v2\/product_tag?post=125785"}],"curies":[{"name":"wp","href":"https:\/\/api.w.org\/{rel}","templated":true}]}}