{"id":125828,"date":"2025-09-20T16:02:07","date_gmt":"2025-09-20T14:02:07","guid":{"rendered":"https:\/\/linen.eu\/produkt\/notting-hill-linen-fitted-sheet-from-libeco\/"},"modified":"2026-04-12T00:08:52","modified_gmt":"2026-04-11T22:08:52","slug":"notting-hill-linen-fitted-sheet-from-libeco","status":"publish","type":"product","link":"https:\/\/linen.eu\/en\/produkt\/notting-hill-linen-fitted-sheet-from-libeco\/","title":{"rendered":"Notting Hill linen fitted sheet from Libeco"},"content":{"rendered":"<h2 class=\"h3 product-detail-description-title\">&#8220;Notting Hill linen fitted sheet from Libeco&#8221;<\/h2>\n<div class=\"product-detail-description-text\">\n<p>Notting Hill linen fitted sheet from Libeco. Bed sheet and fitted sheet in warm chocolate brown. Made from heavy, washed linen. Linen bed linen creates a wonderful sleeping experience. Linen is also a true champion when it comes to protecting the environment and sustainable development. The Notting Hill collection raises the bar even higher. Certified by the environmental institute GOTS, Libeco produces this collection in the most environmentally friendly and socially responsible way possible.      <\/p>\n<\/div>\n<div class=\"product-detail-description-text\">\n<p><b>European linen<\/b><\/p>\n<p>Linen bed linen allows the skin to breathe better. When it comes to our skin, linen is the perfect fabric. Due to its long, smooth fibers, linen absorbs a lot of moisture and repels dirt. Linen is an intelligent fabric because linen balances out temperatures. Linen keeps you pleasantly cool in summer and cozy and warm in winter. The long linen fibers ensure that linen bed linen stays fresh for much longer. The linen fabric has been treated purely mechanically and is therefore very soft and skin-friendly. Linen treated in this way creases less and retains the naturalness and all the advantages of linen. Libeco is convinced of organic linen and unconditional sustainability in all stages of production, so the creation of certified linen bed linen according to the GOTS standard in the collection was a logical next step.        <\/p>\n<h3>The Weaving Mill<\/h3>\n<p data-prosemirror-content-type=\"node\" data-prosemirror-node-name=\"paragraph\" data-prosemirror-node-block=\"true\" data-pm-slice=\"1 1 []\">In 2006, <a href=\"https:\/\/linen.eu\/brand\/libeco\/\" data-prosemirror-content-type=\"mark\" data-prosemirror-mark-name=\"link\">Libeco<\/a> received a knighthood from the Belgian royal family: &#8220;Belgian Royal Warrant Holder&#8221; is the impressive recognition of the quality of this bed linen. The &#8220;Belgian Linen&#8221; seal of quality is a guarantee of a quality product in accordance with all the rules of sustainable management. All Libeco fabrics bear the coveted &#8220;Masters of Linen&#8221; label. This guarantees that the fabrics have been tested to meet the extremely high requirements of this master class and that they are manufactured exclusively in Europe.    &#8220;Eco Line&#8221; and &#8220;Oeko-Tex&#8221; give you the assurance that Libeco fabrics are free from harmful substances and that they have not been treated, bleached or dyed with chemicals.<\/p>\n<p>We also recommend the bed linen covers from Libeco and the comforters and pillows from Hefel<\/p>\n<h3>The product: Notting Hill linen fitted sheet from <a href=\"https:\/\/linen.eu\/en\/linen-weaving-mills\/libeco\/\" data-prosemirror-content-type=\"mark\" data-prosemirror-mark-name=\"link\">Libeco<\/a><\/h3>\n<p>\u2713 Also available as comforter cover and pillow,<br \/>\n\u2713 100% washed linen. 175 g\/m\u00b2, CO\u2082 neutral production<br \/>\n\u2713 Bed sheet and fitted sheet<br \/>\n\u2713 Thread count: Nm 26<br \/>\n\u2713 Colors: chocolate brown<br \/>\n\u2713 Masters of Linen quality<br \/>\n\u2713 We manufacture the listed sizes in the specified delivery period. Other individual special sizes can be produced on request.<br \/>\n\u2713 Made in Belgium.<\/p>\n<h3>Care Instructions<\/h3>\n<p>Colored linen can be washed up to 60\u00b0, white up to 95\u00b0. As with all materials, linen will last longer if washed at a lower temperature. What linen does not tolerate are detergents with optical brighteners, they bleach out the natural colors and the fabric becomes light Wrinkling: Linen needs sufficient residual moisture so that it does not wrinkle so much. Do not overload the machine so that the fabric can move, do not spin linen too hard or for too long. If you want to iron linen, iron the items on the hot temperature setting of your iron when they are still a little damp.    <\/p>\n<\/div>\n","protected":false},"excerpt":{"rendered":"<p><strong data-start=\"116\" data-end=\"170\">Notting Hill linen fitted sheet from Libeco<\/strong><br data-start=\"170\" data-end=\"173\">Natural, pure and sustainable: the <strong>Notting Hill fitted sheet<\/strong> is undyed and presents itself in its most beautiful form &#8211; simple, elegant and timeless. Made from 100% washed organic linen (175 g\/m\u00b2), it offers all the benefits of this fine natural material: breathable, temperature-regulating, durable and particularly skin-friendly. Certified according to <strong data-start=\"527\" data-end=\"535\">GOTS<\/strong>, CO\u2082-neutral production and awarded the <strong data-start=\"593\" data-end=\"613\" data-is-only-node=\"\">Masters of Linen<\/strong> label. A piece of real sustainability, made in Belgium.   <\/p>\n","protected":false},"featured_media":47277,"comment_status":"open","ping_status":"closed","template":"","meta":{"_acf_changed":false},"product_brand":[4801,4808],"product_cat":[3482,3728,4253],"product_tag":[3639,3640,3641,3750,4192],"class_list":{"0":"post-125828","1":"product","2":"type-product","3":"status-publish","4":"has-post-thumbnail","6":"product_brand-libeco","7":"product_brand-libeco-fitted-sheets","8":"product_cat-linen-bed-sheets","9":"product_cat-bedroom","10":"product_cat-linen-fitted-sheets","11":"product_tag-organic-linen","12":"product_tag-all-year","13":"product_tag-linen","14":"product_tag-gots-certified","15":"product_tag-bed-sheets","17":"first","18":"instock","19":"taxable","20":"shipping-taxable","21":"purchasable","22":"product-type-variable"},"acf":[],"yoast_head":"<!-- This site is optimized with the Yoast SEO Premium plugin v27.4 (Yoast SEO v27.4) - https:\/\/yoast.com\/product\/yoast-seo-premium-wordpress\/ -->\n<title>Notting Hill linen fitted sheet from Libeco - Linen.eu<\/title>\n<meta name=\"description\" content=\"Notting Hill linen fitted sheet from Libeco \u2713 Traditional genuine linen weaving \u2713 Woven and sewn in Belgium\" \/>\n<meta name=\"robots\" content=\"index, follow, max-snippet:-1, max-image-preview:large, max-video-preview:-1\" \/>\n<link rel=\"canonical\" href=\"https:\/\/linen.eu\/en\/produkt\/notting-hill-linen-fitted-sheet-from-libeco\/\" \/>\n<meta property=\"og:locale\" content=\"en_US\" \/>\n<meta property=\"og:type\" content=\"article\" \/>\n<meta property=\"og:title\" content=\"Notting Hill linen fitted sheet from Libeco\" \/>\n<meta property=\"og:description\" content=\"Notting Hill linen fitted sheet from Libeco \u2713 Traditional genuine linen weaving \u2713 Woven and sewn in Belgium\" \/>\n<meta property=\"og:url\" content=\"https:\/\/linen.eu\/en\/produkt\/notting-hill-linen-fitted-sheet-from-libeco\/\" \/>\n<meta property=\"og:site_name\" content=\"Linen.eu\" \/>\n<meta property=\"article:publisher\" content=\"https:\/\/linen.eu\" \/>\n<meta property=\"article:modified_time\" content=\"2026-04-11T22:08:52+00:00\" \/>\n<meta property=\"og:image\" content=\"https:\/\/linen.eu\/wp-content\/uploads\/2025\/09\/Notting-Hill-2011-14aanp.jpg\" \/>\n\t<meta property=\"og:image:width\" content=\"800\" \/>\n\t<meta property=\"og:image:height\" content=\"533\" \/>\n\t<meta property=\"og:image:type\" content=\"image\/jpeg\" \/>\n<meta name=\"twitter:card\" content=\"summary_large_image\" \/>\n<meta name=\"twitter:site\" content=\"@linenlounge\" \/>\n<meta name=\"twitter:label1\" content=\"Availability\" \/>\n\t<meta name=\"twitter:data1\" content=\"In stock\" \/>\n<script type=\"application\/ld+json\" class=\"yoast-schema-graph\">{\"@context\":\"https:\\\/\\\/schema.org\",\"@graph\":[{\"@type\":\"WebPage\",\"@id\":\"https:\\\/\\\/linen.eu\\\/en\\\/produkt\\\/notting-hill-linen-fitted-sheet-from-libeco\\\/\",\"url\":\"https:\\\/\\\/linen.eu\\\/en\\\/produkt\\\/notting-hill-linen-fitted-sheet-from-libeco\\\/\",\"name\":\"Notting Hill linen fitted sheet from Libeco - Linen.eu\",\"isPartOf\":{\"@id\":\"https:\\\/\\\/linen.eu\\\/en\\\/#website\"},\"primaryImageOfPage\":{\"@id\":\"https:\\\/\\\/linen.eu\\\/en\\\/produkt\\\/notting-hill-linen-fitted-sheet-from-libeco\\\/#primaryimage\"},\"image\":{\"@id\":\"https:\\\/\\\/linen.eu\\\/en\\\/produkt\\\/notting-hill-linen-fitted-sheet-from-libeco\\\/#primaryimage\"},\"thumbnailUrl\":\"https:\\\/\\\/linen.eu\\\/wp-content\\\/uploads\\\/2025\\\/09\\\/Notting-Hill-2011-14aanp.jpg\",\"datePublished\":\"2025-09-20T14:02:07+00:00\",\"dateModified\":\"2026-04-11T22:08:52+00:00\",\"description\":\"Notting Hill linen fitted sheet from Libeco \u2713 Traditional genuine linen weaving \u2713 Woven and sewn in Belgium\",\"breadcrumb\":{\"@id\":\"https:\\\/\\\/linen.eu\\\/en\\\/produkt\\\/notting-hill-linen-fitted-sheet-from-libeco\\\/#breadcrumb\"},\"inLanguage\":\"en-US\",\"potentialAction\":[{\"@type\":\"ReadAction\",\"target\":[\"https:\\\/\\\/linen.eu\\\/en\\\/produkt\\\/notting-hill-linen-fitted-sheet-from-libeco\\\/\"]}]},{\"@type\":\"ImageObject\",\"inLanguage\":\"en-US\",\"@id\":\"https:\\\/\\\/linen.eu\\\/en\\\/produkt\\\/notting-hill-linen-fitted-sheet-from-libeco\\\/#primaryimage\",\"url\":\"https:\\\/\\\/linen.eu\\\/wp-content\\\/uploads\\\/2025\\\/09\\\/Notting-Hill-2011-14aanp.jpg\",\"contentUrl\":\"https:\\\/\\\/linen.eu\\\/wp-content\\\/uploads\\\/2025\\\/09\\\/Notting-Hill-2011-14aanp.jpg\",\"width\":800,\"height\":533,\"caption\":\"Eine Frau, die auf einem Bett sitzt und eine Decke \u00fcber dem Kopf hat.\"},{\"@type\":\"BreadcrumbList\",\"@id\":\"https:\\\/\\\/linen.eu\\\/en\\\/produkt\\\/notting-hill-linen-fitted-sheet-from-libeco\\\/#breadcrumb\",\"itemListElement\":[{\"@type\":\"ListItem\",\"position\":1,\"name\":\"Startseite\",\"item\":\"https:\\\/\\\/linen.eu\\\/en\\\/home\\\/\"},{\"@type\":\"ListItem\",\"position\":2,\"name\":\"Shop\",\"item\":\"https:\\\/\\\/linen.eu\\\/en\\\/shop\\\/\"},{\"@type\":\"ListItem\",\"position\":3,\"name\":\"Notting Hill linen fitted sheet from Libeco\"}]},{\"@type\":\"WebSite\",\"@id\":\"https:\\\/\\\/linen.eu\\\/en\\\/#website\",\"url\":\"https:\\\/\\\/linen.eu\\\/en\\\/\",\"name\":\"Linen.eu\",\"description\":\"\",\"publisher\":{\"@id\":\"https:\\\/\\\/linen.eu\\\/en\\\/#organization\"},\"potentialAction\":[{\"@type\":\"SearchAction\",\"target\":{\"@type\":\"EntryPoint\",\"urlTemplate\":\"https:\\\/\\\/linen.eu\\\/en\\\/?s={search_term_string}\"},\"query-input\":{\"@type\":\"PropertyValueSpecification\",\"valueRequired\":true,\"valueName\":\"search_term_string\"}}],\"inLanguage\":\"en-US\"},{\"@type\":\"Organization\",\"@id\":\"https:\\\/\\\/linen.eu\\\/en\\\/#organization\",\"name\":\"Linen Lounge\",\"alternateName\":\"linen.eu\",\"url\":\"https:\\\/\\\/linen.eu\\\/en\\\/\",\"logo\":{\"@type\":\"ImageObject\",\"inLanguage\":\"en-US\",\"@id\":\"https:\\\/\\\/linen.eu\\\/en\\\/#\\\/schema\\\/logo\\\/image\\\/\",\"url\":\"https:\\\/\\\/linen.eu\\\/wp-content\\\/uploads\\\/2025\\\/10\\\/LinenLounge-NEU2.webp\",\"contentUrl\":\"https:\\\/\\\/linen.eu\\\/wp-content\\\/uploads\\\/2025\\\/10\\\/LinenLounge-NEU2.webp\",\"width\":1800,\"height\":455,\"caption\":\"Linen Lounge\"},\"image\":{\"@id\":\"https:\\\/\\\/linen.eu\\\/en\\\/#\\\/schema\\\/logo\\\/image\\\/\"},\"sameAs\":[\"https:\\\/\\\/linen.eu\",\"https:\\\/\\\/x.com\\\/linenlounge\",\"https:\\\/\\\/www.instagram.com\\\/linen.lounge?igsh=MW81aGhiY2VxZGRpMw==&utm_source=qr\",\"http:\\\/\\\/www.youtube.com\\\/@Linenlounge\"],\"description\":\"Online Fachhandel f\u00fcr europ\u00e4ische Leinen-Bettw\u00e4sche und Heimtextilien aus traditionellen Webereien wie Leitner Leinen, Schlitzer Leinen, Libeco, Vieb\u00f6ck und Hoffmann.\",\"email\":\"info@linen.eu\",\"telephone\":\"+49 (0) 69 90738860\",\"legalName\":\"Linen UG (haftungsbeschr\u00e4nkt)\",\"foundingDate\":\"2015-04-08\",\"numberOfEmployees\":{\"@type\":\"QuantitativeValue\",\"minValue\":\"1\",\"maxValue\":\"10\"}}]}<\/script>\n<meta property=\"product:brand\" content=\"Libeco\" \/>\n<meta property=\"og:availability\" content=\"instock\" \/>\n<meta property=\"product:availability\" content=\"instock\" \/>\n<meta property=\"product:condition\" content=\"new\" \/>\n<!-- \/ Yoast SEO Premium plugin. -->","yoast_head_json":{"title":"Notting Hill linen fitted sheet from Libeco - Linen.eu","description":"Notting Hill linen fitted sheet from Libeco \u2713 Traditional genuine linen weaving \u2713 Woven and sewn in Belgium","robots":{"index":"index","follow":"follow","max-snippet":"max-snippet:-1","max-image-preview":"max-image-preview:large","max-video-preview":"max-video-preview:-1"},"canonical":"https:\/\/linen.eu\/en\/produkt\/notting-hill-linen-fitted-sheet-from-libeco\/","og_locale":"en_US","og_type":"article","og_title":"Notting Hill linen fitted sheet from Libeco","og_description":"Notting Hill linen fitted sheet from Libeco \u2713 Traditional genuine linen weaving \u2713 Woven and sewn in Belgium","og_url":"https:\/\/linen.eu\/en\/produkt\/notting-hill-linen-fitted-sheet-from-libeco\/","og_site_name":"Linen.eu","article_publisher":"https:\/\/linen.eu","article_modified_time":"2026-04-11T22:08:52+00:00","og_image":[{"width":800,"height":533,"url":"https:\/\/linen.eu\/wp-content\/uploads\/2025\/09\/Notting-Hill-2011-14aanp.jpg","type":"image\/jpeg"}],"twitter_card":"summary_large_image","twitter_site":"@linenlounge","twitter_misc":{"Availability":"In stock"},"schema":{"@context":"https:\/\/schema.org","@graph":[{"@type":"WebPage","@id":"https:\/\/linen.eu\/en\/produkt\/notting-hill-linen-fitted-sheet-from-libeco\/","url":"https:\/\/linen.eu\/en\/produkt\/notting-hill-linen-fitted-sheet-from-libeco\/","name":"Notting Hill linen fitted sheet from Libeco - Linen.eu","isPartOf":{"@id":"https:\/\/linen.eu\/en\/#website"},"primaryImageOfPage":{"@id":"https:\/\/linen.eu\/en\/produkt\/notting-hill-linen-fitted-sheet-from-libeco\/#primaryimage"},"image":{"@id":"https:\/\/linen.eu\/en\/produkt\/notting-hill-linen-fitted-sheet-from-libeco\/#primaryimage"},"thumbnailUrl":"https:\/\/linen.eu\/wp-content\/uploads\/2025\/09\/Notting-Hill-2011-14aanp.jpg","datePublished":"2025-09-20T14:02:07+00:00","dateModified":"2026-04-11T22:08:52+00:00","description":"Notting Hill linen fitted sheet from Libeco \u2713 Traditional genuine linen weaving \u2713 Woven and sewn in Belgium","breadcrumb":{"@id":"https:\/\/linen.eu\/en\/produkt\/notting-hill-linen-fitted-sheet-from-libeco\/#breadcrumb"},"inLanguage":"en-US","potentialAction":[{"@type":"ReadAction","target":["https:\/\/linen.eu\/en\/produkt\/notting-hill-linen-fitted-sheet-from-libeco\/"]}]},{"@type":"ImageObject","inLanguage":"en-US","@id":"https:\/\/linen.eu\/en\/produkt\/notting-hill-linen-fitted-sheet-from-libeco\/#primaryimage","url":"https:\/\/linen.eu\/wp-content\/uploads\/2025\/09\/Notting-Hill-2011-14aanp.jpg","contentUrl":"https:\/\/linen.eu\/wp-content\/uploads\/2025\/09\/Notting-Hill-2011-14aanp.jpg","width":800,"height":533,"caption":"Eine Frau, die auf einem Bett sitzt und eine Decke \u00fcber dem Kopf hat."},{"@type":"BreadcrumbList","@id":"https:\/\/linen.eu\/en\/produkt\/notting-hill-linen-fitted-sheet-from-libeco\/#breadcrumb","itemListElement":[{"@type":"ListItem","position":1,"name":"Startseite","item":"https:\/\/linen.eu\/en\/home\/"},{"@type":"ListItem","position":2,"name":"Shop","item":"https:\/\/linen.eu\/en\/shop\/"},{"@type":"ListItem","position":3,"name":"Notting Hill linen fitted sheet from Libeco"}]},{"@type":"WebSite","@id":"https:\/\/linen.eu\/en\/#website","url":"https:\/\/linen.eu\/en\/","name":"Linen.eu","description":"","publisher":{"@id":"https:\/\/linen.eu\/en\/#organization"},"potentialAction":[{"@type":"SearchAction","target":{"@type":"EntryPoint","urlTemplate":"https:\/\/linen.eu\/en\/?s={search_term_string}"},"query-input":{"@type":"PropertyValueSpecification","valueRequired":true,"valueName":"search_term_string"}}],"inLanguage":"en-US"},{"@type":"Organization","@id":"https:\/\/linen.eu\/en\/#organization","name":"Linen Lounge","alternateName":"linen.eu","url":"https:\/\/linen.eu\/en\/","logo":{"@type":"ImageObject","inLanguage":"en-US","@id":"https:\/\/linen.eu\/en\/#\/schema\/logo\/image\/","url":"https:\/\/linen.eu\/wp-content\/uploads\/2025\/10\/LinenLounge-NEU2.webp","contentUrl":"https:\/\/linen.eu\/wp-content\/uploads\/2025\/10\/LinenLounge-NEU2.webp","width":1800,"height":455,"caption":"Linen Lounge"},"image":{"@id":"https:\/\/linen.eu\/en\/#\/schema\/logo\/image\/"},"sameAs":["https:\/\/linen.eu","https:\/\/x.com\/linenlounge","https:\/\/www.instagram.com\/linen.lounge?igsh=MW81aGhiY2VxZGRpMw==&utm_source=qr","http:\/\/www.youtube.com\/@Linenlounge"],"description":"Online Fachhandel f\u00fcr europ\u00e4ische Leinen-Bettw\u00e4sche und Heimtextilien aus traditionellen Webereien wie Leitner Leinen, Schlitzer Leinen, Libeco, Vieb\u00f6ck und Hoffmann.","email":"info@linen.eu","telephone":"+49 (0) 69 90738860","legalName":"Linen UG (haftungsbeschr\u00e4nkt)","foundingDate":"2015-04-08","numberOfEmployees":{"@type":"QuantitativeValue","minValue":"1","maxValue":"10"}}]},"product_brand":"Libeco","og_availability":"instock","product_availability":"instock","product_condition":"new"},"_links":{"self":[{"href":"https:\/\/linen.eu\/en\/wp-json\/wp\/v2\/product\/125828","targetHints":{"allow":["GET"]}}],"collection":[{"href":"https:\/\/linen.eu\/en\/wp-json\/wp\/v2\/product"}],"about":[{"href":"https:\/\/linen.eu\/en\/wp-json\/wp\/v2\/types\/product"}],"replies":[{"embeddable":true,"href":"https:\/\/linen.eu\/en\/wp-json\/wp\/v2\/comments?post=125828"}],"wp:featuredmedia":[{"embeddable":true,"href":"https:\/\/linen.eu\/en\/wp-json\/wp\/v2\/media\/47277"}],"wp:attachment":[{"href":"https:\/\/linen.eu\/en\/wp-json\/wp\/v2\/media?parent=125828"}],"wp:term":[{"taxonomy":"product_brand","embeddable":true,"href":"https:\/\/linen.eu\/en\/wp-json\/wp\/v2\/product_brand?post=125828"},{"taxonomy":"product_cat","embeddable":true,"href":"https:\/\/linen.eu\/en\/wp-json\/wp\/v2\/product_cat?post=125828"},{"taxonomy":"product_tag","embeddable":true,"href":"https:\/\/linen.eu\/en\/wp-json\/wp\/v2\/product_tag?post=125828"}],"curies":[{"name":"wp","href":"https:\/\/api.w.org\/{rel}","templated":true}]}}