{"id":125831,"date":"2025-10-07T13:31:34","date_gmt":"2025-10-07T11:31:34","guid":{"rendered":"https:\/\/linen.eu\/produkt\/sea-island-sateen-fitted-sheet-by-peter-reed\/"},"modified":"2026-04-12T00:12:28","modified_gmt":"2026-04-11T22:12:28","slug":"sea-island-sateen-fitted-sheet-by-peter-reed","status":"publish","type":"product","link":"https:\/\/linen.eu\/en\/produkt\/sea-island-sateen-fitted-sheet-by-peter-reed\/","title":{"rendered":"Sea Island Sateen fitted sheet by Peter Reed"},"content":{"rendered":"<h2 class=\"h3 product-detail-description-title\">&#8220;Sea Island Sateen fitted sheet by Peter Reed&#8221;<\/h2>\n<div class=\"product-detail-description-text\">\n<p>Sea Island 600TC Sateen fitted sheet from Peter Reed. Feel like a queen in bed, like a king with bed linen from the traditional weaving mill Peter Reed from England. Probably the most exclusive and expensive bed linen ever &#8211; made from the rarest cotton fabric in the world. Pure luxury: the Caribbean climate, and presumably also the volcanic soil, ensure that the fibers of Gossypium barbadense grow longer, finer and in greater numbers than those of any other cotton plant. The result is a unique cotton, Sea Island Cotton, from which unique fabrics can be woven.      <span class=\"elementor-cta__description elementor-cta__content-item elementor-content-item\">Our high-quality fitted sheets are the basis for a perfectly made bed &#8211; the Peter Reed sheet combines functionality with natural beauty.<\/span><\/p>\n<h2>The Weaving Mill<\/h2>\n<p>Since 1880, <a href=\"https:\/\/linen.eu\/en\/magazine\/\">Peter Reed<\/a> has been the supplier to the English royal family, as &#8220;Royal Warrant of Appointment to Her Majesty The Queen&#8221;. This title as a manufacturer of bed linen was impressively renewed in January 2008. This is an honor to be very proud of.<br \/>\nPeter Reed has been manufacturing in Lancashire since 1861 and is traditionally synonymous with English excellence and luxury. Peter Reed is one of the few factories to have been operating in the UK for over a century. The founder, Peter William Reed was a farmer in Barley on the slopes of Pendle Hill in Lancashire (where the last known witches lived).    <\/p>\n<h2>The product: Sea Island Sateen fitted sheet by <a href=\"https:\/\/linen.eu\/en\/linen-weaving-mills\/peter-reed\/\">Peter Reed<\/a><\/h2>\n<ul>\n<li>100 % long staple Caribbean cotton<\/li>\n<li>Soft but hard-wearing cloth<\/li>\n<li>Thread density of 600 threads per inch (Sateen)<\/li>\n<li>available as fitted sheet<\/li>\n<li>Bed linen from Peter Reed is always made to measure and is only made to order for customers.<\/li>\n<\/ul>\n<p>The unrivaled long staple length, the fine combing of the cotton, the high thread count and the very special weaving of the edges result in an extremely soft but hard-wearing cloth. Generous hems, cord seams, double topstitching and safety stitching for durability. &#8216;Oxford style&#8217; pillowcases sewn with traditional mitered corners throughout.<br \/>\nThe cotton used to make this Peter Reed bed linen comes directly from the Caribbean. The result is a unique cotton, Sea Island Cotton, from which unique fabrics can be woven. However, the cultivation of this variety is very laborious and the plant is sensitive. The total annual harvest of Gossypium barbadense in the British West Indies is only around 130 bales. This cotton is ideal for use in bed linen as it &#8220;breathes&#8221;, is dust-free and still thrives better with frequent washing and use.       <\/p>\n<h3>Care Instructions<\/h3>\n<p>Colored bed linen made of long-staple cotton can be washed up to 60\u00b0, white up to 95\u00b0. As with all materials, the same applies to long-staple cotton: it will last longer if washed at a lower temperature. What the material does not like are detergents with optical brighteners, they bleach the colors and the fabric becomes light. Creasing: Long-staple cotton likes sufficient residual moisture. Do not pack the machine too full so that the fabric can move, do not spin the laundry too hard or for too long. If you want to iron it, iron the items on the cotton setting of your iron when they are still a little damp.     <\/p>\n<\/div>\n","protected":false},"excerpt":{"rendered":"<p data-start=\"0\" data-end=\"433\">The <strong data-start=\"4\" data-end=\"51\">Sea Island Sateen fitted sheet from Peter Reed<\/strong> stands for luxury in its purest form. Made from 100% Caribbean Sea Island Cotton &#8211; the rarest and most precious cotton in the world &#8211; it combines silky softness with exceptional durability. With a thread density of 600 TC (Sateen), the fitted sheet ensures an incomparably smooth, luxurious feel on the skin and a restful night&#8217;s sleep in a class of its own. Each fitted sheet is made in the traditional <strong data-start=\"482\" data-end=\"496\">Peter Reed<\/strong> weaving mill in Lancashire, England &#8211; made to measure and with the highest level of precision craftsmanship. The result is an exclusive fitted sheet that is second to none in terms of sheen, softness and durability. A masterpiece of British bed culture &#8211; handmade from the finest cotton in the world. For royal sleeping comfort, night after night.      <\/p>\n","protected":false},"featured_media":125832,"comment_status":"open","ping_status":"closed","template":"","meta":{"_acf_changed":false},"product_brand":[4811,4813],"product_cat":[3728,4285],"product_tag":[4287],"class_list":{"0":"post-125831","1":"product","2":"type-product","3":"status-publish","4":"has-post-thumbnail","6":"product_brand-peter-reed","7":"product_brand-peter-reed-fitted-sheets","8":"product_cat-bedroom","9":"product_cat-cotton-bed-linen","10":"product_tag-egyptian-cotton","12":"first","13":"instock","14":"taxable","15":"shipping-taxable","16":"purchasable","17":"product-type-variable"},"acf":[],"yoast_head":"<!-- This site is optimized with the Yoast SEO Premium plugin v27.5 (Yoast SEO v27.5) - https:\/\/yoast.com\/product\/yoast-seo-premium-wordpress\/ -->\n<title>Sea Island Sateen fitted sheet by Peter Reed - Linen Lounge<\/title>\n<meta name=\"description\" content=\"Sea Island 600TC Sateen fitted sheet from Peter Reed \u2713 World&#039;s rarest cotton as fitted sheet \u2713 Caribbean luxury fibre \u25ba Order now\" \/>\n<meta name=\"robots\" content=\"index, follow, max-snippet:-1, max-image-preview:large, max-video-preview:-1\" \/>\n<link rel=\"canonical\" href=\"https:\/\/linen.eu\/en\/produkt\/sea-island-sateen-fitted-sheet-by-peter-reed\/\" \/>\n<meta property=\"og:locale\" content=\"en_US\" \/>\n<meta property=\"og:type\" content=\"article\" \/>\n<meta property=\"og:title\" content=\"Sea Island Sateen fitted sheet by Peter Reed\" \/>\n<meta property=\"og:description\" content=\"Sea Island 600TC Sateen fitted sheet from Peter Reed \u2713 World&#039;s rarest cotton as fitted sheet \u2713 Caribbean luxury fibre \u25ba Order now\" \/>\n<meta property=\"og:url\" content=\"https:\/\/linen.eu\/en\/produkt\/sea-island-sateen-fitted-sheet-by-peter-reed\/\" \/>\n<meta property=\"og:site_name\" content=\"Linen.eu\" \/>\n<meta property=\"article:publisher\" content=\"https:\/\/linen.eu\" \/>\n<meta property=\"article:modified_time\" content=\"2026-04-11T22:12:28+00:00\" \/>\n<meta property=\"og:image\" content=\"https:\/\/linen.eu\/wp-content\/uploads\/2025\/10\/bedlinen-white-007-768x576-1.webp\" \/>\n\t<meta property=\"og:image:width\" content=\"768\" \/>\n\t<meta property=\"og:image:height\" content=\"576\" \/>\n\t<meta property=\"og:image:type\" content=\"image\/webp\" \/>\n<meta name=\"twitter:card\" content=\"summary_large_image\" \/>\n<meta name=\"twitter:site\" content=\"@linenlounge\" \/>\n<meta name=\"twitter:label1\" content=\"Availability\" \/>\n\t<meta name=\"twitter:data1\" content=\"In stock\" \/>\n<script type=\"application\/ld+json\" class=\"yoast-schema-graph\">{\"@context\":\"https:\\\/\\\/schema.org\",\"@graph\":[{\"@type\":\"WebPage\",\"@id\":\"https:\\\/\\\/linen.eu\\\/en\\\/produkt\\\/sea-island-sateen-fitted-sheet-by-peter-reed\\\/\",\"url\":\"https:\\\/\\\/linen.eu\\\/en\\\/produkt\\\/sea-island-sateen-fitted-sheet-by-peter-reed\\\/\",\"name\":\"Sea Island Sateen fitted sheet by Peter Reed - Linen Lounge\",\"isPartOf\":{\"@id\":\"https:\\\/\\\/linen.eu\\\/en\\\/#website\"},\"primaryImageOfPage\":{\"@id\":\"https:\\\/\\\/linen.eu\\\/en\\\/produkt\\\/sea-island-sateen-fitted-sheet-by-peter-reed\\\/#primaryimage\"},\"image\":{\"@id\":\"https:\\\/\\\/linen.eu\\\/en\\\/produkt\\\/sea-island-sateen-fitted-sheet-by-peter-reed\\\/#primaryimage\"},\"thumbnailUrl\":\"https:\\\/\\\/linen.eu\\\/wp-content\\\/uploads\\\/2025\\\/10\\\/bedlinen-white-007-768x576-1.webp\",\"datePublished\":\"2025-10-07T11:31:34+00:00\",\"dateModified\":\"2026-04-11T22:12:28+00:00\",\"description\":\"Sea Island 600TC Sateen fitted sheet from Peter Reed \u2713 World's rarest cotton as fitted sheet \u2713 Caribbean luxury fibre \u25ba Order now\",\"breadcrumb\":{\"@id\":\"https:\\\/\\\/linen.eu\\\/en\\\/produkt\\\/sea-island-sateen-fitted-sheet-by-peter-reed\\\/#breadcrumb\"},\"inLanguage\":\"en-US\",\"potentialAction\":[{\"@type\":\"ReadAction\",\"target\":[\"https:\\\/\\\/linen.eu\\\/en\\\/produkt\\\/sea-island-sateen-fitted-sheet-by-peter-reed\\\/\"]}]},{\"@type\":\"ImageObject\",\"inLanguage\":\"en-US\",\"@id\":\"https:\\\/\\\/linen.eu\\\/en\\\/produkt\\\/sea-island-sateen-fitted-sheet-by-peter-reed\\\/#primaryimage\",\"url\":\"https:\\\/\\\/linen.eu\\\/wp-content\\\/uploads\\\/2025\\\/10\\\/bedlinen-white-007-768x576-1.webp\",\"contentUrl\":\"https:\\\/\\\/linen.eu\\\/wp-content\\\/uploads\\\/2025\\\/10\\\/bedlinen-white-007-768x576-1.webp\",\"width\":768,\"height\":576,\"caption\":\"Two white shirts hanging on an outdoor washing line and drying in the sunlight, with green trees and a blurred building in the background.\"},{\"@type\":\"BreadcrumbList\",\"@id\":\"https:\\\/\\\/linen.eu\\\/en\\\/produkt\\\/sea-island-sateen-fitted-sheet-by-peter-reed\\\/#breadcrumb\",\"itemListElement\":[{\"@type\":\"ListItem\",\"position\":1,\"name\":\"Startseite\",\"item\":\"https:\\\/\\\/linen.eu\\\/en\\\/home\\\/\"},{\"@type\":\"ListItem\",\"position\":2,\"name\":\"Shop\",\"item\":\"https:\\\/\\\/linen.eu\\\/en\\\/shop\\\/\"},{\"@type\":\"ListItem\",\"position\":3,\"name\":\"Sea Island Sateen fitted sheet by Peter Reed\"}]},{\"@type\":\"WebSite\",\"@id\":\"https:\\\/\\\/linen.eu\\\/en\\\/#website\",\"url\":\"https:\\\/\\\/linen.eu\\\/en\\\/\",\"name\":\"Linen Lounge\",\"description\":\"\",\"publisher\":{\"@id\":\"https:\\\/\\\/linen.eu\\\/en\\\/#organization\"},\"potentialAction\":[{\"@type\":\"SearchAction\",\"target\":{\"@type\":\"EntryPoint\",\"urlTemplate\":\"https:\\\/\\\/linen.eu\\\/en\\\/?s={search_term_string}\"},\"query-input\":{\"@type\":\"PropertyValueSpecification\",\"valueRequired\":true,\"valueName\":\"search_term_string\"}}],\"inLanguage\":\"en-US\"},{\"@type\":\"Organization\",\"@id\":\"https:\\\/\\\/linen.eu\\\/en\\\/#organization\",\"name\":\"Linen Lounge\",\"alternateName\":\"linen.eu\",\"url\":\"https:\\\/\\\/linen.eu\\\/en\\\/\",\"logo\":{\"@type\":\"ImageObject\",\"inLanguage\":\"en-US\",\"@id\":\"https:\\\/\\\/linen.eu\\\/en\\\/#\\\/schema\\\/logo\\\/image\\\/\",\"url\":\"https:\\\/\\\/linen.eu\\\/wp-content\\\/uploads\\\/2025\\\/10\\\/LinenLounge-NEU2.webp\",\"contentUrl\":\"https:\\\/\\\/linen.eu\\\/wp-content\\\/uploads\\\/2025\\\/10\\\/LinenLounge-NEU2.webp\",\"width\":1800,\"height\":455,\"caption\":\"Linen Lounge\"},\"image\":{\"@id\":\"https:\\\/\\\/linen.eu\\\/en\\\/#\\\/schema\\\/logo\\\/image\\\/\"},\"sameAs\":[\"https:\\\/\\\/linen.eu\",\"https:\\\/\\\/x.com\\\/linenlounge\",\"https:\\\/\\\/www.instagram.com\\\/linen.lounge?igsh=MW81aGhiY2VxZGRpMw==&utm_source=qr\",\"http:\\\/\\\/www.youtube.com\\\/@Linenlounge\"],\"description\":\"Online Fachhandel f\u00fcr europ\u00e4ische Leinen-Bettw\u00e4sche und Heimtextilien aus traditionellen Webereien wie Leitner Leinen, Schlitzer Leinen, Libeco, Vieb\u00f6ck und Hoffmann.\",\"email\":\"info@linen.eu\",\"telephone\":\"+49 (0) 69 90738860\",\"legalName\":\"Linen UG (haftungsbeschr\u00e4nkt)\",\"foundingDate\":\"2015-04-08\",\"numberOfEmployees\":{\"@type\":\"QuantitativeValue\",\"minValue\":\"1\",\"maxValue\":\"10\"}}]}<\/script>\n<meta property=\"product:brand\" content=\"Peter Reed \u2013 British Luxury and Elegance\" \/>\n<meta property=\"og:availability\" content=\"instock\" \/>\n<meta property=\"product:availability\" content=\"instock\" \/>\n<meta property=\"product:retailer_item_id\" content=\"117291430510\" \/>\n<meta property=\"product:condition\" content=\"new\" \/>\n<!-- \/ Yoast SEO Premium plugin. -->","yoast_head_json":{"title":"Sea Island Sateen fitted sheet by Peter Reed - Linen Lounge","description":"Sea Island 600TC Sateen fitted sheet from Peter Reed \u2713 World's rarest cotton as fitted sheet \u2713 Caribbean luxury fibre \u25ba Order now","robots":{"index":"index","follow":"follow","max-snippet":"max-snippet:-1","max-image-preview":"max-image-preview:large","max-video-preview":"max-video-preview:-1"},"canonical":"https:\/\/linen.eu\/en\/produkt\/sea-island-sateen-fitted-sheet-by-peter-reed\/","og_locale":"en_US","og_type":"article","og_title":"Sea Island Sateen fitted sheet by Peter Reed","og_description":"Sea Island 600TC Sateen fitted sheet from Peter Reed \u2713 World's rarest cotton as fitted sheet \u2713 Caribbean luxury fibre \u25ba Order now","og_url":"https:\/\/linen.eu\/en\/produkt\/sea-island-sateen-fitted-sheet-by-peter-reed\/","og_site_name":"Linen.eu","article_publisher":"https:\/\/linen.eu","article_modified_time":"2026-04-11T22:12:28+00:00","og_image":[{"width":768,"height":576,"url":"https:\/\/linen.eu\/wp-content\/uploads\/2025\/10\/bedlinen-white-007-768x576-1.webp","type":"image\/webp"}],"twitter_card":"summary_large_image","twitter_site":"@linenlounge","twitter_misc":{"Availability":"In stock"},"schema":{"@context":"https:\/\/schema.org","@graph":[{"@type":"WebPage","@id":"https:\/\/linen.eu\/en\/produkt\/sea-island-sateen-fitted-sheet-by-peter-reed\/","url":"https:\/\/linen.eu\/en\/produkt\/sea-island-sateen-fitted-sheet-by-peter-reed\/","name":"Sea Island Sateen fitted sheet by Peter Reed - Linen Lounge","isPartOf":{"@id":"https:\/\/linen.eu\/en\/#website"},"primaryImageOfPage":{"@id":"https:\/\/linen.eu\/en\/produkt\/sea-island-sateen-fitted-sheet-by-peter-reed\/#primaryimage"},"image":{"@id":"https:\/\/linen.eu\/en\/produkt\/sea-island-sateen-fitted-sheet-by-peter-reed\/#primaryimage"},"thumbnailUrl":"https:\/\/linen.eu\/wp-content\/uploads\/2025\/10\/bedlinen-white-007-768x576-1.webp","datePublished":"2025-10-07T11:31:34+00:00","dateModified":"2026-04-11T22:12:28+00:00","description":"Sea Island 600TC Sateen fitted sheet from Peter Reed \u2713 World's rarest cotton as fitted sheet \u2713 Caribbean luxury fibre \u25ba Order now","breadcrumb":{"@id":"https:\/\/linen.eu\/en\/produkt\/sea-island-sateen-fitted-sheet-by-peter-reed\/#breadcrumb"},"inLanguage":"en-US","potentialAction":[{"@type":"ReadAction","target":["https:\/\/linen.eu\/en\/produkt\/sea-island-sateen-fitted-sheet-by-peter-reed\/"]}]},{"@type":"ImageObject","inLanguage":"en-US","@id":"https:\/\/linen.eu\/en\/produkt\/sea-island-sateen-fitted-sheet-by-peter-reed\/#primaryimage","url":"https:\/\/linen.eu\/wp-content\/uploads\/2025\/10\/bedlinen-white-007-768x576-1.webp","contentUrl":"https:\/\/linen.eu\/wp-content\/uploads\/2025\/10\/bedlinen-white-007-768x576-1.webp","width":768,"height":576,"caption":"Two white shirts hanging on an outdoor washing line and drying in the sunlight, with green trees and a blurred building in the background."},{"@type":"BreadcrumbList","@id":"https:\/\/linen.eu\/en\/produkt\/sea-island-sateen-fitted-sheet-by-peter-reed\/#breadcrumb","itemListElement":[{"@type":"ListItem","position":1,"name":"Startseite","item":"https:\/\/linen.eu\/en\/home\/"},{"@type":"ListItem","position":2,"name":"Shop","item":"https:\/\/linen.eu\/en\/shop\/"},{"@type":"ListItem","position":3,"name":"Sea Island Sateen fitted sheet by Peter Reed"}]},{"@type":"WebSite","@id":"https:\/\/linen.eu\/en\/#website","url":"https:\/\/linen.eu\/en\/","name":"Linen Lounge","description":"","publisher":{"@id":"https:\/\/linen.eu\/en\/#organization"},"potentialAction":[{"@type":"SearchAction","target":{"@type":"EntryPoint","urlTemplate":"https:\/\/linen.eu\/en\/?s={search_term_string}"},"query-input":{"@type":"PropertyValueSpecification","valueRequired":true,"valueName":"search_term_string"}}],"inLanguage":"en-US"},{"@type":"Organization","@id":"https:\/\/linen.eu\/en\/#organization","name":"Linen Lounge","alternateName":"linen.eu","url":"https:\/\/linen.eu\/en\/","logo":{"@type":"ImageObject","inLanguage":"en-US","@id":"https:\/\/linen.eu\/en\/#\/schema\/logo\/image\/","url":"https:\/\/linen.eu\/wp-content\/uploads\/2025\/10\/LinenLounge-NEU2.webp","contentUrl":"https:\/\/linen.eu\/wp-content\/uploads\/2025\/10\/LinenLounge-NEU2.webp","width":1800,"height":455,"caption":"Linen Lounge"},"image":{"@id":"https:\/\/linen.eu\/en\/#\/schema\/logo\/image\/"},"sameAs":["https:\/\/linen.eu","https:\/\/x.com\/linenlounge","https:\/\/www.instagram.com\/linen.lounge?igsh=MW81aGhiY2VxZGRpMw==&utm_source=qr","http:\/\/www.youtube.com\/@Linenlounge"],"description":"Online Fachhandel f\u00fcr europ\u00e4ische Leinen-Bettw\u00e4sche und Heimtextilien aus traditionellen Webereien wie Leitner Leinen, Schlitzer Leinen, Libeco, Vieb\u00f6ck und Hoffmann.","email":"info@linen.eu","telephone":"+49 (0) 69 90738860","legalName":"Linen UG (haftungsbeschr\u00e4nkt)","foundingDate":"2015-04-08","numberOfEmployees":{"@type":"QuantitativeValue","minValue":"1","maxValue":"10"}}]},"product_brand":"Peter Reed \u2013 British Luxury and Elegance","og_availability":"instock","product_availability":"instock","product_retailer_item_id":"117291430510","product_condition":"new"},"_links":{"self":[{"href":"https:\/\/linen.eu\/en\/wp-json\/wp\/v2\/product\/125831","targetHints":{"allow":["GET"]}}],"collection":[{"href":"https:\/\/linen.eu\/en\/wp-json\/wp\/v2\/product"}],"about":[{"href":"https:\/\/linen.eu\/en\/wp-json\/wp\/v2\/types\/product"}],"replies":[{"embeddable":true,"href":"https:\/\/linen.eu\/en\/wp-json\/wp\/v2\/comments?post=125831"}],"wp:featuredmedia":[{"embeddable":true,"href":"https:\/\/linen.eu\/en\/wp-json\/wp\/v2\/media\/125832"}],"wp:attachment":[{"href":"https:\/\/linen.eu\/en\/wp-json\/wp\/v2\/media?parent=125831"}],"wp:term":[{"taxonomy":"product_brand","embeddable":true,"href":"https:\/\/linen.eu\/en\/wp-json\/wp\/v2\/product_brand?post=125831"},{"taxonomy":"product_cat","embeddable":true,"href":"https:\/\/linen.eu\/en\/wp-json\/wp\/v2\/product_cat?post=125831"},{"taxonomy":"product_tag","embeddable":true,"href":"https:\/\/linen.eu\/en\/wp-json\/wp\/v2\/product_tag?post=125831"}],"curies":[{"name":"wp","href":"https:\/\/api.w.org\/{rel}","templated":true}]}}