{"id":125930,"date":"2025-10-13T18:04:24","date_gmt":"2025-10-13T16:04:24","guid":{"rendered":"https:\/\/linen.eu\/produkt\/jungle-linen-table-setting-from-geniksa\/"},"modified":"2026-04-11T18:13:32","modified_gmt":"2026-04-11T16:13:32","slug":"jungle-linen-table-setting-from-geniksa","status":"publish","type":"product","link":"https:\/\/linen.eu\/en\/produkt\/jungle-linen-table-setting-from-geniksa\/","title":{"rendered":"Jungle linen table setting from Geniksa"},"content":{"rendered":"<h3 style=\"text-align: left\">Tablecloths made from European organic linen<\/h3>\n<p>With their unique look, linen tablecloths complement any tableware and table decorations, whether the table is set for 2 or 20 people. Linen tablecloths are the first choice for a festive table. The heavy fabric lies smoothly on the table surface and has an extremely elegant drape on the sides.   Linen tablecloths and table runners combine wonderfully in muted colors or, of course, in classic white. Linen tablecloths are quite resistant to stains. The smooth and dense fiber repels dirt and is easy to clean. The purely mechanically treated fabric for tablecloths and table runners made from European organic linen is very pleasant to the touch and also impresses with its unconditional sustainability, which is certified by the Oeko Tex Standard 100. Organic linen napkins round off the perfect set for a festive or everyday table setting.     <\/p>\n<h3>The product: Jungle linen tablecloths from <a href=\"https:\/\/linen.eu\/brand\/geniksa\/\">Geniksa<\/a><\/h3>\n<p>Available as tablecloth, table runner, placemat and napkin<br \/>100% washed linen, 240 g\/m\u00b2, CO\u2082 neutral production<br \/>Thread count: Nm 26<br \/>Color: Fine gray<br \/>Masters of Linen quality<br \/>We manufacture the listed sizes within the stated delivery period. Upon request, we produce additional custom sizes.<br \/>Made exclusively with flax from European cultivation and woven on the Baltic Sea.   <\/p>\n<h3>Care Instructions<\/h3>\n<p>Colored linen can be washed up to 60\u00b0, white up to 95\u00b0. As with all materials, this also applies to linen: washing at lower temperatures makes it last longer. What linen cannot tolerate are detergents with optical brighteners; they bleach the natural colors significantly and the fabric becomes light. Wrinkling: Linen needs sufficient residual moisture so it doesn&#8217;t wrinkle as much. Don&#8217;t overfill the machine so the fabric can move, don&#8217;t spin linen too hard or too long. If you want to iron linen, iron the items on the hot linen temperature setting of your iron. Best when they are still slightly damp.     <\/p>\n","protected":false},"excerpt":{"rendered":"<ul>\n<li><strong>Rich brown<\/strong> \u2013 warm earth tones on napkin and placemat, natural and inviting.<\/li>\n<li><strong>Heavy pure linen<\/strong> \u2013 240 g\/m\u00b2, substantial and shape-retaining, folds neatly.<\/li>\n<li><strong>Baltic weaving artistry<\/strong> \u2013 European flax, carbon-neutral woven on the Baltic Sea, Nm 26.<\/li>\n<li><strong>Stain-resistant<\/strong> \u2013 the dense flax fiber repels dirt, washable up to 60\u00b0C.<\/li>\n<li><strong>Masters of Linen<\/strong> \u2013 OEKO-TEX 100, can be combined with the Jungle tablecloth and all Geniksa designs.<\/li>\n<\/ul>\n","protected":false},"featured_media":51397,"comment_status":"open","ping_status":"closed","template":"","meta":{"_acf_changed":false},"product_brand":[4776,4780],"product_cat":[3637,3638,3748,3636],"product_tag":[4320],"class_list":{"0":"post-125930","1":"product","2":"type-product","3":"status-publish","4":"has-post-thumbnail","6":"product_brand-geniksa-home-linen","7":"product_brand-geniksa-placemats","8":"product_cat-linen-napkins","9":"product_cat-linen-placemats","10":"product_cat-product","11":"product_cat-table-dining","12":"product_tag-jungle-linen","14":"first","15":"instock","16":"taxable","17":"shipping-taxable","18":"purchasable","19":"product-type-variable"},"acf":[],"yoast_head":"<!-- This site is optimized with the Yoast SEO Premium plugin v27.3 (Yoast SEO v27.3) - https:\/\/yoast.com\/product\/yoast-seo-premium-wordpress\/ -->\n<title>Jungle linen table setting from Geniksa - Linen.eu<\/title>\n<meta name=\"description\" content=\"Jungle linen tablecloths from Geniksa \u271a Cool, clear design \u271a Traditional linen weaving craft from the Baltic Sea \u27a4 Simply buy online now\" \/>\n<meta name=\"robots\" content=\"index, follow, max-snippet:-1, max-image-preview:large, max-video-preview:-1\" \/>\n<link rel=\"canonical\" href=\"https:\/\/linen.eu\/en\/produkt\/jungle-linen-table-setting-from-geniksa\/\" \/>\n<meta property=\"og:locale\" content=\"en_US\" \/>\n<meta property=\"og:type\" content=\"article\" \/>\n<meta property=\"og:title\" content=\"Jungle linen table setting from Geniksa\" \/>\n<meta property=\"og:description\" content=\"Jungle linen tablecloths from Geniksa \u271a Cool, clear design \u271a Traditional linen weaving craft from the Baltic Sea \u27a4 Simply buy online now\" \/>\n<meta property=\"og:url\" content=\"https:\/\/linen.eu\/en\/produkt\/jungle-linen-table-setting-from-geniksa\/\" \/>\n<meta property=\"og:site_name\" content=\"Linen.eu\" \/>\n<meta property=\"article:publisher\" content=\"https:\/\/linen.eu\" \/>\n<meta property=\"article:modified_time\" content=\"2026-04-11T16:13:32+00:00\" \/>\n<meta property=\"og:image\" content=\"https:\/\/linen.eu\/wp-content\/uploads\/2025\/05\/Jungle-tablecloth-1-1000x1333-1-768x1024-1.webp\" \/>\n\t<meta property=\"og:image:width\" content=\"768\" \/>\n\t<meta property=\"og:image:height\" content=\"1024\" \/>\n\t<meta property=\"og:image:type\" content=\"image\/webp\" \/>\n<meta name=\"twitter:card\" content=\"summary_large_image\" \/>\n<meta name=\"twitter:site\" content=\"@linenlounge\" \/>\n<meta name=\"twitter:label1\" content=\"Availability\" \/>\n\t<meta name=\"twitter:data1\" content=\"In stock\" \/>\n<script type=\"application\/ld+json\" class=\"yoast-schema-graph\">{\"@context\":\"https:\\\/\\\/schema.org\",\"@graph\":[{\"@type\":\"WebPage\",\"@id\":\"https:\\\/\\\/linen.eu\\\/en\\\/produkt\\\/jungle-linen-table-setting-from-geniksa\\\/\",\"url\":\"https:\\\/\\\/linen.eu\\\/en\\\/produkt\\\/jungle-linen-table-setting-from-geniksa\\\/\",\"name\":\"Jungle linen table setting from Geniksa - Linen.eu\",\"isPartOf\":{\"@id\":\"https:\\\/\\\/linen.eu\\\/en\\\/#website\"},\"primaryImageOfPage\":{\"@id\":\"https:\\\/\\\/linen.eu\\\/en\\\/produkt\\\/jungle-linen-table-setting-from-geniksa\\\/#primaryimage\"},\"image\":{\"@id\":\"https:\\\/\\\/linen.eu\\\/en\\\/produkt\\\/jungle-linen-table-setting-from-geniksa\\\/#primaryimage\"},\"thumbnailUrl\":\"https:\\\/\\\/linen.eu\\\/wp-content\\\/uploads\\\/2025\\\/05\\\/Jungle-tablecloth-1-1000x1333-1-768x1024-1.webp\",\"datePublished\":\"2025-10-13T16:04:24+00:00\",\"dateModified\":\"2026-04-11T16:13:32+00:00\",\"description\":\"Jungle linen tablecloths from Geniksa \u271a Cool, clear design \u271a Traditional linen weaving craft from the Baltic Sea \u27a4 Simply buy online now\",\"breadcrumb\":{\"@id\":\"https:\\\/\\\/linen.eu\\\/en\\\/produkt\\\/jungle-linen-table-setting-from-geniksa\\\/#breadcrumb\"},\"inLanguage\":\"en-US\",\"potentialAction\":[{\"@type\":\"ReadAction\",\"target\":[\"https:\\\/\\\/linen.eu\\\/en\\\/produkt\\\/jungle-linen-table-setting-from-geniksa\\\/\"]}]},{\"@type\":\"ImageObject\",\"inLanguage\":\"en-US\",\"@id\":\"https:\\\/\\\/linen.eu\\\/en\\\/produkt\\\/jungle-linen-table-setting-from-geniksa\\\/#primaryimage\",\"url\":\"https:\\\/\\\/linen.eu\\\/wp-content\\\/uploads\\\/2025\\\/05\\\/Jungle-tablecloth-1-1000x1333-1-768x1024-1.webp\",\"contentUrl\":\"https:\\\/\\\/linen.eu\\\/wp-content\\\/uploads\\\/2025\\\/05\\\/Jungle-tablecloth-1-1000x1333-1-768x1024-1.webp\",\"width\":768,\"height\":1024,\"caption\":\"Ein mit einem braunen Tischtuch bedeckter Tisch mit einer gefalteten Serviette, zwei quadratischen dunkelbraunen Vasen und einem kleinen Metallvogel als Ornament auf dem Tisch. Der Tisch steht auf schwarzen Beinen in einem minimalistischen, wei\u00dfen Raum.\"},{\"@type\":\"BreadcrumbList\",\"@id\":\"https:\\\/\\\/linen.eu\\\/en\\\/produkt\\\/jungle-linen-table-setting-from-geniksa\\\/#breadcrumb\",\"itemListElement\":[{\"@type\":\"ListItem\",\"position\":1,\"name\":\"Startseite\",\"item\":\"https:\\\/\\\/linen.eu\\\/en\\\/home\\\/\"},{\"@type\":\"ListItem\",\"position\":2,\"name\":\"Shop\",\"item\":\"https:\\\/\\\/linen.eu\\\/en\\\/shop\\\/\"},{\"@type\":\"ListItem\",\"position\":3,\"name\":\"Jungle linen table setting from Geniksa\"}]},{\"@type\":\"WebSite\",\"@id\":\"https:\\\/\\\/linen.eu\\\/en\\\/#website\",\"url\":\"https:\\\/\\\/linen.eu\\\/en\\\/\",\"name\":\"Linen.eu\",\"description\":\"\",\"publisher\":{\"@id\":\"https:\\\/\\\/linen.eu\\\/en\\\/#organization\"},\"potentialAction\":[{\"@type\":\"SearchAction\",\"target\":{\"@type\":\"EntryPoint\",\"urlTemplate\":\"https:\\\/\\\/linen.eu\\\/en\\\/?s={search_term_string}\"},\"query-input\":{\"@type\":\"PropertyValueSpecification\",\"valueRequired\":true,\"valueName\":\"search_term_string\"}}],\"inLanguage\":\"en-US\"},{\"@type\":\"Organization\",\"@id\":\"https:\\\/\\\/linen.eu\\\/en\\\/#organization\",\"name\":\"Linen Lounge\",\"alternateName\":\"linen.eu\",\"url\":\"https:\\\/\\\/linen.eu\\\/en\\\/\",\"logo\":{\"@type\":\"ImageObject\",\"inLanguage\":\"en-US\",\"@id\":\"https:\\\/\\\/linen.eu\\\/en\\\/#\\\/schema\\\/logo\\\/image\\\/\",\"url\":\"https:\\\/\\\/linen.eu\\\/wp-content\\\/uploads\\\/2025\\\/10\\\/LinenLounge-NEU2.webp\",\"contentUrl\":\"https:\\\/\\\/linen.eu\\\/wp-content\\\/uploads\\\/2025\\\/10\\\/LinenLounge-NEU2.webp\",\"width\":1800,\"height\":455,\"caption\":\"Linen Lounge\"},\"image\":{\"@id\":\"https:\\\/\\\/linen.eu\\\/en\\\/#\\\/schema\\\/logo\\\/image\\\/\"},\"sameAs\":[\"https:\\\/\\\/linen.eu\",\"https:\\\/\\\/x.com\\\/linenlounge\",\"https:\\\/\\\/www.instagram.com\\\/linen.lounge?igsh=MW81aGhiY2VxZGRpMw==&utm_source=qr\",\"http:\\\/\\\/www.youtube.com\\\/@Linenlounge\"],\"description\":\"Online Fachhandel f\u00fcr europ\u00e4ische Leinen-Bettw\u00e4sche und Heimtextilien aus traditionellen Webereien wie Leitner Leinen, Schlitzer Leinen, Libeco, Vieb\u00f6ck und Hoffmann.\",\"email\":\"info@linen.eu\",\"telephone\":\"+49 (0) 69 90738860\",\"legalName\":\"Linen UG (haftungsbeschr\u00e4nkt)\",\"foundingDate\":\"2015-04-08\",\"numberOfEmployees\":{\"@type\":\"QuantitativeValue\",\"minValue\":\"1\",\"maxValue\":\"10\"}}]}<\/script>\n<meta property=\"product:brand\" content=\"Geniksa - Nordish by Nature\" \/>\n<meta property=\"og:availability\" content=\"instock\" \/>\n<meta property=\"product:availability\" content=\"instock\" \/>\n<meta property=\"product:retailer_item_id\" content=\"110103011315\" \/>\n<meta property=\"product:condition\" content=\"new\" \/>\n<!-- \/ Yoast SEO Premium plugin. -->","yoast_head_json":{"title":"Jungle linen table setting from Geniksa - Linen.eu","description":"Jungle linen tablecloths from Geniksa \u271a Cool, clear design \u271a Traditional linen weaving craft from the Baltic Sea \u27a4 Simply buy online now","robots":{"index":"index","follow":"follow","max-snippet":"max-snippet:-1","max-image-preview":"max-image-preview:large","max-video-preview":"max-video-preview:-1"},"canonical":"https:\/\/linen.eu\/en\/produkt\/jungle-linen-table-setting-from-geniksa\/","og_locale":"en_US","og_type":"article","og_title":"Jungle linen table setting from Geniksa","og_description":"Jungle linen tablecloths from Geniksa \u271a Cool, clear design \u271a Traditional linen weaving craft from the Baltic Sea \u27a4 Simply buy online now","og_url":"https:\/\/linen.eu\/en\/produkt\/jungle-linen-table-setting-from-geniksa\/","og_site_name":"Linen.eu","article_publisher":"https:\/\/linen.eu","article_modified_time":"2026-04-11T16:13:32+00:00","og_image":[{"width":768,"height":1024,"url":"https:\/\/linen.eu\/wp-content\/uploads\/2025\/05\/Jungle-tablecloth-1-1000x1333-1-768x1024-1.webp","type":"image\/webp"}],"twitter_card":"summary_large_image","twitter_site":"@linenlounge","twitter_misc":{"Availability":"In stock"},"schema":{"@context":"https:\/\/schema.org","@graph":[{"@type":"WebPage","@id":"https:\/\/linen.eu\/en\/produkt\/jungle-linen-table-setting-from-geniksa\/","url":"https:\/\/linen.eu\/en\/produkt\/jungle-linen-table-setting-from-geniksa\/","name":"Jungle linen table setting from Geniksa - Linen.eu","isPartOf":{"@id":"https:\/\/linen.eu\/en\/#website"},"primaryImageOfPage":{"@id":"https:\/\/linen.eu\/en\/produkt\/jungle-linen-table-setting-from-geniksa\/#primaryimage"},"image":{"@id":"https:\/\/linen.eu\/en\/produkt\/jungle-linen-table-setting-from-geniksa\/#primaryimage"},"thumbnailUrl":"https:\/\/linen.eu\/wp-content\/uploads\/2025\/05\/Jungle-tablecloth-1-1000x1333-1-768x1024-1.webp","datePublished":"2025-10-13T16:04:24+00:00","dateModified":"2026-04-11T16:13:32+00:00","description":"Jungle linen tablecloths from Geniksa \u271a Cool, clear design \u271a Traditional linen weaving craft from the Baltic Sea \u27a4 Simply buy online now","breadcrumb":{"@id":"https:\/\/linen.eu\/en\/produkt\/jungle-linen-table-setting-from-geniksa\/#breadcrumb"},"inLanguage":"en-US","potentialAction":[{"@type":"ReadAction","target":["https:\/\/linen.eu\/en\/produkt\/jungle-linen-table-setting-from-geniksa\/"]}]},{"@type":"ImageObject","inLanguage":"en-US","@id":"https:\/\/linen.eu\/en\/produkt\/jungle-linen-table-setting-from-geniksa\/#primaryimage","url":"https:\/\/linen.eu\/wp-content\/uploads\/2025\/05\/Jungle-tablecloth-1-1000x1333-1-768x1024-1.webp","contentUrl":"https:\/\/linen.eu\/wp-content\/uploads\/2025\/05\/Jungle-tablecloth-1-1000x1333-1-768x1024-1.webp","width":768,"height":1024,"caption":"Ein mit einem braunen Tischtuch bedeckter Tisch mit einer gefalteten Serviette, zwei quadratischen dunkelbraunen Vasen und einem kleinen Metallvogel als Ornament auf dem Tisch. Der Tisch steht auf schwarzen Beinen in einem minimalistischen, wei\u00dfen Raum."},{"@type":"BreadcrumbList","@id":"https:\/\/linen.eu\/en\/produkt\/jungle-linen-table-setting-from-geniksa\/#breadcrumb","itemListElement":[{"@type":"ListItem","position":1,"name":"Startseite","item":"https:\/\/linen.eu\/en\/home\/"},{"@type":"ListItem","position":2,"name":"Shop","item":"https:\/\/linen.eu\/en\/shop\/"},{"@type":"ListItem","position":3,"name":"Jungle linen table setting from Geniksa"}]},{"@type":"WebSite","@id":"https:\/\/linen.eu\/en\/#website","url":"https:\/\/linen.eu\/en\/","name":"Linen.eu","description":"","publisher":{"@id":"https:\/\/linen.eu\/en\/#organization"},"potentialAction":[{"@type":"SearchAction","target":{"@type":"EntryPoint","urlTemplate":"https:\/\/linen.eu\/en\/?s={search_term_string}"},"query-input":{"@type":"PropertyValueSpecification","valueRequired":true,"valueName":"search_term_string"}}],"inLanguage":"en-US"},{"@type":"Organization","@id":"https:\/\/linen.eu\/en\/#organization","name":"Linen Lounge","alternateName":"linen.eu","url":"https:\/\/linen.eu\/en\/","logo":{"@type":"ImageObject","inLanguage":"en-US","@id":"https:\/\/linen.eu\/en\/#\/schema\/logo\/image\/","url":"https:\/\/linen.eu\/wp-content\/uploads\/2025\/10\/LinenLounge-NEU2.webp","contentUrl":"https:\/\/linen.eu\/wp-content\/uploads\/2025\/10\/LinenLounge-NEU2.webp","width":1800,"height":455,"caption":"Linen Lounge"},"image":{"@id":"https:\/\/linen.eu\/en\/#\/schema\/logo\/image\/"},"sameAs":["https:\/\/linen.eu","https:\/\/x.com\/linenlounge","https:\/\/www.instagram.com\/linen.lounge?igsh=MW81aGhiY2VxZGRpMw==&utm_source=qr","http:\/\/www.youtube.com\/@Linenlounge"],"description":"Online Fachhandel f\u00fcr europ\u00e4ische Leinen-Bettw\u00e4sche und Heimtextilien aus traditionellen Webereien wie Leitner Leinen, Schlitzer Leinen, Libeco, Vieb\u00f6ck und Hoffmann.","email":"info@linen.eu","telephone":"+49 (0) 69 90738860","legalName":"Linen UG (haftungsbeschr\u00e4nkt)","foundingDate":"2015-04-08","numberOfEmployees":{"@type":"QuantitativeValue","minValue":"1","maxValue":"10"}}]},"product_brand":"Geniksa - Nordish by Nature","og_availability":"instock","product_availability":"instock","product_retailer_item_id":"110103011315","product_condition":"new"},"_links":{"self":[{"href":"https:\/\/linen.eu\/en\/wp-json\/wp\/v2\/product\/125930","targetHints":{"allow":["GET"]}}],"collection":[{"href":"https:\/\/linen.eu\/en\/wp-json\/wp\/v2\/product"}],"about":[{"href":"https:\/\/linen.eu\/en\/wp-json\/wp\/v2\/types\/product"}],"replies":[{"embeddable":true,"href":"https:\/\/linen.eu\/en\/wp-json\/wp\/v2\/comments?post=125930"}],"wp:featuredmedia":[{"embeddable":true,"href":"https:\/\/linen.eu\/en\/wp-json\/wp\/v2\/media\/51397"}],"wp:attachment":[{"href":"https:\/\/linen.eu\/en\/wp-json\/wp\/v2\/media?parent=125930"}],"wp:term":[{"taxonomy":"product_brand","embeddable":true,"href":"https:\/\/linen.eu\/en\/wp-json\/wp\/v2\/product_brand?post=125930"},{"taxonomy":"product_cat","embeddable":true,"href":"https:\/\/linen.eu\/en\/wp-json\/wp\/v2\/product_cat?post=125930"},{"taxonomy":"product_tag","embeddable":true,"href":"https:\/\/linen.eu\/en\/wp-json\/wp\/v2\/product_tag?post=125930"}],"curies":[{"name":"wp","href":"https:\/\/api.w.org\/{rel}","templated":true}]}}