{"id":126259,"date":"2025-10-08T19:33:10","date_gmt":"2025-10-08T17:33:10","guid":{"rendered":"https:\/\/linen.eu\/produkt\/celeste-linen-table-setting-from-geniksa\/"},"modified":"2026-03-16T13:02:37","modified_gmt":"2026-03-16T12:02:37","slug":"celeste-linen-table-setting-from-geniksa","status":"publish","type":"product","link":"https:\/\/linen.eu\/en\/produkt\/celeste-linen-table-setting-from-geniksa\/","title":{"rendered":"Celeste linen table setting from Geniksa"},"content":{"rendered":"<h2 class=\"h3 product-detail-description-title\">&#8220;Celeste linen table setting from Geniksa&#8221;<\/h2>\n<div class=\"product-detail-description-text\">\n<p>Celeste linen table setting from Geniksa. The light blue pastel shade that gives the Celeste linen tablecloth from Geniksa its subtly beautiful color seems to have been borrowed from a Monet painting. This tablecloth immediately brightens up any dining room and the famous qualities of the flax fiber create a pleasant atmosphere. Each Geniksa tablecloth features an embroidered logo, a pine branch. 100 percent best washed linen.    <\/p>\n<h3>Tablecloths made from European organic linen<\/h3>\n<p>With their unique look, linen tablecloths complement any tableware and table decorations, whether the table is set for 2 or 20 people. Linen tablecloths are the first choice for a festive table. The heavy fabric lies smoothly on the table surface and has an extremely elegant drape on the sides.   Linen tablecloths and table runners combine wonderfully in muted colors or, of course, in classic white. Linen tablecloths are quite resistant to stains. The smooth and dense fiber repels dirt and is easy to clean. The purely mechanically treated fabric for tablecloths and table runners made from European organic linen is very pleasant to the touch and also impresses with its unconditional sustainability, which is certified by the Oeko Tex Standard 100. Organic linen napkins round off the perfect set for a festive or everyday table setting.     <\/p>\n<h3>The Weaving Mill<\/h3>\n<p>The simple, almost purist style that <a href=\"https:\/\/ https:\/\/linen.eu\/leinenwebereien\/geniksa-home-linen\/\">Geniksa<\/a> displays in the production of its linens is owed to a love of nature, because pure linen proves itself through its visual presence and unmistakable feel. All fabrics by Geniksa carry the coveted &#8220;Masters of Linen&#8221; label. This guarantees that the fabrics have been tested against the extremely high requirements of this master class and that they are manufactured exclusively in Europe. &#8220;Eco Line&#8221; and &#8220;Oeko-Tex&#8221; provide the assurance that Geniksa&#8217;s fabrics are free from harmful substances and that they have not been treated with chemicals, bleached, or dyed.   <\/p>\n<h3>The product: Celeste Classic linen table setting from <a href=\"https:\/\/linen.eu\/brand\/geniksa\/\">Geniksa<\/a><\/h3>\n<p>Available as a tablecloth. Table runner, place mat and napkin<br \/>\n100% washed linen. 240 g\/m\u00b2, CO\u2082 neutral production<br \/>\nThread count: Nm 26<br \/>\nColor: Fresh light blue<br \/>\nMasters of Linen quality<br \/>\nWe manufacture the listed sizes in the specified delivery period. We can produce other individual special sizes on request.<br \/>\nMade exclusively with flax from European cultivation and woven on the Baltic Sea.   <\/p>\n<h3>Care Instructions<\/h3>\n<p>Colored linen can be washed up to 60\u00b0, white up to 95\u00b0. As with all materials, linen will last longer if washed at a lower temperature. What linen does not tolerate are detergents with optical brighteners, they bleach out the natural colors and the fabric becomes light Wrinkling: Linen needs sufficient residual moisture so that it does not wrinkle so much. Do not overload the machine so that the fabric can move, do not spin linen too hard or for too long. If you want to iron linen, iron the items on the hot linen setting of your iron when they are still a little damp.    <\/p>\n<\/div>\n","protected":false},"excerpt":{"rendered":"<p data-start=\"201\" data-end=\"468\">With its light blue pastel shade, the <strong data-start=\"205\" data-end=\"247\">Celeste linen table setting from Geniksa<\/strong> brings the lightness of a summer sky to the table. The delicate shade, inspired by impressionist softness, lends a friendly, calm atmosphere to any dining room. Made from <strong data-start=\"484\" data-end=\"540\">100% washed European organic linen (240 g\/m\u00b2)<\/strong>, Celeste impresses with its pleasant feel, elegant drape and the natural radiance of pure linen. <strong data-start=\"660\" data-end=\"687\">CO\u2082-neutral production<\/strong>, <strong data-start=\"689\" data-end=\"709\">Masters of Linen-certified<\/strong> and <strong data-start=\"734\" data-end=\"751\">woven<\/strong> on the <strong data-start=\"734\" data-end=\"751\">Baltic Sea<\/strong> &#8211; a piece of sustainable craftsmanship that combines naturalness and timeless beauty.  <\/p>\n","protected":false},"featured_media":51393,"comment_status":"open","ping_status":"closed","template":"","meta":{"_acf_changed":false},"product_brand":[4776,4780],"product_cat":[3749,3636,3637,3638],"product_tag":[3642,3643,3644,3645,3639,3640,3641],"class_list":{"0":"post-126259","1":"product","2":"type-product","3":"status-publish","4":"has-post-thumbnail","6":"product_brand-geniksa-home-linen","7":"product_brand-geniksa-placemats","8":"product_cat-linen-tablecloths","9":"product_cat-table-dining","10":"product_cat-linen-napkins","11":"product_cat-linen-placemats","12":"product_tag-linen-napkin","13":"product_tag-linen-tablecloth","14":"product_tag-linen-placemat","15":"product_tag-linen-table-runner","16":"product_tag-organic-linen","17":"product_tag-all-year","18":"product_tag-linen","20":"first","21":"instock","22":"taxable","23":"shipping-taxable","24":"purchasable","25":"product-type-variable"},"acf":[],"yoast_head":"<!-- This site is optimized with the Yoast SEO Premium plugin v27.3 (Yoast SEO v27.3) - https:\/\/yoast.com\/product\/yoast-seo-premium-wordpress\/ -->\n<title>Celeste linen table setting from Geniksa - Linen.eu<\/title>\n<meta name=\"description\" content=\"Celeste linen tablecloth by Geniksa \u271a Cool, clear design \u271aTraditional linen weaving from the Baltic Sea \u27a4 Buy online now\" \/>\n<meta name=\"robots\" content=\"index, follow, max-snippet:-1, max-image-preview:large, max-video-preview:-1\" \/>\n<link rel=\"canonical\" href=\"https:\/\/linen.eu\/en\/produkt\/celeste-linen-table-setting-from-geniksa\/\" \/>\n<meta property=\"og:locale\" content=\"en_US\" \/>\n<meta property=\"og:type\" content=\"article\" \/>\n<meta property=\"og:title\" content=\"Celeste linen table setting from Geniksa\" \/>\n<meta property=\"og:description\" content=\"Celeste linen tablecloth by Geniksa \u271a Cool, clear design \u271aTraditional linen weaving from the Baltic Sea \u27a4 Buy online now\" \/>\n<meta property=\"og:url\" content=\"https:\/\/linen.eu\/en\/produkt\/celeste-linen-table-setting-from-geniksa\/\" \/>\n<meta property=\"og:site_name\" content=\"Linen.eu\" \/>\n<meta property=\"article:publisher\" content=\"https:\/\/linen.eu\" \/>\n<meta property=\"article:modified_time\" content=\"2026-03-16T12:02:37+00:00\" \/>\n<meta property=\"og:image\" content=\"https:\/\/linen.eu\/wp-content\/uploads\/2025\/10\/Celeste-tablecloth-2-768x576-1.webp\" \/>\n\t<meta property=\"og:image:width\" content=\"768\" \/>\n\t<meta property=\"og:image:height\" content=\"576\" \/>\n\t<meta property=\"og:image:type\" content=\"image\/webp\" \/>\n<meta name=\"twitter:card\" content=\"summary_large_image\" \/>\n<meta name=\"twitter:site\" content=\"@linenlounge\" \/>\n<meta name=\"twitter:label1\" content=\"Availability\" \/>\n\t<meta name=\"twitter:data1\" content=\"In stock\" \/>\n<script type=\"application\/ld+json\" class=\"yoast-schema-graph\">{\"@context\":\"https:\\\/\\\/schema.org\",\"@graph\":[{\"@type\":\"WebPage\",\"@id\":\"https:\\\/\\\/linen.eu\\\/en\\\/produkt\\\/celeste-linen-table-setting-from-geniksa\\\/\",\"url\":\"https:\\\/\\\/linen.eu\\\/en\\\/produkt\\\/celeste-linen-table-setting-from-geniksa\\\/\",\"name\":\"Celeste linen table setting from Geniksa - Linen.eu\",\"isPartOf\":{\"@id\":\"https:\\\/\\\/linen.eu\\\/en\\\/#website\"},\"primaryImageOfPage\":{\"@id\":\"https:\\\/\\\/linen.eu\\\/en\\\/produkt\\\/celeste-linen-table-setting-from-geniksa\\\/#primaryimage\"},\"image\":{\"@id\":\"https:\\\/\\\/linen.eu\\\/en\\\/produkt\\\/celeste-linen-table-setting-from-geniksa\\\/#primaryimage\"},\"thumbnailUrl\":\"https:\\\/\\\/linen.eu\\\/wp-content\\\/uploads\\\/2025\\\/10\\\/Celeste-tablecloth-2-768x576-1.webp\",\"datePublished\":\"2025-10-08T17:33:10+00:00\",\"dateModified\":\"2026-03-16T12:02:37+00:00\",\"description\":\"Celeste linen tablecloth by Geniksa \u271a Cool, clear design \u271aTraditional linen weaving from the Baltic Sea \u27a4 Buy online now\",\"breadcrumb\":{\"@id\":\"https:\\\/\\\/linen.eu\\\/en\\\/produkt\\\/celeste-linen-table-setting-from-geniksa\\\/#breadcrumb\"},\"inLanguage\":\"en-US\",\"potentialAction\":[{\"@type\":\"ReadAction\",\"target\":[\"https:\\\/\\\/linen.eu\\\/en\\\/produkt\\\/celeste-linen-table-setting-from-geniksa\\\/\"]}]},{\"@type\":\"ImageObject\",\"inLanguage\":\"en-US\",\"@id\":\"https:\\\/\\\/linen.eu\\\/en\\\/produkt\\\/celeste-linen-table-setting-from-geniksa\\\/#primaryimage\",\"url\":\"https:\\\/\\\/linen.eu\\\/wp-content\\\/uploads\\\/2025\\\/10\\\/Celeste-tablecloth-2-768x576-1.webp\",\"contentUrl\":\"https:\\\/\\\/linen.eu\\\/wp-content\\\/uploads\\\/2025\\\/10\\\/Celeste-tablecloth-2-768x576-1.webp\",\"width\":768,\"height\":576,\"caption\":\"Ein minimalistisch gedeckter Tisch mit einer hellblauen Tischdecke, einer blauen Glasvase mit kahlen Zweigen, einer kleinen wei\u00dfen Tasse und ein paar verstreuten Keksen, alles vor einem schlichten wei\u00dfen Hintergrund.\"},{\"@type\":\"BreadcrumbList\",\"@id\":\"https:\\\/\\\/linen.eu\\\/en\\\/produkt\\\/celeste-linen-table-setting-from-geniksa\\\/#breadcrumb\",\"itemListElement\":[{\"@type\":\"ListItem\",\"position\":1,\"name\":\"Startseite\",\"item\":\"https:\\\/\\\/linen.eu\\\/en\\\/home\\\/\"},{\"@type\":\"ListItem\",\"position\":2,\"name\":\"Shop\",\"item\":\"https:\\\/\\\/linen.eu\\\/en\\\/shop\\\/\"},{\"@type\":\"ListItem\",\"position\":3,\"name\":\"Celeste linen table setting from Geniksa\"}]},{\"@type\":\"WebSite\",\"@id\":\"https:\\\/\\\/linen.eu\\\/en\\\/#website\",\"url\":\"https:\\\/\\\/linen.eu\\\/en\\\/\",\"name\":\"Linen.eu\",\"description\":\"\",\"publisher\":{\"@id\":\"https:\\\/\\\/linen.eu\\\/en\\\/#organization\"},\"potentialAction\":[{\"@type\":\"SearchAction\",\"target\":{\"@type\":\"EntryPoint\",\"urlTemplate\":\"https:\\\/\\\/linen.eu\\\/en\\\/?s={search_term_string}\"},\"query-input\":{\"@type\":\"PropertyValueSpecification\",\"valueRequired\":true,\"valueName\":\"search_term_string\"}}],\"inLanguage\":\"en-US\"},{\"@type\":\"Organization\",\"@id\":\"https:\\\/\\\/linen.eu\\\/en\\\/#organization\",\"name\":\"Linen Lounge\",\"alternateName\":\"linen.eu\",\"url\":\"https:\\\/\\\/linen.eu\\\/en\\\/\",\"logo\":{\"@type\":\"ImageObject\",\"inLanguage\":\"en-US\",\"@id\":\"https:\\\/\\\/linen.eu\\\/en\\\/#\\\/schema\\\/logo\\\/image\\\/\",\"url\":\"https:\\\/\\\/linen.eu\\\/wp-content\\\/uploads\\\/2025\\\/10\\\/LinenLounge-NEU2.webp\",\"contentUrl\":\"https:\\\/\\\/linen.eu\\\/wp-content\\\/uploads\\\/2025\\\/10\\\/LinenLounge-NEU2.webp\",\"width\":1800,\"height\":455,\"caption\":\"Linen Lounge\"},\"image\":{\"@id\":\"https:\\\/\\\/linen.eu\\\/en\\\/#\\\/schema\\\/logo\\\/image\\\/\"},\"sameAs\":[\"https:\\\/\\\/linen.eu\",\"https:\\\/\\\/x.com\\\/linenlounge\",\"https:\\\/\\\/www.instagram.com\\\/linen.lounge?igsh=MW81aGhiY2VxZGRpMw==&utm_source=qr\",\"http:\\\/\\\/www.youtube.com\\\/@Linenlounge\"],\"description\":\"Online Fachhandel f\u00fcr europ\u00e4ische Leinen-Bettw\u00e4sche und Heimtextilien aus traditionellen Webereien wie Leitner Leinen, Schlitzer Leinen, Libeco, Vieb\u00f6ck und Hoffmann.\",\"email\":\"info@linen.eu\",\"telephone\":\"+49 (0) 69 90738860\",\"legalName\":\"Linen UG (haftungsbeschr\u00e4nkt)\",\"foundingDate\":\"2015-04-08\",\"numberOfEmployees\":{\"@type\":\"QuantitativeValue\",\"minValue\":\"1\",\"maxValue\":\"10\"}}]}<\/script>\n<meta property=\"product:brand\" content=\"Geniksa - Nordish by Nature\" \/>\n<meta property=\"og:availability\" content=\"instock\" \/>\n<meta property=\"product:availability\" content=\"instock\" \/>\n<meta property=\"product:retailer_item_id\" content=\"110103010618\" \/>\n<meta property=\"product:condition\" content=\"new\" \/>\n<!-- \/ Yoast SEO Premium plugin. -->","yoast_head_json":{"title":"Celeste linen table setting from Geniksa - Linen.eu","description":"Celeste linen tablecloth by Geniksa \u271a Cool, clear design \u271aTraditional linen weaving from the Baltic Sea \u27a4 Buy online now","robots":{"index":"index","follow":"follow","max-snippet":"max-snippet:-1","max-image-preview":"max-image-preview:large","max-video-preview":"max-video-preview:-1"},"canonical":"https:\/\/linen.eu\/en\/produkt\/celeste-linen-table-setting-from-geniksa\/","og_locale":"en_US","og_type":"article","og_title":"Celeste linen table setting from Geniksa","og_description":"Celeste linen tablecloth by Geniksa \u271a Cool, clear design \u271aTraditional linen weaving from the Baltic Sea \u27a4 Buy online now","og_url":"https:\/\/linen.eu\/en\/produkt\/celeste-linen-table-setting-from-geniksa\/","og_site_name":"Linen.eu","article_publisher":"https:\/\/linen.eu","article_modified_time":"2026-03-16T12:02:37+00:00","og_image":[{"width":768,"height":576,"url":"https:\/\/linen.eu\/wp-content\/uploads\/2025\/10\/Celeste-tablecloth-2-768x576-1.webp","type":"image\/webp"}],"twitter_card":"summary_large_image","twitter_site":"@linenlounge","twitter_misc":{"Availability":"In stock"},"schema":{"@context":"https:\/\/schema.org","@graph":[{"@type":"WebPage","@id":"https:\/\/linen.eu\/en\/produkt\/celeste-linen-table-setting-from-geniksa\/","url":"https:\/\/linen.eu\/en\/produkt\/celeste-linen-table-setting-from-geniksa\/","name":"Celeste linen table setting from Geniksa - Linen.eu","isPartOf":{"@id":"https:\/\/linen.eu\/en\/#website"},"primaryImageOfPage":{"@id":"https:\/\/linen.eu\/en\/produkt\/celeste-linen-table-setting-from-geniksa\/#primaryimage"},"image":{"@id":"https:\/\/linen.eu\/en\/produkt\/celeste-linen-table-setting-from-geniksa\/#primaryimage"},"thumbnailUrl":"https:\/\/linen.eu\/wp-content\/uploads\/2025\/10\/Celeste-tablecloth-2-768x576-1.webp","datePublished":"2025-10-08T17:33:10+00:00","dateModified":"2026-03-16T12:02:37+00:00","description":"Celeste linen tablecloth by Geniksa \u271a Cool, clear design \u271aTraditional linen weaving from the Baltic Sea \u27a4 Buy online now","breadcrumb":{"@id":"https:\/\/linen.eu\/en\/produkt\/celeste-linen-table-setting-from-geniksa\/#breadcrumb"},"inLanguage":"en-US","potentialAction":[{"@type":"ReadAction","target":["https:\/\/linen.eu\/en\/produkt\/celeste-linen-table-setting-from-geniksa\/"]}]},{"@type":"ImageObject","inLanguage":"en-US","@id":"https:\/\/linen.eu\/en\/produkt\/celeste-linen-table-setting-from-geniksa\/#primaryimage","url":"https:\/\/linen.eu\/wp-content\/uploads\/2025\/10\/Celeste-tablecloth-2-768x576-1.webp","contentUrl":"https:\/\/linen.eu\/wp-content\/uploads\/2025\/10\/Celeste-tablecloth-2-768x576-1.webp","width":768,"height":576,"caption":"Ein minimalistisch gedeckter Tisch mit einer hellblauen Tischdecke, einer blauen Glasvase mit kahlen Zweigen, einer kleinen wei\u00dfen Tasse und ein paar verstreuten Keksen, alles vor einem schlichten wei\u00dfen Hintergrund."},{"@type":"BreadcrumbList","@id":"https:\/\/linen.eu\/en\/produkt\/celeste-linen-table-setting-from-geniksa\/#breadcrumb","itemListElement":[{"@type":"ListItem","position":1,"name":"Startseite","item":"https:\/\/linen.eu\/en\/home\/"},{"@type":"ListItem","position":2,"name":"Shop","item":"https:\/\/linen.eu\/en\/shop\/"},{"@type":"ListItem","position":3,"name":"Celeste linen table setting from Geniksa"}]},{"@type":"WebSite","@id":"https:\/\/linen.eu\/en\/#website","url":"https:\/\/linen.eu\/en\/","name":"Linen.eu","description":"","publisher":{"@id":"https:\/\/linen.eu\/en\/#organization"},"potentialAction":[{"@type":"SearchAction","target":{"@type":"EntryPoint","urlTemplate":"https:\/\/linen.eu\/en\/?s={search_term_string}"},"query-input":{"@type":"PropertyValueSpecification","valueRequired":true,"valueName":"search_term_string"}}],"inLanguage":"en-US"},{"@type":"Organization","@id":"https:\/\/linen.eu\/en\/#organization","name":"Linen Lounge","alternateName":"linen.eu","url":"https:\/\/linen.eu\/en\/","logo":{"@type":"ImageObject","inLanguage":"en-US","@id":"https:\/\/linen.eu\/en\/#\/schema\/logo\/image\/","url":"https:\/\/linen.eu\/wp-content\/uploads\/2025\/10\/LinenLounge-NEU2.webp","contentUrl":"https:\/\/linen.eu\/wp-content\/uploads\/2025\/10\/LinenLounge-NEU2.webp","width":1800,"height":455,"caption":"Linen Lounge"},"image":{"@id":"https:\/\/linen.eu\/en\/#\/schema\/logo\/image\/"},"sameAs":["https:\/\/linen.eu","https:\/\/x.com\/linenlounge","https:\/\/www.instagram.com\/linen.lounge?igsh=MW81aGhiY2VxZGRpMw==&utm_source=qr","http:\/\/www.youtube.com\/@Linenlounge"],"description":"Online Fachhandel f\u00fcr europ\u00e4ische Leinen-Bettw\u00e4sche und Heimtextilien aus traditionellen Webereien wie Leitner Leinen, Schlitzer Leinen, Libeco, Vieb\u00f6ck und Hoffmann.","email":"info@linen.eu","telephone":"+49 (0) 69 90738860","legalName":"Linen UG (haftungsbeschr\u00e4nkt)","foundingDate":"2015-04-08","numberOfEmployees":{"@type":"QuantitativeValue","minValue":"1","maxValue":"10"}}]},"product_brand":"Geniksa - Nordish by Nature","og_availability":"instock","product_availability":"instock","product_retailer_item_id":"110103010618","product_condition":"new"},"_links":{"self":[{"href":"https:\/\/linen.eu\/en\/wp-json\/wp\/v2\/product\/126259","targetHints":{"allow":["GET"]}}],"collection":[{"href":"https:\/\/linen.eu\/en\/wp-json\/wp\/v2\/product"}],"about":[{"href":"https:\/\/linen.eu\/en\/wp-json\/wp\/v2\/types\/product"}],"replies":[{"embeddable":true,"href":"https:\/\/linen.eu\/en\/wp-json\/wp\/v2\/comments?post=126259"}],"wp:featuredmedia":[{"embeddable":true,"href":"https:\/\/linen.eu\/en\/wp-json\/wp\/v2\/media\/51393"}],"wp:attachment":[{"href":"https:\/\/linen.eu\/en\/wp-json\/wp\/v2\/media?parent=126259"}],"wp:term":[{"taxonomy":"product_brand","embeddable":true,"href":"https:\/\/linen.eu\/en\/wp-json\/wp\/v2\/product_brand?post=126259"},{"taxonomy":"product_cat","embeddable":true,"href":"https:\/\/linen.eu\/en\/wp-json\/wp\/v2\/product_cat?post=126259"},{"taxonomy":"product_tag","embeddable":true,"href":"https:\/\/linen.eu\/en\/wp-json\/wp\/v2\/product_tag?post=126259"}],"curies":[{"name":"wp","href":"https:\/\/api.w.org\/{rel}","templated":true}]}}