{"id":127092,"date":"2025-11-19T19:35:14","date_gmt":"2025-11-19T18:35:14","guid":{"rendered":"https:\/\/linen.eu\/produkt\/vintage-half-linen-bed-linen-from-leitner-leinen\/"},"modified":"2026-04-12T00:18:08","modified_gmt":"2026-04-11T22:18:08","slug":"vintage-half-linen-bed-linen-from-leitner-leinen","status":"publish","type":"product","link":"https:\/\/linen.eu\/en\/produkt\/vintage-half-linen-bed-linen-from-leitner-leinen\/","title":{"rendered":"Vintage half-linen bed linen from Leitner Leinen"},"content":{"rendered":"<h2>&#8220;Vintage half-linen bed linen from Leitner Leinen&#8221;<\/h2>\n<p>Vintage &#8211; a term that originally referred to the grape harvest, a special vintage with an unmistakable character. Today, it stands for the timeless beauty of bygone eras, for something special that outlasts the years. This half-linen design is aptly named: with its bohemian pattern, it combines the lightness of life with the patina of time. The ornamentation is reminiscent of hand-printed textiles from the ateliers of Marrakech to Jaipur, of caravanserais along the Silk Road, where cultures merged and new forms emerged. Gentle transitional effects allow the patterns to flow into one another as if time itself had had a hand in the process. The six color tones &#8211; from pure white to delicate sakura to deep anthracite &#8211; allow for multifaceted combinations: romantic with an ethno-influenced country house style, lively in an oriental mix of colors or restrained in Mediterranean reduction.     <\/p>\n<h3>The advantages of half-linen<\/h3>\n<p>Half-linen is the clever combination of two fibers that bring their respective strengths to bear. The warp &#8211; the vertically running yarn &#8211; is made of pure cotton, the weft &#8211; woven horizontally &#8211; of pure linen. This construction is no coincidence: the stretchy cotton gives the fabric stability and pretension, while the tear-resistant linen ensures durability. The result is impressive in all seasons: On warm days, the linen content gives a pleasant feeling of coolness on the skin, while the heat-retaining properties of the cotton come into play on cold nights. The half-linen absorbs moisture quickly and wicks it away without feeling damp. The antibacterial properties of linen fibers are largely retained, while cotton reduces the characteristic creasing of linen and makes the bed linen easier to care for. At the same time, cotton is easier to dye than linen &#8211; which gives the Vintage design its vibrant color brilliance. The protective structure of the linen increases abrasion resistance, making half-linen bed linen significantly more durable than pure cotton bed linen, but at a lower price than pure linen.       <\/p>\n<h3>Manufacturing tradition since 1853<\/h3>\n<p>The history of linen weaving <span class=\"s1\"><a href=\"https:\/\/linen.eu\/en\/linen-weaving-mills\/leitner-linen\/\">Leitner <\/a><\/span>begins in 1853, when the first looms went into operation in Ulrichsberg, Upper Austria. Five generations have passed since then, but the passion for linen and the dedication to perfect craftsmanship have remained. Embedded in the hilly landscape of the M\u00fchlviertel, bed linen collections are created here that combine tradition with innovation. The path from local weaving mill to internationally renowned manufactory was characterized by the pursuit of excellence. The result can be seen at the most important textile trade fairs worldwide. Yet for all its internationality, Leitner remains a manufactory in the best sense of the word: manageable, personal, flexible. Special sizes for unusual beds are just as much a matter of course as individual advice. Each piece is manufactured with the aim of lasting for generations.       <\/p>\n<h4>The product: Vintage half-linen bed linen from <span class=\"s1\"><a href=\"https:\/\/linen.eu\/en\/linen-weaving-mills\/leitner-linen\/\"><b>Leitner Linen<\/b><\/a><\/span><\/h4>\n<p>\u2713 Available as comforter cover and pillowcase in various sizes<br \/>\n\u2713 50% linen (weft), 50% cotton (warp) &#8211; washed and mechanically finished<br \/>\n\u2713 Fabric weight: medium-weight quality for optimum year-round sleeping comfort<br \/>\n\u2713 Fabric: Jacquard weave with nostalgic pattern depth<br \/>\n\u2713 Design: Bohemian pattern with soft transitional effects and romantic ornamentation<br \/>\n\u2713 Closure: Comforter covers and pillowcases with sturdy buttons, alternatively with zipper<br \/>\n\u2713 Color palette: 12 characterful shades &#8211; White, Sakura, Rust Red, Blue Fog, Jade, Anthracite, Alabaster, Amber, Arctic Blue, Stone, Terra<br \/>\n\u2713 Masters of Linen quality &#8211; seal of approval for top European quality<br \/>\n\u2713 CO\u2082-neutral produced in Austria<br \/>\n\u2713 Individual special sizes available on request<\/p>\n<h4>Care of your half-linen bed linen<\/h4>\n<p>Half-linen bed linen is easy to care for and develops an increasingly pleasant softness over time. Colored linen can withstand temperatures up to 60\u00b0, white bed linen up to 95\u00b0. In everyday life, 40-60\u00b0 is usually sufficient for perfect cleanliness. Do not use detergents with optical brighteners &#8211; these take away the linen&#8217;s natural depth of color. Slight creasing is a quality feature of natural fibers, but is much less pronounced with half-linen than with pure linen. For smoother results: Do not load the drum more than two thirds full and select a maximum of 1000 revolutions. Iron at a medium to high level with residual moisture. Tumble drying is not recommended &#8211; air drying is gentle on the fibers and preserves quality for decades.       <\/p>\n","protected":false},"excerpt":{"rendered":"<p data-start=\"63\" data-end=\"475\"><strong data-start=\"211\" data-end=\"252\">Vintage half linen from Leitner Leinen<\/strong> combines the clarity of linen with the supple warmth of cotton. The traditional combination of strong linen weft and soft cotton warp creates a fabric that harmoniously combines stability, moisture management and a balanced sleeping climate. The half-linen conveys summery coolness and wintery comfort, absorbs moisture quickly without feeling damp and at the same time retains the antibacterial properties of linen fibers. Its smooth, natural surface develops a soft patina over time, while the cotton softens creasing and enables brilliant coloration. Available in six carefully coordinated shades and woven in a CO\u2082-neutral way in Austria, Vintage stands for sustainable quality, textile tradition and bed linen that combines comfort, character and suitability for everyday use in a contemporary way.    <\/p>\n","protected":false},"featured_media":57504,"comment_status":"open","ping_status":"closed","template":"","meta":{"_acf_changed":false},"product_brand":[4797,4798],"product_cat":[3728,3916],"product_tag":[3731,3639,3750,3640,3863],"class_list":{"0":"post-127092","1":"product","2":"type-product","3":"status-publish","4":"has-post-thumbnail","6":"product_brand-leitner-linen","7":"product_brand-leitner-half-linen-bed-linen","8":"product_cat-bedroom","9":"product_cat-half-linen-bedding","10":"product_tag-natural-fiber","11":"product_tag-organic-linen","12":"product_tag-gots-certified","13":"product_tag-all-year","14":"product_tag-the-linen-legend","16":"first","17":"instock","18":"taxable","19":"shipping-taxable","20":"purchasable","21":"product-type-variable","22":"has-default-attributes"},"acf":[],"yoast_head":"<!-- This site is optimized with the Yoast SEO Premium plugin v27.4 (Yoast SEO v27.4) - https:\/\/yoast.com\/product\/yoast-seo-premium-wordpress\/ -->\n<title>Vintage half-linen bed linen from Leitner Leinen - Linen.eu<\/title>\n<meta name=\"description\" content=\"Vintage half-linen bed linen from Leitner Leinen \u271a The linen legend \u271a Woven and made in Austria \u271a Largest selection \u27a4 Buy online now\" \/>\n<meta name=\"robots\" content=\"index, follow, max-snippet:-1, max-image-preview:large, max-video-preview:-1\" \/>\n<link rel=\"canonical\" href=\"https:\/\/linen.eu\/en\/produkt\/vintage-half-linen-bed-linen-from-leitner-leinen\/\" \/>\n<meta property=\"og:locale\" content=\"en_US\" \/>\n<meta property=\"og:type\" content=\"article\" \/>\n<meta property=\"og:title\" content=\"Vintage half-linen bed linen from Leitner Leinen\" \/>\n<meta property=\"og:description\" content=\"Vintage half-linen bed linen from Leitner Leinen \u271a The linen legend \u271a Woven and made in Austria \u271a Largest selection \u27a4 Buy online now\" \/>\n<meta property=\"og:url\" content=\"https:\/\/linen.eu\/en\/produkt\/vintage-half-linen-bed-linen-from-leitner-leinen\/\" \/>\n<meta property=\"og:site_name\" content=\"Linen.eu\" \/>\n<meta property=\"article:publisher\" content=\"https:\/\/linen.eu\" \/>\n<meta property=\"article:modified_time\" content=\"2026-04-11T22:18:08+00:00\" \/>\n<meta name=\"twitter:card\" content=\"summary_large_image\" \/>\n<meta name=\"twitter:image\" content=\"https:\/\/linen.eu\/wp-content\/uploads\/2025\/11\/211-17-scaled.jpg\" \/>\n<meta name=\"twitter:site\" content=\"@linenlounge\" \/>\n<meta name=\"twitter:label1\" content=\"Availability\" \/>\n\t<meta name=\"twitter:data1\" content=\"In stock\" \/>\n<script type=\"application\/ld+json\" class=\"yoast-schema-graph\">{\"@context\":\"https:\\\/\\\/schema.org\",\"@graph\":[{\"@type\":\"WebPage\",\"@id\":\"https:\\\/\\\/linen.eu\\\/en\\\/produkt\\\/vintage-half-linen-bed-linen-from-leitner-leinen\\\/\",\"url\":\"https:\\\/\\\/linen.eu\\\/en\\\/produkt\\\/vintage-half-linen-bed-linen-from-leitner-leinen\\\/\",\"name\":\"Vintage half-linen bed linen from Leitner Leinen - Linen.eu\",\"isPartOf\":{\"@id\":\"https:\\\/\\\/linen.eu\\\/en\\\/#website\"},\"primaryImageOfPage\":{\"@id\":\"https:\\\/\\\/linen.eu\\\/en\\\/produkt\\\/vintage-half-linen-bed-linen-from-leitner-leinen\\\/#primaryimage\"},\"image\":{\"@id\":\"https:\\\/\\\/linen.eu\\\/en\\\/produkt\\\/vintage-half-linen-bed-linen-from-leitner-leinen\\\/#primaryimage\"},\"thumbnailUrl\":\"https:\\\/\\\/linen.eu\\\/wp-content\\\/uploads\\\/2025\\\/11\\\/211-17-scaled.jpg\",\"datePublished\":\"2025-11-19T18:35:14+00:00\",\"dateModified\":\"2026-04-11T22:18:08+00:00\",\"description\":\"Vintage half-linen bed linen from Leitner Leinen \u271a The linen legend \u271a Woven and made in Austria \u271a Largest selection \u27a4 Buy online now\",\"breadcrumb\":{\"@id\":\"https:\\\/\\\/linen.eu\\\/en\\\/produkt\\\/vintage-half-linen-bed-linen-from-leitner-leinen\\\/#breadcrumb\"},\"inLanguage\":\"en-US\",\"potentialAction\":[{\"@type\":\"ReadAction\",\"target\":[\"https:\\\/\\\/linen.eu\\\/en\\\/produkt\\\/vintage-half-linen-bed-linen-from-leitner-leinen\\\/\"]}]},{\"@type\":\"ImageObject\",\"inLanguage\":\"en-US\",\"@id\":\"https:\\\/\\\/linen.eu\\\/en\\\/produkt\\\/vintage-half-linen-bed-linen-from-leitner-leinen\\\/#primaryimage\",\"url\":\"https:\\\/\\\/linen.eu\\\/wp-content\\\/uploads\\\/2025\\\/11\\\/211-17-scaled.jpg\",\"contentUrl\":\"https:\\\/\\\/linen.eu\\\/wp-content\\\/uploads\\\/2025\\\/11\\\/211-17-scaled.jpg\",\"width\":2560,\"height\":1896,\"caption\":\"Ein Schlafzimmer mit einem Himmelbett und einem Stuhl.\"},{\"@type\":\"BreadcrumbList\",\"@id\":\"https:\\\/\\\/linen.eu\\\/en\\\/produkt\\\/vintage-half-linen-bed-linen-from-leitner-leinen\\\/#breadcrumb\",\"itemListElement\":[{\"@type\":\"ListItem\",\"position\":1,\"name\":\"Startseite\",\"item\":\"https:\\\/\\\/linen.eu\\\/en\\\/home\\\/\"},{\"@type\":\"ListItem\",\"position\":2,\"name\":\"Shop\",\"item\":\"https:\\\/\\\/linen.eu\\\/en\\\/shop\\\/\"},{\"@type\":\"ListItem\",\"position\":3,\"name\":\"Vintage half-linen bed linen from Leitner Leinen\"}]},{\"@type\":\"WebSite\",\"@id\":\"https:\\\/\\\/linen.eu\\\/en\\\/#website\",\"url\":\"https:\\\/\\\/linen.eu\\\/en\\\/\",\"name\":\"Linen.eu\",\"description\":\"\",\"publisher\":{\"@id\":\"https:\\\/\\\/linen.eu\\\/en\\\/#organization\"},\"potentialAction\":[{\"@type\":\"SearchAction\",\"target\":{\"@type\":\"EntryPoint\",\"urlTemplate\":\"https:\\\/\\\/linen.eu\\\/en\\\/?s={search_term_string}\"},\"query-input\":{\"@type\":\"PropertyValueSpecification\",\"valueRequired\":true,\"valueName\":\"search_term_string\"}}],\"inLanguage\":\"en-US\"},{\"@type\":\"Organization\",\"@id\":\"https:\\\/\\\/linen.eu\\\/en\\\/#organization\",\"name\":\"Linen Lounge\",\"alternateName\":\"linen.eu\",\"url\":\"https:\\\/\\\/linen.eu\\\/en\\\/\",\"logo\":{\"@type\":\"ImageObject\",\"inLanguage\":\"en-US\",\"@id\":\"https:\\\/\\\/linen.eu\\\/en\\\/#\\\/schema\\\/logo\\\/image\\\/\",\"url\":\"https:\\\/\\\/linen.eu\\\/wp-content\\\/uploads\\\/2025\\\/10\\\/LinenLounge-NEU2.webp\",\"contentUrl\":\"https:\\\/\\\/linen.eu\\\/wp-content\\\/uploads\\\/2025\\\/10\\\/LinenLounge-NEU2.webp\",\"width\":1800,\"height\":455,\"caption\":\"Linen Lounge\"},\"image\":{\"@id\":\"https:\\\/\\\/linen.eu\\\/en\\\/#\\\/schema\\\/logo\\\/image\\\/\"},\"sameAs\":[\"https:\\\/\\\/linen.eu\",\"https:\\\/\\\/x.com\\\/linenlounge\",\"https:\\\/\\\/www.instagram.com\\\/linen.lounge?igsh=MW81aGhiY2VxZGRpMw==&utm_source=qr\",\"http:\\\/\\\/www.youtube.com\\\/@Linenlounge\"],\"description\":\"Online Fachhandel f\u00fcr europ\u00e4ische Leinen-Bettw\u00e4sche und Heimtextilien aus traditionellen Webereien wie Leitner Leinen, Schlitzer Leinen, Libeco, Vieb\u00f6ck und Hoffmann.\",\"email\":\"info@linen.eu\",\"telephone\":\"+49 (0) 69 90738860\",\"legalName\":\"Linen UG (haftungsbeschr\u00e4nkt)\",\"foundingDate\":\"2015-04-08\",\"numberOfEmployees\":{\"@type\":\"QuantitativeValue\",\"minValue\":\"1\",\"maxValue\":\"10\"}}]}<\/script>\n<meta property=\"product:brand\" content=\"Leitner Linen\" \/>\n<meta property=\"og:availability\" content=\"instock\" \/>\n<meta property=\"product:availability\" content=\"instock\" \/>\n<meta property=\"product:retailer_item_id\" content=\"125111280251\" \/>\n<meta property=\"product:condition\" content=\"new\" \/>\n<!-- \/ Yoast SEO Premium plugin. -->","yoast_head_json":{"title":"Vintage half-linen bed linen from Leitner Leinen - Linen.eu","description":"Vintage half-linen bed linen from Leitner Leinen \u271a The linen legend \u271a Woven and made in Austria \u271a Largest selection \u27a4 Buy online now","robots":{"index":"index","follow":"follow","max-snippet":"max-snippet:-1","max-image-preview":"max-image-preview:large","max-video-preview":"max-video-preview:-1"},"canonical":"https:\/\/linen.eu\/en\/produkt\/vintage-half-linen-bed-linen-from-leitner-leinen\/","og_locale":"en_US","og_type":"article","og_title":"Vintage half-linen bed linen from Leitner Leinen","og_description":"Vintage half-linen bed linen from Leitner Leinen \u271a The linen legend \u271a Woven and made in Austria \u271a Largest selection \u27a4 Buy online now","og_url":"https:\/\/linen.eu\/en\/produkt\/vintage-half-linen-bed-linen-from-leitner-leinen\/","og_site_name":"Linen.eu","article_publisher":"https:\/\/linen.eu","article_modified_time":"2026-04-11T22:18:08+00:00","twitter_card":"summary_large_image","twitter_image":"https:\/\/linen.eu\/wp-content\/uploads\/2025\/11\/211-17-scaled.jpg","twitter_site":"@linenlounge","twitter_misc":{"Availability":"In stock"},"schema":{"@context":"https:\/\/schema.org","@graph":[{"@type":"WebPage","@id":"https:\/\/linen.eu\/en\/produkt\/vintage-half-linen-bed-linen-from-leitner-leinen\/","url":"https:\/\/linen.eu\/en\/produkt\/vintage-half-linen-bed-linen-from-leitner-leinen\/","name":"Vintage half-linen bed linen from Leitner Leinen - Linen.eu","isPartOf":{"@id":"https:\/\/linen.eu\/en\/#website"},"primaryImageOfPage":{"@id":"https:\/\/linen.eu\/en\/produkt\/vintage-half-linen-bed-linen-from-leitner-leinen\/#primaryimage"},"image":{"@id":"https:\/\/linen.eu\/en\/produkt\/vintage-half-linen-bed-linen-from-leitner-leinen\/#primaryimage"},"thumbnailUrl":"https:\/\/linen.eu\/wp-content\/uploads\/2025\/11\/211-17-scaled.jpg","datePublished":"2025-11-19T18:35:14+00:00","dateModified":"2026-04-11T22:18:08+00:00","description":"Vintage half-linen bed linen from Leitner Leinen \u271a The linen legend \u271a Woven and made in Austria \u271a Largest selection \u27a4 Buy online now","breadcrumb":{"@id":"https:\/\/linen.eu\/en\/produkt\/vintage-half-linen-bed-linen-from-leitner-leinen\/#breadcrumb"},"inLanguage":"en-US","potentialAction":[{"@type":"ReadAction","target":["https:\/\/linen.eu\/en\/produkt\/vintage-half-linen-bed-linen-from-leitner-leinen\/"]}]},{"@type":"ImageObject","inLanguage":"en-US","@id":"https:\/\/linen.eu\/en\/produkt\/vintage-half-linen-bed-linen-from-leitner-leinen\/#primaryimage","url":"https:\/\/linen.eu\/wp-content\/uploads\/2025\/11\/211-17-scaled.jpg","contentUrl":"https:\/\/linen.eu\/wp-content\/uploads\/2025\/11\/211-17-scaled.jpg","width":2560,"height":1896,"caption":"Ein Schlafzimmer mit einem Himmelbett und einem Stuhl."},{"@type":"BreadcrumbList","@id":"https:\/\/linen.eu\/en\/produkt\/vintage-half-linen-bed-linen-from-leitner-leinen\/#breadcrumb","itemListElement":[{"@type":"ListItem","position":1,"name":"Startseite","item":"https:\/\/linen.eu\/en\/home\/"},{"@type":"ListItem","position":2,"name":"Shop","item":"https:\/\/linen.eu\/en\/shop\/"},{"@type":"ListItem","position":3,"name":"Vintage half-linen bed linen from Leitner Leinen"}]},{"@type":"WebSite","@id":"https:\/\/linen.eu\/en\/#website","url":"https:\/\/linen.eu\/en\/","name":"Linen.eu","description":"","publisher":{"@id":"https:\/\/linen.eu\/en\/#organization"},"potentialAction":[{"@type":"SearchAction","target":{"@type":"EntryPoint","urlTemplate":"https:\/\/linen.eu\/en\/?s={search_term_string}"},"query-input":{"@type":"PropertyValueSpecification","valueRequired":true,"valueName":"search_term_string"}}],"inLanguage":"en-US"},{"@type":"Organization","@id":"https:\/\/linen.eu\/en\/#organization","name":"Linen Lounge","alternateName":"linen.eu","url":"https:\/\/linen.eu\/en\/","logo":{"@type":"ImageObject","inLanguage":"en-US","@id":"https:\/\/linen.eu\/en\/#\/schema\/logo\/image\/","url":"https:\/\/linen.eu\/wp-content\/uploads\/2025\/10\/LinenLounge-NEU2.webp","contentUrl":"https:\/\/linen.eu\/wp-content\/uploads\/2025\/10\/LinenLounge-NEU2.webp","width":1800,"height":455,"caption":"Linen Lounge"},"image":{"@id":"https:\/\/linen.eu\/en\/#\/schema\/logo\/image\/"},"sameAs":["https:\/\/linen.eu","https:\/\/x.com\/linenlounge","https:\/\/www.instagram.com\/linen.lounge?igsh=MW81aGhiY2VxZGRpMw==&utm_source=qr","http:\/\/www.youtube.com\/@Linenlounge"],"description":"Online Fachhandel f\u00fcr europ\u00e4ische Leinen-Bettw\u00e4sche und Heimtextilien aus traditionellen Webereien wie Leitner Leinen, Schlitzer Leinen, Libeco, Vieb\u00f6ck und Hoffmann.","email":"info@linen.eu","telephone":"+49 (0) 69 90738860","legalName":"Linen UG (haftungsbeschr\u00e4nkt)","foundingDate":"2015-04-08","numberOfEmployees":{"@type":"QuantitativeValue","minValue":"1","maxValue":"10"}}]},"product_brand":"Leitner Linen","og_availability":"instock","product_availability":"instock","product_retailer_item_id":"125111280251","product_condition":"new"},"_links":{"self":[{"href":"https:\/\/linen.eu\/en\/wp-json\/wp\/v2\/product\/127092","targetHints":{"allow":["GET"]}}],"collection":[{"href":"https:\/\/linen.eu\/en\/wp-json\/wp\/v2\/product"}],"about":[{"href":"https:\/\/linen.eu\/en\/wp-json\/wp\/v2\/types\/product"}],"replies":[{"embeddable":true,"href":"https:\/\/linen.eu\/en\/wp-json\/wp\/v2\/comments?post=127092"}],"wp:featuredmedia":[{"embeddable":true,"href":"https:\/\/linen.eu\/en\/wp-json\/wp\/v2\/media\/57504"}],"wp:attachment":[{"href":"https:\/\/linen.eu\/en\/wp-json\/wp\/v2\/media?parent=127092"}],"wp:term":[{"taxonomy":"product_brand","embeddable":true,"href":"https:\/\/linen.eu\/en\/wp-json\/wp\/v2\/product_brand?post=127092"},{"taxonomy":"product_cat","embeddable":true,"href":"https:\/\/linen.eu\/en\/wp-json\/wp\/v2\/product_cat?post=127092"},{"taxonomy":"product_tag","embeddable":true,"href":"https:\/\/linen.eu\/en\/wp-json\/wp\/v2\/product_tag?post=127092"}],"curies":[{"name":"wp","href":"https:\/\/api.w.org\/{rel}","templated":true}]}}