{"id":128403,"date":"2025-11-19T19:43:11","date_gmt":"2025-11-19T18:43:11","guid":{"rendered":"https:\/\/linen.eu\/produkt\/imperial-linen-table-linen-from-leitner-leinen\/"},"modified":"2026-04-12T00:16:43","modified_gmt":"2026-04-11T22:16:43","slug":"imperial-linen-table-linen-from-leitner-leinen","status":"publish","type":"product","link":"https:\/\/linen.eu\/en\/produkt\/imperial-linen-table-linen-from-leitner-leinen\/","title":{"rendered":"Imperial linen table linen from Leitner Leinen"},"content":{"rendered":"<h2>&#8220;Imperial&#8221;<\/h2>\n<p>Imperial &#8211; stately, imperial, representative. With this design, Leitner Leinen takes us into the world of the European High Baroque, the era between the 17th and 18th centuries in which courtly power manifested itself in ornamental splendor. In the Habsburg Empire under Maria Theresa, in the residences of Sch\u00f6nbrunn and the Hofburg, a dining culture developed that inseparably combined ceremonial and aesthetics. Acanthus leaves, stylized calyxes and voluminous tendrils &#8211; the design language that shaped architecture and textiles alike &#8211; are found in full opulence in the Imperial pure linen. The pattern takes up space without being overwhelming. It asserts itself on the table without being obtrusive. The Imperial tablecloth quotes a cultural tradition in which the table became the setting for courtly ceremonial.        <\/p>\n<p><strong>European organic linen<\/strong><\/p>\n<p>Linen for the table is a material with a long courtly tradition. Even in the Baroque era, finely woven linen was considered an expression of refinement. The linen fiber combines properties that predestine it for table use: Its smooth surface initially repels liquids and offers protection before a stain can penetrate. At the same time, linen is highly absorbent as soon as the fiber is soaked &#8211; a property that makes napkins functional. The natural smoothness creates the cool, firm feel that gives tablecloths their characteristic drape. Linen is naturally antistatic and bacteriostatic &#8211; properties that make it particularly suitable for contact with food. The fiber does not weaken with use, but becomes more supple. Linen develops a patina, not wear and tear. Tablecloths made from European organic linen become softer over time without losing their structural strength. The GOTS certificate guarantees that no chemical bleaching agents, synthetic pesticides or optical brighteners are used from cultivation to finishing.         <\/p>\n<p><strong>The Weaving Mill<\/strong><\/p>\n<p>Since 1853 the <span class=\"s1\"><a href=\"https:\/\/linen.eu\/en\/linen-weaving-mills\/leitner-linen\/\">Leitner <\/a><\/span>Manufaktur in V\u00f6cklabruck, Austria, has been weaving linen according to the principles that can only be maintained through continuity in craftsmanship. Imperial is produced in an elaborate jacquard linen weave &#8211; a process in which the pattern is not printed on, but worked directly into the fabric structure. Each acanthus leaf, each floral volute is an integral part of the fabric itself. The Jacquard technique, developed in the early 19th century by Joseph-Marie Jacquard, enables complex patterns to be created by individually controlling each individual warp thread. The result is a relief-like fabric in which patterned and unpatterned areas are not only visually but also haptically distinct from one another. Leitner Manufaktur works with mechanical looms whose precision lies in the fact that they do not smooth out the natural irregularity of the linen fibers, but rather absorb it. This results in fabrics with a characteristic liveliness that industrial uniformity cannot reproduce.      <\/p>\n<p><strong>The product<\/strong><\/p>\n<p>Imperial is available as a tablecloth and napkin. The fabric consists of 100 percent European pure linen in an elaborate jacquard linen weave. The color palette comprises nine shades and ranges from classic white to the pastel softness of Sakura and the cool nuances of Lago, Delft Blue and Arctic Blue. The earthy tones of Linen, Terra and Stone convey warm restraint, while Granite, the darkest tone in the range, adds a depth that supports prestigious settings. Each color scheme can be combined with porcelain as well as with stoneware or contemporary tableware. Imperial is a tablecloth for occasions where the table needs to be more than just a surface.     <\/p>\n<p>\u2713 100% European pure linen<br \/>\n\u2713 Elaborate jacquard linen weave with baroque pattern<br \/>\n\u2713 Available as a tablecloth and napkin<br \/>\n\u2713 11 colors: White, Sakura, Lago, Delft Blue, Arctic Blue, Linen, Terra, Stone, Granite, Anthracite, Purple<br \/>\n\u2713 GOTS-certified<br \/>\n\u2713 Woven in the <span class=\"s1\"><a href=\"https:\/\/linen.eu\/en\/magazine\/\">Leitner <\/a><\/span>Manufaktur, Ulrichsberg (Austria)<\/p>\n<p><strong>Care Instructions<\/strong><\/p>\n<p>Linen table linen can withstand temperatures up to 60 degrees, white qualities up to 95 degrees. Washing temperatures between 40 and 60 degrees are gentle on the fibers. Do not use detergents with optical brighteners &#8211; they bleach out the color pigments. Do not overfill the machine: linen needs freedom of movement. Spin at 800 to a maximum of 1,000 revolutions and remove the laundry slightly damp. Iron on the highest setting as long as there is still residual moisture. Linen loves heat and moisture &#8211; this is the only way to completely smooth out the fibers. Avoid the tumble dryer. Treat stains from red wine or coffee immediately with cold water &#8211; the smooth linen fibers release stains more easily when they react quickly.        <\/p>\n","protected":false},"excerpt":{"rendered":"<p data-start=\"175\" data-end=\"488\"><strong data-start=\"56\" data-end=\"68\">Imperial<\/strong> by Leitner Leinen combines baroque opulence with the cultivated calm of pure linen. The artfully woven jacquard, inspired by the ornamental design language of the European High Baroque, brings acanthus leaves and floral tendrils to life as a tactile relief and testifies to the masterful craftsmanship that has characterized Leitner Manufaktur since 1853. Made from 100% European organic linen in an elaborate jacquard linen weave, Imperial combines prestigious aesthetics with the natural advantages of linen fibers: a smooth surface, high absorbency, antistatic properties and a patina that gains character over time. Available in nine carefully coordinated colors and woven in Austria, Imperial stands for sustainable quality, textile tradition and a table design that harmoniously combines elegance and restraint.   <\/p>\n","protected":false},"featured_media":128404,"comment_status":"open","ping_status":"closed","template":"","meta":{"_acf_changed":false},"product_brand":[4797,4800],"product_cat":[3636,3749,3637],"product_tag":[3731,3750,3639,3863,3640],"class_list":{"0":"post-128403","1":"product","2":"type-product","3":"status-publish","4":"has-post-thumbnail","6":"product_brand-leitner-linen","7":"product_brand-leitner-linen-table-linen","8":"product_cat-table-dining","9":"product_cat-linen-tablecloths","10":"product_cat-linen-napkins","11":"product_tag-natural-fiber","12":"product_tag-gots-certified","13":"product_tag-organic-linen","14":"product_tag-the-linen-legend","15":"product_tag-all-year","17":"first","18":"instock","19":"taxable","20":"shipping-taxable","21":"purchasable","22":"product-type-variable"},"acf":[],"yoast_head":"<!-- This site is optimized with the Yoast SEO Premium plugin v27.4 (Yoast SEO v27.4) - https:\/\/yoast.com\/product\/yoast-seo-premium-wordpress\/ -->\n<title>Imperial linen table linen from Leitner Leinen - Linen.eu<\/title>\n<meta name=\"description\" content=\"Imperial linen table linen from Leitner Leinen \u271a The linen legend \u271a Woven and made in Austria \u271a Largest selection \u27a4 Buy online now\" \/>\n<meta name=\"robots\" content=\"index, follow, max-snippet:-1, max-image-preview:large, max-video-preview:-1\" \/>\n<link rel=\"canonical\" href=\"https:\/\/linen.eu\/en\/produkt\/imperial-linen-table-linen-from-leitner-leinen\/\" \/>\n<meta property=\"og:locale\" content=\"en_US\" \/>\n<meta property=\"og:type\" content=\"article\" \/>\n<meta property=\"og:title\" content=\"Imperial linen table linen from Leitner Leinen\" \/>\n<meta property=\"og:description\" content=\"Imperial linen table linen from Leitner Leinen \u271a The linen legend \u271a Woven and made in Austria \u271a Largest selection \u27a4 Buy online now\" \/>\n<meta property=\"og:url\" content=\"https:\/\/linen.eu\/en\/produkt\/imperial-linen-table-linen-from-leitner-leinen\/\" \/>\n<meta property=\"og:site_name\" content=\"Linen.eu\" \/>\n<meta property=\"article:publisher\" content=\"https:\/\/linen.eu\" \/>\n<meta property=\"article:modified_time\" content=\"2026-04-11T22:16:43+00:00\" \/>\n<meta property=\"og:image\" content=\"https:\/\/linen.eu\/wp-content\/uploads\/2025\/11\/Imperial-Tischwaesche.jpg\" \/>\n\t<meta property=\"og:image:width\" content=\"1184\" \/>\n\t<meta property=\"og:image:height\" content=\"864\" \/>\n\t<meta property=\"og:image:type\" content=\"image\/jpeg\" \/>\n<meta name=\"twitter:card\" content=\"summary_large_image\" \/>\n<meta name=\"twitter:site\" content=\"@linenlounge\" \/>\n<meta name=\"twitter:label1\" content=\"Availability\" \/>\n\t<meta name=\"twitter:data1\" content=\"In stock\" \/>\n<script type=\"application\/ld+json\" class=\"yoast-schema-graph\">{\"@context\":\"https:\\\/\\\/schema.org\",\"@graph\":[{\"@type\":\"WebPage\",\"@id\":\"https:\\\/\\\/linen.eu\\\/en\\\/produkt\\\/imperial-linen-table-linen-from-leitner-leinen\\\/\",\"url\":\"https:\\\/\\\/linen.eu\\\/en\\\/produkt\\\/imperial-linen-table-linen-from-leitner-leinen\\\/\",\"name\":\"Imperial linen table linen from Leitner Leinen - Linen.eu\",\"isPartOf\":{\"@id\":\"https:\\\/\\\/linen.eu\\\/en\\\/#website\"},\"primaryImageOfPage\":{\"@id\":\"https:\\\/\\\/linen.eu\\\/en\\\/produkt\\\/imperial-linen-table-linen-from-leitner-leinen\\\/#primaryimage\"},\"image\":{\"@id\":\"https:\\\/\\\/linen.eu\\\/en\\\/produkt\\\/imperial-linen-table-linen-from-leitner-leinen\\\/#primaryimage\"},\"thumbnailUrl\":\"https:\\\/\\\/linen.eu\\\/wp-content\\\/uploads\\\/2025\\\/11\\\/Imperial-Tischwaesche.jpg\",\"datePublished\":\"2025-11-19T18:43:11+00:00\",\"dateModified\":\"2026-04-11T22:16:43+00:00\",\"description\":\"Imperial linen table linen from Leitner Leinen \u271a The linen legend \u271a Woven and made in Austria \u271a Largest selection \u27a4 Buy online now\",\"breadcrumb\":{\"@id\":\"https:\\\/\\\/linen.eu\\\/en\\\/produkt\\\/imperial-linen-table-linen-from-leitner-leinen\\\/#breadcrumb\"},\"inLanguage\":\"en-US\",\"potentialAction\":[{\"@type\":\"ReadAction\",\"target\":[\"https:\\\/\\\/linen.eu\\\/en\\\/produkt\\\/imperial-linen-table-linen-from-leitner-leinen\\\/\"]}]},{\"@type\":\"ImageObject\",\"inLanguage\":\"en-US\",\"@id\":\"https:\\\/\\\/linen.eu\\\/en\\\/produkt\\\/imperial-linen-table-linen-from-leitner-leinen\\\/#primaryimage\",\"url\":\"https:\\\/\\\/linen.eu\\\/wp-content\\\/uploads\\\/2025\\\/11\\\/Imperial-Tischwaesche.jpg\",\"contentUrl\":\"https:\\\/\\\/linen.eu\\\/wp-content\\\/uploads\\\/2025\\\/11\\\/Imperial-Tischwaesche.jpg\",\"width\":1184,\"height\":864,\"caption\":\"A festive table with linen tablecloths\"},{\"@type\":\"BreadcrumbList\",\"@id\":\"https:\\\/\\\/linen.eu\\\/en\\\/produkt\\\/imperial-linen-table-linen-from-leitner-leinen\\\/#breadcrumb\",\"itemListElement\":[{\"@type\":\"ListItem\",\"position\":1,\"name\":\"Startseite\",\"item\":\"https:\\\/\\\/linen.eu\\\/en\\\/home\\\/\"},{\"@type\":\"ListItem\",\"position\":2,\"name\":\"Shop\",\"item\":\"https:\\\/\\\/linen.eu\\\/en\\\/shop\\\/\"},{\"@type\":\"ListItem\",\"position\":3,\"name\":\"Imperial linen table linen from Leitner Leinen\"}]},{\"@type\":\"WebSite\",\"@id\":\"https:\\\/\\\/linen.eu\\\/en\\\/#website\",\"url\":\"https:\\\/\\\/linen.eu\\\/en\\\/\",\"name\":\"Linen.eu\",\"description\":\"\",\"publisher\":{\"@id\":\"https:\\\/\\\/linen.eu\\\/en\\\/#organization\"},\"potentialAction\":[{\"@type\":\"SearchAction\",\"target\":{\"@type\":\"EntryPoint\",\"urlTemplate\":\"https:\\\/\\\/linen.eu\\\/en\\\/?s={search_term_string}\"},\"query-input\":{\"@type\":\"PropertyValueSpecification\",\"valueRequired\":true,\"valueName\":\"search_term_string\"}}],\"inLanguage\":\"en-US\"},{\"@type\":\"Organization\",\"@id\":\"https:\\\/\\\/linen.eu\\\/en\\\/#organization\",\"name\":\"Linen Lounge\",\"alternateName\":\"linen.eu\",\"url\":\"https:\\\/\\\/linen.eu\\\/en\\\/\",\"logo\":{\"@type\":\"ImageObject\",\"inLanguage\":\"en-US\",\"@id\":\"https:\\\/\\\/linen.eu\\\/en\\\/#\\\/schema\\\/logo\\\/image\\\/\",\"url\":\"https:\\\/\\\/linen.eu\\\/wp-content\\\/uploads\\\/2025\\\/10\\\/LinenLounge-NEU2.webp\",\"contentUrl\":\"https:\\\/\\\/linen.eu\\\/wp-content\\\/uploads\\\/2025\\\/10\\\/LinenLounge-NEU2.webp\",\"width\":1800,\"height\":455,\"caption\":\"Linen Lounge\"},\"image\":{\"@id\":\"https:\\\/\\\/linen.eu\\\/en\\\/#\\\/schema\\\/logo\\\/image\\\/\"},\"sameAs\":[\"https:\\\/\\\/linen.eu\",\"https:\\\/\\\/x.com\\\/linenlounge\",\"https:\\\/\\\/www.instagram.com\\\/linen.lounge?igsh=MW81aGhiY2VxZGRpMw==&utm_source=qr\",\"http:\\\/\\\/www.youtube.com\\\/@Linenlounge\"],\"description\":\"Online Fachhandel f\u00fcr europ\u00e4ische Leinen-Bettw\u00e4sche und Heimtextilien aus traditionellen Webereien wie Leitner Leinen, Schlitzer Leinen, Libeco, Vieb\u00f6ck und Hoffmann.\",\"email\":\"info@linen.eu\",\"telephone\":\"+49 (0) 69 90738860\",\"legalName\":\"Linen UG (haftungsbeschr\u00e4nkt)\",\"foundingDate\":\"2015-04-08\",\"numberOfEmployees\":{\"@type\":\"QuantitativeValue\",\"minValue\":\"1\",\"maxValue\":\"10\"}}]}<\/script>\n<meta property=\"product:brand\" content=\"Leitner Linen\" \/>\n<meta property=\"og:availability\" content=\"instock\" \/>\n<meta property=\"product:availability\" content=\"instock\" \/>\n<meta property=\"product:retailer_item_id\" content=\"125111280232\" \/>\n<meta property=\"product:condition\" content=\"new\" \/>\n<!-- \/ Yoast SEO Premium plugin. -->","yoast_head_json":{"title":"Imperial linen table linen from Leitner Leinen - Linen.eu","description":"Imperial linen table linen from Leitner Leinen \u271a The linen legend \u271a Woven and made in Austria \u271a Largest selection \u27a4 Buy online now","robots":{"index":"index","follow":"follow","max-snippet":"max-snippet:-1","max-image-preview":"max-image-preview:large","max-video-preview":"max-video-preview:-1"},"canonical":"https:\/\/linen.eu\/en\/produkt\/imperial-linen-table-linen-from-leitner-leinen\/","og_locale":"en_US","og_type":"article","og_title":"Imperial linen table linen from Leitner Leinen","og_description":"Imperial linen table linen from Leitner Leinen \u271a The linen legend \u271a Woven and made in Austria \u271a Largest selection \u27a4 Buy online now","og_url":"https:\/\/linen.eu\/en\/produkt\/imperial-linen-table-linen-from-leitner-leinen\/","og_site_name":"Linen.eu","article_publisher":"https:\/\/linen.eu","article_modified_time":"2026-04-11T22:16:43+00:00","og_image":[{"width":1184,"height":864,"url":"https:\/\/linen.eu\/wp-content\/uploads\/2025\/11\/Imperial-Tischwaesche.jpg","type":"image\/jpeg"}],"twitter_card":"summary_large_image","twitter_site":"@linenlounge","twitter_misc":{"Availability":"In stock"},"schema":{"@context":"https:\/\/schema.org","@graph":[{"@type":"WebPage","@id":"https:\/\/linen.eu\/en\/produkt\/imperial-linen-table-linen-from-leitner-leinen\/","url":"https:\/\/linen.eu\/en\/produkt\/imperial-linen-table-linen-from-leitner-leinen\/","name":"Imperial linen table linen from Leitner Leinen - Linen.eu","isPartOf":{"@id":"https:\/\/linen.eu\/en\/#website"},"primaryImageOfPage":{"@id":"https:\/\/linen.eu\/en\/produkt\/imperial-linen-table-linen-from-leitner-leinen\/#primaryimage"},"image":{"@id":"https:\/\/linen.eu\/en\/produkt\/imperial-linen-table-linen-from-leitner-leinen\/#primaryimage"},"thumbnailUrl":"https:\/\/linen.eu\/wp-content\/uploads\/2025\/11\/Imperial-Tischwaesche.jpg","datePublished":"2025-11-19T18:43:11+00:00","dateModified":"2026-04-11T22:16:43+00:00","description":"Imperial linen table linen from Leitner Leinen \u271a The linen legend \u271a Woven and made in Austria \u271a Largest selection \u27a4 Buy online now","breadcrumb":{"@id":"https:\/\/linen.eu\/en\/produkt\/imperial-linen-table-linen-from-leitner-leinen\/#breadcrumb"},"inLanguage":"en-US","potentialAction":[{"@type":"ReadAction","target":["https:\/\/linen.eu\/en\/produkt\/imperial-linen-table-linen-from-leitner-leinen\/"]}]},{"@type":"ImageObject","inLanguage":"en-US","@id":"https:\/\/linen.eu\/en\/produkt\/imperial-linen-table-linen-from-leitner-leinen\/#primaryimage","url":"https:\/\/linen.eu\/wp-content\/uploads\/2025\/11\/Imperial-Tischwaesche.jpg","contentUrl":"https:\/\/linen.eu\/wp-content\/uploads\/2025\/11\/Imperial-Tischwaesche.jpg","width":1184,"height":864,"caption":"A festive table with linen tablecloths"},{"@type":"BreadcrumbList","@id":"https:\/\/linen.eu\/en\/produkt\/imperial-linen-table-linen-from-leitner-leinen\/#breadcrumb","itemListElement":[{"@type":"ListItem","position":1,"name":"Startseite","item":"https:\/\/linen.eu\/en\/home\/"},{"@type":"ListItem","position":2,"name":"Shop","item":"https:\/\/linen.eu\/en\/shop\/"},{"@type":"ListItem","position":3,"name":"Imperial linen table linen from Leitner Leinen"}]},{"@type":"WebSite","@id":"https:\/\/linen.eu\/en\/#website","url":"https:\/\/linen.eu\/en\/","name":"Linen.eu","description":"","publisher":{"@id":"https:\/\/linen.eu\/en\/#organization"},"potentialAction":[{"@type":"SearchAction","target":{"@type":"EntryPoint","urlTemplate":"https:\/\/linen.eu\/en\/?s={search_term_string}"},"query-input":{"@type":"PropertyValueSpecification","valueRequired":true,"valueName":"search_term_string"}}],"inLanguage":"en-US"},{"@type":"Organization","@id":"https:\/\/linen.eu\/en\/#organization","name":"Linen Lounge","alternateName":"linen.eu","url":"https:\/\/linen.eu\/en\/","logo":{"@type":"ImageObject","inLanguage":"en-US","@id":"https:\/\/linen.eu\/en\/#\/schema\/logo\/image\/","url":"https:\/\/linen.eu\/wp-content\/uploads\/2025\/10\/LinenLounge-NEU2.webp","contentUrl":"https:\/\/linen.eu\/wp-content\/uploads\/2025\/10\/LinenLounge-NEU2.webp","width":1800,"height":455,"caption":"Linen Lounge"},"image":{"@id":"https:\/\/linen.eu\/en\/#\/schema\/logo\/image\/"},"sameAs":["https:\/\/linen.eu","https:\/\/x.com\/linenlounge","https:\/\/www.instagram.com\/linen.lounge?igsh=MW81aGhiY2VxZGRpMw==&utm_source=qr","http:\/\/www.youtube.com\/@Linenlounge"],"description":"Online Fachhandel f\u00fcr europ\u00e4ische Leinen-Bettw\u00e4sche und Heimtextilien aus traditionellen Webereien wie Leitner Leinen, Schlitzer Leinen, Libeco, Vieb\u00f6ck und Hoffmann.","email":"info@linen.eu","telephone":"+49 (0) 69 90738860","legalName":"Linen UG (haftungsbeschr\u00e4nkt)","foundingDate":"2015-04-08","numberOfEmployees":{"@type":"QuantitativeValue","minValue":"1","maxValue":"10"}}]},"product_brand":"Leitner Linen","og_availability":"instock","product_availability":"instock","product_retailer_item_id":"125111280232","product_condition":"new"},"_links":{"self":[{"href":"https:\/\/linen.eu\/en\/wp-json\/wp\/v2\/product\/128403","targetHints":{"allow":["GET"]}}],"collection":[{"href":"https:\/\/linen.eu\/en\/wp-json\/wp\/v2\/product"}],"about":[{"href":"https:\/\/linen.eu\/en\/wp-json\/wp\/v2\/types\/product"}],"replies":[{"embeddable":true,"href":"https:\/\/linen.eu\/en\/wp-json\/wp\/v2\/comments?post=128403"}],"wp:featuredmedia":[{"embeddable":true,"href":"https:\/\/linen.eu\/en\/wp-json\/wp\/v2\/media\/128404"}],"wp:attachment":[{"href":"https:\/\/linen.eu\/en\/wp-json\/wp\/v2\/media?parent=128403"}],"wp:term":[{"taxonomy":"product_brand","embeddable":true,"href":"https:\/\/linen.eu\/en\/wp-json\/wp\/v2\/product_brand?post=128403"},{"taxonomy":"product_cat","embeddable":true,"href":"https:\/\/linen.eu\/en\/wp-json\/wp\/v2\/product_cat?post=128403"},{"taxonomy":"product_tag","embeddable":true,"href":"https:\/\/linen.eu\/en\/wp-json\/wp\/v2\/product_tag?post=128403"}],"curies":[{"name":"wp","href":"https:\/\/api.w.org\/{rel}","templated":true}]}}