{"id":129388,"date":"2025-11-26T13:55:07","date_gmt":"2025-11-26T12:55:07","guid":{"rendered":"https:\/\/linen.eu\/produkt\/voltaire-half-linen-table-linen-from-leitner-leinen\/"},"modified":"2026-04-12T00:16:57","modified_gmt":"2026-04-11T22:16:57","slug":"voltaire-half-linen-table-linen-from-leitner-leinen","status":"publish","type":"product","link":"https:\/\/linen.eu\/en\/produkt\/voltaire-half-linen-table-linen-from-leitner-leinen\/","title":{"rendered":"Voltaire half-linen table linen from Leitner Leinen"},"content":{"rendered":"<h2>&#8220;Voltaire half-linen table linen from Leitner Leinen&#8221;<\/h2>\n<p>Voltaire &#8211; the name stands for the Age of Enlightenment, for that philosophical spirit that was able to capture the complex in clear lines. This half-linen design carries precisely this ambivalence: symmetrical and orderly at first glance, on closer inspection it reveals a graphic fragmentation, a deliberate play with the dissolution of form. The pattern with its characteristic craquelee effect is reminiscent of precious ceramics whose glaze has developed fine cracks over time &#8211; not a flaw, but beauty. Voltaire reveals its intellectual sophistication at the table: It harmonizes with purist porcelain as well as expressive tableware collections, creating a dialogue between tradition and modernity. Woven in pastel shades, the design appears delicate and meditative, while smoky shades of gray lend it an urban clarity. The eight color tones &#8211; from pure white to delicate sakura to cool granite &#8211; allow for a variety of stagings: minimalist in monochrome arrangements or rich in contrast with strong accents.     <\/p>\n<h3>The benefits of half-linen for the table<\/h3>\n<p>Half-linen is the intelligent combination of two fibers that bring their respective advantages to the table. The pure cotton warp gives the fabric suppleness when laid, while the pure linen weft provides strength and that elegant drape that enhances tables. This combination proves its worth in everyday use: the linen content makes the fabric naturally dirt-repellent &#8211; liquids roll off first. At the same time, the fabric regulates moisture without feeling clammy. The cotton significantly reduces the characteristic linen creasing and gives the table linen the relaxed drape that characterizes contemporary dining culture. In addition, the improved dyeability of cotton enables the subtle coloring of the Voltaire design. The protective linen structure increases abrasion resistance &#8211; half-linen table linen can withstand frequent washing and intensive use without losing its beauty.      <\/p>\n<h3>Manufacturing tradition since 1853<\/h3>\n<p>The history of linen weaving <span class=\"s1\"><a href=\"https:\/\/linen.eu\/en\/linen-weaving-mills\/leitner-linen\/\">Leitner <\/a><\/span>begins in 1853, when the first looms went into operation in Ulrichsberg, Upper Austria. Five generations have passed since then, but the passion for linen and the dedication to perfect craftsmanship have remained. Nestled in the hilly landscape of the M\u00fchlviertel, table linen collections are created here that combine tradition with innovation. The path from local weaving mill to internationally renowned manufactory was characterized by the pursuit of excellence. The result can be seen at the most important textile trade fairs worldwide. Yet for all its internationality, Leitner remains a manufactory in the best sense of the word: manageable, personal, flexible. Special sizes for unusual panels are just as much a matter of course as individual advice. Each piece is manufactured with the aim of lasting for generations.       <\/p>\n<h4>The product: Voltaire half-linen table linen from <span class=\"s1\"><a href=\"https:\/\/linen.eu\/en\/linen-weaving-mills\/leitner-linen\/\"><b>Leitner Linen<\/b><\/a><\/span><\/h4>\n<p>\u2713 Available as a tablecloth, napkin, table runner and placemat in various sizes<br \/>\n\u2713 50% linen (weft), 50% cotton (warp) &#8211; washed and mechanically finished<br \/>\n\u2713 Fabric weight: medium-weight quality for optimum drape and a luxurious feel<br \/>\n\u2713 Fabric: Jacquard weave with craquelee effect and graphic fragmentation<br \/>\n\u2713 Design: Neo-baroque pattern with postmodern formal resolution<br \/>\n\u2713 Color palette: 8 sophisticated shades &#8211; White, Alabaster, Sakura, Blue Fog, Arctic Blue, Stone, Granite, Anthracite<br \/>\n\u2713 Masters of Linen quality &#8211; seal of approval for top European quality<br \/>\n\u2713 CO\u2082-neutral produced in Austria<br \/>\n\u2713 Individual special sizes available on request<\/p>\n<h4>Care of your half-linen table linen<\/h4>\n<p>Half-linen table linen is robust and becomes more supple over time. Colored linen can withstand up to 60\u00b0, white up to 95\u00b0. In everyday use, 40-60\u00b0 is sufficient for perfect cleanliness. Rinse out fresh stains with cold water before washing. Avoid detergents with optical brighteners. The natural creasing gives the table an authentic charm &#8211; much more moderate with half-linen than with pure linen. For smoother results: Fill the drum to a maximum of two thirds full, spin at a maximum of 1000 revolutions. Iron at a medium to high temperature with residual moisture. Air drying preserves the fiber quality for decades.        <\/p>\n","protected":false},"excerpt":{"rendered":"<p data-start=\"63\" data-end=\"475\"><strong data-start=\"194\" data-end=\"236\">Voltaire half-linen from Leitner Leinen<\/strong> combines enlightened clarity with the cultivated calm of natural fibers. The artfully woven jacquard design plays with symmetrical structures and fine fragmentation, whose crackled character is reminiscent of aged ceramics and lends the fabric a quiet, timeless modernity. Made from 50% linen and 50% cotton in a finely balanced half-linen jacquard weave, Voltaire combines cooling freshness and supple warmth with high moisture regulation, natural smoothness and a patina that gains character over time. Available in eight carefully coordinated shades and woven in a CO\u2082-neutral way in Austria, Voltaire stands for sustainable quality, textile tradition and a table linen that harmoniously combines graphic precision and gentle elegance.   <\/p>\n","protected":false},"featured_media":67916,"comment_status":"open","ping_status":"closed","template":"","meta":{"_acf_changed":false},"product_brand":[4797,4800],"product_cat":[3636,3637,3749],"product_tag":[3731,3639,3640,3750,3863],"class_list":{"0":"post-129388","1":"product","2":"type-product","3":"status-publish","4":"has-post-thumbnail","6":"product_brand-leitner-linen","7":"product_brand-leitner-linen-table-linen","8":"product_cat-table-dining","9":"product_cat-linen-napkins","10":"product_cat-linen-tablecloths","11":"product_tag-natural-fiber","12":"product_tag-organic-linen","13":"product_tag-all-year","14":"product_tag-gots-certified","15":"product_tag-the-linen-legend","17":"first","18":"instock","19":"taxable","20":"shipping-taxable","21":"purchasable","22":"product-type-variable","23":"has-default-attributes"},"acf":[],"yoast_head":"<!-- This site is optimized with the Yoast SEO Premium plugin v27.4 (Yoast SEO v27.4) - https:\/\/yoast.com\/product\/yoast-seo-premium-wordpress\/ -->\n<title>Voltaire half-linen table linen from Leitner Leinen - Linen.eu<\/title>\n<meta name=\"description\" content=\"Voltaire half-linen table linen from Leitner Leinen \u271a The linen legend \u271a Woven and made in Austria \u271a Largest selection \u27a4 Simply buy online now\" \/>\n<meta name=\"robots\" content=\"index, follow, max-snippet:-1, max-image-preview:large, max-video-preview:-1\" \/>\n<link rel=\"canonical\" href=\"https:\/\/linen.eu\/en\/produkt\/voltaire-half-linen-table-linen-from-leitner-leinen\/\" \/>\n<meta property=\"og:locale\" content=\"en_US\" \/>\n<meta property=\"og:type\" content=\"article\" \/>\n<meta property=\"og:title\" content=\"Voltaire half-linen table linen from Leitner Leinen\" \/>\n<meta property=\"og:description\" content=\"Voltaire half-linen table linen from Leitner Leinen \u271a The linen legend \u271a Woven and made in Austria \u271a Largest selection \u27a4 Simply buy online now\" \/>\n<meta property=\"og:url\" content=\"https:\/\/linen.eu\/en\/produkt\/voltaire-half-linen-table-linen-from-leitner-leinen\/\" \/>\n<meta property=\"og:site_name\" content=\"Linen.eu\" \/>\n<meta property=\"article:publisher\" content=\"https:\/\/linen.eu\" \/>\n<meta property=\"article:modified_time\" content=\"2026-04-11T22:16:57+00:00\" \/>\n<meta property=\"og:image\" content=\"https:\/\/linen.eu\/wp-content\/uploads\/2025\/11\/Voltaire-Tisch-1.jpg\" \/>\n\t<meta property=\"og:image:width\" content=\"1184\" \/>\n\t<meta property=\"og:image:height\" content=\"864\" \/>\n\t<meta property=\"og:image:type\" content=\"image\/jpeg\" \/>\n<meta name=\"twitter:card\" content=\"summary_large_image\" \/>\n<meta name=\"twitter:site\" content=\"@linenlounge\" \/>\n<meta name=\"twitter:label1\" content=\"Availability\" \/>\n\t<meta name=\"twitter:data1\" content=\"In stock\" \/>\n<script type=\"application\/ld+json\" class=\"yoast-schema-graph\">{\"@context\":\"https:\\\/\\\/schema.org\",\"@graph\":[{\"@type\":\"WebPage\",\"@id\":\"https:\\\/\\\/linen.eu\\\/en\\\/produkt\\\/voltaire-half-linen-table-linen-from-leitner-leinen\\\/\",\"url\":\"https:\\\/\\\/linen.eu\\\/en\\\/produkt\\\/voltaire-half-linen-table-linen-from-leitner-leinen\\\/\",\"name\":\"Voltaire half-linen table linen from Leitner Leinen - Linen.eu\",\"isPartOf\":{\"@id\":\"https:\\\/\\\/linen.eu\\\/en\\\/#website\"},\"primaryImageOfPage\":{\"@id\":\"https:\\\/\\\/linen.eu\\\/en\\\/produkt\\\/voltaire-half-linen-table-linen-from-leitner-leinen\\\/#primaryimage\"},\"image\":{\"@id\":\"https:\\\/\\\/linen.eu\\\/en\\\/produkt\\\/voltaire-half-linen-table-linen-from-leitner-leinen\\\/#primaryimage\"},\"thumbnailUrl\":\"https:\\\/\\\/linen.eu\\\/wp-content\\\/uploads\\\/2025\\\/11\\\/Voltaire-Tisch-1.jpg\",\"datePublished\":\"2025-11-26T12:55:07+00:00\",\"dateModified\":\"2026-04-11T22:16:57+00:00\",\"description\":\"Voltaire half-linen table linen from Leitner Leinen \u271a The linen legend \u271a Woven and made in Austria \u271a Largest selection \u27a4 Simply buy online now\",\"breadcrumb\":{\"@id\":\"https:\\\/\\\/linen.eu\\\/en\\\/produkt\\\/voltaire-half-linen-table-linen-from-leitner-leinen\\\/#breadcrumb\"},\"inLanguage\":\"en-US\",\"potentialAction\":[{\"@type\":\"ReadAction\",\"target\":[\"https:\\\/\\\/linen.eu\\\/en\\\/produkt\\\/voltaire-half-linen-table-linen-from-leitner-leinen\\\/\"]}]},{\"@type\":\"ImageObject\",\"inLanguage\":\"en-US\",\"@id\":\"https:\\\/\\\/linen.eu\\\/en\\\/produkt\\\/voltaire-half-linen-table-linen-from-leitner-leinen\\\/#primaryimage\",\"url\":\"https:\\\/\\\/linen.eu\\\/wp-content\\\/uploads\\\/2025\\\/11\\\/Voltaire-Tisch-1.jpg\",\"contentUrl\":\"https:\\\/\\\/linen.eu\\\/wp-content\\\/uploads\\\/2025\\\/11\\\/Voltaire-Tisch-1.jpg\",\"width\":1184,\"height\":864,\"caption\":\"Ein gedeckter Tisch\"},{\"@type\":\"BreadcrumbList\",\"@id\":\"https:\\\/\\\/linen.eu\\\/en\\\/produkt\\\/voltaire-half-linen-table-linen-from-leitner-leinen\\\/#breadcrumb\",\"itemListElement\":[{\"@type\":\"ListItem\",\"position\":1,\"name\":\"Startseite\",\"item\":\"https:\\\/\\\/linen.eu\\\/en\\\/home\\\/\"},{\"@type\":\"ListItem\",\"position\":2,\"name\":\"Shop\",\"item\":\"https:\\\/\\\/linen.eu\\\/en\\\/shop\\\/\"},{\"@type\":\"ListItem\",\"position\":3,\"name\":\"Voltaire half-linen table linen from Leitner Leinen\"}]},{\"@type\":\"WebSite\",\"@id\":\"https:\\\/\\\/linen.eu\\\/en\\\/#website\",\"url\":\"https:\\\/\\\/linen.eu\\\/en\\\/\",\"name\":\"Linen.eu\",\"description\":\"\",\"publisher\":{\"@id\":\"https:\\\/\\\/linen.eu\\\/en\\\/#organization\"},\"potentialAction\":[{\"@type\":\"SearchAction\",\"target\":{\"@type\":\"EntryPoint\",\"urlTemplate\":\"https:\\\/\\\/linen.eu\\\/en\\\/?s={search_term_string}\"},\"query-input\":{\"@type\":\"PropertyValueSpecification\",\"valueRequired\":true,\"valueName\":\"search_term_string\"}}],\"inLanguage\":\"en-US\"},{\"@type\":\"Organization\",\"@id\":\"https:\\\/\\\/linen.eu\\\/en\\\/#organization\",\"name\":\"Linen Lounge\",\"alternateName\":\"linen.eu\",\"url\":\"https:\\\/\\\/linen.eu\\\/en\\\/\",\"logo\":{\"@type\":\"ImageObject\",\"inLanguage\":\"en-US\",\"@id\":\"https:\\\/\\\/linen.eu\\\/en\\\/#\\\/schema\\\/logo\\\/image\\\/\",\"url\":\"https:\\\/\\\/linen.eu\\\/wp-content\\\/uploads\\\/2025\\\/10\\\/LinenLounge-NEU2.webp\",\"contentUrl\":\"https:\\\/\\\/linen.eu\\\/wp-content\\\/uploads\\\/2025\\\/10\\\/LinenLounge-NEU2.webp\",\"width\":1800,\"height\":455,\"caption\":\"Linen Lounge\"},\"image\":{\"@id\":\"https:\\\/\\\/linen.eu\\\/en\\\/#\\\/schema\\\/logo\\\/image\\\/\"},\"sameAs\":[\"https:\\\/\\\/linen.eu\",\"https:\\\/\\\/x.com\\\/linenlounge\",\"https:\\\/\\\/www.instagram.com\\\/linen.lounge?igsh=MW81aGhiY2VxZGRpMw==&utm_source=qr\",\"http:\\\/\\\/www.youtube.com\\\/@Linenlounge\"],\"description\":\"Online Fachhandel f\u00fcr europ\u00e4ische Leinen-Bettw\u00e4sche und Heimtextilien aus traditionellen Webereien wie Leitner Leinen, Schlitzer Leinen, Libeco, Vieb\u00f6ck und Hoffmann.\",\"email\":\"info@linen.eu\",\"telephone\":\"+49 (0) 69 90738860\",\"legalName\":\"Linen UG (haftungsbeschr\u00e4nkt)\",\"foundingDate\":\"2015-04-08\",\"numberOfEmployees\":{\"@type\":\"QuantitativeValue\",\"minValue\":\"1\",\"maxValue\":\"10\"}}]}<\/script>\n<meta property=\"product:brand\" content=\"Leitner Linen\" \/>\n<meta property=\"og:availability\" content=\"instock\" \/>\n<meta property=\"product:availability\" content=\"instock\" \/>\n<meta property=\"product:retailer_item_id\" content=\"125111280254\" \/>\n<meta property=\"product:condition\" content=\"new\" \/>\n<!-- \/ Yoast SEO Premium plugin. -->","yoast_head_json":{"title":"Voltaire half-linen table linen from Leitner Leinen - Linen.eu","description":"Voltaire half-linen table linen from Leitner Leinen \u271a The linen legend \u271a Woven and made in Austria \u271a Largest selection \u27a4 Simply buy online now","robots":{"index":"index","follow":"follow","max-snippet":"max-snippet:-1","max-image-preview":"max-image-preview:large","max-video-preview":"max-video-preview:-1"},"canonical":"https:\/\/linen.eu\/en\/produkt\/voltaire-half-linen-table-linen-from-leitner-leinen\/","og_locale":"en_US","og_type":"article","og_title":"Voltaire half-linen table linen from Leitner Leinen","og_description":"Voltaire half-linen table linen from Leitner Leinen \u271a The linen legend \u271a Woven and made in Austria \u271a Largest selection \u27a4 Simply buy online now","og_url":"https:\/\/linen.eu\/en\/produkt\/voltaire-half-linen-table-linen-from-leitner-leinen\/","og_site_name":"Linen.eu","article_publisher":"https:\/\/linen.eu","article_modified_time":"2026-04-11T22:16:57+00:00","og_image":[{"width":1184,"height":864,"url":"https:\/\/linen.eu\/wp-content\/uploads\/2025\/11\/Voltaire-Tisch-1.jpg","type":"image\/jpeg"}],"twitter_card":"summary_large_image","twitter_site":"@linenlounge","twitter_misc":{"Availability":"In stock"},"schema":{"@context":"https:\/\/schema.org","@graph":[{"@type":"WebPage","@id":"https:\/\/linen.eu\/en\/produkt\/voltaire-half-linen-table-linen-from-leitner-leinen\/","url":"https:\/\/linen.eu\/en\/produkt\/voltaire-half-linen-table-linen-from-leitner-leinen\/","name":"Voltaire half-linen table linen from Leitner Leinen - Linen.eu","isPartOf":{"@id":"https:\/\/linen.eu\/en\/#website"},"primaryImageOfPage":{"@id":"https:\/\/linen.eu\/en\/produkt\/voltaire-half-linen-table-linen-from-leitner-leinen\/#primaryimage"},"image":{"@id":"https:\/\/linen.eu\/en\/produkt\/voltaire-half-linen-table-linen-from-leitner-leinen\/#primaryimage"},"thumbnailUrl":"https:\/\/linen.eu\/wp-content\/uploads\/2025\/11\/Voltaire-Tisch-1.jpg","datePublished":"2025-11-26T12:55:07+00:00","dateModified":"2026-04-11T22:16:57+00:00","description":"Voltaire half-linen table linen from Leitner Leinen \u271a The linen legend \u271a Woven and made in Austria \u271a Largest selection \u27a4 Simply buy online now","breadcrumb":{"@id":"https:\/\/linen.eu\/en\/produkt\/voltaire-half-linen-table-linen-from-leitner-leinen\/#breadcrumb"},"inLanguage":"en-US","potentialAction":[{"@type":"ReadAction","target":["https:\/\/linen.eu\/en\/produkt\/voltaire-half-linen-table-linen-from-leitner-leinen\/"]}]},{"@type":"ImageObject","inLanguage":"en-US","@id":"https:\/\/linen.eu\/en\/produkt\/voltaire-half-linen-table-linen-from-leitner-leinen\/#primaryimage","url":"https:\/\/linen.eu\/wp-content\/uploads\/2025\/11\/Voltaire-Tisch-1.jpg","contentUrl":"https:\/\/linen.eu\/wp-content\/uploads\/2025\/11\/Voltaire-Tisch-1.jpg","width":1184,"height":864,"caption":"Ein gedeckter Tisch"},{"@type":"BreadcrumbList","@id":"https:\/\/linen.eu\/en\/produkt\/voltaire-half-linen-table-linen-from-leitner-leinen\/#breadcrumb","itemListElement":[{"@type":"ListItem","position":1,"name":"Startseite","item":"https:\/\/linen.eu\/en\/home\/"},{"@type":"ListItem","position":2,"name":"Shop","item":"https:\/\/linen.eu\/en\/shop\/"},{"@type":"ListItem","position":3,"name":"Voltaire half-linen table linen from Leitner Leinen"}]},{"@type":"WebSite","@id":"https:\/\/linen.eu\/en\/#website","url":"https:\/\/linen.eu\/en\/","name":"Linen.eu","description":"","publisher":{"@id":"https:\/\/linen.eu\/en\/#organization"},"potentialAction":[{"@type":"SearchAction","target":{"@type":"EntryPoint","urlTemplate":"https:\/\/linen.eu\/en\/?s={search_term_string}"},"query-input":{"@type":"PropertyValueSpecification","valueRequired":true,"valueName":"search_term_string"}}],"inLanguage":"en-US"},{"@type":"Organization","@id":"https:\/\/linen.eu\/en\/#organization","name":"Linen Lounge","alternateName":"linen.eu","url":"https:\/\/linen.eu\/en\/","logo":{"@type":"ImageObject","inLanguage":"en-US","@id":"https:\/\/linen.eu\/en\/#\/schema\/logo\/image\/","url":"https:\/\/linen.eu\/wp-content\/uploads\/2025\/10\/LinenLounge-NEU2.webp","contentUrl":"https:\/\/linen.eu\/wp-content\/uploads\/2025\/10\/LinenLounge-NEU2.webp","width":1800,"height":455,"caption":"Linen Lounge"},"image":{"@id":"https:\/\/linen.eu\/en\/#\/schema\/logo\/image\/"},"sameAs":["https:\/\/linen.eu","https:\/\/x.com\/linenlounge","https:\/\/www.instagram.com\/linen.lounge?igsh=MW81aGhiY2VxZGRpMw==&utm_source=qr","http:\/\/www.youtube.com\/@Linenlounge"],"description":"Online Fachhandel f\u00fcr europ\u00e4ische Leinen-Bettw\u00e4sche und Heimtextilien aus traditionellen Webereien wie Leitner Leinen, Schlitzer Leinen, Libeco, Vieb\u00f6ck und Hoffmann.","email":"info@linen.eu","telephone":"+49 (0) 69 90738860","legalName":"Linen UG (haftungsbeschr\u00e4nkt)","foundingDate":"2015-04-08","numberOfEmployees":{"@type":"QuantitativeValue","minValue":"1","maxValue":"10"}}]},"product_brand":"Leitner Linen","og_availability":"instock","product_availability":"instock","product_retailer_item_id":"125111280254","product_condition":"new"},"_links":{"self":[{"href":"https:\/\/linen.eu\/en\/wp-json\/wp\/v2\/product\/129388","targetHints":{"allow":["GET"]}}],"collection":[{"href":"https:\/\/linen.eu\/en\/wp-json\/wp\/v2\/product"}],"about":[{"href":"https:\/\/linen.eu\/en\/wp-json\/wp\/v2\/types\/product"}],"replies":[{"embeddable":true,"href":"https:\/\/linen.eu\/en\/wp-json\/wp\/v2\/comments?post=129388"}],"wp:featuredmedia":[{"embeddable":true,"href":"https:\/\/linen.eu\/en\/wp-json\/wp\/v2\/media\/67916"}],"wp:attachment":[{"href":"https:\/\/linen.eu\/en\/wp-json\/wp\/v2\/media?parent=129388"}],"wp:term":[{"taxonomy":"product_brand","embeddable":true,"href":"https:\/\/linen.eu\/en\/wp-json\/wp\/v2\/product_brand?post=129388"},{"taxonomy":"product_cat","embeddable":true,"href":"https:\/\/linen.eu\/en\/wp-json\/wp\/v2\/product_cat?post=129388"},{"taxonomy":"product_tag","embeddable":true,"href":"https:\/\/linen.eu\/en\/wp-json\/wp\/v2\/product_tag?post=129388"}],"curies":[{"name":"wp","href":"https:\/\/api.w.org\/{rel}","templated":true}]}}