{"id":131982,"date":"2025-11-26T23:23:16","date_gmt":"2025-11-26T22:23:16","guid":{"rendered":"https:\/\/linen.eu\/produkt\/versailles-linen-table-linen-from-leitner-leinen\/"},"modified":"2026-04-13T11:03:28","modified_gmt":"2026-04-13T09:03:28","slug":"versailles-linen-table-linen-from-leitner-leinen","status":"publish","type":"product","link":"https:\/\/linen.eu\/en\/produkt\/versailles-linen-table-linen-from-leitner-leinen\/","title":{"rendered":"Versailles linen table linen from Leitner Leinen"},"content":{"rendered":"<h2>&#8220;Versailles&#8221;<\/h2>\n<p>Versailles &#8211; perfection, symmetry, the courtly ideal. With this design, Leitner Leinen takes us back to the court of Louis XIV, the Sun King, who made France the cultural hegemonic power of Europe in the 17th century. In the Palace of Versailles, which was expanded into a prestigious residence from 1661, an aesthetic developed that united architecture, garden art and dining culture. Andr\u00e9 Le N\u00f4tre&#8217;s French gardens with their strict symmetry, axes and lines of sight are reflected in the Versailles pure linen as a textile composition: volutes, acanthus leaves and geometric ornaments combine to form a pattern that combines order and playfulness, austerity and elegance. The design follows the Baroque logic of balance, that aesthetic equilibrium that does not tolerate arbitrariness. Bringing Versailles to the table is a nod to the era in which the table became an instrument of royal representation. The banquet as an act of state, the staging as a political tool &#8211; the table becomes the scene of ceremonial perfection.<\/p>\n<h3>European organic linen<\/h3>\n<p>Linen for the table combines aesthetic demands with functional properties. The linen fibre, obtained from Western European flax cultivation, is characterized by its smooth, closed surface, which initially repels liquids. This protection makes it possible to react to spills before a stain appears. At the same time, linen is highly absorbent as soon as the fiber is soaked &#8211; a property that makes napkins functional. The natural smoothness creates the cool, firm feel that gives tablecloths their characteristic drape. Linen is naturally antistatic and bacteriostatic &#8211; properties that make it particularly suitable for contact with food. The fiber does not weaken with use, but becomes more supple. Linen develops patina instead of wear. Tablecloths made from European organic linen become softer over time without losing their structural strength. The GOTS certificate guarantees that no chemical bleaching agents or synthetic pesticides are used from cultivation to finishing.         <\/p>\n<h3>The Weaving Mill<\/h3>\n<p>Since 1853 the <span class=\"s1\"><a href=\"https:\/\/linen.eu\/en\/linen-weaving-mills\/leitner-linen\/\">Leitner<\/a> <\/span>Manufaktur in V\u00f6cklabruck, Austria, has been weaving linen according to principles that can only be maintained through continuity in craftsmanship. Versailles is produced in a masterly jacquard linen weave &#8211; a process in which the pattern is not printed on, but worked directly into the fabric structure. Every volute, every acanthus leaf, every symmetrical arrangement is an integral part of the fabric itself. The Jacquard technique, developed by Joseph-Marie Jacquard in the early 19th century, enables complex patterns to be created by controlling each warp thread individually. The result is a relief-like fabric in which patterned and unpatterned areas are not only visually but also haptically distinct from one another. Leitner Manufaktur works with mechanical looms whose precision lies in the fact that they do not smooth out the natural irregularity of the linen fibers, but rather absorb it. This results in fabrics with a liveliness that cannot be achieved by mechanical uniformity.      <\/p>\n<h4>The product: Versailles half-linen table linen from <span class=\"s1\"><a href=\"https:\/\/linen.eu\/en\/linen-weaving-mills\/leitner-linen\/\"><b>Leitner Linen<\/b><\/a><\/span><\/h4>\n<p>Versailles is available as a tablecloth and napkin. The fabric is made of 100 percent European pure linen in a masterful jacquard linen weave. The color palette comprises nine shades and ranges from royal white to the Mediterranean nuances of Lago and the cool tones of Blue Fog and Arctic Blue to the elegant accents of Cyclamen and Jade. The earthy tones of Linen and Terra convey warm restraint, while Anthracite, the darkest tone in the range, adds urban depth. Each color scheme can be combined with a wide variety of tableware &#8211; the design supports the setting without dominating it. Versailles is a tablecloth for occasions where the table is not just laid, but staged &#8211; a commitment to the culture that elevated the banquet to an art form.     <\/p>\n<p>\u2713 100% European pure linen<br \/>\n\u2713 Masterful jacquard linen weave with baroque Versailles pattern<br \/>\n\u2713 Available as a tablecloth and napkin<br \/>\n\u2713 9 colors: White, Lago, Blue Fog, Arctic Blue, Cyclamen, Jade, Linen, Terra, Anthracite<br \/>\n\u2713 GOTS-certified<br \/>\n\u2713 Woven in the Leitner Manufaktur, Ulrichsberg (Austria)<\/p>\n<h4>Care Instructions<\/h4>\n<p>Linen table linen can withstand temperatures up to 60 degrees, white qualities up to 95 degrees. Washing temperatures between 40 and 60 degrees are gentle on the fibers. Do not use detergents with optical brighteners &#8211; they bleach out the color pigments. Do not overfill the machine: linen needs freedom of movement. Spin at 800 to a maximum of 1,000 revolutions and remove the laundry slightly damp. Iron on the highest setting as long as there is still residual moisture. Linen loves heat and moisture &#8211; this is the only way to completely smooth out the fibers. Avoid the tumble dryer. Treat stains from red wine or coffee immediately with cold water &#8211; the smooth linen fibers release stains more easily when they react quickly.        <\/p>\n","protected":false},"excerpt":{"rendered":"<p data-start=\"175\" data-end=\"488\"><strong data-start=\"169\" data-end=\"202\">Versailles by Leitner Leinen<\/strong> combines baroque perfection with the cultivated calm of pure linen. The artfully woven jacquard design translates volutes, acanthus leaves and geometric ornaments from the Palace of Versailles into a relief-like weave that harmoniously combines austere architecture and textile softness. Made from 100% European organic linen in a masterful jacquard weave, Versailles combines prestigious aesthetics with the natural benefits of linen fibers: a smooth surface, high absorbency, antistatic properties and a patina that gains character over time. Available in nine carefully coordinated colors and woven in Austria, Versailles stands for sustainable quality, textile tradition and a table design that harmoniously combines baroque elegance and understated presence.   <\/p>\n","protected":false},"featured_media":69969,"comment_status":"open","ping_status":"closed","template":"","meta":{"_acf_changed":false},"product_brand":[4797,4800],"product_cat":[3636,3637,3638,4056,3749],"product_tag":[3863,3639,3640,3731,3750],"class_list":{"0":"post-131982","1":"product","2":"type-product","3":"status-publish","4":"has-post-thumbnail","6":"product_brand-leitner-linen","7":"product_brand-leitner-linen-table-linen","8":"product_cat-table-dining","9":"product_cat-linen-napkins","10":"product_cat-linen-placemats","11":"product_cat-linen-table-runner","12":"product_cat-linen-tablecloths","13":"product_tag-the-linen-legend","14":"product_tag-organic-linen","15":"product_tag-all-year","16":"product_tag-natural-fiber","17":"product_tag-gots-certified","19":"first","20":"instock","21":"taxable","22":"shipping-taxable","23":"purchasable","24":"product-type-variable"},"acf":[],"yoast_head":"<!-- This site is optimized with the Yoast SEO Premium plugin v27.4 (Yoast SEO v27.4) - https:\/\/yoast.com\/product\/yoast-seo-premium-wordpress\/ -->\n<title>Versailles table linen from Leitner Leinen - Linen.eu<\/title>\n<meta name=\"description\" content=\"Versailles linen table linen from Leitner Leinen \u271a The linen legend \u271a Woven and made in Austria \u271a Largest selection \u27a4 Buy easily online now\" \/>\n<meta name=\"robots\" content=\"index, follow, max-snippet:-1, max-image-preview:large, max-video-preview:-1\" \/>\n<link rel=\"canonical\" href=\"https:\/\/linen.eu\/en\/produkt\/versailles-linen-table-linen-from-leitner-leinen\/\" \/>\n<meta property=\"og:locale\" content=\"en_US\" \/>\n<meta property=\"og:type\" content=\"article\" \/>\n<meta property=\"og:title\" content=\"Versailles linen table linen from Leitner Leinen\" \/>\n<meta property=\"og:description\" content=\"Versailles linen table linen from Leitner Leinen \u271a The linen legend \u271a Woven and made in Austria \u271a Largest selection \u27a4 Buy easily online now\" \/>\n<meta property=\"og:url\" content=\"https:\/\/linen.eu\/en\/produkt\/versailles-linen-table-linen-from-leitner-leinen\/\" \/>\n<meta property=\"og:site_name\" content=\"Linen.eu\" \/>\n<meta property=\"article:publisher\" content=\"https:\/\/linen.eu\" \/>\n<meta property=\"article:modified_time\" content=\"2026-04-13T09:03:28+00:00\" \/>\n<meta property=\"og:image\" content=\"https:\/\/linen.eu\/wp-content\/uploads\/2025\/11\/Versailles-Tisch-1.jpg\" \/>\n\t<meta property=\"og:image:width\" content=\"1184\" \/>\n\t<meta property=\"og:image:height\" content=\"864\" \/>\n\t<meta property=\"og:image:type\" content=\"image\/jpeg\" \/>\n<meta name=\"twitter:card\" content=\"summary_large_image\" \/>\n<meta name=\"twitter:site\" content=\"@linenlounge\" \/>\n<meta name=\"twitter:label1\" content=\"Availability\" \/>\n\t<meta name=\"twitter:data1\" content=\"In stock\" \/>\n<script type=\"application\/ld+json\" class=\"yoast-schema-graph\">{\"@context\":\"https:\\\/\\\/schema.org\",\"@graph\":[{\"@type\":\"WebPage\",\"@id\":\"https:\\\/\\\/linen.eu\\\/en\\\/produkt\\\/versailles-linen-table-linen-from-leitner-leinen\\\/\",\"url\":\"https:\\\/\\\/linen.eu\\\/en\\\/produkt\\\/versailles-linen-table-linen-from-leitner-leinen\\\/\",\"name\":\"Versailles table linen from Leitner Leinen - Linen.eu\",\"isPartOf\":{\"@id\":\"https:\\\/\\\/linen.eu\\\/en\\\/#website\"},\"primaryImageOfPage\":{\"@id\":\"https:\\\/\\\/linen.eu\\\/en\\\/produkt\\\/versailles-linen-table-linen-from-leitner-leinen\\\/#primaryimage\"},\"image\":{\"@id\":\"https:\\\/\\\/linen.eu\\\/en\\\/produkt\\\/versailles-linen-table-linen-from-leitner-leinen\\\/#primaryimage\"},\"thumbnailUrl\":\"https:\\\/\\\/linen.eu\\\/wp-content\\\/uploads\\\/2025\\\/11\\\/Versailles-Tisch-1.jpg\",\"datePublished\":\"2025-11-26T22:23:16+00:00\",\"dateModified\":\"2026-04-13T09:03:28+00:00\",\"description\":\"Versailles linen table linen from Leitner Leinen \u271a The linen legend \u271a Woven and made in Austria \u271a Largest selection \u27a4 Buy easily online now\",\"breadcrumb\":{\"@id\":\"https:\\\/\\\/linen.eu\\\/en\\\/produkt\\\/versailles-linen-table-linen-from-leitner-leinen\\\/#breadcrumb\"},\"inLanguage\":\"en-US\",\"potentialAction\":[{\"@type\":\"ReadAction\",\"target\":[\"https:\\\/\\\/linen.eu\\\/en\\\/produkt\\\/versailles-linen-table-linen-from-leitner-leinen\\\/\"]}]},{\"@type\":\"ImageObject\",\"inLanguage\":\"en-US\",\"@id\":\"https:\\\/\\\/linen.eu\\\/en\\\/produkt\\\/versailles-linen-table-linen-from-leitner-leinen\\\/#primaryimage\",\"url\":\"https:\\\/\\\/linen.eu\\\/wp-content\\\/uploads\\\/2025\\\/11\\\/Versailles-Tisch-1.jpg\",\"contentUrl\":\"https:\\\/\\\/linen.eu\\\/wp-content\\\/uploads\\\/2025\\\/11\\\/Versailles-Tisch-1.jpg\",\"width\":1184,\"height\":864,\"caption\":\"Ein gedeckter Tisch im Schlossgarten\"},{\"@type\":\"BreadcrumbList\",\"@id\":\"https:\\\/\\\/linen.eu\\\/en\\\/produkt\\\/versailles-linen-table-linen-from-leitner-leinen\\\/#breadcrumb\",\"itemListElement\":[{\"@type\":\"ListItem\",\"position\":1,\"name\":\"Startseite\",\"item\":\"https:\\\/\\\/linen.eu\\\/en\\\/home\\\/\"},{\"@type\":\"ListItem\",\"position\":2,\"name\":\"Shop\",\"item\":\"https:\\\/\\\/linen.eu\\\/en\\\/shop\\\/\"},{\"@type\":\"ListItem\",\"position\":3,\"name\":\"Versailles linen table linen from Leitner Leinen\"}]},{\"@type\":\"WebSite\",\"@id\":\"https:\\\/\\\/linen.eu\\\/en\\\/#website\",\"url\":\"https:\\\/\\\/linen.eu\\\/en\\\/\",\"name\":\"Linen.eu\",\"description\":\"\",\"publisher\":{\"@id\":\"https:\\\/\\\/linen.eu\\\/en\\\/#organization\"},\"potentialAction\":[{\"@type\":\"SearchAction\",\"target\":{\"@type\":\"EntryPoint\",\"urlTemplate\":\"https:\\\/\\\/linen.eu\\\/en\\\/?s={search_term_string}\"},\"query-input\":{\"@type\":\"PropertyValueSpecification\",\"valueRequired\":true,\"valueName\":\"search_term_string\"}}],\"inLanguage\":\"en-US\"},{\"@type\":\"Organization\",\"@id\":\"https:\\\/\\\/linen.eu\\\/en\\\/#organization\",\"name\":\"Linen Lounge\",\"alternateName\":\"linen.eu\",\"url\":\"https:\\\/\\\/linen.eu\\\/en\\\/\",\"logo\":{\"@type\":\"ImageObject\",\"inLanguage\":\"en-US\",\"@id\":\"https:\\\/\\\/linen.eu\\\/en\\\/#\\\/schema\\\/logo\\\/image\\\/\",\"url\":\"https:\\\/\\\/linen.eu\\\/wp-content\\\/uploads\\\/2025\\\/10\\\/LinenLounge-NEU2.webp\",\"contentUrl\":\"https:\\\/\\\/linen.eu\\\/wp-content\\\/uploads\\\/2025\\\/10\\\/LinenLounge-NEU2.webp\",\"width\":1800,\"height\":455,\"caption\":\"Linen Lounge\"},\"image\":{\"@id\":\"https:\\\/\\\/linen.eu\\\/en\\\/#\\\/schema\\\/logo\\\/image\\\/\"},\"sameAs\":[\"https:\\\/\\\/linen.eu\",\"https:\\\/\\\/x.com\\\/linenlounge\",\"https:\\\/\\\/www.instagram.com\\\/linen.lounge?igsh=MW81aGhiY2VxZGRpMw==&utm_source=qr\",\"http:\\\/\\\/www.youtube.com\\\/@Linenlounge\"],\"description\":\"Online Fachhandel f\u00fcr europ\u00e4ische Leinen-Bettw\u00e4sche und Heimtextilien aus traditionellen Webereien wie Leitner Leinen, Schlitzer Leinen, Libeco, Vieb\u00f6ck und Hoffmann.\",\"email\":\"info@linen.eu\",\"telephone\":\"+49 (0) 69 90738860\",\"legalName\":\"Linen UG (haftungsbeschr\u00e4nkt)\",\"foundingDate\":\"2015-04-08\",\"numberOfEmployees\":{\"@type\":\"QuantitativeValue\",\"minValue\":\"1\",\"maxValue\":\"10\"}}]}<\/script>\n<meta property=\"product:brand\" content=\"Leitner Linen\" \/>\n<meta property=\"og:availability\" content=\"instock\" \/>\n<meta property=\"product:availability\" content=\"instock\" \/>\n<meta property=\"product:retailer_item_id\" content=\"125111280250\" \/>\n<meta property=\"product:condition\" content=\"new\" \/>\n<!-- \/ Yoast SEO Premium plugin. -->","yoast_head_json":{"title":"Versailles table linen from Leitner Leinen - Linen.eu","description":"Versailles linen table linen from Leitner Leinen \u271a The linen legend \u271a Woven and made in Austria \u271a Largest selection \u27a4 Buy easily online now","robots":{"index":"index","follow":"follow","max-snippet":"max-snippet:-1","max-image-preview":"max-image-preview:large","max-video-preview":"max-video-preview:-1"},"canonical":"https:\/\/linen.eu\/en\/produkt\/versailles-linen-table-linen-from-leitner-leinen\/","og_locale":"en_US","og_type":"article","og_title":"Versailles linen table linen from Leitner Leinen","og_description":"Versailles linen table linen from Leitner Leinen \u271a The linen legend \u271a Woven and made in Austria \u271a Largest selection \u27a4 Buy easily online now","og_url":"https:\/\/linen.eu\/en\/produkt\/versailles-linen-table-linen-from-leitner-leinen\/","og_site_name":"Linen.eu","article_publisher":"https:\/\/linen.eu","article_modified_time":"2026-04-13T09:03:28+00:00","og_image":[{"width":1184,"height":864,"url":"https:\/\/linen.eu\/wp-content\/uploads\/2025\/11\/Versailles-Tisch-1.jpg","type":"image\/jpeg"}],"twitter_card":"summary_large_image","twitter_site":"@linenlounge","twitter_misc":{"Availability":"In stock"},"schema":{"@context":"https:\/\/schema.org","@graph":[{"@type":"WebPage","@id":"https:\/\/linen.eu\/en\/produkt\/versailles-linen-table-linen-from-leitner-leinen\/","url":"https:\/\/linen.eu\/en\/produkt\/versailles-linen-table-linen-from-leitner-leinen\/","name":"Versailles table linen from Leitner Leinen - Linen.eu","isPartOf":{"@id":"https:\/\/linen.eu\/en\/#website"},"primaryImageOfPage":{"@id":"https:\/\/linen.eu\/en\/produkt\/versailles-linen-table-linen-from-leitner-leinen\/#primaryimage"},"image":{"@id":"https:\/\/linen.eu\/en\/produkt\/versailles-linen-table-linen-from-leitner-leinen\/#primaryimage"},"thumbnailUrl":"https:\/\/linen.eu\/wp-content\/uploads\/2025\/11\/Versailles-Tisch-1.jpg","datePublished":"2025-11-26T22:23:16+00:00","dateModified":"2026-04-13T09:03:28+00:00","description":"Versailles linen table linen from Leitner Leinen \u271a The linen legend \u271a Woven and made in Austria \u271a Largest selection \u27a4 Buy easily online now","breadcrumb":{"@id":"https:\/\/linen.eu\/en\/produkt\/versailles-linen-table-linen-from-leitner-leinen\/#breadcrumb"},"inLanguage":"en-US","potentialAction":[{"@type":"ReadAction","target":["https:\/\/linen.eu\/en\/produkt\/versailles-linen-table-linen-from-leitner-leinen\/"]}]},{"@type":"ImageObject","inLanguage":"en-US","@id":"https:\/\/linen.eu\/en\/produkt\/versailles-linen-table-linen-from-leitner-leinen\/#primaryimage","url":"https:\/\/linen.eu\/wp-content\/uploads\/2025\/11\/Versailles-Tisch-1.jpg","contentUrl":"https:\/\/linen.eu\/wp-content\/uploads\/2025\/11\/Versailles-Tisch-1.jpg","width":1184,"height":864,"caption":"Ein gedeckter Tisch im Schlossgarten"},{"@type":"BreadcrumbList","@id":"https:\/\/linen.eu\/en\/produkt\/versailles-linen-table-linen-from-leitner-leinen\/#breadcrumb","itemListElement":[{"@type":"ListItem","position":1,"name":"Startseite","item":"https:\/\/linen.eu\/en\/home\/"},{"@type":"ListItem","position":2,"name":"Shop","item":"https:\/\/linen.eu\/en\/shop\/"},{"@type":"ListItem","position":3,"name":"Versailles linen table linen from Leitner Leinen"}]},{"@type":"WebSite","@id":"https:\/\/linen.eu\/en\/#website","url":"https:\/\/linen.eu\/en\/","name":"Linen.eu","description":"","publisher":{"@id":"https:\/\/linen.eu\/en\/#organization"},"potentialAction":[{"@type":"SearchAction","target":{"@type":"EntryPoint","urlTemplate":"https:\/\/linen.eu\/en\/?s={search_term_string}"},"query-input":{"@type":"PropertyValueSpecification","valueRequired":true,"valueName":"search_term_string"}}],"inLanguage":"en-US"},{"@type":"Organization","@id":"https:\/\/linen.eu\/en\/#organization","name":"Linen Lounge","alternateName":"linen.eu","url":"https:\/\/linen.eu\/en\/","logo":{"@type":"ImageObject","inLanguage":"en-US","@id":"https:\/\/linen.eu\/en\/#\/schema\/logo\/image\/","url":"https:\/\/linen.eu\/wp-content\/uploads\/2025\/10\/LinenLounge-NEU2.webp","contentUrl":"https:\/\/linen.eu\/wp-content\/uploads\/2025\/10\/LinenLounge-NEU2.webp","width":1800,"height":455,"caption":"Linen Lounge"},"image":{"@id":"https:\/\/linen.eu\/en\/#\/schema\/logo\/image\/"},"sameAs":["https:\/\/linen.eu","https:\/\/x.com\/linenlounge","https:\/\/www.instagram.com\/linen.lounge?igsh=MW81aGhiY2VxZGRpMw==&utm_source=qr","http:\/\/www.youtube.com\/@Linenlounge"],"description":"Online Fachhandel f\u00fcr europ\u00e4ische Leinen-Bettw\u00e4sche und Heimtextilien aus traditionellen Webereien wie Leitner Leinen, Schlitzer Leinen, Libeco, Vieb\u00f6ck und Hoffmann.","email":"info@linen.eu","telephone":"+49 (0) 69 90738860","legalName":"Linen UG (haftungsbeschr\u00e4nkt)","foundingDate":"2015-04-08","numberOfEmployees":{"@type":"QuantitativeValue","minValue":"1","maxValue":"10"}}]},"product_brand":"Leitner Linen","og_availability":"instock","product_availability":"instock","product_retailer_item_id":"125111280250","product_condition":"new"},"_links":{"self":[{"href":"https:\/\/linen.eu\/en\/wp-json\/wp\/v2\/product\/131982","targetHints":{"allow":["GET"]}}],"collection":[{"href":"https:\/\/linen.eu\/en\/wp-json\/wp\/v2\/product"}],"about":[{"href":"https:\/\/linen.eu\/en\/wp-json\/wp\/v2\/types\/product"}],"replies":[{"embeddable":true,"href":"https:\/\/linen.eu\/en\/wp-json\/wp\/v2\/comments?post=131982"}],"wp:featuredmedia":[{"embeddable":true,"href":"https:\/\/linen.eu\/en\/wp-json\/wp\/v2\/media\/69969"}],"wp:attachment":[{"href":"https:\/\/linen.eu\/en\/wp-json\/wp\/v2\/media?parent=131982"}],"wp:term":[{"taxonomy":"product_brand","embeddable":true,"href":"https:\/\/linen.eu\/en\/wp-json\/wp\/v2\/product_brand?post=131982"},{"taxonomy":"product_cat","embeddable":true,"href":"https:\/\/linen.eu\/en\/wp-json\/wp\/v2\/product_cat?post=131982"},{"taxonomy":"product_tag","embeddable":true,"href":"https:\/\/linen.eu\/en\/wp-json\/wp\/v2\/product_tag?post=131982"}],"curies":[{"name":"wp","href":"https:\/\/api.w.org\/{rel}","templated":true}]}}