{"id":132696,"date":"2025-11-26T12:41:21","date_gmt":"2025-11-26T11:41:21","guid":{"rendered":"https:\/\/linen.eu\/produkt\/voltaire-half-linen-bed-linen-from-leitner-leinen\/"},"modified":"2026-04-11T21:14:11","modified_gmt":"2026-04-11T19:14:11","slug":"voltaire-half-linen-bed-linen-from-leitner-leinen","status":"publish","type":"product","link":"https:\/\/linen.eu\/en\/produkt\/voltaire-half-linen-bed-linen-from-leitner-leinen\/","title":{"rendered":"Voltaire half-linen bed linen from Leitner Leinen"},"content":{"rendered":"<h2>&#8220;Voltaire half-linen bed linen from Leitner Leinen&#8221;<\/h2>\n<p>Voltaire &#8211; the name stands for the Age of Enlightenment, for that philosophical spirit that was able to capture the complex in clear lines. This half-linen design carries precisely this ambivalence: symmetrical and orderly at first glance, on closer inspection it reveals a graphic fragmentation, a deliberate play with the dissolution of form. The pattern with its characteristic craquelee effect is reminiscent of precious ceramics whose glaze has developed fine cracks over the centuries &#8211; a sign of the times that signifies beauty rather than flaw. This post-modern look merges with historicizing charm to create a design of remarkable timelessness. Woven in pastel shades, Voltaire has a delicate, almost meditative presence. In smoky shades of gray, on the other hand, the pattern takes on an urban clarity. The eight shades &#8211; from pure white to delicate sakura and cool granite &#8211; allow for a variety of interpretations: minimalist in monochrome arrangements or rich in contrast combined with bold accents.      <\/p>\n<h3>The advantages of half-linen<\/h3>\n<p>Half-linen is a textile alliance in which two fibers combine their strengths. The warp of pure cotton provides stretch and softness, while the weft of pure linen stands for tear resistance and durability. This intelligent construction creates bed linen with remarkable properties: On warm days, the linen content has a cooling and refreshing effect; on cool nights, the cotton stores cozy warmth. The fabric absorbs moisture generously and transports it away quickly without feeling damp &#8211; a natural climate balance that promotes restful sleep. The antibacterial properties of linen fibers remain largely effective in half-linen, while cotton significantly reduces the distinctive linen crease and simplifies care. The better dyeability of cotton enables the subtle coloring of the Voltaire design. Priced between pure linen and pure cotton, half-linen offers exceptional value for money with significantly greater durability than pure cotton bed linen.      <\/p>\n<h3>Manufacturing tradition since 1853<\/h3>\n<p>The history of linen weaving <span class=\"s1\"><a href=\"https:\/\/linen.eu\/en\/linen-weaving-mills\/leitner-linen\/\">Leitner <\/a><\/span>begins in 1853, when the first looms went into operation in Ulrichsberg, Upper Austria. Five generations have passed since then, but the passion for linen and the dedication to perfect craftsmanship have remained. Embedded in the hilly landscape of the M\u00fchlviertel, bed linen collections are created here that combine tradition with innovation. The path from local weaving mill to internationally renowned manufactory was characterized by the pursuit of excellence. The result can be seen at the most important textile trade fairs worldwide. Yet for all its internationality, Leitner remains a manufactory in the best sense of the word: manageable, personal, flexible. Special sizes for unusual beds are just as much a matter of course as individual advice. Each piece is manufactured with the aim of lasting for generations.       <\/p>\n<h4>The product: Voltaire half-linen bed linen from <span class=\"s1\"><b>Leitner Linen<\/b><\/span><\/h4>\n<p>\u2713 Available as comforter cover and pillowcase in various sizes<br \/>\n\u2713 50% linen (weft), 50% cotton (warp) &#8211; washed and mechanically finished<br \/>\n\u2713 Fabric weight: medium-weight quality for year-round comfort<br \/>\n\u2713 Fabric: Jacquard weave with craquelee effect and graphic fragmentation<br \/>\n\u2713 Design: Neo-baroque pattern with postmodern formal resolution<br \/>\n\u2713 Closure: Comforter covers and pillowcases with sturdy buttons, alternatively with zipper<br \/>\n\u2713 Color palette: 14 sophisticated shades &#8211; White, Alabaster, Sakura, Blue Fog, Arctic Blue, Stone, Granite, Anthracite, Lago, Purple, Nature, Jade, Terra, Marigold<br \/>\n\u2713 Masters of Linen quality &#8211; seal of approval for top European quality<br \/>\n\u2713 CO\u2082-neutral produced in Austria<br \/>\n\u2713 Individual special sizes available on request<\/p>\n<h4>Care of your half-linen bed linen<\/h4>\n<p>Half-linen bed linen is easy to care for and develops an increasingly pleasant softness over time. Colored linen can withstand temperatures up to 60\u00b0, white bed linen up to 95\u00b0. In everyday life, 40-60\u00b0 is usually sufficient for perfect cleanliness. Do not use detergents with optical brighteners &#8211; these take away the linen&#8217;s natural depth of color. Slight creasing is a quality feature of natural fibers, but is much less pronounced with half-linen than with pure linen. For smoother results: Do not load the drum more than two thirds full and select a maximum of 1000 revolutions. Iron at a medium to high level with residual moisture. Tumble drying is not recommended &#8211; air drying is gentle on the fibers and preserves quality for decades.       <\/p>\n","protected":false},"excerpt":{"rendered":"<p data-start=\"63\" data-end=\"475\"><strong data-start=\"194\" data-end=\"236\">Voltaire half-linen from Leitner Leinen<\/strong> combines enlightened clarity with the cultivated calm of natural fibers. The artfully woven jacquard design plays with symmetrical structures and fine fragmentation, whose crackled character is reminiscent of aged ceramics and lends the fabric a quiet, timeless modernity. Made from 50% linen and 50% cotton in a finely balanced half-linen jacquard weave, Voltaire combines cooling freshness and supple warmth with high moisture regulation, natural smoothness and a patina that gains character over time. Available in eight carefully coordinated shades and woven in a CO\u2082-neutral way in Austria, Voltaire stands for sustainable quality, textile tradition and bed linen that harmoniously combines graphic precision and gentle elegance.   <\/p>\n","protected":false},"featured_media":65380,"comment_status":"open","ping_status":"closed","template":"","meta":{"_acf_changed":false},"product_brand":[4797],"product_cat":[3728,3916],"product_tag":[3639,3731,3640,3750,3863],"class_list":{"0":"post-132696","1":"product","2":"type-product","3":"status-publish","4":"has-post-thumbnail","6":"product_brand-leitner-linen","7":"product_cat-bedroom","8":"product_cat-half-linen-bedding","9":"product_tag-organic-linen","10":"product_tag-natural-fiber","11":"product_tag-all-year","12":"product_tag-gots-certified","13":"product_tag-the-linen-legend","15":"first","16":"instock","17":"taxable","18":"shipping-taxable","19":"purchasable","20":"product-type-variable","21":"has-default-attributes"},"acf":[],"yoast_head":"<!-- This site is optimized with the Yoast SEO Premium plugin v27.4 (Yoast SEO v27.4) - https:\/\/yoast.com\/product\/yoast-seo-premium-wordpress\/ -->\n<title>Voltaire half-linen bed linen from Leitner Leinen - Linen.eu<\/title>\n<meta name=\"description\" content=\"Voltaire half-linen bed linen from Leitner Leinen \u271a The linen legend \u271a Woven and made in Austria \u271a Largest selection \u27a4 Simply buy online now\" \/>\n<meta name=\"robots\" content=\"index, follow, max-snippet:-1, max-image-preview:large, max-video-preview:-1\" \/>\n<link rel=\"canonical\" href=\"https:\/\/linen.eu\/en\/produkt\/voltaire-half-linen-bed-linen-from-leitner-leinen\/\" \/>\n<meta property=\"og:locale\" content=\"en_US\" \/>\n<meta property=\"og:type\" content=\"article\" \/>\n<meta property=\"og:title\" content=\"Voltaire half-linen bed linen from Leitner Leinen\" \/>\n<meta property=\"og:description\" content=\"Voltaire half-linen bed linen from Leitner Leinen \u271a The linen legend \u271a Woven and made in Austria \u271a Largest selection \u27a4 Simply buy online now\" \/>\n<meta property=\"og:url\" content=\"https:\/\/linen.eu\/en\/produkt\/voltaire-half-linen-bed-linen-from-leitner-leinen\/\" \/>\n<meta property=\"og:site_name\" content=\"Linen.eu\" \/>\n<meta property=\"article:publisher\" content=\"https:\/\/linen.eu\" \/>\n<meta property=\"article:modified_time\" content=\"2026-04-11T19:14:11+00:00\" \/>\n<meta property=\"og:image\" content=\"https:\/\/linen.eu\/wp-content\/uploads\/2025\/11\/Voltaire-1.jpg\" \/>\n\t<meta property=\"og:image:width\" content=\"1184\" \/>\n\t<meta property=\"og:image:height\" content=\"864\" \/>\n\t<meta property=\"og:image:type\" content=\"image\/jpeg\" \/>\n<meta name=\"twitter:card\" content=\"summary_large_image\" \/>\n<meta name=\"twitter:site\" content=\"@linenlounge\" \/>\n<meta name=\"twitter:label1\" content=\"Availability\" \/>\n\t<meta name=\"twitter:data1\" content=\"In stock\" \/>\n<script type=\"application\/ld+json\" class=\"yoast-schema-graph\">{\"@context\":\"https:\\\/\\\/schema.org\",\"@graph\":[{\"@type\":\"WebPage\",\"@id\":\"https:\\\/\\\/linen.eu\\\/en\\\/produkt\\\/voltaire-half-linen-bed-linen-from-leitner-leinen\\\/\",\"url\":\"https:\\\/\\\/linen.eu\\\/en\\\/produkt\\\/voltaire-half-linen-bed-linen-from-leitner-leinen\\\/\",\"name\":\"Voltaire half-linen bed linen from Leitner Leinen - Linen.eu\",\"isPartOf\":{\"@id\":\"https:\\\/\\\/linen.eu\\\/en\\\/#website\"},\"primaryImageOfPage\":{\"@id\":\"https:\\\/\\\/linen.eu\\\/en\\\/produkt\\\/voltaire-half-linen-bed-linen-from-leitner-leinen\\\/#primaryimage\"},\"image\":{\"@id\":\"https:\\\/\\\/linen.eu\\\/en\\\/produkt\\\/voltaire-half-linen-bed-linen-from-leitner-leinen\\\/#primaryimage\"},\"thumbnailUrl\":\"https:\\\/\\\/linen.eu\\\/wp-content\\\/uploads\\\/2025\\\/11\\\/Voltaire-1.jpg\",\"datePublished\":\"2025-11-26T11:41:21+00:00\",\"dateModified\":\"2026-04-11T19:14:11+00:00\",\"description\":\"Voltaire half-linen bed linen from Leitner Leinen \u271a The linen legend \u271a Woven and made in Austria \u271a Largest selection \u27a4 Simply buy online now\",\"breadcrumb\":{\"@id\":\"https:\\\/\\\/linen.eu\\\/en\\\/produkt\\\/voltaire-half-linen-bed-linen-from-leitner-leinen\\\/#breadcrumb\"},\"inLanguage\":\"en-US\",\"potentialAction\":[{\"@type\":\"ReadAction\",\"target\":[\"https:\\\/\\\/linen.eu\\\/en\\\/produkt\\\/voltaire-half-linen-bed-linen-from-leitner-leinen\\\/\"]}]},{\"@type\":\"ImageObject\",\"inLanguage\":\"en-US\",\"@id\":\"https:\\\/\\\/linen.eu\\\/en\\\/produkt\\\/voltaire-half-linen-bed-linen-from-leitner-leinen\\\/#primaryimage\",\"url\":\"https:\\\/\\\/linen.eu\\\/wp-content\\\/uploads\\\/2025\\\/11\\\/Voltaire-1.jpg\",\"contentUrl\":\"https:\\\/\\\/linen.eu\\\/wp-content\\\/uploads\\\/2025\\\/11\\\/Voltaire-1.jpg\",\"width\":1184,\"height\":864,\"caption\":\"Ein Bett in einem gro\u00dfen Zimmer\"},{\"@type\":\"BreadcrumbList\",\"@id\":\"https:\\\/\\\/linen.eu\\\/en\\\/produkt\\\/voltaire-half-linen-bed-linen-from-leitner-leinen\\\/#breadcrumb\",\"itemListElement\":[{\"@type\":\"ListItem\",\"position\":1,\"name\":\"Startseite\",\"item\":\"https:\\\/\\\/linen.eu\\\/en\\\/home\\\/\"},{\"@type\":\"ListItem\",\"position\":2,\"name\":\"Shop\",\"item\":\"https:\\\/\\\/linen.eu\\\/en\\\/shop\\\/\"},{\"@type\":\"ListItem\",\"position\":3,\"name\":\"Voltaire half-linen bed linen from Leitner Leinen\"}]},{\"@type\":\"WebSite\",\"@id\":\"https:\\\/\\\/linen.eu\\\/en\\\/#website\",\"url\":\"https:\\\/\\\/linen.eu\\\/en\\\/\",\"name\":\"Linen.eu\",\"description\":\"\",\"publisher\":{\"@id\":\"https:\\\/\\\/linen.eu\\\/en\\\/#organization\"},\"potentialAction\":[{\"@type\":\"SearchAction\",\"target\":{\"@type\":\"EntryPoint\",\"urlTemplate\":\"https:\\\/\\\/linen.eu\\\/en\\\/?s={search_term_string}\"},\"query-input\":{\"@type\":\"PropertyValueSpecification\",\"valueRequired\":true,\"valueName\":\"search_term_string\"}}],\"inLanguage\":\"en-US\"},{\"@type\":\"Organization\",\"@id\":\"https:\\\/\\\/linen.eu\\\/en\\\/#organization\",\"name\":\"Linen Lounge\",\"alternateName\":\"linen.eu\",\"url\":\"https:\\\/\\\/linen.eu\\\/en\\\/\",\"logo\":{\"@type\":\"ImageObject\",\"inLanguage\":\"en-US\",\"@id\":\"https:\\\/\\\/linen.eu\\\/en\\\/#\\\/schema\\\/logo\\\/image\\\/\",\"url\":\"https:\\\/\\\/linen.eu\\\/wp-content\\\/uploads\\\/2025\\\/10\\\/LinenLounge-NEU2.webp\",\"contentUrl\":\"https:\\\/\\\/linen.eu\\\/wp-content\\\/uploads\\\/2025\\\/10\\\/LinenLounge-NEU2.webp\",\"width\":1800,\"height\":455,\"caption\":\"Linen Lounge\"},\"image\":{\"@id\":\"https:\\\/\\\/linen.eu\\\/en\\\/#\\\/schema\\\/logo\\\/image\\\/\"},\"sameAs\":[\"https:\\\/\\\/linen.eu\",\"https:\\\/\\\/x.com\\\/linenlounge\",\"https:\\\/\\\/www.instagram.com\\\/linen.lounge?igsh=MW81aGhiY2VxZGRpMw==&utm_source=qr\",\"http:\\\/\\\/www.youtube.com\\\/@Linenlounge\"],\"description\":\"Online Fachhandel f\u00fcr europ\u00e4ische Leinen-Bettw\u00e4sche und Heimtextilien aus traditionellen Webereien wie Leitner Leinen, Schlitzer Leinen, Libeco, Vieb\u00f6ck und Hoffmann.\",\"email\":\"info@linen.eu\",\"telephone\":\"+49 (0) 69 90738860\",\"legalName\":\"Linen UG (haftungsbeschr\u00e4nkt)\",\"foundingDate\":\"2015-04-08\",\"numberOfEmployees\":{\"@type\":\"QuantitativeValue\",\"minValue\":\"1\",\"maxValue\":\"10\"}}]}<\/script>\n<meta property=\"product:brand\" content=\"Leitner Linen\" \/>\n<meta property=\"og:availability\" content=\"instock\" \/>\n<meta property=\"product:availability\" content=\"instock\" \/>\n<meta property=\"product:retailer_item_id\" content=\"125111280253\" \/>\n<meta property=\"product:condition\" content=\"new\" \/>\n<!-- \/ Yoast SEO Premium plugin. -->","yoast_head_json":{"title":"Voltaire half-linen bed linen from Leitner Leinen - Linen.eu","description":"Voltaire half-linen bed linen from Leitner Leinen \u271a The linen legend \u271a Woven and made in Austria \u271a Largest selection \u27a4 Simply buy online now","robots":{"index":"index","follow":"follow","max-snippet":"max-snippet:-1","max-image-preview":"max-image-preview:large","max-video-preview":"max-video-preview:-1"},"canonical":"https:\/\/linen.eu\/en\/produkt\/voltaire-half-linen-bed-linen-from-leitner-leinen\/","og_locale":"en_US","og_type":"article","og_title":"Voltaire half-linen bed linen from Leitner Leinen","og_description":"Voltaire half-linen bed linen from Leitner Leinen \u271a The linen legend \u271a Woven and made in Austria \u271a Largest selection \u27a4 Simply buy online now","og_url":"https:\/\/linen.eu\/en\/produkt\/voltaire-half-linen-bed-linen-from-leitner-leinen\/","og_site_name":"Linen.eu","article_publisher":"https:\/\/linen.eu","article_modified_time":"2026-04-11T19:14:11+00:00","og_image":[{"width":1184,"height":864,"url":"https:\/\/linen.eu\/wp-content\/uploads\/2025\/11\/Voltaire-1.jpg","type":"image\/jpeg"}],"twitter_card":"summary_large_image","twitter_site":"@linenlounge","twitter_misc":{"Availability":"In stock"},"schema":{"@context":"https:\/\/schema.org","@graph":[{"@type":"WebPage","@id":"https:\/\/linen.eu\/en\/produkt\/voltaire-half-linen-bed-linen-from-leitner-leinen\/","url":"https:\/\/linen.eu\/en\/produkt\/voltaire-half-linen-bed-linen-from-leitner-leinen\/","name":"Voltaire half-linen bed linen from Leitner Leinen - Linen.eu","isPartOf":{"@id":"https:\/\/linen.eu\/en\/#website"},"primaryImageOfPage":{"@id":"https:\/\/linen.eu\/en\/produkt\/voltaire-half-linen-bed-linen-from-leitner-leinen\/#primaryimage"},"image":{"@id":"https:\/\/linen.eu\/en\/produkt\/voltaire-half-linen-bed-linen-from-leitner-leinen\/#primaryimage"},"thumbnailUrl":"https:\/\/linen.eu\/wp-content\/uploads\/2025\/11\/Voltaire-1.jpg","datePublished":"2025-11-26T11:41:21+00:00","dateModified":"2026-04-11T19:14:11+00:00","description":"Voltaire half-linen bed linen from Leitner Leinen \u271a The linen legend \u271a Woven and made in Austria \u271a Largest selection \u27a4 Simply buy online now","breadcrumb":{"@id":"https:\/\/linen.eu\/en\/produkt\/voltaire-half-linen-bed-linen-from-leitner-leinen\/#breadcrumb"},"inLanguage":"en-US","potentialAction":[{"@type":"ReadAction","target":["https:\/\/linen.eu\/en\/produkt\/voltaire-half-linen-bed-linen-from-leitner-leinen\/"]}]},{"@type":"ImageObject","inLanguage":"en-US","@id":"https:\/\/linen.eu\/en\/produkt\/voltaire-half-linen-bed-linen-from-leitner-leinen\/#primaryimage","url":"https:\/\/linen.eu\/wp-content\/uploads\/2025\/11\/Voltaire-1.jpg","contentUrl":"https:\/\/linen.eu\/wp-content\/uploads\/2025\/11\/Voltaire-1.jpg","width":1184,"height":864,"caption":"Ein Bett in einem gro\u00dfen Zimmer"},{"@type":"BreadcrumbList","@id":"https:\/\/linen.eu\/en\/produkt\/voltaire-half-linen-bed-linen-from-leitner-leinen\/#breadcrumb","itemListElement":[{"@type":"ListItem","position":1,"name":"Startseite","item":"https:\/\/linen.eu\/en\/home\/"},{"@type":"ListItem","position":2,"name":"Shop","item":"https:\/\/linen.eu\/en\/shop\/"},{"@type":"ListItem","position":3,"name":"Voltaire half-linen bed linen from Leitner Leinen"}]},{"@type":"WebSite","@id":"https:\/\/linen.eu\/en\/#website","url":"https:\/\/linen.eu\/en\/","name":"Linen.eu","description":"","publisher":{"@id":"https:\/\/linen.eu\/en\/#organization"},"potentialAction":[{"@type":"SearchAction","target":{"@type":"EntryPoint","urlTemplate":"https:\/\/linen.eu\/en\/?s={search_term_string}"},"query-input":{"@type":"PropertyValueSpecification","valueRequired":true,"valueName":"search_term_string"}}],"inLanguage":"en-US"},{"@type":"Organization","@id":"https:\/\/linen.eu\/en\/#organization","name":"Linen Lounge","alternateName":"linen.eu","url":"https:\/\/linen.eu\/en\/","logo":{"@type":"ImageObject","inLanguage":"en-US","@id":"https:\/\/linen.eu\/en\/#\/schema\/logo\/image\/","url":"https:\/\/linen.eu\/wp-content\/uploads\/2025\/10\/LinenLounge-NEU2.webp","contentUrl":"https:\/\/linen.eu\/wp-content\/uploads\/2025\/10\/LinenLounge-NEU2.webp","width":1800,"height":455,"caption":"Linen Lounge"},"image":{"@id":"https:\/\/linen.eu\/en\/#\/schema\/logo\/image\/"},"sameAs":["https:\/\/linen.eu","https:\/\/x.com\/linenlounge","https:\/\/www.instagram.com\/linen.lounge?igsh=MW81aGhiY2VxZGRpMw==&utm_source=qr","http:\/\/www.youtube.com\/@Linenlounge"],"description":"Online Fachhandel f\u00fcr europ\u00e4ische Leinen-Bettw\u00e4sche und Heimtextilien aus traditionellen Webereien wie Leitner Leinen, Schlitzer Leinen, Libeco, Vieb\u00f6ck und Hoffmann.","email":"info@linen.eu","telephone":"+49 (0) 69 90738860","legalName":"Linen UG (haftungsbeschr\u00e4nkt)","foundingDate":"2015-04-08","numberOfEmployees":{"@type":"QuantitativeValue","minValue":"1","maxValue":"10"}}]},"product_brand":"Leitner Linen","og_availability":"instock","product_availability":"instock","product_retailer_item_id":"125111280253","product_condition":"new"},"_links":{"self":[{"href":"https:\/\/linen.eu\/en\/wp-json\/wp\/v2\/product\/132696","targetHints":{"allow":["GET"]}}],"collection":[{"href":"https:\/\/linen.eu\/en\/wp-json\/wp\/v2\/product"}],"about":[{"href":"https:\/\/linen.eu\/en\/wp-json\/wp\/v2\/types\/product"}],"replies":[{"embeddable":true,"href":"https:\/\/linen.eu\/en\/wp-json\/wp\/v2\/comments?post=132696"}],"wp:featuredmedia":[{"embeddable":true,"href":"https:\/\/linen.eu\/en\/wp-json\/wp\/v2\/media\/65380"}],"wp:attachment":[{"href":"https:\/\/linen.eu\/en\/wp-json\/wp\/v2\/media?parent=132696"}],"wp:term":[{"taxonomy":"product_brand","embeddable":true,"href":"https:\/\/linen.eu\/en\/wp-json\/wp\/v2\/product_brand?post=132696"},{"taxonomy":"product_cat","embeddable":true,"href":"https:\/\/linen.eu\/en\/wp-json\/wp\/v2\/product_cat?post=132696"},{"taxonomy":"product_tag","embeddable":true,"href":"https:\/\/linen.eu\/en\/wp-json\/wp\/v2\/product_tag?post=132696"}],"curies":[{"name":"wp","href":"https:\/\/api.w.org\/{rel}","templated":true}]}}