{"id":135700,"date":"2025-07-17T15:13:58","date_gmt":"2025-07-17T13:13:58","guid":{"rendered":"https:\/\/linen.eu\/produkt\/the-workshop-stripe-linen-bedding-from-libeco\/"},"modified":"2026-04-12T00:22:13","modified_gmt":"2026-04-11T22:22:13","slug":"the-workshop-stripe-linen-bedding-from-libeco","status":"publish","type":"product","link":"https:\/\/linen.eu\/en\/produkt\/the-workshop-stripe-linen-bedding-from-libeco\/","title":{"rendered":"The Workshop Stripe linen bedding from Libeco"},"content":{"rendered":"<h2 class=\"h3 product-detail-description-title\">&#8220;The Workshop Stripe linen bedding from Libeco&#8221;<\/h2>\n<div class=\"product-detail-description-text\">\n<p>The Workshop Stripe linen bedding from Libeco is linen bedding with fine stripes &#8211; a real classic! Workshop Stripe is a densely woven twill of medium weight with thin dark blue and natural white stripes. The design is ingenious in its simplicity. A real classic! Flax was roasted in the river Leie in Belgium as early as the Middle Ages. From the middle of the last century onwards, flax retting kilns were used to recreate the conditions of the &#8220;Golden River&#8221;. Today, dew roasting usually takes place in the field. The plant is exposed to dew, wind and weather for several weeks. During this process, the fibers separate from the solid parts of the plant and can be harvested and spun into yarn. Certified by the environmental institute GOTS, Libeco produces this collection in the most environmentally friendly and socially responsible way possible.<\/p>\n<h3>European organic linen<\/h3>\n<p>Linen bed linen allows the skin to breathe better. When it comes to our skin, linen is the perfect fabric. Due to its long, smooth fibers, linen absorbs a lot of moisture and repels dirt.   Linen is an intelligent fabric because linen balances out temperatures. Linen ensures a pleasant coolness in summer and creates cozy warmth in winter. The long linen fibers ensure that linen bed linen stays fresh for much longer. The linen fabric has been treated purely mechanically and is therefore very soft and skin-friendly. Linen treated in this way creases less and retains the naturalness and all the advantages of linen. Libeco is convinced of organic linen and unconditional sustainability in all stages of production, so the creation of certified linen bed linen according to the GOTS standard in the Heritage collection was a logical next step.     <\/p>\n<h3>The Weaving Mill<\/h3>\n<p>In 2006, <a href=\"https:\/\/linen.eu\/brand\/libeco\/\">Libeco<\/a> received a knighthood from the Belgian royal family: &#8220;Belgian Royal Warrant Holder&#8221; is the impressive recognition of the quality of this bed linen. The &#8220;Belgian Linen&#8221; seal of quality is the guarantee of a quality product in accordance with all the rules of sustainable management.  All Libeco fabrics bear the coveted &#8220;Masters of Linen&#8221; label. This guarantees that the fabrics have been tested to meet the extremely high requirements of this master class and that they are manufactured exclusively in Europe. &#8220;Eco Line&#8221; and &#8220;Oeko-Tex&#8221; provide the assurance that Libeco fabrics are free from harmful substances and that they have not been treated, bleached or dyed with chemicals.  <\/p>\n<p>We recommend the fine Heritage linen sheets and fitted sheets from Libeco.<\/p>\n<h3>The product: The Workshop Stripe linen bedding from <a href=\"https:\/\/linen.eu\/en\/linen-weaving-mills\/libeco\/\">Libeco<\/a><\/h3>\n<p>Available as a comforter cover, pillow, fitted sheet, sheet and bedspread.<br \/>\n100% washed linen. Heavy quality of 190 grams per square meter<br \/>\nPillow with button closure<br \/>\nDuvet with button closure: 135 x 200 cm \/ 155 x 220 cm \/ 160 x 210 cm<br \/>\nDuvet with bottle neck closure: 140 x 200 cm \/ 200 x 200 cm \/ 240 x 220 cm<br \/>\nThread count: Nm 26<br \/>\nColor: Thin dark blue and natural white stripes<br \/>\nMasters of Linen quality<br \/>\nWe manufacture the sizes listed in the specified delivery period. We can produce other individual special sizes on request.<br \/>\nMade in Belgium.  <\/p>\n<h3>Care Instructions<\/h3>\n<p>Colored linen can be washed up to 60\u00b0, white up to 95\u00b0. As with all materials, linen will last longer if washed at a lower temperature. What linen does not tolerate are detergents with optical brighteners, they bleach out the natural colors and the fabric becomes light Wrinkling: Linen needs sufficient residual moisture so that it does not wrinkle so much. Do not overload the machine so that the fabric can move, do not spin linen too hard or for too long. If you want to iron linen, iron the garments on the hot setting of your iron when they are still a little damp. Even if it is convenient: avoid drying linen in the dryer. Overdrying can cause it to shrink.      <\/p>\n<\/div>\n","protected":false},"excerpt":{"rendered":"<p>The <strong data-start=\"99\" data-end=\"147\">Workshop Stripe linen bed linen from Libeco<\/strong> is a timeless classic: dense twill made of 100% washed linen with fine dark blue and natural white stripes. Skin-friendly, breathable and temperature-regulating, it ensures a restful night&#8217;s sleep all year round. Sustainably manufactured in Belgium, certified according to <em data-start=\"429\" data-end=\"447\">Masters of Linen<\/em> and GOTS.  <\/p>\n","protected":false},"featured_media":1771,"comment_status":"open","ping_status":"closed","template":"","meta":{"_acf_changed":false},"product_brand":[4801,4802],"product_cat":[3788,3789,3790,3938,3728,3785,3786,3787],"product_tag":[3639,3640,3641,4323,3750],"class_list":{"0":"post-135700","1":"product","2":"type-product","3":"status-publish","4":"has-post-thumbnail","6":"product_brand-libeco","7":"product_brand-libeco-bed-linen","8":"product_cat-200x200","9":"product_cat-200x220","10":"product_cat-220x240","11":"product_cat-linen-pillowcases","12":"product_cat-bedroom","13":"product_cat-linen-bedding","14":"product_cat-155x220","15":"product_cat-135x200","16":"product_tag-organic-linen","17":"product_tag-all-year","18":"product_tag-linen","19":"product_tag-striped-bed-linen","20":"product_tag-gots-certified","22":"first","23":"instock","24":"taxable","25":"shipping-taxable","26":"purchasable","27":"product-type-variable"},"acf":[],"yoast_head":"<!-- This site is optimized with the Yoast SEO Premium plugin v27.3 (Yoast SEO v27.3) - https:\/\/yoast.com\/product\/yoast-seo-premium-wordpress\/ -->\n<title>The Workshop Stripe linen bedding from Libeco - Linen.eu<\/title>\n<meta name=\"description\" content=\"The Workshop Stripe linen bedding by Libeco \u271a Traditional genuine linen weaving \u271a Woven and sewn in Belgium \u27a4 Buy online now\" \/>\n<meta name=\"robots\" content=\"index, follow, max-snippet:-1, max-image-preview:large, max-video-preview:-1\" \/>\n<link rel=\"canonical\" href=\"https:\/\/linen.eu\/en\/produkt\/the-workshop-stripe-linen-bedding-from-libeco\/\" \/>\n<meta property=\"og:locale\" content=\"en_US\" \/>\n<meta property=\"og:type\" content=\"article\" \/>\n<meta property=\"og:title\" content=\"The Workshop Stripe linen bedding from Libeco\" \/>\n<meta property=\"og:description\" content=\"The Workshop Stripe linen bedding by Libeco \u271a Traditional genuine linen weaving \u271a Woven and sewn in Belgium \u27a4 Buy online now\" \/>\n<meta property=\"og:url\" content=\"https:\/\/linen.eu\/en\/produkt\/the-workshop-stripe-linen-bedding-from-libeco\/\" \/>\n<meta property=\"og:site_name\" content=\"Linen.eu\" \/>\n<meta property=\"article:publisher\" content=\"https:\/\/linen.eu\" \/>\n<meta property=\"article:modified_time\" content=\"2026-04-11T22:22:13+00:00\" \/>\n<meta property=\"og:image\" content=\"https:\/\/linen.eu\/wp-content\/uploads\/2025\/07\/The-Workshop-Stripe-Jan-2020-20.jpg\" \/>\n\t<meta property=\"og:image:width\" content=\"1600\" \/>\n\t<meta property=\"og:image:height\" content=\"1200\" \/>\n\t<meta property=\"og:image:type\" content=\"image\/jpeg\" \/>\n<meta name=\"twitter:card\" content=\"summary_large_image\" \/>\n<meta name=\"twitter:site\" content=\"@linenlounge\" \/>\n<meta name=\"twitter:label1\" content=\"Availability\" \/>\n\t<meta name=\"twitter:data1\" content=\"In stock\" \/>\n<script type=\"application\/ld+json\" class=\"yoast-schema-graph\">{\"@context\":\"https:\\\/\\\/schema.org\",\"@graph\":[{\"@type\":\"WebPage\",\"@id\":\"https:\\\/\\\/linen.eu\\\/en\\\/produkt\\\/the-workshop-stripe-linen-bedding-from-libeco\\\/\",\"url\":\"https:\\\/\\\/linen.eu\\\/en\\\/produkt\\\/the-workshop-stripe-linen-bedding-from-libeco\\\/\",\"name\":\"The Workshop Stripe linen bedding from Libeco - Linen.eu\",\"isPartOf\":{\"@id\":\"https:\\\/\\\/linen.eu\\\/en\\\/#website\"},\"primaryImageOfPage\":{\"@id\":\"https:\\\/\\\/linen.eu\\\/en\\\/produkt\\\/the-workshop-stripe-linen-bedding-from-libeco\\\/#primaryimage\"},\"image\":{\"@id\":\"https:\\\/\\\/linen.eu\\\/en\\\/produkt\\\/the-workshop-stripe-linen-bedding-from-libeco\\\/#primaryimage\"},\"thumbnailUrl\":\"https:\\\/\\\/linen.eu\\\/wp-content\\\/uploads\\\/2025\\\/07\\\/The-Workshop-Stripe-Jan-2020-20.jpg\",\"datePublished\":\"2025-07-17T13:13:58+00:00\",\"dateModified\":\"2026-04-11T22:22:13+00:00\",\"description\":\"The Workshop Stripe linen bedding by Libeco \u271a Traditional genuine linen weaving \u271a Woven and sewn in Belgium \u27a4 Buy online now\",\"breadcrumb\":{\"@id\":\"https:\\\/\\\/linen.eu\\\/en\\\/produkt\\\/the-workshop-stripe-linen-bedding-from-libeco\\\/#breadcrumb\"},\"inLanguage\":\"en-US\",\"potentialAction\":[{\"@type\":\"ReadAction\",\"target\":[\"https:\\\/\\\/linen.eu\\\/en\\\/produkt\\\/the-workshop-stripe-linen-bedding-from-libeco\\\/\"]}]},{\"@type\":\"ImageObject\",\"inLanguage\":\"en-US\",\"@id\":\"https:\\\/\\\/linen.eu\\\/en\\\/produkt\\\/the-workshop-stripe-linen-bedding-from-libeco\\\/#primaryimage\",\"url\":\"https:\\\/\\\/linen.eu\\\/wp-content\\\/uploads\\\/2025\\\/07\\\/The-Workshop-Stripe-Jan-2020-20.jpg\",\"contentUrl\":\"https:\\\/\\\/linen.eu\\\/wp-content\\\/uploads\\\/2025\\\/07\\\/The-Workshop-Stripe-Jan-2020-20.jpg\",\"width\":1600,\"height\":1200,\"caption\":\"Eine Frau in einem wei\u00dfen Kleid lehnt sich auf der The Workshop Stripe Leinen Bettw\u00e4sche von Libeco zur\u00fcck, st\u00fctzt sich mit einem Arm ab und blickt nachdenklich nach vorn. Weiche, neutrale Kissen und eine strukturierte Wand schaffen eine ruhige, heitere Atmosph\u00e4re.\"},{\"@type\":\"BreadcrumbList\",\"@id\":\"https:\\\/\\\/linen.eu\\\/en\\\/produkt\\\/the-workshop-stripe-linen-bedding-from-libeco\\\/#breadcrumb\",\"itemListElement\":[{\"@type\":\"ListItem\",\"position\":1,\"name\":\"Startseite\",\"item\":\"https:\\\/\\\/linen.eu\\\/en\\\/home\\\/\"},{\"@type\":\"ListItem\",\"position\":2,\"name\":\"Shop\",\"item\":\"https:\\\/\\\/linen.eu\\\/en\\\/shop\\\/\"},{\"@type\":\"ListItem\",\"position\":3,\"name\":\"The Workshop Stripe linen bedding from Libeco\"}]},{\"@type\":\"WebSite\",\"@id\":\"https:\\\/\\\/linen.eu\\\/en\\\/#website\",\"url\":\"https:\\\/\\\/linen.eu\\\/en\\\/\",\"name\":\"Linen.eu\",\"description\":\"\",\"publisher\":{\"@id\":\"https:\\\/\\\/linen.eu\\\/en\\\/#organization\"},\"potentialAction\":[{\"@type\":\"SearchAction\",\"target\":{\"@type\":\"EntryPoint\",\"urlTemplate\":\"https:\\\/\\\/linen.eu\\\/en\\\/?s={search_term_string}\"},\"query-input\":{\"@type\":\"PropertyValueSpecification\",\"valueRequired\":true,\"valueName\":\"search_term_string\"}}],\"inLanguage\":\"en-US\"},{\"@type\":\"Organization\",\"@id\":\"https:\\\/\\\/linen.eu\\\/en\\\/#organization\",\"name\":\"Linen Lounge\",\"alternateName\":\"linen.eu\",\"url\":\"https:\\\/\\\/linen.eu\\\/en\\\/\",\"logo\":{\"@type\":\"ImageObject\",\"inLanguage\":\"en-US\",\"@id\":\"https:\\\/\\\/linen.eu\\\/en\\\/#\\\/schema\\\/logo\\\/image\\\/\",\"url\":\"https:\\\/\\\/linen.eu\\\/wp-content\\\/uploads\\\/2025\\\/10\\\/LinenLounge-NEU2.webp\",\"contentUrl\":\"https:\\\/\\\/linen.eu\\\/wp-content\\\/uploads\\\/2025\\\/10\\\/LinenLounge-NEU2.webp\",\"width\":1800,\"height\":455,\"caption\":\"Linen Lounge\"},\"image\":{\"@id\":\"https:\\\/\\\/linen.eu\\\/en\\\/#\\\/schema\\\/logo\\\/image\\\/\"},\"sameAs\":[\"https:\\\/\\\/linen.eu\",\"https:\\\/\\\/x.com\\\/linenlounge\",\"https:\\\/\\\/www.instagram.com\\\/linen.lounge?igsh=MW81aGhiY2VxZGRpMw==&utm_source=qr\",\"http:\\\/\\\/www.youtube.com\\\/@Linenlounge\"],\"description\":\"Online Fachhandel f\u00fcr europ\u00e4ische Leinen-Bettw\u00e4sche und Heimtextilien aus traditionellen Webereien wie Leitner Leinen, Schlitzer Leinen, Libeco, Vieb\u00f6ck und Hoffmann.\",\"email\":\"info@linen.eu\",\"telephone\":\"+49 (0) 69 90738860\",\"legalName\":\"Linen UG (haftungsbeschr\u00e4nkt)\",\"foundingDate\":\"2015-04-08\",\"numberOfEmployees\":{\"@type\":\"QuantitativeValue\",\"minValue\":\"1\",\"maxValue\":\"10\"}}]}<\/script>\n<meta property=\"product:brand\" content=\"Libeco \u2013 Real Fabric at Home the World Over\" \/>\n<meta property=\"og:availability\" content=\"instock\" \/>\n<meta property=\"product:availability\" content=\"instock\" \/>\n<meta property=\"product:retailer_item_id\" content=\"111101218711\" \/>\n<meta property=\"product:condition\" content=\"new\" \/>\n<!-- \/ Yoast SEO Premium plugin. -->","yoast_head_json":{"title":"The Workshop Stripe linen bedding from Libeco - Linen.eu","description":"The Workshop Stripe linen bedding by Libeco \u271a Traditional genuine linen weaving \u271a Woven and sewn in Belgium \u27a4 Buy online now","robots":{"index":"index","follow":"follow","max-snippet":"max-snippet:-1","max-image-preview":"max-image-preview:large","max-video-preview":"max-video-preview:-1"},"canonical":"https:\/\/linen.eu\/en\/produkt\/the-workshop-stripe-linen-bedding-from-libeco\/","og_locale":"en_US","og_type":"article","og_title":"The Workshop Stripe linen bedding from Libeco","og_description":"The Workshop Stripe linen bedding by Libeco \u271a Traditional genuine linen weaving \u271a Woven and sewn in Belgium \u27a4 Buy online now","og_url":"https:\/\/linen.eu\/en\/produkt\/the-workshop-stripe-linen-bedding-from-libeco\/","og_site_name":"Linen.eu","article_publisher":"https:\/\/linen.eu","article_modified_time":"2026-04-11T22:22:13+00:00","og_image":[{"width":1600,"height":1200,"url":"https:\/\/linen.eu\/wp-content\/uploads\/2025\/07\/The-Workshop-Stripe-Jan-2020-20.jpg","type":"image\/jpeg"}],"twitter_card":"summary_large_image","twitter_site":"@linenlounge","twitter_misc":{"Availability":"In stock"},"schema":{"@context":"https:\/\/schema.org","@graph":[{"@type":"WebPage","@id":"https:\/\/linen.eu\/en\/produkt\/the-workshop-stripe-linen-bedding-from-libeco\/","url":"https:\/\/linen.eu\/en\/produkt\/the-workshop-stripe-linen-bedding-from-libeco\/","name":"The Workshop Stripe linen bedding from Libeco - Linen.eu","isPartOf":{"@id":"https:\/\/linen.eu\/en\/#website"},"primaryImageOfPage":{"@id":"https:\/\/linen.eu\/en\/produkt\/the-workshop-stripe-linen-bedding-from-libeco\/#primaryimage"},"image":{"@id":"https:\/\/linen.eu\/en\/produkt\/the-workshop-stripe-linen-bedding-from-libeco\/#primaryimage"},"thumbnailUrl":"https:\/\/linen.eu\/wp-content\/uploads\/2025\/07\/The-Workshop-Stripe-Jan-2020-20.jpg","datePublished":"2025-07-17T13:13:58+00:00","dateModified":"2026-04-11T22:22:13+00:00","description":"The Workshop Stripe linen bedding by Libeco \u271a Traditional genuine linen weaving \u271a Woven and sewn in Belgium \u27a4 Buy online now","breadcrumb":{"@id":"https:\/\/linen.eu\/en\/produkt\/the-workshop-stripe-linen-bedding-from-libeco\/#breadcrumb"},"inLanguage":"en-US","potentialAction":[{"@type":"ReadAction","target":["https:\/\/linen.eu\/en\/produkt\/the-workshop-stripe-linen-bedding-from-libeco\/"]}]},{"@type":"ImageObject","inLanguage":"en-US","@id":"https:\/\/linen.eu\/en\/produkt\/the-workshop-stripe-linen-bedding-from-libeco\/#primaryimage","url":"https:\/\/linen.eu\/wp-content\/uploads\/2025\/07\/The-Workshop-Stripe-Jan-2020-20.jpg","contentUrl":"https:\/\/linen.eu\/wp-content\/uploads\/2025\/07\/The-Workshop-Stripe-Jan-2020-20.jpg","width":1600,"height":1200,"caption":"Eine Frau in einem wei\u00dfen Kleid lehnt sich auf der The Workshop Stripe Leinen Bettw\u00e4sche von Libeco zur\u00fcck, st\u00fctzt sich mit einem Arm ab und blickt nachdenklich nach vorn. Weiche, neutrale Kissen und eine strukturierte Wand schaffen eine ruhige, heitere Atmosph\u00e4re."},{"@type":"BreadcrumbList","@id":"https:\/\/linen.eu\/en\/produkt\/the-workshop-stripe-linen-bedding-from-libeco\/#breadcrumb","itemListElement":[{"@type":"ListItem","position":1,"name":"Startseite","item":"https:\/\/linen.eu\/en\/home\/"},{"@type":"ListItem","position":2,"name":"Shop","item":"https:\/\/linen.eu\/en\/shop\/"},{"@type":"ListItem","position":3,"name":"The Workshop Stripe linen bedding from Libeco"}]},{"@type":"WebSite","@id":"https:\/\/linen.eu\/en\/#website","url":"https:\/\/linen.eu\/en\/","name":"Linen.eu","description":"","publisher":{"@id":"https:\/\/linen.eu\/en\/#organization"},"potentialAction":[{"@type":"SearchAction","target":{"@type":"EntryPoint","urlTemplate":"https:\/\/linen.eu\/en\/?s={search_term_string}"},"query-input":{"@type":"PropertyValueSpecification","valueRequired":true,"valueName":"search_term_string"}}],"inLanguage":"en-US"},{"@type":"Organization","@id":"https:\/\/linen.eu\/en\/#organization","name":"Linen Lounge","alternateName":"linen.eu","url":"https:\/\/linen.eu\/en\/","logo":{"@type":"ImageObject","inLanguage":"en-US","@id":"https:\/\/linen.eu\/en\/#\/schema\/logo\/image\/","url":"https:\/\/linen.eu\/wp-content\/uploads\/2025\/10\/LinenLounge-NEU2.webp","contentUrl":"https:\/\/linen.eu\/wp-content\/uploads\/2025\/10\/LinenLounge-NEU2.webp","width":1800,"height":455,"caption":"Linen Lounge"},"image":{"@id":"https:\/\/linen.eu\/en\/#\/schema\/logo\/image\/"},"sameAs":["https:\/\/linen.eu","https:\/\/x.com\/linenlounge","https:\/\/www.instagram.com\/linen.lounge?igsh=MW81aGhiY2VxZGRpMw==&utm_source=qr","http:\/\/www.youtube.com\/@Linenlounge"],"description":"Online Fachhandel f\u00fcr europ\u00e4ische Leinen-Bettw\u00e4sche und Heimtextilien aus traditionellen Webereien wie Leitner Leinen, Schlitzer Leinen, Libeco, Vieb\u00f6ck und Hoffmann.","email":"info@linen.eu","telephone":"+49 (0) 69 90738860","legalName":"Linen UG (haftungsbeschr\u00e4nkt)","foundingDate":"2015-04-08","numberOfEmployees":{"@type":"QuantitativeValue","minValue":"1","maxValue":"10"}}]},"product_brand":"Libeco \u2013 Real Fabric at Home the World Over","og_availability":"instock","product_availability":"instock","product_retailer_item_id":"111101218711","product_condition":"new"},"_links":{"self":[{"href":"https:\/\/linen.eu\/en\/wp-json\/wp\/v2\/product\/135700","targetHints":{"allow":["GET"]}}],"collection":[{"href":"https:\/\/linen.eu\/en\/wp-json\/wp\/v2\/product"}],"about":[{"href":"https:\/\/linen.eu\/en\/wp-json\/wp\/v2\/types\/product"}],"replies":[{"embeddable":true,"href":"https:\/\/linen.eu\/en\/wp-json\/wp\/v2\/comments?post=135700"}],"wp:featuredmedia":[{"embeddable":true,"href":"https:\/\/linen.eu\/en\/wp-json\/wp\/v2\/media\/1771"}],"wp:attachment":[{"href":"https:\/\/linen.eu\/en\/wp-json\/wp\/v2\/media?parent=135700"}],"wp:term":[{"taxonomy":"product_brand","embeddable":true,"href":"https:\/\/linen.eu\/en\/wp-json\/wp\/v2\/product_brand?post=135700"},{"taxonomy":"product_cat","embeddable":true,"href":"https:\/\/linen.eu\/en\/wp-json\/wp\/v2\/product_cat?post=135700"},{"taxonomy":"product_tag","embeddable":true,"href":"https:\/\/linen.eu\/en\/wp-json\/wp\/v2\/product_tag?post=135700"}],"curies":[{"name":"wp","href":"https:\/\/api.w.org\/{rel}","templated":true}]}}