{"id":136045,"date":"2025-07-17T15:16:45","date_gmt":"2025-07-17T13:16:45","guid":{"rendered":"https:\/\/linen.eu\/produkt\/shanghai-percal-400-tc-bed-linen-from-peter-reed\/"},"modified":"2026-04-12T00:11:49","modified_gmt":"2026-04-11T22:11:49","slug":"shanghai-percal-400-tc-bed-linen-from-peter-reed","status":"publish","type":"product","link":"https:\/\/linen.eu\/en\/produkt\/shanghai-percal-400-tc-bed-linen-from-peter-reed\/","title":{"rendered":"Shanghai Percal 400 TC bed linen from Peter Reed"},"content":{"rendered":"<div id=\"malwarebytes-root\" style=\"position: fixed;z-index: 2147483647;width: 100%\"><\/div>\n<h2 class=\"h3 product-detail-description-title\">&#8220;Shanghai Percal 400TC bed linen from Peter Reed&#8221;<\/h2>\n<div class=\"product-detail-description-text\">\n<p>Shanghai Percal 400TC bed linen from Peter Reed. Stylish, imaginative, and very Asian\u2014the design of \u201cShanghai\u201d is just as perfect for traditional living environments as it is for modern, contemporary interiors. Peter Reed percale bed linen is made exclusively from specially selected, high-quality worsted yarns. Before spinning, special combs remove shorter cotton fibers. In this way, Peter Reed ensures that the yarns are only spun from the longest fibers of the cotton harvest. Two Row Cord with 400 threads per square inch (6.45 square centimeters)   <\/p>\n<h2>The Weaving Mill<\/h2>\n<p>Since 1880, <a href=\"https:\/\/linen.eu\/en\/magazine\/\">Peter Reed<\/a> has been the supplier to the English royal family, as &#8220;Royal Warrant of Appointment to Her Majesty The Queen&#8221;. This title as a manufacturer of bed linen was impressively renewed in January 2008. This is an honor to be very proud of.<br \/>\nPeter Reed has been manufacturing in Lancashire since 1861 and is traditionally synonymous with English excellence and luxury. Peter Reed is one of the few factories to have been operating in the UK for over a century. The founder, Peter William Reed was a farmer in Barley on the slopes of Pendle Hill in Lancashire (where the last known witches lived).    <\/p>\n<h2>The product: Shanghai Percal 400TC bed linen from <a href=\"https:\/\/linen.eu\/brand\/peter-reed\/\">Peter Reed<\/a><\/h2>\n<ul>\n<li>100% long-staple Egyptian cotton<\/li>\n<li>with mother-of-pearl buttons<\/li>\n<li>Soft but hard-wearing cloth<\/li>\n<li>Thread density of 400 threads per inch (percale)<\/li>\n<li>available as comforter cover and pillow<\/li>\n<li>Bed linen from Peter Reed is always made to measure, and we only make it to order for our customers.<\/li>\n<\/ul>\n<p>You can order two different cushion covers. Standard or Oxford.<br \/>\nPeter Reed `Oxford style&#8217; cushion covers with a decorative flange are sewn throughout with traditional mitred corners. Their construction requires the assembly of three separate pieces of fabric and skillful sewing. The end result is a flange that rests on the corners when placed on the bed, unlike the usual Oxford construction which can create a &#8216;rabbit ear&#8217; effect.   <\/p>\n<p>The unrivaled long staple length, the fine combing of the cotton, the high thread count and the very special weaving of the edges result in an extremely soft but hard-wearing cloth. Generous hems, cord seams, double topstitching and safety stitching for durability. &#8216;Oxford style&#8217; pillowcases sewn with traditional mitred corners throughout.<br \/>\nThe cotton used to make Peter Reed bed linen comes directly from the Egyptian Nile Delta.    This area, with its rich alluvial soil and natural humidity, produces a unique and lustrous cotton growth that is one of the best fibers in the world. Egyptian cotton is ideal for use in bed linen as it &#8220;breathes&#8221;. It is dust-free and thrives even better with frequent washing and use.  <\/p>\n<h3>Care Instructions<\/h3>\n<p>Colored bed linen made of long-staple cotton can be washed up to 60\u00b0, white up to 95\u00b0. As with all materials, the same applies to long-staple cotton: it will last longer if washed at a lower temperature.  What the material does not like are detergents with optical brighteners, they bleach the colors strongly and the fabric becomes light. Creasing: Long-staple cotton likes sufficient residual moisture. Do not pack the machine too full so that the fabric can move, do not spin the laundry too hard or for too long. If you want to iron it, iron the items on the cotton setting of your iron when they are still a little damp.   <\/p>\n<\/div>\n","protected":false},"excerpt":{"rendered":"<p><strong data-start=\"102\" data-end=\"153\">Shanghai Percal 400TC bed linen from Peter Reed<\/strong><br data-start=\"153\" data-end=\"156\">A stylish, Asian-inspired design that fits perfectly into both traditional and modern living environments. Made from 100% long staple Egyptian cotton with 400 threads per inch. Soft, durable percale fabric with mother-of-pearl buttons. Made to measure as comforter cover and pillow (standard or Oxford style). Peter Reed &#8211; Traditional weaving mill and official supplier to the British Royal Family.    <\/p>\n","protected":false},"featured_media":136046,"comment_status":"open","ping_status":"closed","template":"","meta":{"_acf_changed":false},"product_brand":[4811,4812],"product_cat":[5594,5595,5596,5602,5603,5814,5587,5589,5591,3728,5593,4285],"product_tag":[4287],"class_list":{"0":"post-136045","1":"product","2":"type-product","3":"status-publish","4":"has-post-thumbnail","6":"product_brand-peter-reed","7":"product_brand-peter-reed-bed-linen","8":"product_cat-cotton-bed-linen-135x200","9":"product_cat-organic-cotton-bed-linen","10":"product_cat-cotton-satin-bed-linen","11":"product_cat-white-cotton-bed-linen","12":"product_cat-egyptian-cotton-bed-linen","13":"product_cat-cotton-percale-bed-linen","14":"product_cat-200x200-cotton-bed-linen","15":"product_cat-bed-linen-140x200-cotton","16":"product_cat-bed-linen-155x220-cotton","17":"product_cat-bedroom","18":"product_cat-bed-linen-220x240-cotton","19":"product_cat-cotton-bed-linen","20":"product_tag-egyptian-cotton","22":"first","23":"instock","24":"taxable","25":"shipping-taxable","26":"purchasable","27":"product-type-variable"},"acf":[],"yoast_head":"<!-- This site is optimized with the Yoast SEO Premium plugin v27.4 (Yoast SEO v27.4) - https:\/\/yoast.com\/product\/yoast-seo-premium-wordpress\/ -->\n<title>Shanghai Percal 400 TC bed linen from Peter Reed - Linen.eu<\/title>\n<meta name=\"description\" content=\"Shanghai Percal 400TC bed linen by Peter Reed \u2713 Asian-inspired design on Egyptian percale \u2713 Royal Warrant \u25ba Order now\" \/>\n<meta name=\"robots\" content=\"index, follow, max-snippet:-1, max-image-preview:large, max-video-preview:-1\" \/>\n<link rel=\"canonical\" href=\"https:\/\/linen.eu\/en\/produkt\/shanghai-percal-400-tc-bed-linen-from-peter-reed\/\" \/>\n<meta property=\"og:locale\" content=\"en_US\" \/>\n<meta property=\"og:type\" content=\"article\" \/>\n<meta property=\"og:title\" content=\"Shanghai Percal 400 TC bed linen from Peter Reed\" \/>\n<meta property=\"og:description\" content=\"Shanghai Percal 400TC bed linen by Peter Reed \u2713 Asian-inspired design on Egyptian percale \u2713 Royal Warrant \u25ba Order now\" \/>\n<meta property=\"og:url\" content=\"https:\/\/linen.eu\/en\/produkt\/shanghai-percal-400-tc-bed-linen-from-peter-reed\/\" \/>\n<meta property=\"og:site_name\" content=\"Linen.eu\" \/>\n<meta property=\"article:publisher\" content=\"https:\/\/linen.eu\" \/>\n<meta property=\"article:modified_time\" content=\"2026-04-11T22:11:49+00:00\" \/>\n<meta property=\"og:image\" content=\"https:\/\/linen.eu\/wp-content\/uploads\/2025\/07\/Shanghai-Image.jpg\" \/>\n\t<meta property=\"og:image:width\" content=\"1600\" \/>\n\t<meta property=\"og:image:height\" content=\"1200\" \/>\n\t<meta property=\"og:image:type\" content=\"image\/jpeg\" \/>\n<meta name=\"twitter:card\" content=\"summary_large_image\" \/>\n<meta name=\"twitter:site\" content=\"@linenlounge\" \/>\n<meta name=\"twitter:label1\" content=\"Availability\" \/>\n\t<meta name=\"twitter:data1\" content=\"In stock\" \/>\n<script type=\"application\/ld+json\" class=\"yoast-schema-graph\">{\"@context\":\"https:\\\/\\\/schema.org\",\"@graph\":[{\"@type\":\"WebPage\",\"@id\":\"https:\\\/\\\/linen.eu\\\/en\\\/produkt\\\/shanghai-percal-400-tc-bed-linen-from-peter-reed\\\/\",\"url\":\"https:\\\/\\\/linen.eu\\\/en\\\/produkt\\\/shanghai-percal-400-tc-bed-linen-from-peter-reed\\\/\",\"name\":\"Shanghai Percal 400 TC bed linen from Peter Reed - Linen.eu\",\"isPartOf\":{\"@id\":\"https:\\\/\\\/linen.eu\\\/en\\\/#website\"},\"primaryImageOfPage\":{\"@id\":\"https:\\\/\\\/linen.eu\\\/en\\\/produkt\\\/shanghai-percal-400-tc-bed-linen-from-peter-reed\\\/#primaryimage\"},\"image\":{\"@id\":\"https:\\\/\\\/linen.eu\\\/en\\\/produkt\\\/shanghai-percal-400-tc-bed-linen-from-peter-reed\\\/#primaryimage\"},\"thumbnailUrl\":\"https:\\\/\\\/linen.eu\\\/wp-content\\\/uploads\\\/2025\\\/07\\\/Shanghai-Image.jpg\",\"datePublished\":\"2025-07-17T13:16:45+00:00\",\"dateModified\":\"2026-04-11T22:11:49+00:00\",\"description\":\"Shanghai Percal 400TC bed linen by Peter Reed \u2713 Asian-inspired design on Egyptian percale \u2713 Royal Warrant \u25ba Order now\",\"breadcrumb\":{\"@id\":\"https:\\\/\\\/linen.eu\\\/en\\\/produkt\\\/shanghai-percal-400-tc-bed-linen-from-peter-reed\\\/#breadcrumb\"},\"inLanguage\":\"en-US\",\"potentialAction\":[{\"@type\":\"ReadAction\",\"target\":[\"https:\\\/\\\/linen.eu\\\/en\\\/produkt\\\/shanghai-percal-400-tc-bed-linen-from-peter-reed\\\/\"]}]},{\"@type\":\"ImageObject\",\"inLanguage\":\"en-US\",\"@id\":\"https:\\\/\\\/linen.eu\\\/en\\\/produkt\\\/shanghai-percal-400-tc-bed-linen-from-peter-reed\\\/#primaryimage\",\"url\":\"https:\\\/\\\/linen.eu\\\/wp-content\\\/uploads\\\/2025\\\/07\\\/Shanghai-Image.jpg\",\"contentUrl\":\"https:\\\/\\\/linen.eu\\\/wp-content\\\/uploads\\\/2025\\\/07\\\/Shanghai-Image.jpg\",\"width\":1600,\"height\":1200,\"caption\":\"A vintage bedroom with a brass bed with Shanghai Percal 400 TC bedding by Peter Reed, white bed linen, stacked mattresses at the foot end, gold wallpaper, four portraits, a wooden door, a window and a teal-colored chair create an elegant look.\"},{\"@type\":\"BreadcrumbList\",\"@id\":\"https:\\\/\\\/linen.eu\\\/en\\\/produkt\\\/shanghai-percal-400-tc-bed-linen-from-peter-reed\\\/#breadcrumb\",\"itemListElement\":[{\"@type\":\"ListItem\",\"position\":1,\"name\":\"Startseite\",\"item\":\"https:\\\/\\\/linen.eu\\\/en\\\/home\\\/\"},{\"@type\":\"ListItem\",\"position\":2,\"name\":\"Shop\",\"item\":\"https:\\\/\\\/linen.eu\\\/en\\\/shop\\\/\"},{\"@type\":\"ListItem\",\"position\":3,\"name\":\"Shanghai Percal 400 TC bed linen from Peter Reed\"}]},{\"@type\":\"WebSite\",\"@id\":\"https:\\\/\\\/linen.eu\\\/en\\\/#website\",\"url\":\"https:\\\/\\\/linen.eu\\\/en\\\/\",\"name\":\"Linen.eu\",\"description\":\"\",\"publisher\":{\"@id\":\"https:\\\/\\\/linen.eu\\\/en\\\/#organization\"},\"potentialAction\":[{\"@type\":\"SearchAction\",\"target\":{\"@type\":\"EntryPoint\",\"urlTemplate\":\"https:\\\/\\\/linen.eu\\\/en\\\/?s={search_term_string}\"},\"query-input\":{\"@type\":\"PropertyValueSpecification\",\"valueRequired\":true,\"valueName\":\"search_term_string\"}}],\"inLanguage\":\"en-US\"},{\"@type\":\"Organization\",\"@id\":\"https:\\\/\\\/linen.eu\\\/en\\\/#organization\",\"name\":\"Linen Lounge\",\"alternateName\":\"linen.eu\",\"url\":\"https:\\\/\\\/linen.eu\\\/en\\\/\",\"logo\":{\"@type\":\"ImageObject\",\"inLanguage\":\"en-US\",\"@id\":\"https:\\\/\\\/linen.eu\\\/en\\\/#\\\/schema\\\/logo\\\/image\\\/\",\"url\":\"https:\\\/\\\/linen.eu\\\/wp-content\\\/uploads\\\/2025\\\/10\\\/LinenLounge-NEU2.webp\",\"contentUrl\":\"https:\\\/\\\/linen.eu\\\/wp-content\\\/uploads\\\/2025\\\/10\\\/LinenLounge-NEU2.webp\",\"width\":1800,\"height\":455,\"caption\":\"Linen Lounge\"},\"image\":{\"@id\":\"https:\\\/\\\/linen.eu\\\/en\\\/#\\\/schema\\\/logo\\\/image\\\/\"},\"sameAs\":[\"https:\\\/\\\/linen.eu\",\"https:\\\/\\\/x.com\\\/linenlounge\",\"https:\\\/\\\/www.instagram.com\\\/linen.lounge?igsh=MW81aGhiY2VxZGRpMw==&utm_source=qr\",\"http:\\\/\\\/www.youtube.com\\\/@Linenlounge\"],\"description\":\"Online Fachhandel f\u00fcr europ\u00e4ische Leinen-Bettw\u00e4sche und Heimtextilien aus traditionellen Webereien wie Leitner Leinen, Schlitzer Leinen, Libeco, Vieb\u00f6ck und Hoffmann.\",\"email\":\"info@linen.eu\",\"telephone\":\"+49 (0) 69 90738860\",\"legalName\":\"Linen UG (haftungsbeschr\u00e4nkt)\",\"foundingDate\":\"2015-04-08\",\"numberOfEmployees\":{\"@type\":\"QuantitativeValue\",\"minValue\":\"1\",\"maxValue\":\"10\"}}]}<\/script>\n<meta property=\"product:brand\" content=\"Peter Reed \u2013 British Luxury and Elegance\" \/>\n<meta property=\"og:availability\" content=\"instock\" \/>\n<meta property=\"product:availability\" content=\"instock\" \/>\n<meta property=\"product:retailer_item_id\" content=\"117271231810\" \/>\n<meta property=\"product:condition\" content=\"new\" \/>\n<!-- \/ Yoast SEO Premium plugin. -->","yoast_head_json":{"title":"Shanghai Percal 400 TC bed linen from Peter Reed - Linen.eu","description":"Shanghai Percal 400TC bed linen by Peter Reed \u2713 Asian-inspired design on Egyptian percale \u2713 Royal Warrant \u25ba Order now","robots":{"index":"index","follow":"follow","max-snippet":"max-snippet:-1","max-image-preview":"max-image-preview:large","max-video-preview":"max-video-preview:-1"},"canonical":"https:\/\/linen.eu\/en\/produkt\/shanghai-percal-400-tc-bed-linen-from-peter-reed\/","og_locale":"en_US","og_type":"article","og_title":"Shanghai Percal 400 TC bed linen from Peter Reed","og_description":"Shanghai Percal 400TC bed linen by Peter Reed \u2713 Asian-inspired design on Egyptian percale \u2713 Royal Warrant \u25ba Order now","og_url":"https:\/\/linen.eu\/en\/produkt\/shanghai-percal-400-tc-bed-linen-from-peter-reed\/","og_site_name":"Linen.eu","article_publisher":"https:\/\/linen.eu","article_modified_time":"2026-04-11T22:11:49+00:00","og_image":[{"width":1600,"height":1200,"url":"https:\/\/linen.eu\/wp-content\/uploads\/2025\/07\/Shanghai-Image.jpg","type":"image\/jpeg"}],"twitter_card":"summary_large_image","twitter_site":"@linenlounge","twitter_misc":{"Availability":"In stock"},"schema":{"@context":"https:\/\/schema.org","@graph":[{"@type":"WebPage","@id":"https:\/\/linen.eu\/en\/produkt\/shanghai-percal-400-tc-bed-linen-from-peter-reed\/","url":"https:\/\/linen.eu\/en\/produkt\/shanghai-percal-400-tc-bed-linen-from-peter-reed\/","name":"Shanghai Percal 400 TC bed linen from Peter Reed - Linen.eu","isPartOf":{"@id":"https:\/\/linen.eu\/en\/#website"},"primaryImageOfPage":{"@id":"https:\/\/linen.eu\/en\/produkt\/shanghai-percal-400-tc-bed-linen-from-peter-reed\/#primaryimage"},"image":{"@id":"https:\/\/linen.eu\/en\/produkt\/shanghai-percal-400-tc-bed-linen-from-peter-reed\/#primaryimage"},"thumbnailUrl":"https:\/\/linen.eu\/wp-content\/uploads\/2025\/07\/Shanghai-Image.jpg","datePublished":"2025-07-17T13:16:45+00:00","dateModified":"2026-04-11T22:11:49+00:00","description":"Shanghai Percal 400TC bed linen by Peter Reed \u2713 Asian-inspired design on Egyptian percale \u2713 Royal Warrant \u25ba Order now","breadcrumb":{"@id":"https:\/\/linen.eu\/en\/produkt\/shanghai-percal-400-tc-bed-linen-from-peter-reed\/#breadcrumb"},"inLanguage":"en-US","potentialAction":[{"@type":"ReadAction","target":["https:\/\/linen.eu\/en\/produkt\/shanghai-percal-400-tc-bed-linen-from-peter-reed\/"]}]},{"@type":"ImageObject","inLanguage":"en-US","@id":"https:\/\/linen.eu\/en\/produkt\/shanghai-percal-400-tc-bed-linen-from-peter-reed\/#primaryimage","url":"https:\/\/linen.eu\/wp-content\/uploads\/2025\/07\/Shanghai-Image.jpg","contentUrl":"https:\/\/linen.eu\/wp-content\/uploads\/2025\/07\/Shanghai-Image.jpg","width":1600,"height":1200,"caption":"A vintage bedroom with a brass bed with Shanghai Percal 400 TC bedding by Peter Reed, white bed linen, stacked mattresses at the foot end, gold wallpaper, four portraits, a wooden door, a window and a teal-colored chair create an elegant look."},{"@type":"BreadcrumbList","@id":"https:\/\/linen.eu\/en\/produkt\/shanghai-percal-400-tc-bed-linen-from-peter-reed\/#breadcrumb","itemListElement":[{"@type":"ListItem","position":1,"name":"Startseite","item":"https:\/\/linen.eu\/en\/home\/"},{"@type":"ListItem","position":2,"name":"Shop","item":"https:\/\/linen.eu\/en\/shop\/"},{"@type":"ListItem","position":3,"name":"Shanghai Percal 400 TC bed linen from Peter Reed"}]},{"@type":"WebSite","@id":"https:\/\/linen.eu\/en\/#website","url":"https:\/\/linen.eu\/en\/","name":"Linen.eu","description":"","publisher":{"@id":"https:\/\/linen.eu\/en\/#organization"},"potentialAction":[{"@type":"SearchAction","target":{"@type":"EntryPoint","urlTemplate":"https:\/\/linen.eu\/en\/?s={search_term_string}"},"query-input":{"@type":"PropertyValueSpecification","valueRequired":true,"valueName":"search_term_string"}}],"inLanguage":"en-US"},{"@type":"Organization","@id":"https:\/\/linen.eu\/en\/#organization","name":"Linen Lounge","alternateName":"linen.eu","url":"https:\/\/linen.eu\/en\/","logo":{"@type":"ImageObject","inLanguage":"en-US","@id":"https:\/\/linen.eu\/en\/#\/schema\/logo\/image\/","url":"https:\/\/linen.eu\/wp-content\/uploads\/2025\/10\/LinenLounge-NEU2.webp","contentUrl":"https:\/\/linen.eu\/wp-content\/uploads\/2025\/10\/LinenLounge-NEU2.webp","width":1800,"height":455,"caption":"Linen Lounge"},"image":{"@id":"https:\/\/linen.eu\/en\/#\/schema\/logo\/image\/"},"sameAs":["https:\/\/linen.eu","https:\/\/x.com\/linenlounge","https:\/\/www.instagram.com\/linen.lounge?igsh=MW81aGhiY2VxZGRpMw==&utm_source=qr","http:\/\/www.youtube.com\/@Linenlounge"],"description":"Online Fachhandel f\u00fcr europ\u00e4ische Leinen-Bettw\u00e4sche und Heimtextilien aus traditionellen Webereien wie Leitner Leinen, Schlitzer Leinen, Libeco, Vieb\u00f6ck und Hoffmann.","email":"info@linen.eu","telephone":"+49 (0) 69 90738860","legalName":"Linen UG (haftungsbeschr\u00e4nkt)","foundingDate":"2015-04-08","numberOfEmployees":{"@type":"QuantitativeValue","minValue":"1","maxValue":"10"}}]},"product_brand":"Peter Reed \u2013 British Luxury and Elegance","og_availability":"instock","product_availability":"instock","product_retailer_item_id":"117271231810","product_condition":"new"},"_links":{"self":[{"href":"https:\/\/linen.eu\/en\/wp-json\/wp\/v2\/product\/136045","targetHints":{"allow":["GET"]}}],"collection":[{"href":"https:\/\/linen.eu\/en\/wp-json\/wp\/v2\/product"}],"about":[{"href":"https:\/\/linen.eu\/en\/wp-json\/wp\/v2\/types\/product"}],"replies":[{"embeddable":true,"href":"https:\/\/linen.eu\/en\/wp-json\/wp\/v2\/comments?post=136045"}],"wp:featuredmedia":[{"embeddable":true,"href":"https:\/\/linen.eu\/en\/wp-json\/wp\/v2\/media\/136046"}],"wp:attachment":[{"href":"https:\/\/linen.eu\/en\/wp-json\/wp\/v2\/media?parent=136045"}],"wp:term":[{"taxonomy":"product_brand","embeddable":true,"href":"https:\/\/linen.eu\/en\/wp-json\/wp\/v2\/product_brand?post=136045"},{"taxonomy":"product_cat","embeddable":true,"href":"https:\/\/linen.eu\/en\/wp-json\/wp\/v2\/product_cat?post=136045"},{"taxonomy":"product_tag","embeddable":true,"href":"https:\/\/linen.eu\/en\/wp-json\/wp\/v2\/product_tag?post=136045"}],"curies":[{"name":"wp","href":"https:\/\/api.w.org\/{rel}","templated":true}]}}