{"id":136158,"date":"2025-07-17T15:19:36","date_gmt":"2025-07-17T13:19:36","guid":{"rendered":"https:\/\/linen.eu\/produkt\/white-half-linen-bed-linen-from-the-hoffmann-linen-weaving-mill-2\/"},"modified":"2026-04-13T11:03:17","modified_gmt":"2026-04-13T09:03:17","slug":"white-half-linen-bed-linen-from-the-hoffmann-linen-weaving-mill-2","status":"publish","type":"product","link":"https:\/\/linen.eu\/en\/produkt\/white-half-linen-bed-linen-from-the-hoffmann-linen-weaving-mill-2\/","title":{"rendered":"White half-linen bed linen from the Hoffmann linen weaving mill"},"content":{"rendered":"<h2>&#8220;White Half-Linen Bed Linen by Hoffmann&#8221;<\/h2>\n<h3>Linen bed linen of the absolute top class<\/h3>\n<p>Classic white half-linen bed linen from the Hoffmann linen weaving mill. The pure white half-linen bed linen is a classic from the Hoffmann linen weaving mill. The linen bed linen from the Hoffmann linen weaving mill has graced the first-class cabins of the Lusitania and the Titanic, the suites of the Adlon and the Ritz. This bed linen has a quality that is practically impossible to find today. While the general trend moves towards ever finer and thinner yarns, Hoffmann works with a yarn thickness that our grandmothers knew from the finest trousseau textiles. Anyone who has been fortunate enough to inherit such pieces knows how long this quality lasts.<\/p>\n<h3>European organic linen<\/h3>\n<p>Linen bed linen lets your skin breathe better. When it comes to our skin, linen is the perfect fabric. Thanks to its long, smooth fibres, linen absorbs a great deal of moisture and repels dirt. Linen is an intelligent fabric because it balances temperatures. Linen provides pleasant coolness in summer and creates cosy warmth in winter. The long linen fibres ensure that linen bed linen stays fresh for much longer. The linen fabric has been treated purely mechanically and is therefore very soft and skin-friendly. Linen treated in this way creases less while preserving the naturalness and all the benefits of linen.<\/p>\n<p>As a bed sheet, we recommend the fine, pure white or natural linen-coloured linen sheets and fitted sheets from the Hoffmann linen weaving mill.<\/p>\n<h3>The Weaving Mill<\/h3>\n<p>The linen bed linen from the <a href=\"https:\/\/linen.eu\/en\/magazine\/\">Hoffmann linen weaving mill<\/a> has already adorned the luxury cabins of the great ocean liners Queen Mary and Andrea Doria, the suites of the Waldorf Astoria and the Atlantic. In Upper Lusatia, the triangle of land between Saxony, Bohemia and Silesia, flax has been cultivated for centuries. From it, all manner of linen has been produced, from coarse sacking to the finest linen damask. Today, the Hoffmann linen weaving mill is one of the few remaining German weaving mills still in operation, cultivating traditional craftsmanship with quality as its highest priority.<\/p>\n<h3>The product: White Half-Linen Bed Linen from the <a href=\"https:\/\/linen.eu\/brand\/hoffmann\/\">Hoffmann Linen Weaving Mill<\/a><\/h3>\n<p>52% washed linen, 48% long-staple cotton. Climate-neutral production<br \/>\nMedium-weight quality of 180 grams per square metre<br \/>\nMasters of Linen quality \u2013 only linen from European cultivation is used<br \/>\nPillowcases and duvet covers have a button closure with twisted-yarn buttons<br \/>\nLinen bed linen from the Hoffmann weaving mill is made to measure and produced to order for each customer. You will find the most frequently ordered sizes in the menu at the top right. Custom sizes are available on request<br \/>\nMade in Germany<\/p>\n<h3>Care Instructions<\/h3>\n<p>Coloured linen can be washed at up to 60\u00b0C, white linen at up to 95\u00b0C. As with all materials, washing at lower temperatures makes it last longer. What linen does not tolerate are detergents with optical brighteners \u2013 they bleach out the natural colours and the fabric becomes pale.<br \/>Linen needs sufficient residual moisture so that it does not crease. Do not overfill the machine so that the fabric can move freely, and do not spin linen too hard or for too long. If you wish to iron linen, iron the items on the hot linen setting of your iron while they are still slightly damp.<\/p>\n","protected":false},"excerpt":{"rendered":"<ul>\n<li><strong>Half-linen, soft and cool<\/strong> \u2013 52% linen and 48% long-staple cotton, 180 g\/m\u00b2, the best of both fibres<\/li>\n<li><strong>Adlon and Ritz tradition<\/strong> \u2013 the Hoffmann linen weaving mill supplied the suites of Europe\u2019s most legendary hotels<\/li>\n<li><strong>Upper Lusatian manufactory<\/strong> \u2013 woven in Saxony, made in Germany, climate-neutral with Masters of Linen seal<\/li>\n<li><strong>Twisted-yarn buttons, made to measure<\/strong> \u2013 five duvet cover and three pillowcase sizes, each piece individually crafted<\/li>\n<li><strong>Cotton meets linen<\/strong> \u2013 the blend is softer than pure linen and cooler than pure cotton, ideal all year round<\/li>\n<\/ul>\n","protected":false},"featured_media":52871,"comment_status":"open","ping_status":"closed","template":"","meta":{"_acf_changed":false},"product_brand":[4789,4791],"product_cat":[3728,3916],"product_tag":[3641,4033],"class_list":{"0":"post-136158","1":"product","2":"type-product","3":"status-publish","4":"has-post-thumbnail","6":"product_brand-hoffmann","7":"product_brand-hoffmann-bed-linen","8":"product_cat-bedroom","9":"product_cat-half-linen-bedding","10":"product_tag-linen","11":"product_tag-white","13":"first","14":"instock","15":"taxable","16":"shipping-taxable","17":"purchasable","18":"product-type-variable"},"acf":[],"yoast_head":"<!-- This site is optimized with the Yoast SEO Premium plugin v27.4 (Yoast SEO v27.4) - https:\/\/yoast.com\/product\/yoast-seo-premium-wordpress\/ -->\n<title>White half-linen bedding by Hoffmann - Linen.eu<\/title>\n<meta name=\"description\" content=\"White half-linen bed linen from the Hoffmann linen weaving mill \u271a The timeless classic - German linen tradition \u27a4 Order conveniently online now\" \/>\n<meta name=\"robots\" content=\"index, follow, max-snippet:-1, max-image-preview:large, max-video-preview:-1\" \/>\n<link rel=\"canonical\" href=\"https:\/\/linen.eu\/en\/produkt\/white-half-linen-bed-linen-from-the-hoffmann-linen-weaving-mill-2\/\" \/>\n<meta property=\"og:locale\" content=\"en_US\" \/>\n<meta property=\"og:type\" content=\"article\" \/>\n<meta property=\"og:title\" content=\"White half-linen bed linen from the Hoffmann linen weaving mill\" \/>\n<meta property=\"og:description\" content=\"White half-linen bed linen from the Hoffmann linen weaving mill \u271a The timeless classic - German linen tradition \u27a4 Order conveniently online now\" \/>\n<meta property=\"og:url\" content=\"https:\/\/linen.eu\/en\/produkt\/white-half-linen-bed-linen-from-the-hoffmann-linen-weaving-mill-2\/\" \/>\n<meta property=\"og:site_name\" content=\"Linen.eu\" \/>\n<meta property=\"article:publisher\" content=\"https:\/\/linen.eu\" \/>\n<meta property=\"article:modified_time\" content=\"2026-04-13T09:03:17+00:00\" \/>\n<meta property=\"og:image\" content=\"https:\/\/linen.eu\/wp-content\/uploads\/2025\/07\/LinenLounge-030.jpg\" \/>\n\t<meta property=\"og:image:width\" content=\"1600\" \/>\n\t<meta property=\"og:image:height\" content=\"1200\" \/>\n\t<meta property=\"og:image:type\" content=\"image\/jpeg\" \/>\n<meta name=\"twitter:card\" content=\"summary_large_image\" \/>\n<meta name=\"twitter:site\" content=\"@linenlounge\" \/>\n<meta name=\"twitter:label1\" content=\"Availability\" \/>\n\t<meta name=\"twitter:data1\" content=\"In stock\" \/>\n<script type=\"application\/ld+json\" class=\"yoast-schema-graph\">{\"@context\":\"https:\\\/\\\/schema.org\",\"@graph\":[{\"@type\":\"WebPage\",\"@id\":\"https:\\\/\\\/linen.eu\\\/en\\\/produkt\\\/white-half-linen-bed-linen-from-the-hoffmann-linen-weaving-mill-2\\\/\",\"url\":\"https:\\\/\\\/linen.eu\\\/en\\\/produkt\\\/white-half-linen-bed-linen-from-the-hoffmann-linen-weaving-mill-2\\\/\",\"name\":\"White half-linen bedding by Hoffmann - Linen.eu\",\"isPartOf\":{\"@id\":\"https:\\\/\\\/linen.eu\\\/en\\\/#website\"},\"primaryImageOfPage\":{\"@id\":\"https:\\\/\\\/linen.eu\\\/en\\\/produkt\\\/white-half-linen-bed-linen-from-the-hoffmann-linen-weaving-mill-2\\\/#primaryimage\"},\"image\":{\"@id\":\"https:\\\/\\\/linen.eu\\\/en\\\/produkt\\\/white-half-linen-bed-linen-from-the-hoffmann-linen-weaving-mill-2\\\/#primaryimage\"},\"thumbnailUrl\":\"https:\\\/\\\/linen.eu\\\/wp-content\\\/uploads\\\/2025\\\/07\\\/LinenLounge-030.jpg\",\"datePublished\":\"2025-07-17T13:19:36+00:00\",\"dateModified\":\"2026-04-13T09:03:17+00:00\",\"description\":\"White half-linen bed linen from the Hoffmann linen weaving mill \u271a The timeless classic - German linen tradition \u27a4 Order conveniently online now\",\"breadcrumb\":{\"@id\":\"https:\\\/\\\/linen.eu\\\/en\\\/produkt\\\/white-half-linen-bed-linen-from-the-hoffmann-linen-weaving-mill-2\\\/#breadcrumb\"},\"inLanguage\":\"en-US\",\"potentialAction\":[{\"@type\":\"ReadAction\",\"target\":[\"https:\\\/\\\/linen.eu\\\/en\\\/produkt\\\/white-half-linen-bed-linen-from-the-hoffmann-linen-weaving-mill-2\\\/\"]}]},{\"@type\":\"ImageObject\",\"inLanguage\":\"en-US\",\"@id\":\"https:\\\/\\\/linen.eu\\\/en\\\/produkt\\\/white-half-linen-bed-linen-from-the-hoffmann-linen-weaving-mill-2\\\/#primaryimage\",\"url\":\"https:\\\/\\\/linen.eu\\\/wp-content\\\/uploads\\\/2025\\\/07\\\/LinenLounge-030.jpg\",\"contentUrl\":\"https:\\\/\\\/linen.eu\\\/wp-content\\\/uploads\\\/2025\\\/07\\\/LinenLounge-030.jpg\",\"width\":1600,\"height\":1200,\"caption\":\"Ein Bett mit wei\u00dfen Kissen und Wei\u00dfe Halbleinen Bettw\u00e4sche der Leinenweberei Hoffmann steht neben einem h\u00f6lzernen Nachttisch mit einer Glasvase mit rosa und gelben Rosen vor einer gemusterten cremefarbenen Tapete.\"},{\"@type\":\"BreadcrumbList\",\"@id\":\"https:\\\/\\\/linen.eu\\\/en\\\/produkt\\\/white-half-linen-bed-linen-from-the-hoffmann-linen-weaving-mill-2\\\/#breadcrumb\",\"itemListElement\":[{\"@type\":\"ListItem\",\"position\":1,\"name\":\"Startseite\",\"item\":\"https:\\\/\\\/linen.eu\\\/en\\\/home\\\/\"},{\"@type\":\"ListItem\",\"position\":2,\"name\":\"Shop\",\"item\":\"https:\\\/\\\/linen.eu\\\/en\\\/shop\\\/\"},{\"@type\":\"ListItem\",\"position\":3,\"name\":\"White half-linen bed linen from the Hoffmann linen weaving mill\"}]},{\"@type\":\"WebSite\",\"@id\":\"https:\\\/\\\/linen.eu\\\/en\\\/#website\",\"url\":\"https:\\\/\\\/linen.eu\\\/en\\\/\",\"name\":\"Linen.eu\",\"description\":\"\",\"publisher\":{\"@id\":\"https:\\\/\\\/linen.eu\\\/en\\\/#organization\"},\"potentialAction\":[{\"@type\":\"SearchAction\",\"target\":{\"@type\":\"EntryPoint\",\"urlTemplate\":\"https:\\\/\\\/linen.eu\\\/en\\\/?s={search_term_string}\"},\"query-input\":{\"@type\":\"PropertyValueSpecification\",\"valueRequired\":true,\"valueName\":\"search_term_string\"}}],\"inLanguage\":\"en-US\"},{\"@type\":\"Organization\",\"@id\":\"https:\\\/\\\/linen.eu\\\/en\\\/#organization\",\"name\":\"Linen Lounge\",\"alternateName\":\"linen.eu\",\"url\":\"https:\\\/\\\/linen.eu\\\/en\\\/\",\"logo\":{\"@type\":\"ImageObject\",\"inLanguage\":\"en-US\",\"@id\":\"https:\\\/\\\/linen.eu\\\/en\\\/#\\\/schema\\\/logo\\\/image\\\/\",\"url\":\"https:\\\/\\\/linen.eu\\\/wp-content\\\/uploads\\\/2025\\\/10\\\/LinenLounge-NEU2.webp\",\"contentUrl\":\"https:\\\/\\\/linen.eu\\\/wp-content\\\/uploads\\\/2025\\\/10\\\/LinenLounge-NEU2.webp\",\"width\":1800,\"height\":455,\"caption\":\"Linen Lounge\"},\"image\":{\"@id\":\"https:\\\/\\\/linen.eu\\\/en\\\/#\\\/schema\\\/logo\\\/image\\\/\"},\"sameAs\":[\"https:\\\/\\\/linen.eu\",\"https:\\\/\\\/x.com\\\/linenlounge\",\"https:\\\/\\\/www.instagram.com\\\/linen.lounge?igsh=MW81aGhiY2VxZGRpMw==&utm_source=qr\",\"http:\\\/\\\/www.youtube.com\\\/@Linenlounge\"],\"description\":\"Online Fachhandel f\u00fcr europ\u00e4ische Leinen-Bettw\u00e4sche und Heimtextilien aus traditionellen Webereien wie Leitner Leinen, Schlitzer Leinen, Libeco, Vieb\u00f6ck und Hoffmann.\",\"email\":\"info@linen.eu\",\"telephone\":\"+49 (0) 69 90738860\",\"legalName\":\"Linen UG (haftungsbeschr\u00e4nkt)\",\"foundingDate\":\"2015-04-08\",\"numberOfEmployees\":{\"@type\":\"QuantitativeValue\",\"minValue\":\"1\",\"maxValue\":\"10\"}}]}<\/script>\n<meta property=\"product:brand\" content=\"Linen Weaving Mill Hoffmann\" \/>\n<meta property=\"og:availability\" content=\"instock\" \/>\n<meta property=\"product:availability\" content=\"instock\" \/>\n<meta property=\"product:condition\" content=\"new\" \/>\n<!-- \/ Yoast SEO Premium plugin. -->","yoast_head_json":{"title":"White half-linen bedding by Hoffmann - Linen.eu","description":"White half-linen bed linen from the Hoffmann linen weaving mill \u271a The timeless classic - German linen tradition \u27a4 Order conveniently online now","robots":{"index":"index","follow":"follow","max-snippet":"max-snippet:-1","max-image-preview":"max-image-preview:large","max-video-preview":"max-video-preview:-1"},"canonical":"https:\/\/linen.eu\/en\/produkt\/white-half-linen-bed-linen-from-the-hoffmann-linen-weaving-mill-2\/","og_locale":"en_US","og_type":"article","og_title":"White half-linen bed linen from the Hoffmann linen weaving mill","og_description":"White half-linen bed linen from the Hoffmann linen weaving mill \u271a The timeless classic - German linen tradition \u27a4 Order conveniently online now","og_url":"https:\/\/linen.eu\/en\/produkt\/white-half-linen-bed-linen-from-the-hoffmann-linen-weaving-mill-2\/","og_site_name":"Linen.eu","article_publisher":"https:\/\/linen.eu","article_modified_time":"2026-04-13T09:03:17+00:00","og_image":[{"width":1600,"height":1200,"url":"https:\/\/linen.eu\/wp-content\/uploads\/2025\/07\/LinenLounge-030.jpg","type":"image\/jpeg"}],"twitter_card":"summary_large_image","twitter_site":"@linenlounge","twitter_misc":{"Availability":"In stock"},"schema":{"@context":"https:\/\/schema.org","@graph":[{"@type":"WebPage","@id":"https:\/\/linen.eu\/en\/produkt\/white-half-linen-bed-linen-from-the-hoffmann-linen-weaving-mill-2\/","url":"https:\/\/linen.eu\/en\/produkt\/white-half-linen-bed-linen-from-the-hoffmann-linen-weaving-mill-2\/","name":"White half-linen bedding by Hoffmann - Linen.eu","isPartOf":{"@id":"https:\/\/linen.eu\/en\/#website"},"primaryImageOfPage":{"@id":"https:\/\/linen.eu\/en\/produkt\/white-half-linen-bed-linen-from-the-hoffmann-linen-weaving-mill-2\/#primaryimage"},"image":{"@id":"https:\/\/linen.eu\/en\/produkt\/white-half-linen-bed-linen-from-the-hoffmann-linen-weaving-mill-2\/#primaryimage"},"thumbnailUrl":"https:\/\/linen.eu\/wp-content\/uploads\/2025\/07\/LinenLounge-030.jpg","datePublished":"2025-07-17T13:19:36+00:00","dateModified":"2026-04-13T09:03:17+00:00","description":"White half-linen bed linen from the Hoffmann linen weaving mill \u271a The timeless classic - German linen tradition \u27a4 Order conveniently online now","breadcrumb":{"@id":"https:\/\/linen.eu\/en\/produkt\/white-half-linen-bed-linen-from-the-hoffmann-linen-weaving-mill-2\/#breadcrumb"},"inLanguage":"en-US","potentialAction":[{"@type":"ReadAction","target":["https:\/\/linen.eu\/en\/produkt\/white-half-linen-bed-linen-from-the-hoffmann-linen-weaving-mill-2\/"]}]},{"@type":"ImageObject","inLanguage":"en-US","@id":"https:\/\/linen.eu\/en\/produkt\/white-half-linen-bed-linen-from-the-hoffmann-linen-weaving-mill-2\/#primaryimage","url":"https:\/\/linen.eu\/wp-content\/uploads\/2025\/07\/LinenLounge-030.jpg","contentUrl":"https:\/\/linen.eu\/wp-content\/uploads\/2025\/07\/LinenLounge-030.jpg","width":1600,"height":1200,"caption":"Ein Bett mit wei\u00dfen Kissen und Wei\u00dfe Halbleinen Bettw\u00e4sche der Leinenweberei Hoffmann steht neben einem h\u00f6lzernen Nachttisch mit einer Glasvase mit rosa und gelben Rosen vor einer gemusterten cremefarbenen Tapete."},{"@type":"BreadcrumbList","@id":"https:\/\/linen.eu\/en\/produkt\/white-half-linen-bed-linen-from-the-hoffmann-linen-weaving-mill-2\/#breadcrumb","itemListElement":[{"@type":"ListItem","position":1,"name":"Startseite","item":"https:\/\/linen.eu\/en\/home\/"},{"@type":"ListItem","position":2,"name":"Shop","item":"https:\/\/linen.eu\/en\/shop\/"},{"@type":"ListItem","position":3,"name":"White half-linen bed linen from the Hoffmann linen weaving mill"}]},{"@type":"WebSite","@id":"https:\/\/linen.eu\/en\/#website","url":"https:\/\/linen.eu\/en\/","name":"Linen.eu","description":"","publisher":{"@id":"https:\/\/linen.eu\/en\/#organization"},"potentialAction":[{"@type":"SearchAction","target":{"@type":"EntryPoint","urlTemplate":"https:\/\/linen.eu\/en\/?s={search_term_string}"},"query-input":{"@type":"PropertyValueSpecification","valueRequired":true,"valueName":"search_term_string"}}],"inLanguage":"en-US"},{"@type":"Organization","@id":"https:\/\/linen.eu\/en\/#organization","name":"Linen Lounge","alternateName":"linen.eu","url":"https:\/\/linen.eu\/en\/","logo":{"@type":"ImageObject","inLanguage":"en-US","@id":"https:\/\/linen.eu\/en\/#\/schema\/logo\/image\/","url":"https:\/\/linen.eu\/wp-content\/uploads\/2025\/10\/LinenLounge-NEU2.webp","contentUrl":"https:\/\/linen.eu\/wp-content\/uploads\/2025\/10\/LinenLounge-NEU2.webp","width":1800,"height":455,"caption":"Linen Lounge"},"image":{"@id":"https:\/\/linen.eu\/en\/#\/schema\/logo\/image\/"},"sameAs":["https:\/\/linen.eu","https:\/\/x.com\/linenlounge","https:\/\/www.instagram.com\/linen.lounge?igsh=MW81aGhiY2VxZGRpMw==&utm_source=qr","http:\/\/www.youtube.com\/@Linenlounge"],"description":"Online Fachhandel f\u00fcr europ\u00e4ische Leinen-Bettw\u00e4sche und Heimtextilien aus traditionellen Webereien wie Leitner Leinen, Schlitzer Leinen, Libeco, Vieb\u00f6ck und Hoffmann.","email":"info@linen.eu","telephone":"+49 (0) 69 90738860","legalName":"Linen UG (haftungsbeschr\u00e4nkt)","foundingDate":"2015-04-08","numberOfEmployees":{"@type":"QuantitativeValue","minValue":"1","maxValue":"10"}}]},"product_brand":"Linen Weaving Mill Hoffmann","og_availability":"instock","product_availability":"instock","product_condition":"new"},"_links":{"self":[{"href":"https:\/\/linen.eu\/en\/wp-json\/wp\/v2\/product\/136158","targetHints":{"allow":["GET"]}}],"collection":[{"href":"https:\/\/linen.eu\/en\/wp-json\/wp\/v2\/product"}],"about":[{"href":"https:\/\/linen.eu\/en\/wp-json\/wp\/v2\/types\/product"}],"replies":[{"embeddable":true,"href":"https:\/\/linen.eu\/en\/wp-json\/wp\/v2\/comments?post=136158"}],"wp:featuredmedia":[{"embeddable":true,"href":"https:\/\/linen.eu\/en\/wp-json\/wp\/v2\/media\/52871"}],"wp:attachment":[{"href":"https:\/\/linen.eu\/en\/wp-json\/wp\/v2\/media?parent=136158"}],"wp:term":[{"taxonomy":"product_brand","embeddable":true,"href":"https:\/\/linen.eu\/en\/wp-json\/wp\/v2\/product_brand?post=136158"},{"taxonomy":"product_cat","embeddable":true,"href":"https:\/\/linen.eu\/en\/wp-json\/wp\/v2\/product_cat?post=136158"},{"taxonomy":"product_tag","embeddable":true,"href":"https:\/\/linen.eu\/en\/wp-json\/wp\/v2\/product_tag?post=136158"}],"curies":[{"name":"wp","href":"https:\/\/api.w.org\/{rel}","templated":true}]}}