{"id":136216,"date":"2025-07-17T15:19:01","date_gmt":"2025-07-17T13:19:01","guid":{"rendered":"https:\/\/linen.eu\/produkt\/strong-linen-white-bed-linen-from-the-hoffmann-linen-weaving-mill\/"},"modified":"2026-04-13T11:05:31","modified_gmt":"2026-04-13T09:05:31","slug":"strong-linen-white-bed-linen-from-the-hoffmann-linen-weaving-mill","status":"publish","type":"product","link":"https:\/\/linen.eu\/en\/produkt\/strong-linen-white-bed-linen-from-the-hoffmann-linen-weaving-mill\/","title":{"rendered":"Strong linen &#8211; White bed linen from the Hoffmann linen weaving mill"},"content":{"rendered":"<h2 class=\"h3 product-detail-description-title\">&#8220;Strong linen &#8211; White bed linen from the Hoffmann linen weaving mill&#8221;<\/h2>\n<div class=\"product-detail-description-text\">\n<h3>Linen bed linen of the absolute top class<\/h3>\n<p>Strong linen &#8211; White bed linen from the Hoffmann linen weaving mill. The pure white bed linen made of extra strong linen is a classic from Leinenweberei Hoffmann. Linen bed linen from <a href=\"https:\/\/linen.eu\/en\/magazine\/\">Leinenweberei Hoffmann<\/a> has graced the first class cabins of the Lusitania and the Titanic, the suites of the Adlon and the Ritz. This bed linen has a quality that is practically unheard of. While the general trend is towards ever finer and thinner yarns, the Hoffmann company works with a yarn thickness that our grandmothers knew from the best dowry textiles. Anyone who has inherited something like this knows how long this quality lasts.     <\/p>\n<h3>European organic linen<\/h3>\n<p>Linen bed linen allows the skin to breathe better. When it comes to our skin, linen is the perfect fabric. Due to its long, smooth fibers, linen absorbs a lot of moisture and repels dirt.   Linen is an intelligent fabric because linen balances out temperatures. Linen ensures a pleasant coolness in summer and creates cozy warmth in winter. The long linen fibers ensure that linen bed linen stays fresh for much longer. The linen fabric has been treated purely mechanically and is therefore very soft and skin-friendly. Linen treated in this way creases less and retains the naturalness and all the benefits of linen.    <\/p>\n<p>We recommend the fine, pure white or natural linen-colored linen sheets and fitted sheets from Leinenweberei Hoffmann.<\/p>\n<h3>The Weaving Mill<\/h3>\n<p>Linen bed linen from the <a href=\"https:\/\/linen.eu\/en\/magazine\/\">Hoffmann linen weaving mill<\/a> has already adorned the luxury cabins of the large ocean liner Queen Mary or the Andrea Doria, the suites of the Waldorf Astoria and the Atlantic. Flax has been grown in Upper Lusatia, the triangle of land between Saxony, Bohemia and Silesia, for centuries. It has been used to produce all kinds of linen, from coarse sack cloth to the finest linen damask. Today, the Hoffmann linen weaving mill is one of the few German weaving mills still in operation, which cultivates old craftsmanship and makes quality its top priority.   <\/p>\n<h3>The product: Strong linen &#8211; White bed linen from the <a href=\"https:\/\/linen.eu\/brand\/hoffmann\/\">Hoffmann linen weaving mill<\/a><\/h3>\n<p>100% washed linen. Climate-neutral production<br \/>\nMedium-weight quality of 205 grams per square meter<br \/>\nMasters of Linen quality &#8211; only linen from European cultivation is used<br \/>\nPillow and comforter have a button closure with twisted buttons<br \/>\nLinen bed linen from the Hoffmann weaving mill is custom-made to order for customers. You will find the most frequently ordered sizes in the menu at the top right. We manufacture individual special sizes on request.<br \/>\nMade in Germany.   <\/p>\n<h3>Care Instructions<\/h3>\n<p>Colored linen can be washed up to 60\u00b0, white up to 95\u00b0. As with all materials, linen will last longer if washed at a lower temperature. What linen does not tolerate are detergents with optical brighteners, they bleach out the natural colors and the fabric becomes light.<br id=\"mf280\">Linen needs sufficient residual moisture so that it does not crease. Do not overload the machine so that the fabric can move, do not spin linen too hard or for too long. If you want to iron linen, iron the items on the hot linen temperature setting of your iron when they are still a little damp.    <\/p>\n<\/div>\n","protected":false},"excerpt":{"rendered":"<p><strong data-start=\"97\" data-end=\"134\">Strong linen &#8211; White bed linen<\/strong> from Leinenweberei Hoffmann: made from extra strong, 100% washed linen (205 g\/m\u00b2) in <strong data-start=\"221\" data-end=\"241\">Masters of Linen quality<\/strong>, produced in a climate-neutral way. Durable, temperature-regulating, skin-friendly and crease-resistant. Pillow and comforter with twisted button closure. Made to measure according to customer requirements, manufactured in Germany. Classic craftsmanship, already in use in first class cabins of large ocean liners and luxury hotels.    <\/p>\n","protected":false},"featured_media":2680,"comment_status":"open","ping_status":"closed","template":"","meta":{"_acf_changed":false},"product_brand":[4789,4791],"product_cat":[3728,3748,3785,3786,3787,3788,3789,3791,3862],"product_tag":[3641,4033],"class_list":{"0":"post-136216","1":"product","2":"type-product","3":"status-publish","4":"has-post-thumbnail","6":"product_brand-hoffmann","7":"product_brand-hoffmann-bed-linen","8":"product_cat-bedroom","9":"product_cat-product","10":"product_cat-linen-bedding","11":"product_cat-155x220","12":"product_cat-135x200","13":"product_cat-200x200","14":"product_cat-200x220","15":"product_cat-white-linen-bed-linen","16":"product_cat-160x210","17":"product_tag-linen","18":"product_tag-white","20":"first","21":"instock","22":"taxable","23":"shipping-taxable","24":"purchasable","25":"product-type-variable"},"acf":[],"yoast_head":"<!-- This site is optimized with the Yoast SEO Premium plugin v27.3 (Yoast SEO v27.3) - https:\/\/yoast.com\/product\/yoast-seo-premium-wordpress\/ -->\n<title>Strong linen - White bed linen by Hoffmann - Linen.eu<\/title>\n<meta name=\"description\" content=\"Strong linen - white bed linen from the Hoffmann linen weaving mill \u271a The timeless classic - German linen tradition \u27a4 Order conveniently online now\" \/>\n<meta name=\"robots\" content=\"index, follow, max-snippet:-1, max-image-preview:large, max-video-preview:-1\" \/>\n<link rel=\"canonical\" href=\"https:\/\/linen.eu\/en\/produkt\/strong-linen-white-bed-linen-from-the-hoffmann-linen-weaving-mill\/\" \/>\n<meta property=\"og:locale\" content=\"en_US\" \/>\n<meta property=\"og:type\" content=\"article\" \/>\n<meta property=\"og:title\" content=\"Strong linen - White bed linen from the Hoffmann linen weaving mill\" \/>\n<meta property=\"og:description\" content=\"Strong linen - white bed linen from the Hoffmann linen weaving mill \u271a The timeless classic - German linen tradition \u27a4 Order conveniently online now\" \/>\n<meta property=\"og:url\" content=\"https:\/\/linen.eu\/en\/produkt\/strong-linen-white-bed-linen-from-the-hoffmann-linen-weaving-mill\/\" \/>\n<meta property=\"og:site_name\" content=\"Linen.eu\" \/>\n<meta property=\"article:publisher\" content=\"https:\/\/linen.eu\" \/>\n<meta property=\"article:modified_time\" content=\"2026-04-13T09:05:31+00:00\" \/>\n<meta property=\"og:image\" content=\"https:\/\/linen.eu\/wp-content\/uploads\/2025\/07\/hoffmann-reinleinen-q02.jpg\" \/>\n\t<meta property=\"og:image:width\" content=\"1600\" \/>\n\t<meta property=\"og:image:height\" content=\"1200\" \/>\n\t<meta property=\"og:image:type\" content=\"image\/jpeg\" \/>\n<meta name=\"twitter:card\" content=\"summary_large_image\" \/>\n<meta name=\"twitter:site\" content=\"@linenlounge\" \/>\n<meta name=\"twitter:label1\" content=\"Availability\" \/>\n\t<meta name=\"twitter:data1\" content=\"In stock\" \/>\n<script type=\"application\/ld+json\" class=\"yoast-schema-graph\">{\"@context\":\"https:\\\/\\\/schema.org\",\"@graph\":[{\"@type\":\"WebPage\",\"@id\":\"https:\\\/\\\/linen.eu\\\/en\\\/produkt\\\/strong-linen-white-bed-linen-from-the-hoffmann-linen-weaving-mill\\\/\",\"url\":\"https:\\\/\\\/linen.eu\\\/en\\\/produkt\\\/strong-linen-white-bed-linen-from-the-hoffmann-linen-weaving-mill\\\/\",\"name\":\"Strong linen - White bed linen by Hoffmann - Linen.eu\",\"isPartOf\":{\"@id\":\"https:\\\/\\\/linen.eu\\\/en\\\/#website\"},\"primaryImageOfPage\":{\"@id\":\"https:\\\/\\\/linen.eu\\\/en\\\/produkt\\\/strong-linen-white-bed-linen-from-the-hoffmann-linen-weaving-mill\\\/#primaryimage\"},\"image\":{\"@id\":\"https:\\\/\\\/linen.eu\\\/en\\\/produkt\\\/strong-linen-white-bed-linen-from-the-hoffmann-linen-weaving-mill\\\/#primaryimage\"},\"thumbnailUrl\":\"https:\\\/\\\/linen.eu\\\/wp-content\\\/uploads\\\/2025\\\/07\\\/hoffmann-reinleinen-q02.jpg\",\"datePublished\":\"2025-07-17T13:19:01+00:00\",\"dateModified\":\"2026-04-13T09:05:31+00:00\",\"description\":\"Strong linen - white bed linen from the Hoffmann linen weaving mill \u271a The timeless classic - German linen tradition \u27a4 Order conveniently online now\",\"breadcrumb\":{\"@id\":\"https:\\\/\\\/linen.eu\\\/en\\\/produkt\\\/strong-linen-white-bed-linen-from-the-hoffmann-linen-weaving-mill\\\/#breadcrumb\"},\"inLanguage\":\"en-US\",\"potentialAction\":[{\"@type\":\"ReadAction\",\"target\":[\"https:\\\/\\\/linen.eu\\\/en\\\/produkt\\\/strong-linen-white-bed-linen-from-the-hoffmann-linen-weaving-mill\\\/\"]}]},{\"@type\":\"ImageObject\",\"inLanguage\":\"en-US\",\"@id\":\"https:\\\/\\\/linen.eu\\\/en\\\/produkt\\\/strong-linen-white-bed-linen-from-the-hoffmann-linen-weaving-mill\\\/#primaryimage\",\"url\":\"https:\\\/\\\/linen.eu\\\/wp-content\\\/uploads\\\/2025\\\/07\\\/hoffmann-reinleinen-q02.jpg\",\"contentUrl\":\"https:\\\/\\\/linen.eu\\\/wp-content\\\/uploads\\\/2025\\\/07\\\/hoffmann-reinleinen-q02.jpg\",\"width\":1600,\"height\":1200,\"caption\":\"Abgebildet ist ein ordentlich gefalteter Stapel Starkes Leinen - Wei\u00dfe Bettw\u00e4sche der Leinenweberei Hoffmann mit einer Nahaufnahme der gekn\u00f6pften Manschette auf dem obersten Blatt vor einem schlichten wei\u00dfen Hintergrund.\"},{\"@type\":\"BreadcrumbList\",\"@id\":\"https:\\\/\\\/linen.eu\\\/en\\\/produkt\\\/strong-linen-white-bed-linen-from-the-hoffmann-linen-weaving-mill\\\/#breadcrumb\",\"itemListElement\":[{\"@type\":\"ListItem\",\"position\":1,\"name\":\"Startseite\",\"item\":\"https:\\\/\\\/linen.eu\\\/en\\\/home\\\/\"},{\"@type\":\"ListItem\",\"position\":2,\"name\":\"Shop\",\"item\":\"https:\\\/\\\/linen.eu\\\/en\\\/shop\\\/\"},{\"@type\":\"ListItem\",\"position\":3,\"name\":\"Strong linen &#8211; White bed linen from the Hoffmann linen weaving mill\"}]},{\"@type\":\"WebSite\",\"@id\":\"https:\\\/\\\/linen.eu\\\/en\\\/#website\",\"url\":\"https:\\\/\\\/linen.eu\\\/en\\\/\",\"name\":\"Linen.eu\",\"description\":\"\",\"publisher\":{\"@id\":\"https:\\\/\\\/linen.eu\\\/en\\\/#organization\"},\"potentialAction\":[{\"@type\":\"SearchAction\",\"target\":{\"@type\":\"EntryPoint\",\"urlTemplate\":\"https:\\\/\\\/linen.eu\\\/en\\\/?s={search_term_string}\"},\"query-input\":{\"@type\":\"PropertyValueSpecification\",\"valueRequired\":true,\"valueName\":\"search_term_string\"}}],\"inLanguage\":\"en-US\"},{\"@type\":\"Organization\",\"@id\":\"https:\\\/\\\/linen.eu\\\/en\\\/#organization\",\"name\":\"Linen Lounge\",\"alternateName\":\"linen.eu\",\"url\":\"https:\\\/\\\/linen.eu\\\/en\\\/\",\"logo\":{\"@type\":\"ImageObject\",\"inLanguage\":\"en-US\",\"@id\":\"https:\\\/\\\/linen.eu\\\/en\\\/#\\\/schema\\\/logo\\\/image\\\/\",\"url\":\"https:\\\/\\\/linen.eu\\\/wp-content\\\/uploads\\\/2025\\\/10\\\/LinenLounge-NEU2.webp\",\"contentUrl\":\"https:\\\/\\\/linen.eu\\\/wp-content\\\/uploads\\\/2025\\\/10\\\/LinenLounge-NEU2.webp\",\"width\":1800,\"height\":455,\"caption\":\"Linen Lounge\"},\"image\":{\"@id\":\"https:\\\/\\\/linen.eu\\\/en\\\/#\\\/schema\\\/logo\\\/image\\\/\"},\"sameAs\":[\"https:\\\/\\\/linen.eu\",\"https:\\\/\\\/x.com\\\/linenlounge\",\"https:\\\/\\\/www.instagram.com\\\/linen.lounge?igsh=MW81aGhiY2VxZGRpMw==&utm_source=qr\",\"http:\\\/\\\/www.youtube.com\\\/@Linenlounge\"],\"description\":\"Online Fachhandel f\u00fcr europ\u00e4ische Leinen-Bettw\u00e4sche und Heimtextilien aus traditionellen Webereien wie Leitner Leinen, Schlitzer Leinen, Libeco, Vieb\u00f6ck und Hoffmann.\",\"email\":\"info@linen.eu\",\"telephone\":\"+49 (0) 69 90738860\",\"legalName\":\"Linen UG (haftungsbeschr\u00e4nkt)\",\"foundingDate\":\"2015-04-08\",\"numberOfEmployees\":{\"@type\":\"QuantitativeValue\",\"minValue\":\"1\",\"maxValue\":\"10\"}}]}<\/script>\n<meta property=\"product:brand\" content=\"Linen Weaving Mill Hoffmann \u2013 The Real Fabric. As from Grandmother&#039;s Chest\" \/>\n<meta property=\"og:availability\" content=\"instock\" \/>\n<meta property=\"product:availability\" content=\"instock\" \/>\n<meta property=\"product:retailer_item_id\" content=\"112101220410\" \/>\n<meta property=\"product:condition\" content=\"new\" \/>\n<!-- \/ Yoast SEO Premium plugin. -->","yoast_head_json":{"title":"Strong linen - White bed linen by Hoffmann - Linen.eu","description":"Strong linen - white bed linen from the Hoffmann linen weaving mill \u271a The timeless classic - German linen tradition \u27a4 Order conveniently online now","robots":{"index":"index","follow":"follow","max-snippet":"max-snippet:-1","max-image-preview":"max-image-preview:large","max-video-preview":"max-video-preview:-1"},"canonical":"https:\/\/linen.eu\/en\/produkt\/strong-linen-white-bed-linen-from-the-hoffmann-linen-weaving-mill\/","og_locale":"en_US","og_type":"article","og_title":"Strong linen - White bed linen from the Hoffmann linen weaving mill","og_description":"Strong linen - white bed linen from the Hoffmann linen weaving mill \u271a The timeless classic - German linen tradition \u27a4 Order conveniently online now","og_url":"https:\/\/linen.eu\/en\/produkt\/strong-linen-white-bed-linen-from-the-hoffmann-linen-weaving-mill\/","og_site_name":"Linen.eu","article_publisher":"https:\/\/linen.eu","article_modified_time":"2026-04-13T09:05:31+00:00","og_image":[{"width":1600,"height":1200,"url":"https:\/\/linen.eu\/wp-content\/uploads\/2025\/07\/hoffmann-reinleinen-q02.jpg","type":"image\/jpeg"}],"twitter_card":"summary_large_image","twitter_site":"@linenlounge","twitter_misc":{"Availability":"In stock"},"schema":{"@context":"https:\/\/schema.org","@graph":[{"@type":"WebPage","@id":"https:\/\/linen.eu\/en\/produkt\/strong-linen-white-bed-linen-from-the-hoffmann-linen-weaving-mill\/","url":"https:\/\/linen.eu\/en\/produkt\/strong-linen-white-bed-linen-from-the-hoffmann-linen-weaving-mill\/","name":"Strong linen - White bed linen by Hoffmann - Linen.eu","isPartOf":{"@id":"https:\/\/linen.eu\/en\/#website"},"primaryImageOfPage":{"@id":"https:\/\/linen.eu\/en\/produkt\/strong-linen-white-bed-linen-from-the-hoffmann-linen-weaving-mill\/#primaryimage"},"image":{"@id":"https:\/\/linen.eu\/en\/produkt\/strong-linen-white-bed-linen-from-the-hoffmann-linen-weaving-mill\/#primaryimage"},"thumbnailUrl":"https:\/\/linen.eu\/wp-content\/uploads\/2025\/07\/hoffmann-reinleinen-q02.jpg","datePublished":"2025-07-17T13:19:01+00:00","dateModified":"2026-04-13T09:05:31+00:00","description":"Strong linen - white bed linen from the Hoffmann linen weaving mill \u271a The timeless classic - German linen tradition \u27a4 Order conveniently online now","breadcrumb":{"@id":"https:\/\/linen.eu\/en\/produkt\/strong-linen-white-bed-linen-from-the-hoffmann-linen-weaving-mill\/#breadcrumb"},"inLanguage":"en-US","potentialAction":[{"@type":"ReadAction","target":["https:\/\/linen.eu\/en\/produkt\/strong-linen-white-bed-linen-from-the-hoffmann-linen-weaving-mill\/"]}]},{"@type":"ImageObject","inLanguage":"en-US","@id":"https:\/\/linen.eu\/en\/produkt\/strong-linen-white-bed-linen-from-the-hoffmann-linen-weaving-mill\/#primaryimage","url":"https:\/\/linen.eu\/wp-content\/uploads\/2025\/07\/hoffmann-reinleinen-q02.jpg","contentUrl":"https:\/\/linen.eu\/wp-content\/uploads\/2025\/07\/hoffmann-reinleinen-q02.jpg","width":1600,"height":1200,"caption":"Abgebildet ist ein ordentlich gefalteter Stapel Starkes Leinen - Wei\u00dfe Bettw\u00e4sche der Leinenweberei Hoffmann mit einer Nahaufnahme der gekn\u00f6pften Manschette auf dem obersten Blatt vor einem schlichten wei\u00dfen Hintergrund."},{"@type":"BreadcrumbList","@id":"https:\/\/linen.eu\/en\/produkt\/strong-linen-white-bed-linen-from-the-hoffmann-linen-weaving-mill\/#breadcrumb","itemListElement":[{"@type":"ListItem","position":1,"name":"Startseite","item":"https:\/\/linen.eu\/en\/home\/"},{"@type":"ListItem","position":2,"name":"Shop","item":"https:\/\/linen.eu\/en\/shop\/"},{"@type":"ListItem","position":3,"name":"Strong linen &#8211; White bed linen from the Hoffmann linen weaving mill"}]},{"@type":"WebSite","@id":"https:\/\/linen.eu\/en\/#website","url":"https:\/\/linen.eu\/en\/","name":"Linen.eu","description":"","publisher":{"@id":"https:\/\/linen.eu\/en\/#organization"},"potentialAction":[{"@type":"SearchAction","target":{"@type":"EntryPoint","urlTemplate":"https:\/\/linen.eu\/en\/?s={search_term_string}"},"query-input":{"@type":"PropertyValueSpecification","valueRequired":true,"valueName":"search_term_string"}}],"inLanguage":"en-US"},{"@type":"Organization","@id":"https:\/\/linen.eu\/en\/#organization","name":"Linen Lounge","alternateName":"linen.eu","url":"https:\/\/linen.eu\/en\/","logo":{"@type":"ImageObject","inLanguage":"en-US","@id":"https:\/\/linen.eu\/en\/#\/schema\/logo\/image\/","url":"https:\/\/linen.eu\/wp-content\/uploads\/2025\/10\/LinenLounge-NEU2.webp","contentUrl":"https:\/\/linen.eu\/wp-content\/uploads\/2025\/10\/LinenLounge-NEU2.webp","width":1800,"height":455,"caption":"Linen Lounge"},"image":{"@id":"https:\/\/linen.eu\/en\/#\/schema\/logo\/image\/"},"sameAs":["https:\/\/linen.eu","https:\/\/x.com\/linenlounge","https:\/\/www.instagram.com\/linen.lounge?igsh=MW81aGhiY2VxZGRpMw==&utm_source=qr","http:\/\/www.youtube.com\/@Linenlounge"],"description":"Online Fachhandel f\u00fcr europ\u00e4ische Leinen-Bettw\u00e4sche und Heimtextilien aus traditionellen Webereien wie Leitner Leinen, Schlitzer Leinen, Libeco, Vieb\u00f6ck und Hoffmann.","email":"info@linen.eu","telephone":"+49 (0) 69 90738860","legalName":"Linen UG (haftungsbeschr\u00e4nkt)","foundingDate":"2015-04-08","numberOfEmployees":{"@type":"QuantitativeValue","minValue":"1","maxValue":"10"}}]},"product_brand":"Linen Weaving Mill Hoffmann \u2013 The Real Fabric. As from Grandmother&#039;s Chest","og_availability":"instock","product_availability":"instock","product_retailer_item_id":"112101220410","product_condition":"new"},"_links":{"self":[{"href":"https:\/\/linen.eu\/en\/wp-json\/wp\/v2\/product\/136216","targetHints":{"allow":["GET"]}}],"collection":[{"href":"https:\/\/linen.eu\/en\/wp-json\/wp\/v2\/product"}],"about":[{"href":"https:\/\/linen.eu\/en\/wp-json\/wp\/v2\/types\/product"}],"replies":[{"embeddable":true,"href":"https:\/\/linen.eu\/en\/wp-json\/wp\/v2\/comments?post=136216"}],"wp:featuredmedia":[{"embeddable":true,"href":"https:\/\/linen.eu\/en\/wp-json\/wp\/v2\/media\/2680"}],"wp:attachment":[{"href":"https:\/\/linen.eu\/en\/wp-json\/wp\/v2\/media?parent=136216"}],"wp:term":[{"taxonomy":"product_brand","embeddable":true,"href":"https:\/\/linen.eu\/en\/wp-json\/wp\/v2\/product_brand?post=136216"},{"taxonomy":"product_cat","embeddable":true,"href":"https:\/\/linen.eu\/en\/wp-json\/wp\/v2\/product_cat?post=136216"},{"taxonomy":"product_tag","embeddable":true,"href":"https:\/\/linen.eu\/en\/wp-json\/wp\/v2\/product_tag?post=136216"}],"curies":[{"name":"wp","href":"https:\/\/api.w.org\/{rel}","templated":true}]}}