{"id":136276,"date":"2025-07-17T15:19:45","date_gmt":"2025-07-17T13:19:45","guid":{"rendered":"https:\/\/linen.eu\/produkt\/bed-sheet-made-of-strong-natural-linen-from-hoffmann\/"},"modified":"2026-04-12T00:08:58","modified_gmt":"2026-04-11T22:08:58","slug":"bed-sheet-made-of-strong-natural-linen-from-hoffmann","status":"publish","type":"product","link":"https:\/\/linen.eu\/en\/produkt\/bed-sheet-made-of-strong-natural-linen-from-hoffmann\/","title":{"rendered":"Bed sheet made of strong natural linen from Hoffmann"},"content":{"rendered":"<h2 class=\"h3 product-detail-description-title\">&#8220;Bed sheet made of strong natural linen from Hoffmann&#8221;<\/h2>\n<div class=\"product-detail-description-text\">\n<h3>Linen bed sheets of the absolute top class<\/h3>\n<p>Bed sheet made of strong natural linen from Hoffmann. The bed sheet is the part of the bed that has to withstand the most. That&#8217;s why the sheets from the Hoffmann linen weaving mill are made from extra strong linen weighing 205 grams per square meter. Another classic from Leinenweberei Hoffmann. Linen sheets from Leinenweberei Hoffmann have graced the first class cabins of the Lusitania and the Titanic, the suites of the Adlon and the Ritz. This bed linen has a quality that is practically unheard of. While the general trend is towards ever finer and thinner yarns, the Hoffmann company works with a yarn thickness that our grandmothers knew from the best dowry textiles. Anyone who has inherited something like this knows how long this quality lasts.       <\/p>\n<h3>European organic linen<\/h3>\n<p>Linen bed linen allows the skin to breathe better. When it comes to our skin, linen is the perfect fabric. Due to its long, smooth fibers, linen absorbs a lot of moisture and repels dirt.   Linen is an intelligent fabric because linen balances out temperatures. Linen ensures a pleasant coolness in summer and creates cozy warmth in winter. The long linen fibers ensure that linen bed linen stays fresh for much longer. The linen fabric has been treated purely mechanically and is therefore very soft and skin-friendly. Linen treated in this way creases less and retains the naturalness and all the benefits of linen.    <\/p>\n<h3>The Weaving Mill<\/h3>\n<p>Linen bed linen from the <a href=\"https:\/\/linen.eu\/en\/magazine\/\">Hoffmann linen weaving mill<\/a> has already adorned the luxury cabins of the large ocean liner Queen Mary or the Andrea Doria, the suites of the Waldorf Astoria and the Atlantic. Flax has been grown in Upper Lusatia, the triangle of land between Saxony, Bohemia and Silesia, for centuries. It has been used to produce all kinds of linen, from coarse sack cloth to the finest linen damask. Today, the Hoffmann linen weaving mill is one of the few German weaving mills still in operation, which cultivates old craftsmanship and makes quality its top priority.   <\/p>\n<h3>The product: Bed sheet made of strong linen from<a href=\"https:\/\/linen.eu\/brand\/hoffmann\/\"> Hoffmann<\/a><\/h3>\n<p>100% washed linen. Climate-neutral production<br \/>\nHeavy quality of 205 grams per square meter<br \/>\nMasters of Linen quality &#8211; only linen from European cultivation is used<br \/>\nPillow and comforter have a button closure with twisted buttons<br \/>\nLinen bed linen from the Hoffmann weaving mill is made to order for customers. You will find the most frequently ordered sizes in the menu at the top right. We manufacture individual special sizes on request.<br \/>\nMade in Germany.   <\/p>\n<h3>Care Instructions<\/h3>\n<p>Colored linen can be washed up to 60\u00b0, white up to 95\u00b0. As with all materials, linen will last longer if washed at a lower temperature. What linen does not tolerate are detergents with optical brighteners, they bleach out the natural colors and the fabric becomes light.<br id=\"mf280\">Linen needs sufficient residual moisture so that it does not crease. Do not overload the machine so that the fabric can move, do not spin linen too hard or for too long. If you want to iron linen, iron the items on the hot linen temperature setting of your iron when they are still a little damp.    <\/p>\n<\/div>\n","protected":false},"excerpt":{"rendered":"<p><strong data-start=\"113\" data-end=\"150\">Bed sheet made of strong natural linen<\/strong> from the Hoffmann linen weaving mill &#8211; extra strong, durable and luxurious. Made from 100% washed natural linen (205 g\/m\u00b2), produced in a climate-neutral way and in <strong data-start=\"306\" data-end=\"326\">Masters of Linen quality<\/strong> from European cultivation. The robust bed sheet is particularly hard-wearing yet skin-friendly, breathable and temperature-regulating. Made to measure according to customer requirements, manufactured in Germany. Ideal for the highest demands and classic elegance, inspired by the luxury suites of large ocean liners and hotels.    <\/p>\n","protected":false},"featured_media":2836,"comment_status":"open","ping_status":"closed","template":"","meta":{"_acf_changed":false},"product_brand":[4790,4789],"product_cat":[4253,3482,3728,3748],"product_tag":[3641,4192],"class_list":{"0":"post-136276","1":"product","2":"type-product","3":"status-publish","4":"has-post-thumbnail","6":"product_brand-hoffmann-bed-sheets","7":"product_brand-hoffmann","8":"product_cat-linen-fitted-sheets","9":"product_cat-linen-bed-sheets","10":"product_cat-bedroom","11":"product_cat-product","12":"product_tag-linen","13":"product_tag-bed-sheets","15":"first","16":"instock","17":"taxable","18":"shipping-taxable","19":"purchasable","20":"product-type-variable"},"acf":[],"yoast_head":"<!-- This site is optimized with the Yoast SEO Premium plugin v27.3 (Yoast SEO v27.3) - https:\/\/yoast.com\/product\/yoast-seo-premium-wordpress\/ -->\n<title>Bed sheet made of strong natural linen from Hoffmann - Linen.eu<\/title>\n<meta name=\"description\" content=\"Bed sheet made of strong natural linen from Hoffmann \u271a The timeless classic - German linen tradition \u27a4 Order conveniently online now\" \/>\n<meta name=\"robots\" content=\"index, follow, max-snippet:-1, max-image-preview:large, max-video-preview:-1\" \/>\n<link rel=\"canonical\" href=\"https:\/\/linen.eu\/en\/produkt\/bed-sheet-made-of-strong-natural-linen-from-hoffmann\/\" \/>\n<meta property=\"og:locale\" content=\"en_US\" \/>\n<meta property=\"og:type\" content=\"article\" \/>\n<meta property=\"og:title\" content=\"Bed sheet made of strong natural linen from Hoffmann\" \/>\n<meta property=\"og:description\" content=\"Bed sheet made of strong natural linen from Hoffmann \u271a The timeless classic - German linen tradition \u27a4 Order conveniently online now\" \/>\n<meta property=\"og:url\" content=\"https:\/\/linen.eu\/en\/produkt\/bed-sheet-made-of-strong-natural-linen-from-hoffmann\/\" \/>\n<meta property=\"og:site_name\" content=\"Linen.eu\" \/>\n<meta property=\"article:publisher\" content=\"https:\/\/linen.eu\" \/>\n<meta property=\"article:modified_time\" content=\"2026-04-11T22:08:58+00:00\" \/>\n<meta property=\"og:image\" content=\"https:\/\/linen.eu\/wp-content\/uploads\/2025\/07\/Natural-Fitted-Sheet.jpg\" \/>\n\t<meta property=\"og:image:width\" content=\"2048\" \/>\n\t<meta property=\"og:image:height\" content=\"1365\" \/>\n\t<meta property=\"og:image:type\" content=\"image\/jpeg\" \/>\n<meta name=\"twitter:card\" content=\"summary_large_image\" \/>\n<meta name=\"twitter:site\" content=\"@linenlounge\" \/>\n<meta name=\"twitter:label1\" content=\"Availability\" \/>\n\t<meta name=\"twitter:data1\" content=\"In stock\" \/>\n<script type=\"application\/ld+json\" class=\"yoast-schema-graph\">{\"@context\":\"https:\\\/\\\/schema.org\",\"@graph\":[{\"@type\":\"WebPage\",\"@id\":\"https:\\\/\\\/linen.eu\\\/en\\\/produkt\\\/bed-sheet-made-of-strong-natural-linen-from-hoffmann\\\/\",\"url\":\"https:\\\/\\\/linen.eu\\\/en\\\/produkt\\\/bed-sheet-made-of-strong-natural-linen-from-hoffmann\\\/\",\"name\":\"Bed sheet made of strong natural linen from Hoffmann - Linen.eu\",\"isPartOf\":{\"@id\":\"https:\\\/\\\/linen.eu\\\/en\\\/#website\"},\"primaryImageOfPage\":{\"@id\":\"https:\\\/\\\/linen.eu\\\/en\\\/produkt\\\/bed-sheet-made-of-strong-natural-linen-from-hoffmann\\\/#primaryimage\"},\"image\":{\"@id\":\"https:\\\/\\\/linen.eu\\\/en\\\/produkt\\\/bed-sheet-made-of-strong-natural-linen-from-hoffmann\\\/#primaryimage\"},\"thumbnailUrl\":\"https:\\\/\\\/linen.eu\\\/wp-content\\\/uploads\\\/2025\\\/07\\\/Natural-Fitted-Sheet.jpg\",\"datePublished\":\"2025-07-17T13:19:45+00:00\",\"dateModified\":\"2026-04-11T22:08:58+00:00\",\"description\":\"Bed sheet made of strong natural linen from Hoffmann \u271a The timeless classic - German linen tradition \u27a4 Order conveniently online now\",\"breadcrumb\":{\"@id\":\"https:\\\/\\\/linen.eu\\\/en\\\/produkt\\\/bed-sheet-made-of-strong-natural-linen-from-hoffmann\\\/#breadcrumb\"},\"inLanguage\":\"en-US\",\"potentialAction\":[{\"@type\":\"ReadAction\",\"target\":[\"https:\\\/\\\/linen.eu\\\/en\\\/produkt\\\/bed-sheet-made-of-strong-natural-linen-from-hoffmann\\\/\"]}]},{\"@type\":\"ImageObject\",\"inLanguage\":\"en-US\",\"@id\":\"https:\\\/\\\/linen.eu\\\/en\\\/produkt\\\/bed-sheet-made-of-strong-natural-linen-from-hoffmann\\\/#primaryimage\",\"url\":\"https:\\\/\\\/linen.eu\\\/wp-content\\\/uploads\\\/2025\\\/07\\\/Natural-Fitted-Sheet.jpg\",\"contentUrl\":\"https:\\\/\\\/linen.eu\\\/wp-content\\\/uploads\\\/2025\\\/07\\\/Natural-Fitted-Sheet.jpg\",\"width\":2048,\"height\":1365,\"caption\":\"Ein ordentlich gefaltetes beiges Spannbettlaken mit elastischen R\u00e4ndern, das Bettlaken aus starkem Naturleinen von Hoffmann, ist auf wei\u00dfem Hintergrund abgebildet.\"},{\"@type\":\"BreadcrumbList\",\"@id\":\"https:\\\/\\\/linen.eu\\\/en\\\/produkt\\\/bed-sheet-made-of-strong-natural-linen-from-hoffmann\\\/#breadcrumb\",\"itemListElement\":[{\"@type\":\"ListItem\",\"position\":1,\"name\":\"Startseite\",\"item\":\"https:\\\/\\\/linen.eu\\\/en\\\/home\\\/\"},{\"@type\":\"ListItem\",\"position\":2,\"name\":\"Shop\",\"item\":\"https:\\\/\\\/linen.eu\\\/en\\\/shop\\\/\"},{\"@type\":\"ListItem\",\"position\":3,\"name\":\"Bed sheet made of strong natural linen from Hoffmann\"}]},{\"@type\":\"WebSite\",\"@id\":\"https:\\\/\\\/linen.eu\\\/en\\\/#website\",\"url\":\"https:\\\/\\\/linen.eu\\\/en\\\/\",\"name\":\"Linen.eu\",\"description\":\"\",\"publisher\":{\"@id\":\"https:\\\/\\\/linen.eu\\\/en\\\/#organization\"},\"potentialAction\":[{\"@type\":\"SearchAction\",\"target\":{\"@type\":\"EntryPoint\",\"urlTemplate\":\"https:\\\/\\\/linen.eu\\\/en\\\/?s={search_term_string}\"},\"query-input\":{\"@type\":\"PropertyValueSpecification\",\"valueRequired\":true,\"valueName\":\"search_term_string\"}}],\"inLanguage\":\"en-US\"},{\"@type\":\"Organization\",\"@id\":\"https:\\\/\\\/linen.eu\\\/en\\\/#organization\",\"name\":\"Linen Lounge\",\"alternateName\":\"linen.eu\",\"url\":\"https:\\\/\\\/linen.eu\\\/en\\\/\",\"logo\":{\"@type\":\"ImageObject\",\"inLanguage\":\"en-US\",\"@id\":\"https:\\\/\\\/linen.eu\\\/en\\\/#\\\/schema\\\/logo\\\/image\\\/\",\"url\":\"https:\\\/\\\/linen.eu\\\/wp-content\\\/uploads\\\/2025\\\/10\\\/LinenLounge-NEU2.webp\",\"contentUrl\":\"https:\\\/\\\/linen.eu\\\/wp-content\\\/uploads\\\/2025\\\/10\\\/LinenLounge-NEU2.webp\",\"width\":1800,\"height\":455,\"caption\":\"Linen Lounge\"},\"image\":{\"@id\":\"https:\\\/\\\/linen.eu\\\/en\\\/#\\\/schema\\\/logo\\\/image\\\/\"},\"sameAs\":[\"https:\\\/\\\/linen.eu\",\"https:\\\/\\\/x.com\\\/linenlounge\",\"https:\\\/\\\/www.instagram.com\\\/linen.lounge?igsh=MW81aGhiY2VxZGRpMw==&utm_source=qr\",\"http:\\\/\\\/www.youtube.com\\\/@Linenlounge\"],\"description\":\"Online Fachhandel f\u00fcr europ\u00e4ische Leinen-Bettw\u00e4sche und Heimtextilien aus traditionellen Webereien wie Leitner Leinen, Schlitzer Leinen, Libeco, Vieb\u00f6ck und Hoffmann.\",\"email\":\"info@linen.eu\",\"telephone\":\"+49 (0) 69 90738860\",\"legalName\":\"Linen UG (haftungsbeschr\u00e4nkt)\",\"foundingDate\":\"2015-04-08\",\"numberOfEmployees\":{\"@type\":\"QuantitativeValue\",\"minValue\":\"1\",\"maxValue\":\"10\"}}]}<\/script>\n<meta property=\"product:brand\" content=\"Hoffmann Bed Sheets\" \/>\n<meta property=\"og:availability\" content=\"instock\" \/>\n<meta property=\"product:availability\" content=\"instock\" \/>\n<meta property=\"product:condition\" content=\"new\" \/>\n<!-- \/ Yoast SEO Premium plugin. -->","yoast_head_json":{"title":"Bed sheet made of strong natural linen from Hoffmann - Linen.eu","description":"Bed sheet made of strong natural linen from Hoffmann \u271a The timeless classic - German linen tradition \u27a4 Order conveniently online now","robots":{"index":"index","follow":"follow","max-snippet":"max-snippet:-1","max-image-preview":"max-image-preview:large","max-video-preview":"max-video-preview:-1"},"canonical":"https:\/\/linen.eu\/en\/produkt\/bed-sheet-made-of-strong-natural-linen-from-hoffmann\/","og_locale":"en_US","og_type":"article","og_title":"Bed sheet made of strong natural linen from Hoffmann","og_description":"Bed sheet made of strong natural linen from Hoffmann \u271a The timeless classic - German linen tradition \u27a4 Order conveniently online now","og_url":"https:\/\/linen.eu\/en\/produkt\/bed-sheet-made-of-strong-natural-linen-from-hoffmann\/","og_site_name":"Linen.eu","article_publisher":"https:\/\/linen.eu","article_modified_time":"2026-04-11T22:08:58+00:00","og_image":[{"width":2048,"height":1365,"url":"https:\/\/linen.eu\/wp-content\/uploads\/2025\/07\/Natural-Fitted-Sheet.jpg","type":"image\/jpeg"}],"twitter_card":"summary_large_image","twitter_site":"@linenlounge","twitter_misc":{"Availability":"In stock"},"schema":{"@context":"https:\/\/schema.org","@graph":[{"@type":"WebPage","@id":"https:\/\/linen.eu\/en\/produkt\/bed-sheet-made-of-strong-natural-linen-from-hoffmann\/","url":"https:\/\/linen.eu\/en\/produkt\/bed-sheet-made-of-strong-natural-linen-from-hoffmann\/","name":"Bed sheet made of strong natural linen from Hoffmann - Linen.eu","isPartOf":{"@id":"https:\/\/linen.eu\/en\/#website"},"primaryImageOfPage":{"@id":"https:\/\/linen.eu\/en\/produkt\/bed-sheet-made-of-strong-natural-linen-from-hoffmann\/#primaryimage"},"image":{"@id":"https:\/\/linen.eu\/en\/produkt\/bed-sheet-made-of-strong-natural-linen-from-hoffmann\/#primaryimage"},"thumbnailUrl":"https:\/\/linen.eu\/wp-content\/uploads\/2025\/07\/Natural-Fitted-Sheet.jpg","datePublished":"2025-07-17T13:19:45+00:00","dateModified":"2026-04-11T22:08:58+00:00","description":"Bed sheet made of strong natural linen from Hoffmann \u271a The timeless classic - German linen tradition \u27a4 Order conveniently online now","breadcrumb":{"@id":"https:\/\/linen.eu\/en\/produkt\/bed-sheet-made-of-strong-natural-linen-from-hoffmann\/#breadcrumb"},"inLanguage":"en-US","potentialAction":[{"@type":"ReadAction","target":["https:\/\/linen.eu\/en\/produkt\/bed-sheet-made-of-strong-natural-linen-from-hoffmann\/"]}]},{"@type":"ImageObject","inLanguage":"en-US","@id":"https:\/\/linen.eu\/en\/produkt\/bed-sheet-made-of-strong-natural-linen-from-hoffmann\/#primaryimage","url":"https:\/\/linen.eu\/wp-content\/uploads\/2025\/07\/Natural-Fitted-Sheet.jpg","contentUrl":"https:\/\/linen.eu\/wp-content\/uploads\/2025\/07\/Natural-Fitted-Sheet.jpg","width":2048,"height":1365,"caption":"Ein ordentlich gefaltetes beiges Spannbettlaken mit elastischen R\u00e4ndern, das Bettlaken aus starkem Naturleinen von Hoffmann, ist auf wei\u00dfem Hintergrund abgebildet."},{"@type":"BreadcrumbList","@id":"https:\/\/linen.eu\/en\/produkt\/bed-sheet-made-of-strong-natural-linen-from-hoffmann\/#breadcrumb","itemListElement":[{"@type":"ListItem","position":1,"name":"Startseite","item":"https:\/\/linen.eu\/en\/home\/"},{"@type":"ListItem","position":2,"name":"Shop","item":"https:\/\/linen.eu\/en\/shop\/"},{"@type":"ListItem","position":3,"name":"Bed sheet made of strong natural linen from Hoffmann"}]},{"@type":"WebSite","@id":"https:\/\/linen.eu\/en\/#website","url":"https:\/\/linen.eu\/en\/","name":"Linen.eu","description":"","publisher":{"@id":"https:\/\/linen.eu\/en\/#organization"},"potentialAction":[{"@type":"SearchAction","target":{"@type":"EntryPoint","urlTemplate":"https:\/\/linen.eu\/en\/?s={search_term_string}"},"query-input":{"@type":"PropertyValueSpecification","valueRequired":true,"valueName":"search_term_string"}}],"inLanguage":"en-US"},{"@type":"Organization","@id":"https:\/\/linen.eu\/en\/#organization","name":"Linen Lounge","alternateName":"linen.eu","url":"https:\/\/linen.eu\/en\/","logo":{"@type":"ImageObject","inLanguage":"en-US","@id":"https:\/\/linen.eu\/en\/#\/schema\/logo\/image\/","url":"https:\/\/linen.eu\/wp-content\/uploads\/2025\/10\/LinenLounge-NEU2.webp","contentUrl":"https:\/\/linen.eu\/wp-content\/uploads\/2025\/10\/LinenLounge-NEU2.webp","width":1800,"height":455,"caption":"Linen Lounge"},"image":{"@id":"https:\/\/linen.eu\/en\/#\/schema\/logo\/image\/"},"sameAs":["https:\/\/linen.eu","https:\/\/x.com\/linenlounge","https:\/\/www.instagram.com\/linen.lounge?igsh=MW81aGhiY2VxZGRpMw==&utm_source=qr","http:\/\/www.youtube.com\/@Linenlounge"],"description":"Online Fachhandel f\u00fcr europ\u00e4ische Leinen-Bettw\u00e4sche und Heimtextilien aus traditionellen Webereien wie Leitner Leinen, Schlitzer Leinen, Libeco, Vieb\u00f6ck und Hoffmann.","email":"info@linen.eu","telephone":"+49 (0) 69 90738860","legalName":"Linen UG (haftungsbeschr\u00e4nkt)","foundingDate":"2015-04-08","numberOfEmployees":{"@type":"QuantitativeValue","minValue":"1","maxValue":"10"}}]},"product_brand":"Hoffmann Bed Sheets","og_availability":"instock","product_availability":"instock","product_condition":"new"},"_links":{"self":[{"href":"https:\/\/linen.eu\/en\/wp-json\/wp\/v2\/product\/136276","targetHints":{"allow":["GET"]}}],"collection":[{"href":"https:\/\/linen.eu\/en\/wp-json\/wp\/v2\/product"}],"about":[{"href":"https:\/\/linen.eu\/en\/wp-json\/wp\/v2\/types\/product"}],"replies":[{"embeddable":true,"href":"https:\/\/linen.eu\/en\/wp-json\/wp\/v2\/comments?post=136276"}],"wp:featuredmedia":[{"embeddable":true,"href":"https:\/\/linen.eu\/en\/wp-json\/wp\/v2\/media\/2836"}],"wp:attachment":[{"href":"https:\/\/linen.eu\/en\/wp-json\/wp\/v2\/media?parent=136276"}],"wp:term":[{"taxonomy":"product_brand","embeddable":true,"href":"https:\/\/linen.eu\/en\/wp-json\/wp\/v2\/product_brand?post=136276"},{"taxonomy":"product_cat","embeddable":true,"href":"https:\/\/linen.eu\/en\/wp-json\/wp\/v2\/product_cat?post=136276"},{"taxonomy":"product_tag","embeddable":true,"href":"https:\/\/linen.eu\/en\/wp-json\/wp\/v2\/product_tag?post=136276"}],"curies":[{"name":"wp","href":"https:\/\/api.w.org\/{rel}","templated":true}]}}