{"id":136447,"date":"2025-07-17T15:24:02","date_gmt":"2025-07-17T13:24:02","guid":{"rendered":"https:\/\/linen.eu\/produkt\/klimacontrol-comfort-winter-comforter-from-hefel\/"},"modified":"2026-04-12T00:08:35","modified_gmt":"2026-04-11T22:08:35","slug":"klimacontrol-comfort-winter-comforter-from-hefel","status":"publish","type":"product","link":"https:\/\/linen.eu\/en\/produkt\/klimacontrol-comfort-winter-comforter-from-hefel\/","title":{"rendered":"KlimaControl Comfort winter comforter from HEFEL"},"content":{"rendered":"<h2>&#8220;KlimaControl Comfort winter comforter from HEFEL&#8221;<\/h2>\n<p>KlimaControl Comfort winter comforter from HEFEL &#8211; the best sleeping climate, even with heavy perspiration. KlimaControl Comfort won the title of &#8220;Best Product&#8221; at the New York Home Textile Show! With the European Environmental Award, its excellent sleeping climate and sustainable environmental properties, KlimaControl Comfort has convinced almost all independent experts. However, the most important verdict on KlimaControl Comfort is given by the customers. It is the best-selling comforter from HEFEL.    <\/p>\n<p>HEFEL KlimaControl Comfort comforters guarantee an ideal sleeping climate &#8211; especially for people with allergies. Even with heavy perspiration, the comforter always feels pleasantly dry. This is achieved by the perfect combination of 100% TENCEL\u00ae in the filling and fabric. The exceptional microstructure of TENCEL\u00ae transports more moisture and water vapor away from the body than any other fiber. A blessing for sensitive skin. Thanks to the BodyFit quilting, the comforter adapts to your body like a second skin and you sleep comfortably and restfully even when the room temperature fluctuates.     <\/p>\n<ul>\n<li>Optimum climate regulation thanks to TENCEL\u00ae high-tech organic filling<\/li>\n<li>100% natural fiber made from pure wood cellulose in the filling and fabric<\/li>\n<li>Optimum moisture management thanks to Nanofibrill technology<\/li>\n<li>Dermatologically tested, ideal for sensitive skin<\/li>\n<li>Maximum comfort even with heavy perspiration<\/li>\n<li>No chance for bacteria<\/li>\n<\/ul>\n<p>The ideal comforter for winter. Filling weight 535 grams per square meter. Suitable for house dust allergy sufferers!<br \/>\nThe KlimaControl Comfort winter comforter from HEFEL has won three awards:<\/p>\n<ul>\n<li><span style=\"font-size: 16px\">Environmental Award of Austrian Industry<\/span><\/li>\n<li>European Environmental Award<\/li>\n<li>&#8220;Best Product&#8221; at the New York Home Textile Show<\/li>\n<\/ul>\n<h3>The product: KlimaControl Comfort summer comforter from <a href=\"https:\/\/linen.eu\/brand\/hefel\/\" data-prosemirror-content-type=\"mark\" data-prosemirror-mark-name=\"link\">HEFEL<\/a><\/h3>\n<p>Filling: 100 % HEFEL-Tencel<br \/>\nFabric: 100 % Tencel satin<br \/>\nWeight: 535 g\/m\u00b2<br \/>\nQuilting: With functional body quilting<br \/>\nColor: white<br \/>\nCare: 60 \u00b0C gentle wash, air dry<\/p>\n<h3>Tradition and <a href=\"https:\/\/linen.eu\/en\/magazine\/\" data-prosemirror-content-type=\"mark\" data-prosemirror-mark-name=\"link\">know-how make HEFEL an expert <\/a>in restful sleep<\/h3>\n<p>The tradition of an Austrian family business and at the same time the love of revolutionary innovations make HEFEL the leading manufacturer of sustainable bedding. Thanks to its vast experience, HEFEL knows exactly what is important in a first-class comforter. It all starts with the selection of high-quality materials for the fabric and filling.   Careful workmanship &#8211; in the right combination of traditional craftsmanship and modern production techniques &#8211; brings out the full qualities of the materials. HEFEL pays particular attention to body-hugging quilting &#8211; this gives the quilts their sophisticated shape. All these elements are precisely coordinated to ensure an optimum sleeping climate  <\/p>\n<h3>Innovations for the best sleeping comfort<\/h3>\n<p>Thanks to years of active commitment to research and development, HEFEL is now a leading international innovator in the bedding sector. The introduction of ultra-modern functional fibers such as TENCEL\u00ae or SeaCell-Active for bedding has repeatedly brought prestigious international awards.  The continuous development of innovative manufacturing techniques enables the production of unsurpassably fine fabrics and the fluffiest comforter fillings.<\/p>\n<h3>Quality from Austria<\/h3>\n<p>Today, as in the past, HEFEL bedding is manufactured 100% in Austria. This is just as much an integral part of the corporate culture as the employment of highly qualified specialists. They are often the second or third generation to work for HEFEL. With a great deal of experience, care and skill, they manufacture and test every single HEFEL comforter, piece by piece.   <\/p>\n","protected":false},"excerpt":{"rendered":"<p data-start=\"215\" data-end=\"543\">The <strong data-start=\"219\" data-end=\"261\">HEFEL KlimaControl Comfort winter comforter<\/strong> guarantees a perfect sleeping climate &#8211; even on cold nights and even with heavy perspiration. Filled and covered with <strong data-start=\"382\" data-end=\"399\">100% TENCEL\u00ae<\/strong>, a fiber made from pure wood cellulose, it ensures optimum <strong data-start=\"462\" data-end=\"490\">moisture regulation<\/strong> and a permanently dry, comfortably warm feeling. The <strong data-start=\"549\" data-end=\"569\">BodyFit quilting<\/strong> adapts perfectly to the body and provides cozy warmth without weighing you down. Particularly <strong data-start=\"661\" data-end=\"679\">skin-friendly<\/strong>, <strong data-start=\"681\" data-end=\"697\">breathable<\/strong> and <strong data-start=\"702\" data-end=\"724\">suitable for allergy sufferers<\/strong>.   <\/p>\n","protected":false},"featured_media":57549,"comment_status":"open","ping_status":"closed","template":"","meta":{"_acf_changed":false},"product_brand":[4782,4788],"product_cat":[3728,3748,4472,4009],"product_tag":[3939,4473],"class_list":{"0":"post-136447","1":"product","2":"type-product","3":"status-publish","4":"has-post-thumbnail","6":"product_brand-hefel","7":"product_brand-hefel-winter-duvet","8":"product_cat-bedroom","9":"product_cat-product","10":"product_cat-winter-duvet","11":"product_cat-duvets","12":"product_tag-climate-regulation","13":"product_tag-winter","15":"first","16":"instock","17":"taxable","18":"shipping-taxable","19":"purchasable","20":"product-type-variable"},"acf":[],"yoast_head":"<!-- This site is optimized with the Yoast SEO Premium plugin v27.3 (Yoast SEO v27.3) - https:\/\/yoast.com\/product\/yoast-seo-premium-wordpress\/ -->\n<title>KlimaControl Comfort winter comforter from HEFEL - Linen.eu<\/title>\n<meta name=\"description\" content=\"KlimaControl Comfort winter comforter from HEFEL \u2713 Dry sleeping climate and healthy rest \u2713 Quality Made in Austria. \u2764 Order conveniently online now\" \/>\n<meta name=\"robots\" content=\"index, follow, max-snippet:-1, max-image-preview:large, max-video-preview:-1\" \/>\n<link rel=\"canonical\" href=\"https:\/\/linen.eu\/en\/produkt\/klimacontrol-comfort-winter-comforter-from-hefel\/\" \/>\n<meta property=\"og:locale\" content=\"en_US\" \/>\n<meta property=\"og:type\" content=\"article\" \/>\n<meta property=\"og:title\" content=\"KlimaControl Comfort winter comforter from HEFEL\" \/>\n<meta property=\"og:description\" content=\"KlimaControl Comfort winter comforter from HEFEL \u2713 Dry sleeping climate and healthy rest \u2713 Quality Made in Austria. \u2764 Order conveniently online now\" \/>\n<meta property=\"og:url\" content=\"https:\/\/linen.eu\/en\/produkt\/klimacontrol-comfort-winter-comforter-from-hefel\/\" \/>\n<meta property=\"og:site_name\" content=\"Linen.eu\" \/>\n<meta property=\"article:publisher\" content=\"https:\/\/linen.eu\" \/>\n<meta property=\"article:modified_time\" content=\"2026-04-11T22:08:35+00:00\" \/>\n<meta property=\"og:image\" content=\"https:\/\/linen.eu\/wp-content\/uploads\/2025\/07\/HEFEL_KlimaControl_Comfort_Image3.webp\" \/>\n\t<meta property=\"og:image:width\" content=\"1600\" \/>\n\t<meta property=\"og:image:height\" content=\"1200\" \/>\n\t<meta property=\"og:image:type\" content=\"image\/webp\" \/>\n<meta name=\"twitter:card\" content=\"summary_large_image\" \/>\n<meta name=\"twitter:site\" content=\"@linenlounge\" \/>\n<meta name=\"twitter:label1\" content=\"Availability\" \/>\n\t<meta name=\"twitter:data1\" content=\"In stock\" \/>\n<script type=\"application\/ld+json\" class=\"yoast-schema-graph\">{\"@context\":\"https:\\\/\\\/schema.org\",\"@graph\":[{\"@type\":\"WebPage\",\"@id\":\"https:\\\/\\\/linen.eu\\\/en\\\/produkt\\\/klimacontrol-comfort-winter-comforter-from-hefel\\\/\",\"url\":\"https:\\\/\\\/linen.eu\\\/en\\\/produkt\\\/klimacontrol-comfort-winter-comforter-from-hefel\\\/\",\"name\":\"KlimaControl Comfort winter comforter from HEFEL - Linen.eu\",\"isPartOf\":{\"@id\":\"https:\\\/\\\/linen.eu\\\/en\\\/#website\"},\"primaryImageOfPage\":{\"@id\":\"https:\\\/\\\/linen.eu\\\/en\\\/produkt\\\/klimacontrol-comfort-winter-comforter-from-hefel\\\/#primaryimage\"},\"image\":{\"@id\":\"https:\\\/\\\/linen.eu\\\/en\\\/produkt\\\/klimacontrol-comfort-winter-comforter-from-hefel\\\/#primaryimage\"},\"thumbnailUrl\":\"https:\\\/\\\/linen.eu\\\/wp-content\\\/uploads\\\/2025\\\/07\\\/HEFEL_KlimaControl_Comfort_Image3.webp\",\"datePublished\":\"2025-07-17T13:24:02+00:00\",\"dateModified\":\"2026-04-11T22:08:35+00:00\",\"description\":\"KlimaControl Comfort winter comforter from HEFEL \u2713 Dry sleeping climate and healthy rest \u2713 Quality Made in Austria. \u2764 Order conveniently online now\",\"breadcrumb\":{\"@id\":\"https:\\\/\\\/linen.eu\\\/en\\\/produkt\\\/klimacontrol-comfort-winter-comforter-from-hefel\\\/#breadcrumb\"},\"inLanguage\":\"en-US\",\"potentialAction\":[{\"@type\":\"ReadAction\",\"target\":[\"https:\\\/\\\/linen.eu\\\/en\\\/produkt\\\/klimacontrol-comfort-winter-comforter-from-hefel\\\/\"]}]},{\"@type\":\"ImageObject\",\"inLanguage\":\"en-US\",\"@id\":\"https:\\\/\\\/linen.eu\\\/en\\\/produkt\\\/klimacontrol-comfort-winter-comforter-from-hefel\\\/#primaryimage\",\"url\":\"https:\\\/\\\/linen.eu\\\/wp-content\\\/uploads\\\/2025\\\/07\\\/HEFEL_KlimaControl_Comfort_Image3.webp\",\"contentUrl\":\"https:\\\/\\\/linen.eu\\\/wp-content\\\/uploads\\\/2025\\\/07\\\/HEFEL_KlimaControl_Comfort_Image3.webp\",\"width\":1600,\"height\":1200,\"caption\":\"Ein gem\u00fctliches Wohnzimmer mit einem modernen Kamin, einem blauen Hocker mit der KlimaControl Comfort Winterdecke von HEFEL, einem wei\u00dfen Kissen auf einem braunen Stuhl und einer weichen Decke auf einem geometrisch gemusterten Teppich.\"},{\"@type\":\"BreadcrumbList\",\"@id\":\"https:\\\/\\\/linen.eu\\\/en\\\/produkt\\\/klimacontrol-comfort-winter-comforter-from-hefel\\\/#breadcrumb\",\"itemListElement\":[{\"@type\":\"ListItem\",\"position\":1,\"name\":\"Startseite\",\"item\":\"https:\\\/\\\/linen.eu\\\/en\\\/home\\\/\"},{\"@type\":\"ListItem\",\"position\":2,\"name\":\"Shop\",\"item\":\"https:\\\/\\\/linen.eu\\\/en\\\/shop\\\/\"},{\"@type\":\"ListItem\",\"position\":3,\"name\":\"KlimaControl Comfort winter comforter from HEFEL\"}]},{\"@type\":\"WebSite\",\"@id\":\"https:\\\/\\\/linen.eu\\\/en\\\/#website\",\"url\":\"https:\\\/\\\/linen.eu\\\/en\\\/\",\"name\":\"Linen.eu\",\"description\":\"\",\"publisher\":{\"@id\":\"https:\\\/\\\/linen.eu\\\/en\\\/#organization\"},\"potentialAction\":[{\"@type\":\"SearchAction\",\"target\":{\"@type\":\"EntryPoint\",\"urlTemplate\":\"https:\\\/\\\/linen.eu\\\/en\\\/?s={search_term_string}\"},\"query-input\":{\"@type\":\"PropertyValueSpecification\",\"valueRequired\":true,\"valueName\":\"search_term_string\"}}],\"inLanguage\":\"en-US\"},{\"@type\":\"Organization\",\"@id\":\"https:\\\/\\\/linen.eu\\\/en\\\/#organization\",\"name\":\"Linen Lounge\",\"alternateName\":\"linen.eu\",\"url\":\"https:\\\/\\\/linen.eu\\\/en\\\/\",\"logo\":{\"@type\":\"ImageObject\",\"inLanguage\":\"en-US\",\"@id\":\"https:\\\/\\\/linen.eu\\\/en\\\/#\\\/schema\\\/logo\\\/image\\\/\",\"url\":\"https:\\\/\\\/linen.eu\\\/wp-content\\\/uploads\\\/2025\\\/10\\\/LinenLounge-NEU2.webp\",\"contentUrl\":\"https:\\\/\\\/linen.eu\\\/wp-content\\\/uploads\\\/2025\\\/10\\\/LinenLounge-NEU2.webp\",\"width\":1800,\"height\":455,\"caption\":\"Linen Lounge\"},\"image\":{\"@id\":\"https:\\\/\\\/linen.eu\\\/en\\\/#\\\/schema\\\/logo\\\/image\\\/\"},\"sameAs\":[\"https:\\\/\\\/linen.eu\",\"https:\\\/\\\/x.com\\\/linenlounge\",\"https:\\\/\\\/www.instagram.com\\\/linen.lounge?igsh=MW81aGhiY2VxZGRpMw==&utm_source=qr\",\"http:\\\/\\\/www.youtube.com\\\/@Linenlounge\"],\"description\":\"Online Fachhandel f\u00fcr europ\u00e4ische Leinen-Bettw\u00e4sche und Heimtextilien aus traditionellen Webereien wie Leitner Leinen, Schlitzer Leinen, Libeco, Vieb\u00f6ck und Hoffmann.\",\"email\":\"info@linen.eu\",\"telephone\":\"+49 (0) 69 90738860\",\"legalName\":\"Linen UG (haftungsbeschr\u00e4nkt)\",\"foundingDate\":\"2015-04-08\",\"numberOfEmployees\":{\"@type\":\"QuantitativeValue\",\"minValue\":\"1\",\"maxValue\":\"10\"}}]}<\/script>\n<meta property=\"product:brand\" content=\"HEFEL Premium Bedding \u2013 The Real Fabric from Austria\" \/>\n<meta property=\"og:availability\" content=\"instock\" \/>\n<meta property=\"product:availability\" content=\"instock\" \/>\n<meta property=\"product:retailer_item_id\" content=\"114303650010\" \/>\n<meta property=\"product:condition\" content=\"new\" \/>\n<!-- \/ Yoast SEO Premium plugin. -->","yoast_head_json":{"title":"KlimaControl Comfort winter comforter from HEFEL - Linen.eu","description":"KlimaControl Comfort winter comforter from HEFEL \u2713 Dry sleeping climate and healthy rest \u2713 Quality Made in Austria. \u2764 Order conveniently online now","robots":{"index":"index","follow":"follow","max-snippet":"max-snippet:-1","max-image-preview":"max-image-preview:large","max-video-preview":"max-video-preview:-1"},"canonical":"https:\/\/linen.eu\/en\/produkt\/klimacontrol-comfort-winter-comforter-from-hefel\/","og_locale":"en_US","og_type":"article","og_title":"KlimaControl Comfort winter comforter from HEFEL","og_description":"KlimaControl Comfort winter comforter from HEFEL \u2713 Dry sleeping climate and healthy rest \u2713 Quality Made in Austria. \u2764 Order conveniently online now","og_url":"https:\/\/linen.eu\/en\/produkt\/klimacontrol-comfort-winter-comforter-from-hefel\/","og_site_name":"Linen.eu","article_publisher":"https:\/\/linen.eu","article_modified_time":"2026-04-11T22:08:35+00:00","og_image":[{"width":1600,"height":1200,"url":"https:\/\/linen.eu\/wp-content\/uploads\/2025\/07\/HEFEL_KlimaControl_Comfort_Image3.webp","type":"image\/webp"}],"twitter_card":"summary_large_image","twitter_site":"@linenlounge","twitter_misc":{"Availability":"In stock"},"schema":{"@context":"https:\/\/schema.org","@graph":[{"@type":"WebPage","@id":"https:\/\/linen.eu\/en\/produkt\/klimacontrol-comfort-winter-comforter-from-hefel\/","url":"https:\/\/linen.eu\/en\/produkt\/klimacontrol-comfort-winter-comforter-from-hefel\/","name":"KlimaControl Comfort winter comforter from HEFEL - Linen.eu","isPartOf":{"@id":"https:\/\/linen.eu\/en\/#website"},"primaryImageOfPage":{"@id":"https:\/\/linen.eu\/en\/produkt\/klimacontrol-comfort-winter-comforter-from-hefel\/#primaryimage"},"image":{"@id":"https:\/\/linen.eu\/en\/produkt\/klimacontrol-comfort-winter-comforter-from-hefel\/#primaryimage"},"thumbnailUrl":"https:\/\/linen.eu\/wp-content\/uploads\/2025\/07\/HEFEL_KlimaControl_Comfort_Image3.webp","datePublished":"2025-07-17T13:24:02+00:00","dateModified":"2026-04-11T22:08:35+00:00","description":"KlimaControl Comfort winter comforter from HEFEL \u2713 Dry sleeping climate and healthy rest \u2713 Quality Made in Austria. \u2764 Order conveniently online now","breadcrumb":{"@id":"https:\/\/linen.eu\/en\/produkt\/klimacontrol-comfort-winter-comforter-from-hefel\/#breadcrumb"},"inLanguage":"en-US","potentialAction":[{"@type":"ReadAction","target":["https:\/\/linen.eu\/en\/produkt\/klimacontrol-comfort-winter-comforter-from-hefel\/"]}]},{"@type":"ImageObject","inLanguage":"en-US","@id":"https:\/\/linen.eu\/en\/produkt\/klimacontrol-comfort-winter-comforter-from-hefel\/#primaryimage","url":"https:\/\/linen.eu\/wp-content\/uploads\/2025\/07\/HEFEL_KlimaControl_Comfort_Image3.webp","contentUrl":"https:\/\/linen.eu\/wp-content\/uploads\/2025\/07\/HEFEL_KlimaControl_Comfort_Image3.webp","width":1600,"height":1200,"caption":"Ein gem\u00fctliches Wohnzimmer mit einem modernen Kamin, einem blauen Hocker mit der KlimaControl Comfort Winterdecke von HEFEL, einem wei\u00dfen Kissen auf einem braunen Stuhl und einer weichen Decke auf einem geometrisch gemusterten Teppich."},{"@type":"BreadcrumbList","@id":"https:\/\/linen.eu\/en\/produkt\/klimacontrol-comfort-winter-comforter-from-hefel\/#breadcrumb","itemListElement":[{"@type":"ListItem","position":1,"name":"Startseite","item":"https:\/\/linen.eu\/en\/home\/"},{"@type":"ListItem","position":2,"name":"Shop","item":"https:\/\/linen.eu\/en\/shop\/"},{"@type":"ListItem","position":3,"name":"KlimaControl Comfort winter comforter from HEFEL"}]},{"@type":"WebSite","@id":"https:\/\/linen.eu\/en\/#website","url":"https:\/\/linen.eu\/en\/","name":"Linen.eu","description":"","publisher":{"@id":"https:\/\/linen.eu\/en\/#organization"},"potentialAction":[{"@type":"SearchAction","target":{"@type":"EntryPoint","urlTemplate":"https:\/\/linen.eu\/en\/?s={search_term_string}"},"query-input":{"@type":"PropertyValueSpecification","valueRequired":true,"valueName":"search_term_string"}}],"inLanguage":"en-US"},{"@type":"Organization","@id":"https:\/\/linen.eu\/en\/#organization","name":"Linen Lounge","alternateName":"linen.eu","url":"https:\/\/linen.eu\/en\/","logo":{"@type":"ImageObject","inLanguage":"en-US","@id":"https:\/\/linen.eu\/en\/#\/schema\/logo\/image\/","url":"https:\/\/linen.eu\/wp-content\/uploads\/2025\/10\/LinenLounge-NEU2.webp","contentUrl":"https:\/\/linen.eu\/wp-content\/uploads\/2025\/10\/LinenLounge-NEU2.webp","width":1800,"height":455,"caption":"Linen Lounge"},"image":{"@id":"https:\/\/linen.eu\/en\/#\/schema\/logo\/image\/"},"sameAs":["https:\/\/linen.eu","https:\/\/x.com\/linenlounge","https:\/\/www.instagram.com\/linen.lounge?igsh=MW81aGhiY2VxZGRpMw==&utm_source=qr","http:\/\/www.youtube.com\/@Linenlounge"],"description":"Online Fachhandel f\u00fcr europ\u00e4ische Leinen-Bettw\u00e4sche und Heimtextilien aus traditionellen Webereien wie Leitner Leinen, Schlitzer Leinen, Libeco, Vieb\u00f6ck und Hoffmann.","email":"info@linen.eu","telephone":"+49 (0) 69 90738860","legalName":"Linen UG (haftungsbeschr\u00e4nkt)","foundingDate":"2015-04-08","numberOfEmployees":{"@type":"QuantitativeValue","minValue":"1","maxValue":"10"}}]},"product_brand":"HEFEL Premium Bedding \u2013 The Real Fabric from Austria","og_availability":"instock","product_availability":"instock","product_retailer_item_id":"114303650010","product_condition":"new"},"_links":{"self":[{"href":"https:\/\/linen.eu\/en\/wp-json\/wp\/v2\/product\/136447","targetHints":{"allow":["GET"]}}],"collection":[{"href":"https:\/\/linen.eu\/en\/wp-json\/wp\/v2\/product"}],"about":[{"href":"https:\/\/linen.eu\/en\/wp-json\/wp\/v2\/types\/product"}],"replies":[{"embeddable":true,"href":"https:\/\/linen.eu\/en\/wp-json\/wp\/v2\/comments?post=136447"}],"wp:featuredmedia":[{"embeddable":true,"href":"https:\/\/linen.eu\/en\/wp-json\/wp\/v2\/media\/57549"}],"wp:attachment":[{"href":"https:\/\/linen.eu\/en\/wp-json\/wp\/v2\/media?parent=136447"}],"wp:term":[{"taxonomy":"product_brand","embeddable":true,"href":"https:\/\/linen.eu\/en\/wp-json\/wp\/v2\/product_brand?post=136447"},{"taxonomy":"product_cat","embeddable":true,"href":"https:\/\/linen.eu\/en\/wp-json\/wp\/v2\/product_cat?post=136447"},{"taxonomy":"product_tag","embeddable":true,"href":"https:\/\/linen.eu\/en\/wp-json\/wp\/v2\/product_tag?post=136447"}],"curies":[{"name":"wp","href":"https:\/\/api.w.org\/{rel}","templated":true}]}}