{"id":136480,"date":"2025-07-17T15:22:51","date_gmt":"2025-07-17T13:22:51","guid":{"rendered":"https:\/\/linen.eu\/produkt\/celeste-linen-bed-sheet-from-geniksa\/"},"modified":"2026-03-28T22:08:51","modified_gmt":"2026-03-28T21:08:51","slug":"celeste-linen-bed-sheet-from-geniksa","status":"publish","type":"product","link":"https:\/\/linen.eu\/en\/produkt\/celeste-linen-bed-sheet-from-geniksa\/","title":{"rendered":"Celeste linen bed sheet from Geniksa"},"content":{"rendered":"<h2>&#8220;Celeste linen bed sheet from Geniksa&#8221;<\/h2>\n<p>Celeste linen bed sheet from Geniksa. The bed sheet is the part of the bed that has to withstand the most. That&#8217;s why Geniksa linen sheets are made of extra strong linen weighing 205 grams per square meter. The light blue pastel shade, which gives the Celeste linen bed linen from Geniksa its subtly beautiful color, seems to have been borrowed from a Monet painting. This bed linen immediately brightens up any bedroom and the famous qualities of the flax fiber ensure a pleasant and deep sleep. Just as it used to be, each Geniksa bed linen item has an embroidered logo, a pine branch. 100 percent best washed linen.      <\/p>\n<h3>European organic linen<\/h3>\n<p>Linen bed linen allows the skin to breathe better. When it comes to our skin, linen is the perfect fabric. Due to its long, smooth fibers, linen absorbs a lot of moisture and repels dirt.   Linen is an intelligent fabric because linen balances out temperatures. Linen ensures a pleasant coolness in summer and creates cozy warmth in winter. The long linen fibers ensure that linen bed linen stays fresh for much longer. The linen fabric has been treated purely mechanically and is therefore very soft and skin-friendly. Linen treated in this way creases less and retains the naturalness and all the advantages of linen. Geniksa is deeply committed to organic linen and to unconditional sustainability in all stages of production.      Geniksa linen bedding is certified according to Oeko Tex Standard 100.<\/p>\n<h3>The Weaving Mill<\/h3>\n<p>The simple, almost purist style that Geniksa displays in the production of its underwear is due to its love of nature, as pure linen actually proves itself through its visual presence and unmistakable feel. All Geniksa fabrics bear the coveted &#8220;Masters of Linen&#8221; label.  This guarantees that the fabrics have been tested to meet the extremely high requirements of this master class and that they are manufactured exclusively in Europe. &#8220;Eco Line&#8221; and &#8220;Oeko-Tex&#8221; give you the certainty that Geniksa fabrics are free of harmful substances and that they have not been treated, bleached or dyed with chemicals.<\/p>\n<h3>The product: Celeste linen bed sheet from <a href=\"https:\/\/linen.eu\/brand\/geniksa\/\">Geniksa<\/a><\/h3>\n<p>Celeste is available as a sheet, fitted sheet, comforter cover and pillowcase<br \/>\n100% washed linen. 205 g\/m\u00b2, CO\u2082 neutral production<br \/>\nThread count: Nm 26<br \/>\nColor: Light blue<br \/>\nMasters of Linen quality<br \/>\nWe manufacture the listed sizes in the specified delivery period. Other individual special sizes can be produced on request.<br \/>\nManufactured exclusively with flax from European cultivation and woven on the Baltic Sea.  <\/p>\n<h3>Care Instructions<\/h3>\n<p>Colored linen can be washed up to 60\u00b0, white up to 95\u00b0. As with all materials, linen will last longer if washed at a lower temperature. What linen does not tolerate are detergents with optical brighteners, they bleach out the natural colors and the fabric becomes light Wrinkling: Linen needs sufficient residual moisture so that it does not wrinkle so much. Do not overload the machine so that the fabric can move, do not spin linen too hard or for too long. If you want to iron linen, iron the items on the hot temperature setting of your iron when they are still a little damp.    <\/p>\n","protected":false},"excerpt":{"rendered":"<p><strong>Celeste linen bed sheet from Geniksa<\/strong><br \/>\nAs soft as a pastel painting: the <strong>Celeste linen bed sheet<\/strong> in delicate light blue brings a fresh lightness to the bedroom. Made from extra strong linen (205 g\/m\u00b2), it impresses with its durable quality, breathable structure and natural climate function. 100% European organic linen, CO\u2082-neutral woven on the Baltic Sea, Oeko-Tex certified. Elegant, timeless and skin-friendly &#8211; a sheet for generations.   <\/p>\n","protected":false},"featured_media":136491,"comment_status":"open","ping_status":"closed","template":"","meta":{"_acf_changed":false},"product_brand":[4776,4778],"product_cat":[3482,3728],"product_tag":[4192,3641],"class_list":{"0":"post-136480","1":"product","2":"type-product","3":"status-publish","4":"has-post-thumbnail","6":"product_brand-geniksa-home-linen","7":"product_brand-geniksa-bed-sheets","8":"product_cat-linen-bed-sheets","9":"product_cat-bedroom","10":"product_tag-bed-sheets","11":"product_tag-linen","13":"first","14":"instock","15":"taxable","16":"shipping-taxable","17":"purchasable","18":"product-type-variable"},"acf":[],"yoast_head":"<!-- This site is optimized with the Yoast SEO Premium plugin v27.3 (Yoast SEO v27.3) - https:\/\/yoast.com\/product\/yoast-seo-premium-wordpress\/ -->\n<title>Celeste linen bed sheet from Geniksa - Linen.eu<\/title>\n<meta name=\"description\" content=\"Celeste linen bed sheet from Geniksa \u271a Cool, clear design \u271aTraditional linen weaving from the Baltic Sea \u27a4 Buy online now\" \/>\n<meta name=\"robots\" content=\"index, follow, max-snippet:-1, max-image-preview:large, max-video-preview:-1\" \/>\n<link rel=\"canonical\" href=\"https:\/\/linen.eu\/en\/produkt\/celeste-linen-bed-sheet-from-geniksa\/\" \/>\n<meta property=\"og:locale\" content=\"en_US\" \/>\n<meta property=\"og:type\" content=\"article\" \/>\n<meta property=\"og:title\" content=\"Celeste linen bed sheet from Geniksa\" \/>\n<meta property=\"og:description\" content=\"Celeste linen bed sheet from Geniksa \u271a Cool, clear design \u271aTraditional linen weaving from the Baltic Sea \u27a4 Buy online now\" \/>\n<meta property=\"og:url\" content=\"https:\/\/linen.eu\/en\/produkt\/celeste-linen-bed-sheet-from-geniksa\/\" \/>\n<meta property=\"og:site_name\" content=\"Linen.eu\" \/>\n<meta property=\"article:publisher\" content=\"https:\/\/linen.eu\" \/>\n<meta property=\"article:modified_time\" content=\"2026-03-28T21:08:51+00:00\" \/>\n<meta property=\"og:image\" content=\"https:\/\/linen.eu\/wp-content\/uploads\/2025\/07\/Celeste-Flat-Sheet-WEB.jpg\" \/>\n\t<meta property=\"og:image:width\" content=\"2048\" \/>\n\t<meta property=\"og:image:height\" content=\"1365\" \/>\n\t<meta property=\"og:image:type\" content=\"image\/jpeg\" \/>\n<meta name=\"twitter:card\" content=\"summary_large_image\" \/>\n<meta name=\"twitter:site\" content=\"@linenlounge\" \/>\n<meta name=\"twitter:label1\" content=\"Availability\" \/>\n\t<meta name=\"twitter:data1\" content=\"In stock\" \/>\n<script type=\"application\/ld+json\" class=\"yoast-schema-graph\">{\"@context\":\"https:\\\/\\\/schema.org\",\"@graph\":[{\"@type\":\"WebPage\",\"@id\":\"https:\\\/\\\/linen.eu\\\/en\\\/produkt\\\/celeste-linen-bed-sheet-from-geniksa\\\/\",\"url\":\"https:\\\/\\\/linen.eu\\\/en\\\/produkt\\\/celeste-linen-bed-sheet-from-geniksa\\\/\",\"name\":\"Celeste linen bed sheet from Geniksa - Linen.eu\",\"isPartOf\":{\"@id\":\"https:\\\/\\\/linen.eu\\\/en\\\/#website\"},\"primaryImageOfPage\":{\"@id\":\"https:\\\/\\\/linen.eu\\\/en\\\/produkt\\\/celeste-linen-bed-sheet-from-geniksa\\\/#primaryimage\"},\"image\":{\"@id\":\"https:\\\/\\\/linen.eu\\\/en\\\/produkt\\\/celeste-linen-bed-sheet-from-geniksa\\\/#primaryimage\"},\"thumbnailUrl\":\"https:\\\/\\\/linen.eu\\\/wp-content\\\/uploads\\\/2025\\\/07\\\/Celeste-Flat-Sheet-WEB.jpg\",\"datePublished\":\"2025-07-17T13:22:51+00:00\",\"dateModified\":\"2026-03-28T21:08:51+00:00\",\"description\":\"Celeste linen bed sheet from Geniksa \u271a Cool, clear design \u271aTraditional linen weaving from the Baltic Sea \u27a4 Buy online now\",\"breadcrumb\":{\"@id\":\"https:\\\/\\\/linen.eu\\\/en\\\/produkt\\\/celeste-linen-bed-sheet-from-geniksa\\\/#breadcrumb\"},\"inLanguage\":\"en-US\",\"potentialAction\":[{\"@type\":\"ReadAction\",\"target\":[\"https:\\\/\\\/linen.eu\\\/en\\\/produkt\\\/celeste-linen-bed-sheet-from-geniksa\\\/\"]}]},{\"@type\":\"ImageObject\",\"inLanguage\":\"en-US\",\"@id\":\"https:\\\/\\\/linen.eu\\\/en\\\/produkt\\\/celeste-linen-bed-sheet-from-geniksa\\\/#primaryimage\",\"url\":\"https:\\\/\\\/linen.eu\\\/wp-content\\\/uploads\\\/2025\\\/07\\\/Celeste-Flat-Sheet-WEB.jpg\",\"contentUrl\":\"https:\\\/\\\/linen.eu\\\/wp-content\\\/uploads\\\/2025\\\/07\\\/Celeste-Flat-Sheet-WEB.jpg\",\"width\":2048,\"height\":1365,\"caption\":\"A folded Celeste linen bed sheet from Geniksa is shown on a white background, with light blue fabric and a partially folded corner.\"},{\"@type\":\"BreadcrumbList\",\"@id\":\"https:\\\/\\\/linen.eu\\\/en\\\/produkt\\\/celeste-linen-bed-sheet-from-geniksa\\\/#breadcrumb\",\"itemListElement\":[{\"@type\":\"ListItem\",\"position\":1,\"name\":\"Startseite\",\"item\":\"https:\\\/\\\/linen.eu\\\/en\\\/home\\\/\"},{\"@type\":\"ListItem\",\"position\":2,\"name\":\"Shop\",\"item\":\"https:\\\/\\\/linen.eu\\\/en\\\/shop\\\/\"},{\"@type\":\"ListItem\",\"position\":3,\"name\":\"Celeste linen bed sheet from Geniksa\"}]},{\"@type\":\"WebSite\",\"@id\":\"https:\\\/\\\/linen.eu\\\/en\\\/#website\",\"url\":\"https:\\\/\\\/linen.eu\\\/en\\\/\",\"name\":\"Linen.eu\",\"description\":\"\",\"publisher\":{\"@id\":\"https:\\\/\\\/linen.eu\\\/en\\\/#organization\"},\"potentialAction\":[{\"@type\":\"SearchAction\",\"target\":{\"@type\":\"EntryPoint\",\"urlTemplate\":\"https:\\\/\\\/linen.eu\\\/en\\\/?s={search_term_string}\"},\"query-input\":{\"@type\":\"PropertyValueSpecification\",\"valueRequired\":true,\"valueName\":\"search_term_string\"}}],\"inLanguage\":\"en-US\"},{\"@type\":\"Organization\",\"@id\":\"https:\\\/\\\/linen.eu\\\/en\\\/#organization\",\"name\":\"Linen Lounge\",\"alternateName\":\"linen.eu\",\"url\":\"https:\\\/\\\/linen.eu\\\/en\\\/\",\"logo\":{\"@type\":\"ImageObject\",\"inLanguage\":\"en-US\",\"@id\":\"https:\\\/\\\/linen.eu\\\/en\\\/#\\\/schema\\\/logo\\\/image\\\/\",\"url\":\"https:\\\/\\\/linen.eu\\\/wp-content\\\/uploads\\\/2025\\\/10\\\/LinenLounge-NEU2.webp\",\"contentUrl\":\"https:\\\/\\\/linen.eu\\\/wp-content\\\/uploads\\\/2025\\\/10\\\/LinenLounge-NEU2.webp\",\"width\":1800,\"height\":455,\"caption\":\"Linen Lounge\"},\"image\":{\"@id\":\"https:\\\/\\\/linen.eu\\\/en\\\/#\\\/schema\\\/logo\\\/image\\\/\"},\"sameAs\":[\"https:\\\/\\\/linen.eu\",\"https:\\\/\\\/x.com\\\/linenlounge\",\"https:\\\/\\\/www.instagram.com\\\/linen.lounge?igsh=MW81aGhiY2VxZGRpMw==&utm_source=qr\",\"http:\\\/\\\/www.youtube.com\\\/@Linenlounge\"],\"description\":\"Online Fachhandel f\u00fcr europ\u00e4ische Leinen-Bettw\u00e4sche und Heimtextilien aus traditionellen Webereien wie Leitner Leinen, Schlitzer Leinen, Libeco, Vieb\u00f6ck und Hoffmann.\",\"email\":\"info@linen.eu\",\"telephone\":\"+49 (0) 69 90738860\",\"legalName\":\"Linen UG (haftungsbeschr\u00e4nkt)\",\"foundingDate\":\"2015-04-08\",\"numberOfEmployees\":{\"@type\":\"QuantitativeValue\",\"minValue\":\"1\",\"maxValue\":\"10\"}}]}<\/script>\n<meta property=\"product:brand\" content=\"Geniksa - Nordish by Nature\" \/>\n<meta property=\"og:availability\" content=\"instock\" \/>\n<meta property=\"product:availability\" content=\"instock\" \/>\n<meta property=\"product:retailer_item_id\" content=\"110101510618\" \/>\n<meta property=\"product:condition\" content=\"new\" \/>\n<!-- \/ Yoast SEO Premium plugin. -->","yoast_head_json":{"title":"Celeste linen bed sheet from Geniksa - Linen.eu","description":"Celeste linen bed sheet from Geniksa \u271a Cool, clear design \u271aTraditional linen weaving from the Baltic Sea \u27a4 Buy online now","robots":{"index":"index","follow":"follow","max-snippet":"max-snippet:-1","max-image-preview":"max-image-preview:large","max-video-preview":"max-video-preview:-1"},"canonical":"https:\/\/linen.eu\/en\/produkt\/celeste-linen-bed-sheet-from-geniksa\/","og_locale":"en_US","og_type":"article","og_title":"Celeste linen bed sheet from Geniksa","og_description":"Celeste linen bed sheet from Geniksa \u271a Cool, clear design \u271aTraditional linen weaving from the Baltic Sea \u27a4 Buy online now","og_url":"https:\/\/linen.eu\/en\/produkt\/celeste-linen-bed-sheet-from-geniksa\/","og_site_name":"Linen.eu","article_publisher":"https:\/\/linen.eu","article_modified_time":"2026-03-28T21:08:51+00:00","og_image":[{"width":2048,"height":1365,"url":"https:\/\/linen.eu\/wp-content\/uploads\/2025\/07\/Celeste-Flat-Sheet-WEB.jpg","type":"image\/jpeg"}],"twitter_card":"summary_large_image","twitter_site":"@linenlounge","twitter_misc":{"Availability":"In stock"},"schema":{"@context":"https:\/\/schema.org","@graph":[{"@type":"WebPage","@id":"https:\/\/linen.eu\/en\/produkt\/celeste-linen-bed-sheet-from-geniksa\/","url":"https:\/\/linen.eu\/en\/produkt\/celeste-linen-bed-sheet-from-geniksa\/","name":"Celeste linen bed sheet from Geniksa - Linen.eu","isPartOf":{"@id":"https:\/\/linen.eu\/en\/#website"},"primaryImageOfPage":{"@id":"https:\/\/linen.eu\/en\/produkt\/celeste-linen-bed-sheet-from-geniksa\/#primaryimage"},"image":{"@id":"https:\/\/linen.eu\/en\/produkt\/celeste-linen-bed-sheet-from-geniksa\/#primaryimage"},"thumbnailUrl":"https:\/\/linen.eu\/wp-content\/uploads\/2025\/07\/Celeste-Flat-Sheet-WEB.jpg","datePublished":"2025-07-17T13:22:51+00:00","dateModified":"2026-03-28T21:08:51+00:00","description":"Celeste linen bed sheet from Geniksa \u271a Cool, clear design \u271aTraditional linen weaving from the Baltic Sea \u27a4 Buy online now","breadcrumb":{"@id":"https:\/\/linen.eu\/en\/produkt\/celeste-linen-bed-sheet-from-geniksa\/#breadcrumb"},"inLanguage":"en-US","potentialAction":[{"@type":"ReadAction","target":["https:\/\/linen.eu\/en\/produkt\/celeste-linen-bed-sheet-from-geniksa\/"]}]},{"@type":"ImageObject","inLanguage":"en-US","@id":"https:\/\/linen.eu\/en\/produkt\/celeste-linen-bed-sheet-from-geniksa\/#primaryimage","url":"https:\/\/linen.eu\/wp-content\/uploads\/2025\/07\/Celeste-Flat-Sheet-WEB.jpg","contentUrl":"https:\/\/linen.eu\/wp-content\/uploads\/2025\/07\/Celeste-Flat-Sheet-WEB.jpg","width":2048,"height":1365,"caption":"A folded Celeste linen bed sheet from Geniksa is shown on a white background, with light blue fabric and a partially folded corner."},{"@type":"BreadcrumbList","@id":"https:\/\/linen.eu\/en\/produkt\/celeste-linen-bed-sheet-from-geniksa\/#breadcrumb","itemListElement":[{"@type":"ListItem","position":1,"name":"Startseite","item":"https:\/\/linen.eu\/en\/home\/"},{"@type":"ListItem","position":2,"name":"Shop","item":"https:\/\/linen.eu\/en\/shop\/"},{"@type":"ListItem","position":3,"name":"Celeste linen bed sheet from Geniksa"}]},{"@type":"WebSite","@id":"https:\/\/linen.eu\/en\/#website","url":"https:\/\/linen.eu\/en\/","name":"Linen.eu","description":"","publisher":{"@id":"https:\/\/linen.eu\/en\/#organization"},"potentialAction":[{"@type":"SearchAction","target":{"@type":"EntryPoint","urlTemplate":"https:\/\/linen.eu\/en\/?s={search_term_string}"},"query-input":{"@type":"PropertyValueSpecification","valueRequired":true,"valueName":"search_term_string"}}],"inLanguage":"en-US"},{"@type":"Organization","@id":"https:\/\/linen.eu\/en\/#organization","name":"Linen Lounge","alternateName":"linen.eu","url":"https:\/\/linen.eu\/en\/","logo":{"@type":"ImageObject","inLanguage":"en-US","@id":"https:\/\/linen.eu\/en\/#\/schema\/logo\/image\/","url":"https:\/\/linen.eu\/wp-content\/uploads\/2025\/10\/LinenLounge-NEU2.webp","contentUrl":"https:\/\/linen.eu\/wp-content\/uploads\/2025\/10\/LinenLounge-NEU2.webp","width":1800,"height":455,"caption":"Linen Lounge"},"image":{"@id":"https:\/\/linen.eu\/en\/#\/schema\/logo\/image\/"},"sameAs":["https:\/\/linen.eu","https:\/\/x.com\/linenlounge","https:\/\/www.instagram.com\/linen.lounge?igsh=MW81aGhiY2VxZGRpMw==&utm_source=qr","http:\/\/www.youtube.com\/@Linenlounge"],"description":"Online Fachhandel f\u00fcr europ\u00e4ische Leinen-Bettw\u00e4sche und Heimtextilien aus traditionellen Webereien wie Leitner Leinen, Schlitzer Leinen, Libeco, Vieb\u00f6ck und Hoffmann.","email":"info@linen.eu","telephone":"+49 (0) 69 90738860","legalName":"Linen UG (haftungsbeschr\u00e4nkt)","foundingDate":"2015-04-08","numberOfEmployees":{"@type":"QuantitativeValue","minValue":"1","maxValue":"10"}}]},"product_brand":"Geniksa - Nordish by Nature","og_availability":"instock","product_availability":"instock","product_retailer_item_id":"110101510618","product_condition":"new"},"_links":{"self":[{"href":"https:\/\/linen.eu\/en\/wp-json\/wp\/v2\/product\/136480","targetHints":{"allow":["GET"]}}],"collection":[{"href":"https:\/\/linen.eu\/en\/wp-json\/wp\/v2\/product"}],"about":[{"href":"https:\/\/linen.eu\/en\/wp-json\/wp\/v2\/types\/product"}],"replies":[{"embeddable":true,"href":"https:\/\/linen.eu\/en\/wp-json\/wp\/v2\/comments?post=136480"}],"wp:featuredmedia":[{"embeddable":true,"href":"https:\/\/linen.eu\/en\/wp-json\/wp\/v2\/media\/136491"}],"wp:attachment":[{"href":"https:\/\/linen.eu\/en\/wp-json\/wp\/v2\/media?parent=136480"}],"wp:term":[{"taxonomy":"product_brand","embeddable":true,"href":"https:\/\/linen.eu\/en\/wp-json\/wp\/v2\/product_brand?post=136480"},{"taxonomy":"product_cat","embeddable":true,"href":"https:\/\/linen.eu\/en\/wp-json\/wp\/v2\/product_cat?post=136480"},{"taxonomy":"product_tag","embeddable":true,"href":"https:\/\/linen.eu\/en\/wp-json\/wp\/v2\/product_tag?post=136480"}],"curies":[{"name":"wp","href":"https:\/\/api.w.org\/{rel}","templated":true}]}}