{"id":136493,"date":"2025-07-17T15:24:38","date_gmt":"2025-07-17T13:24:38","guid":{"rendered":"https:\/\/linen.eu\/produkt\/how-fairtrade-works-klimacontrol-fair-winter-blanket-from-hefel\/"},"modified":"2026-04-13T11:10:02","modified_gmt":"2026-04-13T09:10:02","slug":"how-fairtrade-works-klimacontrol-fair-winter-blanket-from-hefel","status":"publish","type":"product","link":"https:\/\/linen.eu\/en\/produkt\/how-fairtrade-works-klimacontrol-fair-winter-blanket-from-hefel\/","title":{"rendered":"How FAIRTRADE works &#8211; KlimaControl Fair winter blanket from HEFEL"},"content":{"rendered":"<h2>&#8220;KlimaControl Fair winter comforter from HEFEL &#8220;<\/h2>\n<p>KlimaControl Fair winter comforter from HEFEL &#8211; HEFEL KlimaControl Fair bedding is a pure piece of nature. The fabric is cotton from guaranteed controlled sources. By purchasing products with the FAIRTRADE label you are making a valuable contribution to improving the living and working conditions of cotton farmers in developing countries.  <\/p>\n<p>HEFEL KlimaControl Fair comforters guarantee an ideal sleeping climate &#8211; especially for people with allergies. Even with heavy perspiration, the comforter always feels pleasantly dry. This is achieved by the perfect combination of 100% TENCEL\u00ae in the filling and fabric. The exceptional microstructure of TENCEL\u00ae transports more moisture and water vapor away from the body than any other fiber. A blessing for sensitive skin. Thanks to the BodyFit quilting, the comforter adapts to your body like a second skin and you sleep comfortably and restfully even when the room temperature fluctuates.     <\/p>\n<ul>\n<li>Finest FAIRTRADE certified cotton fabric<\/li>\n<li>Guaranteed controlled origin &#8211; FAIRTRADE producers receive fair prices so that they can invest in a sustainable future<\/li>\n<li>Optimum climate regulation thanks to TENCEL\u00ae high-tech organic filling<\/li>\n<li>100% natural fiber made from pure wood cellulose<\/li>\n<li>Dermatologically tested, ideal for sensitive skin<\/li>\n<li>Maximum comfort even with heavy perspiration<\/li>\n<li>No chance for bacteria<\/li>\n<\/ul>\n<p>The ideal comforter for the cold season. Filling weight 535 grams per square meter. Suitable for house dust allergy sufferers!  <\/p>\n<h3>The product: KlimaControl Fair winter comforter from <a href=\"https:\/\/linen.eu\/brand\/hefel\/\" data-prosemirror-content-type=\"mark\" data-prosemirror-mark-name=\"link\">HEFEL<\/a><\/h3>\n<p>Filling: 100 % HEFEL-Tencel<br \/>\nFabric: 100% FAIRTRADE certified cotton fabric<br \/>\nWeight: 535 g\/m\u00b2<br \/>\nQuilting: With functional body quilting<br \/>\nColor: white<br \/>\nCare: 60 \u00b0C gentle wash, air dry<\/p>\n<h3>Tradition and <a href=\"https:\/\/linen.eu\/en\/magazine\/\" data-prosemirror-content-type=\"mark\" data-prosemirror-mark-name=\"link\">know-how make HEFEL an expert <\/a>in restful sleep<\/h3>\n<p>The tradition of an Austrian family business and at the same time the love of revolutionary innovations make HEFEL the leading manufacturer of sustainable bedding. Thanks to its vast experience, HEFEL knows exactly what is important in a first-class comforter. It all starts with the selection of high-quality materials for the fabric and filling.   Careful workmanship &#8211; in the right combination of traditional craftsmanship and modern production techniques &#8211; brings out the full qualities of the materials. HEFEL pays particular attention to body-hugging quilting &#8211; this gives the quilts their sophisticated shape. All these elements are precisely coordinated to ensure an optimum sleeping climate  <\/p>\n<h3>Innovations for the best sleeping comfort<\/h3>\n<p>Thanks to years of active commitment to research and development, HEFEL is now a leading international innovator in the bedding sector. The introduction of ultra-modern functional fibers such as TENCEL\u00ae or SeaCell-Active for bedding has repeatedly brought prestigious international awards.  The continuous development of innovative manufacturing techniques enables the production of unsurpassably fine fabrics and the fluffiest comforter fillings.<\/p>\n<h3>Quality from Austria<\/h3>\n<p>Today, as in the past, HEFEL bedding is manufactured 100% in Austria. This is just as much an integral part of the corporate culture as the employment of highly qualified specialists. They are often the second or third generation to work for HEFEL. With a great deal of experience, care and skill, they manufacture and test every single HEFEL comforter, piece by piece.   <\/p>\n","protected":false},"excerpt":{"rendered":"<p>A piece of nature with responsibility &#8211; made from <strong data-start=\"96\" data-end=\"134\">FAIRTRADE-certified cotton<\/strong> and filled with <strong data-start=\"151\" data-end=\"168\">100% TENCEL\u00ae<\/strong>. This cozy, warm winter comforter offers perfect temperature and moisture regulation, even on cold nights. The breathable fabric ensures a pleasantly dry sleeping climate and maximum comfort. Ideal for sensitive skin and allergy sufferers &#8211; sustainable, fairly produced and made entirely in Austria.   <\/p>\n","protected":false},"featured_media":57549,"comment_status":"open","ping_status":"closed","template":"","meta":{"_acf_changed":false},"product_brand":[4782,4788],"product_cat":[3728,3748,4472,4009],"product_tag":[4473,4011],"class_list":{"0":"post-136493","1":"product","2":"type-product","3":"status-publish","4":"has-post-thumbnail","6":"product_brand-hefel","7":"product_brand-hefel-winter-duvet","8":"product_cat-bedroom","9":"product_cat-product","10":"product_cat-winter-duvet","11":"product_cat-duvets","12":"product_tag-winter","13":"product_tag-fairtrade","15":"first","16":"instock","17":"taxable","18":"shipping-taxable","19":"purchasable","20":"product-type-variable"},"acf":[],"yoast_head":"<!-- This site is optimized with the Yoast SEO Premium plugin v27.4 (Yoast SEO v27.4) - https:\/\/yoast.com\/product\/yoast-seo-premium-wordpress\/ -->\n<title>Fairtrade KlimaControl winter duvet \u2013 HEFEL - Linen.eu<\/title>\n<meta name=\"description\" content=\"KlimaControl Fair winter comforter from HEFEL \u2713 Dry sleeping climate and healthy rest \u2713 Quality Made in Austria. \u2764 Order conveniently online now\" \/>\n<meta name=\"robots\" content=\"index, follow, max-snippet:-1, max-image-preview:large, max-video-preview:-1\" \/>\n<link rel=\"canonical\" href=\"https:\/\/linen.eu\/en\/produkt\/how-fairtrade-works-klimacontrol-fair-winter-blanket-from-hefel\/\" \/>\n<meta property=\"og:locale\" content=\"en_US\" \/>\n<meta property=\"og:type\" content=\"article\" \/>\n<meta property=\"og:title\" content=\"How FAIRTRADE works - KlimaControl Fair winter blanket from HEFEL\" \/>\n<meta property=\"og:description\" content=\"KlimaControl Fair winter comforter from HEFEL \u2713 Dry sleeping climate and healthy rest \u2713 Quality Made in Austria. \u2764 Order conveniently online now\" \/>\n<meta property=\"og:url\" content=\"https:\/\/linen.eu\/en\/produkt\/how-fairtrade-works-klimacontrol-fair-winter-blanket-from-hefel\/\" \/>\n<meta property=\"og:site_name\" content=\"Linen.eu\" \/>\n<meta property=\"article:publisher\" content=\"https:\/\/linen.eu\" \/>\n<meta property=\"article:modified_time\" content=\"2026-04-13T09:10:02+00:00\" \/>\n<meta property=\"og:image\" content=\"https:\/\/linen.eu\/wp-content\/uploads\/2025\/07\/HEFEL_KlimaControl_Comfort_Image3.webp\" \/>\n\t<meta property=\"og:image:width\" content=\"1600\" \/>\n\t<meta property=\"og:image:height\" content=\"1200\" \/>\n\t<meta property=\"og:image:type\" content=\"image\/webp\" \/>\n<meta name=\"twitter:card\" content=\"summary_large_image\" \/>\n<meta name=\"twitter:site\" content=\"@linenlounge\" \/>\n<meta name=\"twitter:label1\" content=\"Availability\" \/>\n\t<meta name=\"twitter:data1\" content=\"In stock\" \/>\n<script type=\"application\/ld+json\" class=\"yoast-schema-graph\">{\"@context\":\"https:\\\/\\\/schema.org\",\"@graph\":[{\"@type\":\"WebPage\",\"@id\":\"https:\\\/\\\/linen.eu\\\/en\\\/produkt\\\/how-fairtrade-works-klimacontrol-fair-winter-blanket-from-hefel\\\/\",\"url\":\"https:\\\/\\\/linen.eu\\\/en\\\/produkt\\\/how-fairtrade-works-klimacontrol-fair-winter-blanket-from-hefel\\\/\",\"name\":\"Fairtrade KlimaControl winter duvet \u2013 HEFEL - Linen.eu\",\"isPartOf\":{\"@id\":\"https:\\\/\\\/linen.eu\\\/en\\\/#website\"},\"primaryImageOfPage\":{\"@id\":\"https:\\\/\\\/linen.eu\\\/en\\\/produkt\\\/how-fairtrade-works-klimacontrol-fair-winter-blanket-from-hefel\\\/#primaryimage\"},\"image\":{\"@id\":\"https:\\\/\\\/linen.eu\\\/en\\\/produkt\\\/how-fairtrade-works-klimacontrol-fair-winter-blanket-from-hefel\\\/#primaryimage\"},\"thumbnailUrl\":\"https:\\\/\\\/linen.eu\\\/wp-content\\\/uploads\\\/2025\\\/07\\\/HEFEL_KlimaControl_Comfort_Image3.webp\",\"datePublished\":\"2025-07-17T13:24:38+00:00\",\"dateModified\":\"2026-04-13T09:10:02+00:00\",\"description\":\"KlimaControl Fair winter comforter from HEFEL \u2713 Dry sleeping climate and healthy rest \u2713 Quality Made in Austria. \u2764 Order conveniently online now\",\"breadcrumb\":{\"@id\":\"https:\\\/\\\/linen.eu\\\/en\\\/produkt\\\/how-fairtrade-works-klimacontrol-fair-winter-blanket-from-hefel\\\/#breadcrumb\"},\"inLanguage\":\"en-US\",\"potentialAction\":[{\"@type\":\"ReadAction\",\"target\":[\"https:\\\/\\\/linen.eu\\\/en\\\/produkt\\\/how-fairtrade-works-klimacontrol-fair-winter-blanket-from-hefel\\\/\"]}]},{\"@type\":\"ImageObject\",\"inLanguage\":\"en-US\",\"@id\":\"https:\\\/\\\/linen.eu\\\/en\\\/produkt\\\/how-fairtrade-works-klimacontrol-fair-winter-blanket-from-hefel\\\/#primaryimage\",\"url\":\"https:\\\/\\\/linen.eu\\\/wp-content\\\/uploads\\\/2025\\\/07\\\/HEFEL_KlimaControl_Comfort_Image3.webp\",\"contentUrl\":\"https:\\\/\\\/linen.eu\\\/wp-content\\\/uploads\\\/2025\\\/07\\\/HEFEL_KlimaControl_Comfort_Image3.webp\",\"width\":1600,\"height\":1200,\"caption\":\"Ein gem\u00fctliches Wohnzimmer mit einem modernen Kamin, einem blauen Hocker mit der KlimaControl Comfort Winterdecke von HEFEL, einem wei\u00dfen Kissen auf einem braunen Stuhl und einer weichen Decke auf einem geometrisch gemusterten Teppich.\"},{\"@type\":\"BreadcrumbList\",\"@id\":\"https:\\\/\\\/linen.eu\\\/en\\\/produkt\\\/how-fairtrade-works-klimacontrol-fair-winter-blanket-from-hefel\\\/#breadcrumb\",\"itemListElement\":[{\"@type\":\"ListItem\",\"position\":1,\"name\":\"Startseite\",\"item\":\"https:\\\/\\\/linen.eu\\\/en\\\/home\\\/\"},{\"@type\":\"ListItem\",\"position\":2,\"name\":\"Shop\",\"item\":\"https:\\\/\\\/linen.eu\\\/en\\\/shop\\\/\"},{\"@type\":\"ListItem\",\"position\":3,\"name\":\"How FAIRTRADE works &#8211; KlimaControl Fair winter blanket from HEFEL\"}]},{\"@type\":\"WebSite\",\"@id\":\"https:\\\/\\\/linen.eu\\\/en\\\/#website\",\"url\":\"https:\\\/\\\/linen.eu\\\/en\\\/\",\"name\":\"Linen.eu\",\"description\":\"\",\"publisher\":{\"@id\":\"https:\\\/\\\/linen.eu\\\/en\\\/#organization\"},\"potentialAction\":[{\"@type\":\"SearchAction\",\"target\":{\"@type\":\"EntryPoint\",\"urlTemplate\":\"https:\\\/\\\/linen.eu\\\/en\\\/?s={search_term_string}\"},\"query-input\":{\"@type\":\"PropertyValueSpecification\",\"valueRequired\":true,\"valueName\":\"search_term_string\"}}],\"inLanguage\":\"en-US\"},{\"@type\":\"Organization\",\"@id\":\"https:\\\/\\\/linen.eu\\\/en\\\/#organization\",\"name\":\"Linen Lounge\",\"alternateName\":\"linen.eu\",\"url\":\"https:\\\/\\\/linen.eu\\\/en\\\/\",\"logo\":{\"@type\":\"ImageObject\",\"inLanguage\":\"en-US\",\"@id\":\"https:\\\/\\\/linen.eu\\\/en\\\/#\\\/schema\\\/logo\\\/image\\\/\",\"url\":\"https:\\\/\\\/linen.eu\\\/wp-content\\\/uploads\\\/2025\\\/10\\\/LinenLounge-NEU2.webp\",\"contentUrl\":\"https:\\\/\\\/linen.eu\\\/wp-content\\\/uploads\\\/2025\\\/10\\\/LinenLounge-NEU2.webp\",\"width\":1800,\"height\":455,\"caption\":\"Linen Lounge\"},\"image\":{\"@id\":\"https:\\\/\\\/linen.eu\\\/en\\\/#\\\/schema\\\/logo\\\/image\\\/\"},\"sameAs\":[\"https:\\\/\\\/linen.eu\",\"https:\\\/\\\/x.com\\\/linenlounge\",\"https:\\\/\\\/www.instagram.com\\\/linen.lounge?igsh=MW81aGhiY2VxZGRpMw==&utm_source=qr\",\"http:\\\/\\\/www.youtube.com\\\/@Linenlounge\"],\"description\":\"Online Fachhandel f\u00fcr europ\u00e4ische Leinen-Bettw\u00e4sche und Heimtextilien aus traditionellen Webereien wie Leitner Leinen, Schlitzer Leinen, Libeco, Vieb\u00f6ck und Hoffmann.\",\"email\":\"info@linen.eu\",\"telephone\":\"+49 (0) 69 90738860\",\"legalName\":\"Linen UG (haftungsbeschr\u00e4nkt)\",\"foundingDate\":\"2015-04-08\",\"numberOfEmployees\":{\"@type\":\"QuantitativeValue\",\"minValue\":\"1\",\"maxValue\":\"10\"}}]}<\/script>\n<meta property=\"product:brand\" content=\"HEFEL\" \/>\n<meta property=\"og:availability\" content=\"instock\" \/>\n<meta property=\"product:availability\" content=\"instock\" \/>\n<meta property=\"product:retailer_item_id\" content=\"114303650110\" \/>\n<meta property=\"product:condition\" content=\"new\" \/>\n<!-- \/ Yoast SEO Premium plugin. -->","yoast_head_json":{"title":"Fairtrade KlimaControl winter duvet \u2013 HEFEL - Linen.eu","description":"KlimaControl Fair winter comforter from HEFEL \u2713 Dry sleeping climate and healthy rest \u2713 Quality Made in Austria. \u2764 Order conveniently online now","robots":{"index":"index","follow":"follow","max-snippet":"max-snippet:-1","max-image-preview":"max-image-preview:large","max-video-preview":"max-video-preview:-1"},"canonical":"https:\/\/linen.eu\/en\/produkt\/how-fairtrade-works-klimacontrol-fair-winter-blanket-from-hefel\/","og_locale":"en_US","og_type":"article","og_title":"How FAIRTRADE works - KlimaControl Fair winter blanket from HEFEL","og_description":"KlimaControl Fair winter comforter from HEFEL \u2713 Dry sleeping climate and healthy rest \u2713 Quality Made in Austria. \u2764 Order conveniently online now","og_url":"https:\/\/linen.eu\/en\/produkt\/how-fairtrade-works-klimacontrol-fair-winter-blanket-from-hefel\/","og_site_name":"Linen.eu","article_publisher":"https:\/\/linen.eu","article_modified_time":"2026-04-13T09:10:02+00:00","og_image":[{"width":1600,"height":1200,"url":"https:\/\/linen.eu\/wp-content\/uploads\/2025\/07\/HEFEL_KlimaControl_Comfort_Image3.webp","type":"image\/webp"}],"twitter_card":"summary_large_image","twitter_site":"@linenlounge","twitter_misc":{"Availability":"In stock"},"schema":{"@context":"https:\/\/schema.org","@graph":[{"@type":"WebPage","@id":"https:\/\/linen.eu\/en\/produkt\/how-fairtrade-works-klimacontrol-fair-winter-blanket-from-hefel\/","url":"https:\/\/linen.eu\/en\/produkt\/how-fairtrade-works-klimacontrol-fair-winter-blanket-from-hefel\/","name":"Fairtrade KlimaControl winter duvet \u2013 HEFEL - Linen.eu","isPartOf":{"@id":"https:\/\/linen.eu\/en\/#website"},"primaryImageOfPage":{"@id":"https:\/\/linen.eu\/en\/produkt\/how-fairtrade-works-klimacontrol-fair-winter-blanket-from-hefel\/#primaryimage"},"image":{"@id":"https:\/\/linen.eu\/en\/produkt\/how-fairtrade-works-klimacontrol-fair-winter-blanket-from-hefel\/#primaryimage"},"thumbnailUrl":"https:\/\/linen.eu\/wp-content\/uploads\/2025\/07\/HEFEL_KlimaControl_Comfort_Image3.webp","datePublished":"2025-07-17T13:24:38+00:00","dateModified":"2026-04-13T09:10:02+00:00","description":"KlimaControl Fair winter comforter from HEFEL \u2713 Dry sleeping climate and healthy rest \u2713 Quality Made in Austria. \u2764 Order conveniently online now","breadcrumb":{"@id":"https:\/\/linen.eu\/en\/produkt\/how-fairtrade-works-klimacontrol-fair-winter-blanket-from-hefel\/#breadcrumb"},"inLanguage":"en-US","potentialAction":[{"@type":"ReadAction","target":["https:\/\/linen.eu\/en\/produkt\/how-fairtrade-works-klimacontrol-fair-winter-blanket-from-hefel\/"]}]},{"@type":"ImageObject","inLanguage":"en-US","@id":"https:\/\/linen.eu\/en\/produkt\/how-fairtrade-works-klimacontrol-fair-winter-blanket-from-hefel\/#primaryimage","url":"https:\/\/linen.eu\/wp-content\/uploads\/2025\/07\/HEFEL_KlimaControl_Comfort_Image3.webp","contentUrl":"https:\/\/linen.eu\/wp-content\/uploads\/2025\/07\/HEFEL_KlimaControl_Comfort_Image3.webp","width":1600,"height":1200,"caption":"Ein gem\u00fctliches Wohnzimmer mit einem modernen Kamin, einem blauen Hocker mit der KlimaControl Comfort Winterdecke von HEFEL, einem wei\u00dfen Kissen auf einem braunen Stuhl und einer weichen Decke auf einem geometrisch gemusterten Teppich."},{"@type":"BreadcrumbList","@id":"https:\/\/linen.eu\/en\/produkt\/how-fairtrade-works-klimacontrol-fair-winter-blanket-from-hefel\/#breadcrumb","itemListElement":[{"@type":"ListItem","position":1,"name":"Startseite","item":"https:\/\/linen.eu\/en\/home\/"},{"@type":"ListItem","position":2,"name":"Shop","item":"https:\/\/linen.eu\/en\/shop\/"},{"@type":"ListItem","position":3,"name":"How FAIRTRADE works &#8211; KlimaControl Fair winter blanket from HEFEL"}]},{"@type":"WebSite","@id":"https:\/\/linen.eu\/en\/#website","url":"https:\/\/linen.eu\/en\/","name":"Linen.eu","description":"","publisher":{"@id":"https:\/\/linen.eu\/en\/#organization"},"potentialAction":[{"@type":"SearchAction","target":{"@type":"EntryPoint","urlTemplate":"https:\/\/linen.eu\/en\/?s={search_term_string}"},"query-input":{"@type":"PropertyValueSpecification","valueRequired":true,"valueName":"search_term_string"}}],"inLanguage":"en-US"},{"@type":"Organization","@id":"https:\/\/linen.eu\/en\/#organization","name":"Linen Lounge","alternateName":"linen.eu","url":"https:\/\/linen.eu\/en\/","logo":{"@type":"ImageObject","inLanguage":"en-US","@id":"https:\/\/linen.eu\/en\/#\/schema\/logo\/image\/","url":"https:\/\/linen.eu\/wp-content\/uploads\/2025\/10\/LinenLounge-NEU2.webp","contentUrl":"https:\/\/linen.eu\/wp-content\/uploads\/2025\/10\/LinenLounge-NEU2.webp","width":1800,"height":455,"caption":"Linen Lounge"},"image":{"@id":"https:\/\/linen.eu\/en\/#\/schema\/logo\/image\/"},"sameAs":["https:\/\/linen.eu","https:\/\/x.com\/linenlounge","https:\/\/www.instagram.com\/linen.lounge?igsh=MW81aGhiY2VxZGRpMw==&utm_source=qr","http:\/\/www.youtube.com\/@Linenlounge"],"description":"Online Fachhandel f\u00fcr europ\u00e4ische Leinen-Bettw\u00e4sche und Heimtextilien aus traditionellen Webereien wie Leitner Leinen, Schlitzer Leinen, Libeco, Vieb\u00f6ck und Hoffmann.","email":"info@linen.eu","telephone":"+49 (0) 69 90738860","legalName":"Linen UG (haftungsbeschr\u00e4nkt)","foundingDate":"2015-04-08","numberOfEmployees":{"@type":"QuantitativeValue","minValue":"1","maxValue":"10"}}]},"product_brand":"HEFEL","og_availability":"instock","product_availability":"instock","product_retailer_item_id":"114303650110","product_condition":"new"},"_links":{"self":[{"href":"https:\/\/linen.eu\/en\/wp-json\/wp\/v2\/product\/136493","targetHints":{"allow":["GET"]}}],"collection":[{"href":"https:\/\/linen.eu\/en\/wp-json\/wp\/v2\/product"}],"about":[{"href":"https:\/\/linen.eu\/en\/wp-json\/wp\/v2\/types\/product"}],"replies":[{"embeddable":true,"href":"https:\/\/linen.eu\/en\/wp-json\/wp\/v2\/comments?post=136493"}],"wp:featuredmedia":[{"embeddable":true,"href":"https:\/\/linen.eu\/en\/wp-json\/wp\/v2\/media\/57549"}],"wp:attachment":[{"href":"https:\/\/linen.eu\/en\/wp-json\/wp\/v2\/media?parent=136493"}],"wp:term":[{"taxonomy":"product_brand","embeddable":true,"href":"https:\/\/linen.eu\/en\/wp-json\/wp\/v2\/product_brand?post=136493"},{"taxonomy":"product_cat","embeddable":true,"href":"https:\/\/linen.eu\/en\/wp-json\/wp\/v2\/product_cat?post=136493"},{"taxonomy":"product_tag","embeddable":true,"href":"https:\/\/linen.eu\/en\/wp-json\/wp\/v2\/product_tag?post=136493"}],"curies":[{"name":"wp","href":"https:\/\/api.w.org\/{rel}","templated":true}]}}