{"id":136587,"date":"2025-07-17T15:25:32","date_gmt":"2025-07-17T13:25:32","guid":{"rendered":"https:\/\/linen.eu\/produkt\/pure-silk-summer-comforter-from-hefel\/"},"modified":"2026-03-16T13:09:46","modified_gmt":"2026-03-16T12:09:46","slug":"pure-silk-summer-comforter-from-hefel","status":"publish","type":"product","link":"https:\/\/linen.eu\/en\/produkt\/pure-silk-summer-comforter-from-hefel\/","title":{"rendered":"Pure Silk summer comforter from HEFEL"},"content":{"rendered":"<h2 class=\"h3 product-detail-description-title\">&#8220;Pure Silk summer comforter from HEFEL &#8220;<\/h2>\n<div class=\"product-detail-description-text\">\n<p><span id=\"output-sentence~0\"><span id=\"output-word~0~0\" data-segment-position=\"0\">The Pure <\/span><span id=\"output-word~0~1\" data-segment-position=\"1\">Silk summer comforter from HEFEL <\/span><span id=\"output-word~0~9\" data-segment-position=\"9\">is <\/span><span id=\"output-word~0~10\" data-segment-position=\"10\">a <\/span><span id=\"output-word~0~11\" data-segment-position=\"11\">supple <\/span><span id=\"output-word~0~12\" data-segment-position=\"12\">light summer night<\/span><span id=\"output-word~0~13\" data-segment-position=\"13\">room <\/span><span id=\"output-word~0~14\" data-segment-position=\"14\">from <\/span><span id=\"output-word~0~15\" data-segment-position=\"15\">pure <\/span><span id=\"output-word~0~16\" data-segment-position=\"16\">silk.<\/span><\/span> <span id=\"output-sentence~1\"><span id=\"output-word~1~0\" data-segment-position=\"0\">The <\/span><span id=\"output-word~1~1\" data-segment-position=\"1\">wild silk <\/span><span id=\"output-word~1~2\" data-segment-position=\"2\">is <\/span><span id=\"output-word~1~3\" data-segment-position=\"3\">due to <\/span><span id=\"output-word~1~4\" data-segment-position=\"4\">its <\/span><span id=\"output-word~1~5\" data-segment-position=\"5\">natural <\/span><span id=\"output-word~1~6\" data-segment-position=\"6\">cooling <\/span><span id=\"output-word~1~7\" data-segment-position=\"7\">character <\/span><span id=\"output-word~1~8\" data-segment-position=\"8\">the <\/span><span id=\"output-word~1~9\" data-segment-position=\"9\">perfect <\/span><span id=\"output-word~1~10\" data-segment-position=\"10\">filling <\/span><span id=\"output-word~1~11\" data-segment-position=\"11\">for <\/span><span id=\"output-word~1~12\" data-segment-position=\"12\">this<\/span><span id=\"output-word~1~13\" data-segment-position=\"13\"> <\/span><span id=\"output-word~1~14\" data-segment-position=\"14\">summer blanket.<\/span><\/span>  The special silk  <span id=\"output-sentence~0\"><span id=\"output-word~0~2\" data-segment-position=\"2\">originates <\/span><span id=\"output-word~0~3\" data-segment-position=\"3\">from <\/span><span id=\"output-word~0~4\" data-segment-position=\"4\">the <\/span><span id=\"output-word~0~5\" data-segment-position=\"5\">free <\/span><span id=\"output-word~0~6\" data-segment-position=\"6\">free-living <\/span><span id=\"output-word~0~7\" data-segment-position=\"7\">oak moth. <\/span> <\/span><span id=\"output-sentence~2\"><span id=\"output-word~2~0\" data-segment-position=\"0\">At <\/span><span id=\"output-word~2~1\" data-segment-position=\"1\">the <\/span><span id=\"output-word~2~2\" data-segment-position=\"2\">production <\/span><span id=\"output-word~2~3\" data-segment-position=\"3\">of <\/span><span id=\"output-word~2~4\" data-segment-position=\"4\">Pure <\/span><span id=\"output-word~2~5\" data-segment-position=\"5\">Silk <\/span><span id=\"output-word~2~6\" data-segment-position=\"6\">is <\/span><span id=\"output-word~2~7\" data-segment-position=\"7\">the raw<\/span><span id=\"output-word~2~8\" data-segment-position=\"8\">silk <\/span><span id=\"output-word~2~9\" data-segment-position=\"9\">several <\/span><span id=\"output-word~2~10\" data-segment-position=\"10\">boiled <\/span><span id=\"output-word~2~11\" data-segment-position=\"11\">and <\/span><span id=\"output-word~2~12\" data-segment-position=\"12\">de-basted.<\/span><\/span> <span id=\"output-sentence~3\"><span id=\"output-word~3~0\" data-segment-position=\"0\">Very important to avoid <\/span><span id=\"output-word~3~1\" data-segment-position=\"1\">skin irritation <\/span><span id=\"output-word~3~2\" data-segment-position=\"2\">exclude <\/span><span id=\"output-word~3~3\" data-segment-position=\"3\">and <\/span><span id=\"output-word~3~4\" data-segment-position=\"4\">all <\/span><span id=\"output-word~3~5\" data-segment-position=\"5\">sericin residues <\/span><span id=\"output-word~3~6\" data-segment-position=\"6\">completely <\/span><span id=\"output-word~3~7\" data-segment-position=\"7\">to <\/span><span id=\"output-word~3~8\" data-segment-position=\"8\">remove<\/span><span id=\"output-word~3~11\" data-segment-position=\"11\">.<\/span><\/span> <span id=\"output-sentence~4\"><span id=\"output-word~4~0\" data-segment-position=\"0\">The extracted <\/span><span id=\"output-word~4~1\" data-segment-position=\"1\">silk fleece <\/span><span id=\"output-word~4~2\" data-segment-position=\"2\">is <\/span><span id=\"output-word~4~3\" data-segment-position=\"3\">despite <\/span><span id=\"output-word~4~4\" data-segment-position=\"4\">its <\/span><span id=\"output-word~4~5\" data-segment-position=\"5\">delicacy <\/span><span id=\"output-word~4~6\" data-segment-position=\"6\">very <\/span><span id=\"output-word~4~7\" data-segment-position=\"7\">hard-wearing, also <\/span><span id=\"output-word~4~8\" data-segment-position=\"8\">because <\/span><span id=\"output-word~4~9\" data-segment-position=\"9\">it <\/span><span id=\"output-word~4~10\" data-segment-position=\"10\">skillfully <\/span><span id=\"output-word~4~11\" data-segment-position=\"11\">quilted <\/span><span id=\"output-word~4~12\" data-segment-position=\"12\">is quilted.<\/span><\/span> <span id=\"output-sentence~5\"><span id=\"output-word~5~0\" data-segment-position=\"0\">Through  <\/span><span id=\"output-word~5~1\" data-segment-position=\"1\">his  <\/span><span id=\"output-word~5~2\" data-segment-position=\"2\">fast  <\/span><span id=\"output-word~5~3\" data-segment-position=\"3\">Moisture transport  <\/span><span id=\"output-word~5~4\" data-segment-position=\"4\">carries  <\/span><span id=\"output-word~5~5\" data-segment-position=\"5\">the  <\/span><span id=\"output-word~5~6\" data-segment-position=\"6\">high quality  <\/span><span id=\"output-word~5~7\" data-segment-position=\"7\">Fabric  <\/span><span id=\"output-word~5~8\" data-segment-position=\"8\">from  <\/span><span id=\"output-word~5~9\" data-segment-position=\"9\">TENCEL\u00ae  <\/span><span id=\"output-word~5~10\" data-segment-position=\"10\">Fine satin  <\/span><span id=\"output-word~5~11\" data-segment-position=\"11\">to the  <\/span><span id=\"output-word~5~12\" data-segment-position=\"12\">Cooling  <\/span><span id=\"output-word~5~13\" data-segment-position=\"13\">the  <\/span><span id=\"output-word~5~14\" data-segment-position=\"14\">Silk  <\/span><span id=\"output-word~5~15\" data-segment-position=\"15\">with  <\/span><span id=\"output-word~5~16\" data-segment-position=\"16\">and  <\/span><span id=\"output-word~5~17\" data-segment-position=\"17\">radiates  <\/span><span id=\"output-word~5~18\" data-segment-position=\"18\">true to style  <\/span><span id=\"output-word~5~19\" data-segment-position=\"19\">in  <\/span><span id=\"output-word~5~20\" data-segment-position=\"20\">noble  <\/span><span id=\"output-word~5~21\" data-segment-position=\"21\">Silk gloss.<\/span><\/span><\/p>\n<p>HEFEL Pure Silk comforters guarantee an ideal sleeping climate &#8211; especially for people with allergies. Even with heavy perspiration, the comforter always feels pleasantly dry. This is achieved by the perfect combination of 100% wild silk in the filling and TENCEL\u00ae in the fabric. The exceptional microstructure of TENCEL\u00ae transports more moisture and water vapor away from the body than any other fiber. A blessing for sensitive skin. Thanks to the BodyFit quilting, the comforter adapts to your body like a second skin and you sleep comfortably and restfully even when room temperatures fluctuate.     <\/p>\n<ul>\n<li>Naturally cooling and revitalizing composition of silk and TENCEL\u00ae fabric<\/li>\n<li>Silk absorbs more moisture than any other filling fiber<\/li>\n<li>Optimum moisture management thanks to Nanofibrill technology<\/li>\n<li>Dermatologically tested, ideal for sensitive skin<\/li>\n<li>Maximum comfort even with heavy perspiration<\/li>\n<li>No chance for bacteria<\/li>\n<li>Extremely light and cuddly for unparalleled sleeping pleasure<\/li>\n<\/ul>\n<p>The ideal comforter for the warmer months. Filling weight 180 grams per square meter. Suitable for house dust allergy sufferers! The silk comforters are custom-made. Delivery takes approx. 3 weeks.    <\/p>\n<h3>The product: Pure Silk summer comforter from <a href=\"https:\/\/linen.eu\/brand\/hefel\/\">HEFEL<\/a><\/h3>\n<p>Filling: 100% wild silk from free-living oak spiders<br \/>\nFabric: 100 % Tencel satin<br \/>\nWeight: 180g\/m\u00b2<br \/>\nQuilting: With functional body quilting<br \/>\nColor: champagne<br \/>\nCare: 60 \u00b0C gentle wash, air dry<\/p>\n<h3>Tradition and <a href=\"https:\/\/https:\/\/linen.eu\/magazin\/\/\">know-how make HEFEL an expert<\/a> in restful sleep<\/h3>\n<p>The tradition of an Austrian family business and at the same time a love of revolutionary innovations &#8211; this is what makes HEFEL the leading manufacturer of sustainable bedding. Thanks to its vast experience, HEFEL knows exactly what is important in a first-class comforter.  It all starts with the selection of high-quality materials for the fabric and filling. Careful processing &#8211; in the right combination of traditional craftsmanship and modern production techniques &#8211; brings out the full qualities of the materials. HEFEL pays particular attention to body-hugging quilting &#8211; this gives the quilts their sophisticated shape. All these elements are precisely coordinated to ensure an optimum sleeping climate   <\/p>\n<h3>Innovations for the best sleeping comfort<\/h3>\n<p>Thanks to years of active commitment to research and development, HEFEL is now a leading international innovator in the bedding sector. The introduction of ultra-modern functional fibers such as TENCEL\u00ae or SeaCell-Active for bedding has repeatedly brought prestigious international awards.  The continuous development of innovative manufacturing techniques enables the production of unsurpassably fine fabrics and the fluffiest comforter fillings.<\/p>\n<h3>Quality from Austria<\/h3>\n<p>Today, as in the past, HEFEL bedding is manufactured 100% in Austria. This is just as much an integral part of the corporate culture as the employment of highly qualified specialists. They are often the second or third generation to work for HEFEL. With a great deal of experience, care and skill, they manufacture and test every single HEFEL comforter, piece by piece.   <\/p>\n<\/div>\n","protected":false},"excerpt":{"rendered":"<p><strong data-start=\"0\" data-end=\"35\">Pure Silk summer comforter from HEFEL<\/strong><br data-start=\"35\" data-end=\"38\">The Pure Silk summer comforter from HEFEL is a supple, light summer night&#8217;s dream made of pure wild silk &#8211; cooling, cuddly and surprisingly hard-wearing. In combination with fine TENCEL\u00ae fine satin, the 100% wild silk filling ensures excellent moisture wicking and a pleasantly dry sleeping climate at all times, ideal for sensitive or allergic sleepers. With a filling weight of 180 g\/m\u00b2, it accompanies you through warm nights with a light and airy feel and boasts a sophisticated look in champagne.  <\/p>\n","protected":false},"featured_media":3613,"comment_status":"open","ping_status":"closed","template":"","meta":{"_acf_changed":false},"product_brand":[4782,4787],"product_cat":[3728,4474,3748,4009],"product_tag":[3731,4478],"class_list":{"0":"post-136587","1":"product","2":"type-product","3":"status-publish","4":"has-post-thumbnail","6":"product_brand-hefel","7":"product_brand-hefel-summer-duvet","8":"product_cat-bedroom","9":"product_cat-summer-blanket","10":"product_cat-product","11":"product_cat-duvets","12":"product_tag-natural-fiber","13":"product_tag-summer","15":"first","16":"instock","17":"taxable","18":"shipping-taxable","19":"purchasable","20":"product-type-variable"},"acf":[],"yoast_head":"<!-- This site is optimized with the Yoast SEO Premium plugin v27.3 (Yoast SEO v27.3) - https:\/\/yoast.com\/product\/yoast-seo-premium-wordpress\/ -->\n<title>Pure Silk summer comforter from HEFEL - Linen.eu<\/title>\n<meta name=\"description\" content=\"Pure Silk summer comforter from HEFEL \u2713 Dry sleeping climate and healthy relaxation \u2713 Made in Austria quality. \u2764 Order conveniently online now\" \/>\n<meta name=\"robots\" content=\"index, follow, max-snippet:-1, max-image-preview:large, max-video-preview:-1\" \/>\n<link rel=\"canonical\" href=\"https:\/\/linen.eu\/en\/produkt\/pure-silk-summer-comforter-from-hefel\/\" \/>\n<meta property=\"og:locale\" content=\"en_US\" \/>\n<meta property=\"og:type\" content=\"article\" \/>\n<meta property=\"og:title\" content=\"Pure Silk summer comforter from HEFEL\" \/>\n<meta property=\"og:description\" content=\"Pure Silk summer comforter from HEFEL \u2713 Dry sleeping climate and healthy relaxation \u2713 Made in Austria quality. \u2764 Order conveniently online now\" \/>\n<meta property=\"og:url\" content=\"https:\/\/linen.eu\/en\/produkt\/pure-silk-summer-comforter-from-hefel\/\" \/>\n<meta property=\"og:site_name\" content=\"Linen.eu\" \/>\n<meta property=\"article:publisher\" content=\"https:\/\/linen.eu\" \/>\n<meta property=\"article:modified_time\" content=\"2026-03-16T12:09:46+00:00\" \/>\n<meta property=\"og:image\" content=\"https:\/\/linen.eu\/wp-content\/uploads\/2025\/07\/HEFEL_KlimaControl_Comfort_Image2.jpg\" \/>\n\t<meta property=\"og:image:width\" content=\"1600\" \/>\n\t<meta property=\"og:image:height\" content=\"1200\" \/>\n\t<meta property=\"og:image:type\" content=\"image\/jpeg\" \/>\n<meta name=\"twitter:card\" content=\"summary_large_image\" \/>\n<meta name=\"twitter:site\" content=\"@linenlounge\" \/>\n<meta name=\"twitter:label1\" content=\"Availability\" \/>\n\t<meta name=\"twitter:data1\" content=\"In stock\" \/>\n<script type=\"application\/ld+json\" class=\"yoast-schema-graph\">{\"@context\":\"https:\\\/\\\/schema.org\",\"@graph\":[{\"@type\":\"WebPage\",\"@id\":\"https:\\\/\\\/linen.eu\\\/en\\\/produkt\\\/pure-silk-summer-comforter-from-hefel\\\/\",\"url\":\"https:\\\/\\\/linen.eu\\\/en\\\/produkt\\\/pure-silk-summer-comforter-from-hefel\\\/\",\"name\":\"Pure Silk summer comforter from HEFEL - Linen.eu\",\"isPartOf\":{\"@id\":\"https:\\\/\\\/linen.eu\\\/en\\\/#website\"},\"primaryImageOfPage\":{\"@id\":\"https:\\\/\\\/linen.eu\\\/en\\\/produkt\\\/pure-silk-summer-comforter-from-hefel\\\/#primaryimage\"},\"image\":{\"@id\":\"https:\\\/\\\/linen.eu\\\/en\\\/produkt\\\/pure-silk-summer-comforter-from-hefel\\\/#primaryimage\"},\"thumbnailUrl\":\"https:\\\/\\\/linen.eu\\\/wp-content\\\/uploads\\\/2025\\\/07\\\/HEFEL_KlimaControl_Comfort_Image2.jpg\",\"datePublished\":\"2025-07-17T13:25:32+00:00\",\"dateModified\":\"2026-03-16T12:09:46+00:00\",\"description\":\"Pure Silk summer comforter from HEFEL \u2713 Dry sleeping climate and healthy relaxation \u2713 Made in Austria quality. \u2764 Order conveniently online now\",\"breadcrumb\":{\"@id\":\"https:\\\/\\\/linen.eu\\\/en\\\/produkt\\\/pure-silk-summer-comforter-from-hefel\\\/#breadcrumb\"},\"inLanguage\":\"en-US\",\"potentialAction\":[{\"@type\":\"ReadAction\",\"target\":[\"https:\\\/\\\/linen.eu\\\/en\\\/produkt\\\/pure-silk-summer-comforter-from-hefel\\\/\"]}]},{\"@type\":\"ImageObject\",\"inLanguage\":\"en-US\",\"@id\":\"https:\\\/\\\/linen.eu\\\/en\\\/produkt\\\/pure-silk-summer-comforter-from-hefel\\\/#primaryimage\",\"url\":\"https:\\\/\\\/linen.eu\\\/wp-content\\\/uploads\\\/2025\\\/07\\\/HEFEL_KlimaControl_Comfort_Image2.jpg\",\"contentUrl\":\"https:\\\/\\\/linen.eu\\\/wp-content\\\/uploads\\\/2025\\\/07\\\/HEFEL_KlimaControl_Comfort_Image2.jpg\",\"width\":1600,\"height\":1200,\"caption\":\"A neatly made bed with white pillows and a duvet, stacked and arranged on a terrace with metal railings, against a clear blue sky.\"},{\"@type\":\"BreadcrumbList\",\"@id\":\"https:\\\/\\\/linen.eu\\\/en\\\/produkt\\\/pure-silk-summer-comforter-from-hefel\\\/#breadcrumb\",\"itemListElement\":[{\"@type\":\"ListItem\",\"position\":1,\"name\":\"Startseite\",\"item\":\"https:\\\/\\\/linen.eu\\\/en\\\/home\\\/\"},{\"@type\":\"ListItem\",\"position\":2,\"name\":\"Shop\",\"item\":\"https:\\\/\\\/linen.eu\\\/en\\\/shop\\\/\"},{\"@type\":\"ListItem\",\"position\":3,\"name\":\"Pure Silk summer comforter from HEFEL\"}]},{\"@type\":\"WebSite\",\"@id\":\"https:\\\/\\\/linen.eu\\\/en\\\/#website\",\"url\":\"https:\\\/\\\/linen.eu\\\/en\\\/\",\"name\":\"Linen.eu\",\"description\":\"\",\"publisher\":{\"@id\":\"https:\\\/\\\/linen.eu\\\/en\\\/#organization\"},\"potentialAction\":[{\"@type\":\"SearchAction\",\"target\":{\"@type\":\"EntryPoint\",\"urlTemplate\":\"https:\\\/\\\/linen.eu\\\/en\\\/?s={search_term_string}\"},\"query-input\":{\"@type\":\"PropertyValueSpecification\",\"valueRequired\":true,\"valueName\":\"search_term_string\"}}],\"inLanguage\":\"en-US\"},{\"@type\":\"Organization\",\"@id\":\"https:\\\/\\\/linen.eu\\\/en\\\/#organization\",\"name\":\"Linen Lounge\",\"alternateName\":\"linen.eu\",\"url\":\"https:\\\/\\\/linen.eu\\\/en\\\/\",\"logo\":{\"@type\":\"ImageObject\",\"inLanguage\":\"en-US\",\"@id\":\"https:\\\/\\\/linen.eu\\\/en\\\/#\\\/schema\\\/logo\\\/image\\\/\",\"url\":\"https:\\\/\\\/linen.eu\\\/wp-content\\\/uploads\\\/2025\\\/10\\\/LinenLounge-NEU2.webp\",\"contentUrl\":\"https:\\\/\\\/linen.eu\\\/wp-content\\\/uploads\\\/2025\\\/10\\\/LinenLounge-NEU2.webp\",\"width\":1800,\"height\":455,\"caption\":\"Linen Lounge\"},\"image\":{\"@id\":\"https:\\\/\\\/linen.eu\\\/en\\\/#\\\/schema\\\/logo\\\/image\\\/\"},\"sameAs\":[\"https:\\\/\\\/linen.eu\",\"https:\\\/\\\/x.com\\\/linenlounge\",\"https:\\\/\\\/www.instagram.com\\\/linen.lounge?igsh=MW81aGhiY2VxZGRpMw==&utm_source=qr\",\"http:\\\/\\\/www.youtube.com\\\/@Linenlounge\"],\"description\":\"Online Fachhandel f\u00fcr europ\u00e4ische Leinen-Bettw\u00e4sche und Heimtextilien aus traditionellen Webereien wie Leitner Leinen, Schlitzer Leinen, Libeco, Vieb\u00f6ck und Hoffmann.\",\"email\":\"info@linen.eu\",\"telephone\":\"+49 (0) 69 90738860\",\"legalName\":\"Linen UG (haftungsbeschr\u00e4nkt)\",\"foundingDate\":\"2015-04-08\",\"numberOfEmployees\":{\"@type\":\"QuantitativeValue\",\"minValue\":\"1\",\"maxValue\":\"10\"}}]}<\/script>\n<meta property=\"product:brand\" content=\"HEFEL Premium Bedding \u2013 The Real Fabric from Austria\" \/>\n<meta property=\"og:availability\" content=\"instock\" \/>\n<meta property=\"product:availability\" content=\"instock\" \/>\n<meta property=\"product:retailer_item_id\" content=\"114303350710\" \/>\n<meta property=\"product:condition\" content=\"new\" \/>\n<!-- \/ Yoast SEO Premium plugin. -->","yoast_head_json":{"title":"Pure Silk summer comforter from HEFEL - Linen.eu","description":"Pure Silk summer comforter from HEFEL \u2713 Dry sleeping climate and healthy relaxation \u2713 Made in Austria quality. \u2764 Order conveniently online now","robots":{"index":"index","follow":"follow","max-snippet":"max-snippet:-1","max-image-preview":"max-image-preview:large","max-video-preview":"max-video-preview:-1"},"canonical":"https:\/\/linen.eu\/en\/produkt\/pure-silk-summer-comforter-from-hefel\/","og_locale":"en_US","og_type":"article","og_title":"Pure Silk summer comforter from HEFEL","og_description":"Pure Silk summer comforter from HEFEL \u2713 Dry sleeping climate and healthy relaxation \u2713 Made in Austria quality. \u2764 Order conveniently online now","og_url":"https:\/\/linen.eu\/en\/produkt\/pure-silk-summer-comforter-from-hefel\/","og_site_name":"Linen.eu","article_publisher":"https:\/\/linen.eu","article_modified_time":"2026-03-16T12:09:46+00:00","og_image":[{"width":1600,"height":1200,"url":"https:\/\/linen.eu\/wp-content\/uploads\/2025\/07\/HEFEL_KlimaControl_Comfort_Image2.jpg","type":"image\/jpeg"}],"twitter_card":"summary_large_image","twitter_site":"@linenlounge","twitter_misc":{"Availability":"In stock"},"schema":{"@context":"https:\/\/schema.org","@graph":[{"@type":"WebPage","@id":"https:\/\/linen.eu\/en\/produkt\/pure-silk-summer-comforter-from-hefel\/","url":"https:\/\/linen.eu\/en\/produkt\/pure-silk-summer-comforter-from-hefel\/","name":"Pure Silk summer comforter from HEFEL - Linen.eu","isPartOf":{"@id":"https:\/\/linen.eu\/en\/#website"},"primaryImageOfPage":{"@id":"https:\/\/linen.eu\/en\/produkt\/pure-silk-summer-comforter-from-hefel\/#primaryimage"},"image":{"@id":"https:\/\/linen.eu\/en\/produkt\/pure-silk-summer-comforter-from-hefel\/#primaryimage"},"thumbnailUrl":"https:\/\/linen.eu\/wp-content\/uploads\/2025\/07\/HEFEL_KlimaControl_Comfort_Image2.jpg","datePublished":"2025-07-17T13:25:32+00:00","dateModified":"2026-03-16T12:09:46+00:00","description":"Pure Silk summer comforter from HEFEL \u2713 Dry sleeping climate and healthy relaxation \u2713 Made in Austria quality. \u2764 Order conveniently online now","breadcrumb":{"@id":"https:\/\/linen.eu\/en\/produkt\/pure-silk-summer-comforter-from-hefel\/#breadcrumb"},"inLanguage":"en-US","potentialAction":[{"@type":"ReadAction","target":["https:\/\/linen.eu\/en\/produkt\/pure-silk-summer-comforter-from-hefel\/"]}]},{"@type":"ImageObject","inLanguage":"en-US","@id":"https:\/\/linen.eu\/en\/produkt\/pure-silk-summer-comforter-from-hefel\/#primaryimage","url":"https:\/\/linen.eu\/wp-content\/uploads\/2025\/07\/HEFEL_KlimaControl_Comfort_Image2.jpg","contentUrl":"https:\/\/linen.eu\/wp-content\/uploads\/2025\/07\/HEFEL_KlimaControl_Comfort_Image2.jpg","width":1600,"height":1200,"caption":"A neatly made bed with white pillows and a duvet, stacked and arranged on a terrace with metal railings, against a clear blue sky."},{"@type":"BreadcrumbList","@id":"https:\/\/linen.eu\/en\/produkt\/pure-silk-summer-comforter-from-hefel\/#breadcrumb","itemListElement":[{"@type":"ListItem","position":1,"name":"Startseite","item":"https:\/\/linen.eu\/en\/home\/"},{"@type":"ListItem","position":2,"name":"Shop","item":"https:\/\/linen.eu\/en\/shop\/"},{"@type":"ListItem","position":3,"name":"Pure Silk summer comforter from HEFEL"}]},{"@type":"WebSite","@id":"https:\/\/linen.eu\/en\/#website","url":"https:\/\/linen.eu\/en\/","name":"Linen.eu","description":"","publisher":{"@id":"https:\/\/linen.eu\/en\/#organization"},"potentialAction":[{"@type":"SearchAction","target":{"@type":"EntryPoint","urlTemplate":"https:\/\/linen.eu\/en\/?s={search_term_string}"},"query-input":{"@type":"PropertyValueSpecification","valueRequired":true,"valueName":"search_term_string"}}],"inLanguage":"en-US"},{"@type":"Organization","@id":"https:\/\/linen.eu\/en\/#organization","name":"Linen Lounge","alternateName":"linen.eu","url":"https:\/\/linen.eu\/en\/","logo":{"@type":"ImageObject","inLanguage":"en-US","@id":"https:\/\/linen.eu\/en\/#\/schema\/logo\/image\/","url":"https:\/\/linen.eu\/wp-content\/uploads\/2025\/10\/LinenLounge-NEU2.webp","contentUrl":"https:\/\/linen.eu\/wp-content\/uploads\/2025\/10\/LinenLounge-NEU2.webp","width":1800,"height":455,"caption":"Linen Lounge"},"image":{"@id":"https:\/\/linen.eu\/en\/#\/schema\/logo\/image\/"},"sameAs":["https:\/\/linen.eu","https:\/\/x.com\/linenlounge","https:\/\/www.instagram.com\/linen.lounge?igsh=MW81aGhiY2VxZGRpMw==&utm_source=qr","http:\/\/www.youtube.com\/@Linenlounge"],"description":"Online Fachhandel f\u00fcr europ\u00e4ische Leinen-Bettw\u00e4sche und Heimtextilien aus traditionellen Webereien wie Leitner Leinen, Schlitzer Leinen, Libeco, Vieb\u00f6ck und Hoffmann.","email":"info@linen.eu","telephone":"+49 (0) 69 90738860","legalName":"Linen UG (haftungsbeschr\u00e4nkt)","foundingDate":"2015-04-08","numberOfEmployees":{"@type":"QuantitativeValue","minValue":"1","maxValue":"10"}}]},"product_brand":"HEFEL Premium Bedding \u2013 The Real Fabric from Austria","og_availability":"instock","product_availability":"instock","product_retailer_item_id":"114303350710","product_condition":"new"},"_links":{"self":[{"href":"https:\/\/linen.eu\/en\/wp-json\/wp\/v2\/product\/136587","targetHints":{"allow":["GET"]}}],"collection":[{"href":"https:\/\/linen.eu\/en\/wp-json\/wp\/v2\/product"}],"about":[{"href":"https:\/\/linen.eu\/en\/wp-json\/wp\/v2\/types\/product"}],"replies":[{"embeddable":true,"href":"https:\/\/linen.eu\/en\/wp-json\/wp\/v2\/comments?post=136587"}],"wp:featuredmedia":[{"embeddable":true,"href":"https:\/\/linen.eu\/en\/wp-json\/wp\/v2\/media\/3613"}],"wp:attachment":[{"href":"https:\/\/linen.eu\/en\/wp-json\/wp\/v2\/media?parent=136587"}],"wp:term":[{"taxonomy":"product_brand","embeddable":true,"href":"https:\/\/linen.eu\/en\/wp-json\/wp\/v2\/product_brand?post=136587"},{"taxonomy":"product_cat","embeddable":true,"href":"https:\/\/linen.eu\/en\/wp-json\/wp\/v2\/product_cat?post=136587"},{"taxonomy":"product_tag","embeddable":true,"href":"https:\/\/linen.eu\/en\/wp-json\/wp\/v2\/product_tag?post=136587"}],"curies":[{"name":"wp","href":"https:\/\/api.w.org\/{rel}","templated":true}]}}