{"id":136588,"date":"2025-07-17T15:26:36","date_gmt":"2025-07-17T13:26:36","guid":{"rendered":"https:\/\/linen.eu\/produkt\/pure-wool-mattress-topper-from-hefel\/"},"modified":"2026-03-16T13:10:01","modified_gmt":"2026-03-16T12:10:01","slug":"pure-wool-mattress-topper-from-hefel","status":"publish","type":"product","link":"https:\/\/linen.eu\/en\/produkt\/pure-wool-mattress-topper-from-hefel\/","title":{"rendered":"Pure Wool mattress topper from HEFEL"},"content":{"rendered":"<h2 class=\"h3 product-detail-description-title\">&#8220;Pure Wool mattress topper from HEFEL&#8221;<\/h2>\n<div class=\"product-detail-description-text\">\n<p>Pure Wool mattress topper from HEFEL &#8211; Optimum protection for the mattress. The Pure Wool bedding   <span id=\"output-sentence~0\"><span id=\"output-word~0~2\" data-segment-position=\"2\">are <\/span><span id=\"output-word~0~3\" data-segment-position=\"3\">due to <\/span><span id=\"output-word~0~4\" data-segment-position=\"7\">the <\/span><span id=\"output-word~0~5\" data-segment-position=\"5\">excellent <\/span><span id=\"output-word~0~6\" data-segment-position=\"6\">quality <\/span><span id=\"output-word~0~7\" data-segment-position=\"7\">of the <\/span><span id=\"output-word~0~8\" data-segment-position=\"8\">HEFEL <\/span><span id=\"output-word~0~9\" data-segment-position=\"9\">new sheep&#8217;s wool <\/span><span id=\"output-word~0~11\" data-segment-position=\"11\">blissfully warm <\/span><span id=\"output-word~0~12\" data-segment-position=\"12\">as <\/span><span id=\"output-word~0~13\" data-segment-position=\"13\">also <\/span><span id=\"output-word~0~14\" data-segment-position=\"14\">exceptionally <\/span><span id=\"output-word~0~15\" data-segment-position=\"15\">breathable.<\/span><\/span> <span id=\"output-sentence~1\"><span id=\"output-word~1~0\" data-segment-position=\"0\">This <\/span><span id=\"output-word~1~1\" data-segment-position=\"1\">ensures <\/span><span id=\"output-word~1~2\" data-segment-position=\"7\">a <\/span><span id=\"output-word~1~3\" data-segment-position=\"3\">comfortable <\/span><span id=\"output-word~1~4\" data-segment-position=\"4\">dry <\/span><span id=\"output-word~1~5\" data-segment-position=\"5\">sleeping environment <\/span><span id=\"output-word~1~6\" data-segment-position=\"6\">and <\/span><span id=\"output-word~1~7\" data-segment-position=\"7\">a <\/span><span id=\"output-word~1~8\" data-segment-position=\"8\">relaxed <\/span><span id=\"output-word~1~9\" data-segment-position=\"9\">rest.<\/span><\/span>  Wash S<span id=\"output-sentence~2\"><span id=\"output-word~2~0\" data-segment-position=\"0\">he <\/span><span id=\"output-word~2~1\" data-segment-position=\"1\">comforters <\/span><span id=\"output-word~2~3\" data-segment-position=\"3\">thanks to <\/span><span id=\"output-word~2~4\" data-segment-position=\"4\">a <\/span><span id=\"output-word~2~5\" data-segment-position=\"5\">special <\/span><span id=\"output-word~2~6\" data-segment-position=\"6\">finishing <\/span><span id=\"output-word~2~7\" data-segment-position=\"7\">at <\/span><span id=\"output-word~2~8\" data-segment-position=\"8\">40\u00b0C <\/span><span id=\"output-word~2~11\" data-segment-position=\"11\">&#8211; <\/span><span id=\"output-word~2~12\" data-segment-position=\"12\">unique <\/span><span id=\"output-word~2~13\" data-segment-position=\"13\">for <\/span><span id=\"output-word~2~14\" data-segment-position=\"14\">natural hair fillings.<\/span><\/span><\/p>\n<p><span id=\"output-sentence~3\"><span id=\"output-word~3~0\" data-segment-position=\"0\">The <\/span><span id=\"output-word~3~1\" data-segment-position=\"1\">new wool <\/span><span id=\"output-word~3~2\" data-segment-position=\"2\">for <\/span><span id=\"output-word~3~3\" data-segment-position=\"3\">Pure <\/span><span id=\"output-word~3~4\" data-segment-position=\"4\">Wool <\/span><span id=\"output-word~3~5\" data-segment-position=\"5\">is <\/span><span id=\"output-word~3~6\" data-segment-position=\"6\">only <\/span><span id=\"output-word~3~7\" data-segment-position=\"7\">by <\/span><span id=\"output-word~3~8\" data-segment-position=\"8\">French <\/span><span id=\"output-word~3~9\" data-segment-position=\"9\">sheep <\/span><span id=\"output-word~3~10\" data-segment-position=\"10\">produced, <\/span><span id=\"output-word~3~11\" data-segment-position=\"11\">which <\/span><span id=\"output-word~3~12\" data-segment-position=\"12\">free <\/span><span id=\"output-word~3~13\" data-segment-position=\"13\">live freely.<\/span><\/span> <span id=\"output-sentence~4\"><span id=\"output-word~4~0\" data-segment-position=\"0\">This <\/span><span id=\"output-word~4~1\" data-segment-position=\"1\">special <\/span><span id=\"output-word~4~2\" data-segment-position=\"2\">breed <\/span><span id=\"output-word~4~3\" data-segment-position=\"3\">combines <\/span><span id=\"output-word~4~4\" data-segment-position=\"4\">first class <\/span><span id=\"output-word~4~5\" data-segment-position=\"5\">quality <\/span><span id=\"output-word~4~6\" data-segment-position=\"6\">with <\/span><span id=\"output-word~4~7\" data-segment-position=\"7\">intensive <\/span><span id=\"output-word~4~8\" data-segment-position=\"8\">crimp.<\/span><\/span> <span id=\"output-sentence~5\"><span id=\"output-word~5~0\" data-segment-position=\"0\">Only <\/span><span id=\"output-word~5~1\" data-segment-position=\"1\">the <\/span><span id=\"output-word~5~2\" data-segment-position=\"14\">wool <\/span><span id=\"output-word~5~3\" data-segment-position=\"3\">from <\/span><span id=\"output-word~5~4\" data-segment-position=\"4\">shoulders, <\/span><span id=\"output-word~5~5\" data-segment-position=\"5\">neck <\/span><span id=\"output-word~5~6\" data-segment-position=\"6\">and <\/span><span id=\"output-word~5~7\" data-segment-position=\"7\">neck <\/span><span id=\"output-word~5~8\" data-segment-position=\"8\">is <\/span><span id=\"output-word~5~9\" data-segment-position=\"9\">for <\/span><span id=\"output-word~5~10\" data-segment-position=\"10\">Pure <\/span><span id=\"output-word~5~11\" data-segment-position=\"11\">Wool <\/span><span id=\"output-word~5~12\" data-segment-position=\"12\">is used. Only the<\/span><span id=\"output-word~5~13\" data-segment-position=\"13\">this <\/span><span id=\"output-word~5~14\" data-segment-position=\"14\">wool <\/span><span id=\"output-word~5~15\" data-segment-position=\"15\">corresponds <\/span><span id=\"output-word~5~17\" data-segment-position=\"17\">the <\/span><span id=\"output-word~5~18\" data-segment-position=\"18\">quality standards <\/span><span id=\"output-word~5~19\" data-segment-position=\"19\">of the <\/span><span id=\"output-word~5~20\" data-segment-position=\"20\">house <\/span><span id=\"output-word~5~21\" data-segment-position=\"21\">HEFEL.<\/span><\/span><\/p>\n<p>HEFEL Pure Wool mattress toppers guarantee an ideal sleeping climate &#8211; breathable and odor-inhibiting. This is achieved by the perfect combination of 100% <span id=\"output-sentence~3\"><span id=\"output-word~3~1\" data-segment-position=\"1\">pure new wool <\/span><\/span> in the filling and cotton fine satin with aloe vera in the fabric. A blessing for sensitive skin. Thanks to the BodyFit quilting, the comforter adapts to your body like a second skin and you sleep comfortably and restfully even when the room temperature fluctuates.   <\/p>\n<p>The optimum protection for the mattress. Filling weight 400 grams per square meter. Suitable for house dust allergy sufferers!  <\/p>\n<h3>The product: Pure Wool mattress topper from <a href=\"https:\/\/linen.eu\/brand\/hefel\/\">HEFEL<\/a><\/h3>\n<p>Filling: 100% virgin sheep&#8217;s wool<br \/>\nFabric: 100% cotton fine satin with aloe vera<br \/>\nWeight: 400 g\/m\u00b2<br \/>\nQuilting: With functional body quilting<br \/>\nColor: white<br \/>\nCare: 40 \u00b0C gentle wash, air dry<\/p>\n<h3>Tradition and <a href=\"https:\/\/https:\/\/linen.eu\/magazin\/\/\">know-how make HEFEL an expert<\/a> in restful sleep<\/h3>\n<p>The tradition of an Austrian family business and at the same time the love of revolutionary innovations make HEFEL the leading manufacturer of sustainable bedding. Thanks to its vast experience, HEFEL knows exactly what is important in a first-class comforter. It all starts with the selection of high-quality materials for the fabric and filling.   Careful workmanship &#8211; in the right combination of traditional craftsmanship and modern production techniques &#8211; brings out the full qualities of the materials. HEFEL pays particular attention to body-hugging quilting &#8211; this gives the quilts their sophisticated shape. All these elements are precisely coordinated to ensure an optimum sleeping climate  <\/p>\n<h3>Innovations for the best sleeping comfort<\/h3>\n<p>Thanks to years of active commitment to research and development, HEFEL is now a leading international innovator in the bedding sector. The introduction of ultra-modern functional fibers such as TENCEL\u00ae or SeaCell-Active for bedding has repeatedly brought prestigious international awards.  The continuous development of innovative manufacturing techniques enables the production of unsurpassably fine fabrics and the fluffiest comforter fillings.<\/p>\n<h3>Quality from Austria<\/h3>\n<p>Today, as in the past, HEFEL manufactures 100% of its bedding in Austria. This is just as much an integral part of the corporate culture as the employment of highly qualified specialists. They are often the second or third generation to work for HEFEL. With a great deal of experience, care and skill, they manufacture and test every single HEFEL comforter, piece by piece.   <\/p>\n<\/div>\n","protected":false},"excerpt":{"rendered":"<p data-start=\"165\" data-end=\"422\"><strong data-start=\"165\" data-end=\"209\">The Pure Wool mattress topper from HEFEL<\/strong> combines natural warmth with breathable lightness. Filled with 100 % pure new sheep&#8217;s wool from free-range French sheep, it ensures a pleasantly dry and balanced sleeping climate. The cover made of fine cotton fine satin with aloe vera pampers sensitive skin and underlines the soothing comfort. CO\u2082-neutral production and made in Austria &#8211; an expression of sustainable craftsmanship and authentic naturalness.   <\/p>\n","protected":false},"featured_media":3708,"comment_status":"open","ping_status":"closed","template":"","meta":{"_acf_changed":false},"product_brand":[4782,4786],"product_cat":[4489,4490,4491,4483,4484,3728,4485,3748,4486,4487,4488],"product_tag":[4492,3640],"class_list":{"0":"post-136588","1":"product","2":"type-product","3":"status-publish","4":"has-post-thumbnail","6":"product_brand-hefel","7":"product_brand-hefel-mattress-topper","8":"product_cat-200x200-2","9":"product_cat-80x220","10":"product_cat-virgin-wool-mattress-topper","11":"product_cat-mattress-toppers","12":"product_cat-140x200","13":"product_cat-bedroom","14":"product_cat-90x200","15":"product_cat-product","16":"product_cat-180x200","17":"product_cat-100x200","18":"product_cat-120x200","19":"product_tag-mattress-protector","20":"product_tag-all-year","22":"first","23":"instock","24":"taxable","25":"shipping-taxable","26":"purchasable","27":"product-type-variable"},"acf":[],"yoast_head":"<!-- This site is optimized with the Yoast SEO Premium plugin v27.3 (Yoast SEO v27.3) - https:\/\/yoast.com\/product\/yoast-seo-premium-wordpress\/ -->\n<title>Pure Wool mattress topper from HEFEL - Linen.eu<\/title>\n<meta name=\"description\" content=\"Pure Wool mattress topper from HEFEL \u2713 Dry sleeping climate and healthy rest \u2713 Quality Made in Austria. \u2764 Order conveniently online now\" \/>\n<meta name=\"robots\" content=\"index, follow, max-snippet:-1, max-image-preview:large, max-video-preview:-1\" \/>\n<link rel=\"canonical\" href=\"https:\/\/linen.eu\/en\/produkt\/pure-wool-mattress-topper-from-hefel\/\" \/>\n<meta property=\"og:locale\" content=\"en_US\" \/>\n<meta property=\"og:type\" content=\"article\" \/>\n<meta property=\"og:title\" content=\"Pure Wool mattress topper from HEFEL\" \/>\n<meta property=\"og:description\" content=\"Pure Wool mattress topper from HEFEL \u2713 Dry sleeping climate and healthy rest \u2713 Quality Made in Austria. \u2764 Order conveniently online now\" \/>\n<meta property=\"og:url\" content=\"https:\/\/linen.eu\/en\/produkt\/pure-wool-mattress-topper-from-hefel\/\" \/>\n<meta property=\"og:site_name\" content=\"Linen.eu\" \/>\n<meta property=\"article:publisher\" content=\"https:\/\/linen.eu\" \/>\n<meta property=\"article:modified_time\" content=\"2026-03-16T12:10:01+00:00\" \/>\n<meta property=\"og:image\" content=\"https:\/\/linen.eu\/wp-content\/uploads\/2025\/07\/HEFEL_Wellness_Vitasan_02.jpg\" \/>\n\t<meta property=\"og:image:width\" content=\"1600\" \/>\n\t<meta property=\"og:image:height\" content=\"1200\" \/>\n\t<meta property=\"og:image:type\" content=\"image\/jpeg\" \/>\n<meta name=\"twitter:card\" content=\"summary_large_image\" \/>\n<meta name=\"twitter:site\" content=\"@linenlounge\" \/>\n<meta name=\"twitter:label1\" content=\"Availability\" \/>\n\t<meta name=\"twitter:data1\" content=\"In stock\" \/>\n<script type=\"application\/ld+json\" class=\"yoast-schema-graph\">{\"@context\":\"https:\\\/\\\/schema.org\",\"@graph\":[{\"@type\":\"WebPage\",\"@id\":\"https:\\\/\\\/linen.eu\\\/en\\\/produkt\\\/pure-wool-mattress-topper-from-hefel\\\/\",\"url\":\"https:\\\/\\\/linen.eu\\\/en\\\/produkt\\\/pure-wool-mattress-topper-from-hefel\\\/\",\"name\":\"Pure Wool mattress topper from HEFEL - Linen.eu\",\"isPartOf\":{\"@id\":\"https:\\\/\\\/linen.eu\\\/en\\\/#website\"},\"primaryImageOfPage\":{\"@id\":\"https:\\\/\\\/linen.eu\\\/en\\\/produkt\\\/pure-wool-mattress-topper-from-hefel\\\/#primaryimage\"},\"image\":{\"@id\":\"https:\\\/\\\/linen.eu\\\/en\\\/produkt\\\/pure-wool-mattress-topper-from-hefel\\\/#primaryimage\"},\"thumbnailUrl\":\"https:\\\/\\\/linen.eu\\\/wp-content\\\/uploads\\\/2025\\\/07\\\/HEFEL_Wellness_Vitasan_02.jpg\",\"datePublished\":\"2025-07-17T13:26:36+00:00\",\"dateModified\":\"2026-03-16T12:10:01+00:00\",\"description\":\"Pure Wool mattress topper from HEFEL \u2713 Dry sleeping climate and healthy rest \u2713 Quality Made in Austria. \u2764 Order conveniently online now\",\"breadcrumb\":{\"@id\":\"https:\\\/\\\/linen.eu\\\/en\\\/produkt\\\/pure-wool-mattress-topper-from-hefel\\\/#breadcrumb\"},\"inLanguage\":\"en-US\",\"potentialAction\":[{\"@type\":\"ReadAction\",\"target\":[\"https:\\\/\\\/linen.eu\\\/en\\\/produkt\\\/pure-wool-mattress-topper-from-hefel\\\/\"]}]},{\"@type\":\"ImageObject\",\"inLanguage\":\"en-US\",\"@id\":\"https:\\\/\\\/linen.eu\\\/en\\\/produkt\\\/pure-wool-mattress-topper-from-hefel\\\/#primaryimage\",\"url\":\"https:\\\/\\\/linen.eu\\\/wp-content\\\/uploads\\\/2025\\\/07\\\/HEFEL_Wellness_Vitasan_02.jpg\",\"contentUrl\":\"https:\\\/\\\/linen.eu\\\/wp-content\\\/uploads\\\/2025\\\/07\\\/HEFEL_Wellness_Vitasan_02.jpg\",\"width\":1600,\"height\":1200,\"caption\":\"A neatly made bed with a white quilted duvet, matching pillows and a blue accent pillow. The wooden bed frame stands next to a small nightstand with a vase and candles, and a patterned rug lies on the floor.\"},{\"@type\":\"BreadcrumbList\",\"@id\":\"https:\\\/\\\/linen.eu\\\/en\\\/produkt\\\/pure-wool-mattress-topper-from-hefel\\\/#breadcrumb\",\"itemListElement\":[{\"@type\":\"ListItem\",\"position\":1,\"name\":\"Startseite\",\"item\":\"https:\\\/\\\/linen.eu\\\/en\\\/home\\\/\"},{\"@type\":\"ListItem\",\"position\":2,\"name\":\"Shop\",\"item\":\"https:\\\/\\\/linen.eu\\\/en\\\/shop\\\/\"},{\"@type\":\"ListItem\",\"position\":3,\"name\":\"Pure Wool mattress topper from HEFEL\"}]},{\"@type\":\"WebSite\",\"@id\":\"https:\\\/\\\/linen.eu\\\/en\\\/#website\",\"url\":\"https:\\\/\\\/linen.eu\\\/en\\\/\",\"name\":\"Linen.eu\",\"description\":\"\",\"publisher\":{\"@id\":\"https:\\\/\\\/linen.eu\\\/en\\\/#organization\"},\"potentialAction\":[{\"@type\":\"SearchAction\",\"target\":{\"@type\":\"EntryPoint\",\"urlTemplate\":\"https:\\\/\\\/linen.eu\\\/en\\\/?s={search_term_string}\"},\"query-input\":{\"@type\":\"PropertyValueSpecification\",\"valueRequired\":true,\"valueName\":\"search_term_string\"}}],\"inLanguage\":\"en-US\"},{\"@type\":\"Organization\",\"@id\":\"https:\\\/\\\/linen.eu\\\/en\\\/#organization\",\"name\":\"Linen Lounge\",\"alternateName\":\"linen.eu\",\"url\":\"https:\\\/\\\/linen.eu\\\/en\\\/\",\"logo\":{\"@type\":\"ImageObject\",\"inLanguage\":\"en-US\",\"@id\":\"https:\\\/\\\/linen.eu\\\/en\\\/#\\\/schema\\\/logo\\\/image\\\/\",\"url\":\"https:\\\/\\\/linen.eu\\\/wp-content\\\/uploads\\\/2025\\\/10\\\/LinenLounge-NEU2.webp\",\"contentUrl\":\"https:\\\/\\\/linen.eu\\\/wp-content\\\/uploads\\\/2025\\\/10\\\/LinenLounge-NEU2.webp\",\"width\":1800,\"height\":455,\"caption\":\"Linen Lounge\"},\"image\":{\"@id\":\"https:\\\/\\\/linen.eu\\\/en\\\/#\\\/schema\\\/logo\\\/image\\\/\"},\"sameAs\":[\"https:\\\/\\\/linen.eu\",\"https:\\\/\\\/x.com\\\/linenlounge\",\"https:\\\/\\\/www.instagram.com\\\/linen.lounge?igsh=MW81aGhiY2VxZGRpMw==&utm_source=qr\",\"http:\\\/\\\/www.youtube.com\\\/@Linenlounge\"],\"description\":\"Online Fachhandel f\u00fcr europ\u00e4ische Leinen-Bettw\u00e4sche und Heimtextilien aus traditionellen Webereien wie Leitner Leinen, Schlitzer Leinen, Libeco, Vieb\u00f6ck und Hoffmann.\",\"email\":\"info@linen.eu\",\"telephone\":\"+49 (0) 69 90738860\",\"legalName\":\"Linen UG (haftungsbeschr\u00e4nkt)\",\"foundingDate\":\"2015-04-08\",\"numberOfEmployees\":{\"@type\":\"QuantitativeValue\",\"minValue\":\"1\",\"maxValue\":\"10\"}}]}<\/script>\n<meta property=\"product:brand\" content=\"HEFEL Premium Bedding \u2013 The Real Fabric from Austria\" \/>\n<meta property=\"og:availability\" content=\"instock\" \/>\n<meta property=\"product:availability\" content=\"instock\" \/>\n<meta property=\"product:retailer_item_id\" content=\"114303750510\" \/>\n<meta property=\"product:condition\" content=\"new\" \/>\n<!-- \/ Yoast SEO Premium plugin. -->","yoast_head_json":{"title":"Pure Wool mattress topper from HEFEL - Linen.eu","description":"Pure Wool mattress topper from HEFEL \u2713 Dry sleeping climate and healthy rest \u2713 Quality Made in Austria. \u2764 Order conveniently online now","robots":{"index":"index","follow":"follow","max-snippet":"max-snippet:-1","max-image-preview":"max-image-preview:large","max-video-preview":"max-video-preview:-1"},"canonical":"https:\/\/linen.eu\/en\/produkt\/pure-wool-mattress-topper-from-hefel\/","og_locale":"en_US","og_type":"article","og_title":"Pure Wool mattress topper from HEFEL","og_description":"Pure Wool mattress topper from HEFEL \u2713 Dry sleeping climate and healthy rest \u2713 Quality Made in Austria. \u2764 Order conveniently online now","og_url":"https:\/\/linen.eu\/en\/produkt\/pure-wool-mattress-topper-from-hefel\/","og_site_name":"Linen.eu","article_publisher":"https:\/\/linen.eu","article_modified_time":"2026-03-16T12:10:01+00:00","og_image":[{"width":1600,"height":1200,"url":"https:\/\/linen.eu\/wp-content\/uploads\/2025\/07\/HEFEL_Wellness_Vitasan_02.jpg","type":"image\/jpeg"}],"twitter_card":"summary_large_image","twitter_site":"@linenlounge","twitter_misc":{"Availability":"In stock"},"schema":{"@context":"https:\/\/schema.org","@graph":[{"@type":"WebPage","@id":"https:\/\/linen.eu\/en\/produkt\/pure-wool-mattress-topper-from-hefel\/","url":"https:\/\/linen.eu\/en\/produkt\/pure-wool-mattress-topper-from-hefel\/","name":"Pure Wool mattress topper from HEFEL - Linen.eu","isPartOf":{"@id":"https:\/\/linen.eu\/en\/#website"},"primaryImageOfPage":{"@id":"https:\/\/linen.eu\/en\/produkt\/pure-wool-mattress-topper-from-hefel\/#primaryimage"},"image":{"@id":"https:\/\/linen.eu\/en\/produkt\/pure-wool-mattress-topper-from-hefel\/#primaryimage"},"thumbnailUrl":"https:\/\/linen.eu\/wp-content\/uploads\/2025\/07\/HEFEL_Wellness_Vitasan_02.jpg","datePublished":"2025-07-17T13:26:36+00:00","dateModified":"2026-03-16T12:10:01+00:00","description":"Pure Wool mattress topper from HEFEL \u2713 Dry sleeping climate and healthy rest \u2713 Quality Made in Austria. \u2764 Order conveniently online now","breadcrumb":{"@id":"https:\/\/linen.eu\/en\/produkt\/pure-wool-mattress-topper-from-hefel\/#breadcrumb"},"inLanguage":"en-US","potentialAction":[{"@type":"ReadAction","target":["https:\/\/linen.eu\/en\/produkt\/pure-wool-mattress-topper-from-hefel\/"]}]},{"@type":"ImageObject","inLanguage":"en-US","@id":"https:\/\/linen.eu\/en\/produkt\/pure-wool-mattress-topper-from-hefel\/#primaryimage","url":"https:\/\/linen.eu\/wp-content\/uploads\/2025\/07\/HEFEL_Wellness_Vitasan_02.jpg","contentUrl":"https:\/\/linen.eu\/wp-content\/uploads\/2025\/07\/HEFEL_Wellness_Vitasan_02.jpg","width":1600,"height":1200,"caption":"A neatly made bed with a white quilted duvet, matching pillows and a blue accent pillow. The wooden bed frame stands next to a small nightstand with a vase and candles, and a patterned rug lies on the floor."},{"@type":"BreadcrumbList","@id":"https:\/\/linen.eu\/en\/produkt\/pure-wool-mattress-topper-from-hefel\/#breadcrumb","itemListElement":[{"@type":"ListItem","position":1,"name":"Startseite","item":"https:\/\/linen.eu\/en\/home\/"},{"@type":"ListItem","position":2,"name":"Shop","item":"https:\/\/linen.eu\/en\/shop\/"},{"@type":"ListItem","position":3,"name":"Pure Wool mattress topper from HEFEL"}]},{"@type":"WebSite","@id":"https:\/\/linen.eu\/en\/#website","url":"https:\/\/linen.eu\/en\/","name":"Linen.eu","description":"","publisher":{"@id":"https:\/\/linen.eu\/en\/#organization"},"potentialAction":[{"@type":"SearchAction","target":{"@type":"EntryPoint","urlTemplate":"https:\/\/linen.eu\/en\/?s={search_term_string}"},"query-input":{"@type":"PropertyValueSpecification","valueRequired":true,"valueName":"search_term_string"}}],"inLanguage":"en-US"},{"@type":"Organization","@id":"https:\/\/linen.eu\/en\/#organization","name":"Linen Lounge","alternateName":"linen.eu","url":"https:\/\/linen.eu\/en\/","logo":{"@type":"ImageObject","inLanguage":"en-US","@id":"https:\/\/linen.eu\/en\/#\/schema\/logo\/image\/","url":"https:\/\/linen.eu\/wp-content\/uploads\/2025\/10\/LinenLounge-NEU2.webp","contentUrl":"https:\/\/linen.eu\/wp-content\/uploads\/2025\/10\/LinenLounge-NEU2.webp","width":1800,"height":455,"caption":"Linen Lounge"},"image":{"@id":"https:\/\/linen.eu\/en\/#\/schema\/logo\/image\/"},"sameAs":["https:\/\/linen.eu","https:\/\/x.com\/linenlounge","https:\/\/www.instagram.com\/linen.lounge?igsh=MW81aGhiY2VxZGRpMw==&utm_source=qr","http:\/\/www.youtube.com\/@Linenlounge"],"description":"Online Fachhandel f\u00fcr europ\u00e4ische Leinen-Bettw\u00e4sche und Heimtextilien aus traditionellen Webereien wie Leitner Leinen, Schlitzer Leinen, Libeco, Vieb\u00f6ck und Hoffmann.","email":"info@linen.eu","telephone":"+49 (0) 69 90738860","legalName":"Linen UG (haftungsbeschr\u00e4nkt)","foundingDate":"2015-04-08","numberOfEmployees":{"@type":"QuantitativeValue","minValue":"1","maxValue":"10"}}]},"product_brand":"HEFEL Premium Bedding \u2013 The Real Fabric from Austria","og_availability":"instock","product_availability":"instock","product_retailer_item_id":"114303750510","product_condition":"new"},"_links":{"self":[{"href":"https:\/\/linen.eu\/en\/wp-json\/wp\/v2\/product\/136588","targetHints":{"allow":["GET"]}}],"collection":[{"href":"https:\/\/linen.eu\/en\/wp-json\/wp\/v2\/product"}],"about":[{"href":"https:\/\/linen.eu\/en\/wp-json\/wp\/v2\/types\/product"}],"replies":[{"embeddable":true,"href":"https:\/\/linen.eu\/en\/wp-json\/wp\/v2\/comments?post=136588"}],"wp:featuredmedia":[{"embeddable":true,"href":"https:\/\/linen.eu\/en\/wp-json\/wp\/v2\/media\/3708"}],"wp:attachment":[{"href":"https:\/\/linen.eu\/en\/wp-json\/wp\/v2\/media?parent=136588"}],"wp:term":[{"taxonomy":"product_brand","embeddable":true,"href":"https:\/\/linen.eu\/en\/wp-json\/wp\/v2\/product_brand?post=136588"},{"taxonomy":"product_cat","embeddable":true,"href":"https:\/\/linen.eu\/en\/wp-json\/wp\/v2\/product_cat?post=136588"},{"taxonomy":"product_tag","embeddable":true,"href":"https:\/\/linen.eu\/en\/wp-json\/wp\/v2\/product_tag?post=136588"}],"curies":[{"name":"wp","href":"https:\/\/api.w.org\/{rel}","templated":true}]}}