{"id":136612,"date":"2025-07-17T15:26:37","date_gmt":"2025-07-17T13:26:37","guid":{"rendered":"https:\/\/linen.eu\/produkt\/pure-bamboo-all-season-comforter-from-hefel\/"},"modified":"2026-04-12T00:07:31","modified_gmt":"2026-04-11T22:07:31","slug":"pure-bamboo-all-season-comforter-from-hefel","status":"publish","type":"product","link":"https:\/\/linen.eu\/en\/produkt\/pure-bamboo-all-season-comforter-from-hefel\/","title":{"rendered":"Pure Bamboo all-season comforter from HEFEL"},"content":{"rendered":"<h2>&#8220;Pure Bamboo all-season comforter from HEFEL&#8221;<\/h2>\n<p>Pure Bamboo all-season comforter from HEFEL &#8211; pure nature! The comforter filling consists of 80% bamboo fiber and 20% corn and ensures an optimum microclimate in bed. It creates optimum sleeping conditions because it regulates temperature and moisture. HEFEL Pure Bamboo comforters, made of high-quality cotton fabric, are very easy to care for and have a long life. They are ideal for refreshing summer evenings, but can also be used all year round as a city comforter.    <\/p>\n<p>HEFEL Pure Bamboo comforters guarantee an ideal sleeping climate &#8211; breathable and odor-inhibiting. This is achieved by the perfect combination of 80% bamboo fiber and 20% corn in the filling and cotton fine satin with aloe vera in the fabric. A blessing for sensitive skin. Thanks to the BodyFit quilting, the comforter adapts to your body like a second skin and you sleep comfortably and restfully even when the room temperature fluctuates.   <\/p>\n<p>The ideal comforter for the whole year. Filling weight 430 grams per square meter. Suitable for house dust allergy sufferers!  <\/p>\n<h3>The product: Pure Bamboo all-season comforter from <a href=\"https:\/\/linen.eu\/brand\/hefel\/\" data-prosemirror-content-type=\"mark\" data-prosemirror-mark-name=\"link\">HEFEL<\/a><\/h3>\n<p>Filling: 80% bamboo fiber and 20% corn<br \/>\nFabric: 100% cotton fine satin with aloe vera<br \/>\nWeight: 430 g\/m\u00b2<br \/>\nQuilting: With functional body quilting<br \/>\nColor: white<br \/>\nCare: 60 \u00b0C gentle wash, air dry<\/p>\n<h3>Tradition and <a href=\"https:\/\/linen.eu\/en\/magazine\/\" data-prosemirror-content-type=\"mark\" data-prosemirror-mark-name=\"link\">know-how make HEFEL an expert <\/a>in restful sleep<\/h3>\n<p>The tradition of an Austrian family business and at the same time a love of revolutionary innovations make HEFEL the leading manufacturer of sustainable bedding. Thanks to its vast experience, HEFEL knows exactly what is important in a first-class comforter. It all starts with the selection of high-quality materials for the fabric and filling. Careful workmanship &#8211; in the right combination of traditional craftsmanship and modern production techniques &#8211; brings out the full qualities of the materials. HEFEL pays particular attention to body-hugging quilting &#8211; this gives the quilts their sophisticated shape. All these elements are precisely coordinated to ensure an optimum sleeping climate     <\/p>\n<h3>Innovations for the best sleeping comfort<\/h3>\n<p>Thanks to years of active commitment to research and development, HEFEL is now a leading international innovator in the bedding sector. The introduction of ultra-modern functional fibers such as TENCEL\u00ae or SeaCell-Active for bedding has repeatedly brought prestigious international awards.  The continuous development of innovative manufacturing techniques enables the production of unsurpassably fine fabrics and the fluffiest comforter fillings.<\/p>\n<h3>Quality from Austria<\/h3>\n<p>Today, as in the past, HEFEL manufactures 100% of its bedding in Austria. This is just as much an integral part of the corporate culture as the employment of highly qualified specialists. They are often the second or third generation to work for HEFEL. With a great deal of experience, care and skill, they manufacture and test every single HEFEL comforter, piece by piece.   <\/p>\n","protected":false},"excerpt":{"rendered":"<p data-start=\"207\" data-end=\"531\">The <strong data-start=\"211\" data-end=\"248\">HEFEL Pure Bamboo all-season comforter<\/strong> stands for pure naturalness and a balanced sleeping climate. The combination of <strong data-start=\"329\" data-end=\"349\">80 % bamboo fiber<\/strong> and <strong data-start=\"354\" data-end=\"367\">20 % corn<\/strong> ensures natural freshness, optimum moisture regulation and high breathability &#8211; ideal for a pleasant, dry sleeping feeling all year round. The <strong data-start=\"537\" data-end=\"580\">cotton fine satin fabric with aloe vera<\/strong> is particularly gentle on the skin and easy to care for. Thanks to the <strong data-start=\"637\" data-end=\"657\">BodyFit quilting<\/strong>, the comforter hugs the body perfectly and offers cozy comfort at any temperature.   <\/p>\n","protected":false},"featured_media":3612,"comment_status":"open","ping_status":"closed","template":"","meta":{"_acf_changed":false},"product_brand":[4782,4784],"product_cat":[3728,3748,4009,4010],"product_tag":[3640,3731],"class_list":{"0":"post-136612","1":"product","2":"type-product","3":"status-publish","4":"has-post-thumbnail","6":"product_brand-hefel","7":"product_brand-hefel-all-season-duvet","8":"product_cat-bedroom","9":"product_cat-product","10":"product_cat-duvets","11":"product_cat-all-season-duvet","12":"product_tag-all-year","13":"product_tag-natural-fiber","15":"first","16":"instock","17":"taxable","18":"shipping-taxable","19":"purchasable","20":"product-type-variable"},"acf":[],"yoast_head":"<!-- This site is optimized with the Yoast SEO Premium plugin v27.3 (Yoast SEO v27.3) - https:\/\/yoast.com\/product\/yoast-seo-premium-wordpress\/ -->\n<title>Pure Bamboo all-season comforter from HEFEL - Linen.eu<\/title>\n<meta name=\"description\" content=\"Pure Bamboo all-season comforter from HEFEL \u2713 Dry sleeping climate and healthy relaxation \u2713 Quality Made in Austria. \u2764 Order conveniently online now\" \/>\n<meta name=\"robots\" content=\"index, follow, max-snippet:-1, max-image-preview:large, max-video-preview:-1\" \/>\n<link rel=\"canonical\" href=\"https:\/\/linen.eu\/en\/produkt\/pure-bamboo-all-season-comforter-from-hefel\/\" \/>\n<meta property=\"og:locale\" content=\"en_US\" \/>\n<meta property=\"og:type\" content=\"article\" \/>\n<meta property=\"og:title\" content=\"Pure Bamboo all-season comforter from HEFEL\" \/>\n<meta property=\"og:description\" content=\"Pure Bamboo all-season comforter from HEFEL \u2713 Dry sleeping climate and healthy relaxation \u2713 Quality Made in Austria. \u2764 Order conveniently online now\" \/>\n<meta property=\"og:url\" content=\"https:\/\/linen.eu\/en\/produkt\/pure-bamboo-all-season-comforter-from-hefel\/\" \/>\n<meta property=\"og:site_name\" content=\"Linen.eu\" \/>\n<meta property=\"article:publisher\" content=\"https:\/\/linen.eu\" \/>\n<meta property=\"article:modified_time\" content=\"2026-04-11T22:07:31+00:00\" \/>\n<meta property=\"og:image\" content=\"https:\/\/linen.eu\/wp-content\/uploads\/2025\/07\/HEFEL_KlimaControl_Comfort_Image5.jpg\" \/>\n\t<meta property=\"og:image:width\" content=\"1600\" \/>\n\t<meta property=\"og:image:height\" content=\"1200\" \/>\n\t<meta property=\"og:image:type\" content=\"image\/jpeg\" \/>\n<meta name=\"twitter:card\" content=\"summary_large_image\" \/>\n<meta name=\"twitter:site\" content=\"@linenlounge\" \/>\n<meta name=\"twitter:label1\" content=\"Availability\" \/>\n\t<meta name=\"twitter:data1\" content=\"In stock\" \/>\n<script type=\"application\/ld+json\" class=\"yoast-schema-graph\">{\"@context\":\"https:\\\/\\\/schema.org\",\"@graph\":[{\"@type\":\"WebPage\",\"@id\":\"https:\\\/\\\/linen.eu\\\/en\\\/produkt\\\/pure-bamboo-all-season-comforter-from-hefel\\\/\",\"url\":\"https:\\\/\\\/linen.eu\\\/en\\\/produkt\\\/pure-bamboo-all-season-comforter-from-hefel\\\/\",\"name\":\"Pure Bamboo all-season comforter from HEFEL - Linen.eu\",\"isPartOf\":{\"@id\":\"https:\\\/\\\/linen.eu\\\/en\\\/#website\"},\"primaryImageOfPage\":{\"@id\":\"https:\\\/\\\/linen.eu\\\/en\\\/produkt\\\/pure-bamboo-all-season-comforter-from-hefel\\\/#primaryimage\"},\"image\":{\"@id\":\"https:\\\/\\\/linen.eu\\\/en\\\/produkt\\\/pure-bamboo-all-season-comforter-from-hefel\\\/#primaryimage\"},\"thumbnailUrl\":\"https:\\\/\\\/linen.eu\\\/wp-content\\\/uploads\\\/2025\\\/07\\\/HEFEL_KlimaControl_Comfort_Image5.jpg\",\"datePublished\":\"2025-07-17T13:26:37+00:00\",\"dateModified\":\"2026-04-11T22:07:31+00:00\",\"description\":\"Pure Bamboo all-season comforter from HEFEL \u2713 Dry sleeping climate and healthy relaxation \u2713 Quality Made in Austria. \u2764 Order conveniently online now\",\"breadcrumb\":{\"@id\":\"https:\\\/\\\/linen.eu\\\/en\\\/produkt\\\/pure-bamboo-all-season-comforter-from-hefel\\\/#breadcrumb\"},\"inLanguage\":\"en-US\",\"potentialAction\":[{\"@type\":\"ReadAction\",\"target\":[\"https:\\\/\\\/linen.eu\\\/en\\\/produkt\\\/pure-bamboo-all-season-comforter-from-hefel\\\/\"]}]},{\"@type\":\"ImageObject\",\"inLanguage\":\"en-US\",\"@id\":\"https:\\\/\\\/linen.eu\\\/en\\\/produkt\\\/pure-bamboo-all-season-comforter-from-hefel\\\/#primaryimage\",\"url\":\"https:\\\/\\\/linen.eu\\\/wp-content\\\/uploads\\\/2025\\\/07\\\/HEFEL_KlimaControl_Comfort_Image5.jpg\",\"contentUrl\":\"https:\\\/\\\/linen.eu\\\/wp-content\\\/uploads\\\/2025\\\/07\\\/HEFEL_KlimaControl_Comfort_Image5.jpg\",\"width\":1600,\"height\":1200,\"caption\":\"On a brown leather armchair lie a white pillow and a duvet, another white pillow lies on a black stool next to copper decorative items and a grey curtain in the background.\"},{\"@type\":\"BreadcrumbList\",\"@id\":\"https:\\\/\\\/linen.eu\\\/en\\\/produkt\\\/pure-bamboo-all-season-comforter-from-hefel\\\/#breadcrumb\",\"itemListElement\":[{\"@type\":\"ListItem\",\"position\":1,\"name\":\"Startseite\",\"item\":\"https:\\\/\\\/linen.eu\\\/en\\\/home\\\/\"},{\"@type\":\"ListItem\",\"position\":2,\"name\":\"Shop\",\"item\":\"https:\\\/\\\/linen.eu\\\/en\\\/shop\\\/\"},{\"@type\":\"ListItem\",\"position\":3,\"name\":\"Pure Bamboo all-season comforter from HEFEL\"}]},{\"@type\":\"WebSite\",\"@id\":\"https:\\\/\\\/linen.eu\\\/en\\\/#website\",\"url\":\"https:\\\/\\\/linen.eu\\\/en\\\/\",\"name\":\"Linen.eu\",\"description\":\"\",\"publisher\":{\"@id\":\"https:\\\/\\\/linen.eu\\\/en\\\/#organization\"},\"potentialAction\":[{\"@type\":\"SearchAction\",\"target\":{\"@type\":\"EntryPoint\",\"urlTemplate\":\"https:\\\/\\\/linen.eu\\\/en\\\/?s={search_term_string}\"},\"query-input\":{\"@type\":\"PropertyValueSpecification\",\"valueRequired\":true,\"valueName\":\"search_term_string\"}}],\"inLanguage\":\"en-US\"},{\"@type\":\"Organization\",\"@id\":\"https:\\\/\\\/linen.eu\\\/en\\\/#organization\",\"name\":\"Linen Lounge\",\"alternateName\":\"linen.eu\",\"url\":\"https:\\\/\\\/linen.eu\\\/en\\\/\",\"logo\":{\"@type\":\"ImageObject\",\"inLanguage\":\"en-US\",\"@id\":\"https:\\\/\\\/linen.eu\\\/en\\\/#\\\/schema\\\/logo\\\/image\\\/\",\"url\":\"https:\\\/\\\/linen.eu\\\/wp-content\\\/uploads\\\/2025\\\/10\\\/LinenLounge-NEU2.webp\",\"contentUrl\":\"https:\\\/\\\/linen.eu\\\/wp-content\\\/uploads\\\/2025\\\/10\\\/LinenLounge-NEU2.webp\",\"width\":1800,\"height\":455,\"caption\":\"Linen Lounge\"},\"image\":{\"@id\":\"https:\\\/\\\/linen.eu\\\/en\\\/#\\\/schema\\\/logo\\\/image\\\/\"},\"sameAs\":[\"https:\\\/\\\/linen.eu\",\"https:\\\/\\\/x.com\\\/linenlounge\",\"https:\\\/\\\/www.instagram.com\\\/linen.lounge?igsh=MW81aGhiY2VxZGRpMw==&utm_source=qr\",\"http:\\\/\\\/www.youtube.com\\\/@Linenlounge\"],\"description\":\"Online Fachhandel f\u00fcr europ\u00e4ische Leinen-Bettw\u00e4sche und Heimtextilien aus traditionellen Webereien wie Leitner Leinen, Schlitzer Leinen, Libeco, Vieb\u00f6ck und Hoffmann.\",\"email\":\"info@linen.eu\",\"telephone\":\"+49 (0) 69 90738860\",\"legalName\":\"Linen UG (haftungsbeschr\u00e4nkt)\",\"foundingDate\":\"2015-04-08\",\"numberOfEmployees\":{\"@type\":\"QuantitativeValue\",\"minValue\":\"1\",\"maxValue\":\"10\"}}]}<\/script>\n<meta property=\"product:brand\" content=\"HEFEL Premium Bedding \u2013 The Real Fabric from Austria\" \/>\n<meta property=\"og:availability\" content=\"instock\" \/>\n<meta property=\"product:availability\" content=\"instock\" \/>\n<meta property=\"product:retailer_item_id\" content=\"114303450610\" \/>\n<meta property=\"product:condition\" content=\"new\" \/>\n<!-- \/ Yoast SEO Premium plugin. -->","yoast_head_json":{"title":"Pure Bamboo all-season comforter from HEFEL - Linen.eu","description":"Pure Bamboo all-season comforter from HEFEL \u2713 Dry sleeping climate and healthy relaxation \u2713 Quality Made in Austria. \u2764 Order conveniently online now","robots":{"index":"index","follow":"follow","max-snippet":"max-snippet:-1","max-image-preview":"max-image-preview:large","max-video-preview":"max-video-preview:-1"},"canonical":"https:\/\/linen.eu\/en\/produkt\/pure-bamboo-all-season-comforter-from-hefel\/","og_locale":"en_US","og_type":"article","og_title":"Pure Bamboo all-season comforter from HEFEL","og_description":"Pure Bamboo all-season comforter from HEFEL \u2713 Dry sleeping climate and healthy relaxation \u2713 Quality Made in Austria. \u2764 Order conveniently online now","og_url":"https:\/\/linen.eu\/en\/produkt\/pure-bamboo-all-season-comforter-from-hefel\/","og_site_name":"Linen.eu","article_publisher":"https:\/\/linen.eu","article_modified_time":"2026-04-11T22:07:31+00:00","og_image":[{"width":1600,"height":1200,"url":"https:\/\/linen.eu\/wp-content\/uploads\/2025\/07\/HEFEL_KlimaControl_Comfort_Image5.jpg","type":"image\/jpeg"}],"twitter_card":"summary_large_image","twitter_site":"@linenlounge","twitter_misc":{"Availability":"In stock"},"schema":{"@context":"https:\/\/schema.org","@graph":[{"@type":"WebPage","@id":"https:\/\/linen.eu\/en\/produkt\/pure-bamboo-all-season-comforter-from-hefel\/","url":"https:\/\/linen.eu\/en\/produkt\/pure-bamboo-all-season-comforter-from-hefel\/","name":"Pure Bamboo all-season comforter from HEFEL - Linen.eu","isPartOf":{"@id":"https:\/\/linen.eu\/en\/#website"},"primaryImageOfPage":{"@id":"https:\/\/linen.eu\/en\/produkt\/pure-bamboo-all-season-comforter-from-hefel\/#primaryimage"},"image":{"@id":"https:\/\/linen.eu\/en\/produkt\/pure-bamboo-all-season-comforter-from-hefel\/#primaryimage"},"thumbnailUrl":"https:\/\/linen.eu\/wp-content\/uploads\/2025\/07\/HEFEL_KlimaControl_Comfort_Image5.jpg","datePublished":"2025-07-17T13:26:37+00:00","dateModified":"2026-04-11T22:07:31+00:00","description":"Pure Bamboo all-season comforter from HEFEL \u2713 Dry sleeping climate and healthy relaxation \u2713 Quality Made in Austria. \u2764 Order conveniently online now","breadcrumb":{"@id":"https:\/\/linen.eu\/en\/produkt\/pure-bamboo-all-season-comforter-from-hefel\/#breadcrumb"},"inLanguage":"en-US","potentialAction":[{"@type":"ReadAction","target":["https:\/\/linen.eu\/en\/produkt\/pure-bamboo-all-season-comforter-from-hefel\/"]}]},{"@type":"ImageObject","inLanguage":"en-US","@id":"https:\/\/linen.eu\/en\/produkt\/pure-bamboo-all-season-comforter-from-hefel\/#primaryimage","url":"https:\/\/linen.eu\/wp-content\/uploads\/2025\/07\/HEFEL_KlimaControl_Comfort_Image5.jpg","contentUrl":"https:\/\/linen.eu\/wp-content\/uploads\/2025\/07\/HEFEL_KlimaControl_Comfort_Image5.jpg","width":1600,"height":1200,"caption":"On a brown leather armchair lie a white pillow and a duvet, another white pillow lies on a black stool next to copper decorative items and a grey curtain in the background."},{"@type":"BreadcrumbList","@id":"https:\/\/linen.eu\/en\/produkt\/pure-bamboo-all-season-comforter-from-hefel\/#breadcrumb","itemListElement":[{"@type":"ListItem","position":1,"name":"Startseite","item":"https:\/\/linen.eu\/en\/home\/"},{"@type":"ListItem","position":2,"name":"Shop","item":"https:\/\/linen.eu\/en\/shop\/"},{"@type":"ListItem","position":3,"name":"Pure Bamboo all-season comforter from HEFEL"}]},{"@type":"WebSite","@id":"https:\/\/linen.eu\/en\/#website","url":"https:\/\/linen.eu\/en\/","name":"Linen.eu","description":"","publisher":{"@id":"https:\/\/linen.eu\/en\/#organization"},"potentialAction":[{"@type":"SearchAction","target":{"@type":"EntryPoint","urlTemplate":"https:\/\/linen.eu\/en\/?s={search_term_string}"},"query-input":{"@type":"PropertyValueSpecification","valueRequired":true,"valueName":"search_term_string"}}],"inLanguage":"en-US"},{"@type":"Organization","@id":"https:\/\/linen.eu\/en\/#organization","name":"Linen Lounge","alternateName":"linen.eu","url":"https:\/\/linen.eu\/en\/","logo":{"@type":"ImageObject","inLanguage":"en-US","@id":"https:\/\/linen.eu\/en\/#\/schema\/logo\/image\/","url":"https:\/\/linen.eu\/wp-content\/uploads\/2025\/10\/LinenLounge-NEU2.webp","contentUrl":"https:\/\/linen.eu\/wp-content\/uploads\/2025\/10\/LinenLounge-NEU2.webp","width":1800,"height":455,"caption":"Linen Lounge"},"image":{"@id":"https:\/\/linen.eu\/en\/#\/schema\/logo\/image\/"},"sameAs":["https:\/\/linen.eu","https:\/\/x.com\/linenlounge","https:\/\/www.instagram.com\/linen.lounge?igsh=MW81aGhiY2VxZGRpMw==&utm_source=qr","http:\/\/www.youtube.com\/@Linenlounge"],"description":"Online Fachhandel f\u00fcr europ\u00e4ische Leinen-Bettw\u00e4sche und Heimtextilien aus traditionellen Webereien wie Leitner Leinen, Schlitzer Leinen, Libeco, Vieb\u00f6ck und Hoffmann.","email":"info@linen.eu","telephone":"+49 (0) 69 90738860","legalName":"Linen UG (haftungsbeschr\u00e4nkt)","foundingDate":"2015-04-08","numberOfEmployees":{"@type":"QuantitativeValue","minValue":"1","maxValue":"10"}}]},"product_brand":"HEFEL Premium Bedding \u2013 The Real Fabric from Austria","og_availability":"instock","product_availability":"instock","product_retailer_item_id":"114303450610","product_condition":"new"},"_links":{"self":[{"href":"https:\/\/linen.eu\/en\/wp-json\/wp\/v2\/product\/136612","targetHints":{"allow":["GET"]}}],"collection":[{"href":"https:\/\/linen.eu\/en\/wp-json\/wp\/v2\/product"}],"about":[{"href":"https:\/\/linen.eu\/en\/wp-json\/wp\/v2\/types\/product"}],"replies":[{"embeddable":true,"href":"https:\/\/linen.eu\/en\/wp-json\/wp\/v2\/comments?post=136612"}],"wp:featuredmedia":[{"embeddable":true,"href":"https:\/\/linen.eu\/en\/wp-json\/wp\/v2\/media\/3612"}],"wp:attachment":[{"href":"https:\/\/linen.eu\/en\/wp-json\/wp\/v2\/media?parent=136612"}],"wp:term":[{"taxonomy":"product_brand","embeddable":true,"href":"https:\/\/linen.eu\/en\/wp-json\/wp\/v2\/product_brand?post=136612"},{"taxonomy":"product_cat","embeddable":true,"href":"https:\/\/linen.eu\/en\/wp-json\/wp\/v2\/product_cat?post=136612"},{"taxonomy":"product_tag","embeddable":true,"href":"https:\/\/linen.eu\/en\/wp-json\/wp\/v2\/product_tag?post=136612"}],"curies":[{"name":"wp","href":"https:\/\/api.w.org\/{rel}","templated":true}]}}