{"id":136656,"date":"2025-07-17T15:26:12","date_gmt":"2025-07-17T13:26:12","guid":{"rendered":"https:\/\/linen.eu\/produkt\/pure-camel-all-season-comforter-light-from-hefel\/"},"modified":"2026-03-16T13:10:13","modified_gmt":"2026-03-16T12:10:13","slug":"pure-camel-all-season-comforter-light-from-hefel","status":"publish","type":"product","link":"https:\/\/linen.eu\/en\/produkt\/pure-camel-all-season-comforter-light-from-hefel\/","title":{"rendered":"Pure Camel all-season comforter light from HEFEL"},"content":{"rendered":"<h2>&#8220;Pure Camel all-season comforter light from HEFEL &#8220;<\/h2>\n<p>The Pure Camel all-season comforter light from HEFEL has excellent heat retention properties. Pure Camel comforters are by far the lightest natural hair comforters in terms of their warmth. Due to their fineness and the unique fluffiness of all natural hairs, the downy hairs have an unsurpassed softness and suppleness.  <\/p>\n<p>HEFEL camels live in climatic zones where the temperature varies greatly between day and night, reaching up to 60 degrees Celsius. Their coat is perfectly suited to these conditions and has an extremely effective temperature balancing function. The characteristics of a &#8220;natural air conditioner&#8221; are that it provides excellent warmth on the one hand, but also protects against heat on the other, as it is highly breathable. This effect is supported in Pure Camel by the 100% TENCELTM fabric, which wicks moisture away from the body particularly quickly. Only the heavenly soft downy hair of Mongolian camels is used for Pure Camel comforters.    <\/p>\n<p>HEFEL Pure Camel comforters guarantee an ideal sleeping climate &#8211; especially for people with allergies. Although the comforter is ideally warm, the bed always feels pleasantly dry. This is achieved by the perfect combination of 100% camel hair in the filling and TENCEL\u00ae in the fabric. A blessing for sensitive skin. Thanks to the BodyFit quilting, the comforter adapts to your body like a second skin and you sleep comfortably and restfully even when the room temperature fluctuates.    <\/p>\n<ul>\n<li>Naturally cooling and revitalizing composition of camel hair and TENCEL\u00ae fabric<\/li>\n<li>Downy hair from Mongolian camels warms better than almost any other filling fiber<\/li>\n<li>Optimum moisture management thanks to Nanofibrill technology<\/li>\n<li>Dermatologically tested, ideal for sensitive skin<\/li>\n<li>No chance for bacteria<\/li>\n<li>Extremely light and cuddly for unparalleled sleeping pleasure<\/li>\n<\/ul>\n<h3>The product: Pure Camel all-season comforter from <a href=\"https:\/\/linen.eu\/brand\/hefel\/\" data-prosemirror-content-type=\"mark\" data-prosemirror-mark-name=\"link\">HEFEL<\/a><\/h3>\n<p>Filling: 100% downy hair from Mongolian camels<br \/>\nFabric: 100 % Tencel satin<br \/>\nWeight: 250g\/m\u00b2<br \/>\nQuilting: With functional body quilting<br \/>\nColor: white<br \/>\nCare: 60 \u00b0C gentle wash, air dry<\/p>\n<p>The ideal comforter for the whole year. Filling weight 250 grams per square meter. Suitable for house dust allergy sufferers! The cashmere comforters are custom-made. Delivery takes approx. 3 weeks. We recommend the HEFEL Pure Silk pillows and the HEFEL Pure Silk pillowcases     <\/p>\n<h3>Tradition and <a href=\"https:\/\/https:\/\/linen.eu\/magazin\/\/\" data-prosemirror-content-type=\"mark\" data-prosemirror-mark-name=\"link\">know-how make HEFEL an expert <\/a>in restful sleep<\/h3>\n<p>The tradition of an Austrian family business and at the same time a love of revolutionary innovations &#8211; this is what makes HEFEL the leading manufacturer of sustainable bedding. Thanks to its vast experience, HEFEL knows exactly what is important in a first-class comforter. It all starts with the selection of high-quality materials for the fabric and filling. Careful processing &#8211; in the right combination of traditional craftsmanship and modern production techniques &#8211; brings out the full qualities of the materials. HEFEL pays particular attention to body-hugging quilting &#8211; this gives the quilts their sophisticated shape. All these elements are precisely coordinated to ensure an optimum sleeping climate     <\/p>\n<h3>Innovations for the best sleeping comfort<\/h3>\n<p>Thanks to years of active commitment to research and development, HEFEL is now a leading international innovator in the bedding sector. The introduction of ultra-modern functional fibers such as TENCEL\u00ae or SeaCell-Active for bedding has repeatedly brought prestigious international awards.  The continuous development of innovative manufacturing techniques enables the production of unsurpassably fine fabrics and the fluffiest comforter fillings.<\/p>\n<h3>Quality from Austria<\/h3>\n<p>Today, as in the past, HEFEL bedding is manufactured 100% in Austria. This is just as much an integral part of the corporate culture as the employment of highly qualified specialists. They are often the second or third generation to work for HEFEL. With a great deal of experience, care and skill, they manufacture and test every single HEFEL comforter, piece by piece.   <\/p>\n","protected":false},"excerpt":{"rendered":"<p data-start=\"181\" data-end=\"478\">The <strong data-start=\"185\" data-end=\"227\">HEFEL Pure Camel all-season comforter light<\/strong> offers natural warmth and exceptional lightness. Thanks to its high breathability, the <strong data-start=\"291\" data-end=\"332\">finest down hair from Mongolian camels<\/strong> ensures a perfectly balanced sleeping climate &#8211; warming on cool nights, pleasantly dry on warmer ones. The <strong data-start=\"484\" data-end=\"512\">TENCEL\u2122 noble satin fabric<\/strong> supports natural temperature regulation by quickly wicking away moisture. The <strong data-start=\"605\" data-end=\"625\">BodyFit quilting<\/strong> gently adapts to the shape of the body and provides soothing comfort &#8211; ideal for allergy sufferers and people with sensitive skin.   <\/p>\n","protected":false},"featured_media":3985,"comment_status":"open","ping_status":"closed","template":"","meta":{"_acf_changed":false},"product_brand":[4782,4784],"product_cat":[3728,3748,4009,4010],"product_tag":[3640,3731],"class_list":{"0":"post-136656","1":"product","2":"type-product","3":"status-publish","4":"has-post-thumbnail","6":"product_brand-hefel","7":"product_brand-hefel-all-season-duvet","8":"product_cat-bedroom","9":"product_cat-product","10":"product_cat-duvets","11":"product_cat-all-season-duvet","12":"product_tag-all-year","13":"product_tag-natural-fiber","15":"first","16":"instock","17":"taxable","18":"shipping-taxable","19":"purchasable","20":"product-type-variable"},"acf":[],"yoast_head":"<!-- This site is optimized with the Yoast SEO Premium plugin v27.3 (Yoast SEO v27.3) - https:\/\/yoast.com\/product\/yoast-seo-premium-wordpress\/ -->\n<title>Pure Camel all-season comforter light from HEFEL - Linen.eu<\/title>\n<meta name=\"description\" content=\"Pure Camel all-season comforter light by HEFEL \u2713 Dry sleeping climate and healthy relaxation \u2713 Quality Made in Austria. \u2764 Order conveniently online now\" \/>\n<meta name=\"robots\" content=\"index, follow, max-snippet:-1, max-image-preview:large, max-video-preview:-1\" \/>\n<link rel=\"canonical\" href=\"https:\/\/linen.eu\/en\/produkt\/pure-camel-all-season-comforter-light-from-hefel\/\" \/>\n<meta property=\"og:locale\" content=\"en_US\" \/>\n<meta property=\"og:type\" content=\"article\" \/>\n<meta property=\"og:title\" content=\"Pure Camel all-season comforter light from HEFEL\" \/>\n<meta property=\"og:description\" content=\"Pure Camel all-season comforter light by HEFEL \u2713 Dry sleeping climate and healthy relaxation \u2713 Quality Made in Austria. \u2764 Order conveniently online now\" \/>\n<meta property=\"og:url\" content=\"https:\/\/linen.eu\/en\/produkt\/pure-camel-all-season-comforter-light-from-hefel\/\" \/>\n<meta property=\"og:site_name\" content=\"Linen.eu\" \/>\n<meta property=\"article:publisher\" content=\"https:\/\/linen.eu\" \/>\n<meta property=\"article:modified_time\" content=\"2026-03-16T12:10:13+00:00\" \/>\n<meta property=\"og:image\" content=\"https:\/\/linen.eu\/wp-content\/uploads\/2025\/07\/HEFEL_Cashmere_Image2.jpg\" \/>\n\t<meta property=\"og:image:width\" content=\"1600\" \/>\n\t<meta property=\"og:image:height\" content=\"1200\" \/>\n\t<meta property=\"og:image:type\" content=\"image\/jpeg\" \/>\n<meta name=\"twitter:card\" content=\"summary_large_image\" \/>\n<meta name=\"twitter:site\" content=\"@linenlounge\" \/>\n<meta name=\"twitter:label1\" content=\"Availability\" \/>\n\t<meta name=\"twitter:data1\" content=\"In stock\" \/>\n<script type=\"application\/ld+json\" class=\"yoast-schema-graph\">{\"@context\":\"https:\\\/\\\/schema.org\",\"@graph\":[{\"@type\":\"WebPage\",\"@id\":\"https:\\\/\\\/linen.eu\\\/en\\\/produkt\\\/pure-camel-all-season-comforter-light-from-hefel\\\/\",\"url\":\"https:\\\/\\\/linen.eu\\\/en\\\/produkt\\\/pure-camel-all-season-comforter-light-from-hefel\\\/\",\"name\":\"Pure Camel all-season comforter light from HEFEL - Linen.eu\",\"isPartOf\":{\"@id\":\"https:\\\/\\\/linen.eu\\\/en\\\/#website\"},\"primaryImageOfPage\":{\"@id\":\"https:\\\/\\\/linen.eu\\\/en\\\/produkt\\\/pure-camel-all-season-comforter-light-from-hefel\\\/#primaryimage\"},\"image\":{\"@id\":\"https:\\\/\\\/linen.eu\\\/en\\\/produkt\\\/pure-camel-all-season-comforter-light-from-hefel\\\/#primaryimage\"},\"thumbnailUrl\":\"https:\\\/\\\/linen.eu\\\/wp-content\\\/uploads\\\/2025\\\/07\\\/HEFEL_Cashmere_Image2.jpg\",\"datePublished\":\"2025-07-17T13:26:12+00:00\",\"dateModified\":\"2026-03-16T12:10:13+00:00\",\"description\":\"Pure Camel all-season comforter light by HEFEL \u2713 Dry sleeping climate and healthy relaxation \u2713 Quality Made in Austria. \u2764 Order conveniently online now\",\"breadcrumb\":{\"@id\":\"https:\\\/\\\/linen.eu\\\/en\\\/produkt\\\/pure-camel-all-season-comforter-light-from-hefel\\\/#breadcrumb\"},\"inLanguage\":\"en-US\",\"potentialAction\":[{\"@type\":\"ReadAction\",\"target\":[\"https:\\\/\\\/linen.eu\\\/en\\\/produkt\\\/pure-camel-all-season-comforter-light-from-hefel\\\/\"]}]},{\"@type\":\"ImageObject\",\"inLanguage\":\"en-US\",\"@id\":\"https:\\\/\\\/linen.eu\\\/en\\\/produkt\\\/pure-camel-all-season-comforter-light-from-hefel\\\/#primaryimage\",\"url\":\"https:\\\/\\\/linen.eu\\\/wp-content\\\/uploads\\\/2025\\\/07\\\/HEFEL_Cashmere_Image2.jpg\",\"contentUrl\":\"https:\\\/\\\/linen.eu\\\/wp-content\\\/uploads\\\/2025\\\/07\\\/HEFEL_Cashmere_Image2.jpg\",\"width\":1600,\"height\":1200,\"caption\":\"Eine kuschelige wei\u00dfe Bettdecke und ein passendes Kissen sind \u00fcber einem beigefarbenen Sessel auf einem Balkon drapiert, mit einem Metallgel\u00e4nder und einem klaren blauen Himmel im Hintergrund.\"},{\"@type\":\"BreadcrumbList\",\"@id\":\"https:\\\/\\\/linen.eu\\\/en\\\/produkt\\\/pure-camel-all-season-comforter-light-from-hefel\\\/#breadcrumb\",\"itemListElement\":[{\"@type\":\"ListItem\",\"position\":1,\"name\":\"Startseite\",\"item\":\"https:\\\/\\\/linen.eu\\\/en\\\/home\\\/\"},{\"@type\":\"ListItem\",\"position\":2,\"name\":\"Shop\",\"item\":\"https:\\\/\\\/linen.eu\\\/en\\\/shop\\\/\"},{\"@type\":\"ListItem\",\"position\":3,\"name\":\"Pure Camel all-season comforter light from HEFEL\"}]},{\"@type\":\"WebSite\",\"@id\":\"https:\\\/\\\/linen.eu\\\/en\\\/#website\",\"url\":\"https:\\\/\\\/linen.eu\\\/en\\\/\",\"name\":\"Linen.eu\",\"description\":\"\",\"publisher\":{\"@id\":\"https:\\\/\\\/linen.eu\\\/en\\\/#organization\"},\"potentialAction\":[{\"@type\":\"SearchAction\",\"target\":{\"@type\":\"EntryPoint\",\"urlTemplate\":\"https:\\\/\\\/linen.eu\\\/en\\\/?s={search_term_string}\"},\"query-input\":{\"@type\":\"PropertyValueSpecification\",\"valueRequired\":true,\"valueName\":\"search_term_string\"}}],\"inLanguage\":\"en-US\"},{\"@type\":\"Organization\",\"@id\":\"https:\\\/\\\/linen.eu\\\/en\\\/#organization\",\"name\":\"Linen Lounge\",\"alternateName\":\"linen.eu\",\"url\":\"https:\\\/\\\/linen.eu\\\/en\\\/\",\"logo\":{\"@type\":\"ImageObject\",\"inLanguage\":\"en-US\",\"@id\":\"https:\\\/\\\/linen.eu\\\/en\\\/#\\\/schema\\\/logo\\\/image\\\/\",\"url\":\"https:\\\/\\\/linen.eu\\\/wp-content\\\/uploads\\\/2025\\\/10\\\/LinenLounge-NEU2.webp\",\"contentUrl\":\"https:\\\/\\\/linen.eu\\\/wp-content\\\/uploads\\\/2025\\\/10\\\/LinenLounge-NEU2.webp\",\"width\":1800,\"height\":455,\"caption\":\"Linen Lounge\"},\"image\":{\"@id\":\"https:\\\/\\\/linen.eu\\\/en\\\/#\\\/schema\\\/logo\\\/image\\\/\"},\"sameAs\":[\"https:\\\/\\\/linen.eu\",\"https:\\\/\\\/x.com\\\/linenlounge\",\"https:\\\/\\\/www.instagram.com\\\/linen.lounge?igsh=MW81aGhiY2VxZGRpMw==&utm_source=qr\",\"http:\\\/\\\/www.youtube.com\\\/@Linenlounge\"],\"description\":\"Online Fachhandel f\u00fcr europ\u00e4ische Leinen-Bettw\u00e4sche und Heimtextilien aus traditionellen Webereien wie Leitner Leinen, Schlitzer Leinen, Libeco, Vieb\u00f6ck und Hoffmann.\",\"email\":\"info@linen.eu\",\"telephone\":\"+49 (0) 69 90738860\",\"legalName\":\"Linen UG (haftungsbeschr\u00e4nkt)\",\"foundingDate\":\"2015-04-08\",\"numberOfEmployees\":{\"@type\":\"QuantitativeValue\",\"minValue\":\"1\",\"maxValue\":\"10\"}}]}<\/script>\n<meta property=\"product:brand\" content=\"HEFEL Premium Bedding \u2013 The Real Fabric from Austria\" \/>\n<meta property=\"og:availability\" content=\"instock\" \/>\n<meta property=\"product:availability\" content=\"instock\" \/>\n<meta property=\"product:retailer_item_id\" content=\"114303550410\" \/>\n<meta property=\"product:condition\" content=\"new\" \/>\n<!-- \/ Yoast SEO Premium plugin. -->","yoast_head_json":{"title":"Pure Camel all-season comforter light from HEFEL - Linen.eu","description":"Pure Camel all-season comforter light by HEFEL \u2713 Dry sleeping climate and healthy relaxation \u2713 Quality Made in Austria. \u2764 Order conveniently online now","robots":{"index":"index","follow":"follow","max-snippet":"max-snippet:-1","max-image-preview":"max-image-preview:large","max-video-preview":"max-video-preview:-1"},"canonical":"https:\/\/linen.eu\/en\/produkt\/pure-camel-all-season-comforter-light-from-hefel\/","og_locale":"en_US","og_type":"article","og_title":"Pure Camel all-season comforter light from HEFEL","og_description":"Pure Camel all-season comforter light by HEFEL \u2713 Dry sleeping climate and healthy relaxation \u2713 Quality Made in Austria. \u2764 Order conveniently online now","og_url":"https:\/\/linen.eu\/en\/produkt\/pure-camel-all-season-comforter-light-from-hefel\/","og_site_name":"Linen.eu","article_publisher":"https:\/\/linen.eu","article_modified_time":"2026-03-16T12:10:13+00:00","og_image":[{"width":1600,"height":1200,"url":"https:\/\/linen.eu\/wp-content\/uploads\/2025\/07\/HEFEL_Cashmere_Image2.jpg","type":"image\/jpeg"}],"twitter_card":"summary_large_image","twitter_site":"@linenlounge","twitter_misc":{"Availability":"In stock"},"schema":{"@context":"https:\/\/schema.org","@graph":[{"@type":"WebPage","@id":"https:\/\/linen.eu\/en\/produkt\/pure-camel-all-season-comforter-light-from-hefel\/","url":"https:\/\/linen.eu\/en\/produkt\/pure-camel-all-season-comforter-light-from-hefel\/","name":"Pure Camel all-season comforter light from HEFEL - Linen.eu","isPartOf":{"@id":"https:\/\/linen.eu\/en\/#website"},"primaryImageOfPage":{"@id":"https:\/\/linen.eu\/en\/produkt\/pure-camel-all-season-comforter-light-from-hefel\/#primaryimage"},"image":{"@id":"https:\/\/linen.eu\/en\/produkt\/pure-camel-all-season-comforter-light-from-hefel\/#primaryimage"},"thumbnailUrl":"https:\/\/linen.eu\/wp-content\/uploads\/2025\/07\/HEFEL_Cashmere_Image2.jpg","datePublished":"2025-07-17T13:26:12+00:00","dateModified":"2026-03-16T12:10:13+00:00","description":"Pure Camel all-season comforter light by HEFEL \u2713 Dry sleeping climate and healthy relaxation \u2713 Quality Made in Austria. \u2764 Order conveniently online now","breadcrumb":{"@id":"https:\/\/linen.eu\/en\/produkt\/pure-camel-all-season-comforter-light-from-hefel\/#breadcrumb"},"inLanguage":"en-US","potentialAction":[{"@type":"ReadAction","target":["https:\/\/linen.eu\/en\/produkt\/pure-camel-all-season-comforter-light-from-hefel\/"]}]},{"@type":"ImageObject","inLanguage":"en-US","@id":"https:\/\/linen.eu\/en\/produkt\/pure-camel-all-season-comforter-light-from-hefel\/#primaryimage","url":"https:\/\/linen.eu\/wp-content\/uploads\/2025\/07\/HEFEL_Cashmere_Image2.jpg","contentUrl":"https:\/\/linen.eu\/wp-content\/uploads\/2025\/07\/HEFEL_Cashmere_Image2.jpg","width":1600,"height":1200,"caption":"Eine kuschelige wei\u00dfe Bettdecke und ein passendes Kissen sind \u00fcber einem beigefarbenen Sessel auf einem Balkon drapiert, mit einem Metallgel\u00e4nder und einem klaren blauen Himmel im Hintergrund."},{"@type":"BreadcrumbList","@id":"https:\/\/linen.eu\/en\/produkt\/pure-camel-all-season-comforter-light-from-hefel\/#breadcrumb","itemListElement":[{"@type":"ListItem","position":1,"name":"Startseite","item":"https:\/\/linen.eu\/en\/home\/"},{"@type":"ListItem","position":2,"name":"Shop","item":"https:\/\/linen.eu\/en\/shop\/"},{"@type":"ListItem","position":3,"name":"Pure Camel all-season comforter light from HEFEL"}]},{"@type":"WebSite","@id":"https:\/\/linen.eu\/en\/#website","url":"https:\/\/linen.eu\/en\/","name":"Linen.eu","description":"","publisher":{"@id":"https:\/\/linen.eu\/en\/#organization"},"potentialAction":[{"@type":"SearchAction","target":{"@type":"EntryPoint","urlTemplate":"https:\/\/linen.eu\/en\/?s={search_term_string}"},"query-input":{"@type":"PropertyValueSpecification","valueRequired":true,"valueName":"search_term_string"}}],"inLanguage":"en-US"},{"@type":"Organization","@id":"https:\/\/linen.eu\/en\/#organization","name":"Linen Lounge","alternateName":"linen.eu","url":"https:\/\/linen.eu\/en\/","logo":{"@type":"ImageObject","inLanguage":"en-US","@id":"https:\/\/linen.eu\/en\/#\/schema\/logo\/image\/","url":"https:\/\/linen.eu\/wp-content\/uploads\/2025\/10\/LinenLounge-NEU2.webp","contentUrl":"https:\/\/linen.eu\/wp-content\/uploads\/2025\/10\/LinenLounge-NEU2.webp","width":1800,"height":455,"caption":"Linen Lounge"},"image":{"@id":"https:\/\/linen.eu\/en\/#\/schema\/logo\/image\/"},"sameAs":["https:\/\/linen.eu","https:\/\/x.com\/linenlounge","https:\/\/www.instagram.com\/linen.lounge?igsh=MW81aGhiY2VxZGRpMw==&utm_source=qr","http:\/\/www.youtube.com\/@Linenlounge"],"description":"Online Fachhandel f\u00fcr europ\u00e4ische Leinen-Bettw\u00e4sche und Heimtextilien aus traditionellen Webereien wie Leitner Leinen, Schlitzer Leinen, Libeco, Vieb\u00f6ck und Hoffmann.","email":"info@linen.eu","telephone":"+49 (0) 69 90738860","legalName":"Linen UG (haftungsbeschr\u00e4nkt)","foundingDate":"2015-04-08","numberOfEmployees":{"@type":"QuantitativeValue","minValue":"1","maxValue":"10"}}]},"product_brand":"HEFEL Premium Bedding \u2013 The Real Fabric from Austria","og_availability":"instock","product_availability":"instock","product_retailer_item_id":"114303550410","product_condition":"new"},"_links":{"self":[{"href":"https:\/\/linen.eu\/en\/wp-json\/wp\/v2\/product\/136656","targetHints":{"allow":["GET"]}}],"collection":[{"href":"https:\/\/linen.eu\/en\/wp-json\/wp\/v2\/product"}],"about":[{"href":"https:\/\/linen.eu\/en\/wp-json\/wp\/v2\/types\/product"}],"replies":[{"embeddable":true,"href":"https:\/\/linen.eu\/en\/wp-json\/wp\/v2\/comments?post=136656"}],"wp:featuredmedia":[{"embeddable":true,"href":"https:\/\/linen.eu\/en\/wp-json\/wp\/v2\/media\/3985"}],"wp:attachment":[{"href":"https:\/\/linen.eu\/en\/wp-json\/wp\/v2\/media?parent=136656"}],"wp:term":[{"taxonomy":"product_brand","embeddable":true,"href":"https:\/\/linen.eu\/en\/wp-json\/wp\/v2\/product_brand?post=136656"},{"taxonomy":"product_cat","embeddable":true,"href":"https:\/\/linen.eu\/en\/wp-json\/wp\/v2\/product_cat?post=136656"},{"taxonomy":"product_tag","embeddable":true,"href":"https:\/\/linen.eu\/en\/wp-json\/wp\/v2\/product_tag?post=136656"}],"curies":[{"name":"wp","href":"https:\/\/api.w.org\/{rel}","templated":true}]}}