{"id":136661,"date":"2025-07-17T15:26:50","date_gmt":"2025-07-17T13:26:50","guid":{"rendered":"https:\/\/linen.eu\/produkt\/pure-bamboo-summer-comforter-from-hefel\/"},"modified":"2026-03-16T13:09:55","modified_gmt":"2026-03-16T12:09:55","slug":"pure-bamboo-summer-comforter-from-hefel","status":"publish","type":"product","link":"https:\/\/linen.eu\/en\/produkt\/pure-bamboo-summer-comforter-from-hefel\/","title":{"rendered":"Pure Bamboo summer comforter from HEFEL"},"content":{"rendered":"<h2 class=\"h3 product-detail-description-title\">&#8220;Pure Bamboo summer comforter from HEFEL&#8221;<\/h2>\n<div class=\"product-detail-description-text\">\n<p>Pure Bamboo summer comforter from HEFEL &#8211; pure nature!  <span id=\"output-sentence~0\"><span id=\"output-word~0~0\" data-segment-position=\"0\">The  <\/span><span id=\"output-word~0~1\" data-segment-position=\"1\">Comforter filling  <\/span><span id=\"output-word~0~2\" data-segment-position=\"2\">exists  <\/span><span id=\"output-word~0~3\" data-segment-position=\"8\">to  <\/span><span id=\"output-word~0~4\" data-segment-position=\"4\">80%  <\/span><span id=\"output-word~0~5\" data-segment-position=\"10\">from  <\/span><span id=\"output-word~0~6\" data-segment-position=\"6\">Bamboo fiber  <\/span><span id=\"output-word~0~7\" data-segment-position=\"29\">and  <\/span><span id=\"output-word~0~8\" data-segment-position=\"8\">to  <\/span><span id=\"output-word~0~9\" data-segment-position=\"9\">20%  <\/span><span id=\"output-word~0~10\" data-segment-position=\"10\">from  <\/span><span id=\"output-word~0~11\" data-segment-position=\"11\">Maize  <\/span><span id=\"output-word~0~12\" data-segment-position=\"29\">and  <\/span><span id=\"output-word~0~13\" data-segment-position=\"13\">guaranteed  <\/span><span id=\"output-word~0~14\" data-segment-position=\"14\">a  <\/span><span id=\"output-word~0~15\" data-segment-position=\"15\">optimal  <\/span><span id=\"output-word~0~16\" data-segment-position=\"16\">Microclimate  <\/span><span id=\"output-word~0~17\" data-segment-position=\"17\">in the  <\/span><span id=\"output-word~0~18\" data-segment-position=\"18\">bed. She creates   <\/span><span id=\"output-word~0~20\" data-segment-position=\"20\">optimal <\/span><span id=\"output-word~0~21\" data-segment-position=\"21\">sleeping conditions, <\/span><span id=\"output-word~0~22\" data-segment-position=\"22\">because <\/span><span id=\"output-word~0~23\" data-segment-position=\"23\">it <\/span><span id=\"output-word~0~28\" data-segment-position=\"28\">adjusts temperature <\/span><span id=\"output-word~0~29\" data-segment-position=\"29\">and <\/span><span id=\"output-word~0~32\" data-segment-position=\"32\">the <\/span><span id=\"output-word~0~33\" data-segment-position=\"33\">and regulates moisture.<\/span><\/span> <span id=\"output-sentence~1\"><span id=\"output-word~1~0\" data-segment-position=\"0\">HEFEL  <\/span><span id=\"output-word~1~1\" data-segment-position=\"1\">Pure  <\/span><span id=\"output-word~1~2\" data-segment-position=\"2\">Bamboo  <\/span><span id=\"output-word~1~3\" data-segment-position=\"3\">Comforters,  <\/span><span id=\"output-word~1~4\" data-segment-position=\"4\">produced  <\/span><span id=\"output-word~1~5\" data-segment-position=\"5\">from  <\/span><span id=\"output-word~1~6\" data-segment-position=\"6\">high quality  <\/span><span id=\"output-word~1~7\" data-segment-position=\"7\">Cotton fabric,  <\/span><span id=\"output-word~1~8\" data-segment-position=\"8\">are  <\/span><span id=\"output-word~1~9\" data-segment-position=\"9\">very  <\/span><span id=\"output-word~1~10\" data-segment-position=\"10\">Easy to clean  <\/span><span id=\"output-word~1~11\" data-segment-position=\"11\">and  <\/span><span id=\"output-word~1~12\" data-segment-position=\"12\">have  <\/span><span id=\"output-word~1~13\" data-segment-position=\"13\">one  <\/span><span id=\"output-word~1~14\" data-segment-position=\"14\">long  <\/span><span id=\"output-word~1~15\" data-segment-position=\"15\">Lifetime.<\/span><\/span> <span id=\"output-sentence~2\"><span id=\"output-word~2~0\" data-segment-position=\"0\">You  <\/span><span id=\"output-word~2~1\" data-segment-position=\"1\">suitable  <\/span><span id=\"output-word~2~2\" data-segment-position=\"2\">itself  <\/span><span id=\"output-word~2~3\" data-segment-position=\"3\">outstanding  <\/span><span id=\"output-word~2~4\" data-segment-position=\"9\">for  <\/span><span id=\"output-word~2~5\" data-segment-position=\"5\">refreshing  <\/span><span id=\"output-word~2~6\" data-segment-position=\"6\">Summer evenings,  <\/span><span id=\"output-word~2~7\" data-segment-position=\"7\">but  <\/span><span id=\"output-word~2~8\" data-segment-position=\"8\">also  <\/span><span id=\"output-word~2~9\" data-segment-position=\"9\">for  <\/span><span id=\"output-word~2~10\" data-segment-position=\"10\">the  <\/span><span id=\"output-word~2~11\" data-segment-position=\"11\">whole  <\/span><span id=\"output-word~2~12\" data-segment-position=\"12\">Year  <\/span><span id=\"output-word~2~13\" data-segment-position=\"13\">about  <\/span><span id=\"output-word~2~14\" data-segment-position=\"14\">as  <\/span><span id=\"output-word~2~15\" data-segment-position=\"15\">City ceiling.<\/span><\/span><\/p>\n<p>HEFEL Pure Bamboo comforters guarantee an ideal sleeping climate &#8211; breathable and odour-inhibiting. This is achieved by the perfect combination of <span id=\"output-sentence~0\"><span id=\"output-word~0~4\" data-segment-position=\"4\">80% <\/span><span id=\"output-word~0~6\" data-segment-position=\"6\">bamboo fiber <\/span><span id=\"output-word~0~7\" data-segment-position=\"29\">and <\/span><span id=\"output-word~0~9\" data-segment-position=\"9\">20% <\/span><span id=\"output-word~0~11\" data-segment-position=\"11\">corn <\/span><\/span>in the filling and cotton fine satin with aloe vera in the fabric. A blessing for sensitive skin. Thanks to the BodyFit quilting, the comforter adapts to your body like a second skin and you sleep comfortably and restfully even when the room temperature fluctuates.   <\/p>\n<p>The ideal comforter for the summer. Filling weight 180 grams per square meter. Suitable for house dust allergy sufferers!  <\/p>\n<h3>The product: Pure Bamboo summer comforter from <a href=\"https:\/\/linen.eu\/brand\/hefel\/\">HEFEL<\/a><\/h3>\n<p>Filling:  <span id=\"output-sentence~0\"><span id=\"output-word~0~4\" data-segment-position=\"4\">80% <\/span><span id=\"output-word~0~5\" data-segment-position=\"10\">from <\/span><span id=\"output-word~0~6\" data-segment-position=\"6\">bamboo fiber <\/span><span id=\"output-word~0~7\" data-segment-position=\"29\">and<\/span><span id=\"output-word~0~8\" data-segment-position=\"8\"> <\/span><span id=\"output-word~0~9\" data-segment-position=\"9\">20% <\/span><span id=\"output-word~0~10\" data-segment-position=\"10\">from <\/span><span id=\"output-word~0~11\" data-segment-position=\"11\">corn<\/span><\/span><br \/>\nFabric: 100% cotton fine satin with aloe vera<br \/>\nWeight: 180 g\/m\u00b2<br \/>\nQuilting: With functional body quilting<br \/>\nColor: white<br \/>\nCare: 60 \u00b0C gentle wash, air dry<\/p>\n<h3>Tradition and <a href=\"https:\/\/https:\/\/linen.eu\/magazin\/\/\">know-how make HEFEL an expert<\/a> in restful sleep<\/h3>\n<p>The tradition of an Austrian family business and at the same time a love of revolutionary innovations make HEFEL the leading manufacturer of sustainable bedding. Thanks to its vast experience, HEFEL knows exactly what is important in a first-class comforter. It all starts with the selection of high-quality materials for the fabric and filling. Careful workmanship &#8211; in the right combination of traditional craftsmanship and modern production techniques &#8211; brings out the full qualities of the materials. HEFEL pays particular attention to body-hugging quilting &#8211; this gives the quilts their sophisticated shape. All these elements are precisely coordinated to ensure an optimum sleeping climate     <\/p>\n<h3>Innovations for the best sleeping comfort<\/h3>\n<p>Thanks to years of active commitment to research and development, HEFEL is now a leading international innovator in the bedding sector. The introduction of ultra-modern functional fibers such as TENCEL\u00ae or SeaCell-Active for bedding has repeatedly brought prestigious international awards.  The continuous development of innovative manufacturing techniques enables the production of unsurpassably fine fabrics and the fluffiest comforter fillings.<\/p>\n<h3>Quality from Austria<\/h3>\n<p>Today, as in the past, HEFEL manufactures 100% of its bedding in Austria. This is just as much an integral part of the corporate culture as the employment of highly qualified specialists. They are often the second or third generation to work for HEFEL. With a great deal of experience, care and skill, they manufacture and test every single HEFEL comforter, piece by piece.   <\/p>\n<\/div>\n","protected":false},"excerpt":{"rendered":"<p data-start=\"0\" data-end=\"359\">The <strong data-start=\"4\" data-end=\"41\">Pure Bamboo summer comforter from HEFEL<\/strong> focuses on pure nature: a filling of bamboo fiber and corn creates a pleasantly cool, dry sleeping climate. The breathable cotton fine satin with aloe vera envelops the light filling, while the BodyFit quilting nestles gently against the body &#8211; for noticeable freshness and a soft feel on warm nights. Bamboo has a natural temperature-regulating and odor-inhibiting effect, quickly wicks away moisture and is gentle on sensitive skin. Ideal for summer and for anyone who prefers an easy-care, hygienic bed climate. Natural. Breathable. Handmade in Austria &#8211; for refreshingly light sleep.      <\/p>\n","protected":false},"featured_media":4110,"comment_status":"open","ping_status":"closed","template":"","meta":{"_acf_changed":false},"product_brand":[4782,4787],"product_cat":[3728,4474,4009],"product_tag":[3731,4478],"class_list":{"0":"post-136661","1":"product","2":"type-product","3":"status-publish","4":"has-post-thumbnail","6":"product_brand-hefel","7":"product_brand-hefel-summer-duvet","8":"product_cat-bedroom","9":"product_cat-summer-blanket","10":"product_cat-duvets","11":"product_tag-natural-fiber","12":"product_tag-summer","14":"first","15":"instock","16":"taxable","17":"shipping-taxable","18":"purchasable","19":"product-type-variable"},"acf":[],"yoast_head":"<!-- This site is optimized with the Yoast SEO Premium plugin v27.3 (Yoast SEO v27.3) - https:\/\/yoast.com\/product\/yoast-seo-premium-wordpress\/ -->\n<title>Pure Bamboo summer comforter from HEFEL - Linen.eu<\/title>\n<meta name=\"description\" content=\"Pure Bamboo summer comforter from HEFEL \u2713 Dry sleeping climate and healthy relaxation \u2713 Quality Made in Austria. \u2764 Order conveniently online now\" \/>\n<meta name=\"robots\" content=\"index, follow, max-snippet:-1, max-image-preview:large, max-video-preview:-1\" \/>\n<link rel=\"canonical\" href=\"https:\/\/linen.eu\/en\/produkt\/pure-bamboo-summer-comforter-from-hefel\/\" \/>\n<meta property=\"og:locale\" content=\"en_US\" \/>\n<meta property=\"og:type\" content=\"article\" \/>\n<meta property=\"og:title\" content=\"Pure Bamboo summer comforter from HEFEL\" \/>\n<meta property=\"og:description\" content=\"Pure Bamboo summer comforter from HEFEL \u2713 Dry sleeping climate and healthy relaxation \u2713 Quality Made in Austria. \u2764 Order conveniently online now\" \/>\n<meta property=\"og:url\" content=\"https:\/\/linen.eu\/en\/produkt\/pure-bamboo-summer-comforter-from-hefel\/\" \/>\n<meta property=\"og:site_name\" content=\"Linen.eu\" \/>\n<meta property=\"article:publisher\" content=\"https:\/\/linen.eu\" \/>\n<meta property=\"article:modified_time\" content=\"2026-03-16T12:09:55+00:00\" \/>\n<meta property=\"og:image\" content=\"https:\/\/linen.eu\/wp-content\/uploads\/2025\/07\/HEFEL_Bio_Image1.jpg\" \/>\n\t<meta property=\"og:image:width\" content=\"1600\" \/>\n\t<meta property=\"og:image:height\" content=\"1200\" \/>\n\t<meta property=\"og:image:type\" content=\"image\/jpeg\" \/>\n<meta name=\"twitter:card\" content=\"summary_large_image\" \/>\n<meta name=\"twitter:site\" content=\"@linenlounge\" \/>\n<meta name=\"twitter:label1\" content=\"Availability\" \/>\n\t<meta name=\"twitter:data1\" content=\"In stock\" \/>\n<script type=\"application\/ld+json\" class=\"yoast-schema-graph\">{\"@context\":\"https:\\\/\\\/schema.org\",\"@graph\":[{\"@type\":\"WebPage\",\"@id\":\"https:\\\/\\\/linen.eu\\\/en\\\/produkt\\\/pure-bamboo-summer-comforter-from-hefel\\\/\",\"url\":\"https:\\\/\\\/linen.eu\\\/en\\\/produkt\\\/pure-bamboo-summer-comforter-from-hefel\\\/\",\"name\":\"Pure Bamboo summer comforter from HEFEL - Linen.eu\",\"isPartOf\":{\"@id\":\"https:\\\/\\\/linen.eu\\\/en\\\/#website\"},\"primaryImageOfPage\":{\"@id\":\"https:\\\/\\\/linen.eu\\\/en\\\/produkt\\\/pure-bamboo-summer-comforter-from-hefel\\\/#primaryimage\"},\"image\":{\"@id\":\"https:\\\/\\\/linen.eu\\\/en\\\/produkt\\\/pure-bamboo-summer-comforter-from-hefel\\\/#primaryimage\"},\"thumbnailUrl\":\"https:\\\/\\\/linen.eu\\\/wp-content\\\/uploads\\\/2025\\\/07\\\/HEFEL_Bio_Image1.jpg\",\"datePublished\":\"2025-07-17T13:26:50+00:00\",\"dateModified\":\"2026-03-16T12:09:55+00:00\",\"description\":\"Pure Bamboo summer comforter from HEFEL \u2713 Dry sleeping climate and healthy relaxation \u2713 Quality Made in Austria. \u2764 Order conveniently online now\",\"breadcrumb\":{\"@id\":\"https:\\\/\\\/linen.eu\\\/en\\\/produkt\\\/pure-bamboo-summer-comforter-from-hefel\\\/#breadcrumb\"},\"inLanguage\":\"en-US\",\"potentialAction\":[{\"@type\":\"ReadAction\",\"target\":[\"https:\\\/\\\/linen.eu\\\/en\\\/produkt\\\/pure-bamboo-summer-comforter-from-hefel\\\/\"]}]},{\"@type\":\"ImageObject\",\"inLanguage\":\"en-US\",\"@id\":\"https:\\\/\\\/linen.eu\\\/en\\\/produkt\\\/pure-bamboo-summer-comforter-from-hefel\\\/#primaryimage\",\"url\":\"https:\\\/\\\/linen.eu\\\/wp-content\\\/uploads\\\/2025\\\/07\\\/HEFEL_Bio_Image1.jpg\",\"contentUrl\":\"https:\\\/\\\/linen.eu\\\/wp-content\\\/uploads\\\/2025\\\/07\\\/HEFEL_Bio_Image1.jpg\",\"width\":1600,\"height\":1200,\"caption\":\"A person sleeps outdoors beside a tranquil forest pond on a bed with the Pure Bamboo Summer Duvet by HEFEL, surrounded by lush greenery and autumn-coloured trees.\"},{\"@type\":\"BreadcrumbList\",\"@id\":\"https:\\\/\\\/linen.eu\\\/en\\\/produkt\\\/pure-bamboo-summer-comforter-from-hefel\\\/#breadcrumb\",\"itemListElement\":[{\"@type\":\"ListItem\",\"position\":1,\"name\":\"Startseite\",\"item\":\"https:\\\/\\\/linen.eu\\\/en\\\/home\\\/\"},{\"@type\":\"ListItem\",\"position\":2,\"name\":\"Shop\",\"item\":\"https:\\\/\\\/linen.eu\\\/en\\\/shop\\\/\"},{\"@type\":\"ListItem\",\"position\":3,\"name\":\"Pure Bamboo summer comforter from HEFEL\"}]},{\"@type\":\"WebSite\",\"@id\":\"https:\\\/\\\/linen.eu\\\/en\\\/#website\",\"url\":\"https:\\\/\\\/linen.eu\\\/en\\\/\",\"name\":\"Linen.eu\",\"description\":\"\",\"publisher\":{\"@id\":\"https:\\\/\\\/linen.eu\\\/en\\\/#organization\"},\"potentialAction\":[{\"@type\":\"SearchAction\",\"target\":{\"@type\":\"EntryPoint\",\"urlTemplate\":\"https:\\\/\\\/linen.eu\\\/en\\\/?s={search_term_string}\"},\"query-input\":{\"@type\":\"PropertyValueSpecification\",\"valueRequired\":true,\"valueName\":\"search_term_string\"}}],\"inLanguage\":\"en-US\"},{\"@type\":\"Organization\",\"@id\":\"https:\\\/\\\/linen.eu\\\/en\\\/#organization\",\"name\":\"Linen Lounge\",\"alternateName\":\"linen.eu\",\"url\":\"https:\\\/\\\/linen.eu\\\/en\\\/\",\"logo\":{\"@type\":\"ImageObject\",\"inLanguage\":\"en-US\",\"@id\":\"https:\\\/\\\/linen.eu\\\/en\\\/#\\\/schema\\\/logo\\\/image\\\/\",\"url\":\"https:\\\/\\\/linen.eu\\\/wp-content\\\/uploads\\\/2025\\\/10\\\/LinenLounge-NEU2.webp\",\"contentUrl\":\"https:\\\/\\\/linen.eu\\\/wp-content\\\/uploads\\\/2025\\\/10\\\/LinenLounge-NEU2.webp\",\"width\":1800,\"height\":455,\"caption\":\"Linen Lounge\"},\"image\":{\"@id\":\"https:\\\/\\\/linen.eu\\\/en\\\/#\\\/schema\\\/logo\\\/image\\\/\"},\"sameAs\":[\"https:\\\/\\\/linen.eu\",\"https:\\\/\\\/x.com\\\/linenlounge\",\"https:\\\/\\\/www.instagram.com\\\/linen.lounge?igsh=MW81aGhiY2VxZGRpMw==&utm_source=qr\",\"http:\\\/\\\/www.youtube.com\\\/@Linenlounge\"],\"description\":\"Online Fachhandel f\u00fcr europ\u00e4ische Leinen-Bettw\u00e4sche und Heimtextilien aus traditionellen Webereien wie Leitner Leinen, Schlitzer Leinen, Libeco, Vieb\u00f6ck und Hoffmann.\",\"email\":\"info@linen.eu\",\"telephone\":\"+49 (0) 69 90738860\",\"legalName\":\"Linen UG (haftungsbeschr\u00e4nkt)\",\"foundingDate\":\"2015-04-08\",\"numberOfEmployees\":{\"@type\":\"QuantitativeValue\",\"minValue\":\"1\",\"maxValue\":\"10\"}}]}<\/script>\n<meta property=\"product:brand\" content=\"HEFEL Premium Bedding \u2013 The Real Fabric from Austria\" \/>\n<meta property=\"og:availability\" content=\"instock\" \/>\n<meta property=\"product:availability\" content=\"instock\" \/>\n<meta property=\"product:retailer_item_id\" content=\"114303350610\" \/>\n<meta property=\"product:condition\" content=\"new\" \/>\n<!-- \/ Yoast SEO Premium plugin. -->","yoast_head_json":{"title":"Pure Bamboo summer comforter from HEFEL - Linen.eu","description":"Pure Bamboo summer comforter from HEFEL \u2713 Dry sleeping climate and healthy relaxation \u2713 Quality Made in Austria. \u2764 Order conveniently online now","robots":{"index":"index","follow":"follow","max-snippet":"max-snippet:-1","max-image-preview":"max-image-preview:large","max-video-preview":"max-video-preview:-1"},"canonical":"https:\/\/linen.eu\/en\/produkt\/pure-bamboo-summer-comforter-from-hefel\/","og_locale":"en_US","og_type":"article","og_title":"Pure Bamboo summer comforter from HEFEL","og_description":"Pure Bamboo summer comforter from HEFEL \u2713 Dry sleeping climate and healthy relaxation \u2713 Quality Made in Austria. \u2764 Order conveniently online now","og_url":"https:\/\/linen.eu\/en\/produkt\/pure-bamboo-summer-comforter-from-hefel\/","og_site_name":"Linen.eu","article_publisher":"https:\/\/linen.eu","article_modified_time":"2026-03-16T12:09:55+00:00","og_image":[{"width":1600,"height":1200,"url":"https:\/\/linen.eu\/wp-content\/uploads\/2025\/07\/HEFEL_Bio_Image1.jpg","type":"image\/jpeg"}],"twitter_card":"summary_large_image","twitter_site":"@linenlounge","twitter_misc":{"Availability":"In stock"},"schema":{"@context":"https:\/\/schema.org","@graph":[{"@type":"WebPage","@id":"https:\/\/linen.eu\/en\/produkt\/pure-bamboo-summer-comforter-from-hefel\/","url":"https:\/\/linen.eu\/en\/produkt\/pure-bamboo-summer-comforter-from-hefel\/","name":"Pure Bamboo summer comforter from HEFEL - Linen.eu","isPartOf":{"@id":"https:\/\/linen.eu\/en\/#website"},"primaryImageOfPage":{"@id":"https:\/\/linen.eu\/en\/produkt\/pure-bamboo-summer-comforter-from-hefel\/#primaryimage"},"image":{"@id":"https:\/\/linen.eu\/en\/produkt\/pure-bamboo-summer-comforter-from-hefel\/#primaryimage"},"thumbnailUrl":"https:\/\/linen.eu\/wp-content\/uploads\/2025\/07\/HEFEL_Bio_Image1.jpg","datePublished":"2025-07-17T13:26:50+00:00","dateModified":"2026-03-16T12:09:55+00:00","description":"Pure Bamboo summer comforter from HEFEL \u2713 Dry sleeping climate and healthy relaxation \u2713 Quality Made in Austria. \u2764 Order conveniently online now","breadcrumb":{"@id":"https:\/\/linen.eu\/en\/produkt\/pure-bamboo-summer-comforter-from-hefel\/#breadcrumb"},"inLanguage":"en-US","potentialAction":[{"@type":"ReadAction","target":["https:\/\/linen.eu\/en\/produkt\/pure-bamboo-summer-comforter-from-hefel\/"]}]},{"@type":"ImageObject","inLanguage":"en-US","@id":"https:\/\/linen.eu\/en\/produkt\/pure-bamboo-summer-comforter-from-hefel\/#primaryimage","url":"https:\/\/linen.eu\/wp-content\/uploads\/2025\/07\/HEFEL_Bio_Image1.jpg","contentUrl":"https:\/\/linen.eu\/wp-content\/uploads\/2025\/07\/HEFEL_Bio_Image1.jpg","width":1600,"height":1200,"caption":"A person sleeps outdoors beside a tranquil forest pond on a bed with the Pure Bamboo Summer Duvet by HEFEL, surrounded by lush greenery and autumn-coloured trees."},{"@type":"BreadcrumbList","@id":"https:\/\/linen.eu\/en\/produkt\/pure-bamboo-summer-comforter-from-hefel\/#breadcrumb","itemListElement":[{"@type":"ListItem","position":1,"name":"Startseite","item":"https:\/\/linen.eu\/en\/home\/"},{"@type":"ListItem","position":2,"name":"Shop","item":"https:\/\/linen.eu\/en\/shop\/"},{"@type":"ListItem","position":3,"name":"Pure Bamboo summer comforter from HEFEL"}]},{"@type":"WebSite","@id":"https:\/\/linen.eu\/en\/#website","url":"https:\/\/linen.eu\/en\/","name":"Linen.eu","description":"","publisher":{"@id":"https:\/\/linen.eu\/en\/#organization"},"potentialAction":[{"@type":"SearchAction","target":{"@type":"EntryPoint","urlTemplate":"https:\/\/linen.eu\/en\/?s={search_term_string}"},"query-input":{"@type":"PropertyValueSpecification","valueRequired":true,"valueName":"search_term_string"}}],"inLanguage":"en-US"},{"@type":"Organization","@id":"https:\/\/linen.eu\/en\/#organization","name":"Linen Lounge","alternateName":"linen.eu","url":"https:\/\/linen.eu\/en\/","logo":{"@type":"ImageObject","inLanguage":"en-US","@id":"https:\/\/linen.eu\/en\/#\/schema\/logo\/image\/","url":"https:\/\/linen.eu\/wp-content\/uploads\/2025\/10\/LinenLounge-NEU2.webp","contentUrl":"https:\/\/linen.eu\/wp-content\/uploads\/2025\/10\/LinenLounge-NEU2.webp","width":1800,"height":455,"caption":"Linen Lounge"},"image":{"@id":"https:\/\/linen.eu\/en\/#\/schema\/logo\/image\/"},"sameAs":["https:\/\/linen.eu","https:\/\/x.com\/linenlounge","https:\/\/www.instagram.com\/linen.lounge?igsh=MW81aGhiY2VxZGRpMw==&utm_source=qr","http:\/\/www.youtube.com\/@Linenlounge"],"description":"Online Fachhandel f\u00fcr europ\u00e4ische Leinen-Bettw\u00e4sche und Heimtextilien aus traditionellen Webereien wie Leitner Leinen, Schlitzer Leinen, Libeco, Vieb\u00f6ck und Hoffmann.","email":"info@linen.eu","telephone":"+49 (0) 69 90738860","legalName":"Linen UG (haftungsbeschr\u00e4nkt)","foundingDate":"2015-04-08","numberOfEmployees":{"@type":"QuantitativeValue","minValue":"1","maxValue":"10"}}]},"product_brand":"HEFEL Premium Bedding \u2013 The Real Fabric from Austria","og_availability":"instock","product_availability":"instock","product_retailer_item_id":"114303350610","product_condition":"new"},"_links":{"self":[{"href":"https:\/\/linen.eu\/en\/wp-json\/wp\/v2\/product\/136661","targetHints":{"allow":["GET"]}}],"collection":[{"href":"https:\/\/linen.eu\/en\/wp-json\/wp\/v2\/product"}],"about":[{"href":"https:\/\/linen.eu\/en\/wp-json\/wp\/v2\/types\/product"}],"replies":[{"embeddable":true,"href":"https:\/\/linen.eu\/en\/wp-json\/wp\/v2\/comments?post=136661"}],"wp:featuredmedia":[{"embeddable":true,"href":"https:\/\/linen.eu\/en\/wp-json\/wp\/v2\/media\/4110"}],"wp:attachment":[{"href":"https:\/\/linen.eu\/en\/wp-json\/wp\/v2\/media?parent=136661"}],"wp:term":[{"taxonomy":"product_brand","embeddable":true,"href":"https:\/\/linen.eu\/en\/wp-json\/wp\/v2\/product_brand?post=136661"},{"taxonomy":"product_cat","embeddable":true,"href":"https:\/\/linen.eu\/en\/wp-json\/wp\/v2\/product_cat?post=136661"},{"taxonomy":"product_tag","embeddable":true,"href":"https:\/\/linen.eu\/en\/wp-json\/wp\/v2\/product_tag?post=136661"}],"curies":[{"name":"wp","href":"https:\/\/api.w.org\/{rel}","templated":true}]}}