{"id":136940,"date":"2025-07-17T15:15:49","date_gmt":"2025-07-17T13:15:49","guid":{"rendered":"https:\/\/linen.eu\/produkt\/1000tc-percal-bed-linen-from-peter-reed\/"},"modified":"2026-04-12T00:12:18","modified_gmt":"2026-04-11T22:12:18","slug":"1000tc-percal-bed-linen-from-peter-reed","status":"publish","type":"product","link":"https:\/\/linen.eu\/en\/produkt\/1000tc-percal-bed-linen-from-peter-reed\/","title":{"rendered":"1000TC Percal bed linen from Peter Reed"},"content":{"rendered":"<h2>&#8220;1000TC Sateen bed linen from Peter Reed&#8221;<\/h2>\n<p>1000TC Sateen bed linen from Peter Reed. Feel like a queen in bed, like a king with bed linen from the traditional English weaving mill Peter Reed. The subtle difference between sateen and satin is that satin is made from filament fibers consisting of one or more continuous filaments, while sateen is made from spun yarns. In detail, this means that production in sateen ensures that only the purest, finest cotton is used. Three Row Cord with 1000 threads per square inch (6.45 square centimeters)    <\/p>\n<h2>The Weaving Mill<\/h2>\n<p>Since 1880, <a href=\"https:\/\/linen.eu\/en\/magazine\/\" data-prosemirror-content-type=\"mark\" data-prosemirror-mark-name=\"link\">Peter Reed <\/a>has been the supplier to the English royal family, as &#8220;Royal Warrant of Appointment to Her Majesty The Queen&#8221;. This title as a manufacturer of bed linen was impressively renewed in January 2008. This is an honor to be very proud of.<br \/>\nPeter Reed has been manufacturing in Lancashire since 1861 and is traditionally synonymous with English excellence and luxury. Peter Reed is one of the few factories to have been operating in the UK for over a century.    The founder, Peter William Reed, was a farmer in Barley on the slopes of Pendle Hill in Lancashire (where the last known witches lived).<\/p>\n<h2>The product: 1000TC Percal bed linen from <a href=\"https:\/\/linen.eu\/en\/linen-weaving-mills\/peter-reed\/\">Peter Reed<\/a><\/h2>\n<ul>\n<li>100% long-staple Egyptian cotton<\/li>\n<li>with mother-of-pearl buttons<\/li>\n<li>Soft but hard-wearing cloth<\/li>\n<li>Thread density of 1000 threads per inch (Sateen)<\/li>\n<li>available as comforter cover and pillow<\/li>\n<li>Bed linen from Peter Reed is always made to measure, and we only make it to order for our customers.<\/li>\n<\/ul>\n<p>You can order two different cushion covers. Standard or Oxford.<br \/>\nPeter Reed &#8216;Oxford style&#8217; cushion covers with a decorative flange are sewn throughout with traditional mitred corners. Their construction requires the assembly of three separate pieces of fabric and skillful sewing. The end result is a flange that rests on the corners when placed on the bed, unlike the usual oxford construction which can create a &#8216;rabbit ear&#8217; effect.   <\/p>\n<p>The unrivaled long staple length, the fine combing of the cotton, the high thread count and the very special weaving of the edges result in an extremely soft but hard-wearing cloth. Generous hems, cord seams, double topstitching and safety stitching for durability. &#8216;Oxford style&#8217; pillowcases sewn with traditional mitred corners throughout.<br \/>\nThe cotton used to make Peter Reed bed linen comes directly from the Egyptian Nile Delta.    This area, with its rich alluvial soil and natural humidity, produces a unique and lustrous cotton growth that is one of the best fibers in the world. Egyptian cotton is ideal for use in bed linen as it &#8220;breathes&#8221;, is dust-free and still thrives better with frequent washing and use. <\/p>\n<h3>Care Instructions<\/h3>\n<p>Colored bed linen made of long-staple cotton can be washed up to 60\u00b0, white up to 95\u00b0. As with all materials, the same applies to long-staple cotton: it will last longer if washed at a lower temperature.  What the material does not like are detergents with optical brighteners, they bleach the colors strongly and the fabric becomes light. Creasing: Long-staple cotton likes sufficient residual moisture. Do not pack the machine too full so that the fabric can move, do not spin the laundry too hard or for too long. If you want to iron it, iron the items on the cotton setting of your iron when they are still a little damp.   <\/p>\n","protected":false},"excerpt":{"rendered":"<p><strong>1000TC Sateen bed linen from Peter Reed<\/strong><br \/>\nPure luxury: with an exceptional thread density of 1000 TC, this Sateen bed linen made from 100% long-staple Egyptian cotton offers maximum comfort and silky softness. Made in England by the traditional Peter Reed weaving mill, it stands for top quality, durability and elegant design. Available with mother-of-pearl buttons and a choice of standard or Oxford pillowcases &#8211; a royal sleeping experience guaranteed.  <\/p>\n","protected":false},"featured_media":136950,"comment_status":"open","ping_status":"closed","template":"","meta":{"_acf_changed":false},"product_brand":[4811,4812],"product_cat":[5603,5814,5587,5589,5591,3728,5593,4285,5594,5595,5596,5602],"product_tag":[4287],"class_list":{"0":"post-136940","1":"product","2":"type-product","3":"status-publish","4":"has-post-thumbnail","6":"product_brand-peter-reed","7":"product_brand-peter-reed-bed-linen","8":"product_cat-egyptian-cotton-bed-linen","9":"product_cat-cotton-percale-bed-linen","10":"product_cat-200x200-cotton-bed-linen","11":"product_cat-bed-linen-140x200-cotton","12":"product_cat-bed-linen-155x220-cotton","13":"product_cat-bedroom","14":"product_cat-bed-linen-220x240-cotton","15":"product_cat-cotton-bed-linen","16":"product_cat-cotton-bed-linen-135x200","17":"product_cat-organic-cotton-bed-linen","18":"product_cat-cotton-satin-bed-linen","19":"product_cat-white-cotton-bed-linen","20":"product_tag-egyptian-cotton","22":"first","23":"instock","24":"taxable","25":"shipping-taxable","26":"purchasable","27":"product-type-variable"},"acf":[],"yoast_head":"<!-- This site is optimized with the Yoast SEO Premium plugin v27.4 (Yoast SEO v27.4) - https:\/\/yoast.com\/product\/yoast-seo-premium-wordpress\/ -->\n<title>1000TC Percal bed linen from Peter Reed - Linen.eu<\/title>\n<meta name=\"description\" content=\"1000TC Sateen bed linen from Peter Reed \u2713 Silky sheen at the highest thread count \u2713 Purest Egyptian cotton \u2713 Royal Warrant \u25ba Order now\" \/>\n<meta name=\"robots\" content=\"index, follow, max-snippet:-1, max-image-preview:large, max-video-preview:-1\" \/>\n<link rel=\"canonical\" href=\"https:\/\/linen.eu\/en\/produkt\/1000tc-percal-bed-linen-from-peter-reed\/\" \/>\n<meta property=\"og:locale\" content=\"en_US\" \/>\n<meta property=\"og:type\" content=\"article\" \/>\n<meta property=\"og:title\" content=\"1000TC Percal bed linen from Peter Reed\" \/>\n<meta property=\"og:description\" content=\"1000TC Sateen bed linen from Peter Reed \u2713 Silky sheen at the highest thread count \u2713 Purest Egyptian cotton \u2713 Royal Warrant \u25ba Order now\" \/>\n<meta property=\"og:url\" content=\"https:\/\/linen.eu\/en\/produkt\/1000tc-percal-bed-linen-from-peter-reed\/\" \/>\n<meta property=\"og:site_name\" content=\"Linen.eu\" \/>\n<meta property=\"article:publisher\" content=\"https:\/\/linen.eu\" \/>\n<meta property=\"article:modified_time\" content=\"2026-04-11T22:12:18+00:00\" \/>\n<meta property=\"og:image\" content=\"https:\/\/linen.eu\/wp-content\/uploads\/2025\/07\/240310_Peter_Reed_White_05.jpg\" \/>\n\t<meta property=\"og:image:width\" content=\"1600\" \/>\n\t<meta property=\"og:image:height\" content=\"1200\" \/>\n\t<meta property=\"og:image:type\" content=\"image\/jpeg\" \/>\n<meta name=\"twitter:card\" content=\"summary_large_image\" \/>\n<meta name=\"twitter:site\" content=\"@linenlounge\" \/>\n<meta name=\"twitter:label1\" content=\"Availability\" \/>\n\t<meta name=\"twitter:data1\" content=\"In stock\" \/>\n<script type=\"application\/ld+json\" class=\"yoast-schema-graph\">{\"@context\":\"https:\\\/\\\/schema.org\",\"@graph\":[{\"@type\":\"WebPage\",\"@id\":\"https:\\\/\\\/linen.eu\\\/en\\\/produkt\\\/1000tc-percal-bed-linen-from-peter-reed\\\/\",\"url\":\"https:\\\/\\\/linen.eu\\\/en\\\/produkt\\\/1000tc-percal-bed-linen-from-peter-reed\\\/\",\"name\":\"1000TC Percal bed linen from Peter Reed - Linen.eu\",\"isPartOf\":{\"@id\":\"https:\\\/\\\/linen.eu\\\/en\\\/#website\"},\"primaryImageOfPage\":{\"@id\":\"https:\\\/\\\/linen.eu\\\/en\\\/produkt\\\/1000tc-percal-bed-linen-from-peter-reed\\\/#primaryimage\"},\"image\":{\"@id\":\"https:\\\/\\\/linen.eu\\\/en\\\/produkt\\\/1000tc-percal-bed-linen-from-peter-reed\\\/#primaryimage\"},\"thumbnailUrl\":\"https:\\\/\\\/linen.eu\\\/wp-content\\\/uploads\\\/2025\\\/07\\\/240310_Peter_Reed_White_05.jpg\",\"datePublished\":\"2025-07-17T13:15:49+00:00\",\"dateModified\":\"2026-04-11T22:12:18+00:00\",\"description\":\"1000TC Sateen bed linen from Peter Reed \u2713 Silky sheen at the highest thread count \u2713 Purest Egyptian cotton \u2713 Royal Warrant \u25ba Order now\",\"breadcrumb\":{\"@id\":\"https:\\\/\\\/linen.eu\\\/en\\\/produkt\\\/1000tc-percal-bed-linen-from-peter-reed\\\/#breadcrumb\"},\"inLanguage\":\"en-US\",\"potentialAction\":[{\"@type\":\"ReadAction\",\"target\":[\"https:\\\/\\\/linen.eu\\\/en\\\/produkt\\\/1000tc-percal-bed-linen-from-peter-reed\\\/\"]}]},{\"@type\":\"ImageObject\",\"inLanguage\":\"en-US\",\"@id\":\"https:\\\/\\\/linen.eu\\\/en\\\/produkt\\\/1000tc-percal-bed-linen-from-peter-reed\\\/#primaryimage\",\"url\":\"https:\\\/\\\/linen.eu\\\/wp-content\\\/uploads\\\/2025\\\/07\\\/240310_Peter_Reed_White_05.jpg\",\"contentUrl\":\"https:\\\/\\\/linen.eu\\\/wp-content\\\/uploads\\\/2025\\\/07\\\/240310_Peter_Reed_White_05.jpg\",\"width\":1600,\"height\":1200,\"caption\":\"A woman sits on a metal bed in a minimalist, industrial-style room with a concrete floor and exposed pipes. Large white cushions are stacked in the foreground. Light streams in from the left.\"},{\"@type\":\"BreadcrumbList\",\"@id\":\"https:\\\/\\\/linen.eu\\\/en\\\/produkt\\\/1000tc-percal-bed-linen-from-peter-reed\\\/#breadcrumb\",\"itemListElement\":[{\"@type\":\"ListItem\",\"position\":1,\"name\":\"Startseite\",\"item\":\"https:\\\/\\\/linen.eu\\\/en\\\/home\\\/\"},{\"@type\":\"ListItem\",\"position\":2,\"name\":\"Shop\",\"item\":\"https:\\\/\\\/linen.eu\\\/en\\\/shop\\\/\"},{\"@type\":\"ListItem\",\"position\":3,\"name\":\"1000TC Percal bed linen from Peter Reed\"}]},{\"@type\":\"WebSite\",\"@id\":\"https:\\\/\\\/linen.eu\\\/en\\\/#website\",\"url\":\"https:\\\/\\\/linen.eu\\\/en\\\/\",\"name\":\"Linen.eu\",\"description\":\"\",\"publisher\":{\"@id\":\"https:\\\/\\\/linen.eu\\\/en\\\/#organization\"},\"potentialAction\":[{\"@type\":\"SearchAction\",\"target\":{\"@type\":\"EntryPoint\",\"urlTemplate\":\"https:\\\/\\\/linen.eu\\\/en\\\/?s={search_term_string}\"},\"query-input\":{\"@type\":\"PropertyValueSpecification\",\"valueRequired\":true,\"valueName\":\"search_term_string\"}}],\"inLanguage\":\"en-US\"},{\"@type\":\"Organization\",\"@id\":\"https:\\\/\\\/linen.eu\\\/en\\\/#organization\",\"name\":\"Linen Lounge\",\"alternateName\":\"linen.eu\",\"url\":\"https:\\\/\\\/linen.eu\\\/en\\\/\",\"logo\":{\"@type\":\"ImageObject\",\"inLanguage\":\"en-US\",\"@id\":\"https:\\\/\\\/linen.eu\\\/en\\\/#\\\/schema\\\/logo\\\/image\\\/\",\"url\":\"https:\\\/\\\/linen.eu\\\/wp-content\\\/uploads\\\/2025\\\/10\\\/LinenLounge-NEU2.webp\",\"contentUrl\":\"https:\\\/\\\/linen.eu\\\/wp-content\\\/uploads\\\/2025\\\/10\\\/LinenLounge-NEU2.webp\",\"width\":1800,\"height\":455,\"caption\":\"Linen Lounge\"},\"image\":{\"@id\":\"https:\\\/\\\/linen.eu\\\/en\\\/#\\\/schema\\\/logo\\\/image\\\/\"},\"sameAs\":[\"https:\\\/\\\/linen.eu\",\"https:\\\/\\\/x.com\\\/linenlounge\",\"https:\\\/\\\/www.instagram.com\\\/linen.lounge?igsh=MW81aGhiY2VxZGRpMw==&utm_source=qr\",\"http:\\\/\\\/www.youtube.com\\\/@Linenlounge\"],\"description\":\"Online Fachhandel f\u00fcr europ\u00e4ische Leinen-Bettw\u00e4sche und Heimtextilien aus traditionellen Webereien wie Leitner Leinen, Schlitzer Leinen, Libeco, Vieb\u00f6ck und Hoffmann.\",\"email\":\"info@linen.eu\",\"telephone\":\"+49 (0) 69 90738860\",\"legalName\":\"Linen UG (haftungsbeschr\u00e4nkt)\",\"foundingDate\":\"2015-04-08\",\"numberOfEmployees\":{\"@type\":\"QuantitativeValue\",\"minValue\":\"1\",\"maxValue\":\"10\"}}]}<\/script>\n<meta property=\"product:brand\" content=\"Peter Reed \u2013 British Luxury and Elegance\" \/>\n<meta property=\"og:availability\" content=\"instock\" \/>\n<meta property=\"product:availability\" content=\"instock\" \/>\n<meta property=\"product:retailer_item_id\" content=\"117291230410\" \/>\n<meta property=\"product:condition\" content=\"new\" \/>\n<!-- \/ Yoast SEO Premium plugin. -->","yoast_head_json":{"title":"1000TC Percal bed linen from Peter Reed - Linen.eu","description":"1000TC Sateen bed linen from Peter Reed \u2713 Silky sheen at the highest thread count \u2713 Purest Egyptian cotton \u2713 Royal Warrant \u25ba Order now","robots":{"index":"index","follow":"follow","max-snippet":"max-snippet:-1","max-image-preview":"max-image-preview:large","max-video-preview":"max-video-preview:-1"},"canonical":"https:\/\/linen.eu\/en\/produkt\/1000tc-percal-bed-linen-from-peter-reed\/","og_locale":"en_US","og_type":"article","og_title":"1000TC Percal bed linen from Peter Reed","og_description":"1000TC Sateen bed linen from Peter Reed \u2713 Silky sheen at the highest thread count \u2713 Purest Egyptian cotton \u2713 Royal Warrant \u25ba Order now","og_url":"https:\/\/linen.eu\/en\/produkt\/1000tc-percal-bed-linen-from-peter-reed\/","og_site_name":"Linen.eu","article_publisher":"https:\/\/linen.eu","article_modified_time":"2026-04-11T22:12:18+00:00","og_image":[{"width":1600,"height":1200,"url":"https:\/\/linen.eu\/wp-content\/uploads\/2025\/07\/240310_Peter_Reed_White_05.jpg","type":"image\/jpeg"}],"twitter_card":"summary_large_image","twitter_site":"@linenlounge","twitter_misc":{"Availability":"In stock"},"schema":{"@context":"https:\/\/schema.org","@graph":[{"@type":"WebPage","@id":"https:\/\/linen.eu\/en\/produkt\/1000tc-percal-bed-linen-from-peter-reed\/","url":"https:\/\/linen.eu\/en\/produkt\/1000tc-percal-bed-linen-from-peter-reed\/","name":"1000TC Percal bed linen from Peter Reed - Linen.eu","isPartOf":{"@id":"https:\/\/linen.eu\/en\/#website"},"primaryImageOfPage":{"@id":"https:\/\/linen.eu\/en\/produkt\/1000tc-percal-bed-linen-from-peter-reed\/#primaryimage"},"image":{"@id":"https:\/\/linen.eu\/en\/produkt\/1000tc-percal-bed-linen-from-peter-reed\/#primaryimage"},"thumbnailUrl":"https:\/\/linen.eu\/wp-content\/uploads\/2025\/07\/240310_Peter_Reed_White_05.jpg","datePublished":"2025-07-17T13:15:49+00:00","dateModified":"2026-04-11T22:12:18+00:00","description":"1000TC Sateen bed linen from Peter Reed \u2713 Silky sheen at the highest thread count \u2713 Purest Egyptian cotton \u2713 Royal Warrant \u25ba Order now","breadcrumb":{"@id":"https:\/\/linen.eu\/en\/produkt\/1000tc-percal-bed-linen-from-peter-reed\/#breadcrumb"},"inLanguage":"en-US","potentialAction":[{"@type":"ReadAction","target":["https:\/\/linen.eu\/en\/produkt\/1000tc-percal-bed-linen-from-peter-reed\/"]}]},{"@type":"ImageObject","inLanguage":"en-US","@id":"https:\/\/linen.eu\/en\/produkt\/1000tc-percal-bed-linen-from-peter-reed\/#primaryimage","url":"https:\/\/linen.eu\/wp-content\/uploads\/2025\/07\/240310_Peter_Reed_White_05.jpg","contentUrl":"https:\/\/linen.eu\/wp-content\/uploads\/2025\/07\/240310_Peter_Reed_White_05.jpg","width":1600,"height":1200,"caption":"A woman sits on a metal bed in a minimalist, industrial-style room with a concrete floor and exposed pipes. Large white cushions are stacked in the foreground. Light streams in from the left."},{"@type":"BreadcrumbList","@id":"https:\/\/linen.eu\/en\/produkt\/1000tc-percal-bed-linen-from-peter-reed\/#breadcrumb","itemListElement":[{"@type":"ListItem","position":1,"name":"Startseite","item":"https:\/\/linen.eu\/en\/home\/"},{"@type":"ListItem","position":2,"name":"Shop","item":"https:\/\/linen.eu\/en\/shop\/"},{"@type":"ListItem","position":3,"name":"1000TC Percal bed linen from Peter Reed"}]},{"@type":"WebSite","@id":"https:\/\/linen.eu\/en\/#website","url":"https:\/\/linen.eu\/en\/","name":"Linen.eu","description":"","publisher":{"@id":"https:\/\/linen.eu\/en\/#organization"},"potentialAction":[{"@type":"SearchAction","target":{"@type":"EntryPoint","urlTemplate":"https:\/\/linen.eu\/en\/?s={search_term_string}"},"query-input":{"@type":"PropertyValueSpecification","valueRequired":true,"valueName":"search_term_string"}}],"inLanguage":"en-US"},{"@type":"Organization","@id":"https:\/\/linen.eu\/en\/#organization","name":"Linen Lounge","alternateName":"linen.eu","url":"https:\/\/linen.eu\/en\/","logo":{"@type":"ImageObject","inLanguage":"en-US","@id":"https:\/\/linen.eu\/en\/#\/schema\/logo\/image\/","url":"https:\/\/linen.eu\/wp-content\/uploads\/2025\/10\/LinenLounge-NEU2.webp","contentUrl":"https:\/\/linen.eu\/wp-content\/uploads\/2025\/10\/LinenLounge-NEU2.webp","width":1800,"height":455,"caption":"Linen Lounge"},"image":{"@id":"https:\/\/linen.eu\/en\/#\/schema\/logo\/image\/"},"sameAs":["https:\/\/linen.eu","https:\/\/x.com\/linenlounge","https:\/\/www.instagram.com\/linen.lounge?igsh=MW81aGhiY2VxZGRpMw==&utm_source=qr","http:\/\/www.youtube.com\/@Linenlounge"],"description":"Online Fachhandel f\u00fcr europ\u00e4ische Leinen-Bettw\u00e4sche und Heimtextilien aus traditionellen Webereien wie Leitner Leinen, Schlitzer Leinen, Libeco, Vieb\u00f6ck und Hoffmann.","email":"info@linen.eu","telephone":"+49 (0) 69 90738860","legalName":"Linen UG (haftungsbeschr\u00e4nkt)","foundingDate":"2015-04-08","numberOfEmployees":{"@type":"QuantitativeValue","minValue":"1","maxValue":"10"}}]},"product_brand":"Peter Reed \u2013 British Luxury and Elegance","og_availability":"instock","product_availability":"instock","product_retailer_item_id":"117291230410","product_condition":"new"},"_links":{"self":[{"href":"https:\/\/linen.eu\/en\/wp-json\/wp\/v2\/product\/136940","targetHints":{"allow":["GET"]}}],"collection":[{"href":"https:\/\/linen.eu\/en\/wp-json\/wp\/v2\/product"}],"about":[{"href":"https:\/\/linen.eu\/en\/wp-json\/wp\/v2\/types\/product"}],"replies":[{"embeddable":true,"href":"https:\/\/linen.eu\/en\/wp-json\/wp\/v2\/comments?post=136940"}],"wp:featuredmedia":[{"embeddable":true,"href":"https:\/\/linen.eu\/en\/wp-json\/wp\/v2\/media\/136950"}],"wp:attachment":[{"href":"https:\/\/linen.eu\/en\/wp-json\/wp\/v2\/media?parent=136940"}],"wp:term":[{"taxonomy":"product_brand","embeddable":true,"href":"https:\/\/linen.eu\/en\/wp-json\/wp\/v2\/product_brand?post=136940"},{"taxonomy":"product_cat","embeddable":true,"href":"https:\/\/linen.eu\/en\/wp-json\/wp\/v2\/product_cat?post=136940"},{"taxonomy":"product_tag","embeddable":true,"href":"https:\/\/linen.eu\/en\/wp-json\/wp\/v2\/product_tag?post=136940"}],"curies":[{"name":"wp","href":"https:\/\/api.w.org\/{rel}","templated":true}]}}