{"id":137588,"date":"2025-07-17T15:09:42","date_gmt":"2025-07-17T13:09:42","guid":{"rendered":"https:\/\/linen.eu\/produkt\/celeste-buttons-linen-bedding-by-geniksa\/"},"modified":"2026-04-11T19:08:34","modified_gmt":"2026-04-11T17:08:34","slug":"celeste-buttons-linen-bedding-by-geniksa","status":"publish","type":"product","link":"https:\/\/linen.eu\/en\/produkt\/celeste-buttons-linen-bedding-by-geniksa\/","title":{"rendered":"Celeste Buttons Linen Bedding by Geniksa"},"content":{"rendered":"<h3>European organic linen<\/h3>\n<p>Linen bed linen allows the skin to breathe better. When it comes to our skin, linen is the perfect fabric. Due to its long, smooth fibers, linen absorbs a lot of moisture and repels dirt.   Linen is an intelligent fabric because linen balances out temperatures. Linen ensures a pleasant coolness in summer and creates cozy warmth in winter. The long linen fibers ensure that linen bed linen stays fresh for much longer. The linen fabric has been treated purely mechanically and is therefore very soft and skin-friendly. Linen treated in this way creases less and retains the naturalness and all the advantages of linen. Geniksa is deeply committed to organic linen and to unconditional sustainability in all stages of production.      Geniksa linen bedding is certified according to Oeko Tex Standard 100.<\/p>\n<h3>The product: Celeste Buttons linen bed linen from<a href=\"https:\/\/linen.eu\/brand\/geniksa\/\"> Geniksa<\/a><\/h3>\n<p>Available as a duvet cover, pillowcase, flat sheet and fitted sheet<br \/>100% pre-washed linen. 175 g\/m\u00b2, manufactured in a carbon-neutral process<br \/>Thread count: Nm 26<br \/>Colour: Fresh light blue<br \/>Masters of Linen quality<br \/>We manufacture the listed sizes within the specified delivery timeframe. Further custom sizes can be produced on request.<br \/>Made exclusively from flax grown in Europe and woven on the Baltic Sea coast.  <\/p>\n<h3>Care Instructions<\/h3>\n<p>Coloured linen can be washed at up to 60\u00b0C, and white linen at up to 95\u00b0C. As with all fabrics, the same applies to linen: washing at a lower temperature helps it last longer. Linen does not tolerate detergents containing optical brighteners, as these severely fade the natural colours and the fabric becomes pale. Creasing: Linen needs to retain sufficient moisture to prevent excessive creasing. Do not overfill the machine so that the fabric can move around; do not spin-dry linen too vigorously or for too long. If you wish to iron linen, iron the items on the highest heat setting of your iron whilst they are still slightly damp.    <\/p>\n","protected":false},"excerpt":{"rendered":"<ul>\n<li><strong>Coconut buttons on pastel blue<\/strong> \u2013 the warm brown of the buttons adds a natural touch to the cool linen.<\/li>\n<li><strong>Light blue <\/strong>\u2013 a fresh pastel shade that brings a sense of lightness and tranquillity to the bedroom.<\/li>\n<li><strong>Woven on the Baltic Sea<\/strong> \u2013 175 g\/m\u00b2 pure linen made from European flax, produced in a carbon-neutral manner.<\/li>\n<li><strong>Finished using purely mechanical methods <\/strong>\u2013 free from chemicals and bleach, Oeko-Tex 100 certified.<\/li>\n<li><strong>Masters of Linen<\/strong> \u2013 embroidered pine branch, machine washable up to 60\u00b0C, special sizes available on request.<\/li>\n<\/ul>\n","protected":false},"featured_media":136381,"comment_status":"open","ping_status":"closed","template":"","meta":{"_acf_changed":false},"product_brand":[4776,4777],"product_cat":[3788,3789,3790,3728,3785,3786,3787],"product_tag":[3641],"class_list":{"0":"post-137588","1":"product","2":"type-product","3":"status-publish","4":"has-post-thumbnail","6":"product_brand-geniksa-home-linen","7":"product_brand-geniksa-bed-linen","8":"product_cat-200x200","9":"product_cat-200x220","10":"product_cat-220x240","11":"product_cat-bedroom","12":"product_cat-linen-bedding","13":"product_cat-155x220","14":"product_cat-135x200","15":"product_tag-linen","17":"first","18":"instock","19":"taxable","20":"shipping-taxable","21":"purchasable","22":"product-type-variable"},"acf":[],"yoast_head":"<!-- This site is optimized with the Yoast SEO Premium plugin v27.4 (Yoast SEO v27.4) - https:\/\/yoast.com\/product\/yoast-seo-premium-wordpress\/ -->\n<title>Celeste Buttons Linen Bedding by Geniksa - Linen.eu<\/title>\n<meta name=\"description\" content=\"Celeste Buttons linen bed linen from Geniksa \u271a Fresh, clean design \u271a Traditional linen weaving from the Baltic Sea \u27a4 Buy online now\" \/>\n<meta name=\"robots\" content=\"index, follow, max-snippet:-1, max-image-preview:large, max-video-preview:-1\" \/>\n<link rel=\"canonical\" href=\"https:\/\/linen.eu\/en\/produkt\/celeste-buttons-linen-bedding-by-geniksa\/\" \/>\n<meta property=\"og:locale\" content=\"en_US\" \/>\n<meta property=\"og:type\" content=\"article\" \/>\n<meta property=\"og:title\" content=\"Celeste Buttons Linen Bedding by Geniksa\" \/>\n<meta property=\"og:description\" content=\"Celeste Buttons linen bed linen from Geniksa \u271a Fresh, clean design \u271a Traditional linen weaving from the Baltic Sea \u27a4 Buy online now\" \/>\n<meta property=\"og:url\" content=\"https:\/\/linen.eu\/en\/produkt\/celeste-buttons-linen-bedding-by-geniksa\/\" \/>\n<meta property=\"og:site_name\" content=\"Linen.eu\" \/>\n<meta property=\"article:publisher\" content=\"https:\/\/linen.eu\" \/>\n<meta property=\"article:modified_time\" content=\"2026-04-11T17:08:34+00:00\" \/>\n<meta property=\"og:image\" content=\"https:\/\/linen.eu\/wp-content\/uploads\/2025\/07\/Celeste-buttons-17-768x576-1.webp\" \/>\n\t<meta property=\"og:image:width\" content=\"768\" \/>\n\t<meta property=\"og:image:height\" content=\"576\" \/>\n\t<meta property=\"og:image:type\" content=\"image\/webp\" \/>\n<meta name=\"twitter:card\" content=\"summary_large_image\" \/>\n<meta name=\"twitter:site\" content=\"@linenlounge\" \/>\n<meta name=\"twitter:label1\" content=\"Availability\" \/>\n\t<meta name=\"twitter:data1\" content=\"In stock\" \/>\n<script type=\"application\/ld+json\" class=\"yoast-schema-graph\">{\"@context\":\"https:\\\/\\\/schema.org\",\"@graph\":[{\"@type\":\"WebPage\",\"@id\":\"https:\\\/\\\/linen.eu\\\/en\\\/produkt\\\/celeste-buttons-linen-bedding-by-geniksa\\\/\",\"url\":\"https:\\\/\\\/linen.eu\\\/en\\\/produkt\\\/celeste-buttons-linen-bedding-by-geniksa\\\/\",\"name\":\"Celeste Buttons Linen Bedding by Geniksa - Linen.eu\",\"isPartOf\":{\"@id\":\"https:\\\/\\\/linen.eu\\\/en\\\/#website\"},\"primaryImageOfPage\":{\"@id\":\"https:\\\/\\\/linen.eu\\\/en\\\/produkt\\\/celeste-buttons-linen-bedding-by-geniksa\\\/#primaryimage\"},\"image\":{\"@id\":\"https:\\\/\\\/linen.eu\\\/en\\\/produkt\\\/celeste-buttons-linen-bedding-by-geniksa\\\/#primaryimage\"},\"thumbnailUrl\":\"https:\\\/\\\/linen.eu\\\/wp-content\\\/uploads\\\/2025\\\/07\\\/Celeste-buttons-17-768x576-1.webp\",\"datePublished\":\"2025-07-17T13:09:42+00:00\",\"dateModified\":\"2026-04-11T17:08:34+00:00\",\"description\":\"Celeste Buttons linen bed linen from Geniksa \u271a Fresh, clean design \u271a Traditional linen weaving from the Baltic Sea \u27a4 Buy online now\",\"breadcrumb\":{\"@id\":\"https:\\\/\\\/linen.eu\\\/en\\\/produkt\\\/celeste-buttons-linen-bedding-by-geniksa\\\/#breadcrumb\"},\"inLanguage\":\"en-US\",\"potentialAction\":[{\"@type\":\"ReadAction\",\"target\":[\"https:\\\/\\\/linen.eu\\\/en\\\/produkt\\\/celeste-buttons-linen-bedding-by-geniksa\\\/\"]}]},{\"@type\":\"ImageObject\",\"inLanguage\":\"en-US\",\"@id\":\"https:\\\/\\\/linen.eu\\\/en\\\/produkt\\\/celeste-buttons-linen-bedding-by-geniksa\\\/#primaryimage\",\"url\":\"https:\\\/\\\/linen.eu\\\/wp-content\\\/uploads\\\/2025\\\/07\\\/Celeste-buttons-17-768x576-1.webp\",\"contentUrl\":\"https:\\\/\\\/linen.eu\\\/wp-content\\\/uploads\\\/2025\\\/07\\\/Celeste-buttons-17-768x576-1.webp\",\"width\":768,\"height\":576,\"caption\":\"Close-up of a light blue Cygna Classic Linen Sheet by Geniksa with brown edge buttons, shown with a matching pillow and bedspread on a white floor.\"},{\"@type\":\"BreadcrumbList\",\"@id\":\"https:\\\/\\\/linen.eu\\\/en\\\/produkt\\\/celeste-buttons-linen-bedding-by-geniksa\\\/#breadcrumb\",\"itemListElement\":[{\"@type\":\"ListItem\",\"position\":1,\"name\":\"Startseite\",\"item\":\"https:\\\/\\\/linen.eu\\\/en\\\/home\\\/\"},{\"@type\":\"ListItem\",\"position\":2,\"name\":\"Shop\",\"item\":\"https:\\\/\\\/linen.eu\\\/en\\\/shop\\\/\"},{\"@type\":\"ListItem\",\"position\":3,\"name\":\"Celeste Buttons Linen Bedding by Geniksa\"}]},{\"@type\":\"WebSite\",\"@id\":\"https:\\\/\\\/linen.eu\\\/en\\\/#website\",\"url\":\"https:\\\/\\\/linen.eu\\\/en\\\/\",\"name\":\"Linen.eu\",\"description\":\"\",\"publisher\":{\"@id\":\"https:\\\/\\\/linen.eu\\\/en\\\/#organization\"},\"potentialAction\":[{\"@type\":\"SearchAction\",\"target\":{\"@type\":\"EntryPoint\",\"urlTemplate\":\"https:\\\/\\\/linen.eu\\\/en\\\/?s={search_term_string}\"},\"query-input\":{\"@type\":\"PropertyValueSpecification\",\"valueRequired\":true,\"valueName\":\"search_term_string\"}}],\"inLanguage\":\"en-US\"},{\"@type\":\"Organization\",\"@id\":\"https:\\\/\\\/linen.eu\\\/en\\\/#organization\",\"name\":\"Linen Lounge\",\"alternateName\":\"linen.eu\",\"url\":\"https:\\\/\\\/linen.eu\\\/en\\\/\",\"logo\":{\"@type\":\"ImageObject\",\"inLanguage\":\"en-US\",\"@id\":\"https:\\\/\\\/linen.eu\\\/en\\\/#\\\/schema\\\/logo\\\/image\\\/\",\"url\":\"https:\\\/\\\/linen.eu\\\/wp-content\\\/uploads\\\/2025\\\/10\\\/LinenLounge-NEU2.webp\",\"contentUrl\":\"https:\\\/\\\/linen.eu\\\/wp-content\\\/uploads\\\/2025\\\/10\\\/LinenLounge-NEU2.webp\",\"width\":1800,\"height\":455,\"caption\":\"Linen Lounge\"},\"image\":{\"@id\":\"https:\\\/\\\/linen.eu\\\/en\\\/#\\\/schema\\\/logo\\\/image\\\/\"},\"sameAs\":[\"https:\\\/\\\/linen.eu\",\"https:\\\/\\\/x.com\\\/linenlounge\",\"https:\\\/\\\/www.instagram.com\\\/linen.lounge?igsh=MW81aGhiY2VxZGRpMw==&utm_source=qr\",\"http:\\\/\\\/www.youtube.com\\\/@Linenlounge\"],\"description\":\"Online Fachhandel f\u00fcr europ\u00e4ische Leinen-Bettw\u00e4sche und Heimtextilien aus traditionellen Webereien wie Leitner Leinen, Schlitzer Leinen, Libeco, Vieb\u00f6ck und Hoffmann.\",\"email\":\"info@linen.eu\",\"telephone\":\"+49 (0) 69 90738860\",\"legalName\":\"Linen UG (haftungsbeschr\u00e4nkt)\",\"foundingDate\":\"2015-04-08\",\"numberOfEmployees\":{\"@type\":\"QuantitativeValue\",\"minValue\":\"1\",\"maxValue\":\"10\"}}]}<\/script>\n<meta property=\"product:brand\" content=\"Geniksa\" \/>\n<meta property=\"og:availability\" content=\"instock\" \/>\n<meta property=\"product:availability\" content=\"instock\" \/>\n<meta property=\"product:retailer_item_id\" content=\"110101212018\" \/>\n<meta property=\"product:condition\" content=\"new\" \/>\n<!-- \/ Yoast SEO Premium plugin. -->","yoast_head_json":{"title":"Celeste Buttons Linen Bedding by Geniksa - Linen.eu","description":"Celeste Buttons linen bed linen from Geniksa \u271a Fresh, clean design \u271a Traditional linen weaving from the Baltic Sea \u27a4 Buy online now","robots":{"index":"index","follow":"follow","max-snippet":"max-snippet:-1","max-image-preview":"max-image-preview:large","max-video-preview":"max-video-preview:-1"},"canonical":"https:\/\/linen.eu\/en\/produkt\/celeste-buttons-linen-bedding-by-geniksa\/","og_locale":"en_US","og_type":"article","og_title":"Celeste Buttons Linen Bedding by Geniksa","og_description":"Celeste Buttons linen bed linen from Geniksa \u271a Fresh, clean design \u271a Traditional linen weaving from the Baltic Sea \u27a4 Buy online now","og_url":"https:\/\/linen.eu\/en\/produkt\/celeste-buttons-linen-bedding-by-geniksa\/","og_site_name":"Linen.eu","article_publisher":"https:\/\/linen.eu","article_modified_time":"2026-04-11T17:08:34+00:00","og_image":[{"width":768,"height":576,"url":"https:\/\/linen.eu\/wp-content\/uploads\/2025\/07\/Celeste-buttons-17-768x576-1.webp","type":"image\/webp"}],"twitter_card":"summary_large_image","twitter_site":"@linenlounge","twitter_misc":{"Availability":"In stock"},"schema":{"@context":"https:\/\/schema.org","@graph":[{"@type":"WebPage","@id":"https:\/\/linen.eu\/en\/produkt\/celeste-buttons-linen-bedding-by-geniksa\/","url":"https:\/\/linen.eu\/en\/produkt\/celeste-buttons-linen-bedding-by-geniksa\/","name":"Celeste Buttons Linen Bedding by Geniksa - Linen.eu","isPartOf":{"@id":"https:\/\/linen.eu\/en\/#website"},"primaryImageOfPage":{"@id":"https:\/\/linen.eu\/en\/produkt\/celeste-buttons-linen-bedding-by-geniksa\/#primaryimage"},"image":{"@id":"https:\/\/linen.eu\/en\/produkt\/celeste-buttons-linen-bedding-by-geniksa\/#primaryimage"},"thumbnailUrl":"https:\/\/linen.eu\/wp-content\/uploads\/2025\/07\/Celeste-buttons-17-768x576-1.webp","datePublished":"2025-07-17T13:09:42+00:00","dateModified":"2026-04-11T17:08:34+00:00","description":"Celeste Buttons linen bed linen from Geniksa \u271a Fresh, clean design \u271a Traditional linen weaving from the Baltic Sea \u27a4 Buy online now","breadcrumb":{"@id":"https:\/\/linen.eu\/en\/produkt\/celeste-buttons-linen-bedding-by-geniksa\/#breadcrumb"},"inLanguage":"en-US","potentialAction":[{"@type":"ReadAction","target":["https:\/\/linen.eu\/en\/produkt\/celeste-buttons-linen-bedding-by-geniksa\/"]}]},{"@type":"ImageObject","inLanguage":"en-US","@id":"https:\/\/linen.eu\/en\/produkt\/celeste-buttons-linen-bedding-by-geniksa\/#primaryimage","url":"https:\/\/linen.eu\/wp-content\/uploads\/2025\/07\/Celeste-buttons-17-768x576-1.webp","contentUrl":"https:\/\/linen.eu\/wp-content\/uploads\/2025\/07\/Celeste-buttons-17-768x576-1.webp","width":768,"height":576,"caption":"Close-up of a light blue Cygna Classic Linen Sheet by Geniksa with brown edge buttons, shown with a matching pillow and bedspread on a white floor."},{"@type":"BreadcrumbList","@id":"https:\/\/linen.eu\/en\/produkt\/celeste-buttons-linen-bedding-by-geniksa\/#breadcrumb","itemListElement":[{"@type":"ListItem","position":1,"name":"Startseite","item":"https:\/\/linen.eu\/en\/home\/"},{"@type":"ListItem","position":2,"name":"Shop","item":"https:\/\/linen.eu\/en\/shop\/"},{"@type":"ListItem","position":3,"name":"Celeste Buttons Linen Bedding by Geniksa"}]},{"@type":"WebSite","@id":"https:\/\/linen.eu\/en\/#website","url":"https:\/\/linen.eu\/en\/","name":"Linen.eu","description":"","publisher":{"@id":"https:\/\/linen.eu\/en\/#organization"},"potentialAction":[{"@type":"SearchAction","target":{"@type":"EntryPoint","urlTemplate":"https:\/\/linen.eu\/en\/?s={search_term_string}"},"query-input":{"@type":"PropertyValueSpecification","valueRequired":true,"valueName":"search_term_string"}}],"inLanguage":"en-US"},{"@type":"Organization","@id":"https:\/\/linen.eu\/en\/#organization","name":"Linen Lounge","alternateName":"linen.eu","url":"https:\/\/linen.eu\/en\/","logo":{"@type":"ImageObject","inLanguage":"en-US","@id":"https:\/\/linen.eu\/en\/#\/schema\/logo\/image\/","url":"https:\/\/linen.eu\/wp-content\/uploads\/2025\/10\/LinenLounge-NEU2.webp","contentUrl":"https:\/\/linen.eu\/wp-content\/uploads\/2025\/10\/LinenLounge-NEU2.webp","width":1800,"height":455,"caption":"Linen Lounge"},"image":{"@id":"https:\/\/linen.eu\/en\/#\/schema\/logo\/image\/"},"sameAs":["https:\/\/linen.eu","https:\/\/x.com\/linenlounge","https:\/\/www.instagram.com\/linen.lounge?igsh=MW81aGhiY2VxZGRpMw==&utm_source=qr","http:\/\/www.youtube.com\/@Linenlounge"],"description":"Online Fachhandel f\u00fcr europ\u00e4ische Leinen-Bettw\u00e4sche und Heimtextilien aus traditionellen Webereien wie Leitner Leinen, Schlitzer Leinen, Libeco, Vieb\u00f6ck und Hoffmann.","email":"info@linen.eu","telephone":"+49 (0) 69 90738860","legalName":"Linen UG (haftungsbeschr\u00e4nkt)","foundingDate":"2015-04-08","numberOfEmployees":{"@type":"QuantitativeValue","minValue":"1","maxValue":"10"}}]},"product_brand":"Geniksa","og_availability":"instock","product_availability":"instock","product_retailer_item_id":"110101212018","product_condition":"new"},"_links":{"self":[{"href":"https:\/\/linen.eu\/en\/wp-json\/wp\/v2\/product\/137588","targetHints":{"allow":["GET"]}}],"collection":[{"href":"https:\/\/linen.eu\/en\/wp-json\/wp\/v2\/product"}],"about":[{"href":"https:\/\/linen.eu\/en\/wp-json\/wp\/v2\/types\/product"}],"replies":[{"embeddable":true,"href":"https:\/\/linen.eu\/en\/wp-json\/wp\/v2\/comments?post=137588"}],"wp:featuredmedia":[{"embeddable":true,"href":"https:\/\/linen.eu\/en\/wp-json\/wp\/v2\/media\/136381"}],"wp:attachment":[{"href":"https:\/\/linen.eu\/en\/wp-json\/wp\/v2\/media?parent=137588"}],"wp:term":[{"taxonomy":"product_brand","embeddable":true,"href":"https:\/\/linen.eu\/en\/wp-json\/wp\/v2\/product_brand?post=137588"},{"taxonomy":"product_cat","embeddable":true,"href":"https:\/\/linen.eu\/en\/wp-json\/wp\/v2\/product_cat?post=137588"},{"taxonomy":"product_tag","embeddable":true,"href":"https:\/\/linen.eu\/en\/wp-json\/wp\/v2\/product_tag?post=137588"}],"curies":[{"name":"wp","href":"https:\/\/api.w.org\/{rel}","templated":true}]}}