{"id":137628,"date":"2025-07-17T15:09:42","date_gmt":"2025-07-17T13:09:42","guid":{"rendered":"https:\/\/linen.eu\/produkt\/caroline-buttons-linen-bedding-by-geniksa\/"},"modified":"2026-03-28T22:08:26","modified_gmt":"2026-03-28T21:08:26","slug":"caroline-buttons-linen-bedding-by-geniksa","status":"publish","type":"product","link":"https:\/\/linen.eu\/en\/produkt\/caroline-buttons-linen-bedding-by-geniksa\/","title":{"rendered":"Caroline Buttons Linen Bedding by Geniksa"},"content":{"rendered":"<h2>&#8220;Caroline Buttons Linen Bedding by Geniksa&#8221;<\/h2>\n<p>Caroline Buttons Linen Bedding by Geniksa. Grey is usually attributed a certain neutrality, yet as part of the Caroline Buttons linen bedding it becomes a bedroom experience. This classically cut bedding always makes a fine impression, even when the bed remains unmade. The handmade closure buttons from coconut shells on the closure sides create a charming contrast. 100 percent finest washed linen.<\/p>\n<h3>European Organic Linen<\/h3>\n<p>Linen bedding lets your skin breathe better. When it comes to our skin, linen is the perfect fabric. Due to its long, smooth fibres, linen absorbs a lot of moisture and repels dirt. Linen is an intelligent fabric because it balances temperatures. Linen provides pleasant coolness in summer and cosy warmth in winter. The long linen fibres ensure that linen bedding stays fresh much longer. The linen fabric has been treated purely mechanically, making it very soft and skin-friendly. Linen treated in this way wrinkles less while preserving the naturalness and all the benefits of linen. Geniksa is deeply committed to organic linen and unconditional sustainability in all manufacturing steps. Geniksa linen bedding is certified according to the Oeko-Tex Standard 100.<\/p>\n<h3>The Weaving Mill<\/h3>\n<p>The simple, almost purist style that Geniksa employs in the production of its linen is owed to a love of nature, as pure linen proves itself through its visual presence and unmistakable texture. All fabrics by Geniksa carry the coveted &#8220;Masters of Linen&#8221; label. This guarantees that the fabrics have been tested to the extremely high standards of this master class and that they are manufactured exclusively in Europe. &#8220;Eco Line&#8221; and &#8220;Oeko-Tex&#8221; provide the assurance that Geniksa fabrics are free from harmful substances and have not been chemically treated, bleached or dyed.<\/p>\n<p>As bed sheets, we recommend the fine linen flat sheets and fitted sheets from Geniksa.<\/p>\n<h3>The Product: Caroline Buttons Linen Bedding by <a href=\"https:\/\/linen.eu\/brand\/geniksa\/\">Geniksa<\/a><\/h3>\n<p>Available as duvet cover, pillowcase, flat sheet and fitted sheet<br \/>\n100% washed linen. 175 g\/m\u00b2, produced CO\u2082 neutral<br \/>\nThread fineness: Nm 26<br \/>\nColour: Light grey with dark wooden buttons<br \/>\nMasters of Linen quality<br \/>\nWe produce the listed sizes within the stated delivery period. Custom sizes can be made on request.<br \/>\nMade exclusively with flax from European cultivation and woven on the Baltic Sea.<\/p>\n<h3>Care Instructions<\/h3>\n<p>Coloured linen can be washed at up to 60\u00b0C, white linen at up to 95\u00b0C. As with all materials, the same applies to linen: washing at lower temperatures makes it last longer. What linen cannot tolerate are detergents with optical brighteners, which strongly bleach the natural colours and make the fabric pale. Wrinkles: Linen needs sufficient residual moisture so it doesn\u2019t wrinkle as much. Don\u2019t overload the machine so the fabric can move freely, and don\u2019t spin linen too hard or too long. If you want to iron linen, iron the pieces on the hot linen setting of your iron while they are still slightly damp.<\/p>\n","protected":false},"excerpt":{"rendered":"<p><strong>Caroline Buttons Linen Bedding by Geniksa<\/strong><br \/>Simple yet distinctive: The <strong>Caroline Buttons bedding<\/strong> by Geniksa in fine light grey impresses with timeless elegance and handmade coconut shell buttons that create a natural contrast. Made from 100% washed European organic linen \u2013 breathable, temperature-regulating and wonderfully soft. Sustainably produced, Oeko-Tex certified, CO\u2082-neutral woven on the Baltic Sea.<\/p>\n","protected":false},"featured_media":146703,"comment_status":"open","ping_status":"closed","template":"","meta":{"_acf_changed":false},"product_brand":[4777,4776],"product_cat":[3728,3785,3786,3787,3788,3789,3790],"product_tag":[3640,3641,3750,3639],"class_list":{"0":"post-137628","1":"product","2":"type-product","3":"status-publish","4":"has-post-thumbnail","6":"product_brand-geniksa-bed-linen","7":"product_brand-geniksa-home-linen","8":"product_cat-bedroom","9":"product_cat-linen-bedding","10":"product_cat-155x220","11":"product_cat-135x200","12":"product_cat-200x200","13":"product_cat-200x220","14":"product_cat-220x240","15":"product_tag-all-year","16":"product_tag-linen","17":"product_tag-gots-certified","18":"product_tag-organic-linen","20":"first","21":"instock","22":"taxable","23":"shipping-taxable","24":"purchasable","25":"product-type-variable"},"acf":[],"yoast_head":"<!-- This site is optimized with the Yoast SEO Premium plugin v27.5 (Yoast SEO v27.5) - https:\/\/yoast.com\/product\/yoast-seo-premium-wordpress\/ -->\n<title>Caroline Buttons Linen Bedding by Geniksa - Linen Lounge<\/title>\n<meta name=\"description\" content=\"Caroline Buttons Linen Bedding by Geniksa \u271a Cool, clear design \u271a Traditional linen weaving from the Baltic Sea\" \/>\n<meta name=\"robots\" content=\"index, follow, max-snippet:-1, max-image-preview:large, max-video-preview:-1\" \/>\n<link rel=\"canonical\" href=\"https:\/\/linen.eu\/en\/produkt\/caroline-buttons-linen-bedding-by-geniksa\/\" \/>\n<meta property=\"og:locale\" content=\"en_US\" \/>\n<meta property=\"og:type\" content=\"article\" \/>\n<meta property=\"og:title\" content=\"Caroline Buttons Linen Bedding by Geniksa\" \/>\n<meta property=\"og:description\" content=\"Caroline Buttons Linen Bedding by Geniksa \u271a Cool, clear design \u271a Traditional linen weaving from the Baltic Sea\" \/>\n<meta property=\"og:url\" content=\"https:\/\/linen.eu\/en\/produkt\/caroline-buttons-linen-bedding-by-geniksa\/\" \/>\n<meta property=\"og:site_name\" content=\"Linen.eu\" \/>\n<meta property=\"article:publisher\" content=\"https:\/\/linen.eu\" \/>\n<meta property=\"article:modified_time\" content=\"2026-03-28T21:08:26+00:00\" \/>\n<meta property=\"og:image\" content=\"https:\/\/linen.eu\/wp-content\/uploads\/2025\/07\/Caroline-buttons-1.jpg\" \/>\n\t<meta property=\"og:image:width\" content=\"1600\" \/>\n\t<meta property=\"og:image:height\" content=\"1200\" \/>\n\t<meta property=\"og:image:type\" content=\"image\/jpeg\" \/>\n<meta name=\"twitter:card\" content=\"summary_large_image\" \/>\n<meta name=\"twitter:site\" content=\"@linenlounge\" \/>\n<meta name=\"twitter:label1\" content=\"Availability\" \/>\n\t<meta name=\"twitter:data1\" content=\"In stock\" \/>\n<script type=\"application\/ld+json\" class=\"yoast-schema-graph\">{\"@context\":\"https:\\\/\\\/schema.org\",\"@graph\":[{\"@type\":\"WebPage\",\"@id\":\"https:\\\/\\\/linen.eu\\\/en\\\/produkt\\\/caroline-buttons-linen-bedding-by-geniksa\\\/\",\"url\":\"https:\\\/\\\/linen.eu\\\/en\\\/produkt\\\/caroline-buttons-linen-bedding-by-geniksa\\\/\",\"name\":\"Caroline Buttons Linen Bedding by Geniksa - Linen Lounge\",\"isPartOf\":{\"@id\":\"https:\\\/\\\/linen.eu\\\/en\\\/#website\"},\"primaryImageOfPage\":{\"@id\":\"https:\\\/\\\/linen.eu\\\/en\\\/produkt\\\/caroline-buttons-linen-bedding-by-geniksa\\\/#primaryimage\"},\"image\":{\"@id\":\"https:\\\/\\\/linen.eu\\\/en\\\/produkt\\\/caroline-buttons-linen-bedding-by-geniksa\\\/#primaryimage\"},\"thumbnailUrl\":\"https:\\\/\\\/linen.eu\\\/wp-content\\\/uploads\\\/2025\\\/07\\\/Caroline-buttons-1.jpg\",\"datePublished\":\"2025-07-17T13:09:42+00:00\",\"dateModified\":\"2026-03-28T21:08:26+00:00\",\"description\":\"Caroline Buttons Linen Bedding by Geniksa \u271a Cool, clear design \u271a Traditional linen weaving from the Baltic Sea\",\"breadcrumb\":{\"@id\":\"https:\\\/\\\/linen.eu\\\/en\\\/produkt\\\/caroline-buttons-linen-bedding-by-geniksa\\\/#breadcrumb\"},\"inLanguage\":\"en-US\",\"potentialAction\":[{\"@type\":\"ReadAction\",\"target\":[\"https:\\\/\\\/linen.eu\\\/en\\\/produkt\\\/caroline-buttons-linen-bedding-by-geniksa\\\/\"]}]},{\"@type\":\"ImageObject\",\"inLanguage\":\"en-US\",\"@id\":\"https:\\\/\\\/linen.eu\\\/en\\\/produkt\\\/caroline-buttons-linen-bedding-by-geniksa\\\/#primaryimage\",\"url\":\"https:\\\/\\\/linen.eu\\\/wp-content\\\/uploads\\\/2025\\\/07\\\/Caroline-buttons-1.jpg\",\"contentUrl\":\"https:\\\/\\\/linen.eu\\\/wp-content\\\/uploads\\\/2025\\\/07\\\/Caroline-buttons-1.jpg\",\"width\":1600,\"height\":1200,\"caption\":\"A neatly made bed with Caroline Buttons Linen Bedding by Geniksa in light grey and two pillows stands against a white wall. To the left is a dark wooden nightstand with a vase of dried branches, to the right a basket and a folded blanket.\"},{\"@type\":\"BreadcrumbList\",\"@id\":\"https:\\\/\\\/linen.eu\\\/en\\\/produkt\\\/caroline-buttons-linen-bedding-by-geniksa\\\/#breadcrumb\",\"itemListElement\":[{\"@type\":\"ListItem\",\"position\":1,\"name\":\"Startseite\",\"item\":\"https:\\\/\\\/linen.eu\\\/en\\\/home\\\/\"},{\"@type\":\"ListItem\",\"position\":2,\"name\":\"Shop\",\"item\":\"https:\\\/\\\/linen.eu\\\/en\\\/shop\\\/\"},{\"@type\":\"ListItem\",\"position\":3,\"name\":\"Caroline Buttons Linen Bedding by Geniksa\"}]},{\"@type\":\"WebSite\",\"@id\":\"https:\\\/\\\/linen.eu\\\/en\\\/#website\",\"url\":\"https:\\\/\\\/linen.eu\\\/en\\\/\",\"name\":\"Linen Lounge\",\"description\":\"\",\"publisher\":{\"@id\":\"https:\\\/\\\/linen.eu\\\/en\\\/#organization\"},\"potentialAction\":[{\"@type\":\"SearchAction\",\"target\":{\"@type\":\"EntryPoint\",\"urlTemplate\":\"https:\\\/\\\/linen.eu\\\/en\\\/?s={search_term_string}\"},\"query-input\":{\"@type\":\"PropertyValueSpecification\",\"valueRequired\":true,\"valueName\":\"search_term_string\"}}],\"inLanguage\":\"en-US\"},{\"@type\":\"Organization\",\"@id\":\"https:\\\/\\\/linen.eu\\\/en\\\/#organization\",\"name\":\"Linen Lounge\",\"alternateName\":\"linen.eu\",\"url\":\"https:\\\/\\\/linen.eu\\\/en\\\/\",\"logo\":{\"@type\":\"ImageObject\",\"inLanguage\":\"en-US\",\"@id\":\"https:\\\/\\\/linen.eu\\\/en\\\/#\\\/schema\\\/logo\\\/image\\\/\",\"url\":\"https:\\\/\\\/linen.eu\\\/wp-content\\\/uploads\\\/2025\\\/10\\\/LinenLounge-NEU2.webp\",\"contentUrl\":\"https:\\\/\\\/linen.eu\\\/wp-content\\\/uploads\\\/2025\\\/10\\\/LinenLounge-NEU2.webp\",\"width\":1800,\"height\":455,\"caption\":\"Linen Lounge\"},\"image\":{\"@id\":\"https:\\\/\\\/linen.eu\\\/en\\\/#\\\/schema\\\/logo\\\/image\\\/\"},\"sameAs\":[\"https:\\\/\\\/linen.eu\",\"https:\\\/\\\/x.com\\\/linenlounge\",\"https:\\\/\\\/www.instagram.com\\\/linen.lounge?igsh=MW81aGhiY2VxZGRpMw==&utm_source=qr\",\"http:\\\/\\\/www.youtube.com\\\/@Linenlounge\"],\"description\":\"Online Fachhandel f\u00fcr europ\u00e4ische Leinen-Bettw\u00e4sche und Heimtextilien aus traditionellen Webereien wie Leitner Leinen, Schlitzer Leinen, Libeco, Vieb\u00f6ck und Hoffmann.\",\"email\":\"info@linen.eu\",\"telephone\":\"+49 (0) 69 90738860\",\"legalName\":\"Linen UG (haftungsbeschr\u00e4nkt)\",\"foundingDate\":\"2015-04-08\",\"numberOfEmployees\":{\"@type\":\"QuantitativeValue\",\"minValue\":\"1\",\"maxValue\":\"10\"}}]}<\/script>\n<meta property=\"product:brand\" content=\"Geniksa Bed Linen\" \/>\n<meta property=\"og:availability\" content=\"instock\" \/>\n<meta property=\"product:availability\" content=\"instock\" \/>\n<meta property=\"product:retailer_item_id\" content=\"110101211913\" \/>\n<meta property=\"product:condition\" content=\"new\" \/>\n<!-- \/ Yoast SEO Premium plugin. -->","yoast_head_json":{"title":"Caroline Buttons Linen Bedding by Geniksa - Linen Lounge","description":"Caroline Buttons Linen Bedding by Geniksa \u271a Cool, clear design \u271a Traditional linen weaving from the Baltic Sea","robots":{"index":"index","follow":"follow","max-snippet":"max-snippet:-1","max-image-preview":"max-image-preview:large","max-video-preview":"max-video-preview:-1"},"canonical":"https:\/\/linen.eu\/en\/produkt\/caroline-buttons-linen-bedding-by-geniksa\/","og_locale":"en_US","og_type":"article","og_title":"Caroline Buttons Linen Bedding by Geniksa","og_description":"Caroline Buttons Linen Bedding by Geniksa \u271a Cool, clear design \u271a Traditional linen weaving from the Baltic Sea","og_url":"https:\/\/linen.eu\/en\/produkt\/caroline-buttons-linen-bedding-by-geniksa\/","og_site_name":"Linen.eu","article_publisher":"https:\/\/linen.eu","article_modified_time":"2026-03-28T21:08:26+00:00","og_image":[{"width":1600,"height":1200,"url":"https:\/\/linen.eu\/wp-content\/uploads\/2025\/07\/Caroline-buttons-1.jpg","type":"image\/jpeg"}],"twitter_card":"summary_large_image","twitter_site":"@linenlounge","twitter_misc":{"Availability":"In stock"},"schema":{"@context":"https:\/\/schema.org","@graph":[{"@type":"WebPage","@id":"https:\/\/linen.eu\/en\/produkt\/caroline-buttons-linen-bedding-by-geniksa\/","url":"https:\/\/linen.eu\/en\/produkt\/caroline-buttons-linen-bedding-by-geniksa\/","name":"Caroline Buttons Linen Bedding by Geniksa - Linen Lounge","isPartOf":{"@id":"https:\/\/linen.eu\/en\/#website"},"primaryImageOfPage":{"@id":"https:\/\/linen.eu\/en\/produkt\/caroline-buttons-linen-bedding-by-geniksa\/#primaryimage"},"image":{"@id":"https:\/\/linen.eu\/en\/produkt\/caroline-buttons-linen-bedding-by-geniksa\/#primaryimage"},"thumbnailUrl":"https:\/\/linen.eu\/wp-content\/uploads\/2025\/07\/Caroline-buttons-1.jpg","datePublished":"2025-07-17T13:09:42+00:00","dateModified":"2026-03-28T21:08:26+00:00","description":"Caroline Buttons Linen Bedding by Geniksa \u271a Cool, clear design \u271a Traditional linen weaving from the Baltic Sea","breadcrumb":{"@id":"https:\/\/linen.eu\/en\/produkt\/caroline-buttons-linen-bedding-by-geniksa\/#breadcrumb"},"inLanguage":"en-US","potentialAction":[{"@type":"ReadAction","target":["https:\/\/linen.eu\/en\/produkt\/caroline-buttons-linen-bedding-by-geniksa\/"]}]},{"@type":"ImageObject","inLanguage":"en-US","@id":"https:\/\/linen.eu\/en\/produkt\/caroline-buttons-linen-bedding-by-geniksa\/#primaryimage","url":"https:\/\/linen.eu\/wp-content\/uploads\/2025\/07\/Caroline-buttons-1.jpg","contentUrl":"https:\/\/linen.eu\/wp-content\/uploads\/2025\/07\/Caroline-buttons-1.jpg","width":1600,"height":1200,"caption":"A neatly made bed with Caroline Buttons Linen Bedding by Geniksa in light grey and two pillows stands against a white wall. To the left is a dark wooden nightstand with a vase of dried branches, to the right a basket and a folded blanket."},{"@type":"BreadcrumbList","@id":"https:\/\/linen.eu\/en\/produkt\/caroline-buttons-linen-bedding-by-geniksa\/#breadcrumb","itemListElement":[{"@type":"ListItem","position":1,"name":"Startseite","item":"https:\/\/linen.eu\/en\/home\/"},{"@type":"ListItem","position":2,"name":"Shop","item":"https:\/\/linen.eu\/en\/shop\/"},{"@type":"ListItem","position":3,"name":"Caroline Buttons Linen Bedding by Geniksa"}]},{"@type":"WebSite","@id":"https:\/\/linen.eu\/en\/#website","url":"https:\/\/linen.eu\/en\/","name":"Linen Lounge","description":"","publisher":{"@id":"https:\/\/linen.eu\/en\/#organization"},"potentialAction":[{"@type":"SearchAction","target":{"@type":"EntryPoint","urlTemplate":"https:\/\/linen.eu\/en\/?s={search_term_string}"},"query-input":{"@type":"PropertyValueSpecification","valueRequired":true,"valueName":"search_term_string"}}],"inLanguage":"en-US"},{"@type":"Organization","@id":"https:\/\/linen.eu\/en\/#organization","name":"Linen Lounge","alternateName":"linen.eu","url":"https:\/\/linen.eu\/en\/","logo":{"@type":"ImageObject","inLanguage":"en-US","@id":"https:\/\/linen.eu\/en\/#\/schema\/logo\/image\/","url":"https:\/\/linen.eu\/wp-content\/uploads\/2025\/10\/LinenLounge-NEU2.webp","contentUrl":"https:\/\/linen.eu\/wp-content\/uploads\/2025\/10\/LinenLounge-NEU2.webp","width":1800,"height":455,"caption":"Linen Lounge"},"image":{"@id":"https:\/\/linen.eu\/en\/#\/schema\/logo\/image\/"},"sameAs":["https:\/\/linen.eu","https:\/\/x.com\/linenlounge","https:\/\/www.instagram.com\/linen.lounge?igsh=MW81aGhiY2VxZGRpMw==&utm_source=qr","http:\/\/www.youtube.com\/@Linenlounge"],"description":"Online Fachhandel f\u00fcr europ\u00e4ische Leinen-Bettw\u00e4sche und Heimtextilien aus traditionellen Webereien wie Leitner Leinen, Schlitzer Leinen, Libeco, Vieb\u00f6ck und Hoffmann.","email":"info@linen.eu","telephone":"+49 (0) 69 90738860","legalName":"Linen UG (haftungsbeschr\u00e4nkt)","foundingDate":"2015-04-08","numberOfEmployees":{"@type":"QuantitativeValue","minValue":"1","maxValue":"10"}}]},"product_brand":"Geniksa Bed Linen","og_availability":"instock","product_availability":"instock","product_retailer_item_id":"110101211913","product_condition":"new"},"_links":{"self":[{"href":"https:\/\/linen.eu\/en\/wp-json\/wp\/v2\/product\/137628","targetHints":{"allow":["GET"]}}],"collection":[{"href":"https:\/\/linen.eu\/en\/wp-json\/wp\/v2\/product"}],"about":[{"href":"https:\/\/linen.eu\/en\/wp-json\/wp\/v2\/types\/product"}],"replies":[{"embeddable":true,"href":"https:\/\/linen.eu\/en\/wp-json\/wp\/v2\/comments?post=137628"}],"wp:featuredmedia":[{"embeddable":true,"href":"https:\/\/linen.eu\/en\/wp-json\/wp\/v2\/media\/146703"}],"wp:attachment":[{"href":"https:\/\/linen.eu\/en\/wp-json\/wp\/v2\/media?parent=137628"}],"wp:term":[{"taxonomy":"product_brand","embeddable":true,"href":"https:\/\/linen.eu\/en\/wp-json\/wp\/v2\/product_brand?post=137628"},{"taxonomy":"product_cat","embeddable":true,"href":"https:\/\/linen.eu\/en\/wp-json\/wp\/v2\/product_cat?post=137628"},{"taxonomy":"product_tag","embeddable":true,"href":"https:\/\/linen.eu\/en\/wp-json\/wp\/v2\/product_tag?post=137628"}],"curies":[{"name":"wp","href":"https:\/\/api.w.org\/{rel}","templated":true}]}}