{"id":138118,"date":"2025-07-17T15:38:09","date_gmt":"2025-07-17T13:38:09","guid":{"rendered":"https:\/\/linen.eu\/produkt\/down-alaska-all-season-duvet-by-hefel-2\/"},"modified":"2026-04-12T00:05:05","modified_gmt":"2026-04-11T22:05:05","slug":"down-alaska-all-season-duvet-by-hefel-2","status":"publish","type":"product","link":"https:\/\/linen.eu\/en\/produkt\/down-alaska-all-season-duvet-by-hefel-2\/","title":{"rendered":"Down Alaska All-Season Duvet by HEFEL"},"content":{"rendered":"<h2>&#8220;Down Alaska All-Season Duvet by HEFEL&#8221;<\/h2>\n<p>The Down Alaska All-Season Duvet by HEFEL impresses with its harmoniously balanced goose down filling. The silver-white duvets offer exceptionally high insulating performance and outstanding heat retention. The new, perfect entry into the world of HEFEL down bedding, with all its unique quality.<\/p>\n<ul>\n<li>New white class 1 goose down and feathers<\/li>\n<li>Cotton cambric with Soft Touch finish<\/li>\n<li>Suitable for dust mite allergy sufferers (NOMITE certified)<\/li>\n<li>Ethical free-range husbandry \u2013 no live plucking (RDS certified)<\/li>\n<li>60\u00b0C washable, tumble dryer suitable<\/li>\n<\/ul>\n<p>The right duvet for all year round. Fill weight 210 grams per square metre. Suitable for dust mite allergy sufferers!<\/p>\n<h3>The Product: Down Alaska All-Season Duvet by <a href=\"https:\/\/linen.eu\/brand\/hefel\/\">HEFEL<\/a><\/h3>\n<p>Filling: new silver-white goose feathers and goose down, class 1, 90% down \/ 10% feathers, CUIN 680<br \/>Fabric: 100% cotton cambric with Soft Touch finish<br \/>Weight: 210 g\/m\u00b2<br \/>Quilting: 6 x 8 box system<br \/>Design: Silver white<br \/>Care: 40\u00b0C washable, tumble dryer suitable<\/p>\n<h3>Tradition and <a href=\"https:\/\/linen.eu\/en\/magazine\/\">expertise make HEFEL the specialist<\/a> for restful sleep<\/h3>\n<p>The tradition of an Austrian family business combined with a passion for revolutionary innovations \u2013 that is what makes HEFEL the leading manufacturer of sustainable bedding. Thanks to their enormous experience, HEFEL knows exactly what matters in a first-class duvet. It starts with selecting premium materials for fabric and filling. Careful processing \u2013 in the right combination of traditional craftsmanship and modern manufacturing techniques \u2013 brings out the full potential of the materials. HEFEL pays special attention to body-contouring quilting patterns \u2013 giving their duvets their sophisticated shape. All these elements are precisely coordinated to ensure an optimal sleeping climate.<\/p>\n<h3>Innovations for the best sleeping comfort<\/h3>\n<p>Through years of dedicated commitment to research and development, HEFEL is today an internationally leading innovator in the bedding sector. The introduction of state-of-the-art functional fibres such as TENCEL\u00ae or SeaCell-Active for bedding has repeatedly earned renowned international awards. The continuous development of innovative manufacturing techniques enables the production of incomparably fine fabrics and the loftiest duvet fillings.<\/p>\n<h3>Quality from Austria<\/h3>\n<p>Today, as always, HEFEL manufactures its bedding 100% in Austria. This is as much a part of the corporate culture as the employment of highly qualified professionals. Many of them are already in their second or third generation at HEFEL. With great experience, care and skill, they craft and inspect each individual HEFEL duvet, piece by piece.<\/p>\n","protected":false},"excerpt":{"rendered":"<ul>\n<li><strong>Alaska All-Season Duvet<\/strong> \u2013 90% white goose down, class 1, 210 g\/m\u00b2, the perfect middle ground for all seasons<\/li>\n<li><strong>680 CUIN Loft Power<\/strong> \u2013 high insulating performance at low weight, the cambric with Soft Touch finish envelops the down<\/li>\n<li><strong>NOMITE + RDS Certified<\/strong> \u2013 allergy-friendly, ethical free-range husbandry, no live plucking guaranteed<\/li>\n<li><strong>6&#215;8 Box System<\/strong> \u2013 the cassette quilting distributes the down evenly across the entire duvet surface<\/li>\n<li><strong>HEFEL Austria<\/strong> \u2013 washable at 40\u00b0C, tumble dryer suitable, four sizes up to 200&#215;200 available<\/li>\n<\/ul>\n","protected":false},"featured_media":51194,"comment_status":"open","ping_status":"closed","template":"","meta":{"_acf_changed":false},"product_brand":[4784,4782,4783],"product_cat":[3728,3748,4009,4010,4032],"product_tag":[3640,3731,4034],"class_list":{"0":"post-138118","1":"product","2":"type-product","3":"status-publish","4":"has-post-thumbnail","6":"product_brand-hefel-all-season-duvet","7":"product_brand-hefel","8":"product_brand-hefel-down-duvet","9":"product_cat-bedroom","10":"product_cat-product","11":"product_cat-duvets","12":"product_cat-all-season-duvet","13":"product_cat-down-duvet","14":"product_tag-all-year","15":"product_tag-natural-fiber","16":"product_tag-down","18":"first","19":"instock","20":"taxable","21":"shipping-taxable","22":"purchasable","23":"product-type-variable"},"acf":[],"yoast_head":"<!-- This site is optimized with the Yoast SEO Premium plugin v27.4 (Yoast SEO v27.4) - https:\/\/yoast.com\/product\/yoast-seo-premium-wordpress\/ -->\n<title>Down Alaska All-Season Duvet by HEFEL - Linen.eu<\/title>\n<meta name=\"description\" content=\"Down Alaska All-Season Duvet by HEFEL \u2713 Dry sleeping climate and healthy recovery \u2713 Quality Made in Austria\" \/>\n<meta name=\"robots\" content=\"index, follow, max-snippet:-1, max-image-preview:large, max-video-preview:-1\" \/>\n<link rel=\"canonical\" href=\"https:\/\/linen.eu\/en\/produkt\/down-alaska-all-season-duvet-by-hefel-2\/\" \/>\n<meta property=\"og:locale\" content=\"en_US\" \/>\n<meta property=\"og:type\" content=\"article\" \/>\n<meta property=\"og:title\" content=\"Down Alaska All-Season Duvet by HEFEL\" \/>\n<meta property=\"og:description\" content=\"Down Alaska All-Season Duvet by HEFEL \u2713 Dry sleeping climate and healthy recovery \u2713 Quality Made in Austria\" \/>\n<meta property=\"og:url\" content=\"https:\/\/linen.eu\/en\/produkt\/down-alaska-all-season-duvet-by-hefel-2\/\" \/>\n<meta property=\"og:site_name\" content=\"Linen.eu\" \/>\n<meta property=\"article:publisher\" content=\"https:\/\/linen.eu\" \/>\n<meta property=\"article:modified_time\" content=\"2026-04-11T22:05:05+00:00\" \/>\n<meta property=\"og:image\" content=\"https:\/\/linen.eu\/wp-content\/uploads\/2025\/10\/HEFEL_Daune_03-1536x1152-1.webp\" \/>\n\t<meta property=\"og:image:width\" content=\"1536\" \/>\n\t<meta property=\"og:image:height\" content=\"1152\" \/>\n\t<meta property=\"og:image:type\" content=\"image\/webp\" \/>\n<meta name=\"twitter:card\" content=\"summary_large_image\" \/>\n<meta name=\"twitter:site\" content=\"@linenlounge\" \/>\n<meta name=\"twitter:label1\" content=\"Availability\" \/>\n\t<meta name=\"twitter:data1\" content=\"In stock\" \/>\n<script type=\"application\/ld+json\" class=\"yoast-schema-graph\">{\"@context\":\"https:\\\/\\\/schema.org\",\"@graph\":[{\"@type\":\"WebPage\",\"@id\":\"https:\\\/\\\/linen.eu\\\/en\\\/produkt\\\/down-alaska-all-season-duvet-by-hefel-2\\\/\",\"url\":\"https:\\\/\\\/linen.eu\\\/en\\\/produkt\\\/down-alaska-all-season-duvet-by-hefel-2\\\/\",\"name\":\"Down Alaska All-Season Duvet by HEFEL - Linen.eu\",\"isPartOf\":{\"@id\":\"https:\\\/\\\/linen.eu\\\/en\\\/#website\"},\"primaryImageOfPage\":{\"@id\":\"https:\\\/\\\/linen.eu\\\/en\\\/produkt\\\/down-alaska-all-season-duvet-by-hefel-2\\\/#primaryimage\"},\"image\":{\"@id\":\"https:\\\/\\\/linen.eu\\\/en\\\/produkt\\\/down-alaska-all-season-duvet-by-hefel-2\\\/#primaryimage\"},\"thumbnailUrl\":\"https:\\\/\\\/linen.eu\\\/wp-content\\\/uploads\\\/2025\\\/10\\\/HEFEL_Daune_03-1536x1152-1.webp\",\"datePublished\":\"2025-07-17T13:38:09+00:00\",\"dateModified\":\"2026-04-11T22:05:05+00:00\",\"description\":\"Down Alaska All-Season Duvet by HEFEL \u2713 Dry sleeping climate and healthy recovery \u2713 Quality Made in Austria\",\"breadcrumb\":{\"@id\":\"https:\\\/\\\/linen.eu\\\/en\\\/produkt\\\/down-alaska-all-season-duvet-by-hefel-2\\\/#breadcrumb\"},\"inLanguage\":\"en-US\",\"potentialAction\":[{\"@type\":\"ReadAction\",\"target\":[\"https:\\\/\\\/linen.eu\\\/en\\\/produkt\\\/down-alaska-all-season-duvet-by-hefel-2\\\/\"]}]},{\"@type\":\"ImageObject\",\"inLanguage\":\"en-US\",\"@id\":\"https:\\\/\\\/linen.eu\\\/en\\\/produkt\\\/down-alaska-all-season-duvet-by-hefel-2\\\/#primaryimage\",\"url\":\"https:\\\/\\\/linen.eu\\\/wp-content\\\/uploads\\\/2025\\\/10\\\/HEFEL_Daune_03-1536x1152-1.webp\",\"contentUrl\":\"https:\\\/\\\/linen.eu\\\/wp-content\\\/uploads\\\/2025\\\/10\\\/HEFEL_Daune_03-1536x1152-1.webp\",\"width\":1536,\"height\":1152,\"caption\":\"A neatly made bed mit einer whiten, quiltedn duvet und f\u00fcnf whiten pillow, von denen zwei rote Etiketten haben. Das Bett steht vor einem dunklen, upholstered headboard mit braunen Wandlampen auf jeder Seite.\"},{\"@type\":\"BreadcrumbList\",\"@id\":\"https:\\\/\\\/linen.eu\\\/en\\\/produkt\\\/down-alaska-all-season-duvet-by-hefel-2\\\/#breadcrumb\",\"itemListElement\":[{\"@type\":\"ListItem\",\"position\":1,\"name\":\"Startseite\",\"item\":\"https:\\\/\\\/linen.eu\\\/en\\\/home\\\/\"},{\"@type\":\"ListItem\",\"position\":2,\"name\":\"Shop\",\"item\":\"https:\\\/\\\/linen.eu\\\/en\\\/shop\\\/\"},{\"@type\":\"ListItem\",\"position\":3,\"name\":\"Down Alaska All-Season Duvet by HEFEL\"}]},{\"@type\":\"WebSite\",\"@id\":\"https:\\\/\\\/linen.eu\\\/en\\\/#website\",\"url\":\"https:\\\/\\\/linen.eu\\\/en\\\/\",\"name\":\"Linen.eu\",\"description\":\"\",\"publisher\":{\"@id\":\"https:\\\/\\\/linen.eu\\\/en\\\/#organization\"},\"potentialAction\":[{\"@type\":\"SearchAction\",\"target\":{\"@type\":\"EntryPoint\",\"urlTemplate\":\"https:\\\/\\\/linen.eu\\\/en\\\/?s={search_term_string}\"},\"query-input\":{\"@type\":\"PropertyValueSpecification\",\"valueRequired\":true,\"valueName\":\"search_term_string\"}}],\"inLanguage\":\"en-US\"},{\"@type\":\"Organization\",\"@id\":\"https:\\\/\\\/linen.eu\\\/en\\\/#organization\",\"name\":\"Linen Lounge\",\"alternateName\":\"linen.eu\",\"url\":\"https:\\\/\\\/linen.eu\\\/en\\\/\",\"logo\":{\"@type\":\"ImageObject\",\"inLanguage\":\"en-US\",\"@id\":\"https:\\\/\\\/linen.eu\\\/en\\\/#\\\/schema\\\/logo\\\/image\\\/\",\"url\":\"https:\\\/\\\/linen.eu\\\/wp-content\\\/uploads\\\/2025\\\/10\\\/LinenLounge-NEU2.webp\",\"contentUrl\":\"https:\\\/\\\/linen.eu\\\/wp-content\\\/uploads\\\/2025\\\/10\\\/LinenLounge-NEU2.webp\",\"width\":1800,\"height\":455,\"caption\":\"Linen Lounge\"},\"image\":{\"@id\":\"https:\\\/\\\/linen.eu\\\/en\\\/#\\\/schema\\\/logo\\\/image\\\/\"},\"sameAs\":[\"https:\\\/\\\/linen.eu\",\"https:\\\/\\\/x.com\\\/linenlounge\",\"https:\\\/\\\/www.instagram.com\\\/linen.lounge?igsh=MW81aGhiY2VxZGRpMw==&utm_source=qr\",\"http:\\\/\\\/www.youtube.com\\\/@Linenlounge\"],\"description\":\"Online Fachhandel f\u00fcr europ\u00e4ische Leinen-Bettw\u00e4sche und Heimtextilien aus traditionellen Webereien wie Leitner Leinen, Schlitzer Leinen, Libeco, Vieb\u00f6ck und Hoffmann.\",\"email\":\"info@linen.eu\",\"telephone\":\"+49 (0) 69 90738860\",\"legalName\":\"Linen UG (haftungsbeschr\u00e4nkt)\",\"foundingDate\":\"2015-04-08\",\"numberOfEmployees\":{\"@type\":\"QuantitativeValue\",\"minValue\":\"1\",\"maxValue\":\"10\"}}]}<\/script>\n<meta property=\"product:brand\" content=\"Hefel All-Season Duvet\" \/>\n<meta property=\"og:availability\" content=\"instock\" \/>\n<meta property=\"product:availability\" content=\"instock\" \/>\n<meta property=\"product:retailer_item_id\" content=\"114313452810\" \/>\n<meta property=\"product:condition\" content=\"new\" \/>\n<!-- \/ Yoast SEO Premium plugin. -->","yoast_head_json":{"title":"Down Alaska All-Season Duvet by HEFEL - Linen.eu","description":"Down Alaska All-Season Duvet by HEFEL \u2713 Dry sleeping climate and healthy recovery \u2713 Quality Made in Austria","robots":{"index":"index","follow":"follow","max-snippet":"max-snippet:-1","max-image-preview":"max-image-preview:large","max-video-preview":"max-video-preview:-1"},"canonical":"https:\/\/linen.eu\/en\/produkt\/down-alaska-all-season-duvet-by-hefel-2\/","og_locale":"en_US","og_type":"article","og_title":"Down Alaska All-Season Duvet by HEFEL","og_description":"Down Alaska All-Season Duvet by HEFEL \u2713 Dry sleeping climate and healthy recovery \u2713 Quality Made in Austria","og_url":"https:\/\/linen.eu\/en\/produkt\/down-alaska-all-season-duvet-by-hefel-2\/","og_site_name":"Linen.eu","article_publisher":"https:\/\/linen.eu","article_modified_time":"2026-04-11T22:05:05+00:00","og_image":[{"width":1536,"height":1152,"url":"https:\/\/linen.eu\/wp-content\/uploads\/2025\/10\/HEFEL_Daune_03-1536x1152-1.webp","type":"image\/webp"}],"twitter_card":"summary_large_image","twitter_site":"@linenlounge","twitter_misc":{"Availability":"In stock"},"schema":{"@context":"https:\/\/schema.org","@graph":[{"@type":"WebPage","@id":"https:\/\/linen.eu\/en\/produkt\/down-alaska-all-season-duvet-by-hefel-2\/","url":"https:\/\/linen.eu\/en\/produkt\/down-alaska-all-season-duvet-by-hefel-2\/","name":"Down Alaska All-Season Duvet by HEFEL - Linen.eu","isPartOf":{"@id":"https:\/\/linen.eu\/en\/#website"},"primaryImageOfPage":{"@id":"https:\/\/linen.eu\/en\/produkt\/down-alaska-all-season-duvet-by-hefel-2\/#primaryimage"},"image":{"@id":"https:\/\/linen.eu\/en\/produkt\/down-alaska-all-season-duvet-by-hefel-2\/#primaryimage"},"thumbnailUrl":"https:\/\/linen.eu\/wp-content\/uploads\/2025\/10\/HEFEL_Daune_03-1536x1152-1.webp","datePublished":"2025-07-17T13:38:09+00:00","dateModified":"2026-04-11T22:05:05+00:00","description":"Down Alaska All-Season Duvet by HEFEL \u2713 Dry sleeping climate and healthy recovery \u2713 Quality Made in Austria","breadcrumb":{"@id":"https:\/\/linen.eu\/en\/produkt\/down-alaska-all-season-duvet-by-hefel-2\/#breadcrumb"},"inLanguage":"en-US","potentialAction":[{"@type":"ReadAction","target":["https:\/\/linen.eu\/en\/produkt\/down-alaska-all-season-duvet-by-hefel-2\/"]}]},{"@type":"ImageObject","inLanguage":"en-US","@id":"https:\/\/linen.eu\/en\/produkt\/down-alaska-all-season-duvet-by-hefel-2\/#primaryimage","url":"https:\/\/linen.eu\/wp-content\/uploads\/2025\/10\/HEFEL_Daune_03-1536x1152-1.webp","contentUrl":"https:\/\/linen.eu\/wp-content\/uploads\/2025\/10\/HEFEL_Daune_03-1536x1152-1.webp","width":1536,"height":1152,"caption":"A neatly made bed mit einer whiten, quiltedn duvet und f\u00fcnf whiten pillow, von denen zwei rote Etiketten haben. Das Bett steht vor einem dunklen, upholstered headboard mit braunen Wandlampen auf jeder Seite."},{"@type":"BreadcrumbList","@id":"https:\/\/linen.eu\/en\/produkt\/down-alaska-all-season-duvet-by-hefel-2\/#breadcrumb","itemListElement":[{"@type":"ListItem","position":1,"name":"Startseite","item":"https:\/\/linen.eu\/en\/home\/"},{"@type":"ListItem","position":2,"name":"Shop","item":"https:\/\/linen.eu\/en\/shop\/"},{"@type":"ListItem","position":3,"name":"Down Alaska All-Season Duvet by HEFEL"}]},{"@type":"WebSite","@id":"https:\/\/linen.eu\/en\/#website","url":"https:\/\/linen.eu\/en\/","name":"Linen.eu","description":"","publisher":{"@id":"https:\/\/linen.eu\/en\/#organization"},"potentialAction":[{"@type":"SearchAction","target":{"@type":"EntryPoint","urlTemplate":"https:\/\/linen.eu\/en\/?s={search_term_string}"},"query-input":{"@type":"PropertyValueSpecification","valueRequired":true,"valueName":"search_term_string"}}],"inLanguage":"en-US"},{"@type":"Organization","@id":"https:\/\/linen.eu\/en\/#organization","name":"Linen Lounge","alternateName":"linen.eu","url":"https:\/\/linen.eu\/en\/","logo":{"@type":"ImageObject","inLanguage":"en-US","@id":"https:\/\/linen.eu\/en\/#\/schema\/logo\/image\/","url":"https:\/\/linen.eu\/wp-content\/uploads\/2025\/10\/LinenLounge-NEU2.webp","contentUrl":"https:\/\/linen.eu\/wp-content\/uploads\/2025\/10\/LinenLounge-NEU2.webp","width":1800,"height":455,"caption":"Linen Lounge"},"image":{"@id":"https:\/\/linen.eu\/en\/#\/schema\/logo\/image\/"},"sameAs":["https:\/\/linen.eu","https:\/\/x.com\/linenlounge","https:\/\/www.instagram.com\/linen.lounge?igsh=MW81aGhiY2VxZGRpMw==&utm_source=qr","http:\/\/www.youtube.com\/@Linenlounge"],"description":"Online Fachhandel f\u00fcr europ\u00e4ische Leinen-Bettw\u00e4sche und Heimtextilien aus traditionellen Webereien wie Leitner Leinen, Schlitzer Leinen, Libeco, Vieb\u00f6ck und Hoffmann.","email":"info@linen.eu","telephone":"+49 (0) 69 90738860","legalName":"Linen UG (haftungsbeschr\u00e4nkt)","foundingDate":"2015-04-08","numberOfEmployees":{"@type":"QuantitativeValue","minValue":"1","maxValue":"10"}}]},"product_brand":"Hefel All-Season Duvet","og_availability":"instock","product_availability":"instock","product_retailer_item_id":"114313452810","product_condition":"new"},"_links":{"self":[{"href":"https:\/\/linen.eu\/en\/wp-json\/wp\/v2\/product\/138118","targetHints":{"allow":["GET"]}}],"collection":[{"href":"https:\/\/linen.eu\/en\/wp-json\/wp\/v2\/product"}],"about":[{"href":"https:\/\/linen.eu\/en\/wp-json\/wp\/v2\/types\/product"}],"replies":[{"embeddable":true,"href":"https:\/\/linen.eu\/en\/wp-json\/wp\/v2\/comments?post=138118"}],"wp:featuredmedia":[{"embeddable":true,"href":"https:\/\/linen.eu\/en\/wp-json\/wp\/v2\/media\/51194"}],"wp:attachment":[{"href":"https:\/\/linen.eu\/en\/wp-json\/wp\/v2\/media?parent=138118"}],"wp:term":[{"taxonomy":"product_brand","embeddable":true,"href":"https:\/\/linen.eu\/en\/wp-json\/wp\/v2\/product_brand?post=138118"},{"taxonomy":"product_cat","embeddable":true,"href":"https:\/\/linen.eu\/en\/wp-json\/wp\/v2\/product_cat?post=138118"},{"taxonomy":"product_tag","embeddable":true,"href":"https:\/\/linen.eu\/en\/wp-json\/wp\/v2\/product_tag?post=138118"}],"curies":[{"name":"wp","href":"https:\/\/api.w.org\/{rel}","templated":true}]}}