{"id":138119,"date":"2025-07-17T15:37:42","date_gmt":"2025-07-17T13:37:42","guid":{"rendered":"https:\/\/linen.eu\/produkt\/down-outlast-proactive-nexgen-by-hefel\/"},"modified":"2026-04-12T00:05:08","modified_gmt":"2026-04-11T22:05:08","slug":"down-outlast-proactive-nexgen-by-hefel","status":"publish","type":"product","link":"https:\/\/linen.eu\/en\/produkt\/down-outlast-proactive-nexgen-by-hefel\/","title":{"rendered":"Down Outlast Proactive NexGen by HEFEL"},"content":{"rendered":"<h2>&#8220;Down Outlast Proactive NexGen by HEFEL&#8221;<\/h2>\n<p>Down Outlast Proactive NexGen by HEFEL. Outlast\u00ae Proactive NexGen applies the innovative Outlast Xelerate technology as a delicate grid pattern directly onto HEFEL&#8217;s proprietary down fine cambric. Up to 30% higher thermal conductivity ensures less sweating and even more efficient temperature and moisture management. The Outlast\u00ae technology was originally developed for NASA and regulates the temperature and moisture balance. The new Heatspreader technology helps to transport and distribute heat away from the body.<\/p>\n<h3>The Xelerate Principle<\/h3>\n<p>The special natural wax equipped with the so-called Heatspreader reacts not only at the direct contact points but also in the surrounding areas. This means the heat-absorbing active surface is larger and the Xelerate material is up to 30% more effective. An innovative grid structure additionally distributes heat very quickly and efficiently, so that sweat production can be significantly reduced.<\/p>\n<p>The right duvet for all year round. Fill weight 185 grams per square metre. Suitable for dust mite allergy sufferers!<\/p>\n<h3>The Product: Down Outlast Proactive NexGen by <a href=\"https:\/\/linen.eu\/brand\/hefel\/\">HEFEL<\/a><\/h3>\n<ul>\n<li>Filling: 100% new pure white goose down, class 1<\/li>\n<li>Fabric upper side: 100% down fine cambric with Anti-Aging finish<\/li>\n<li>Fabric lower side: 100% down fine cambric with Outlast\u00ae Heatspreader technology<\/li>\n<li>Up to 30% higher thermal conductivity<\/li>\n<li>Sweating is further reduced or even prevented<\/li>\n<li>Efficient temperature and moisture management<\/li>\n<li>40\u00b0C washable, tumble dryer suitable<\/li>\n<\/ul>\n<h3>Tradition and <a href=\"https:\/\/linen.eu\/en\/magazine\/\">expertise make HEFEL the specialist<\/a> for restful sleep<\/h3>\n<p>The tradition of an Austrian family business combined with a passion for revolutionary innovations \u2013 that is what makes HEFEL the leading manufacturer of sustainable bedding. Thanks to their enormous experience, HEFEL knows exactly what matters in a first-class duvet. It starts with selecting premium materials for fabric and filling. Careful processing \u2013 in the right combination of traditional craftsmanship and modern manufacturing techniques \u2013 brings out the full potential of the materials. HEFEL pays special attention to body-contouring quilting patterns \u2013 giving their duvets their sophisticated shape. All these elements are precisely coordinated to ensure an optimal sleeping climate.<\/p>\n<h3>Innovations for the best sleeping comfort<\/h3>\n<p>Through years of dedicated commitment to research and development, HEFEL is today an internationally leading innovator in the bedding sector. The introduction of state-of-the-art functional fibres such as TENCEL\u00ae or SeaCell-Active for bedding has repeatedly earned renowned international awards. The continuous development of innovative manufacturing techniques enables the production of incomparably fine fabrics and the loftiest duvet fillings.<\/p>\n<h3>Quality from Austria<\/h3>\n<p>Today, as always, HEFEL manufactures its bedding 100% in Austria. This is as much a part of the corporate culture as the employment of highly qualified professionals. Many of them are already in their second or third generation at HEFEL. With great experience, care and skill, they craft and inspect each individual HEFEL duvet, piece by piece.<\/p>\n","protected":false},"excerpt":{"rendered":"<ul>\n<li><strong>NASA Technology in Bed<\/strong> \u2013 Outlast\u00ae Heatspreader was developed for space travel and actively regulates temperature<\/li>\n<li><strong>100% White Goose Down<\/strong> \u2013 combined with Outlast\u00ae for 30% higher thermal conductivity, less sweating<\/li>\n<li><strong>Down Fine Cambric, Anti-Aging<\/strong> \u2013 HEFEL&#8217;s proprietary cambric with Xelerate technology as a delicate grid pattern<\/li>\n<li><strong>NOMITE Certified<\/strong> \u2013 suitable for dust mite allergy sufferers, washable and tumble dryer suitable<\/li>\n<li><strong>HEFEL Austria, Innovation<\/strong> \u2013 internationally award-winning innovator in the bedding sector, manufactured in Austria<\/li>\n<\/ul>\n","protected":false},"featured_media":51197,"comment_status":"open","ping_status":"closed","template":"","meta":{"_acf_changed":false},"product_brand":[4782,4783],"product_cat":[3728,3748,4009,4010,4032],"product_tag":[3731,4033,4034,3640],"class_list":{"0":"post-138119","1":"product","2":"type-product","3":"status-publish","4":"has-post-thumbnail","6":"product_brand-hefel","7":"product_brand-hefel-down-duvet","8":"product_cat-bedroom","9":"product_cat-product","10":"product_cat-duvets","11":"product_cat-all-season-duvet","12":"product_cat-down-duvet","13":"product_tag-natural-fiber","14":"product_tag-white","15":"product_tag-down","16":"product_tag-all-year","18":"first","19":"instock","20":"taxable","21":"shipping-taxable","22":"purchasable","23":"product-type-variable"},"acf":[],"yoast_head":"<!-- This site is optimized with the Yoast SEO Premium plugin v27.4 (Yoast SEO v27.4) - https:\/\/yoast.com\/product\/yoast-seo-premium-wordpress\/ -->\n<title>Down Outlast Proactive NexGen by HEFEL - Linen.eu<\/title>\n<meta name=\"description\" content=\"Down Outlast Proactive NexGen by HEFEL \u2713 Dry sleeping climate and healthy recovery \u2713 Quality Made in Austria\" \/>\n<meta name=\"robots\" content=\"index, follow, max-snippet:-1, max-image-preview:large, max-video-preview:-1\" \/>\n<link rel=\"canonical\" href=\"https:\/\/linen.eu\/en\/produkt\/down-outlast-proactive-nexgen-by-hefel\/\" \/>\n<meta property=\"og:locale\" content=\"en_US\" \/>\n<meta property=\"og:type\" content=\"article\" \/>\n<meta property=\"og:title\" content=\"Down Outlast Proactive NexGen by HEFEL\" \/>\n<meta property=\"og:description\" content=\"Down Outlast Proactive NexGen by HEFEL \u2713 Dry sleeping climate and healthy recovery \u2713 Quality Made in Austria\" \/>\n<meta property=\"og:url\" content=\"https:\/\/linen.eu\/en\/produkt\/down-outlast-proactive-nexgen-by-hefel\/\" \/>\n<meta property=\"og:site_name\" content=\"Linen.eu\" \/>\n<meta property=\"article:publisher\" content=\"https:\/\/linen.eu\" \/>\n<meta property=\"article:modified_time\" content=\"2026-04-11T22:05:08+00:00\" \/>\n<meta property=\"og:image\" content=\"https:\/\/linen.eu\/wp-content\/uploads\/2025\/10\/HEFEL_Daune_OutlastDown_Image-1536x1152-1.webp\" \/>\n\t<meta property=\"og:image:width\" content=\"1536\" \/>\n\t<meta property=\"og:image:height\" content=\"1152\" \/>\n\t<meta property=\"og:image:type\" content=\"image\/webp\" \/>\n<meta name=\"twitter:card\" content=\"summary_large_image\" \/>\n<meta name=\"twitter:site\" content=\"@linenlounge\" \/>\n<meta name=\"twitter:label1\" content=\"Availability\" \/>\n\t<meta name=\"twitter:data1\" content=\"In stock\" \/>\n<script type=\"application\/ld+json\" class=\"yoast-schema-graph\">{\"@context\":\"https:\\\/\\\/schema.org\",\"@graph\":[{\"@type\":\"WebPage\",\"@id\":\"https:\\\/\\\/linen.eu\\\/en\\\/produkt\\\/down-outlast-proactive-nexgen-by-hefel\\\/\",\"url\":\"https:\\\/\\\/linen.eu\\\/en\\\/produkt\\\/down-outlast-proactive-nexgen-by-hefel\\\/\",\"name\":\"Down Outlast Proactive NexGen by HEFEL - Linen.eu\",\"isPartOf\":{\"@id\":\"https:\\\/\\\/linen.eu\\\/en\\\/#website\"},\"primaryImageOfPage\":{\"@id\":\"https:\\\/\\\/linen.eu\\\/en\\\/produkt\\\/down-outlast-proactive-nexgen-by-hefel\\\/#primaryimage\"},\"image\":{\"@id\":\"https:\\\/\\\/linen.eu\\\/en\\\/produkt\\\/down-outlast-proactive-nexgen-by-hefel\\\/#primaryimage\"},\"thumbnailUrl\":\"https:\\\/\\\/linen.eu\\\/wp-content\\\/uploads\\\/2025\\\/10\\\/HEFEL_Daune_OutlastDown_Image-1536x1152-1.webp\",\"datePublished\":\"2025-07-17T13:37:42+00:00\",\"dateModified\":\"2026-04-11T22:05:08+00:00\",\"description\":\"Down Outlast Proactive NexGen by HEFEL \u2713 Dry sleeping climate and healthy recovery \u2713 Quality Made in Austria\",\"breadcrumb\":{\"@id\":\"https:\\\/\\\/linen.eu\\\/en\\\/produkt\\\/down-outlast-proactive-nexgen-by-hefel\\\/#breadcrumb\"},\"inLanguage\":\"en-US\",\"potentialAction\":[{\"@type\":\"ReadAction\",\"target\":[\"https:\\\/\\\/linen.eu\\\/en\\\/produkt\\\/down-outlast-proactive-nexgen-by-hefel\\\/\"]}]},{\"@type\":\"ImageObject\",\"inLanguage\":\"en-US\",\"@id\":\"https:\\\/\\\/linen.eu\\\/en\\\/produkt\\\/down-outlast-proactive-nexgen-by-hefel\\\/#primaryimage\",\"url\":\"https:\\\/\\\/linen.eu\\\/wp-content\\\/uploads\\\/2025\\\/10\\\/HEFEL_Daune_OutlastDown_Image-1536x1152-1.webp\",\"contentUrl\":\"https:\\\/\\\/linen.eu\\\/wp-content\\\/uploads\\\/2025\\\/10\\\/HEFEL_Daune_OutlastDown_Image-1536x1152-1.webp\",\"width\":1536,\"height\":1152,\"caption\":\"A woman lies on her side under a white duvet, resting her head on a pillow. Blue and red arrows are overlaid showing airflow or temperature regulation under the duvet.\"},{\"@type\":\"BreadcrumbList\",\"@id\":\"https:\\\/\\\/linen.eu\\\/en\\\/produkt\\\/down-outlast-proactive-nexgen-by-hefel\\\/#breadcrumb\",\"itemListElement\":[{\"@type\":\"ListItem\",\"position\":1,\"name\":\"Startseite\",\"item\":\"https:\\\/\\\/linen.eu\\\/en\\\/home\\\/\"},{\"@type\":\"ListItem\",\"position\":2,\"name\":\"Shop\",\"item\":\"https:\\\/\\\/linen.eu\\\/en\\\/shop\\\/\"},{\"@type\":\"ListItem\",\"position\":3,\"name\":\"Down Outlast Proactive NexGen by HEFEL\"}]},{\"@type\":\"WebSite\",\"@id\":\"https:\\\/\\\/linen.eu\\\/en\\\/#website\",\"url\":\"https:\\\/\\\/linen.eu\\\/en\\\/\",\"name\":\"Linen.eu\",\"description\":\"\",\"publisher\":{\"@id\":\"https:\\\/\\\/linen.eu\\\/en\\\/#organization\"},\"potentialAction\":[{\"@type\":\"SearchAction\",\"target\":{\"@type\":\"EntryPoint\",\"urlTemplate\":\"https:\\\/\\\/linen.eu\\\/en\\\/?s={search_term_string}\"},\"query-input\":{\"@type\":\"PropertyValueSpecification\",\"valueRequired\":true,\"valueName\":\"search_term_string\"}}],\"inLanguage\":\"en-US\"},{\"@type\":\"Organization\",\"@id\":\"https:\\\/\\\/linen.eu\\\/en\\\/#organization\",\"name\":\"Linen Lounge\",\"alternateName\":\"linen.eu\",\"url\":\"https:\\\/\\\/linen.eu\\\/en\\\/\",\"logo\":{\"@type\":\"ImageObject\",\"inLanguage\":\"en-US\",\"@id\":\"https:\\\/\\\/linen.eu\\\/en\\\/#\\\/schema\\\/logo\\\/image\\\/\",\"url\":\"https:\\\/\\\/linen.eu\\\/wp-content\\\/uploads\\\/2025\\\/10\\\/LinenLounge-NEU2.webp\",\"contentUrl\":\"https:\\\/\\\/linen.eu\\\/wp-content\\\/uploads\\\/2025\\\/10\\\/LinenLounge-NEU2.webp\",\"width\":1800,\"height\":455,\"caption\":\"Linen Lounge\"},\"image\":{\"@id\":\"https:\\\/\\\/linen.eu\\\/en\\\/#\\\/schema\\\/logo\\\/image\\\/\"},\"sameAs\":[\"https:\\\/\\\/linen.eu\",\"https:\\\/\\\/x.com\\\/linenlounge\",\"https:\\\/\\\/www.instagram.com\\\/linen.lounge?igsh=MW81aGhiY2VxZGRpMw==&utm_source=qr\",\"http:\\\/\\\/www.youtube.com\\\/@Linenlounge\"],\"description\":\"Online Fachhandel f\u00fcr europ\u00e4ische Leinen-Bettw\u00e4sche und Heimtextilien aus traditionellen Webereien wie Leitner Leinen, Schlitzer Leinen, Libeco, Vieb\u00f6ck und Hoffmann.\",\"email\":\"info@linen.eu\",\"telephone\":\"+49 (0) 69 90738860\",\"legalName\":\"Linen UG (haftungsbeschr\u00e4nkt)\",\"foundingDate\":\"2015-04-08\",\"numberOfEmployees\":{\"@type\":\"QuantitativeValue\",\"minValue\":\"1\",\"maxValue\":\"10\"}}]}<\/script>\n<meta property=\"product:brand\" content=\"HEFEL\" \/>\n<meta property=\"og:availability\" content=\"instock\" \/>\n<meta property=\"product:availability\" content=\"instock\" \/>\n<meta property=\"product:retailer_item_id\" content=\"114313452710\" \/>\n<meta property=\"product:condition\" content=\"new\" \/>\n<!-- \/ Yoast SEO Premium plugin. -->","yoast_head_json":{"title":"Down Outlast Proactive NexGen by HEFEL - Linen.eu","description":"Down Outlast Proactive NexGen by HEFEL \u2713 Dry sleeping climate and healthy recovery \u2713 Quality Made in Austria","robots":{"index":"index","follow":"follow","max-snippet":"max-snippet:-1","max-image-preview":"max-image-preview:large","max-video-preview":"max-video-preview:-1"},"canonical":"https:\/\/linen.eu\/en\/produkt\/down-outlast-proactive-nexgen-by-hefel\/","og_locale":"en_US","og_type":"article","og_title":"Down Outlast Proactive NexGen by HEFEL","og_description":"Down Outlast Proactive NexGen by HEFEL \u2713 Dry sleeping climate and healthy recovery \u2713 Quality Made in Austria","og_url":"https:\/\/linen.eu\/en\/produkt\/down-outlast-proactive-nexgen-by-hefel\/","og_site_name":"Linen.eu","article_publisher":"https:\/\/linen.eu","article_modified_time":"2026-04-11T22:05:08+00:00","og_image":[{"width":1536,"height":1152,"url":"https:\/\/linen.eu\/wp-content\/uploads\/2025\/10\/HEFEL_Daune_OutlastDown_Image-1536x1152-1.webp","type":"image\/webp"}],"twitter_card":"summary_large_image","twitter_site":"@linenlounge","twitter_misc":{"Availability":"In stock"},"schema":{"@context":"https:\/\/schema.org","@graph":[{"@type":"WebPage","@id":"https:\/\/linen.eu\/en\/produkt\/down-outlast-proactive-nexgen-by-hefel\/","url":"https:\/\/linen.eu\/en\/produkt\/down-outlast-proactive-nexgen-by-hefel\/","name":"Down Outlast Proactive NexGen by HEFEL - Linen.eu","isPartOf":{"@id":"https:\/\/linen.eu\/en\/#website"},"primaryImageOfPage":{"@id":"https:\/\/linen.eu\/en\/produkt\/down-outlast-proactive-nexgen-by-hefel\/#primaryimage"},"image":{"@id":"https:\/\/linen.eu\/en\/produkt\/down-outlast-proactive-nexgen-by-hefel\/#primaryimage"},"thumbnailUrl":"https:\/\/linen.eu\/wp-content\/uploads\/2025\/10\/HEFEL_Daune_OutlastDown_Image-1536x1152-1.webp","datePublished":"2025-07-17T13:37:42+00:00","dateModified":"2026-04-11T22:05:08+00:00","description":"Down Outlast Proactive NexGen by HEFEL \u2713 Dry sleeping climate and healthy recovery \u2713 Quality Made in Austria","breadcrumb":{"@id":"https:\/\/linen.eu\/en\/produkt\/down-outlast-proactive-nexgen-by-hefel\/#breadcrumb"},"inLanguage":"en-US","potentialAction":[{"@type":"ReadAction","target":["https:\/\/linen.eu\/en\/produkt\/down-outlast-proactive-nexgen-by-hefel\/"]}]},{"@type":"ImageObject","inLanguage":"en-US","@id":"https:\/\/linen.eu\/en\/produkt\/down-outlast-proactive-nexgen-by-hefel\/#primaryimage","url":"https:\/\/linen.eu\/wp-content\/uploads\/2025\/10\/HEFEL_Daune_OutlastDown_Image-1536x1152-1.webp","contentUrl":"https:\/\/linen.eu\/wp-content\/uploads\/2025\/10\/HEFEL_Daune_OutlastDown_Image-1536x1152-1.webp","width":1536,"height":1152,"caption":"A woman lies on her side under a white duvet, resting her head on a pillow. Blue and red arrows are overlaid showing airflow or temperature regulation under the duvet."},{"@type":"BreadcrumbList","@id":"https:\/\/linen.eu\/en\/produkt\/down-outlast-proactive-nexgen-by-hefel\/#breadcrumb","itemListElement":[{"@type":"ListItem","position":1,"name":"Startseite","item":"https:\/\/linen.eu\/en\/home\/"},{"@type":"ListItem","position":2,"name":"Shop","item":"https:\/\/linen.eu\/en\/shop\/"},{"@type":"ListItem","position":3,"name":"Down Outlast Proactive NexGen by HEFEL"}]},{"@type":"WebSite","@id":"https:\/\/linen.eu\/en\/#website","url":"https:\/\/linen.eu\/en\/","name":"Linen.eu","description":"","publisher":{"@id":"https:\/\/linen.eu\/en\/#organization"},"potentialAction":[{"@type":"SearchAction","target":{"@type":"EntryPoint","urlTemplate":"https:\/\/linen.eu\/en\/?s={search_term_string}"},"query-input":{"@type":"PropertyValueSpecification","valueRequired":true,"valueName":"search_term_string"}}],"inLanguage":"en-US"},{"@type":"Organization","@id":"https:\/\/linen.eu\/en\/#organization","name":"Linen Lounge","alternateName":"linen.eu","url":"https:\/\/linen.eu\/en\/","logo":{"@type":"ImageObject","inLanguage":"en-US","@id":"https:\/\/linen.eu\/en\/#\/schema\/logo\/image\/","url":"https:\/\/linen.eu\/wp-content\/uploads\/2025\/10\/LinenLounge-NEU2.webp","contentUrl":"https:\/\/linen.eu\/wp-content\/uploads\/2025\/10\/LinenLounge-NEU2.webp","width":1800,"height":455,"caption":"Linen Lounge"},"image":{"@id":"https:\/\/linen.eu\/en\/#\/schema\/logo\/image\/"},"sameAs":["https:\/\/linen.eu","https:\/\/x.com\/linenlounge","https:\/\/www.instagram.com\/linen.lounge?igsh=MW81aGhiY2VxZGRpMw==&utm_source=qr","http:\/\/www.youtube.com\/@Linenlounge"],"description":"Online Fachhandel f\u00fcr europ\u00e4ische Leinen-Bettw\u00e4sche und Heimtextilien aus traditionellen Webereien wie Leitner Leinen, Schlitzer Leinen, Libeco, Vieb\u00f6ck und Hoffmann.","email":"info@linen.eu","telephone":"+49 (0) 69 90738860","legalName":"Linen UG (haftungsbeschr\u00e4nkt)","foundingDate":"2015-04-08","numberOfEmployees":{"@type":"QuantitativeValue","minValue":"1","maxValue":"10"}}]},"product_brand":"HEFEL","og_availability":"instock","product_availability":"instock","product_retailer_item_id":"114313452710","product_condition":"new"},"_links":{"self":[{"href":"https:\/\/linen.eu\/en\/wp-json\/wp\/v2\/product\/138119","targetHints":{"allow":["GET"]}}],"collection":[{"href":"https:\/\/linen.eu\/en\/wp-json\/wp\/v2\/product"}],"about":[{"href":"https:\/\/linen.eu\/en\/wp-json\/wp\/v2\/types\/product"}],"replies":[{"embeddable":true,"href":"https:\/\/linen.eu\/en\/wp-json\/wp\/v2\/comments?post=138119"}],"wp:featuredmedia":[{"embeddable":true,"href":"https:\/\/linen.eu\/en\/wp-json\/wp\/v2\/media\/51197"}],"wp:attachment":[{"href":"https:\/\/linen.eu\/en\/wp-json\/wp\/v2\/media?parent=138119"}],"wp:term":[{"taxonomy":"product_brand","embeddable":true,"href":"https:\/\/linen.eu\/en\/wp-json\/wp\/v2\/product_brand?post=138119"},{"taxonomy":"product_cat","embeddable":true,"href":"https:\/\/linen.eu\/en\/wp-json\/wp\/v2\/product_cat?post=138119"},{"taxonomy":"product_tag","embeddable":true,"href":"https:\/\/linen.eu\/en\/wp-json\/wp\/v2\/product_tag?post=138119"}],"curies":[{"name":"wp","href":"https:\/\/api.w.org\/{rel}","templated":true}]}}